{"id":94635,"date":"2023-11-16T21:39:03","date_gmt":"2023-11-16T20:39:48","guid":{"rendered":"https:\/\/www.rubengalarreta.com\/?post_type=product&#038;p=94635"},"modified":"2025-08-21T05:24:29","modified_gmt":"2025-08-21T03:24:29","slug":"croptop-de-rejilla","status":"publish","type":"product","link":"https:\/\/www.rubengalarreta.com\/es\/product\/man-es\/berlin-es\/croptop-de-rejilla\/","title":{"rendered":"CROPTOP DE REJILLA"},"content":{"rendered":"<p><strong>CROPTOP DE REJILLA<\/strong><\/p>\n<p><strong>DESCRIPCI\u00d3N<\/strong><\/p>\n<p>POR SU PUESTO NO PODEMOS CONSIDERAR UNA COLECCI\u00d3N DE GALARRETA SI NO HAY UN CROPTOP EN ELLA! PARA ESTA SELECCI\u00d3N DE PRENDAS QUE CONFORMAN BERL\u00cdN, HEMOS ESTADO TRABAJANDO EN EL PATR\u00d3N, DESARROLLANDO UNA NUEVA SILUETA DE CROPTOP PUESTO QUE SABEMOS QUE MUCHOS DE VOSOTROS YA TEN\u00c9IS ALGUNO QUE OTRO DE LOS CROPTOPS QUE HEMOS IDO LANZANDO EN NUESTRAS COLECCIONES ANTERIORES. ASI QUE ESTA VEZ LO HEMOS REEDITADO CON UN PATR\u00d3N COMPLETAMENTE NUEVO, QUITANDO LAS MANGAS Y BAJANDO UN POCO EL HOMBRO, QUE HACE QUE SE VEA MUY SEXY DEJANDO LOS HOMBROS AL DESCUBIERTO, TAMBI\u00c9N EN LA PARTE INFERIOR HEMOS COLOCADO UN CORD\u00d3N FUNCIONAL EN EL INTERIOR DEL QUE PUEDES TIRAR DEPENDIENDO DE LO CORTO QUE QUIERAS HACERLO. EL CUELLO ES 100% ALGOD\u00d3N Y COMO EL RESTO DE LA COLECCION TIENE NUESTRA ETIQUETA DE SILICONA DEBAJO PARA COMPLETAR LA PRENDA.<\/p>\n<p><strong>COMO LO LLEVAR\u00cdA RUB\u00c9N<\/strong><\/p>\n<p>EL NUEVO CROPTOP DE REJILLA COMBINA CON TODA NUESTRA COLECCI\u00d3N, PUEDES USARLO CON NUESTROS PANTALONES CARGO Y EL BOXER FLOCK DEBAJO MOSTRANDO LA CINTURILLA, PERO TAMBI\u00c9N PUEDES LLEVARLO LA CAMISETA AJUSTADA DE MANGA LARGA DEBAJO CREANDO UN EFECTO MUY INTERESANTE CON LA SUPERPOSICI\u00d3N DE CAPAS, Y SI QUIERES USARLO CON PRENDAS QUE YA TENGAS EN EL ARMARIO, SEGURO TENDR\u00c1S INFINIDAD DE OPCIONES, VAQUEROS AZULES, PANTALONES DE CUERO, PANTALONES DE CHANDAL OVERSIZE<\/p>\n","protected":false},"excerpt":{"rendered":"<p><strong>CROPTOP DE REJILLA<\/strong><\/p>\n<p>SIMPLEMENTE PREP\u00c1RATE PARA DAR UN TOQUE SEXY A TU LOOK MIENTRAS LO LLEVAS PUESTO!<\/p>\n","protected":false},"featured_media":94603,"comment_status":"closed","ping_status":"closed","template":"","meta":{"_monsterinsights_skip_tracking":false,"_monsterinsights_sitenote_active":false,"_monsterinsights_sitenote_note":"","_monsterinsights_sitenote_category":0},"product_brand":[],"product_cat":[5889,1921],"product_tag":[2171],"class_list":{"0":"post-94635","1":"product","2":"type-product","3":"status-publish","4":"has-post-thumbnail","6":"product_cat-berlin-es","7":"product_cat-man-es","8":"product_tag-camisetas-y-tops","10":"first","11":"instock","12":"taxable","13":"shipping-taxable","14":"purchasable","15":"product-type-variable","16":"has-default-attributes"},"yoast_head":"<!-- This site is optimized with the Yoast SEO plugin v27.3 - https:\/\/yoast.com\/product\/yoast-seo-wordpress\/ -->\n<title>CROPTOP DE REJILLA - Ruben Galarreta Tienda<\/title>\n<meta name=\"description\" content=\"Leggins de encaje negro pertenecientes a la colecci\u00f3n Dark Roses dise\u00f1ados en exclusiva por Rub\u00e9n Galarreta en Espa\u00f1a. Compra en la web.\" \/>\n<meta name=\"robots\" content=\"index, follow, max-snippet:-1, max-image-preview:large, max-video-preview:-1\" \/>\n<link rel=\"canonical\" href=\"https:\/\/www.rubengalarreta.com\/es\/product\/man-es\/berlin-es\/croptop-de-rejilla\/\" \/>\n<meta property=\"og:locale\" content=\"es_ES\" \/>\n<meta property=\"og:type\" content=\"article\" \/>\n<meta property=\"og:title\" content=\"CROPTOP DE REJILLA - Ruben Galarreta Tienda\" \/>\n<meta property=\"og:description\" content=\"Leggins de encaje negro pertenecientes a la colecci\u00f3n Dark Roses dise\u00f1ados en exclusiva por Rub\u00e9n Galarreta en Espa\u00f1a. Compra en la web.\" \/>\n<meta property=\"og:url\" content=\"https:\/\/www.rubengalarreta.com\/es\/product\/man-es\/berlin-es\/croptop-de-rejilla\/\" \/>\n<meta property=\"og:site_name\" content=\"Ruben Galarreta\" \/>\n<meta property=\"article:modified_time\" content=\"2025-08-21T03:24:29+00:00\" \/>\n<meta property=\"og:image\" content=\"https:\/\/www.rubengalarreta.com\/wp-content\/uploads\/2023\/11\/1-ruben-galarreta-berlin-collection-men-wear-hot-2023-MEH-CROPTOP-front.jpg\" \/>\n\t<meta property=\"og:image:width\" content=\"720\" \/>\n\t<meta property=\"og:image:height\" content=\"1022\" \/>\n\t<meta property=\"og:image:type\" content=\"image\/jpeg\" \/>\n<meta name=\"twitter:card\" content=\"summary_large_image\" \/>\n<meta name=\"twitter:label1\" content=\"Tiempo de lectura\" \/>\n\t<meta name=\"twitter:data1\" content=\"1 minuto\" \/>\n<script type=\"application\/ld+json\" class=\"yoast-schema-graph\">{\"@context\":\"https:\\\/\\\/schema.org\",\"@graph\":[{\"@type\":\"WebPage\",\"@id\":\"https:\\\/\\\/www.rubengalarreta.com\\\/es\\\/product\\\/man-es\\\/berlin-es\\\/croptop-de-rejilla\\\/\",\"url\":\"https:\\\/\\\/www.rubengalarreta.com\\\/es\\\/product\\\/man-es\\\/berlin-es\\\/croptop-de-rejilla\\\/\",\"name\":\"CROPTOP DE REJILLA - Ruben Galarreta Tienda\",\"isPartOf\":{\"@id\":\"https:\\\/\\\/www.rubengalarreta.com\\\/es\\\/#website\"},\"primaryImageOfPage\":{\"@id\":\"https:\\\/\\\/www.rubengalarreta.com\\\/es\\\/product\\\/man-es\\\/berlin-es\\\/croptop-de-rejilla\\\/#primaryimage\"},\"image\":{\"@id\":\"https:\\\/\\\/www.rubengalarreta.com\\\/es\\\/product\\\/man-es\\\/berlin-es\\\/croptop-de-rejilla\\\/#primaryimage\"},\"thumbnailUrl\":\"https:\\\/\\\/www.rubengalarreta.com\\\/wp-content\\\/uploads\\\/2023\\\/11\\\/1-ruben-galarreta-berlin-collection-men-wear-hot-2023-MEH-CROPTOP-front.jpg\",\"datePublished\":\"2023-11-16T20:39:48+00:00\",\"dateModified\":\"2025-08-21T03:24:29+00:00\",\"description\":\"Leggins de encaje negro pertenecientes a la colecci\u00f3n Dark Roses dise\u00f1ados en exclusiva por Rub\u00e9n Galarreta en Espa\u00f1a. Compra en la web.\",\"breadcrumb\":{\"@id\":\"https:\\\/\\\/www.rubengalarreta.com\\\/es\\\/product\\\/man-es\\\/berlin-es\\\/croptop-de-rejilla\\\/#breadcrumb\"},\"inLanguage\":\"es\",\"potentialAction\":[{\"@type\":\"ReadAction\",\"target\":[\"https:\\\/\\\/www.rubengalarreta.com\\\/es\\\/product\\\/man-es\\\/berlin-es\\\/croptop-de-rejilla\\\/\"]}]},{\"@type\":\"ImageObject\",\"inLanguage\":\"es\",\"@id\":\"https:\\\/\\\/www.rubengalarreta.com\\\/es\\\/product\\\/man-es\\\/berlin-es\\\/croptop-de-rejilla\\\/#primaryimage\",\"url\":\"https:\\\/\\\/www.rubengalarreta.com\\\/wp-content\\\/uploads\\\/2023\\\/11\\\/1-ruben-galarreta-berlin-collection-men-wear-hot-2023-MEH-CROPTOP-front.jpg\",\"contentUrl\":\"https:\\\/\\\/www.rubengalarreta.com\\\/wp-content\\\/uploads\\\/2023\\\/11\\\/1-ruben-galarreta-berlin-collection-men-wear-hot-2023-MEH-CROPTOP-front.jpg\",\"width\":720,\"height\":1022},{\"@type\":\"BreadcrumbList\",\"@id\":\"https:\\\/\\\/www.rubengalarreta.com\\\/es\\\/product\\\/man-es\\\/berlin-es\\\/croptop-de-rejilla\\\/#breadcrumb\",\"itemListElement\":[{\"@type\":\"ListItem\",\"position\":1,\"name\":\"Home\",\"item\":\"https:\\\/\\\/www.rubengalarreta.com\\\/es\\\/\"},{\"@type\":\"ListItem\",\"position\":2,\"name\":\"Tienda Online\",\"item\":\"https:\\\/\\\/www.rubengalarreta.com\\\/es\\\/tienda-2\\\/\"},{\"@type\":\"ListItem\",\"position\":3,\"name\":\"CROPTOP DE REJILLA\"}]},{\"@type\":\"WebSite\",\"@id\":\"https:\\\/\\\/www.rubengalarreta.com\\\/es\\\/#website\",\"url\":\"https:\\\/\\\/www.rubengalarreta.com\\\/es\\\/\",\"name\":\"Ruben Galarreta\",\"description\":\"Hot Couture | Online Store\",\"publisher\":{\"@id\":\"https:\\\/\\\/www.rubengalarreta.com\\\/es\\\/#organization\"},\"potentialAction\":[{\"@type\":\"SearchAction\",\"target\":{\"@type\":\"EntryPoint\",\"urlTemplate\":\"https:\\\/\\\/www.rubengalarreta.com\\\/es\\\/?s={search_term_string}\"},\"query-input\":{\"@type\":\"PropertyValueSpecification\",\"valueRequired\":true,\"valueName\":\"search_term_string\"}}],\"inLanguage\":\"es\"},{\"@type\":\"Organization\",\"@id\":\"https:\\\/\\\/www.rubengalarreta.com\\\/es\\\/#organization\",\"name\":\"Ruben Galarreta\",\"url\":\"https:\\\/\\\/www.rubengalarreta.com\\\/es\\\/\",\"logo\":{\"@type\":\"ImageObject\",\"inLanguage\":\"es\",\"@id\":\"https:\\\/\\\/www.rubengalarreta.com\\\/es\\\/#\\\/schema\\\/logo\\\/image\\\/\",\"url\":\"https:\\\/\\\/www.rubengalarreta.com\\\/wp-content\\\/uploads\\\/2019\\\/10\\\/rubengalarreta-menswear.jpg\",\"contentUrl\":\"https:\\\/\\\/www.rubengalarreta.com\\\/wp-content\\\/uploads\\\/2019\\\/10\\\/rubengalarreta-menswear.jpg\",\"width\":1141,\"height\":146,\"caption\":\"Ruben Galarreta\"},\"image\":{\"@id\":\"https:\\\/\\\/www.rubengalarreta.com\\\/es\\\/#\\\/schema\\\/logo\\\/image\\\/\"}}]}<\/script>\n<!-- \/ Yoast SEO plugin. -->","yoast_head_json":{"title":"CROPTOP DE REJILLA - Ruben Galarreta Tienda","description":"Leggins de encaje negro pertenecientes a la colecci\u00f3n Dark Roses dise\u00f1ados en exclusiva por Rub\u00e9n Galarreta en Espa\u00f1a. Compra en la web.","robots":{"index":"index","follow":"follow","max-snippet":"max-snippet:-1","max-image-preview":"max-image-preview:large","max-video-preview":"max-video-preview:-1"},"canonical":"https:\/\/www.rubengalarreta.com\/es\/product\/man-es\/berlin-es\/croptop-de-rejilla\/","og_locale":"es_ES","og_type":"article","og_title":"CROPTOP DE REJILLA - Ruben Galarreta Tienda","og_description":"Leggins de encaje negro pertenecientes a la colecci\u00f3n Dark Roses dise\u00f1ados en exclusiva por Rub\u00e9n Galarreta en Espa\u00f1a. Compra en la web.","og_url":"https:\/\/www.rubengalarreta.com\/es\/product\/man-es\/berlin-es\/croptop-de-rejilla\/","og_site_name":"Ruben Galarreta","article_modified_time":"2025-08-21T03:24:29+00:00","og_image":[{"width":720,"height":1022,"url":"https:\/\/www.rubengalarreta.com\/wp-content\/uploads\/2023\/11\/1-ruben-galarreta-berlin-collection-men-wear-hot-2023-MEH-CROPTOP-front.jpg","type":"image\/jpeg"}],"twitter_card":"summary_large_image","twitter_misc":{"Tiempo de lectura":"1 minuto"},"schema":{"@context":"https:\/\/schema.org","@graph":[{"@type":"WebPage","@id":"https:\/\/www.rubengalarreta.com\/es\/product\/man-es\/berlin-es\/croptop-de-rejilla\/","url":"https:\/\/www.rubengalarreta.com\/es\/product\/man-es\/berlin-es\/croptop-de-rejilla\/","name":"CROPTOP DE REJILLA - Ruben Galarreta Tienda","isPartOf":{"@id":"https:\/\/www.rubengalarreta.com\/es\/#website"},"primaryImageOfPage":{"@id":"https:\/\/www.rubengalarreta.com\/es\/product\/man-es\/berlin-es\/croptop-de-rejilla\/#primaryimage"},"image":{"@id":"https:\/\/www.rubengalarreta.com\/es\/product\/man-es\/berlin-es\/croptop-de-rejilla\/#primaryimage"},"thumbnailUrl":"https:\/\/www.rubengalarreta.com\/wp-content\/uploads\/2023\/11\/1-ruben-galarreta-berlin-collection-men-wear-hot-2023-MEH-CROPTOP-front.jpg","datePublished":"2023-11-16T20:39:48+00:00","dateModified":"2025-08-21T03:24:29+00:00","description":"Leggins de encaje negro pertenecientes a la colecci\u00f3n Dark Roses dise\u00f1ados en exclusiva por Rub\u00e9n Galarreta en Espa\u00f1a. Compra en la web.","breadcrumb":{"@id":"https:\/\/www.rubengalarreta.com\/es\/product\/man-es\/berlin-es\/croptop-de-rejilla\/#breadcrumb"},"inLanguage":"es","potentialAction":[{"@type":"ReadAction","target":["https:\/\/www.rubengalarreta.com\/es\/product\/man-es\/berlin-es\/croptop-de-rejilla\/"]}]},{"@type":"ImageObject","inLanguage":"es","@id":"https:\/\/www.rubengalarreta.com\/es\/product\/man-es\/berlin-es\/croptop-de-rejilla\/#primaryimage","url":"https:\/\/www.rubengalarreta.com\/wp-content\/uploads\/2023\/11\/1-ruben-galarreta-berlin-collection-men-wear-hot-2023-MEH-CROPTOP-front.jpg","contentUrl":"https:\/\/www.rubengalarreta.com\/wp-content\/uploads\/2023\/11\/1-ruben-galarreta-berlin-collection-men-wear-hot-2023-MEH-CROPTOP-front.jpg","width":720,"height":1022},{"@type":"BreadcrumbList","@id":"https:\/\/www.rubengalarreta.com\/es\/product\/man-es\/berlin-es\/croptop-de-rejilla\/#breadcrumb","itemListElement":[{"@type":"ListItem","position":1,"name":"Home","item":"https:\/\/www.rubengalarreta.com\/es\/"},{"@type":"ListItem","position":2,"name":"Tienda Online","item":"https:\/\/www.rubengalarreta.com\/es\/tienda-2\/"},{"@type":"ListItem","position":3,"name":"CROPTOP DE REJILLA"}]},{"@type":"WebSite","@id":"https:\/\/www.rubengalarreta.com\/es\/#website","url":"https:\/\/www.rubengalarreta.com\/es\/","name":"Ruben Galarreta","description":"Hot Couture | Online Store","publisher":{"@id":"https:\/\/www.rubengalarreta.com\/es\/#organization"},"potentialAction":[{"@type":"SearchAction","target":{"@type":"EntryPoint","urlTemplate":"https:\/\/www.rubengalarreta.com\/es\/?s={search_term_string}"},"query-input":{"@type":"PropertyValueSpecification","valueRequired":true,"valueName":"search_term_string"}}],"inLanguage":"es"},{"@type":"Organization","@id":"https:\/\/www.rubengalarreta.com\/es\/#organization","name":"Ruben Galarreta","url":"https:\/\/www.rubengalarreta.com\/es\/","logo":{"@type":"ImageObject","inLanguage":"es","@id":"https:\/\/www.rubengalarreta.com\/es\/#\/schema\/logo\/image\/","url":"https:\/\/www.rubengalarreta.com\/wp-content\/uploads\/2019\/10\/rubengalarreta-menswear.jpg","contentUrl":"https:\/\/www.rubengalarreta.com\/wp-content\/uploads\/2019\/10\/rubengalarreta-menswear.jpg","width":1141,"height":146,"caption":"Ruben Galarreta"},"image":{"@id":"https:\/\/www.rubengalarreta.com\/es\/#\/schema\/logo\/image\/"}}]}},"_links":{"self":[{"href":"https:\/\/www.rubengalarreta.com\/es\/wp-json\/wp\/v2\/product\/94635","targetHints":{"allow":["GET"]}}],"collection":[{"href":"https:\/\/www.rubengalarreta.com\/es\/wp-json\/wp\/v2\/product"}],"about":[{"href":"https:\/\/www.rubengalarreta.com\/es\/wp-json\/wp\/v2\/types\/product"}],"replies":[{"embeddable":true,"href":"https:\/\/www.rubengalarreta.com\/es\/wp-json\/wp\/v2\/comments?post=94635"}],"wp:featuredmedia":[{"embeddable":true,"href":"https:\/\/www.rubengalarreta.com\/es\/wp-json\/wp\/v2\/media\/94603"}],"wp:attachment":[{"href":"https:\/\/www.rubengalarreta.com\/es\/wp-json\/wp\/v2\/media?parent=94635"}],"wp:term":[{"taxonomy":"product_brand","embeddable":true,"href":"https:\/\/www.rubengalarreta.com\/es\/wp-json\/wp\/v2\/product_brand?post=94635"},{"taxonomy":"product_cat","embeddable":true,"href":"https:\/\/www.rubengalarreta.com\/es\/wp-json\/wp\/v2\/product_cat?post=94635"},{"taxonomy":"product_tag","embeddable":true,"href":"https:\/\/www.rubengalarreta.com\/es\/wp-json\/wp\/v2\/product_tag?post=94635"}],"curies":[{"name":"wp","href":"https:\/\/api.w.org\/{rel}","templated":true}]}}