{"id":94532,"date":"2023-11-16T20:41:33","date_gmt":"2023-11-16T19:42:19","guid":{"rendered":"https:\/\/www.rubengalarreta.com\/?post_type=product&#038;p=94532"},"modified":"2024-01-31T05:01:57","modified_gmt":"2024-01-31T04:01:57","slug":"arnes-berlin","status":"publish","type":"product","link":"https:\/\/www.rubengalarreta.com\/es\/product\/man-es\/berlin-es\/arnes-berlin\/","title":{"rendered":"ARN\u00c9S BERLIN"},"content":{"rendered":"<p><strong>ARN\u00c9S BERLIN<\/strong><\/p>\n<p><strong>DESCRIPTION<\/strong><\/p>\n<p>POR SUPUESTO NO POD\u00cdAMOS OLVIDARNOS DE UNA DE NUESTRAS PIEZAS M\u00c1S IC\u00d3NICAS QUE HA FORMO PARTE DE NUESTRA COLECCI\u00d3N DESDE EL PRINCIPIO, CONVERTIENDOLA EN UNA DE NUESTRAS SE\u00d1AS DE IDENTIDAD A TRAV\u00c9S DE TODOS ESTOS A\u00d1OS. HABLAMOS DE LA REEDICI\u00d3N DE NUESTRO ARN\u00c9S DE PECHO. SI ERES DE LOS QUE HA ESTADO COLECCIONANDO TODAS LAS VERSIONES DE ESTE ARN\u00c9S, NO TE PUEDES PERDER LA OPORTUNIDAD DE A\u00d1ADIR ESTE AL LADO M\u00c1S SEXY Y SALVAJE DE TU ARMARIO. ESTA VEZ LO HEMOS DISE\u00d1ADO CON EL\u00c1STICO NEGRO Y EL NUEVO TEJIDO ESTAMPADO CON NUESTRO LOGO TERCIOPELO NEGRO INCLUYENDO EN EL COMO EL RESTO DE PRENDAS DE LA COLECCI\u00d3N BERLIN NUESTRA NUEVA ETIQUETA CON LOGO EN SILICONA. TAMBI\u00c9N HEMOS ESCUCHADO TODOS VUESTROS COMENTARIOS Y HEMOS A\u00d1ADIDO A NUESTRO STOCK ESTE ARN\u00c9S EN TRES TALLAS DIFERENTES EN LUGAR DE TENERLO COMO TALLA \u00daNICA PARA QUE TODOS VOSOTROS POD\u00c1IS LLEVARLO SIN IMPORTAR LA TALLA. ESTAMOS SEGUROS QUE YA SABES COMO PONERTE Y COMO COMBINAR ESTE ARN\u00c9S DE GALARRETA PERO AUN ASI, SIEMPRE PUEDES SEGUIR LEYENDO Y DESCUBRIR COMO LE GUSTAR\u00cdA A RUBEN V\u00c9RTELO PUESTO!<\/p>\n<p><strong>COMO LO LLEVAR\u00cdA RUB\u00c9N<\/strong><\/p>\n<p>COMO YA DIJIMOS, ESTE ES UNO DE NUESTROS ARNESES M\u00c1S IC\u00d3NICOS Y HA SIDO DISE\u00d1ADO EN M\u00daLTIPLES OCASIONES EN DIFERENTES VERSIONES: BLANCO, NEGRO, ESTAMPADO, BORDADO&#8230; POR LO QUE NO PUEDES PERDER LA OPORTUNIDAD DE A\u00d1ADIR UNO M\u00c1S A TU COLECCI\u00d3N. PARA TUS NOCHES M\u00c1S SALVAJES QUEREMOS QUE SIENTAS LA LIBERTAD DE USAR ESTA PIEZA TAN ESPECIAL CON LA QUE TE SIENTAS C\u00d3MODO PERO TAMBI\u00c9N MOSTRANDO ORGULLOSO TU PERSONALIDAD ATREVIDA, COMBINADO CON NUESTROS BOXERS FLOCK Y NUESTROS PANTALONES CARGO Y BOTAS MILITARES, ESTAMOS SEGUROS DE QUE ESTE OUTFIT NO DEJAR\u00c1 INDIFERENTE A NADIE!<\/p>\n","protected":false},"excerpt":{"rendered":"<p><strong>ARN\u00c9S BERLIN<\/strong><\/p>\n<p>PERO COMO SIEMPRE, LO QUE ESTAMOS DESEANDO ES DE VER LO QUE SE OS OCURRE A VOSOTROS!<\/p>\n","protected":false},"featured_media":94549,"comment_status":"closed","ping_status":"closed","template":"","meta":{"_monsterinsights_skip_tracking":false,"_monsterinsights_sitenote_active":false,"_monsterinsights_sitenote_note":"","_monsterinsights_sitenote_category":0},"product_brand":[],"product_cat":[5889,1921],"product_tag":[2167],"class_list":{"0":"post-94532","1":"product","2":"type-product","3":"status-publish","4":"has-post-thumbnail","6":"product_cat-berlin-es","7":"product_cat-man-es","8":"product_tag-arneses","10":"first","11":"instock","12":"taxable","13":"shipping-taxable","14":"purchasable","15":"product-type-variable","16":"has-default-attributes"},"yoast_head":"<!-- This site is optimized with the Yoast SEO plugin v27.5 - https:\/\/yoast.com\/product\/yoast-seo-wordpress\/ -->\n<title>ARN\u00c9S BERLIN - Ruben Galarreta Tienda<\/title>\n<meta name=\"description\" content=\"Leggins de encaje negro pertenecientes a la colecci\u00f3n Dark Roses dise\u00f1ados en exclusiva por Rub\u00e9n Galarreta en Espa\u00f1a. Compra en la web.\" \/>\n<meta name=\"robots\" content=\"index, follow, max-snippet:-1, max-image-preview:large, max-video-preview:-1\" \/>\n<link rel=\"canonical\" href=\"https:\/\/www.rubengalarreta.com\/es\/product\/man-es\/berlin-es\/arnes-berlin\/\" \/>\n<meta property=\"og:locale\" content=\"es_ES\" \/>\n<meta property=\"og:type\" content=\"article\" \/>\n<meta property=\"og:title\" content=\"ARN\u00c9S BERLIN - Ruben Galarreta Tienda\" \/>\n<meta property=\"og:description\" content=\"Leggins de encaje negro pertenecientes a la colecci\u00f3n Dark Roses dise\u00f1ados en exclusiva por Rub\u00e9n Galarreta en Espa\u00f1a. Compra en la web.\" \/>\n<meta property=\"og:url\" content=\"https:\/\/www.rubengalarreta.com\/es\/product\/man-es\/berlin-es\/arnes-berlin\/\" \/>\n<meta property=\"og:site_name\" content=\"Ruben Galarreta\" \/>\n<meta property=\"article:modified_time\" content=\"2024-01-31T04:01:57+00:00\" \/>\n<meta property=\"og:image\" content=\"https:\/\/www.rubengalarreta.com\/wp-content\/uploads\/2023\/11\/1-ruben-galarreta-berlin-collection-men-wear-hot-2023-flock-HARNE-FRONT.jpg\" \/>\n\t<meta property=\"og:image:width\" content=\"720\" \/>\n\t<meta property=\"og:image:height\" content=\"1022\" \/>\n\t<meta property=\"og:image:type\" content=\"image\/jpeg\" \/>\n<meta name=\"twitter:card\" content=\"summary_large_image\" \/>\n<meta name=\"twitter:label1\" content=\"Tiempo de lectura\" \/>\n\t<meta name=\"twitter:data1\" content=\"2 minutos\" \/>\n<script type=\"application\/ld+json\" class=\"yoast-schema-graph\">{\"@context\":\"https:\\\/\\\/schema.org\",\"@graph\":[{\"@type\":\"WebPage\",\"@id\":\"https:\\\/\\\/www.rubengalarreta.com\\\/es\\\/product\\\/man-es\\\/berlin-es\\\/arnes-berlin\\\/\",\"url\":\"https:\\\/\\\/www.rubengalarreta.com\\\/es\\\/product\\\/man-es\\\/berlin-es\\\/arnes-berlin\\\/\",\"name\":\"ARN\u00c9S BERLIN - Ruben Galarreta Tienda\",\"isPartOf\":{\"@id\":\"https:\\\/\\\/www.rubengalarreta.com\\\/es\\\/#website\"},\"primaryImageOfPage\":{\"@id\":\"https:\\\/\\\/www.rubengalarreta.com\\\/es\\\/product\\\/man-es\\\/berlin-es\\\/arnes-berlin\\\/#primaryimage\"},\"image\":{\"@id\":\"https:\\\/\\\/www.rubengalarreta.com\\\/es\\\/product\\\/man-es\\\/berlin-es\\\/arnes-berlin\\\/#primaryimage\"},\"thumbnailUrl\":\"https:\\\/\\\/www.rubengalarreta.com\\\/wp-content\\\/uploads\\\/2023\\\/11\\\/1-ruben-galarreta-berlin-collection-men-wear-hot-2023-flock-HARNE-FRONT.jpg\",\"datePublished\":\"2023-11-16T19:42:19+00:00\",\"dateModified\":\"2024-01-31T04:01:57+00:00\",\"description\":\"Leggins de encaje negro pertenecientes a la colecci\u00f3n Dark Roses dise\u00f1ados en exclusiva por Rub\u00e9n Galarreta en Espa\u00f1a. Compra en la web.\",\"breadcrumb\":{\"@id\":\"https:\\\/\\\/www.rubengalarreta.com\\\/es\\\/product\\\/man-es\\\/berlin-es\\\/arnes-berlin\\\/#breadcrumb\"},\"inLanguage\":\"es\",\"potentialAction\":[{\"@type\":\"ReadAction\",\"target\":[\"https:\\\/\\\/www.rubengalarreta.com\\\/es\\\/product\\\/man-es\\\/berlin-es\\\/arnes-berlin\\\/\"]}]},{\"@type\":\"ImageObject\",\"inLanguage\":\"es\",\"@id\":\"https:\\\/\\\/www.rubengalarreta.com\\\/es\\\/product\\\/man-es\\\/berlin-es\\\/arnes-berlin\\\/#primaryimage\",\"url\":\"https:\\\/\\\/www.rubengalarreta.com\\\/wp-content\\\/uploads\\\/2023\\\/11\\\/1-ruben-galarreta-berlin-collection-men-wear-hot-2023-flock-HARNE-FRONT.jpg\",\"contentUrl\":\"https:\\\/\\\/www.rubengalarreta.com\\\/wp-content\\\/uploads\\\/2023\\\/11\\\/1-ruben-galarreta-berlin-collection-men-wear-hot-2023-flock-HARNE-FRONT.jpg\",\"width\":720,\"height\":1022},{\"@type\":\"BreadcrumbList\",\"@id\":\"https:\\\/\\\/www.rubengalarreta.com\\\/es\\\/product\\\/man-es\\\/berlin-es\\\/arnes-berlin\\\/#breadcrumb\",\"itemListElement\":[{\"@type\":\"ListItem\",\"position\":1,\"name\":\"Home\",\"item\":\"https:\\\/\\\/www.rubengalarreta.com\\\/es\\\/\"},{\"@type\":\"ListItem\",\"position\":2,\"name\":\"Tienda Online\",\"item\":\"https:\\\/\\\/www.rubengalarreta.com\\\/es\\\/tienda-2\\\/\"},{\"@type\":\"ListItem\",\"position\":3,\"name\":\"ARN\u00c9S BERLIN\"}]},{\"@type\":\"WebSite\",\"@id\":\"https:\\\/\\\/www.rubengalarreta.com\\\/es\\\/#website\",\"url\":\"https:\\\/\\\/www.rubengalarreta.com\\\/es\\\/\",\"name\":\"Ruben Galarreta\",\"description\":\"Hot Couture | Online Store\",\"publisher\":{\"@id\":\"https:\\\/\\\/www.rubengalarreta.com\\\/es\\\/#organization\"},\"potentialAction\":[{\"@type\":\"SearchAction\",\"target\":{\"@type\":\"EntryPoint\",\"urlTemplate\":\"https:\\\/\\\/www.rubengalarreta.com\\\/es\\\/?s={search_term_string}\"},\"query-input\":{\"@type\":\"PropertyValueSpecification\",\"valueRequired\":true,\"valueName\":\"search_term_string\"}}],\"inLanguage\":\"es\"},{\"@type\":\"Organization\",\"@id\":\"https:\\\/\\\/www.rubengalarreta.com\\\/es\\\/#organization\",\"name\":\"Ruben Galarreta\",\"url\":\"https:\\\/\\\/www.rubengalarreta.com\\\/es\\\/\",\"logo\":{\"@type\":\"ImageObject\",\"inLanguage\":\"es\",\"@id\":\"https:\\\/\\\/www.rubengalarreta.com\\\/es\\\/#\\\/schema\\\/logo\\\/image\\\/\",\"url\":\"https:\\\/\\\/www.rubengalarreta.com\\\/wp-content\\\/uploads\\\/2019\\\/10\\\/rubengalarreta-menswear.jpg\",\"contentUrl\":\"https:\\\/\\\/www.rubengalarreta.com\\\/wp-content\\\/uploads\\\/2019\\\/10\\\/rubengalarreta-menswear.jpg\",\"width\":1141,\"height\":146,\"caption\":\"Ruben Galarreta\"},\"image\":{\"@id\":\"https:\\\/\\\/www.rubengalarreta.com\\\/es\\\/#\\\/schema\\\/logo\\\/image\\\/\"}}]}<\/script>\n<!-- \/ Yoast SEO plugin. -->","yoast_head_json":{"title":"ARN\u00c9S BERLIN - Ruben Galarreta Tienda","description":"Leggins de encaje negro pertenecientes a la colecci\u00f3n Dark Roses dise\u00f1ados en exclusiva por Rub\u00e9n Galarreta en Espa\u00f1a. Compra en la web.","robots":{"index":"index","follow":"follow","max-snippet":"max-snippet:-1","max-image-preview":"max-image-preview:large","max-video-preview":"max-video-preview:-1"},"canonical":"https:\/\/www.rubengalarreta.com\/es\/product\/man-es\/berlin-es\/arnes-berlin\/","og_locale":"es_ES","og_type":"article","og_title":"ARN\u00c9S BERLIN - Ruben Galarreta Tienda","og_description":"Leggins de encaje negro pertenecientes a la colecci\u00f3n Dark Roses dise\u00f1ados en exclusiva por Rub\u00e9n Galarreta en Espa\u00f1a. Compra en la web.","og_url":"https:\/\/www.rubengalarreta.com\/es\/product\/man-es\/berlin-es\/arnes-berlin\/","og_site_name":"Ruben Galarreta","article_modified_time":"2024-01-31T04:01:57+00:00","og_image":[{"width":720,"height":1022,"url":"https:\/\/www.rubengalarreta.com\/wp-content\/uploads\/2023\/11\/1-ruben-galarreta-berlin-collection-men-wear-hot-2023-flock-HARNE-FRONT.jpg","type":"image\/jpeg"}],"twitter_card":"summary_large_image","twitter_misc":{"Tiempo de lectura":"2 minutos"},"schema":{"@context":"https:\/\/schema.org","@graph":[{"@type":"WebPage","@id":"https:\/\/www.rubengalarreta.com\/es\/product\/man-es\/berlin-es\/arnes-berlin\/","url":"https:\/\/www.rubengalarreta.com\/es\/product\/man-es\/berlin-es\/arnes-berlin\/","name":"ARN\u00c9S BERLIN - Ruben Galarreta Tienda","isPartOf":{"@id":"https:\/\/www.rubengalarreta.com\/es\/#website"},"primaryImageOfPage":{"@id":"https:\/\/www.rubengalarreta.com\/es\/product\/man-es\/berlin-es\/arnes-berlin\/#primaryimage"},"image":{"@id":"https:\/\/www.rubengalarreta.com\/es\/product\/man-es\/berlin-es\/arnes-berlin\/#primaryimage"},"thumbnailUrl":"https:\/\/www.rubengalarreta.com\/wp-content\/uploads\/2023\/11\/1-ruben-galarreta-berlin-collection-men-wear-hot-2023-flock-HARNE-FRONT.jpg","datePublished":"2023-11-16T19:42:19+00:00","dateModified":"2024-01-31T04:01:57+00:00","description":"Leggins de encaje negro pertenecientes a la colecci\u00f3n Dark Roses dise\u00f1ados en exclusiva por Rub\u00e9n Galarreta en Espa\u00f1a. Compra en la web.","breadcrumb":{"@id":"https:\/\/www.rubengalarreta.com\/es\/product\/man-es\/berlin-es\/arnes-berlin\/#breadcrumb"},"inLanguage":"es","potentialAction":[{"@type":"ReadAction","target":["https:\/\/www.rubengalarreta.com\/es\/product\/man-es\/berlin-es\/arnes-berlin\/"]}]},{"@type":"ImageObject","inLanguage":"es","@id":"https:\/\/www.rubengalarreta.com\/es\/product\/man-es\/berlin-es\/arnes-berlin\/#primaryimage","url":"https:\/\/www.rubengalarreta.com\/wp-content\/uploads\/2023\/11\/1-ruben-galarreta-berlin-collection-men-wear-hot-2023-flock-HARNE-FRONT.jpg","contentUrl":"https:\/\/www.rubengalarreta.com\/wp-content\/uploads\/2023\/11\/1-ruben-galarreta-berlin-collection-men-wear-hot-2023-flock-HARNE-FRONT.jpg","width":720,"height":1022},{"@type":"BreadcrumbList","@id":"https:\/\/www.rubengalarreta.com\/es\/product\/man-es\/berlin-es\/arnes-berlin\/#breadcrumb","itemListElement":[{"@type":"ListItem","position":1,"name":"Home","item":"https:\/\/www.rubengalarreta.com\/es\/"},{"@type":"ListItem","position":2,"name":"Tienda Online","item":"https:\/\/www.rubengalarreta.com\/es\/tienda-2\/"},{"@type":"ListItem","position":3,"name":"ARN\u00c9S BERLIN"}]},{"@type":"WebSite","@id":"https:\/\/www.rubengalarreta.com\/es\/#website","url":"https:\/\/www.rubengalarreta.com\/es\/","name":"Ruben Galarreta","description":"Hot Couture | Online Store","publisher":{"@id":"https:\/\/www.rubengalarreta.com\/es\/#organization"},"potentialAction":[{"@type":"SearchAction","target":{"@type":"EntryPoint","urlTemplate":"https:\/\/www.rubengalarreta.com\/es\/?s={search_term_string}"},"query-input":{"@type":"PropertyValueSpecification","valueRequired":true,"valueName":"search_term_string"}}],"inLanguage":"es"},{"@type":"Organization","@id":"https:\/\/www.rubengalarreta.com\/es\/#organization","name":"Ruben Galarreta","url":"https:\/\/www.rubengalarreta.com\/es\/","logo":{"@type":"ImageObject","inLanguage":"es","@id":"https:\/\/www.rubengalarreta.com\/es\/#\/schema\/logo\/image\/","url":"https:\/\/www.rubengalarreta.com\/wp-content\/uploads\/2019\/10\/rubengalarreta-menswear.jpg","contentUrl":"https:\/\/www.rubengalarreta.com\/wp-content\/uploads\/2019\/10\/rubengalarreta-menswear.jpg","width":1141,"height":146,"caption":"Ruben Galarreta"},"image":{"@id":"https:\/\/www.rubengalarreta.com\/es\/#\/schema\/logo\/image\/"}}]}},"_links":{"self":[{"href":"https:\/\/www.rubengalarreta.com\/es\/wp-json\/wp\/v2\/product\/94532","targetHints":{"allow":["GET"]}}],"collection":[{"href":"https:\/\/www.rubengalarreta.com\/es\/wp-json\/wp\/v2\/product"}],"about":[{"href":"https:\/\/www.rubengalarreta.com\/es\/wp-json\/wp\/v2\/types\/product"}],"replies":[{"embeddable":true,"href":"https:\/\/www.rubengalarreta.com\/es\/wp-json\/wp\/v2\/comments?post=94532"}],"wp:featuredmedia":[{"embeddable":true,"href":"https:\/\/www.rubengalarreta.com\/es\/wp-json\/wp\/v2\/media\/94549"}],"wp:attachment":[{"href":"https:\/\/www.rubengalarreta.com\/es\/wp-json\/wp\/v2\/media?parent=94532"}],"wp:term":[{"taxonomy":"product_brand","embeddable":true,"href":"https:\/\/www.rubengalarreta.com\/es\/wp-json\/wp\/v2\/product_brand?post=94532"},{"taxonomy":"product_cat","embeddable":true,"href":"https:\/\/www.rubengalarreta.com\/es\/wp-json\/wp\/v2\/product_cat?post=94532"},{"taxonomy":"product_tag","embeddable":true,"href":"https:\/\/www.rubengalarreta.com\/es\/wp-json\/wp\/v2\/product_tag?post=94532"}],"curies":[{"name":"wp","href":"https:\/\/api.w.org\/{rel}","templated":true}]}}