{"id":94465,"date":"2023-11-16T19:58:10","date_gmt":"2023-11-16T18:58:49","guid":{"rendered":"https:\/\/www.rubengalarreta.com\/?post_type=product&#038;p=94465"},"modified":"2025-06-20T11:28:20","modified_gmt":"2025-06-20T09:28:20","slug":"body-ajustado-berlin","status":"publish","type":"product","link":"https:\/\/www.rubengalarreta.com\/es\/product\/man-es\/berlin-es\/body-ajustado-berlin\/","title":{"rendered":"BODY AJUSTADO BERLIN"},"content":{"rendered":"<p><strong>BODY AJUSTADO BERLIN<\/strong><\/p>\n<p><strong>DESCRIPCI\u00d3N<\/strong><\/p>\n<p>OTRA PRENDA DE LA QUE NOS MORIMOS DE GANAS POR ENSE\u00d1AROS ES NUESTRO BODY AJUSTADO BERLIN. SOYS MUCHOS LOS QUE NOS HAB\u00c9IS ESCRITO QUE PARA CUANDO UN BODY DE GALARRETA, Y VUESTROS DESEOS SON ORDENES! AS\u00cd QUE NO PUEDES PERDER LA OPORTUNIDAD DE HACERTE CON NUESTRO BODY Y A\u00d1ADIRLO A TU ARMARIO CONVIRTI\u00c9NDOSE EN UNA DE TUS PIEZAS FAVORITAS Y VERS\u00c1TILES DE TUS LOOKS. LA PRENDA ADEM\u00c1S ESTA FORMADA POR UN SET DE TRES, DE ESTA FORMA LAS MANGAS LAS PUEDES LLEVAR O NO, DEPENDIENDO DE TU LOOK, TENIENDO DE ESTA MANERA DOS BODYS EN UNO: UN BODY CON O SIN MANGAS DEPENDIENDO DE COMO QUIERAS COMBINARLO E INCLUSO LAS MANGAS LAS PODR\u00c1S USAR A PARTE CON CUALQUIERA DEL RESTO DE NUESTROS TOPS. EL BODY BERLIN EST\u00c1 HECHO EN UN TEJIDO ELASTICO SUAVE QUE SENTIR\u00c1S COMO UNA SEGUNDA PIEL, MEZCLADO CON NUESTRO TEJIDO IMPRESO CON NUESTRO LOGO EN TERCIOPELO, DANDO LA ILUSI\u00d3N \u00d3PTICA DE LLEVAR UNA CAMISETA DE TIRANTES CON UN BODY RECTO. TAMBIEN INCLUYE EL NUEVO LOGO DE LA MARCA EN SILICONA JUSTO DEBAJO DEL CUELLO. POR PETICI\u00d3N POPULAR ESTA PRENDA Y COMO EL RESTO DE NUESTRA COLECCI\u00d3N BERLIN TAMBI\u00c9N SE HA FABRICADO EN CUATRO TALLAS: A\u00d1ADIENDO LA TALLA EXTRA GRANDE A NUESTRO STOCK! NO OLVIDES LEER LOS CONSEJOS DE RUB\u00c9N, Y VER COMO LLEVAR\u00cdA ESTA OBRA DE ARTE!<\/p>\n<p><b>COMO LO LLEVAR\u00cdA\u00a0 RUB\u00c9N<\/b><\/p>\n<p>SIEMPRE DISE\u00d1AMOS ESTA NUEVA COLECCI\u00d3N PENSANDO EN LA POSIBILIDAD DE MEZCLAR Y COMBINAR TODAS SUS PRENDAS ENTRE SI, AS\u00cd QUE SEGURO NOS IMAGINAMOS EL BODY BERLIN CON NUESTROS PANTALONES CARGO A LA CADERA Y MOSTRANDO LA PIEL DE LOS COSTADOS. PERO TAMBI\u00c9N LO IMAGINAMOS CON UN TRAJE NEGRO O DE RAYA DIPLOM\u00c1TICA OVERSIZE PARA LOS MAS CLASSY, AS\u00cd COMO CON PANTALONES DE CUERO Y BOTAS MILITARES PARA LOS MAS UNDERGROUND! A\u00daN ASI, DE LO QUE ESTAMOS REALMENTE EXPECTANTES ES DE VER TODOS LOS LOOKS QUE SE TE OCURREN A TI!<\/p>\n<p>&nbsp;<\/p>\n","protected":false},"excerpt":{"rendered":"<p><strong>BODY AJUSTADO BERLIN<\/strong><\/p>\n<p>LA PRENDA ADEM\u00c1S ESTA FORMADA POR UN SET DE TRES, DE ESTA FORMA LAS MANGAS LAS PUEDES LLEVAR O NO, DEPENDIENDO DE TU LOOK<\/p>\n","protected":false},"featured_media":94511,"comment_status":"closed","ping_status":"closed","template":"","meta":{"_monsterinsights_skip_tracking":false,"_monsterinsights_sitenote_active":false,"_monsterinsights_sitenote_note":"","_monsterinsights_sitenote_category":0},"product_brand":[],"product_cat":[5889,1921],"product_tag":[2171],"class_list":{"0":"post-94465","1":"product","2":"type-product","3":"status-publish","4":"has-post-thumbnail","6":"product_cat-berlin-es","7":"product_cat-man-es","8":"product_tag-camisetas-y-tops","10":"first","11":"instock","12":"taxable","13":"shipping-taxable","14":"purchasable","15":"product-type-variable","16":"has-default-attributes"},"yoast_head":"<!-- This site is optimized with the Yoast SEO plugin v27.4 - https:\/\/yoast.com\/product\/yoast-seo-wordpress\/ -->\n<title>BODY AJUSTADO BERLIN - Ruben Galarreta Tienda<\/title>\n<meta name=\"description\" content=\"Leggins de encaje negro pertenecientes a la colecci\u00f3n Dark Roses dise\u00f1ados en exclusiva por Rub\u00e9n Galarreta en Espa\u00f1a. Compra en la web.\" \/>\n<meta name=\"robots\" content=\"index, follow, max-snippet:-1, max-image-preview:large, max-video-preview:-1\" \/>\n<link rel=\"canonical\" href=\"https:\/\/www.rubengalarreta.com\/es\/product\/man-es\/berlin-es\/body-ajustado-berlin\/\" \/>\n<meta property=\"og:locale\" content=\"es_ES\" \/>\n<meta property=\"og:type\" content=\"article\" \/>\n<meta property=\"og:title\" content=\"BODY AJUSTADO BERLIN - Ruben Galarreta Tienda\" \/>\n<meta property=\"og:description\" content=\"Leggins de encaje negro pertenecientes a la colecci\u00f3n Dark Roses dise\u00f1ados en exclusiva por Rub\u00e9n Galarreta en Espa\u00f1a. Compra en la web.\" \/>\n<meta property=\"og:url\" content=\"https:\/\/www.rubengalarreta.com\/es\/product\/man-es\/berlin-es\/body-ajustado-berlin\/\" \/>\n<meta property=\"og:site_name\" content=\"Ruben Galarreta\" \/>\n<meta property=\"article:modified_time\" content=\"2025-06-20T09:28:20+00:00\" \/>\n<meta property=\"og:image\" content=\"https:\/\/www.rubengalarreta.com\/wp-content\/uploads\/2023\/11\/1-ruben-galarreta-berlin-collection-men-wear-hot-2023-flock-tight-long-leeve-BODYUIT-FRONT.jpg\" \/>\n\t<meta property=\"og:image:width\" content=\"704\" \/>\n\t<meta property=\"og:image:height\" content=\"1000\" \/>\n\t<meta property=\"og:image:type\" content=\"image\/jpeg\" \/>\n<meta name=\"twitter:card\" content=\"summary_large_image\" \/>\n<meta name=\"twitter:label1\" content=\"Tiempo de lectura\" \/>\n\t<meta name=\"twitter:data1\" content=\"2 minutos\" \/>\n<script type=\"application\/ld+json\" class=\"yoast-schema-graph\">{\"@context\":\"https:\\\/\\\/schema.org\",\"@graph\":[{\"@type\":\"WebPage\",\"@id\":\"https:\\\/\\\/www.rubengalarreta.com\\\/es\\\/product\\\/man-es\\\/berlin-es\\\/body-ajustado-berlin\\\/\",\"url\":\"https:\\\/\\\/www.rubengalarreta.com\\\/es\\\/product\\\/man-es\\\/berlin-es\\\/body-ajustado-berlin\\\/\",\"name\":\"BODY AJUSTADO BERLIN - Ruben Galarreta Tienda\",\"isPartOf\":{\"@id\":\"https:\\\/\\\/www.rubengalarreta.com\\\/es\\\/#website\"},\"primaryImageOfPage\":{\"@id\":\"https:\\\/\\\/www.rubengalarreta.com\\\/es\\\/product\\\/man-es\\\/berlin-es\\\/body-ajustado-berlin\\\/#primaryimage\"},\"image\":{\"@id\":\"https:\\\/\\\/www.rubengalarreta.com\\\/es\\\/product\\\/man-es\\\/berlin-es\\\/body-ajustado-berlin\\\/#primaryimage\"},\"thumbnailUrl\":\"https:\\\/\\\/www.rubengalarreta.com\\\/wp-content\\\/uploads\\\/2023\\\/11\\\/1-ruben-galarreta-berlin-collection-men-wear-hot-2023-flock-tight-long-leeve-BODYUIT-FRONT.jpg\",\"datePublished\":\"2023-11-16T18:58:49+00:00\",\"dateModified\":\"2025-06-20T09:28:20+00:00\",\"description\":\"Leggins de encaje negro pertenecientes a la colecci\u00f3n Dark Roses dise\u00f1ados en exclusiva por Rub\u00e9n Galarreta en Espa\u00f1a. Compra en la web.\",\"breadcrumb\":{\"@id\":\"https:\\\/\\\/www.rubengalarreta.com\\\/es\\\/product\\\/man-es\\\/berlin-es\\\/body-ajustado-berlin\\\/#breadcrumb\"},\"inLanguage\":\"es\",\"potentialAction\":[{\"@type\":\"ReadAction\",\"target\":[\"https:\\\/\\\/www.rubengalarreta.com\\\/es\\\/product\\\/man-es\\\/berlin-es\\\/body-ajustado-berlin\\\/\"]}]},{\"@type\":\"ImageObject\",\"inLanguage\":\"es\",\"@id\":\"https:\\\/\\\/www.rubengalarreta.com\\\/es\\\/product\\\/man-es\\\/berlin-es\\\/body-ajustado-berlin\\\/#primaryimage\",\"url\":\"https:\\\/\\\/www.rubengalarreta.com\\\/wp-content\\\/uploads\\\/2023\\\/11\\\/1-ruben-galarreta-berlin-collection-men-wear-hot-2023-flock-tight-long-leeve-BODYUIT-FRONT.jpg\",\"contentUrl\":\"https:\\\/\\\/www.rubengalarreta.com\\\/wp-content\\\/uploads\\\/2023\\\/11\\\/1-ruben-galarreta-berlin-collection-men-wear-hot-2023-flock-tight-long-leeve-BODYUIT-FRONT.jpg\",\"width\":704,\"height\":1000},{\"@type\":\"BreadcrumbList\",\"@id\":\"https:\\\/\\\/www.rubengalarreta.com\\\/es\\\/product\\\/man-es\\\/berlin-es\\\/body-ajustado-berlin\\\/#breadcrumb\",\"itemListElement\":[{\"@type\":\"ListItem\",\"position\":1,\"name\":\"Home\",\"item\":\"https:\\\/\\\/www.rubengalarreta.com\\\/es\\\/\"},{\"@type\":\"ListItem\",\"position\":2,\"name\":\"Tienda Online\",\"item\":\"https:\\\/\\\/www.rubengalarreta.com\\\/es\\\/tienda-2\\\/\"},{\"@type\":\"ListItem\",\"position\":3,\"name\":\"BODY AJUSTADO BERLIN\"}]},{\"@type\":\"WebSite\",\"@id\":\"https:\\\/\\\/www.rubengalarreta.com\\\/es\\\/#website\",\"url\":\"https:\\\/\\\/www.rubengalarreta.com\\\/es\\\/\",\"name\":\"Ruben Galarreta\",\"description\":\"Hot Couture | Online Store\",\"publisher\":{\"@id\":\"https:\\\/\\\/www.rubengalarreta.com\\\/es\\\/#organization\"},\"potentialAction\":[{\"@type\":\"SearchAction\",\"target\":{\"@type\":\"EntryPoint\",\"urlTemplate\":\"https:\\\/\\\/www.rubengalarreta.com\\\/es\\\/?s={search_term_string}\"},\"query-input\":{\"@type\":\"PropertyValueSpecification\",\"valueRequired\":true,\"valueName\":\"search_term_string\"}}],\"inLanguage\":\"es\"},{\"@type\":\"Organization\",\"@id\":\"https:\\\/\\\/www.rubengalarreta.com\\\/es\\\/#organization\",\"name\":\"Ruben Galarreta\",\"url\":\"https:\\\/\\\/www.rubengalarreta.com\\\/es\\\/\",\"logo\":{\"@type\":\"ImageObject\",\"inLanguage\":\"es\",\"@id\":\"https:\\\/\\\/www.rubengalarreta.com\\\/es\\\/#\\\/schema\\\/logo\\\/image\\\/\",\"url\":\"https:\\\/\\\/www.rubengalarreta.com\\\/wp-content\\\/uploads\\\/2019\\\/10\\\/rubengalarreta-menswear.jpg\",\"contentUrl\":\"https:\\\/\\\/www.rubengalarreta.com\\\/wp-content\\\/uploads\\\/2019\\\/10\\\/rubengalarreta-menswear.jpg\",\"width\":1141,\"height\":146,\"caption\":\"Ruben Galarreta\"},\"image\":{\"@id\":\"https:\\\/\\\/www.rubengalarreta.com\\\/es\\\/#\\\/schema\\\/logo\\\/image\\\/\"}}]}<\/script>\n<!-- \/ Yoast SEO plugin. -->","yoast_head_json":{"title":"BODY AJUSTADO BERLIN - Ruben Galarreta Tienda","description":"Leggins de encaje negro pertenecientes a la colecci\u00f3n Dark Roses dise\u00f1ados en exclusiva por Rub\u00e9n Galarreta en Espa\u00f1a. Compra en la web.","robots":{"index":"index","follow":"follow","max-snippet":"max-snippet:-1","max-image-preview":"max-image-preview:large","max-video-preview":"max-video-preview:-1"},"canonical":"https:\/\/www.rubengalarreta.com\/es\/product\/man-es\/berlin-es\/body-ajustado-berlin\/","og_locale":"es_ES","og_type":"article","og_title":"BODY AJUSTADO BERLIN - Ruben Galarreta Tienda","og_description":"Leggins de encaje negro pertenecientes a la colecci\u00f3n Dark Roses dise\u00f1ados en exclusiva por Rub\u00e9n Galarreta en Espa\u00f1a. Compra en la web.","og_url":"https:\/\/www.rubengalarreta.com\/es\/product\/man-es\/berlin-es\/body-ajustado-berlin\/","og_site_name":"Ruben Galarreta","article_modified_time":"2025-06-20T09:28:20+00:00","og_image":[{"width":704,"height":1000,"url":"https:\/\/www.rubengalarreta.com\/wp-content\/uploads\/2023\/11\/1-ruben-galarreta-berlin-collection-men-wear-hot-2023-flock-tight-long-leeve-BODYUIT-FRONT.jpg","type":"image\/jpeg"}],"twitter_card":"summary_large_image","twitter_misc":{"Tiempo de lectura":"2 minutos"},"schema":{"@context":"https:\/\/schema.org","@graph":[{"@type":"WebPage","@id":"https:\/\/www.rubengalarreta.com\/es\/product\/man-es\/berlin-es\/body-ajustado-berlin\/","url":"https:\/\/www.rubengalarreta.com\/es\/product\/man-es\/berlin-es\/body-ajustado-berlin\/","name":"BODY AJUSTADO BERLIN - Ruben Galarreta Tienda","isPartOf":{"@id":"https:\/\/www.rubengalarreta.com\/es\/#website"},"primaryImageOfPage":{"@id":"https:\/\/www.rubengalarreta.com\/es\/product\/man-es\/berlin-es\/body-ajustado-berlin\/#primaryimage"},"image":{"@id":"https:\/\/www.rubengalarreta.com\/es\/product\/man-es\/berlin-es\/body-ajustado-berlin\/#primaryimage"},"thumbnailUrl":"https:\/\/www.rubengalarreta.com\/wp-content\/uploads\/2023\/11\/1-ruben-galarreta-berlin-collection-men-wear-hot-2023-flock-tight-long-leeve-BODYUIT-FRONT.jpg","datePublished":"2023-11-16T18:58:49+00:00","dateModified":"2025-06-20T09:28:20+00:00","description":"Leggins de encaje negro pertenecientes a la colecci\u00f3n Dark Roses dise\u00f1ados en exclusiva por Rub\u00e9n Galarreta en Espa\u00f1a. Compra en la web.","breadcrumb":{"@id":"https:\/\/www.rubengalarreta.com\/es\/product\/man-es\/berlin-es\/body-ajustado-berlin\/#breadcrumb"},"inLanguage":"es","potentialAction":[{"@type":"ReadAction","target":["https:\/\/www.rubengalarreta.com\/es\/product\/man-es\/berlin-es\/body-ajustado-berlin\/"]}]},{"@type":"ImageObject","inLanguage":"es","@id":"https:\/\/www.rubengalarreta.com\/es\/product\/man-es\/berlin-es\/body-ajustado-berlin\/#primaryimage","url":"https:\/\/www.rubengalarreta.com\/wp-content\/uploads\/2023\/11\/1-ruben-galarreta-berlin-collection-men-wear-hot-2023-flock-tight-long-leeve-BODYUIT-FRONT.jpg","contentUrl":"https:\/\/www.rubengalarreta.com\/wp-content\/uploads\/2023\/11\/1-ruben-galarreta-berlin-collection-men-wear-hot-2023-flock-tight-long-leeve-BODYUIT-FRONT.jpg","width":704,"height":1000},{"@type":"BreadcrumbList","@id":"https:\/\/www.rubengalarreta.com\/es\/product\/man-es\/berlin-es\/body-ajustado-berlin\/#breadcrumb","itemListElement":[{"@type":"ListItem","position":1,"name":"Home","item":"https:\/\/www.rubengalarreta.com\/es\/"},{"@type":"ListItem","position":2,"name":"Tienda Online","item":"https:\/\/www.rubengalarreta.com\/es\/tienda-2\/"},{"@type":"ListItem","position":3,"name":"BODY AJUSTADO BERLIN"}]},{"@type":"WebSite","@id":"https:\/\/www.rubengalarreta.com\/es\/#website","url":"https:\/\/www.rubengalarreta.com\/es\/","name":"Ruben Galarreta","description":"Hot Couture | Online Store","publisher":{"@id":"https:\/\/www.rubengalarreta.com\/es\/#organization"},"potentialAction":[{"@type":"SearchAction","target":{"@type":"EntryPoint","urlTemplate":"https:\/\/www.rubengalarreta.com\/es\/?s={search_term_string}"},"query-input":{"@type":"PropertyValueSpecification","valueRequired":true,"valueName":"search_term_string"}}],"inLanguage":"es"},{"@type":"Organization","@id":"https:\/\/www.rubengalarreta.com\/es\/#organization","name":"Ruben Galarreta","url":"https:\/\/www.rubengalarreta.com\/es\/","logo":{"@type":"ImageObject","inLanguage":"es","@id":"https:\/\/www.rubengalarreta.com\/es\/#\/schema\/logo\/image\/","url":"https:\/\/www.rubengalarreta.com\/wp-content\/uploads\/2019\/10\/rubengalarreta-menswear.jpg","contentUrl":"https:\/\/www.rubengalarreta.com\/wp-content\/uploads\/2019\/10\/rubengalarreta-menswear.jpg","width":1141,"height":146,"caption":"Ruben Galarreta"},"image":{"@id":"https:\/\/www.rubengalarreta.com\/es\/#\/schema\/logo\/image\/"}}]}},"_links":{"self":[{"href":"https:\/\/www.rubengalarreta.com\/es\/wp-json\/wp\/v2\/product\/94465","targetHints":{"allow":["GET"]}}],"collection":[{"href":"https:\/\/www.rubengalarreta.com\/es\/wp-json\/wp\/v2\/product"}],"about":[{"href":"https:\/\/www.rubengalarreta.com\/es\/wp-json\/wp\/v2\/types\/product"}],"replies":[{"embeddable":true,"href":"https:\/\/www.rubengalarreta.com\/es\/wp-json\/wp\/v2\/comments?post=94465"}],"wp:featuredmedia":[{"embeddable":true,"href":"https:\/\/www.rubengalarreta.com\/es\/wp-json\/wp\/v2\/media\/94511"}],"wp:attachment":[{"href":"https:\/\/www.rubengalarreta.com\/es\/wp-json\/wp\/v2\/media?parent=94465"}],"wp:term":[{"taxonomy":"product_brand","embeddable":true,"href":"https:\/\/www.rubengalarreta.com\/es\/wp-json\/wp\/v2\/product_brand?post=94465"},{"taxonomy":"product_cat","embeddable":true,"href":"https:\/\/www.rubengalarreta.com\/es\/wp-json\/wp\/v2\/product_cat?post=94465"},{"taxonomy":"product_tag","embeddable":true,"href":"https:\/\/www.rubengalarreta.com\/es\/wp-json\/wp\/v2\/product_tag?post=94465"}],"curies":[{"name":"wp","href":"https:\/\/api.w.org\/{rel}","templated":true}]}}