{"id":94439,"date":"2023-11-15T20:48:32","date_gmt":"2023-11-15T19:49:04","guid":{"rendered":"https:\/\/www.rubengalarreta.com\/?post_type=product&#038;p=94439"},"modified":"2025-05-08T15:48:03","modified_gmt":"2025-05-08T13:48:03","slug":"boxer-transparente-berlin","status":"publish","type":"product","link":"https:\/\/www.rubengalarreta.com\/es\/product\/man-es\/berlin-es\/boxer-transparente-berlin\/","title":{"rendered":"BOXER TRANSPARENTE BERLIN"},"content":{"rendered":"<p><b>BOXER TRANSPARENTE BERLIN<\/b><\/p>\n<p><strong>DESCRIPCI\u00d3N<\/strong><\/p>\n<p>TOMANDO COMO INSPIRACI\u00d3N LA ROPA INTERIOR DE ANTES, OS PRESENTAMOS ESTA NUEVA VERSI\u00d3N REDISE\u00d1ADA DE LOS BOXERS DE PATA DE TODA LA VIDA LLEVADOS A UN NUEVO NIVEL. DE CORTE HOLGADO Y\u00a0 FABRICADOS EN NUESTRO NUEVO TEJIDO TRANSPARENTE IMPRESO CON NUESTRO LOGO EN TERCIOPELO, Y CON NUESTRO NUEVO LOGOTIPO DE SILICONA EN LA CINTURA SON SUAVES Y C\u00d3MODOS MANTENIENDO HACIENDO DE ELLOS EL EQUILIBRIO PERFECTO, APORTANDO COMODIDAD EN SU CONTACTO CON LA PIEL Y DANDO ESTILO A TU LOOK. NUESTRAS CINTURILLAS EN LA ROPA INTERIOR EST\u00c1N PENSADAS PARA SER VISTAS. AS\u00cd QUE PREP\u00c1RATE PARA BAJARTE LOS PANTALONES EXACTAMENTE HASTA DONDE QUIERAS MOSTRAR! A SU VEZ, ESTAMOS FELICES DE ANUNCIAR QUE DEBIDO A LA ALTA DEMANDA DE LA TALLA XL, HEMOS CREADO STOCK<\/p>\n<p><b>RUBEN&#8217;S STYLE TIPS<\/b><\/p>\n<p>COMO DIJIMOS, NUESTRA ROPA INTERIOR EST\u00c1 DISE\u00d1ADA PARA SER MOSTRADA, LOS PUEDES COMBINAR CON NUESTROS PANTALONES CARGO DE REJILLA BAJ\u00c1NDOLOS TANTO COMO QUIERAS QUE TU ROPA INTERIOR SE VEA, PUEDES HACER LO MISMO CON TUS VAQUEROS REVIVIENDO LA ERA DE LOS 90 EN TUS LOOKS. PERO SI SOMOS 100% SINCEROS NOS ENCANTAR\u00cdA QUE LOS USARAS SIN PANTALONES (PARA ESTA VERSI\u00d3N NO OLVIDES USAR ROPA INTERIOR EXTRA DEBAJO YA QUE SON COMPLETAMENTE TRANSPARENTES) COMBINALOS CON NUESTRA CAMISETA DE MANGA LARGA TRANSPARENTE, UNA BLAZER NEGRA Y UN PAR DE BOTAS MILITARES O COWBOY Y PREP\u00c1RATE PARA SER LA ESTRELLA DE LA NOCHE!<\/p>\n","protected":false},"excerpt":{"rendered":"<p><strong>BOXER TRANSPARENTE BERLIN<\/strong><\/p>\n<p>DISPONIBLE EN ESTE ART\u00cdCULO EN CUATRO TALLAS DIFERENTES, INCLUIDO EL TAMA\u00d1O EXTRA GRANDE!<\/p>\n","protected":false},"featured_media":94745,"comment_status":"closed","ping_status":"closed","template":"","meta":{"_monsterinsights_skip_tracking":false,"_monsterinsights_sitenote_active":false,"_monsterinsights_sitenote_note":"","_monsterinsights_sitenote_category":0},"product_brand":[],"product_cat":[5889,1921],"product_tag":[5046,2169],"class_list":{"0":"post-94439","1":"product","2":"type-product","3":"status-publish","4":"has-post-thumbnail","6":"product_cat-berlin-es","7":"product_cat-man-es","8":"product_tag-intimo-calcetines","9":"product_tag-pantalones-shorts","11":"first","12":"instock","13":"taxable","14":"shipping-taxable","15":"purchasable","16":"product-type-variable","17":"has-default-attributes"},"yoast_head":"<!-- This site is optimized with the Yoast SEO plugin v27.5 - https:\/\/yoast.com\/product\/yoast-seo-wordpress\/ -->\n<title>BOXER TRANSPARENTE BERLIN - Ruben Galarreta Tienda<\/title>\n<meta name=\"description\" content=\"Leggins de encaje negro pertenecientes a la colecci\u00f3n Dark Roses dise\u00f1ados en exclusiva por Rub\u00e9n Galarreta en Espa\u00f1a. Compra en la web.\" \/>\n<meta name=\"robots\" content=\"index, follow, max-snippet:-1, max-image-preview:large, max-video-preview:-1\" \/>\n<link rel=\"canonical\" href=\"https:\/\/www.rubengalarreta.com\/es\/product\/man-es\/berlin-es\/boxer-transparente-berlin\/\" \/>\n<meta property=\"og:locale\" content=\"es_ES\" \/>\n<meta property=\"og:type\" content=\"article\" \/>\n<meta property=\"og:title\" content=\"BOXER TRANSPARENTE BERLIN - Ruben Galarreta Tienda\" \/>\n<meta property=\"og:description\" content=\"Leggins de encaje negro pertenecientes a la colecci\u00f3n Dark Roses dise\u00f1ados en exclusiva por Rub\u00e9n Galarreta en Espa\u00f1a. Compra en la web.\" \/>\n<meta property=\"og:url\" content=\"https:\/\/www.rubengalarreta.com\/es\/product\/man-es\/berlin-es\/boxer-transparente-berlin\/\" \/>\n<meta property=\"og:site_name\" content=\"Ruben Galarreta\" \/>\n<meta property=\"article:modified_time\" content=\"2025-05-08T13:48:03+00:00\" \/>\n<meta property=\"og:image\" content=\"https:\/\/www.rubengalarreta.com\/wp-content\/uploads\/2023\/11\/1-ruben-galarreta-berlin-collection-men-wear-hot-2023-flock-boxer-front.jpg\" \/>\n\t<meta property=\"og:image:width\" content=\"704\" \/>\n\t<meta property=\"og:image:height\" content=\"1000\" \/>\n\t<meta property=\"og:image:type\" content=\"image\/jpeg\" \/>\n<meta name=\"twitter:card\" content=\"summary_large_image\" \/>\n<meta name=\"twitter:label1\" content=\"Tiempo de lectura\" \/>\n\t<meta name=\"twitter:data1\" content=\"2 minutos\" \/>\n<script type=\"application\/ld+json\" class=\"yoast-schema-graph\">{\"@context\":\"https:\\\/\\\/schema.org\",\"@graph\":[{\"@type\":\"WebPage\",\"@id\":\"https:\\\/\\\/www.rubengalarreta.com\\\/es\\\/product\\\/man-es\\\/berlin-es\\\/boxer-transparente-berlin\\\/\",\"url\":\"https:\\\/\\\/www.rubengalarreta.com\\\/es\\\/product\\\/man-es\\\/berlin-es\\\/boxer-transparente-berlin\\\/\",\"name\":\"BOXER TRANSPARENTE BERLIN - Ruben Galarreta Tienda\",\"isPartOf\":{\"@id\":\"https:\\\/\\\/www.rubengalarreta.com\\\/es\\\/#website\"},\"primaryImageOfPage\":{\"@id\":\"https:\\\/\\\/www.rubengalarreta.com\\\/es\\\/product\\\/man-es\\\/berlin-es\\\/boxer-transparente-berlin\\\/#primaryimage\"},\"image\":{\"@id\":\"https:\\\/\\\/www.rubengalarreta.com\\\/es\\\/product\\\/man-es\\\/berlin-es\\\/boxer-transparente-berlin\\\/#primaryimage\"},\"thumbnailUrl\":\"https:\\\/\\\/www.rubengalarreta.com\\\/wp-content\\\/uploads\\\/2023\\\/11\\\/1-ruben-galarreta-berlin-collection-men-wear-hot-2023-flock-boxer-front.jpg\",\"datePublished\":\"2023-11-15T19:49:04+00:00\",\"dateModified\":\"2025-05-08T13:48:03+00:00\",\"description\":\"Leggins de encaje negro pertenecientes a la colecci\u00f3n Dark Roses dise\u00f1ados en exclusiva por Rub\u00e9n Galarreta en Espa\u00f1a. Compra en la web.\",\"breadcrumb\":{\"@id\":\"https:\\\/\\\/www.rubengalarreta.com\\\/es\\\/product\\\/man-es\\\/berlin-es\\\/boxer-transparente-berlin\\\/#breadcrumb\"},\"inLanguage\":\"es\",\"potentialAction\":[{\"@type\":\"ReadAction\",\"target\":[\"https:\\\/\\\/www.rubengalarreta.com\\\/es\\\/product\\\/man-es\\\/berlin-es\\\/boxer-transparente-berlin\\\/\"]}]},{\"@type\":\"ImageObject\",\"inLanguage\":\"es\",\"@id\":\"https:\\\/\\\/www.rubengalarreta.com\\\/es\\\/product\\\/man-es\\\/berlin-es\\\/boxer-transparente-berlin\\\/#primaryimage\",\"url\":\"https:\\\/\\\/www.rubengalarreta.com\\\/wp-content\\\/uploads\\\/2023\\\/11\\\/1-ruben-galarreta-berlin-collection-men-wear-hot-2023-flock-boxer-front.jpg\",\"contentUrl\":\"https:\\\/\\\/www.rubengalarreta.com\\\/wp-content\\\/uploads\\\/2023\\\/11\\\/1-ruben-galarreta-berlin-collection-men-wear-hot-2023-flock-boxer-front.jpg\",\"width\":704,\"height\":1000},{\"@type\":\"BreadcrumbList\",\"@id\":\"https:\\\/\\\/www.rubengalarreta.com\\\/es\\\/product\\\/man-es\\\/berlin-es\\\/boxer-transparente-berlin\\\/#breadcrumb\",\"itemListElement\":[{\"@type\":\"ListItem\",\"position\":1,\"name\":\"Home\",\"item\":\"https:\\\/\\\/www.rubengalarreta.com\\\/es\\\/\"},{\"@type\":\"ListItem\",\"position\":2,\"name\":\"Tienda Online\",\"item\":\"https:\\\/\\\/www.rubengalarreta.com\\\/es\\\/tienda-2\\\/\"},{\"@type\":\"ListItem\",\"position\":3,\"name\":\"BOXER TRANSPARENTE BERLIN\"}]},{\"@type\":\"WebSite\",\"@id\":\"https:\\\/\\\/www.rubengalarreta.com\\\/es\\\/#website\",\"url\":\"https:\\\/\\\/www.rubengalarreta.com\\\/es\\\/\",\"name\":\"Ruben Galarreta\",\"description\":\"Hot Couture | Online Store\",\"publisher\":{\"@id\":\"https:\\\/\\\/www.rubengalarreta.com\\\/es\\\/#organization\"},\"potentialAction\":[{\"@type\":\"SearchAction\",\"target\":{\"@type\":\"EntryPoint\",\"urlTemplate\":\"https:\\\/\\\/www.rubengalarreta.com\\\/es\\\/?s={search_term_string}\"},\"query-input\":{\"@type\":\"PropertyValueSpecification\",\"valueRequired\":true,\"valueName\":\"search_term_string\"}}],\"inLanguage\":\"es\"},{\"@type\":\"Organization\",\"@id\":\"https:\\\/\\\/www.rubengalarreta.com\\\/es\\\/#organization\",\"name\":\"Ruben Galarreta\",\"url\":\"https:\\\/\\\/www.rubengalarreta.com\\\/es\\\/\",\"logo\":{\"@type\":\"ImageObject\",\"inLanguage\":\"es\",\"@id\":\"https:\\\/\\\/www.rubengalarreta.com\\\/es\\\/#\\\/schema\\\/logo\\\/image\\\/\",\"url\":\"https:\\\/\\\/www.rubengalarreta.com\\\/wp-content\\\/uploads\\\/2019\\\/10\\\/rubengalarreta-menswear.jpg\",\"contentUrl\":\"https:\\\/\\\/www.rubengalarreta.com\\\/wp-content\\\/uploads\\\/2019\\\/10\\\/rubengalarreta-menswear.jpg\",\"width\":1141,\"height\":146,\"caption\":\"Ruben Galarreta\"},\"image\":{\"@id\":\"https:\\\/\\\/www.rubengalarreta.com\\\/es\\\/#\\\/schema\\\/logo\\\/image\\\/\"}}]}<\/script>\n<!-- \/ Yoast SEO plugin. -->","yoast_head_json":{"title":"BOXER TRANSPARENTE BERLIN - Ruben Galarreta Tienda","description":"Leggins de encaje negro pertenecientes a la colecci\u00f3n Dark Roses dise\u00f1ados en exclusiva por Rub\u00e9n Galarreta en Espa\u00f1a. Compra en la web.","robots":{"index":"index","follow":"follow","max-snippet":"max-snippet:-1","max-image-preview":"max-image-preview:large","max-video-preview":"max-video-preview:-1"},"canonical":"https:\/\/www.rubengalarreta.com\/es\/product\/man-es\/berlin-es\/boxer-transparente-berlin\/","og_locale":"es_ES","og_type":"article","og_title":"BOXER TRANSPARENTE BERLIN - Ruben Galarreta Tienda","og_description":"Leggins de encaje negro pertenecientes a la colecci\u00f3n Dark Roses dise\u00f1ados en exclusiva por Rub\u00e9n Galarreta en Espa\u00f1a. Compra en la web.","og_url":"https:\/\/www.rubengalarreta.com\/es\/product\/man-es\/berlin-es\/boxer-transparente-berlin\/","og_site_name":"Ruben Galarreta","article_modified_time":"2025-05-08T13:48:03+00:00","og_image":[{"width":704,"height":1000,"url":"https:\/\/www.rubengalarreta.com\/wp-content\/uploads\/2023\/11\/1-ruben-galarreta-berlin-collection-men-wear-hot-2023-flock-boxer-front.jpg","type":"image\/jpeg"}],"twitter_card":"summary_large_image","twitter_misc":{"Tiempo de lectura":"2 minutos"},"schema":{"@context":"https:\/\/schema.org","@graph":[{"@type":"WebPage","@id":"https:\/\/www.rubengalarreta.com\/es\/product\/man-es\/berlin-es\/boxer-transparente-berlin\/","url":"https:\/\/www.rubengalarreta.com\/es\/product\/man-es\/berlin-es\/boxer-transparente-berlin\/","name":"BOXER TRANSPARENTE BERLIN - Ruben Galarreta Tienda","isPartOf":{"@id":"https:\/\/www.rubengalarreta.com\/es\/#website"},"primaryImageOfPage":{"@id":"https:\/\/www.rubengalarreta.com\/es\/product\/man-es\/berlin-es\/boxer-transparente-berlin\/#primaryimage"},"image":{"@id":"https:\/\/www.rubengalarreta.com\/es\/product\/man-es\/berlin-es\/boxer-transparente-berlin\/#primaryimage"},"thumbnailUrl":"https:\/\/www.rubengalarreta.com\/wp-content\/uploads\/2023\/11\/1-ruben-galarreta-berlin-collection-men-wear-hot-2023-flock-boxer-front.jpg","datePublished":"2023-11-15T19:49:04+00:00","dateModified":"2025-05-08T13:48:03+00:00","description":"Leggins de encaje negro pertenecientes a la colecci\u00f3n Dark Roses dise\u00f1ados en exclusiva por Rub\u00e9n Galarreta en Espa\u00f1a. Compra en la web.","breadcrumb":{"@id":"https:\/\/www.rubengalarreta.com\/es\/product\/man-es\/berlin-es\/boxer-transparente-berlin\/#breadcrumb"},"inLanguage":"es","potentialAction":[{"@type":"ReadAction","target":["https:\/\/www.rubengalarreta.com\/es\/product\/man-es\/berlin-es\/boxer-transparente-berlin\/"]}]},{"@type":"ImageObject","inLanguage":"es","@id":"https:\/\/www.rubengalarreta.com\/es\/product\/man-es\/berlin-es\/boxer-transparente-berlin\/#primaryimage","url":"https:\/\/www.rubengalarreta.com\/wp-content\/uploads\/2023\/11\/1-ruben-galarreta-berlin-collection-men-wear-hot-2023-flock-boxer-front.jpg","contentUrl":"https:\/\/www.rubengalarreta.com\/wp-content\/uploads\/2023\/11\/1-ruben-galarreta-berlin-collection-men-wear-hot-2023-flock-boxer-front.jpg","width":704,"height":1000},{"@type":"BreadcrumbList","@id":"https:\/\/www.rubengalarreta.com\/es\/product\/man-es\/berlin-es\/boxer-transparente-berlin\/#breadcrumb","itemListElement":[{"@type":"ListItem","position":1,"name":"Home","item":"https:\/\/www.rubengalarreta.com\/es\/"},{"@type":"ListItem","position":2,"name":"Tienda Online","item":"https:\/\/www.rubengalarreta.com\/es\/tienda-2\/"},{"@type":"ListItem","position":3,"name":"BOXER TRANSPARENTE BERLIN"}]},{"@type":"WebSite","@id":"https:\/\/www.rubengalarreta.com\/es\/#website","url":"https:\/\/www.rubengalarreta.com\/es\/","name":"Ruben Galarreta","description":"Hot Couture | Online Store","publisher":{"@id":"https:\/\/www.rubengalarreta.com\/es\/#organization"},"potentialAction":[{"@type":"SearchAction","target":{"@type":"EntryPoint","urlTemplate":"https:\/\/www.rubengalarreta.com\/es\/?s={search_term_string}"},"query-input":{"@type":"PropertyValueSpecification","valueRequired":true,"valueName":"search_term_string"}}],"inLanguage":"es"},{"@type":"Organization","@id":"https:\/\/www.rubengalarreta.com\/es\/#organization","name":"Ruben Galarreta","url":"https:\/\/www.rubengalarreta.com\/es\/","logo":{"@type":"ImageObject","inLanguage":"es","@id":"https:\/\/www.rubengalarreta.com\/es\/#\/schema\/logo\/image\/","url":"https:\/\/www.rubengalarreta.com\/wp-content\/uploads\/2019\/10\/rubengalarreta-menswear.jpg","contentUrl":"https:\/\/www.rubengalarreta.com\/wp-content\/uploads\/2019\/10\/rubengalarreta-menswear.jpg","width":1141,"height":146,"caption":"Ruben Galarreta"},"image":{"@id":"https:\/\/www.rubengalarreta.com\/es\/#\/schema\/logo\/image\/"}}]}},"_links":{"self":[{"href":"https:\/\/www.rubengalarreta.com\/es\/wp-json\/wp\/v2\/product\/94439","targetHints":{"allow":["GET"]}}],"collection":[{"href":"https:\/\/www.rubengalarreta.com\/es\/wp-json\/wp\/v2\/product"}],"about":[{"href":"https:\/\/www.rubengalarreta.com\/es\/wp-json\/wp\/v2\/types\/product"}],"replies":[{"embeddable":true,"href":"https:\/\/www.rubengalarreta.com\/es\/wp-json\/wp\/v2\/comments?post=94439"}],"wp:featuredmedia":[{"embeddable":true,"href":"https:\/\/www.rubengalarreta.com\/es\/wp-json\/wp\/v2\/media\/94745"}],"wp:attachment":[{"href":"https:\/\/www.rubengalarreta.com\/es\/wp-json\/wp\/v2\/media?parent=94439"}],"wp:term":[{"taxonomy":"product_brand","embeddable":true,"href":"https:\/\/www.rubengalarreta.com\/es\/wp-json\/wp\/v2\/product_brand?post=94439"},{"taxonomy":"product_cat","embeddable":true,"href":"https:\/\/www.rubengalarreta.com\/es\/wp-json\/wp\/v2\/product_cat?post=94439"},{"taxonomy":"product_tag","embeddable":true,"href":"https:\/\/www.rubengalarreta.com\/es\/wp-json\/wp\/v2\/product_tag?post=94439"}],"curies":[{"name":"wp","href":"https:\/\/api.w.org\/{rel}","templated":true}]}}