{"id":88005,"date":"2022-07-05T10:16:55","date_gmt":"2022-07-05T08:17:08","guid":{"rendered":"https:\/\/www.rubengalarreta.com\/?post_type=product&#038;p=88005"},"modified":"2023-07-21T22:27:15","modified_gmt":"2023-07-21T20:27:15","slug":"arnes-choker-plata","status":"publish","type":"product","link":"https:\/\/www.rubengalarreta.com\/es\/product\/man-es\/accessories-m-es\/arnes-choker-plata\/","title":{"rendered":"ARN\u00c9S CHOKER PLATA"},"content":{"rendered":"<h2><strong>ARN\u00c9S CHOKER PLATA<\/strong><\/h2>\n<table style=\"width: 100%; border-collapse: collapse; border-style: none; height: 134px;\">\n<tbody>\n<tr style=\"height: 62px;\">\n<td style=\"width: 50%; vertical-align: top; height: 62px; border-style: hidden;\"><strong><span style=\"color: #000000;\"><span style=\"font-family: trebuchet ms, geneva, sans-serif;\">DETALLES DE PRODUCTO:<\/span><\/span><\/strong><br \/>\n<span style=\"font-family: 'trebuchet ms', geneva, sans-serif; color: #999999;\">-El\u00e1sticos con logo de Ruben Galarreta<\/span><br \/>\n<span style=\"font-family: 'trebuchet ms', geneva, sans-serif; color: #999999;\">-Anillo y cadenas 100% aluminio color plata<\/span><\/td>\n<td style=\"width: 50%; vertical-align: top; height: 62px; border-style: hidden;\"><strong><span style=\"color: #000000;\"><span style=\"font-family: trebuchet ms, geneva, sans-serif;\">TALLA:<\/span><\/span><\/strong><span style=\"color: #000000;\"><span style=\"font-family: trebuchet ms, geneva, sans-serif;\"><br \/>\n<\/span><\/span><span style=\"color: #999999;\"><span style=\"font-family: trebuchet ms, geneva, sans-serif;\">&#8211; Universal (para todas las tallas)<\/span><\/span><\/td>\n<\/tr>\n<tr style=\"height: 91px;\">\n<td style=\"width: 50%; vertical-align: top; height: 72px; border-style: hidden;\"><strong><span style=\"color: #000000;\"><span style=\"font-family: trebuchet ms, geneva, sans-serif;\">CUIDADOS<\/span><\/span><\/strong><span style=\"color: #000000;\"><span style=\"font-family: trebuchet ms, geneva, sans-serif;\">:<\/span><\/span><br \/>\n<span style=\"font-family: 'trebuchet ms', geneva, sans-serif; color: #999999;\">-Lavar a mano o con un pa\u00f1o h\u00famedo. Seguir instrucciones de cuidado en la etiqueta.<\/span><\/td>\n<td style=\"width: 50%; vertical-align: top; height: 72px; border-style: hidden;\"><\/td>\n<\/tr>\n<\/tbody>\n<\/table>\n<p>&nbsp;<\/p>\n","protected":false},"excerpt":{"rendered":"<h1><strong>ARN\u00c9S CHOKER PLATA<\/strong><\/h1>\n","protected":false},"featured_media":89461,"comment_status":"closed","ping_status":"closed","template":"","meta":{"_monsterinsights_skip_tracking":false,"_monsterinsights_sitenote_active":false,"_monsterinsights_sitenote_note":"","_monsterinsights_sitenote_category":0},"product_brand":[],"product_cat":[1950,1921],"product_tag":[2167],"class_list":{"0":"post-88005","1":"product","2":"type-product","3":"status-publish","4":"has-post-thumbnail","6":"product_cat-accessories-m-es","7":"product_cat-man-es","8":"product_tag-arneses","10":"first","11":"outofstock","12":"taxable","13":"shipping-taxable","14":"purchasable","15":"product-type-simple"},"yoast_head":"<!-- This site is optimized with the Yoast SEO plugin v27.5 - https:\/\/yoast.com\/product\/yoast-seo-wordpress\/ -->\n<title>ARN\u00c9S CHOKER PLATA - Ruben Galarreta<\/title>\n<meta name=\"description\" content=\"Arn\u00e9s de encaje negro perteneciente a la colecci\u00f3n Dark Roses. Dise\u00f1ado en exclusiva por Rub\u00e9n Galarreta en Espa\u00f1a. Compra en nuestra web.\" \/>\n<meta name=\"robots\" content=\"index, follow, max-snippet:-1, max-image-preview:large, max-video-preview:-1\" \/>\n<link rel=\"canonical\" href=\"https:\/\/www.rubengalarreta.com\/es\/product\/man-es\/accessories-m-es\/arnes-choker-plata\/\" \/>\n<meta property=\"og:locale\" content=\"es_ES\" \/>\n<meta property=\"og:type\" content=\"article\" \/>\n<meta property=\"og:title\" content=\"ARN\u00c9S CHOKER PLATA - Ruben Galarreta\" \/>\n<meta property=\"og:description\" content=\"Arn\u00e9s de encaje negro perteneciente a la colecci\u00f3n Dark Roses. Dise\u00f1ado en exclusiva por Rub\u00e9n Galarreta en Espa\u00f1a. Compra en nuestra web.\" \/>\n<meta property=\"og:url\" content=\"https:\/\/www.rubengalarreta.com\/es\/product\/man-es\/accessories-m-es\/arnes-choker-plata\/\" \/>\n<meta property=\"og:site_name\" content=\"Ruben Galarreta\" \/>\n<meta property=\"article:modified_time\" content=\"2023-07-21T20:27:15+00:00\" \/>\n<meta property=\"og:image\" content=\"https:\/\/www.rubengalarreta.com\/wp-content\/uploads\/2022\/09\/ruben-galarreta-mens-wear-style-fashion-harness-silver-edition-choker-front.jpg\" \/>\n\t<meta property=\"og:image:width\" content=\"704\" \/>\n\t<meta property=\"og:image:height\" content=\"1000\" \/>\n\t<meta property=\"og:image:type\" content=\"image\/jpeg\" \/>\n<meta name=\"twitter:card\" content=\"summary_large_image\" \/>\n<meta name=\"twitter:label1\" content=\"Tiempo de lectura\" \/>\n\t<meta name=\"twitter:data1\" content=\"1 minuto\" \/>\n<script type=\"application\/ld+json\" class=\"yoast-schema-graph\">{\"@context\":\"https:\\\/\\\/schema.org\",\"@graph\":[{\"@type\":\"WebPage\",\"@id\":\"https:\\\/\\\/www.rubengalarreta.com\\\/es\\\/product\\\/man-es\\\/accessories-m-es\\\/arnes-choker-plata\\\/\",\"url\":\"https:\\\/\\\/www.rubengalarreta.com\\\/es\\\/product\\\/man-es\\\/accessories-m-es\\\/arnes-choker-plata\\\/\",\"name\":\"ARN\u00c9S CHOKER PLATA - Ruben Galarreta\",\"isPartOf\":{\"@id\":\"https:\\\/\\\/www.rubengalarreta.com\\\/es\\\/#website\"},\"primaryImageOfPage\":{\"@id\":\"https:\\\/\\\/www.rubengalarreta.com\\\/es\\\/product\\\/man-es\\\/accessories-m-es\\\/arnes-choker-plata\\\/#primaryimage\"},\"image\":{\"@id\":\"https:\\\/\\\/www.rubengalarreta.com\\\/es\\\/product\\\/man-es\\\/accessories-m-es\\\/arnes-choker-plata\\\/#primaryimage\"},\"thumbnailUrl\":\"https:\\\/\\\/www.rubengalarreta.com\\\/wp-content\\\/uploads\\\/2022\\\/09\\\/ruben-galarreta-mens-wear-style-fashion-harness-silver-edition-choker-front.jpg\",\"datePublished\":\"2022-07-05T08:17:08+00:00\",\"dateModified\":\"2023-07-21T20:27:15+00:00\",\"description\":\"Arn\u00e9s de encaje negro perteneciente a la colecci\u00f3n Dark Roses. Dise\u00f1ado en exclusiva por Rub\u00e9n Galarreta en Espa\u00f1a. Compra en nuestra web.\",\"breadcrumb\":{\"@id\":\"https:\\\/\\\/www.rubengalarreta.com\\\/es\\\/product\\\/man-es\\\/accessories-m-es\\\/arnes-choker-plata\\\/#breadcrumb\"},\"inLanguage\":\"es\",\"potentialAction\":[{\"@type\":\"ReadAction\",\"target\":[\"https:\\\/\\\/www.rubengalarreta.com\\\/es\\\/product\\\/man-es\\\/accessories-m-es\\\/arnes-choker-plata\\\/\"]}]},{\"@type\":\"ImageObject\",\"inLanguage\":\"es\",\"@id\":\"https:\\\/\\\/www.rubengalarreta.com\\\/es\\\/product\\\/man-es\\\/accessories-m-es\\\/arnes-choker-plata\\\/#primaryimage\",\"url\":\"https:\\\/\\\/www.rubengalarreta.com\\\/wp-content\\\/uploads\\\/2022\\\/09\\\/ruben-galarreta-mens-wear-style-fashion-harness-silver-edition-choker-front.jpg\",\"contentUrl\":\"https:\\\/\\\/www.rubengalarreta.com\\\/wp-content\\\/uploads\\\/2022\\\/09\\\/ruben-galarreta-mens-wear-style-fashion-harness-silver-edition-choker-front.jpg\",\"width\":704,\"height\":1000},{\"@type\":\"BreadcrumbList\",\"@id\":\"https:\\\/\\\/www.rubengalarreta.com\\\/es\\\/product\\\/man-es\\\/accessories-m-es\\\/arnes-choker-plata\\\/#breadcrumb\",\"itemListElement\":[{\"@type\":\"ListItem\",\"position\":1,\"name\":\"Home\",\"item\":\"https:\\\/\\\/www.rubengalarreta.com\\\/es\\\/\"},{\"@type\":\"ListItem\",\"position\":2,\"name\":\"Tienda Online\",\"item\":\"https:\\\/\\\/www.rubengalarreta.com\\\/es\\\/tienda-2\\\/\"},{\"@type\":\"ListItem\",\"position\":3,\"name\":\"ARN\u00c9S CHOKER PLATA\"}]},{\"@type\":\"WebSite\",\"@id\":\"https:\\\/\\\/www.rubengalarreta.com\\\/es\\\/#website\",\"url\":\"https:\\\/\\\/www.rubengalarreta.com\\\/es\\\/\",\"name\":\"Ruben Galarreta\",\"description\":\"Hot Couture | Online Store\",\"publisher\":{\"@id\":\"https:\\\/\\\/www.rubengalarreta.com\\\/es\\\/#organization\"},\"potentialAction\":[{\"@type\":\"SearchAction\",\"target\":{\"@type\":\"EntryPoint\",\"urlTemplate\":\"https:\\\/\\\/www.rubengalarreta.com\\\/es\\\/?s={search_term_string}\"},\"query-input\":{\"@type\":\"PropertyValueSpecification\",\"valueRequired\":true,\"valueName\":\"search_term_string\"}}],\"inLanguage\":\"es\"},{\"@type\":\"Organization\",\"@id\":\"https:\\\/\\\/www.rubengalarreta.com\\\/es\\\/#organization\",\"name\":\"Ruben Galarreta\",\"url\":\"https:\\\/\\\/www.rubengalarreta.com\\\/es\\\/\",\"logo\":{\"@type\":\"ImageObject\",\"inLanguage\":\"es\",\"@id\":\"https:\\\/\\\/www.rubengalarreta.com\\\/es\\\/#\\\/schema\\\/logo\\\/image\\\/\",\"url\":\"https:\\\/\\\/www.rubengalarreta.com\\\/wp-content\\\/uploads\\\/2019\\\/10\\\/rubengalarreta-menswear.jpg\",\"contentUrl\":\"https:\\\/\\\/www.rubengalarreta.com\\\/wp-content\\\/uploads\\\/2019\\\/10\\\/rubengalarreta-menswear.jpg\",\"width\":1141,\"height\":146,\"caption\":\"Ruben Galarreta\"},\"image\":{\"@id\":\"https:\\\/\\\/www.rubengalarreta.com\\\/es\\\/#\\\/schema\\\/logo\\\/image\\\/\"}}]}<\/script>\n<!-- \/ Yoast SEO plugin. -->","yoast_head_json":{"title":"ARN\u00c9S CHOKER PLATA - Ruben Galarreta","description":"Arn\u00e9s de encaje negro perteneciente a la colecci\u00f3n Dark Roses. Dise\u00f1ado en exclusiva por Rub\u00e9n Galarreta en Espa\u00f1a. Compra en nuestra web.","robots":{"index":"index","follow":"follow","max-snippet":"max-snippet:-1","max-image-preview":"max-image-preview:large","max-video-preview":"max-video-preview:-1"},"canonical":"https:\/\/www.rubengalarreta.com\/es\/product\/man-es\/accessories-m-es\/arnes-choker-plata\/","og_locale":"es_ES","og_type":"article","og_title":"ARN\u00c9S CHOKER PLATA - Ruben Galarreta","og_description":"Arn\u00e9s de encaje negro perteneciente a la colecci\u00f3n Dark Roses. Dise\u00f1ado en exclusiva por Rub\u00e9n Galarreta en Espa\u00f1a. Compra en nuestra web.","og_url":"https:\/\/www.rubengalarreta.com\/es\/product\/man-es\/accessories-m-es\/arnes-choker-plata\/","og_site_name":"Ruben Galarreta","article_modified_time":"2023-07-21T20:27:15+00:00","og_image":[{"width":704,"height":1000,"url":"https:\/\/www.rubengalarreta.com\/wp-content\/uploads\/2022\/09\/ruben-galarreta-mens-wear-style-fashion-harness-silver-edition-choker-front.jpg","type":"image\/jpeg"}],"twitter_card":"summary_large_image","twitter_misc":{"Tiempo de lectura":"1 minuto"},"schema":{"@context":"https:\/\/schema.org","@graph":[{"@type":"WebPage","@id":"https:\/\/www.rubengalarreta.com\/es\/product\/man-es\/accessories-m-es\/arnes-choker-plata\/","url":"https:\/\/www.rubengalarreta.com\/es\/product\/man-es\/accessories-m-es\/arnes-choker-plata\/","name":"ARN\u00c9S CHOKER PLATA - Ruben Galarreta","isPartOf":{"@id":"https:\/\/www.rubengalarreta.com\/es\/#website"},"primaryImageOfPage":{"@id":"https:\/\/www.rubengalarreta.com\/es\/product\/man-es\/accessories-m-es\/arnes-choker-plata\/#primaryimage"},"image":{"@id":"https:\/\/www.rubengalarreta.com\/es\/product\/man-es\/accessories-m-es\/arnes-choker-plata\/#primaryimage"},"thumbnailUrl":"https:\/\/www.rubengalarreta.com\/wp-content\/uploads\/2022\/09\/ruben-galarreta-mens-wear-style-fashion-harness-silver-edition-choker-front.jpg","datePublished":"2022-07-05T08:17:08+00:00","dateModified":"2023-07-21T20:27:15+00:00","description":"Arn\u00e9s de encaje negro perteneciente a la colecci\u00f3n Dark Roses. Dise\u00f1ado en exclusiva por Rub\u00e9n Galarreta en Espa\u00f1a. Compra en nuestra web.","breadcrumb":{"@id":"https:\/\/www.rubengalarreta.com\/es\/product\/man-es\/accessories-m-es\/arnes-choker-plata\/#breadcrumb"},"inLanguage":"es","potentialAction":[{"@type":"ReadAction","target":["https:\/\/www.rubengalarreta.com\/es\/product\/man-es\/accessories-m-es\/arnes-choker-plata\/"]}]},{"@type":"ImageObject","inLanguage":"es","@id":"https:\/\/www.rubengalarreta.com\/es\/product\/man-es\/accessories-m-es\/arnes-choker-plata\/#primaryimage","url":"https:\/\/www.rubengalarreta.com\/wp-content\/uploads\/2022\/09\/ruben-galarreta-mens-wear-style-fashion-harness-silver-edition-choker-front.jpg","contentUrl":"https:\/\/www.rubengalarreta.com\/wp-content\/uploads\/2022\/09\/ruben-galarreta-mens-wear-style-fashion-harness-silver-edition-choker-front.jpg","width":704,"height":1000},{"@type":"BreadcrumbList","@id":"https:\/\/www.rubengalarreta.com\/es\/product\/man-es\/accessories-m-es\/arnes-choker-plata\/#breadcrumb","itemListElement":[{"@type":"ListItem","position":1,"name":"Home","item":"https:\/\/www.rubengalarreta.com\/es\/"},{"@type":"ListItem","position":2,"name":"Tienda Online","item":"https:\/\/www.rubengalarreta.com\/es\/tienda-2\/"},{"@type":"ListItem","position":3,"name":"ARN\u00c9S CHOKER PLATA"}]},{"@type":"WebSite","@id":"https:\/\/www.rubengalarreta.com\/es\/#website","url":"https:\/\/www.rubengalarreta.com\/es\/","name":"Ruben Galarreta","description":"Hot Couture | Online Store","publisher":{"@id":"https:\/\/www.rubengalarreta.com\/es\/#organization"},"potentialAction":[{"@type":"SearchAction","target":{"@type":"EntryPoint","urlTemplate":"https:\/\/www.rubengalarreta.com\/es\/?s={search_term_string}"},"query-input":{"@type":"PropertyValueSpecification","valueRequired":true,"valueName":"search_term_string"}}],"inLanguage":"es"},{"@type":"Organization","@id":"https:\/\/www.rubengalarreta.com\/es\/#organization","name":"Ruben Galarreta","url":"https:\/\/www.rubengalarreta.com\/es\/","logo":{"@type":"ImageObject","inLanguage":"es","@id":"https:\/\/www.rubengalarreta.com\/es\/#\/schema\/logo\/image\/","url":"https:\/\/www.rubengalarreta.com\/wp-content\/uploads\/2019\/10\/rubengalarreta-menswear.jpg","contentUrl":"https:\/\/www.rubengalarreta.com\/wp-content\/uploads\/2019\/10\/rubengalarreta-menswear.jpg","width":1141,"height":146,"caption":"Ruben Galarreta"},"image":{"@id":"https:\/\/www.rubengalarreta.com\/es\/#\/schema\/logo\/image\/"}}]}},"_links":{"self":[{"href":"https:\/\/www.rubengalarreta.com\/es\/wp-json\/wp\/v2\/product\/88005","targetHints":{"allow":["GET"]}}],"collection":[{"href":"https:\/\/www.rubengalarreta.com\/es\/wp-json\/wp\/v2\/product"}],"about":[{"href":"https:\/\/www.rubengalarreta.com\/es\/wp-json\/wp\/v2\/types\/product"}],"replies":[{"embeddable":true,"href":"https:\/\/www.rubengalarreta.com\/es\/wp-json\/wp\/v2\/comments?post=88005"}],"wp:featuredmedia":[{"embeddable":true,"href":"https:\/\/www.rubengalarreta.com\/es\/wp-json\/wp\/v2\/media\/89461"}],"wp:attachment":[{"href":"https:\/\/www.rubengalarreta.com\/es\/wp-json\/wp\/v2\/media?parent=88005"}],"wp:term":[{"taxonomy":"product_brand","embeddable":true,"href":"https:\/\/www.rubengalarreta.com\/es\/wp-json\/wp\/v2\/product_brand?post=88005"},{"taxonomy":"product_cat","embeddable":true,"href":"https:\/\/www.rubengalarreta.com\/es\/wp-json\/wp\/v2\/product_cat?post=88005"},{"taxonomy":"product_tag","embeddable":true,"href":"https:\/\/www.rubengalarreta.com\/es\/wp-json\/wp\/v2\/product_tag?post=88005"}],"curies":[{"name":"wp","href":"https:\/\/api.w.org\/{rel}","templated":true}]}}