{"id":86376,"date":"2022-06-16T13:15:07","date_gmt":"2022-06-16T11:16:25","guid":{"rendered":"https:\/\/www.rubengalarreta.com\/?post_type=product&#038;p=86376"},"modified":"2025-07-11T12:51:59","modified_gmt":"2025-07-11T10:51:59","slug":"camiseta-de-tirantes-n-y","status":"publish","type":"product","link":"https:\/\/www.rubengalarreta.com\/es\/product\/man-es\/camiseta-de-tirantes-n-y\/","title":{"rendered":"CAMISETA DE TIRANTES N.Y."},"content":{"rendered":"<h2><strong>CAMISETA DE TIRANTES N.Y.<\/strong><\/h2>\n<table style=\"height: 183px; width: 100%; border-collapse: collapse; border-style: hidden;\">\n<tbody>\n<tr valign=\"TOP\">\n<td style=\"width: 49.8998%; border-style: hidden;\" width=\"293\" height=\"19\"><span style=\"color: #000000;\"><span style=\"font-family: trebuchet ms, serif;\"><b>DETALLES DE PRODUCTO:<br \/>\n<\/b><\/span><\/span><span style=\"color: #999999;\"><span style=\"font-family: trebuchet ms, serif;\">-100% Poli\u00e9ster<br \/>\n-Camiseta de rejilla sin mangas de color negro, con etiqueta de silicona.<br \/>\n-Cuello redondo y sisas ribeteadas en el mismo tejido.<\/span><\/span><\/td>\n<td style=\"width: 50.1002%; border-style: hidden;\" width=\"293\"><span style=\"color: #000000;\"><span style=\"font-family: trebuchet ms, serif;\"><b>TALLA:<br \/>\n<\/b><\/span><\/span><span style=\"color: #999999;\"><span style=\"font-family: trebuchet ms, serif;\">-Smart Fit<\/span><\/span><\/td>\n<\/tr>\n<tr valign=\"TOP\">\n<td style=\"width: 49.8998%; border-style: hidden;\" width=\"293\" height=\"19\"><span style=\"color: #000000;\"><span style=\"font-family: trebuchet ms, serif;\"><b>CUIDADOS:<br \/>\n<\/b><\/span><\/span><span style=\"color: #999999;\"><span style=\"font-family: trebuchet ms, serif;\">-F\u00e1cil planchado y lavado a m\u00e1quina seg\u00fan las instrucciones de cuidado de la etiqueta<\/span><\/span><\/td>\n<td style=\"width: 50.1002%; border-style: hidden;\" width=\"293\"><span style=\"color: #000000;\"><span style=\"font-family: trebuchet ms, serif;\"><b>MEDIDAS MODELO:<br \/>\n<\/b><\/span><\/span><span style=\"color: #999999;\"><span style=\"font-family: trebuchet ms, serif;\">-Altura de modelo: 185cm\u00a0 5&#8242;.9\u00bb<br \/>\n-El modelo usa talla M<\/span><\/span><\/td>\n<\/tr>\n<\/tbody>\n<\/table>\n<table style=\"height: 31px; width: 100%; border-collapse: collapse; border-style: hidden;\">\n<tbody>\n<tr valign=\"TOP\">\n<td style=\"width: 49.8998%; border-style: hidden;\" width=\"293\" height=\"19\"><img loading=\"lazy\" decoding=\"async\" class=\"alignnone wp-image-67182\" src=\"https:\/\/www.rubengalarreta.com\/wp-content\/uploads\/2021\/03\/tech-tanktop-379x400.jpg\" alt=\"\" width=\"146\" height=\"154\" srcset=\"https:\/\/www.rubengalarreta.com\/wp-content\/uploads\/2021\/03\/tech-tanktop-379x400.jpg 379w, https:\/\/www.rubengalarreta.com\/wp-content\/uploads\/2021\/03\/tech-tanktop-758x800.jpg 758w, https:\/\/www.rubengalarreta.com\/wp-content\/uploads\/2021\/03\/tech-tanktop-768x811.jpg 768w, https:\/\/www.rubengalarreta.com\/wp-content\/uploads\/2021\/03\/tech-tanktop-1455x1536.jpg 1455w, https:\/\/www.rubengalarreta.com\/wp-content\/uploads\/2021\/03\/tech-tanktop-247x261.jpg 247w, https:\/\/www.rubengalarreta.com\/wp-content\/uploads\/2021\/03\/tech-tanktop-510x538.jpg 510w, https:\/\/www.rubengalarreta.com\/wp-content\/uploads\/2021\/03\/tech-tanktop.jpg 1600w\" sizes=\"auto, (max-width: 146px) 100vw, 146px\" \/><\/td>\n<td style=\"width: 50.1002%; border-style: hidden;\" width=\"293\"><span style=\"color: #000000;\"><span style=\"font-family: trebuchet ms, serif;\"><b>GU\u00cdA DE MEDIDAS:<br \/>\n<\/b><\/span><\/span><\/p>\n<ul>\n<li><span style=\"color: #999999;\"><span style=\"color: #999999;\"><span style=\"font-family: trebuchet ms, serif;\"><span style=\"color: #000000;\">Small:<\/span> A 50cm B 70cm \/ 19.6&#8243; x\u00a0 27.5&#8243;<\/span><\/span><\/span><\/li>\n<li><span style=\"color: #999999;\"><span style=\"color: #999999;\"><span style=\"font-family: trebuchet ms, serif;\"><span style=\"color: #000000;\">Medium:<\/span> A 52cm B 72cm \/ 20.4&#8243; x 28.3&#8243;<\/span><\/span><\/span><\/li>\n<li><span style=\"color: #999999;\"><span style=\"color: #999999;\"><span style=\"font-family: trebuchet ms, serif;\"><span style=\"color: #000000;\">Large:<\/span> A 54cm B 74cm \/ 21.25&#8243; x 29&#8243;<\/span><\/span><\/span><\/li>\n<\/ul>\n<\/td>\n<\/tr>\n<\/tbody>\n<\/table>\n<h4><strong>DESCRIPCI\u00d3N<\/strong><\/h4>\n<p>CAMISETA DE TIRANTES N.Y. para hombre est\u00e1 dise\u00f1ada por nosotros en Espa\u00f1a. Se trata de una camiseta de \u00a0rejilla sin mangas de color negro, con etiqueta de silicona. Es una camiseta de tirantes cl\u00e1sica que permite una gran versatilidad a la hora de vestir, permiti\u00e9ndote combinarla con pr\u00e1cticamente cualquier otra prenda. El slim fit de la CAMISETA DE TIRANTES N.Y viene en tres tama\u00f1os: small, medium &amp; large. Adem\u00e1s, esta camiseta de tirantes negra para hombre ofrece una notable transpirabilidad y comodidad, caracter\u00edsticas que lo hacen ideal para cualquier tipo de ocasi\u00f3n. Se adapta perfectamente para una noche elegante o para pasar el rato con amigos. A su vez, la camiseta se adapta muy bien a todo tipo de cuerpo, a la vez que se siente muy suave en la piel.<\/p>\n<div>El color negro siempre ha sido considerado como el color comod\u00edn, combina con cualquier otro color, capaz de salvar todas aquellas situaciones en las que la indecisi\u00f3n a la hora de vestir nos gana. Tambi\u00e9n simboliza misterio, poder, control, independencia y fuerza interna. Esta camiseta de tirantes slim fit para hombre te ayudar\u00e1 a recibir la atenci\u00f3n que mereces. En otras palabras, esta camiseta te ser\u00e1 de gran utilidad cuando quieras estar c\u00f3modo en cualquier momento.<\/div>\n","protected":false},"excerpt":{"rendered":"<h2><strong>CAMISETA DE TIRANTES N.Y.<\/strong><\/h2>\n<p>CAMISETA DE TIRANTES N.Y. para hombre est\u00e1 dise\u00f1ada por nosotros en Espa\u00f1a. Se trata de una camiseta sin mangas de rejilla de color negro con etiqueta de silicona.<\/p>\n","protected":false},"featured_media":87086,"comment_status":"closed","ping_status":"closed","template":"","meta":{"_monsterinsights_skip_tracking":false,"_monsterinsights_sitenote_active":false,"_monsterinsights_sitenote_note":"","_monsterinsights_sitenote_category":0},"product_brand":[],"product_cat":[5866,2313,1921],"product_tag":[2171],"class_list":{"0":"post-86376","1":"product","2":"type-product","3":"status-publish","4":"has-post-thumbnail","6":"product_cat-beachwear-es","7":"product_cat-novedades","8":"product_cat-man-es","9":"product_tag-camisetas-y-tops","11":"first","12":"instock","13":"sale","14":"taxable","15":"shipping-taxable","16":"purchasable","17":"product-type-variable","18":"has-default-attributes"},"yoast_head":"<!-- This site is optimized with the Yoast SEO plugin v27.5 - https:\/\/yoast.com\/product\/yoast-seo-wordpress\/ -->\n<title>CAMISETA DE TIRANTES N.Y. - Ruben Galarreta<\/title>\n<meta name=\"robots\" content=\"index, follow, max-snippet:-1, max-image-preview:large, max-video-preview:-1\" \/>\n<link rel=\"canonical\" href=\"https:\/\/www.rubengalarreta.com\/es\/product\/man-es\/camiseta-de-tirantes-n-y\/\" \/>\n<meta property=\"og:locale\" content=\"es_ES\" \/>\n<meta property=\"og:type\" content=\"article\" \/>\n<meta property=\"og:title\" content=\"CAMISETA DE TIRANTES N.Y. - Ruben Galarreta\" \/>\n<meta property=\"og:description\" content=\"CAMISETA DE TIRANTES N.Y. CAMISETA DE TIRANTES N.Y. para hombre est\u00e1 dise\u00f1ada por nosotros en Espa\u00f1a. Se trata de una camiseta sin mangas de rejilla de color negro con etiqueta de silicona.\" \/>\n<meta property=\"og:url\" content=\"https:\/\/www.rubengalarreta.com\/es\/product\/man-es\/camiseta-de-tirantes-n-y\/\" \/>\n<meta property=\"og:site_name\" content=\"Ruben Galarreta\" \/>\n<meta property=\"article:modified_time\" content=\"2025-07-11T10:51:59+00:00\" \/>\n<meta property=\"og:image\" content=\"https:\/\/www.rubengalarreta.com\/wp-content\/uploads\/2022\/06\/ruben-galarreta-mens-menswear-style-fashion-black-tank-top-mesh-zoom-scaled.jpg\" \/>\n\t<meta property=\"og:image:width\" content=\"1352\" \/>\n\t<meta property=\"og:image:height\" content=\"1920\" \/>\n\t<meta property=\"og:image:type\" content=\"image\/jpeg\" \/>\n<meta name=\"twitter:card\" content=\"summary_large_image\" \/>\n<meta name=\"twitter:label1\" content=\"Tiempo de lectura\" \/>\n\t<meta name=\"twitter:data1\" content=\"2 minutos\" \/>\n<script type=\"application\/ld+json\" class=\"yoast-schema-graph\">{\"@context\":\"https:\\\/\\\/schema.org\",\"@graph\":[{\"@type\":\"WebPage\",\"@id\":\"https:\\\/\\\/www.rubengalarreta.com\\\/es\\\/product\\\/man-es\\\/camiseta-de-tirantes-n-y\\\/\",\"url\":\"https:\\\/\\\/www.rubengalarreta.com\\\/es\\\/product\\\/man-es\\\/camiseta-de-tirantes-n-y\\\/\",\"name\":\"CAMISETA DE TIRANTES N.Y. - Ruben Galarreta\",\"isPartOf\":{\"@id\":\"https:\\\/\\\/www.rubengalarreta.com\\\/es\\\/#website\"},\"primaryImageOfPage\":{\"@id\":\"https:\\\/\\\/www.rubengalarreta.com\\\/es\\\/product\\\/man-es\\\/camiseta-de-tirantes-n-y\\\/#primaryimage\"},\"image\":{\"@id\":\"https:\\\/\\\/www.rubengalarreta.com\\\/es\\\/product\\\/man-es\\\/camiseta-de-tirantes-n-y\\\/#primaryimage\"},\"thumbnailUrl\":\"https:\\\/\\\/www.rubengalarreta.com\\\/wp-content\\\/uploads\\\/2022\\\/06\\\/ruben-galarreta-mens-menswear-style-fashion-black-tank-top-mesh-zoom-scaled.jpg\",\"datePublished\":\"2022-06-16T11:16:25+00:00\",\"dateModified\":\"2025-07-11T10:51:59+00:00\",\"breadcrumb\":{\"@id\":\"https:\\\/\\\/www.rubengalarreta.com\\\/es\\\/product\\\/man-es\\\/camiseta-de-tirantes-n-y\\\/#breadcrumb\"},\"inLanguage\":\"es\",\"potentialAction\":[{\"@type\":\"ReadAction\",\"target\":[\"https:\\\/\\\/www.rubengalarreta.com\\\/es\\\/product\\\/man-es\\\/camiseta-de-tirantes-n-y\\\/\"]}]},{\"@type\":\"ImageObject\",\"inLanguage\":\"es\",\"@id\":\"https:\\\/\\\/www.rubengalarreta.com\\\/es\\\/product\\\/man-es\\\/camiseta-de-tirantes-n-y\\\/#primaryimage\",\"url\":\"https:\\\/\\\/www.rubengalarreta.com\\\/wp-content\\\/uploads\\\/2022\\\/06\\\/ruben-galarreta-mens-menswear-style-fashion-black-tank-top-mesh-zoom-scaled.jpg\",\"contentUrl\":\"https:\\\/\\\/www.rubengalarreta.com\\\/wp-content\\\/uploads\\\/2022\\\/06\\\/ruben-galarreta-mens-menswear-style-fashion-black-tank-top-mesh-zoom-scaled.jpg\",\"width\":1352,\"height\":1920},{\"@type\":\"BreadcrumbList\",\"@id\":\"https:\\\/\\\/www.rubengalarreta.com\\\/es\\\/product\\\/man-es\\\/camiseta-de-tirantes-n-y\\\/#breadcrumb\",\"itemListElement\":[{\"@type\":\"ListItem\",\"position\":1,\"name\":\"Home\",\"item\":\"https:\\\/\\\/www.rubengalarreta.com\\\/es\\\/\"},{\"@type\":\"ListItem\",\"position\":2,\"name\":\"Tienda Online\",\"item\":\"https:\\\/\\\/www.rubengalarreta.com\\\/es\\\/tienda-2\\\/\"},{\"@type\":\"ListItem\",\"position\":3,\"name\":\"CAMISETA DE TIRANTES N.Y.\"}]},{\"@type\":\"WebSite\",\"@id\":\"https:\\\/\\\/www.rubengalarreta.com\\\/es\\\/#website\",\"url\":\"https:\\\/\\\/www.rubengalarreta.com\\\/es\\\/\",\"name\":\"Ruben Galarreta\",\"description\":\"Hot Couture | Online Store\",\"publisher\":{\"@id\":\"https:\\\/\\\/www.rubengalarreta.com\\\/es\\\/#organization\"},\"potentialAction\":[{\"@type\":\"SearchAction\",\"target\":{\"@type\":\"EntryPoint\",\"urlTemplate\":\"https:\\\/\\\/www.rubengalarreta.com\\\/es\\\/?s={search_term_string}\"},\"query-input\":{\"@type\":\"PropertyValueSpecification\",\"valueRequired\":true,\"valueName\":\"search_term_string\"}}],\"inLanguage\":\"es\"},{\"@type\":\"Organization\",\"@id\":\"https:\\\/\\\/www.rubengalarreta.com\\\/es\\\/#organization\",\"name\":\"Ruben Galarreta\",\"url\":\"https:\\\/\\\/www.rubengalarreta.com\\\/es\\\/\",\"logo\":{\"@type\":\"ImageObject\",\"inLanguage\":\"es\",\"@id\":\"https:\\\/\\\/www.rubengalarreta.com\\\/es\\\/#\\\/schema\\\/logo\\\/image\\\/\",\"url\":\"https:\\\/\\\/www.rubengalarreta.com\\\/wp-content\\\/uploads\\\/2019\\\/10\\\/rubengalarreta-menswear.jpg\",\"contentUrl\":\"https:\\\/\\\/www.rubengalarreta.com\\\/wp-content\\\/uploads\\\/2019\\\/10\\\/rubengalarreta-menswear.jpg\",\"width\":1141,\"height\":146,\"caption\":\"Ruben Galarreta\"},\"image\":{\"@id\":\"https:\\\/\\\/www.rubengalarreta.com\\\/es\\\/#\\\/schema\\\/logo\\\/image\\\/\"}}]}<\/script>\n<!-- \/ Yoast SEO plugin. -->","yoast_head_json":{"title":"CAMISETA DE TIRANTES N.Y. - Ruben Galarreta","robots":{"index":"index","follow":"follow","max-snippet":"max-snippet:-1","max-image-preview":"max-image-preview:large","max-video-preview":"max-video-preview:-1"},"canonical":"https:\/\/www.rubengalarreta.com\/es\/product\/man-es\/camiseta-de-tirantes-n-y\/","og_locale":"es_ES","og_type":"article","og_title":"CAMISETA DE TIRANTES N.Y. - Ruben Galarreta","og_description":"CAMISETA DE TIRANTES N.Y. CAMISETA DE TIRANTES N.Y. para hombre est\u00e1 dise\u00f1ada por nosotros en Espa\u00f1a. Se trata de una camiseta sin mangas de rejilla de color negro con etiqueta de silicona.","og_url":"https:\/\/www.rubengalarreta.com\/es\/product\/man-es\/camiseta-de-tirantes-n-y\/","og_site_name":"Ruben Galarreta","article_modified_time":"2025-07-11T10:51:59+00:00","og_image":[{"width":1352,"height":1920,"url":"https:\/\/www.rubengalarreta.com\/wp-content\/uploads\/2022\/06\/ruben-galarreta-mens-menswear-style-fashion-black-tank-top-mesh-zoom-scaled.jpg","type":"image\/jpeg"}],"twitter_card":"summary_large_image","twitter_misc":{"Tiempo de lectura":"2 minutos"},"schema":{"@context":"https:\/\/schema.org","@graph":[{"@type":"WebPage","@id":"https:\/\/www.rubengalarreta.com\/es\/product\/man-es\/camiseta-de-tirantes-n-y\/","url":"https:\/\/www.rubengalarreta.com\/es\/product\/man-es\/camiseta-de-tirantes-n-y\/","name":"CAMISETA DE TIRANTES N.Y. - Ruben Galarreta","isPartOf":{"@id":"https:\/\/www.rubengalarreta.com\/es\/#website"},"primaryImageOfPage":{"@id":"https:\/\/www.rubengalarreta.com\/es\/product\/man-es\/camiseta-de-tirantes-n-y\/#primaryimage"},"image":{"@id":"https:\/\/www.rubengalarreta.com\/es\/product\/man-es\/camiseta-de-tirantes-n-y\/#primaryimage"},"thumbnailUrl":"https:\/\/www.rubengalarreta.com\/wp-content\/uploads\/2022\/06\/ruben-galarreta-mens-menswear-style-fashion-black-tank-top-mesh-zoom-scaled.jpg","datePublished":"2022-06-16T11:16:25+00:00","dateModified":"2025-07-11T10:51:59+00:00","breadcrumb":{"@id":"https:\/\/www.rubengalarreta.com\/es\/product\/man-es\/camiseta-de-tirantes-n-y\/#breadcrumb"},"inLanguage":"es","potentialAction":[{"@type":"ReadAction","target":["https:\/\/www.rubengalarreta.com\/es\/product\/man-es\/camiseta-de-tirantes-n-y\/"]}]},{"@type":"ImageObject","inLanguage":"es","@id":"https:\/\/www.rubengalarreta.com\/es\/product\/man-es\/camiseta-de-tirantes-n-y\/#primaryimage","url":"https:\/\/www.rubengalarreta.com\/wp-content\/uploads\/2022\/06\/ruben-galarreta-mens-menswear-style-fashion-black-tank-top-mesh-zoom-scaled.jpg","contentUrl":"https:\/\/www.rubengalarreta.com\/wp-content\/uploads\/2022\/06\/ruben-galarreta-mens-menswear-style-fashion-black-tank-top-mesh-zoom-scaled.jpg","width":1352,"height":1920},{"@type":"BreadcrumbList","@id":"https:\/\/www.rubengalarreta.com\/es\/product\/man-es\/camiseta-de-tirantes-n-y\/#breadcrumb","itemListElement":[{"@type":"ListItem","position":1,"name":"Home","item":"https:\/\/www.rubengalarreta.com\/es\/"},{"@type":"ListItem","position":2,"name":"Tienda Online","item":"https:\/\/www.rubengalarreta.com\/es\/tienda-2\/"},{"@type":"ListItem","position":3,"name":"CAMISETA DE TIRANTES N.Y."}]},{"@type":"WebSite","@id":"https:\/\/www.rubengalarreta.com\/es\/#website","url":"https:\/\/www.rubengalarreta.com\/es\/","name":"Ruben Galarreta","description":"Hot Couture | Online Store","publisher":{"@id":"https:\/\/www.rubengalarreta.com\/es\/#organization"},"potentialAction":[{"@type":"SearchAction","target":{"@type":"EntryPoint","urlTemplate":"https:\/\/www.rubengalarreta.com\/es\/?s={search_term_string}"},"query-input":{"@type":"PropertyValueSpecification","valueRequired":true,"valueName":"search_term_string"}}],"inLanguage":"es"},{"@type":"Organization","@id":"https:\/\/www.rubengalarreta.com\/es\/#organization","name":"Ruben Galarreta","url":"https:\/\/www.rubengalarreta.com\/es\/","logo":{"@type":"ImageObject","inLanguage":"es","@id":"https:\/\/www.rubengalarreta.com\/es\/#\/schema\/logo\/image\/","url":"https:\/\/www.rubengalarreta.com\/wp-content\/uploads\/2019\/10\/rubengalarreta-menswear.jpg","contentUrl":"https:\/\/www.rubengalarreta.com\/wp-content\/uploads\/2019\/10\/rubengalarreta-menswear.jpg","width":1141,"height":146,"caption":"Ruben Galarreta"},"image":{"@id":"https:\/\/www.rubengalarreta.com\/es\/#\/schema\/logo\/image\/"}}]}},"_links":{"self":[{"href":"https:\/\/www.rubengalarreta.com\/es\/wp-json\/wp\/v2\/product\/86376","targetHints":{"allow":["GET"]}}],"collection":[{"href":"https:\/\/www.rubengalarreta.com\/es\/wp-json\/wp\/v2\/product"}],"about":[{"href":"https:\/\/www.rubengalarreta.com\/es\/wp-json\/wp\/v2\/types\/product"}],"replies":[{"embeddable":true,"href":"https:\/\/www.rubengalarreta.com\/es\/wp-json\/wp\/v2\/comments?post=86376"}],"wp:featuredmedia":[{"embeddable":true,"href":"https:\/\/www.rubengalarreta.com\/es\/wp-json\/wp\/v2\/media\/87086"}],"wp:attachment":[{"href":"https:\/\/www.rubengalarreta.com\/es\/wp-json\/wp\/v2\/media?parent=86376"}],"wp:term":[{"taxonomy":"product_brand","embeddable":true,"href":"https:\/\/www.rubengalarreta.com\/es\/wp-json\/wp\/v2\/product_brand?post=86376"},{"taxonomy":"product_cat","embeddable":true,"href":"https:\/\/www.rubengalarreta.com\/es\/wp-json\/wp\/v2\/product_cat?post=86376"},{"taxonomy":"product_tag","embeddable":true,"href":"https:\/\/www.rubengalarreta.com\/es\/wp-json\/wp\/v2\/product_tag?post=86376"}],"curies":[{"name":"wp","href":"https:\/\/api.w.org\/{rel}","templated":true}]}}