{"id":86142,"date":"2022-06-15T10:00:37","date_gmt":"2022-06-15T08:02:00","guid":{"rendered":"https:\/\/www.rubengalarreta.com\/?post_type=product&#038;p=86142"},"modified":"2025-05-09T09:36:43","modified_gmt":"2025-05-09T07:36:43","slug":"banador-youve","status":"publish","type":"product","link":"https:\/\/www.rubengalarreta.com\/es\/product\/man-es\/banador-youve\/","title":{"rendered":"BA\u00d1ADOR YOU&#8217;VE"},"content":{"rendered":"<h2><strong>BA\u00d1ADOR YOU&#8217;VE<\/strong><\/h2>\n<table style=\"height: 183px; width: 100%; border-collapse: collapse; border-style: hidden;\">\n<tbody>\n<tr valign=\"TOP\">\n<td style=\"width: 49.8998%; border-style: hidden;\" width=\"293\" height=\"19\"><span style=\"color: #282828;\"><span style=\"font-family: trebuchet ms, serif;\"><b>DETALLES DE PRODUCTO:<\/b><\/span><\/span><\/p>\n<p><span style=\"color: #999999;\"><span style=\"font-family: trebuchet ms, serif;\"><span style=\"font-family: 'Trebuchet MS', sans-serif;\">&#8211; Cintura baja para dar un aspecto sexy<\/span><br \/>\n<span style=\"font-family: 'Trebuchet MS', sans-serif;\">&#8211; Forma redondeada del trasero que levanta los gl\u00fateos<\/span><br \/>\n<span style=\"font-family: 'Trebuchet MS', sans-serif;\"> &#8211; Bolsillo frontal invisible para poner, si es necesario, relleno<\/span><br \/>\n<span style=\"font-family: 'Trebuchet MS', sans-serif;\">&#8211; Smart fit en la parte frontal para no apretar y dar una forma natural.<\/span><br \/>\n<span style=\"font-family: 'Trebuchet MS', sans-serif;\">&#8211; Licra de primera calidad con cord\u00f3n interno <\/span><\/span><\/span><br \/>\n<span style=\"color: #999999;\"><span style=\"font-family: trebuchet ms, serif;\"><span style=\"font-family: 'Trebuchet MS', sans-serif;\">&#8211; Detalle de apertura trasera<\/span><\/span><\/span><br \/>\n<span style=\"color: #999999;\">-78% polyester 22% licra<\/span><\/td>\n<td style=\"width: 50.1002%; border-style: hidden;\" width=\"293\"><span style=\"color: #000000;\"><span style=\"font-family: trebuchet ms, serif;\"><b>TALLA:<br \/>\n<\/b><\/span><\/span><span style=\"color: #999999;\"><span style=\"font-family: trebuchet ms, serif;\">-Slim Fit<\/span><\/span><\/td>\n<\/tr>\n<tr valign=\"TOP\">\n<td style=\"width: 49.8998%; border-style: hidden;\" width=\"293\" height=\"19\"><span style=\"color: #000000;\"><span style=\"font-family: trebuchet ms, serif;\"><b>CUIDADOS:<br \/>\n<\/b><\/span><\/span><span style=\"color: #999999;\"><span style=\"font-family: trebuchet ms, serif;\">-F\u00e1cil planchado y lavado a m\u00e1quina seg\u00fan las instrucciones de cuidado de la etiqueta<\/span><\/span><\/td>\n<td style=\"width: 50.1002%; border-style: hidden;\" width=\"293\"><span style=\"color: #000000;\"><span style=\"font-family: trebuchet ms, serif;\"><b>MEDIDAS MODELO:<br \/>\n<\/b><\/span><\/span><span style=\"color: #999999;\"><span style=\"font-family: trebuchet ms, serif;\">-Altura de modelo: 180cm\u00a0 5&#8242;.9\u00bb<br \/>\n-El modelo usa talla M<\/span><\/span><\/td>\n<\/tr>\n<\/tbody>\n<\/table>\n<table style=\"height: 31px; width: 100%; border-collapse: collapse; border-style: hidden;\">\n<tbody>\n<tr valign=\"TOP\">\n<td style=\"width: 49.8998%; border-style: hidden;\" width=\"293\" height=\"19\"><img loading=\"lazy\" decoding=\"async\" class=\"alignnone wp-image-71073\" src=\"https:\/\/www.rubengalarreta.com\/wp-content\/uploads\/2021\/06\/tech-brief-min-379x400.jpg\" alt=\"\" width=\"159\" height=\"168\" srcset=\"https:\/\/www.rubengalarreta.com\/wp-content\/uploads\/2021\/06\/tech-brief-min-379x400.jpg 379w, https:\/\/www.rubengalarreta.com\/wp-content\/uploads\/2021\/06\/tech-brief-min-758x800.jpg 758w, https:\/\/www.rubengalarreta.com\/wp-content\/uploads\/2021\/06\/tech-brief-min-768x811.jpg 768w, https:\/\/www.rubengalarreta.com\/wp-content\/uploads\/2021\/06\/tech-brief-min-1455x1536.jpg 1455w, https:\/\/www.rubengalarreta.com\/wp-content\/uploads\/2021\/06\/tech-brief-min-247x261.jpg 247w, https:\/\/www.rubengalarreta.com\/wp-content\/uploads\/2021\/06\/tech-brief-min-510x538.jpg 510w, https:\/\/www.rubengalarreta.com\/wp-content\/uploads\/2021\/06\/tech-brief-min.jpg 1600w\" sizes=\"auto, (max-width: 159px) 100vw, 159px\" \/><\/td>\n<td style=\"width: 50.1002%; border-style: hidden;\" width=\"293\"><span style=\"color: #000000;\"><span style=\"font-family: trebuchet ms, serif;\"><b>GU\u00cdA DE MEDIDAS:<br \/>\n<\/b><\/span><\/span><\/p>\n<ul>\n<li><span style=\"color: #999999;\"><span style=\"font-family: trebuchet ms, serif;\"><span style=\"color: #000000;\">Small:\u00a0<span style=\"color: #999999;\">A 41,5cm x B 36cm \/ 16.34&#8243; x 14.17&#8243;<\/span><\/span><\/span><\/span><\/li>\n<li><span style=\"color: #999999;\"><span style=\"font-family: trebuchet ms, serif;\"><span style=\"color: #000000;\">Medium: <span style=\"color: #999999;\">A 43,5cm x B 38cm<\/span><\/span> \/ 17.13&#8243; x 14.96&#8243;<\/span><\/span><\/li>\n<li><span style=\"color: #999999;\"><span style=\"font-family: trebuchet ms, serif;\"><span style=\"color: #000000;\">Large:\u00a0<span style=\"color: #999999;\">A 45,5 cm x B 40cm \/ 17.91&#8243; x 15.75&#8243;<\/span><\/span><\/span><\/span><\/li>\n<li>XL:\u00a0<span style=\"color: #999999;\">A 47,5cm x B 42cm \/ 18.7&#8243; x 16.54&#8243;<\/span><\/li>\n<\/ul>\n<\/td>\n<\/tr>\n<\/tbody>\n<\/table>\n<p><img loading=\"lazy\" decoding=\"async\" class=\"alignnone size-medium wp-image-71069\" src=\"https:\/\/www.rubengalarreta.com\/wp-content\/uploads\/2021\/06\/galarreta-shape-banner-espanol-min-800x368.jpg\" alt=\"\" width=\"800\" height=\"368\" srcset=\"https:\/\/www.rubengalarreta.com\/wp-content\/uploads\/2021\/06\/galarreta-shape-banner-espanol-min-800x368.jpg 800w, https:\/\/www.rubengalarreta.com\/wp-content\/uploads\/2021\/06\/galarreta-shape-banner-espanol-min-1400x643.jpg 1400w, https:\/\/www.rubengalarreta.com\/wp-content\/uploads\/2021\/06\/galarreta-shape-banner-espanol-min-768x353.jpg 768w, https:\/\/www.rubengalarreta.com\/wp-content\/uploads\/2021\/06\/galarreta-shape-banner-espanol-min-1536x706.jpg 1536w, https:\/\/www.rubengalarreta.com\/wp-content\/uploads\/2021\/06\/galarreta-shape-banner-espanol-min-2048x941.jpg 2048w, https:\/\/www.rubengalarreta.com\/wp-content\/uploads\/2021\/06\/galarreta-shape-banner-espanol-min-247x113.jpg 247w, https:\/\/www.rubengalarreta.com\/wp-content\/uploads\/2021\/06\/galarreta-shape-banner-espanol-min-510x234.jpg 510w, https:\/\/www.rubengalarreta.com\/wp-content\/uploads\/2021\/06\/galarreta-shape-banner-espanol-min-scaled.jpg 1920w\" sizes=\"auto, (max-width: 800px) 100vw, 800px\" \/><\/p>\n<p><strong>DESCRIPCI\u00d3N<\/strong><\/p>\n<p>El BA\u00d1ADOR YOU&#8217;VE para hombre es negro, est\u00e1 hecho de licra de primera calidad con un detalle de apertura trasera y dise\u00f1ado por nosotros en Espa\u00f1a. Este ba\u00f1ador como todos los desarollados en Ruben Galarreta cuenta con 5 rasgos y caracter\u00edsticas \u00fanicas:<br \/>\n1) cintura baja para dar un aspecto sexy y un toque m\u00e1s deportivo &#8211; la cintura no es tan alta como la del calzoncillo cl\u00e1sico est\u00e1ndar<br \/>\n2) forma redondeada del trasero que \u00ablevanta\u00bb los gl\u00fateos &#8211; los calzoncillos cl\u00e1sicos sol\u00edan recortar el trasero y halagarlo<br \/>\n3) bolsillo frontal invisible en la carcasa delantera para poner, si es necesario, un relleno<br \/>\n4) smart fit en la parte frontal del ba\u00f1ador para no apretar y crear una forma natural y c\u00f3moda<br \/>\n5) sorprendente lycra de primera calidad con cord\u00f3n interno<\/p>\n<p>Estas caracter\u00edsticas hacen a el BA\u00d1ADOR YOU&#8217;VE una prenda muy suave y c\u00f3moda que te permitir\u00e1 ir a la playa y llamar la atenci\u00f3n mientras te sientes extremadamente c\u00f3modo con \u00e9l puesto. Como es de color negro, no te causar\u00e1 ning\u00fan problema a la horade combinarlo y te permitir\u00e1 dejar libre tu imaginaci\u00f3n para crear looks llamativos, \u00fanicos y personales combin\u00e1ndolo con prendas de tu armario.<\/p>\n<p>Adem\u00e1s, el slim fit del ba\u00f1ador viene en cuatro tallas diferentes: small, medium y large.<\/p>\n","protected":false},"excerpt":{"rendered":"<h2><strong>BA\u00d1ADOR YOU&#8217;VE\u00a0<\/strong><\/h2>\n<p>Este ba\u00f1ador negro con detalle de apertura trasera ofrece una comodidad y transpirabilidad incre\u00edbles y se siente muy suave al tacto con la piel, caracter\u00edsticas que lo hacen una prenda ideal para ir este verano a la playa o a la piscina. No dejar\u00e1s a nadie indiferente mientras lo lleves puesto.<\/p>\n","protected":false},"featured_media":86858,"comment_status":"closed","ping_status":"closed","template":"","meta":{"_monsterinsights_skip_tracking":false,"_monsterinsights_sitenote_active":false,"_monsterinsights_sitenote_note":"","_monsterinsights_sitenote_category":0},"product_brand":[],"product_cat":[5866,2313,1921],"product_tag":[5865,2160],"class_list":{"0":"post-86142","1":"product","2":"type-product","3":"status-publish","4":"has-post-thumbnail","6":"product_cat-beachwear-es","7":"product_cat-novedades","8":"product_cat-man-es","9":"product_tag-banadores","10":"product_tag-beachwear-es","12":"first","13":"instock","14":"taxable","15":"shipping-taxable","16":"purchasable","17":"product-type-variable","18":"has-default-attributes"},"yoast_head":"<!-- This site is optimized with the Yoast SEO plugin v27.4 - https:\/\/yoast.com\/product\/yoast-seo-wordpress\/ -->\n<title>BA\u00d1ADOR YOU&#039;VE - Ruben Galarreta<\/title>\n<meta name=\"robots\" content=\"index, follow, max-snippet:-1, max-image-preview:large, max-video-preview:-1\" \/>\n<link rel=\"canonical\" href=\"https:\/\/www.rubengalarreta.com\/es\/product\/man-es\/banador-youve\/\" \/>\n<meta property=\"og:locale\" content=\"es_ES\" \/>\n<meta property=\"og:type\" content=\"article\" \/>\n<meta property=\"og:title\" content=\"BA\u00d1ADOR YOU&#039;VE - Ruben Galarreta\" \/>\n<meta property=\"og:description\" content=\"BA\u00d1ADOR YOU&#039;VE\u00a0 Este ba\u00f1ador negro con detalle de apertura trasera ofrece una comodidad y transpirabilidad incre\u00edbles y se siente muy suave al tacto con la piel, caracter\u00edsticas que lo hacen una prenda ideal para ir este verano a la playa o a la piscina. No dejar\u00e1s a nadie indiferente mientras lo lleves puesto.\" \/>\n<meta property=\"og:url\" content=\"https:\/\/www.rubengalarreta.com\/es\/product\/man-es\/banador-youve\/\" \/>\n<meta property=\"og:site_name\" content=\"Ruben Galarreta\" \/>\n<meta property=\"article:modified_time\" content=\"2025-05-09T07:36:43+00:00\" \/>\n<meta property=\"og:image\" content=\"https:\/\/www.rubengalarreta.com\/wp-content\/uploads\/2022\/06\/ruben-galarreta-men-beachweaar-style-fashion-black-swimbrief-cut-out-side2-scaled.jpg\" \/>\n\t<meta property=\"og:image:width\" content=\"1352\" \/>\n\t<meta property=\"og:image:height\" content=\"1920\" \/>\n\t<meta property=\"og:image:type\" content=\"image\/jpeg\" \/>\n<meta name=\"twitter:card\" content=\"summary_large_image\" \/>\n<meta name=\"twitter:label1\" content=\"Tiempo de lectura\" \/>\n\t<meta name=\"twitter:data1\" content=\"2 minutos\" \/>\n<script type=\"application\/ld+json\" class=\"yoast-schema-graph\">{\"@context\":\"https:\\\/\\\/schema.org\",\"@graph\":[{\"@type\":\"WebPage\",\"@id\":\"https:\\\/\\\/www.rubengalarreta.com\\\/es\\\/product\\\/man-es\\\/banador-youve\\\/\",\"url\":\"https:\\\/\\\/www.rubengalarreta.com\\\/es\\\/product\\\/man-es\\\/banador-youve\\\/\",\"name\":\"BA\u00d1ADOR YOU'VE - Ruben Galarreta\",\"isPartOf\":{\"@id\":\"https:\\\/\\\/www.rubengalarreta.com\\\/es\\\/#website\"},\"primaryImageOfPage\":{\"@id\":\"https:\\\/\\\/www.rubengalarreta.com\\\/es\\\/product\\\/man-es\\\/banador-youve\\\/#primaryimage\"},\"image\":{\"@id\":\"https:\\\/\\\/www.rubengalarreta.com\\\/es\\\/product\\\/man-es\\\/banador-youve\\\/#primaryimage\"},\"thumbnailUrl\":\"https:\\\/\\\/www.rubengalarreta.com\\\/wp-content\\\/uploads\\\/2022\\\/06\\\/ruben-galarreta-men-beachweaar-style-fashion-black-swimbrief-cut-out-side2-scaled.jpg\",\"datePublished\":\"2022-06-15T08:02:00+00:00\",\"dateModified\":\"2025-05-09T07:36:43+00:00\",\"breadcrumb\":{\"@id\":\"https:\\\/\\\/www.rubengalarreta.com\\\/es\\\/product\\\/man-es\\\/banador-youve\\\/#breadcrumb\"},\"inLanguage\":\"es\",\"potentialAction\":[{\"@type\":\"ReadAction\",\"target\":[\"https:\\\/\\\/www.rubengalarreta.com\\\/es\\\/product\\\/man-es\\\/banador-youve\\\/\"]}]},{\"@type\":\"ImageObject\",\"inLanguage\":\"es\",\"@id\":\"https:\\\/\\\/www.rubengalarreta.com\\\/es\\\/product\\\/man-es\\\/banador-youve\\\/#primaryimage\",\"url\":\"https:\\\/\\\/www.rubengalarreta.com\\\/wp-content\\\/uploads\\\/2022\\\/06\\\/ruben-galarreta-men-beachweaar-style-fashion-black-swimbrief-cut-out-side2-scaled.jpg\",\"contentUrl\":\"https:\\\/\\\/www.rubengalarreta.com\\\/wp-content\\\/uploads\\\/2022\\\/06\\\/ruben-galarreta-men-beachweaar-style-fashion-black-swimbrief-cut-out-side2-scaled.jpg\",\"width\":1352,\"height\":1920},{\"@type\":\"BreadcrumbList\",\"@id\":\"https:\\\/\\\/www.rubengalarreta.com\\\/es\\\/product\\\/man-es\\\/banador-youve\\\/#breadcrumb\",\"itemListElement\":[{\"@type\":\"ListItem\",\"position\":1,\"name\":\"Home\",\"item\":\"https:\\\/\\\/www.rubengalarreta.com\\\/es\\\/\"},{\"@type\":\"ListItem\",\"position\":2,\"name\":\"Tienda Online\",\"item\":\"https:\\\/\\\/www.rubengalarreta.com\\\/es\\\/tienda-2\\\/\"},{\"@type\":\"ListItem\",\"position\":3,\"name\":\"BA\u00d1ADOR YOU&#8217;VE\"}]},{\"@type\":\"WebSite\",\"@id\":\"https:\\\/\\\/www.rubengalarreta.com\\\/es\\\/#website\",\"url\":\"https:\\\/\\\/www.rubengalarreta.com\\\/es\\\/\",\"name\":\"Ruben Galarreta\",\"description\":\"Hot Couture | Online Store\",\"publisher\":{\"@id\":\"https:\\\/\\\/www.rubengalarreta.com\\\/es\\\/#organization\"},\"potentialAction\":[{\"@type\":\"SearchAction\",\"target\":{\"@type\":\"EntryPoint\",\"urlTemplate\":\"https:\\\/\\\/www.rubengalarreta.com\\\/es\\\/?s={search_term_string}\"},\"query-input\":{\"@type\":\"PropertyValueSpecification\",\"valueRequired\":true,\"valueName\":\"search_term_string\"}}],\"inLanguage\":\"es\"},{\"@type\":\"Organization\",\"@id\":\"https:\\\/\\\/www.rubengalarreta.com\\\/es\\\/#organization\",\"name\":\"Ruben Galarreta\",\"url\":\"https:\\\/\\\/www.rubengalarreta.com\\\/es\\\/\",\"logo\":{\"@type\":\"ImageObject\",\"inLanguage\":\"es\",\"@id\":\"https:\\\/\\\/www.rubengalarreta.com\\\/es\\\/#\\\/schema\\\/logo\\\/image\\\/\",\"url\":\"https:\\\/\\\/www.rubengalarreta.com\\\/wp-content\\\/uploads\\\/2019\\\/10\\\/rubengalarreta-menswear.jpg\",\"contentUrl\":\"https:\\\/\\\/www.rubengalarreta.com\\\/wp-content\\\/uploads\\\/2019\\\/10\\\/rubengalarreta-menswear.jpg\",\"width\":1141,\"height\":146,\"caption\":\"Ruben Galarreta\"},\"image\":{\"@id\":\"https:\\\/\\\/www.rubengalarreta.com\\\/es\\\/#\\\/schema\\\/logo\\\/image\\\/\"}}]}<\/script>\n<!-- \/ Yoast SEO plugin. -->","yoast_head_json":{"title":"BA\u00d1ADOR YOU'VE - Ruben Galarreta","robots":{"index":"index","follow":"follow","max-snippet":"max-snippet:-1","max-image-preview":"max-image-preview:large","max-video-preview":"max-video-preview:-1"},"canonical":"https:\/\/www.rubengalarreta.com\/es\/product\/man-es\/banador-youve\/","og_locale":"es_ES","og_type":"article","og_title":"BA\u00d1ADOR YOU'VE - Ruben Galarreta","og_description":"BA\u00d1ADOR YOU'VE\u00a0 Este ba\u00f1ador negro con detalle de apertura trasera ofrece una comodidad y transpirabilidad incre\u00edbles y se siente muy suave al tacto con la piel, caracter\u00edsticas que lo hacen una prenda ideal para ir este verano a la playa o a la piscina. No dejar\u00e1s a nadie indiferente mientras lo lleves puesto.","og_url":"https:\/\/www.rubengalarreta.com\/es\/product\/man-es\/banador-youve\/","og_site_name":"Ruben Galarreta","article_modified_time":"2025-05-09T07:36:43+00:00","og_image":[{"width":1352,"height":1920,"url":"https:\/\/www.rubengalarreta.com\/wp-content\/uploads\/2022\/06\/ruben-galarreta-men-beachweaar-style-fashion-black-swimbrief-cut-out-side2-scaled.jpg","type":"image\/jpeg"}],"twitter_card":"summary_large_image","twitter_misc":{"Tiempo de lectura":"2 minutos"},"schema":{"@context":"https:\/\/schema.org","@graph":[{"@type":"WebPage","@id":"https:\/\/www.rubengalarreta.com\/es\/product\/man-es\/banador-youve\/","url":"https:\/\/www.rubengalarreta.com\/es\/product\/man-es\/banador-youve\/","name":"BA\u00d1ADOR YOU'VE - Ruben Galarreta","isPartOf":{"@id":"https:\/\/www.rubengalarreta.com\/es\/#website"},"primaryImageOfPage":{"@id":"https:\/\/www.rubengalarreta.com\/es\/product\/man-es\/banador-youve\/#primaryimage"},"image":{"@id":"https:\/\/www.rubengalarreta.com\/es\/product\/man-es\/banador-youve\/#primaryimage"},"thumbnailUrl":"https:\/\/www.rubengalarreta.com\/wp-content\/uploads\/2022\/06\/ruben-galarreta-men-beachweaar-style-fashion-black-swimbrief-cut-out-side2-scaled.jpg","datePublished":"2022-06-15T08:02:00+00:00","dateModified":"2025-05-09T07:36:43+00:00","breadcrumb":{"@id":"https:\/\/www.rubengalarreta.com\/es\/product\/man-es\/banador-youve\/#breadcrumb"},"inLanguage":"es","potentialAction":[{"@type":"ReadAction","target":["https:\/\/www.rubengalarreta.com\/es\/product\/man-es\/banador-youve\/"]}]},{"@type":"ImageObject","inLanguage":"es","@id":"https:\/\/www.rubengalarreta.com\/es\/product\/man-es\/banador-youve\/#primaryimage","url":"https:\/\/www.rubengalarreta.com\/wp-content\/uploads\/2022\/06\/ruben-galarreta-men-beachweaar-style-fashion-black-swimbrief-cut-out-side2-scaled.jpg","contentUrl":"https:\/\/www.rubengalarreta.com\/wp-content\/uploads\/2022\/06\/ruben-galarreta-men-beachweaar-style-fashion-black-swimbrief-cut-out-side2-scaled.jpg","width":1352,"height":1920},{"@type":"BreadcrumbList","@id":"https:\/\/www.rubengalarreta.com\/es\/product\/man-es\/banador-youve\/#breadcrumb","itemListElement":[{"@type":"ListItem","position":1,"name":"Home","item":"https:\/\/www.rubengalarreta.com\/es\/"},{"@type":"ListItem","position":2,"name":"Tienda Online","item":"https:\/\/www.rubengalarreta.com\/es\/tienda-2\/"},{"@type":"ListItem","position":3,"name":"BA\u00d1ADOR YOU&#8217;VE"}]},{"@type":"WebSite","@id":"https:\/\/www.rubengalarreta.com\/es\/#website","url":"https:\/\/www.rubengalarreta.com\/es\/","name":"Ruben Galarreta","description":"Hot Couture | Online Store","publisher":{"@id":"https:\/\/www.rubengalarreta.com\/es\/#organization"},"potentialAction":[{"@type":"SearchAction","target":{"@type":"EntryPoint","urlTemplate":"https:\/\/www.rubengalarreta.com\/es\/?s={search_term_string}"},"query-input":{"@type":"PropertyValueSpecification","valueRequired":true,"valueName":"search_term_string"}}],"inLanguage":"es"},{"@type":"Organization","@id":"https:\/\/www.rubengalarreta.com\/es\/#organization","name":"Ruben Galarreta","url":"https:\/\/www.rubengalarreta.com\/es\/","logo":{"@type":"ImageObject","inLanguage":"es","@id":"https:\/\/www.rubengalarreta.com\/es\/#\/schema\/logo\/image\/","url":"https:\/\/www.rubengalarreta.com\/wp-content\/uploads\/2019\/10\/rubengalarreta-menswear.jpg","contentUrl":"https:\/\/www.rubengalarreta.com\/wp-content\/uploads\/2019\/10\/rubengalarreta-menswear.jpg","width":1141,"height":146,"caption":"Ruben Galarreta"},"image":{"@id":"https:\/\/www.rubengalarreta.com\/es\/#\/schema\/logo\/image\/"}}]}},"_links":{"self":[{"href":"https:\/\/www.rubengalarreta.com\/es\/wp-json\/wp\/v2\/product\/86142","targetHints":{"allow":["GET"]}}],"collection":[{"href":"https:\/\/www.rubengalarreta.com\/es\/wp-json\/wp\/v2\/product"}],"about":[{"href":"https:\/\/www.rubengalarreta.com\/es\/wp-json\/wp\/v2\/types\/product"}],"replies":[{"embeddable":true,"href":"https:\/\/www.rubengalarreta.com\/es\/wp-json\/wp\/v2\/comments?post=86142"}],"wp:featuredmedia":[{"embeddable":true,"href":"https:\/\/www.rubengalarreta.com\/es\/wp-json\/wp\/v2\/media\/86858"}],"wp:attachment":[{"href":"https:\/\/www.rubengalarreta.com\/es\/wp-json\/wp\/v2\/media?parent=86142"}],"wp:term":[{"taxonomy":"product_brand","embeddable":true,"href":"https:\/\/www.rubengalarreta.com\/es\/wp-json\/wp\/v2\/product_brand?post=86142"},{"taxonomy":"product_cat","embeddable":true,"href":"https:\/\/www.rubengalarreta.com\/es\/wp-json\/wp\/v2\/product_cat?post=86142"},{"taxonomy":"product_tag","embeddable":true,"href":"https:\/\/www.rubengalarreta.com\/es\/wp-json\/wp\/v2\/product_tag?post=86142"}],"curies":[{"name":"wp","href":"https:\/\/api.w.org\/{rel}","templated":true}]}}