{"id":83726,"date":"2022-04-19T16:40:30","date_gmt":"2022-05-23T17:46:21","guid":{"rendered":"https:\/\/www.rubengalarreta.com\/?post_type=product&#038;p=83726"},"modified":"2025-08-16T13:27:29","modified_gmt":"2025-08-16T11:27:29","slug":"crop-top-cala-bassa","status":"publish","type":"product","link":"https:\/\/www.rubengalarreta.com\/es\/product\/man-es\/eivissa-es\/crop-top-cala-bassa\/","title":{"rendered":"CROP TOP CALA BASSA"},"content":{"rendered":"<h2><strong>CROP TOP CALA BASSA<\/strong><\/h2>\n<table style=\"height: 183px; width: 100%; border-collapse: collapse; border-style: hidden;\">\n<tbody>\n<tr valign=\"TOP\">\n<td style=\"width: 49.8998%; border-style: hidden;\" width=\"293\" height=\"19\"><span style=\"color: #000000;\"><span style=\"font-family: trebuchet ms, serif;\"><b>DETALLES DE PRODUCTO:<br \/>\n<\/b><\/span><\/span><span style=\"color: #999999;\"><span style=\"font-family: trebuchet ms, serif;\">-Tejido blanco transparente 100% poliamida de punto suave<\/span><\/span><\/td>\n<td style=\"width: 50.1002%; border-style: hidden;\" width=\"293\"><span style=\"color: #000000;\"><span style=\"font-family: trebuchet ms, serif;\"><b>TALLA:<br \/>\n<\/b><\/span><\/span><span style=\"color: #999999;\"><span style=\"font-family: trebuchet ms, serif;\">-Relaxed Fit<\/span><\/span><\/td>\n<\/tr>\n<tr valign=\"TOP\">\n<td style=\"width: 49.8998%; border-style: hidden;\" width=\"293\" height=\"19\"><span style=\"color: #000000;\"><span style=\"font-family: trebuchet ms, serif;\"><b>CUIDADOS:<br \/>\n<\/b><\/span><\/span><span style=\"color: #999999;\"><span style=\"font-family: trebuchet ms, serif;\">-F\u00e1cil planchado y lavado a m\u00e1quina seg\u00fan las instrucciones de cuidado de la etiqueta<\/span><\/span><\/td>\n<td style=\"width: 50.1002%; border-style: hidden;\" width=\"293\"><span style=\"color: #000000;\"><span style=\"font-family: trebuchet ms, serif;\"><b>MEDIDAS MODELO:<br \/>\n<\/b><\/span><\/span><span style=\"color: #999999;\"><span style=\"font-family: trebuchet ms, serif;\">-Altura de modelo: <span style=\"font-weight: 400;\">187cm 6,1 ft<\/span><br \/>\n-El modelo usa talla L<\/span><\/span><\/td>\n<\/tr>\n<\/tbody>\n<\/table>\n<table style=\"height: 31px; width: 100%; border-collapse: collapse; border-style: hidden;\">\n<tbody>\n<tr valign=\"TOP\">\n<td style=\"width: 49.8998%; border-style: hidden;\" width=\"293\" height=\"19\"><img loading=\"lazy\" decoding=\"async\" class=\"alignnone wp-image-66172 \" src=\"https:\/\/www.rubengalarreta.com\/wp-content\/uploads\/2021\/02\/tech-croptop-379x400.jpg\" alt=\"\" width=\"170\" height=\"179\" srcset=\"https:\/\/www.rubengalarreta.com\/wp-content\/uploads\/2021\/02\/tech-croptop-379x400.jpg 379w, https:\/\/www.rubengalarreta.com\/wp-content\/uploads\/2021\/02\/tech-croptop-758x800.jpg 758w, https:\/\/www.rubengalarreta.com\/wp-content\/uploads\/2021\/02\/tech-croptop-768x811.jpg 768w, https:\/\/www.rubengalarreta.com\/wp-content\/uploads\/2021\/02\/tech-croptop-1455x1536.jpg 1455w, https:\/\/www.rubengalarreta.com\/wp-content\/uploads\/2021\/02\/tech-croptop-247x261.jpg 247w, https:\/\/www.rubengalarreta.com\/wp-content\/uploads\/2021\/02\/tech-croptop-510x538.jpg 510w, https:\/\/www.rubengalarreta.com\/wp-content\/uploads\/2021\/02\/tech-croptop.jpg 1600w\" sizes=\"auto, (max-width: 170px) 100vw, 170px\" \/><\/td>\n<td style=\"width: 50.1002%; border-style: hidden;\" width=\"293\"><span style=\"color: #000000;\"><span style=\"font-family: trebuchet ms, serif;\"><b>GU\u00cdA DE MEDIDAS:<br \/>\n<\/b><\/span><\/span><\/p>\n<ul>\n<li><span style=\"color: #999999;\"><span style=\"color: #999999;\"><span style=\"font-family: trebuchet ms, serif;\"><span style=\"color: #000000;\">Small:<\/span> A 54cm B 38cm \/ 21.2&#8243; x 14.96&#8243;<\/span><\/span><\/span><\/li>\n<li><span style=\"color: #999999;\"><span style=\"color: #999999;\"><span style=\"font-family: trebuchet ms, serif;\"><span style=\"color: #000000;\">Medium:<\/span> A 56cm B 39cm \/ 22.04&#8243; x 15.35&#8243;<\/span><\/span><\/span><\/li>\n<li><span style=\"color: #999999;\"><span style=\"color: #999999;\"><span style=\"font-family: trebuchet ms, serif;\"><span style=\"color: #000000;\">Large:\u00a0<span style=\"color: #999999;\">A 58cm B 40cm \/ 22.83&#8243; x 15.75&#8243;<\/span><\/span><\/span><\/span><\/span><\/li>\n<\/ul>\n<\/td>\n<\/tr>\n<\/tbody>\n<\/table>\n<p>Tejido blanco transparente 100% poliamida de punto suave.<\/p>\n","protected":false},"excerpt":{"rendered":"<h2><strong>CROP TOP CALA BASSA<\/strong><\/h2>\n<p>Una pieza perfecta para todas las fiestas de este verano, c\u00f3moda y con estilo, que ealzar\u00e1 y mostrar\u00e1 tu parte abdominal y caderas. Listo para ser la estrella de este verano.<\/p>\n","protected":false},"featured_media":84783,"comment_status":"closed","ping_status":"closed","template":"","meta":{"_monsterinsights_skip_tracking":false,"_monsterinsights_sitenote_active":false,"_monsterinsights_sitenote_note":"","_monsterinsights_sitenote_category":0},"product_brand":[],"product_cat":[5883,2313,1921],"product_tag":[2171],"class_list":{"0":"post-83726","1":"product","2":"type-product","3":"status-publish","4":"has-post-thumbnail","6":"product_cat-eivissa-es","7":"product_cat-novedades","8":"product_cat-man-es","9":"product_tag-camisetas-y-tops","11":"first","12":"instock","13":"sale","14":"taxable","15":"shipping-taxable","16":"purchasable","17":"product-type-variable","18":"has-default-attributes"},"yoast_head":"<!-- This site is optimized with the Yoast SEO plugin v27.5 - https:\/\/yoast.com\/product\/yoast-seo-wordpress\/ -->\n<title>CROP TOP CALA BASSA - Ruben Galarreta<\/title>\n<meta name=\"robots\" content=\"index, follow, max-snippet:-1, max-image-preview:large, max-video-preview:-1\" \/>\n<link rel=\"canonical\" href=\"https:\/\/www.rubengalarreta.com\/es\/product\/man-es\/eivissa-es\/crop-top-cala-bassa\/\" \/>\n<meta property=\"og:locale\" content=\"es_ES\" \/>\n<meta property=\"og:type\" content=\"article\" \/>\n<meta property=\"og:title\" content=\"CROP TOP CALA BASSA - Ruben Galarreta\" \/>\n<meta property=\"og:description\" content=\"CROP TOP CALA BASSA Una pieza perfecta para todas las fiestas de este verano, c\u00f3moda y con estilo, que ealzar\u00e1 y mostrar\u00e1 tu parte abdominal y caderas. Listo para ser la estrella de este verano.\" \/>\n<meta property=\"og:url\" content=\"https:\/\/www.rubengalarreta.com\/es\/product\/man-es\/eivissa-es\/crop-top-cala-bassa\/\" \/>\n<meta property=\"og:site_name\" content=\"Ruben Galarreta\" \/>\n<meta property=\"article:modified_time\" content=\"2025-08-16T11:27:29+00:00\" \/>\n<meta property=\"og:image\" content=\"https:\/\/www.rubengalarreta.com\/wp-content\/uploads\/2022\/05\/ruben-galarreta-mens-wear-style-fashion-white-eivissa-stripes-transparent-crop-top-front-scaled.jpg\" \/>\n\t<meta property=\"og:image:width\" content=\"1352\" \/>\n\t<meta property=\"og:image:height\" content=\"1920\" \/>\n\t<meta property=\"og:image:type\" content=\"image\/jpeg\" \/>\n<meta name=\"twitter:card\" content=\"summary_large_image\" \/>\n<meta name=\"twitter:label1\" content=\"Tiempo de lectura\" \/>\n\t<meta name=\"twitter:data1\" content=\"1 minuto\" \/>\n<script type=\"application\/ld+json\" class=\"yoast-schema-graph\">{\"@context\":\"https:\\\/\\\/schema.org\",\"@graph\":[{\"@type\":\"WebPage\",\"@id\":\"https:\\\/\\\/www.rubengalarreta.com\\\/es\\\/product\\\/man-es\\\/eivissa-es\\\/crop-top-cala-bassa\\\/\",\"url\":\"https:\\\/\\\/www.rubengalarreta.com\\\/es\\\/product\\\/man-es\\\/eivissa-es\\\/crop-top-cala-bassa\\\/\",\"name\":\"CROP TOP CALA BASSA - Ruben Galarreta\",\"isPartOf\":{\"@id\":\"https:\\\/\\\/www.rubengalarreta.com\\\/es\\\/#website\"},\"primaryImageOfPage\":{\"@id\":\"https:\\\/\\\/www.rubengalarreta.com\\\/es\\\/product\\\/man-es\\\/eivissa-es\\\/crop-top-cala-bassa\\\/#primaryimage\"},\"image\":{\"@id\":\"https:\\\/\\\/www.rubengalarreta.com\\\/es\\\/product\\\/man-es\\\/eivissa-es\\\/crop-top-cala-bassa\\\/#primaryimage\"},\"thumbnailUrl\":\"https:\\\/\\\/www.rubengalarreta.com\\\/wp-content\\\/uploads\\\/2022\\\/05\\\/ruben-galarreta-mens-wear-style-fashion-white-eivissa-stripes-transparent-crop-top-front-scaled.jpg\",\"datePublished\":\"2022-05-23T17:46:21+00:00\",\"dateModified\":\"2025-08-16T11:27:29+00:00\",\"breadcrumb\":{\"@id\":\"https:\\\/\\\/www.rubengalarreta.com\\\/es\\\/product\\\/man-es\\\/eivissa-es\\\/crop-top-cala-bassa\\\/#breadcrumb\"},\"inLanguage\":\"es\",\"potentialAction\":[{\"@type\":\"ReadAction\",\"target\":[\"https:\\\/\\\/www.rubengalarreta.com\\\/es\\\/product\\\/man-es\\\/eivissa-es\\\/crop-top-cala-bassa\\\/\"]}]},{\"@type\":\"ImageObject\",\"inLanguage\":\"es\",\"@id\":\"https:\\\/\\\/www.rubengalarreta.com\\\/es\\\/product\\\/man-es\\\/eivissa-es\\\/crop-top-cala-bassa\\\/#primaryimage\",\"url\":\"https:\\\/\\\/www.rubengalarreta.com\\\/wp-content\\\/uploads\\\/2022\\\/05\\\/ruben-galarreta-mens-wear-style-fashion-white-eivissa-stripes-transparent-crop-top-front-scaled.jpg\",\"contentUrl\":\"https:\\\/\\\/www.rubengalarreta.com\\\/wp-content\\\/uploads\\\/2022\\\/05\\\/ruben-galarreta-mens-wear-style-fashion-white-eivissa-stripes-transparent-crop-top-front-scaled.jpg\",\"width\":1352,\"height\":1920},{\"@type\":\"BreadcrumbList\",\"@id\":\"https:\\\/\\\/www.rubengalarreta.com\\\/es\\\/product\\\/man-es\\\/eivissa-es\\\/crop-top-cala-bassa\\\/#breadcrumb\",\"itemListElement\":[{\"@type\":\"ListItem\",\"position\":1,\"name\":\"Home\",\"item\":\"https:\\\/\\\/www.rubengalarreta.com\\\/es\\\/\"},{\"@type\":\"ListItem\",\"position\":2,\"name\":\"Tienda Online\",\"item\":\"https:\\\/\\\/www.rubengalarreta.com\\\/es\\\/tienda-2\\\/\"},{\"@type\":\"ListItem\",\"position\":3,\"name\":\"CROP TOP CALA BASSA\"}]},{\"@type\":\"WebSite\",\"@id\":\"https:\\\/\\\/www.rubengalarreta.com\\\/es\\\/#website\",\"url\":\"https:\\\/\\\/www.rubengalarreta.com\\\/es\\\/\",\"name\":\"Ruben Galarreta\",\"description\":\"Hot Couture | Online Store\",\"publisher\":{\"@id\":\"https:\\\/\\\/www.rubengalarreta.com\\\/es\\\/#organization\"},\"potentialAction\":[{\"@type\":\"SearchAction\",\"target\":{\"@type\":\"EntryPoint\",\"urlTemplate\":\"https:\\\/\\\/www.rubengalarreta.com\\\/es\\\/?s={search_term_string}\"},\"query-input\":{\"@type\":\"PropertyValueSpecification\",\"valueRequired\":true,\"valueName\":\"search_term_string\"}}],\"inLanguage\":\"es\"},{\"@type\":\"Organization\",\"@id\":\"https:\\\/\\\/www.rubengalarreta.com\\\/es\\\/#organization\",\"name\":\"Ruben Galarreta\",\"url\":\"https:\\\/\\\/www.rubengalarreta.com\\\/es\\\/\",\"logo\":{\"@type\":\"ImageObject\",\"inLanguage\":\"es\",\"@id\":\"https:\\\/\\\/www.rubengalarreta.com\\\/es\\\/#\\\/schema\\\/logo\\\/image\\\/\",\"url\":\"https:\\\/\\\/www.rubengalarreta.com\\\/wp-content\\\/uploads\\\/2019\\\/10\\\/rubengalarreta-menswear.jpg\",\"contentUrl\":\"https:\\\/\\\/www.rubengalarreta.com\\\/wp-content\\\/uploads\\\/2019\\\/10\\\/rubengalarreta-menswear.jpg\",\"width\":1141,\"height\":146,\"caption\":\"Ruben Galarreta\"},\"image\":{\"@id\":\"https:\\\/\\\/www.rubengalarreta.com\\\/es\\\/#\\\/schema\\\/logo\\\/image\\\/\"}}]}<\/script>\n<!-- \/ Yoast SEO plugin. -->","yoast_head_json":{"title":"CROP TOP CALA BASSA - Ruben Galarreta","robots":{"index":"index","follow":"follow","max-snippet":"max-snippet:-1","max-image-preview":"max-image-preview:large","max-video-preview":"max-video-preview:-1"},"canonical":"https:\/\/www.rubengalarreta.com\/es\/product\/man-es\/eivissa-es\/crop-top-cala-bassa\/","og_locale":"es_ES","og_type":"article","og_title":"CROP TOP CALA BASSA - Ruben Galarreta","og_description":"CROP TOP CALA BASSA Una pieza perfecta para todas las fiestas de este verano, c\u00f3moda y con estilo, que ealzar\u00e1 y mostrar\u00e1 tu parte abdominal y caderas. Listo para ser la estrella de este verano.","og_url":"https:\/\/www.rubengalarreta.com\/es\/product\/man-es\/eivissa-es\/crop-top-cala-bassa\/","og_site_name":"Ruben Galarreta","article_modified_time":"2025-08-16T11:27:29+00:00","og_image":[{"width":1352,"height":1920,"url":"https:\/\/www.rubengalarreta.com\/wp-content\/uploads\/2022\/05\/ruben-galarreta-mens-wear-style-fashion-white-eivissa-stripes-transparent-crop-top-front-scaled.jpg","type":"image\/jpeg"}],"twitter_card":"summary_large_image","twitter_misc":{"Tiempo de lectura":"1 minuto"},"schema":{"@context":"https:\/\/schema.org","@graph":[{"@type":"WebPage","@id":"https:\/\/www.rubengalarreta.com\/es\/product\/man-es\/eivissa-es\/crop-top-cala-bassa\/","url":"https:\/\/www.rubengalarreta.com\/es\/product\/man-es\/eivissa-es\/crop-top-cala-bassa\/","name":"CROP TOP CALA BASSA - Ruben Galarreta","isPartOf":{"@id":"https:\/\/www.rubengalarreta.com\/es\/#website"},"primaryImageOfPage":{"@id":"https:\/\/www.rubengalarreta.com\/es\/product\/man-es\/eivissa-es\/crop-top-cala-bassa\/#primaryimage"},"image":{"@id":"https:\/\/www.rubengalarreta.com\/es\/product\/man-es\/eivissa-es\/crop-top-cala-bassa\/#primaryimage"},"thumbnailUrl":"https:\/\/www.rubengalarreta.com\/wp-content\/uploads\/2022\/05\/ruben-galarreta-mens-wear-style-fashion-white-eivissa-stripes-transparent-crop-top-front-scaled.jpg","datePublished":"2022-05-23T17:46:21+00:00","dateModified":"2025-08-16T11:27:29+00:00","breadcrumb":{"@id":"https:\/\/www.rubengalarreta.com\/es\/product\/man-es\/eivissa-es\/crop-top-cala-bassa\/#breadcrumb"},"inLanguage":"es","potentialAction":[{"@type":"ReadAction","target":["https:\/\/www.rubengalarreta.com\/es\/product\/man-es\/eivissa-es\/crop-top-cala-bassa\/"]}]},{"@type":"ImageObject","inLanguage":"es","@id":"https:\/\/www.rubengalarreta.com\/es\/product\/man-es\/eivissa-es\/crop-top-cala-bassa\/#primaryimage","url":"https:\/\/www.rubengalarreta.com\/wp-content\/uploads\/2022\/05\/ruben-galarreta-mens-wear-style-fashion-white-eivissa-stripes-transparent-crop-top-front-scaled.jpg","contentUrl":"https:\/\/www.rubengalarreta.com\/wp-content\/uploads\/2022\/05\/ruben-galarreta-mens-wear-style-fashion-white-eivissa-stripes-transparent-crop-top-front-scaled.jpg","width":1352,"height":1920},{"@type":"BreadcrumbList","@id":"https:\/\/www.rubengalarreta.com\/es\/product\/man-es\/eivissa-es\/crop-top-cala-bassa\/#breadcrumb","itemListElement":[{"@type":"ListItem","position":1,"name":"Home","item":"https:\/\/www.rubengalarreta.com\/es\/"},{"@type":"ListItem","position":2,"name":"Tienda Online","item":"https:\/\/www.rubengalarreta.com\/es\/tienda-2\/"},{"@type":"ListItem","position":3,"name":"CROP TOP CALA BASSA"}]},{"@type":"WebSite","@id":"https:\/\/www.rubengalarreta.com\/es\/#website","url":"https:\/\/www.rubengalarreta.com\/es\/","name":"Ruben Galarreta","description":"Hot Couture | Online Store","publisher":{"@id":"https:\/\/www.rubengalarreta.com\/es\/#organization"},"potentialAction":[{"@type":"SearchAction","target":{"@type":"EntryPoint","urlTemplate":"https:\/\/www.rubengalarreta.com\/es\/?s={search_term_string}"},"query-input":{"@type":"PropertyValueSpecification","valueRequired":true,"valueName":"search_term_string"}}],"inLanguage":"es"},{"@type":"Organization","@id":"https:\/\/www.rubengalarreta.com\/es\/#organization","name":"Ruben Galarreta","url":"https:\/\/www.rubengalarreta.com\/es\/","logo":{"@type":"ImageObject","inLanguage":"es","@id":"https:\/\/www.rubengalarreta.com\/es\/#\/schema\/logo\/image\/","url":"https:\/\/www.rubengalarreta.com\/wp-content\/uploads\/2019\/10\/rubengalarreta-menswear.jpg","contentUrl":"https:\/\/www.rubengalarreta.com\/wp-content\/uploads\/2019\/10\/rubengalarreta-menswear.jpg","width":1141,"height":146,"caption":"Ruben Galarreta"},"image":{"@id":"https:\/\/www.rubengalarreta.com\/es\/#\/schema\/logo\/image\/"}}]}},"_links":{"self":[{"href":"https:\/\/www.rubengalarreta.com\/es\/wp-json\/wp\/v2\/product\/83726","targetHints":{"allow":["GET"]}}],"collection":[{"href":"https:\/\/www.rubengalarreta.com\/es\/wp-json\/wp\/v2\/product"}],"about":[{"href":"https:\/\/www.rubengalarreta.com\/es\/wp-json\/wp\/v2\/types\/product"}],"replies":[{"embeddable":true,"href":"https:\/\/www.rubengalarreta.com\/es\/wp-json\/wp\/v2\/comments?post=83726"}],"wp:featuredmedia":[{"embeddable":true,"href":"https:\/\/www.rubengalarreta.com\/es\/wp-json\/wp\/v2\/media\/84783"}],"wp:attachment":[{"href":"https:\/\/www.rubengalarreta.com\/es\/wp-json\/wp\/v2\/media?parent=83726"}],"wp:term":[{"taxonomy":"product_brand","embeddable":true,"href":"https:\/\/www.rubengalarreta.com\/es\/wp-json\/wp\/v2\/product_brand?post=83726"},{"taxonomy":"product_cat","embeddable":true,"href":"https:\/\/www.rubengalarreta.com\/es\/wp-json\/wp\/v2\/product_cat?post=83726"},{"taxonomy":"product_tag","embeddable":true,"href":"https:\/\/www.rubengalarreta.com\/es\/wp-json\/wp\/v2\/product_tag?post=83726"}],"curies":[{"name":"wp","href":"https:\/\/api.w.org\/{rel}","templated":true}]}}