{"id":72938,"date":"2021-07-20T12:18:23","date_gmt":"2021-07-20T10:18:23","guid":{"rendered":"https:\/\/www.rubengalarreta.com\/?post_type=product&#038;p=72938"},"modified":"2025-10-07T17:28:18","modified_gmt":"2025-10-07T15:28:18","slug":"calzoncillo-negro-festival","status":"publish","type":"product","link":"https:\/\/www.rubengalarreta.com\/es\/product\/man-es\/calzoncillo-negro-festival\/","title":{"rendered":"CALZONCILLO NEGRO FESTIVAL"},"content":{"rendered":"<h2><strong>CALZONCILLO NEGRO FESTIVAL<\/strong><\/h2>\n<table style=\"height: 183px; width: 100%; border-collapse: collapse; border-style: hidden;\">\n<tbody>\n<tr valign=\"TOP\">\n<td style=\"width: 49.8998%; border-style: hidden;\" width=\"293\" height=\"19\"><span style=\"color: #000000;\"><span style=\"font-family: trebuchet ms, serif;\"><b>DETALLES DE PRODUCTO:<br \/>\n<\/b><\/span><\/span><span style=\"color: #999999;\"><span style=\"font-family: trebuchet ms, serif;\">-Concha de algod\u00f3n negro<br \/>\n-Parte delantera: 95% algod\u00f3n; 5% elastane<br \/>\n-Tela de red blanca en los lados y negra en las nalgas<br \/>\n-Cinturilla el\u00e1stica con logo de Galarreta<br \/>\n-Ribetes de algod\u00f3n verde lima en la parte de la concha y de color azul el\u00e9ctrico en los laterales y la parte trasera<\/span><\/span><\/td>\n<td style=\"width: 50.1002%; border-style: hidden;\" width=\"293\"><span style=\"color: #000000;\"><span style=\"font-family: trebuchet ms, serif;\"><b>TALLA:<br \/>\n<\/b><\/span><\/span><span style=\"color: #999999;\"><span style=\"font-family: trebuchet ms, serif;\">-Tallaje ajustado <span data-text-color=\"alert\">*ACONSEJAMOS COMPRAR UNA TALLA M\u00c1S*<\/span><\/span><\/span><\/p>\n<ul>\n<li><span style=\"color: #999999;\"><span style=\"font-family: trebuchet ms, serif;\"><span style=\"color: #000000;\">Small:<\/span> A Relaxed 32cm A Stretched 38cm \/ 12.6&#8243; x\u00a0 14.96&#8243;<\/span><\/span><\/li>\n<li><span style=\"color: #999999;\"><span style=\"font-family: trebuchet ms, serif;\"><span style=\"color: #000000;\">Medium:<\/span> A Relaxed 35cm A Stretched 40cm \/ 13.78&#8243; x 15.74&#8243;<\/span><\/span><\/li>\n<li><span style=\"color: #999999;\"><span style=\"font-family: trebuchet ms, serif;\"><span style=\"color: #000000;\">Large:<\/span> A Relaxed 37cm A Stretched 43cm \/ 14.56&#8243; x 16.93&#8243;<\/span><\/span><\/li>\n<\/ul>\n<\/td>\n<\/tr>\n<tr valign=\"TOP\">\n<td style=\"width: 49.8998%; border-style: hidden;\" width=\"293\" height=\"19\"><span style=\"color: #000000;\"><span style=\"font-family: trebuchet ms, serif;\"><b>CUIDADOS:<br \/>\n<\/b><\/span><\/span><span style=\"color: #999999;\"><span style=\"font-family: trebuchet ms, serif;\">-Lavado a m\u00e1quina seg\u00fan las instrucciones de cuidado de la etiqueta<\/span><\/span><\/td>\n<td style=\"width: 50.1002%; border-style: hidden;\" width=\"293\"><span style=\"color: #000000;\"><span style=\"font-family: trebuchet ms, serif;\"><b>MEDIDAS MODELO:<br \/>\n<\/b><\/span><\/span><span style=\"color: #999999;\"><span style=\"font-family: trebuchet ms, serif;\">-Altura de modelo: 180 cm \/ 5&#8242;.9\u201d<br \/>\n-El modelo usa talla M<\/span><\/span><\/td>\n<\/tr>\n<\/tbody>\n<\/table>\n<h4><img loading=\"lazy\" decoding=\"async\" class=\"alignnone wp-image-73318\" src=\"https:\/\/www.rubengalarreta.com\/wp-content\/uploads\/2021\/07\/tech-slip-min-379x400.jpg\" alt=\"\" width=\"154\" height=\"163\" srcset=\"https:\/\/www.rubengalarreta.com\/wp-content\/uploads\/2021\/07\/tech-slip-min-379x400.jpg 379w, https:\/\/www.rubengalarreta.com\/wp-content\/uploads\/2021\/07\/tech-slip-min-758x800.jpg 758w, https:\/\/www.rubengalarreta.com\/wp-content\/uploads\/2021\/07\/tech-slip-min-768x811.jpg 768w, https:\/\/www.rubengalarreta.com\/wp-content\/uploads\/2021\/07\/tech-slip-min-1455x1536.jpg 1455w, https:\/\/www.rubengalarreta.com\/wp-content\/uploads\/2021\/07\/tech-slip-min-247x261.jpg 247w, https:\/\/www.rubengalarreta.com\/wp-content\/uploads\/2021\/07\/tech-slip-min-510x538.jpg 510w, https:\/\/www.rubengalarreta.com\/wp-content\/uploads\/2021\/07\/tech-slip-min.jpg 1600w\" sizes=\"auto, (max-width: 154px) 100vw, 154px\" \/><\/h4>\n<h4><strong>NO SE ACEPTAN DEVOLUCIONES DEL PRODUCTO POR RAZONES DE HIGIENE<\/strong><\/h4>\n<h4><strong>Descripci\u00f3n:<\/strong><\/h4>\n<p>Seguro que eres atrevido, y est\u00e1s dispuesto a serlo cuando quieras con la ropa interior m\u00e1s descarada de nuestra colecci\u00f3n. El CALZONCILLO NEGRO FESTIVAL para hombres es una de las novedades de la colecci\u00f3n <a href=\"https:\/\/www.rubengalarreta.com\/product-category\/man\/underwear-and-socks\/\">UNDERWEAR<\/a>. El estilo fetiche de la ropa interior combina la simplicidad y la sensualidad de la colecci\u00f3n. Est\u00e1 hecho de 95% algod\u00f3n y 5% elastane para la bolsa para la comodidad y una forma de paquete perfecto. Dise\u00f1ado por nosotros en Espa\u00f1a con el logo de GALARRETA en la cinturilla el\u00e1stica.<\/p>\n<p>El highlight de esta colecci\u00f3n es que trae de vuelta la ic\u00f3nica cinturilla el\u00e1stica con el logo de Ruben Galarreta. Adem\u00e1s, la parte delantera del CALZONCILLO NEGRO FESTIVAL est\u00e1 formada por una bolsa de algod\u00f3n 100%, redondeada para que te sientas m\u00e1s c\u00f3modo al llevarlo. La composici\u00f3n de los laterales es de tela de malla blanca y las nalgas es de tela de malla negra, lo que le da un toque caliente y sexy. Lo m\u00e1s destacado de este calzoncillo son los ribetes, en la zona de la concha son de color verde lima, mientras que en los laterales y en la parte trasera del calzoncillo son de color azul el\u00e9ctrico.<br \/>\nGracias a su versatilidad y sensualidad puedes llevarlo cuando quieras y sentirte libre y sexy al mismo tiempo. Se atrevido y descarado con nuestra nueva colecci\u00f3n de ropa interior.<\/p>\n<h4><strong>Nota de estilo:<\/strong><\/h4>\n<p>La versatilidad del calzoncillo te de la libertad de usarlo para lo que te apetezca, como por ejemplo con uno de nuestros <a href=\"https:\/\/www.rubengalarreta.com\/es\/producto-categoria\/man-es\/accessories-m-es\/\">ARNESES.<\/a><\/p>\n","protected":false},"excerpt":{"rendered":"<h1><strong>CALZONCILLO NEGRO DE ALGOD\u00d3N FESTIVAL<\/strong><\/h1>\n<p>El nuevo Calzoncillo negro es una prenda atrevida y sexy con la que te sentir\u00e1s muy c\u00f3modo. Cuenta con una cinturilla el\u00e1stica con el logo de Ruben Galarreta y ribetes verde lima en la zona de la concha y azul el\u00e9ctrico en los laterales y la parte trasera.<\/p>\n","protected":false},"featured_media":79196,"comment_status":"closed","ping_status":"closed","template":"","meta":{"_monsterinsights_skip_tracking":false,"_monsterinsights_sitenote_active":false,"_monsterinsights_sitenote_note":"","_monsterinsights_sitenote_category":0},"product_brand":[],"product_cat":[5054,2313,1921],"product_tag":[5046],"class_list":{"0":"post-72938","1":"product","2":"type-product","3":"status-publish","4":"has-post-thumbnail","6":"product_cat-intimo-calcetines","7":"product_cat-novedades","8":"product_cat-man-es","9":"product_tag-intimo-calcetines","11":"first","12":"instock","13":"sale","14":"taxable","15":"shipping-taxable","16":"purchasable","17":"product-type-variable","18":"has-default-attributes"},"yoast_head":"<!-- This site is optimized with the Yoast SEO plugin v27.5 - https:\/\/yoast.com\/product\/yoast-seo-wordpress\/ -->\n<title>CALZONCILLO NEGRO FESTIVAL - Ruben Galarreta<\/title>\n<meta name=\"description\" content=\"Descubre el nuevo CALZONCILLO NEGRO en la colecci\u00f3n underwear de Rub\u00e9n Galarreta dise\u00f1ada en Espa\u00f1a. Se atrevido y sexy.\" \/>\n<meta name=\"robots\" content=\"index, follow, max-snippet:-1, max-image-preview:large, max-video-preview:-1\" \/>\n<link rel=\"canonical\" href=\"https:\/\/www.rubengalarreta.com\/es\/product\/man-es\/calzoncillo-negro-festival\/\" \/>\n<meta property=\"og:locale\" content=\"es_ES\" \/>\n<meta property=\"og:type\" content=\"article\" \/>\n<meta property=\"og:title\" content=\"CALZONCILLO NEGRO FESTIVAL - Ruben Galarreta\" \/>\n<meta property=\"og:description\" content=\"Descubre el nuevo CALZONCILLO NEGRO en la colecci\u00f3n underwear de Rub\u00e9n Galarreta dise\u00f1ada en Espa\u00f1a. Se atrevido y sexy.\" \/>\n<meta property=\"og:url\" content=\"https:\/\/www.rubengalarreta.com\/es\/product\/man-es\/calzoncillo-negro-festival\/\" \/>\n<meta property=\"og:site_name\" content=\"Ruben Galarreta\" \/>\n<meta property=\"article:modified_time\" content=\"2025-10-07T15:28:18+00:00\" \/>\n<meta property=\"og:image\" content=\"https:\/\/www.rubengalarreta.com\/wp-content\/uploads\/2021\/12\/ruben-galarreta-underwear-21-hot-fashion-men-green-brief-side.jpg\" \/>\n\t<meta property=\"og:image:width\" content=\"704\" \/>\n\t<meta property=\"og:image:height\" content=\"1000\" \/>\n\t<meta property=\"og:image:type\" content=\"image\/jpeg\" \/>\n<meta name=\"twitter:card\" content=\"summary_large_image\" \/>\n<meta name=\"twitter:label1\" content=\"Tiempo de lectura\" \/>\n\t<meta name=\"twitter:data1\" content=\"2 minutos\" \/>\n<script type=\"application\/ld+json\" class=\"yoast-schema-graph\">{\"@context\":\"https:\\\/\\\/schema.org\",\"@graph\":[{\"@type\":\"WebPage\",\"@id\":\"https:\\\/\\\/www.rubengalarreta.com\\\/es\\\/product\\\/man-es\\\/calzoncillo-negro-festival\\\/\",\"url\":\"https:\\\/\\\/www.rubengalarreta.com\\\/es\\\/product\\\/man-es\\\/calzoncillo-negro-festival\\\/\",\"name\":\"CALZONCILLO NEGRO FESTIVAL - Ruben Galarreta\",\"isPartOf\":{\"@id\":\"https:\\\/\\\/www.rubengalarreta.com\\\/es\\\/#website\"},\"primaryImageOfPage\":{\"@id\":\"https:\\\/\\\/www.rubengalarreta.com\\\/es\\\/product\\\/man-es\\\/calzoncillo-negro-festival\\\/#primaryimage\"},\"image\":{\"@id\":\"https:\\\/\\\/www.rubengalarreta.com\\\/es\\\/product\\\/man-es\\\/calzoncillo-negro-festival\\\/#primaryimage\"},\"thumbnailUrl\":\"https:\\\/\\\/www.rubengalarreta.com\\\/wp-content\\\/uploads\\\/2021\\\/12\\\/ruben-galarreta-underwear-21-hot-fashion-men-green-brief-side.jpg\",\"datePublished\":\"2021-07-20T10:18:23+00:00\",\"dateModified\":\"2025-10-07T15:28:18+00:00\",\"description\":\"Descubre el nuevo CALZONCILLO NEGRO en la colecci\u00f3n underwear de Rub\u00e9n Galarreta dise\u00f1ada en Espa\u00f1a. Se atrevido y sexy.\",\"breadcrumb\":{\"@id\":\"https:\\\/\\\/www.rubengalarreta.com\\\/es\\\/product\\\/man-es\\\/calzoncillo-negro-festival\\\/#breadcrumb\"},\"inLanguage\":\"es\",\"potentialAction\":[{\"@type\":\"ReadAction\",\"target\":[\"https:\\\/\\\/www.rubengalarreta.com\\\/es\\\/product\\\/man-es\\\/calzoncillo-negro-festival\\\/\"]}]},{\"@type\":\"ImageObject\",\"inLanguage\":\"es\",\"@id\":\"https:\\\/\\\/www.rubengalarreta.com\\\/es\\\/product\\\/man-es\\\/calzoncillo-negro-festival\\\/#primaryimage\",\"url\":\"https:\\\/\\\/www.rubengalarreta.com\\\/wp-content\\\/uploads\\\/2021\\\/12\\\/ruben-galarreta-underwear-21-hot-fashion-men-green-brief-side.jpg\",\"contentUrl\":\"https:\\\/\\\/www.rubengalarreta.com\\\/wp-content\\\/uploads\\\/2021\\\/12\\\/ruben-galarreta-underwear-21-hot-fashion-men-green-brief-side.jpg\",\"width\":704,\"height\":1000},{\"@type\":\"BreadcrumbList\",\"@id\":\"https:\\\/\\\/www.rubengalarreta.com\\\/es\\\/product\\\/man-es\\\/calzoncillo-negro-festival\\\/#breadcrumb\",\"itemListElement\":[{\"@type\":\"ListItem\",\"position\":1,\"name\":\"Home\",\"item\":\"https:\\\/\\\/www.rubengalarreta.com\\\/es\\\/\"},{\"@type\":\"ListItem\",\"position\":2,\"name\":\"Tienda Online\",\"item\":\"https:\\\/\\\/www.rubengalarreta.com\\\/es\\\/tienda-2\\\/\"},{\"@type\":\"ListItem\",\"position\":3,\"name\":\"CALZONCILLO NEGRO FESTIVAL\"}]},{\"@type\":\"WebSite\",\"@id\":\"https:\\\/\\\/www.rubengalarreta.com\\\/es\\\/#website\",\"url\":\"https:\\\/\\\/www.rubengalarreta.com\\\/es\\\/\",\"name\":\"Ruben Galarreta\",\"description\":\"Hot Couture | Online Store\",\"publisher\":{\"@id\":\"https:\\\/\\\/www.rubengalarreta.com\\\/es\\\/#organization\"},\"potentialAction\":[{\"@type\":\"SearchAction\",\"target\":{\"@type\":\"EntryPoint\",\"urlTemplate\":\"https:\\\/\\\/www.rubengalarreta.com\\\/es\\\/?s={search_term_string}\"},\"query-input\":{\"@type\":\"PropertyValueSpecification\",\"valueRequired\":true,\"valueName\":\"search_term_string\"}}],\"inLanguage\":\"es\"},{\"@type\":\"Organization\",\"@id\":\"https:\\\/\\\/www.rubengalarreta.com\\\/es\\\/#organization\",\"name\":\"Ruben Galarreta\",\"url\":\"https:\\\/\\\/www.rubengalarreta.com\\\/es\\\/\",\"logo\":{\"@type\":\"ImageObject\",\"inLanguage\":\"es\",\"@id\":\"https:\\\/\\\/www.rubengalarreta.com\\\/es\\\/#\\\/schema\\\/logo\\\/image\\\/\",\"url\":\"https:\\\/\\\/www.rubengalarreta.com\\\/wp-content\\\/uploads\\\/2019\\\/10\\\/rubengalarreta-menswear.jpg\",\"contentUrl\":\"https:\\\/\\\/www.rubengalarreta.com\\\/wp-content\\\/uploads\\\/2019\\\/10\\\/rubengalarreta-menswear.jpg\",\"width\":1141,\"height\":146,\"caption\":\"Ruben Galarreta\"},\"image\":{\"@id\":\"https:\\\/\\\/www.rubengalarreta.com\\\/es\\\/#\\\/schema\\\/logo\\\/image\\\/\"}}]}<\/script>\n<!-- \/ Yoast SEO plugin. -->","yoast_head_json":{"title":"CALZONCILLO NEGRO FESTIVAL - Ruben Galarreta","description":"Descubre el nuevo CALZONCILLO NEGRO en la colecci\u00f3n underwear de Rub\u00e9n Galarreta dise\u00f1ada en Espa\u00f1a. Se atrevido y sexy.","robots":{"index":"index","follow":"follow","max-snippet":"max-snippet:-1","max-image-preview":"max-image-preview:large","max-video-preview":"max-video-preview:-1"},"canonical":"https:\/\/www.rubengalarreta.com\/es\/product\/man-es\/calzoncillo-negro-festival\/","og_locale":"es_ES","og_type":"article","og_title":"CALZONCILLO NEGRO FESTIVAL - Ruben Galarreta","og_description":"Descubre el nuevo CALZONCILLO NEGRO en la colecci\u00f3n underwear de Rub\u00e9n Galarreta dise\u00f1ada en Espa\u00f1a. Se atrevido y sexy.","og_url":"https:\/\/www.rubengalarreta.com\/es\/product\/man-es\/calzoncillo-negro-festival\/","og_site_name":"Ruben Galarreta","article_modified_time":"2025-10-07T15:28:18+00:00","og_image":[{"width":704,"height":1000,"url":"https:\/\/www.rubengalarreta.com\/wp-content\/uploads\/2021\/12\/ruben-galarreta-underwear-21-hot-fashion-men-green-brief-side.jpg","type":"image\/jpeg"}],"twitter_card":"summary_large_image","twitter_misc":{"Tiempo de lectura":"2 minutos"},"schema":{"@context":"https:\/\/schema.org","@graph":[{"@type":"WebPage","@id":"https:\/\/www.rubengalarreta.com\/es\/product\/man-es\/calzoncillo-negro-festival\/","url":"https:\/\/www.rubengalarreta.com\/es\/product\/man-es\/calzoncillo-negro-festival\/","name":"CALZONCILLO NEGRO FESTIVAL - Ruben Galarreta","isPartOf":{"@id":"https:\/\/www.rubengalarreta.com\/es\/#website"},"primaryImageOfPage":{"@id":"https:\/\/www.rubengalarreta.com\/es\/product\/man-es\/calzoncillo-negro-festival\/#primaryimage"},"image":{"@id":"https:\/\/www.rubengalarreta.com\/es\/product\/man-es\/calzoncillo-negro-festival\/#primaryimage"},"thumbnailUrl":"https:\/\/www.rubengalarreta.com\/wp-content\/uploads\/2021\/12\/ruben-galarreta-underwear-21-hot-fashion-men-green-brief-side.jpg","datePublished":"2021-07-20T10:18:23+00:00","dateModified":"2025-10-07T15:28:18+00:00","description":"Descubre el nuevo CALZONCILLO NEGRO en la colecci\u00f3n underwear de Rub\u00e9n Galarreta dise\u00f1ada en Espa\u00f1a. Se atrevido y sexy.","breadcrumb":{"@id":"https:\/\/www.rubengalarreta.com\/es\/product\/man-es\/calzoncillo-negro-festival\/#breadcrumb"},"inLanguage":"es","potentialAction":[{"@type":"ReadAction","target":["https:\/\/www.rubengalarreta.com\/es\/product\/man-es\/calzoncillo-negro-festival\/"]}]},{"@type":"ImageObject","inLanguage":"es","@id":"https:\/\/www.rubengalarreta.com\/es\/product\/man-es\/calzoncillo-negro-festival\/#primaryimage","url":"https:\/\/www.rubengalarreta.com\/wp-content\/uploads\/2021\/12\/ruben-galarreta-underwear-21-hot-fashion-men-green-brief-side.jpg","contentUrl":"https:\/\/www.rubengalarreta.com\/wp-content\/uploads\/2021\/12\/ruben-galarreta-underwear-21-hot-fashion-men-green-brief-side.jpg","width":704,"height":1000},{"@type":"BreadcrumbList","@id":"https:\/\/www.rubengalarreta.com\/es\/product\/man-es\/calzoncillo-negro-festival\/#breadcrumb","itemListElement":[{"@type":"ListItem","position":1,"name":"Home","item":"https:\/\/www.rubengalarreta.com\/es\/"},{"@type":"ListItem","position":2,"name":"Tienda Online","item":"https:\/\/www.rubengalarreta.com\/es\/tienda-2\/"},{"@type":"ListItem","position":3,"name":"CALZONCILLO NEGRO FESTIVAL"}]},{"@type":"WebSite","@id":"https:\/\/www.rubengalarreta.com\/es\/#website","url":"https:\/\/www.rubengalarreta.com\/es\/","name":"Ruben Galarreta","description":"Hot Couture | Online Store","publisher":{"@id":"https:\/\/www.rubengalarreta.com\/es\/#organization"},"potentialAction":[{"@type":"SearchAction","target":{"@type":"EntryPoint","urlTemplate":"https:\/\/www.rubengalarreta.com\/es\/?s={search_term_string}"},"query-input":{"@type":"PropertyValueSpecification","valueRequired":true,"valueName":"search_term_string"}}],"inLanguage":"es"},{"@type":"Organization","@id":"https:\/\/www.rubengalarreta.com\/es\/#organization","name":"Ruben Galarreta","url":"https:\/\/www.rubengalarreta.com\/es\/","logo":{"@type":"ImageObject","inLanguage":"es","@id":"https:\/\/www.rubengalarreta.com\/es\/#\/schema\/logo\/image\/","url":"https:\/\/www.rubengalarreta.com\/wp-content\/uploads\/2019\/10\/rubengalarreta-menswear.jpg","contentUrl":"https:\/\/www.rubengalarreta.com\/wp-content\/uploads\/2019\/10\/rubengalarreta-menswear.jpg","width":1141,"height":146,"caption":"Ruben Galarreta"},"image":{"@id":"https:\/\/www.rubengalarreta.com\/es\/#\/schema\/logo\/image\/"}}]}},"_links":{"self":[{"href":"https:\/\/www.rubengalarreta.com\/es\/wp-json\/wp\/v2\/product\/72938","targetHints":{"allow":["GET"]}}],"collection":[{"href":"https:\/\/www.rubengalarreta.com\/es\/wp-json\/wp\/v2\/product"}],"about":[{"href":"https:\/\/www.rubengalarreta.com\/es\/wp-json\/wp\/v2\/types\/product"}],"replies":[{"embeddable":true,"href":"https:\/\/www.rubengalarreta.com\/es\/wp-json\/wp\/v2\/comments?post=72938"}],"wp:featuredmedia":[{"embeddable":true,"href":"https:\/\/www.rubengalarreta.com\/es\/wp-json\/wp\/v2\/media\/79196"}],"wp:attachment":[{"href":"https:\/\/www.rubengalarreta.com\/es\/wp-json\/wp\/v2\/media?parent=72938"}],"wp:term":[{"taxonomy":"product_brand","embeddable":true,"href":"https:\/\/www.rubengalarreta.com\/es\/wp-json\/wp\/v2\/product_brand?post=72938"},{"taxonomy":"product_cat","embeddable":true,"href":"https:\/\/www.rubengalarreta.com\/es\/wp-json\/wp\/v2\/product_cat?post=72938"},{"taxonomy":"product_tag","embeddable":true,"href":"https:\/\/www.rubengalarreta.com\/es\/wp-json\/wp\/v2\/product_tag?post=72938"}],"curies":[{"name":"wp","href":"https:\/\/api.w.org\/{rel}","templated":true}]}}