{"id":72914,"date":"2021-07-20T12:16:56","date_gmt":"2021-07-20T10:16:56","guid":{"rendered":"https:\/\/www.rubengalarreta.com\/?post_type=product&#038;p=72914"},"modified":"2025-09-28T11:19:22","modified_gmt":"2025-09-28T09:19:22","slug":"calzoncillo-iconic-negro-de-malla","status":"publish","type":"product","link":"https:\/\/www.rubengalarreta.com\/es\/product\/man-es\/calzoncillo-iconic-negro-de-malla\/","title":{"rendered":"CALZONCILLO NEGRO DE MALLA ICONIC"},"content":{"rendered":"<h2><strong>CALZONCILLO NEGRO DE MALLA ICONIC<\/strong><\/h2>\n<table style=\"height: 183px; width: 100%; border-collapse: collapse; border-style: hidden;\">\n<tbody>\n<tr valign=\"TOP\">\n<td style=\"width: 49.8998%; border-style: hidden;\" width=\"293\" height=\"19\"><span style=\"color: #000000;\"><span style=\"font-family: trebuchet ms, serif;\"><b>DETALLES DE PRODUCTO:<br \/>\n<\/b><\/span><\/span><span style=\"color: #999999;\"><span style=\"font-family: trebuchet ms, serif;\">-Concha de tela de red elastica<\/span><\/span><br \/>\n<span style=\"color: #999999;\"><span style=\"font-family: trebuchet ms, serif;\">-Tela de red en los lados y las nalgas<\/span><\/span><br \/>\n<span style=\"color: #999999;\"><span style=\"font-family: trebuchet ms, serif;\">-Cinturilla el\u00e1stica con logo de Ruben Galarreta<br \/>\n-Ribetes de algod\u00f3n negro<\/span><\/span><\/td>\n<td style=\"width: 50.1002%; border-style: hidden;\" width=\"293\"><span style=\"color: #000000;\"><span style=\"font-family: trebuchet ms, serif;\"><b>TALLA:<br \/>\n<\/b><\/span><\/span><span style=\"color: #999999;\"><span style=\"font-family: trebuchet ms, serif;\">-Tallaje ajustado <span data-text-color=\"alert\">*ACONSEJAMOS COMPRAR UNA TALLA M\u00c1S*<\/span><\/span><\/span><\/p>\n<ul>\n<li><span style=\"color: #999999;\"><span style=\"font-family: trebuchet ms, serif;\"><span style=\"color: #000000;\">Small:<\/span> A Relaxed 32cm A Stretched 38cm \/ 12.6&#8243; x\u00a0 14.96&#8243;<\/span><\/span><\/li>\n<li><span style=\"color: #999999;\"><span style=\"font-family: trebuchet ms, serif;\"><span style=\"color: #000000;\">Medium:<\/span> A Relaxed 35cm A Stretched 40cm \/ 13.78&#8243; x 15.74&#8243;<\/span><\/span><\/li>\n<li><span style=\"color: #999999;\"><span style=\"font-family: trebuchet ms, serif;\"><span style=\"color: #000000;\">Large:<\/span> A Relaxed 37cm A Stretched 43cm \/ 14.56&#8243; x 16.93&#8243;<\/span><\/span><\/li>\n<\/ul>\n<\/td>\n<\/tr>\n<tr valign=\"TOP\">\n<td style=\"width: 49.8998%; border-style: hidden;\" width=\"293\" height=\"19\"><span style=\"color: #000000;\"><span style=\"font-family: trebuchet ms, serif;\"><b>CUIDADOS:<br \/>\n<\/b><\/span><\/span><span style=\"color: #999999;\"><span style=\"font-family: trebuchet ms, serif;\">-Lavado a m\u00e1quina seg\u00fan las instrucciones de cuidado de la etiqueta<\/span><\/span><\/td>\n<td style=\"width: 50.1002%; border-style: hidden;\" width=\"293\"><span style=\"color: #000000;\"><span style=\"font-family: trebuchet ms, serif;\"><b>MEDIDAS MODELO:<br \/>\n<\/b><\/span><\/span><span style=\"color: #999999;\"><span style=\"font-family: trebuchet ms, serif;\">-Altura de modelo: 187 cm \/ 6,1ft<br \/>\n-El modelo usa talla M<\/span><\/span><\/td>\n<\/tr>\n<\/tbody>\n<\/table>\n<h4><img loading=\"lazy\" decoding=\"async\" class=\"alignnone wp-image-73318\" src=\"https:\/\/www.rubengalarreta.com\/wp-content\/uploads\/2021\/07\/tech-slip-min-379x400.jpg\" alt=\"\" width=\"129\" height=\"136\" srcset=\"https:\/\/www.rubengalarreta.com\/wp-content\/uploads\/2021\/07\/tech-slip-min-379x400.jpg 379w, https:\/\/www.rubengalarreta.com\/wp-content\/uploads\/2021\/07\/tech-slip-min-758x800.jpg 758w, https:\/\/www.rubengalarreta.com\/wp-content\/uploads\/2021\/07\/tech-slip-min-768x811.jpg 768w, https:\/\/www.rubengalarreta.com\/wp-content\/uploads\/2021\/07\/tech-slip-min-1455x1536.jpg 1455w, https:\/\/www.rubengalarreta.com\/wp-content\/uploads\/2021\/07\/tech-slip-min-247x261.jpg 247w, https:\/\/www.rubengalarreta.com\/wp-content\/uploads\/2021\/07\/tech-slip-min-510x538.jpg 510w, https:\/\/www.rubengalarreta.com\/wp-content\/uploads\/2021\/07\/tech-slip-min.jpg 1600w\" sizes=\"auto, (max-width: 129px) 100vw, 129px\" \/><\/h4>\n<h4><strong>NO SE ACEPTAN DEVOLUCIONES DEL PRODUCTO POR RAZONES DE HIGIENE<\/strong><\/h4>\n<h4><strong>Descripci\u00f3n:<\/strong><\/h4>\n<p>El CALZONCILLO NEGRO DE MALLA\u00a0 ICONIC para hombres es una de las novedades de la colecci\u00f3n <a href=\"https:\/\/www.rubengalarreta.com\/product-category\/man\/underwear-and-socks\/\">UNDERWEAR<\/a>. El estilo fetiche de la ropa interior combina la simplicidad y la sensualidad de la colecci\u00f3n. Est\u00e1 hecho de malla el\u00e1stica para la comodidad y una forma de paquete perfecto. Dise\u00f1ado por nosotros en Espa\u00f1a con el logo RUBEN GALARRETA en la cinturilla el\u00e1stica<\/p>\n<p>El highlight de esta colecci\u00f3n es que trae de vuelta la ic\u00f3nica cinturilla el\u00e1stica con el logo de Ruben Galarreta. Adem\u00e1s, la parte delantera del CALZONCILLO NEGRO DE MALLA\u00a0 ICONIC est\u00e1 formada por una bolsa de tela de malla, que te har\u00e1 sentirte c\u00f3modo mientras los lleves puestos, al igual que la composici\u00f3n de los lados y las nalgas, tambi\u00e9n de tela de malla negra que le da un toque caliente y sexy.<br \/>\nGracias a su versatilidad y sensualidad puedes llevarlo cuando quieras y sentirte libre y sexy al mismo tiempo. Se atrevido y descarado con nuestra nueva colecci\u00f3n de ropa interior.<\/p>\n<h4><strong>Nota de estilo:<\/strong><\/h4>\n<p>La versatilidad del calzoncillo te de la libertad de usarlo para lo que te apetezca, como por ejemplo con uno de nuestros <a href=\"https:\/\/www.rubengalarreta.com\/es\/producto-categoria\/man-es\/accessories-m-es\/\">ARNESES.<\/a><\/p>\n","protected":false},"excerpt":{"rendered":"<h1><strong>CALZONCILLO ICONIC NEGRO DE MALLA<\/strong><\/h1>\n<p>&nbsp;<\/p>\n","protected":false},"featured_media":79190,"comment_status":"closed","ping_status":"closed","template":"","meta":{"_monsterinsights_skip_tracking":false,"_monsterinsights_sitenote_active":false,"_monsterinsights_sitenote_note":"","_monsterinsights_sitenote_category":0},"product_brand":[],"product_cat":[5054,2313,1921],"product_tag":[5046],"class_list":{"0":"post-72914","1":"product","2":"type-product","3":"status-publish","4":"has-post-thumbnail","6":"product_cat-intimo-calcetines","7":"product_cat-novedades","8":"product_cat-man-es","9":"product_tag-intimo-calcetines","11":"first","12":"instock","13":"sale","14":"taxable","15":"shipping-taxable","16":"purchasable","17":"product-type-variable","18":"has-default-attributes"},"yoast_head":"<!-- This site is optimized with the Yoast SEO plugin v27.3 - https:\/\/yoast.com\/product\/yoast-seo-wordpress\/ -->\n<title>CALZONCILLO NEGRO DE MALLA ICONIC - Ruben Galarreta<\/title>\n<meta name=\"description\" content=\"Descubre el nuevo CALZONCILLO ICONIC NEGRO DE REJILLA, una prenda sexy y atrevida con la que te sentir\u00e1s c\u00f3modo y libre.\" \/>\n<meta name=\"robots\" content=\"index, follow, max-snippet:-1, max-image-preview:large, max-video-preview:-1\" \/>\n<link rel=\"canonical\" href=\"https:\/\/www.rubengalarreta.com\/es\/product\/man-es\/calzoncillo-iconic-negro-de-malla\/\" \/>\n<meta property=\"og:locale\" content=\"es_ES\" \/>\n<meta property=\"og:type\" content=\"article\" \/>\n<meta property=\"og:title\" content=\"CALZONCILLO NEGRO DE MALLA ICONIC - Ruben Galarreta\" \/>\n<meta property=\"og:description\" content=\"Descubre el nuevo CALZONCILLO ICONIC NEGRO DE REJILLA, una prenda sexy y atrevida con la que te sentir\u00e1s c\u00f3modo y libre.\" \/>\n<meta property=\"og:url\" content=\"https:\/\/www.rubengalarreta.com\/es\/product\/man-es\/calzoncillo-iconic-negro-de-malla\/\" \/>\n<meta property=\"og:site_name\" content=\"Ruben Galarreta\" \/>\n<meta property=\"article:modified_time\" content=\"2025-09-28T09:19:22+00:00\" \/>\n<meta property=\"og:image\" content=\"https:\/\/www.rubengalarreta.com\/wp-content\/uploads\/2021\/12\/ruben-galarreta-underwear-21-hot-fashion-men-black-mesh-brief-back.jpg\" \/>\n\t<meta property=\"og:image:width\" content=\"704\" \/>\n\t<meta property=\"og:image:height\" content=\"1000\" \/>\n\t<meta property=\"og:image:type\" content=\"image\/jpeg\" \/>\n<meta name=\"twitter:card\" content=\"summary_large_image\" \/>\n<meta name=\"twitter:label1\" content=\"Tiempo de lectura\" \/>\n\t<meta name=\"twitter:data1\" content=\"2 minutos\" \/>\n<script type=\"application\/ld+json\" class=\"yoast-schema-graph\">{\"@context\":\"https:\\\/\\\/schema.org\",\"@graph\":[{\"@type\":\"WebPage\",\"@id\":\"https:\\\/\\\/www.rubengalarreta.com\\\/es\\\/product\\\/man-es\\\/calzoncillo-iconic-negro-de-malla\\\/\",\"url\":\"https:\\\/\\\/www.rubengalarreta.com\\\/es\\\/product\\\/man-es\\\/calzoncillo-iconic-negro-de-malla\\\/\",\"name\":\"CALZONCILLO NEGRO DE MALLA ICONIC - Ruben Galarreta\",\"isPartOf\":{\"@id\":\"https:\\\/\\\/www.rubengalarreta.com\\\/es\\\/#website\"},\"primaryImageOfPage\":{\"@id\":\"https:\\\/\\\/www.rubengalarreta.com\\\/es\\\/product\\\/man-es\\\/calzoncillo-iconic-negro-de-malla\\\/#primaryimage\"},\"image\":{\"@id\":\"https:\\\/\\\/www.rubengalarreta.com\\\/es\\\/product\\\/man-es\\\/calzoncillo-iconic-negro-de-malla\\\/#primaryimage\"},\"thumbnailUrl\":\"https:\\\/\\\/www.rubengalarreta.com\\\/wp-content\\\/uploads\\\/2021\\\/12\\\/ruben-galarreta-underwear-21-hot-fashion-men-black-mesh-brief-back.jpg\",\"datePublished\":\"2021-07-20T10:16:56+00:00\",\"dateModified\":\"2025-09-28T09:19:22+00:00\",\"description\":\"Descubre el nuevo CALZONCILLO ICONIC NEGRO DE REJILLA, una prenda sexy y atrevida con la que te sentir\u00e1s c\u00f3modo y libre.\",\"breadcrumb\":{\"@id\":\"https:\\\/\\\/www.rubengalarreta.com\\\/es\\\/product\\\/man-es\\\/calzoncillo-iconic-negro-de-malla\\\/#breadcrumb\"},\"inLanguage\":\"es\",\"potentialAction\":[{\"@type\":\"ReadAction\",\"target\":[\"https:\\\/\\\/www.rubengalarreta.com\\\/es\\\/product\\\/man-es\\\/calzoncillo-iconic-negro-de-malla\\\/\"]}]},{\"@type\":\"ImageObject\",\"inLanguage\":\"es\",\"@id\":\"https:\\\/\\\/www.rubengalarreta.com\\\/es\\\/product\\\/man-es\\\/calzoncillo-iconic-negro-de-malla\\\/#primaryimage\",\"url\":\"https:\\\/\\\/www.rubengalarreta.com\\\/wp-content\\\/uploads\\\/2021\\\/12\\\/ruben-galarreta-underwear-21-hot-fashion-men-black-mesh-brief-back.jpg\",\"contentUrl\":\"https:\\\/\\\/www.rubengalarreta.com\\\/wp-content\\\/uploads\\\/2021\\\/12\\\/ruben-galarreta-underwear-21-hot-fashion-men-black-mesh-brief-back.jpg\",\"width\":704,\"height\":1000},{\"@type\":\"BreadcrumbList\",\"@id\":\"https:\\\/\\\/www.rubengalarreta.com\\\/es\\\/product\\\/man-es\\\/calzoncillo-iconic-negro-de-malla\\\/#breadcrumb\",\"itemListElement\":[{\"@type\":\"ListItem\",\"position\":1,\"name\":\"Home\",\"item\":\"https:\\\/\\\/www.rubengalarreta.com\\\/es\\\/\"},{\"@type\":\"ListItem\",\"position\":2,\"name\":\"Tienda Online\",\"item\":\"https:\\\/\\\/www.rubengalarreta.com\\\/es\\\/tienda-2\\\/\"},{\"@type\":\"ListItem\",\"position\":3,\"name\":\"CALZONCILLO NEGRO DE MALLA ICONIC\"}]},{\"@type\":\"WebSite\",\"@id\":\"https:\\\/\\\/www.rubengalarreta.com\\\/es\\\/#website\",\"url\":\"https:\\\/\\\/www.rubengalarreta.com\\\/es\\\/\",\"name\":\"Ruben Galarreta\",\"description\":\"Hot Couture | Online Store\",\"publisher\":{\"@id\":\"https:\\\/\\\/www.rubengalarreta.com\\\/es\\\/#organization\"},\"potentialAction\":[{\"@type\":\"SearchAction\",\"target\":{\"@type\":\"EntryPoint\",\"urlTemplate\":\"https:\\\/\\\/www.rubengalarreta.com\\\/es\\\/?s={search_term_string}\"},\"query-input\":{\"@type\":\"PropertyValueSpecification\",\"valueRequired\":true,\"valueName\":\"search_term_string\"}}],\"inLanguage\":\"es\"},{\"@type\":\"Organization\",\"@id\":\"https:\\\/\\\/www.rubengalarreta.com\\\/es\\\/#organization\",\"name\":\"Ruben Galarreta\",\"url\":\"https:\\\/\\\/www.rubengalarreta.com\\\/es\\\/\",\"logo\":{\"@type\":\"ImageObject\",\"inLanguage\":\"es\",\"@id\":\"https:\\\/\\\/www.rubengalarreta.com\\\/es\\\/#\\\/schema\\\/logo\\\/image\\\/\",\"url\":\"https:\\\/\\\/www.rubengalarreta.com\\\/wp-content\\\/uploads\\\/2019\\\/10\\\/rubengalarreta-menswear.jpg\",\"contentUrl\":\"https:\\\/\\\/www.rubengalarreta.com\\\/wp-content\\\/uploads\\\/2019\\\/10\\\/rubengalarreta-menswear.jpg\",\"width\":1141,\"height\":146,\"caption\":\"Ruben Galarreta\"},\"image\":{\"@id\":\"https:\\\/\\\/www.rubengalarreta.com\\\/es\\\/#\\\/schema\\\/logo\\\/image\\\/\"}}]}<\/script>\n<!-- \/ Yoast SEO plugin. -->","yoast_head_json":{"title":"CALZONCILLO NEGRO DE MALLA ICONIC - Ruben Galarreta","description":"Descubre el nuevo CALZONCILLO ICONIC NEGRO DE REJILLA, una prenda sexy y atrevida con la que te sentir\u00e1s c\u00f3modo y libre.","robots":{"index":"index","follow":"follow","max-snippet":"max-snippet:-1","max-image-preview":"max-image-preview:large","max-video-preview":"max-video-preview:-1"},"canonical":"https:\/\/www.rubengalarreta.com\/es\/product\/man-es\/calzoncillo-iconic-negro-de-malla\/","og_locale":"es_ES","og_type":"article","og_title":"CALZONCILLO NEGRO DE MALLA ICONIC - Ruben Galarreta","og_description":"Descubre el nuevo CALZONCILLO ICONIC NEGRO DE REJILLA, una prenda sexy y atrevida con la que te sentir\u00e1s c\u00f3modo y libre.","og_url":"https:\/\/www.rubengalarreta.com\/es\/product\/man-es\/calzoncillo-iconic-negro-de-malla\/","og_site_name":"Ruben Galarreta","article_modified_time":"2025-09-28T09:19:22+00:00","og_image":[{"width":704,"height":1000,"url":"https:\/\/www.rubengalarreta.com\/wp-content\/uploads\/2021\/12\/ruben-galarreta-underwear-21-hot-fashion-men-black-mesh-brief-back.jpg","type":"image\/jpeg"}],"twitter_card":"summary_large_image","twitter_misc":{"Tiempo de lectura":"2 minutos"},"schema":{"@context":"https:\/\/schema.org","@graph":[{"@type":"WebPage","@id":"https:\/\/www.rubengalarreta.com\/es\/product\/man-es\/calzoncillo-iconic-negro-de-malla\/","url":"https:\/\/www.rubengalarreta.com\/es\/product\/man-es\/calzoncillo-iconic-negro-de-malla\/","name":"CALZONCILLO NEGRO DE MALLA ICONIC - Ruben Galarreta","isPartOf":{"@id":"https:\/\/www.rubengalarreta.com\/es\/#website"},"primaryImageOfPage":{"@id":"https:\/\/www.rubengalarreta.com\/es\/product\/man-es\/calzoncillo-iconic-negro-de-malla\/#primaryimage"},"image":{"@id":"https:\/\/www.rubengalarreta.com\/es\/product\/man-es\/calzoncillo-iconic-negro-de-malla\/#primaryimage"},"thumbnailUrl":"https:\/\/www.rubengalarreta.com\/wp-content\/uploads\/2021\/12\/ruben-galarreta-underwear-21-hot-fashion-men-black-mesh-brief-back.jpg","datePublished":"2021-07-20T10:16:56+00:00","dateModified":"2025-09-28T09:19:22+00:00","description":"Descubre el nuevo CALZONCILLO ICONIC NEGRO DE REJILLA, una prenda sexy y atrevida con la que te sentir\u00e1s c\u00f3modo y libre.","breadcrumb":{"@id":"https:\/\/www.rubengalarreta.com\/es\/product\/man-es\/calzoncillo-iconic-negro-de-malla\/#breadcrumb"},"inLanguage":"es","potentialAction":[{"@type":"ReadAction","target":["https:\/\/www.rubengalarreta.com\/es\/product\/man-es\/calzoncillo-iconic-negro-de-malla\/"]}]},{"@type":"ImageObject","inLanguage":"es","@id":"https:\/\/www.rubengalarreta.com\/es\/product\/man-es\/calzoncillo-iconic-negro-de-malla\/#primaryimage","url":"https:\/\/www.rubengalarreta.com\/wp-content\/uploads\/2021\/12\/ruben-galarreta-underwear-21-hot-fashion-men-black-mesh-brief-back.jpg","contentUrl":"https:\/\/www.rubengalarreta.com\/wp-content\/uploads\/2021\/12\/ruben-galarreta-underwear-21-hot-fashion-men-black-mesh-brief-back.jpg","width":704,"height":1000},{"@type":"BreadcrumbList","@id":"https:\/\/www.rubengalarreta.com\/es\/product\/man-es\/calzoncillo-iconic-negro-de-malla\/#breadcrumb","itemListElement":[{"@type":"ListItem","position":1,"name":"Home","item":"https:\/\/www.rubengalarreta.com\/es\/"},{"@type":"ListItem","position":2,"name":"Tienda Online","item":"https:\/\/www.rubengalarreta.com\/es\/tienda-2\/"},{"@type":"ListItem","position":3,"name":"CALZONCILLO NEGRO DE MALLA ICONIC"}]},{"@type":"WebSite","@id":"https:\/\/www.rubengalarreta.com\/es\/#website","url":"https:\/\/www.rubengalarreta.com\/es\/","name":"Ruben Galarreta","description":"Hot Couture | Online Store","publisher":{"@id":"https:\/\/www.rubengalarreta.com\/es\/#organization"},"potentialAction":[{"@type":"SearchAction","target":{"@type":"EntryPoint","urlTemplate":"https:\/\/www.rubengalarreta.com\/es\/?s={search_term_string}"},"query-input":{"@type":"PropertyValueSpecification","valueRequired":true,"valueName":"search_term_string"}}],"inLanguage":"es"},{"@type":"Organization","@id":"https:\/\/www.rubengalarreta.com\/es\/#organization","name":"Ruben Galarreta","url":"https:\/\/www.rubengalarreta.com\/es\/","logo":{"@type":"ImageObject","inLanguage":"es","@id":"https:\/\/www.rubengalarreta.com\/es\/#\/schema\/logo\/image\/","url":"https:\/\/www.rubengalarreta.com\/wp-content\/uploads\/2019\/10\/rubengalarreta-menswear.jpg","contentUrl":"https:\/\/www.rubengalarreta.com\/wp-content\/uploads\/2019\/10\/rubengalarreta-menswear.jpg","width":1141,"height":146,"caption":"Ruben Galarreta"},"image":{"@id":"https:\/\/www.rubengalarreta.com\/es\/#\/schema\/logo\/image\/"}}]}},"_links":{"self":[{"href":"https:\/\/www.rubengalarreta.com\/es\/wp-json\/wp\/v2\/product\/72914","targetHints":{"allow":["GET"]}}],"collection":[{"href":"https:\/\/www.rubengalarreta.com\/es\/wp-json\/wp\/v2\/product"}],"about":[{"href":"https:\/\/www.rubengalarreta.com\/es\/wp-json\/wp\/v2\/types\/product"}],"replies":[{"embeddable":true,"href":"https:\/\/www.rubengalarreta.com\/es\/wp-json\/wp\/v2\/comments?post=72914"}],"wp:featuredmedia":[{"embeddable":true,"href":"https:\/\/www.rubengalarreta.com\/es\/wp-json\/wp\/v2\/media\/79190"}],"wp:attachment":[{"href":"https:\/\/www.rubengalarreta.com\/es\/wp-json\/wp\/v2\/media?parent=72914"}],"wp:term":[{"taxonomy":"product_brand","embeddable":true,"href":"https:\/\/www.rubengalarreta.com\/es\/wp-json\/wp\/v2\/product_brand?post=72914"},{"taxonomy":"product_cat","embeddable":true,"href":"https:\/\/www.rubengalarreta.com\/es\/wp-json\/wp\/v2\/product_cat?post=72914"},{"taxonomy":"product_tag","embeddable":true,"href":"https:\/\/www.rubengalarreta.com\/es\/wp-json\/wp\/v2\/product_tag?post=72914"}],"curies":[{"name":"wp","href":"https:\/\/api.w.org\/{rel}","templated":true}]}}