{"id":72906,"date":"2021-07-20T12:15:39","date_gmt":"2021-07-20T10:15:39","guid":{"rendered":"https:\/\/www.rubengalarreta.com\/?post_type=product&#038;p=72906"},"modified":"2025-08-12T13:22:47","modified_gmt":"2025-08-12T11:22:47","slug":"calzoncillo-signature-de-algodon-negro","status":"publish","type":"product","link":"https:\/\/www.rubengalarreta.com\/es\/product\/man-es\/calzoncillo-signature-de-algodon-negro\/","title":{"rendered":"CALZONCILLO SIGNATURE NEGRO"},"content":{"rendered":"<h2>CALZONCILLO SIGNATURE NEGRO<\/h2>\n<table style=\"height: 183px; width: 100%; border-collapse: collapse; border-style: hidden;\">\n<tbody>\n<tr valign=\"TOP\">\n<td style=\"width: 49.8998%; border-style: hidden;\" width=\"293\" height=\"19\"><span style=\"color: #000000;\"><span style=\"font-family: trebuchet ms, serif;\"><b>DETALLES DE PRODUCTO:<br \/>\n<\/b><\/span><\/span><span style=\"color: #999999;\"><span style=\"font-family: trebuchet ms, serif;\">-Concha <\/span><\/span><span style=\"color: #999999;\"><span style=\"font-family: trebuchet ms, serif;\">95% algod\u00f3n; 5% elastane<\/span><\/span><br \/>\n<span style=\"color: #999999;\"><span style=\"font-family: trebuchet ms, serif;\">-Tela negra de malla en los lados y las nalgas<\/span><\/span><br \/>\n<span style=\"color: #999999;\"><span style=\"font-family: trebuchet ms, serif;\">-Cinturilla el\u00e1stica con logo de Galarreta<br \/>\n-Ribetes de algod\u00f3n negro<\/span><\/span><\/td>\n<td style=\"width: 50.1002%; border-style: hidden;\" width=\"293\"><span style=\"color: #000000;\"><span style=\"font-family: trebuchet ms, serif;\"><b>TALLA:<br \/>\n<\/b><\/span><\/span><span style=\"color: #999999;\"><span style=\"font-family: trebuchet ms, serif;\">-Tallaje ajustado <span data-text-color=\"alert\">*ACONSEJAMOS COMPRAR UNA TALLA M\u00c1S*<\/span><\/span><\/span><\/p>\n<ul>\n<li><span style=\"color: #999999;\"><span style=\"font-family: trebuchet ms, serif;\"><span style=\"color: #000000;\">Small:<\/span> A Relaxed 32cm A Stretched 38cm \/ 12.6&#8243; x\u00a0 14.96&#8243;<\/span><\/span><\/li>\n<li><span style=\"color: #999999;\"><span style=\"font-family: trebuchet ms, serif;\"><span style=\"color: #000000;\">Medium:<\/span> A Relaxed 35cm A Stretched 40cm \/ 13.78&#8243; x 15.74&#8243;<\/span><\/span><\/li>\n<li><span style=\"color: #999999;\"><span style=\"font-family: trebuchet ms, serif;\"><span style=\"color: #000000;\">Large:<\/span> A Relaxed 37cm A Stretched 43cm \/ 14.56&#8243; x 16.93&#8243;<\/span><\/span><\/li>\n<\/ul>\n<\/td>\n<\/tr>\n<tr valign=\"TOP\">\n<td style=\"width: 49.8998%; border-style: hidden;\" width=\"293\" height=\"19\"><span style=\"color: #000000;\"><span style=\"font-family: trebuchet ms, serif;\"><b>CUIDADOS:<br \/>\n<\/b><\/span><\/span><span style=\"color: #999999;\"><span style=\"font-family: trebuchet ms, serif;\">-Lavado a m\u00e1quina seg\u00fan las instrucciones de cuidado de la etiqueta<\/span><\/span><\/td>\n<td style=\"width: 50.1002%; border-style: hidden;\" width=\"293\"><span style=\"color: #000000;\"><span style=\"font-family: trebuchet ms, serif;\"><b>MEDIDAS MODELO:<br \/>\n<\/b><\/span><\/span><span style=\"color: #999999;\"><span style=\"font-family: trebuchet ms, serif;\">-Altura de modelo: 187 cm \/ 6,1 ft<br \/>\n-El modelo usa talla M<\/span><\/span><\/td>\n<\/tr>\n<\/tbody>\n<\/table>\n<h4><img loading=\"lazy\" decoding=\"async\" class=\"alignnone wp-image-73318\" src=\"https:\/\/www.rubengalarreta.com\/wp-content\/uploads\/2021\/07\/tech-slip-min-379x400.jpg\" alt=\"\" width=\"137\" height=\"145\" srcset=\"https:\/\/www.rubengalarreta.com\/wp-content\/uploads\/2021\/07\/tech-slip-min-379x400.jpg 379w, https:\/\/www.rubengalarreta.com\/wp-content\/uploads\/2021\/07\/tech-slip-min-758x800.jpg 758w, https:\/\/www.rubengalarreta.com\/wp-content\/uploads\/2021\/07\/tech-slip-min-768x811.jpg 768w, https:\/\/www.rubengalarreta.com\/wp-content\/uploads\/2021\/07\/tech-slip-min-1455x1536.jpg 1455w, https:\/\/www.rubengalarreta.com\/wp-content\/uploads\/2021\/07\/tech-slip-min-247x261.jpg 247w, https:\/\/www.rubengalarreta.com\/wp-content\/uploads\/2021\/07\/tech-slip-min-510x538.jpg 510w, https:\/\/www.rubengalarreta.com\/wp-content\/uploads\/2021\/07\/tech-slip-min.jpg 1600w\" sizes=\"auto, (max-width: 137px) 100vw, 137px\" \/><\/h4>\n<h4><strong>NO SE ACEPTAN DEVOLUCIONES DEL PRODUCTO POR RAZONES DE HIGIENE<\/strong><\/h4>\n<h4><strong>Descripci\u00f3n:<\/strong><\/h4>\n<p>Seguro que eres atrevido, y est\u00e1s dispuesto a serlo cuando quieras con la ropa interior m\u00e1s descarada de nuestra colecci\u00f3n. El CALZONCILLO SIGNATURE NEGRO para hombres es una de las novedades de la colecci\u00f3n <a href=\"https:\/\/www.rubengalarreta.com\/product-category\/man\/underwear-and-socks\/\">UNDERWEAR<\/a>. El estilo fetiche de la ropa interior combina la simplicidad y la sensualidad de la colecci\u00f3n. Est\u00e1 hecho de 95% algod\u00f3n y 5% elastane la bolsa para la comodidad y una forma de paquete perfecto, con los laterales y la parte trasera de red. Dise\u00f1ado por nosotros en Espa\u00f1a con el logo de GALARRETA en la cinturilla el\u00e1stica.<\/p>\n<p>El highlight de esta colecci\u00f3n es que trae de vuelta la ic\u00f3nica cinturilla el\u00e1stica con el logo de Ruben Galarreta. Adem\u00e1s, la parte delantera del CALZONCILLO SIGNATURE NEGRO est\u00e1 formada por una bolsa de algod\u00f3n 100%, redondeada para que te sientas m\u00e1s c\u00f3modo al llevarlos. La composici\u00f3n de los lados y las nalgas est\u00e1 hecha de tela de malla negra, lo que le da un toque caliente y sexy.<br \/>\nGracias a su versatilidad y sensualidad puedes llevarlo cuando quieras y sentirte libre y sexy al mismo tiempo. Se atrevido y descarado con nuestra nueva colecci\u00f3n de ropa interior.<\/p>\n<h4><strong>Nota de estilo:<\/strong><\/h4>\n<p>La versatilidad del CALZONCILLO DE DE RED NEGRO CON PARTE DELANTERA DE ALGOD\u00d3N te de la libertad de usarlo para lo que te apetezca, como por ejemplo con uno de nuestros <a href=\"https:\/\/www.rubengalarreta.com\/es\/producto-categoria\/man-es\/accessories-m-es\/\">ARNESES.<\/a><\/p>\n","protected":false},"excerpt":{"rendered":"<h1><strong>CALZONCILLO SIGNATURE\u00a0 NEGRO<\/strong><\/h1>\n<p>Seguro de que eres atrevido, y dispuesto a serlo cuando quieras con la ropa interior m\u00e1s descarada de nuestra colecci\u00f3n. El calzoncillo signature te har\u00e1 sentirte sexy y libre.<\/p>\n<p>&nbsp;<\/p>\n","protected":false},"featured_media":79328,"comment_status":"closed","ping_status":"closed","template":"","meta":{"_monsterinsights_skip_tracking":false,"_monsterinsights_sitenote_active":false,"_monsterinsights_sitenote_note":"","_monsterinsights_sitenote_category":0},"product_brand":[],"product_cat":[5054,1921],"product_tag":[5046],"class_list":{"0":"post-72906","1":"product","2":"type-product","3":"status-publish","4":"has-post-thumbnail","6":"product_cat-intimo-calcetines","7":"product_cat-man-es","8":"product_tag-intimo-calcetines","10":"first","11":"instock","12":"sale","13":"taxable","14":"shipping-taxable","15":"purchasable","16":"product-type-variable","17":"has-default-attributes"},"yoast_head":"<!-- This site is optimized with the Yoast SEO plugin v27.4 - https:\/\/yoast.com\/product\/yoast-seo-wordpress\/ -->\n<title>CALZONCILLO SIGNATURE NEGRO - Ruben Galarreta<\/title>\n<meta name=\"description\" content=\"Descubre el nuevo CALZONCILLO DE ALGOD\u00d3N NEGRO en la colecci\u00f3n Underwear de Rub\u00e9n Galarreta dise\u00f1ada en Espa\u00f1a. Se atrevido y sexy.\" \/>\n<meta name=\"robots\" content=\"index, follow, max-snippet:-1, max-image-preview:large, max-video-preview:-1\" \/>\n<link rel=\"canonical\" href=\"https:\/\/www.rubengalarreta.com\/es\/product\/man-es\/calzoncillo-signature-de-algodon-negro\/\" \/>\n<meta property=\"og:locale\" content=\"es_ES\" \/>\n<meta property=\"og:type\" content=\"article\" \/>\n<meta property=\"og:title\" content=\"CALZONCILLO SIGNATURE NEGRO - Ruben Galarreta\" \/>\n<meta property=\"og:description\" content=\"Descubre el nuevo CALZONCILLO DE ALGOD\u00d3N NEGRO en la colecci\u00f3n Underwear de Rub\u00e9n Galarreta dise\u00f1ada en Espa\u00f1a. Se atrevido y sexy.\" \/>\n<meta property=\"og:url\" content=\"https:\/\/www.rubengalarreta.com\/es\/product\/man-es\/calzoncillo-signature-de-algodon-negro\/\" \/>\n<meta property=\"og:site_name\" content=\"Ruben Galarreta\" \/>\n<meta property=\"article:modified_time\" content=\"2025-08-12T11:22:47+00:00\" \/>\n<meta property=\"og:image\" content=\"https:\/\/www.rubengalarreta.com\/wp-content\/uploads\/2021\/07\/ruben-galarreta-underwear-21-hot-fashion-men-black-mesh-brief-signature-front2.jpg\" \/>\n\t<meta property=\"og:image:width\" content=\"704\" \/>\n\t<meta property=\"og:image:height\" content=\"1000\" \/>\n\t<meta property=\"og:image:type\" content=\"image\/jpeg\" \/>\n<meta name=\"twitter:card\" content=\"summary_large_image\" \/>\n<meta name=\"twitter:label1\" content=\"Tiempo de lectura\" \/>\n\t<meta name=\"twitter:data1\" content=\"2 minutos\" \/>\n<script type=\"application\/ld+json\" class=\"yoast-schema-graph\">{\"@context\":\"https:\\\/\\\/schema.org\",\"@graph\":[{\"@type\":\"WebPage\",\"@id\":\"https:\\\/\\\/www.rubengalarreta.com\\\/es\\\/product\\\/man-es\\\/calzoncillo-signature-de-algodon-negro\\\/\",\"url\":\"https:\\\/\\\/www.rubengalarreta.com\\\/es\\\/product\\\/man-es\\\/calzoncillo-signature-de-algodon-negro\\\/\",\"name\":\"CALZONCILLO SIGNATURE NEGRO - Ruben Galarreta\",\"isPartOf\":{\"@id\":\"https:\\\/\\\/www.rubengalarreta.com\\\/es\\\/#website\"},\"primaryImageOfPage\":{\"@id\":\"https:\\\/\\\/www.rubengalarreta.com\\\/es\\\/product\\\/man-es\\\/calzoncillo-signature-de-algodon-negro\\\/#primaryimage\"},\"image\":{\"@id\":\"https:\\\/\\\/www.rubengalarreta.com\\\/es\\\/product\\\/man-es\\\/calzoncillo-signature-de-algodon-negro\\\/#primaryimage\"},\"thumbnailUrl\":\"https:\\\/\\\/www.rubengalarreta.com\\\/wp-content\\\/uploads\\\/2021\\\/07\\\/ruben-galarreta-underwear-21-hot-fashion-men-black-mesh-brief-signature-front2.jpg\",\"datePublished\":\"2021-07-20T10:15:39+00:00\",\"dateModified\":\"2025-08-12T11:22:47+00:00\",\"description\":\"Descubre el nuevo CALZONCILLO DE ALGOD\u00d3N NEGRO en la colecci\u00f3n Underwear de Rub\u00e9n Galarreta dise\u00f1ada en Espa\u00f1a. Se atrevido y sexy.\",\"breadcrumb\":{\"@id\":\"https:\\\/\\\/www.rubengalarreta.com\\\/es\\\/product\\\/man-es\\\/calzoncillo-signature-de-algodon-negro\\\/#breadcrumb\"},\"inLanguage\":\"es\",\"potentialAction\":[{\"@type\":\"ReadAction\",\"target\":[\"https:\\\/\\\/www.rubengalarreta.com\\\/es\\\/product\\\/man-es\\\/calzoncillo-signature-de-algodon-negro\\\/\"]}]},{\"@type\":\"ImageObject\",\"inLanguage\":\"es\",\"@id\":\"https:\\\/\\\/www.rubengalarreta.com\\\/es\\\/product\\\/man-es\\\/calzoncillo-signature-de-algodon-negro\\\/#primaryimage\",\"url\":\"https:\\\/\\\/www.rubengalarreta.com\\\/wp-content\\\/uploads\\\/2021\\\/07\\\/ruben-galarreta-underwear-21-hot-fashion-men-black-mesh-brief-signature-front2.jpg\",\"contentUrl\":\"https:\\\/\\\/www.rubengalarreta.com\\\/wp-content\\\/uploads\\\/2021\\\/07\\\/ruben-galarreta-underwear-21-hot-fashion-men-black-mesh-brief-signature-front2.jpg\",\"width\":704,\"height\":1000},{\"@type\":\"BreadcrumbList\",\"@id\":\"https:\\\/\\\/www.rubengalarreta.com\\\/es\\\/product\\\/man-es\\\/calzoncillo-signature-de-algodon-negro\\\/#breadcrumb\",\"itemListElement\":[{\"@type\":\"ListItem\",\"position\":1,\"name\":\"Home\",\"item\":\"https:\\\/\\\/www.rubengalarreta.com\\\/es\\\/\"},{\"@type\":\"ListItem\",\"position\":2,\"name\":\"Tienda Online\",\"item\":\"https:\\\/\\\/www.rubengalarreta.com\\\/es\\\/tienda-2\\\/\"},{\"@type\":\"ListItem\",\"position\":3,\"name\":\"CALZONCILLO SIGNATURE NEGRO\"}]},{\"@type\":\"WebSite\",\"@id\":\"https:\\\/\\\/www.rubengalarreta.com\\\/es\\\/#website\",\"url\":\"https:\\\/\\\/www.rubengalarreta.com\\\/es\\\/\",\"name\":\"Ruben Galarreta\",\"description\":\"Hot Couture | Online Store\",\"publisher\":{\"@id\":\"https:\\\/\\\/www.rubengalarreta.com\\\/es\\\/#organization\"},\"potentialAction\":[{\"@type\":\"SearchAction\",\"target\":{\"@type\":\"EntryPoint\",\"urlTemplate\":\"https:\\\/\\\/www.rubengalarreta.com\\\/es\\\/?s={search_term_string}\"},\"query-input\":{\"@type\":\"PropertyValueSpecification\",\"valueRequired\":true,\"valueName\":\"search_term_string\"}}],\"inLanguage\":\"es\"},{\"@type\":\"Organization\",\"@id\":\"https:\\\/\\\/www.rubengalarreta.com\\\/es\\\/#organization\",\"name\":\"Ruben Galarreta\",\"url\":\"https:\\\/\\\/www.rubengalarreta.com\\\/es\\\/\",\"logo\":{\"@type\":\"ImageObject\",\"inLanguage\":\"es\",\"@id\":\"https:\\\/\\\/www.rubengalarreta.com\\\/es\\\/#\\\/schema\\\/logo\\\/image\\\/\",\"url\":\"https:\\\/\\\/www.rubengalarreta.com\\\/wp-content\\\/uploads\\\/2019\\\/10\\\/rubengalarreta-menswear.jpg\",\"contentUrl\":\"https:\\\/\\\/www.rubengalarreta.com\\\/wp-content\\\/uploads\\\/2019\\\/10\\\/rubengalarreta-menswear.jpg\",\"width\":1141,\"height\":146,\"caption\":\"Ruben Galarreta\"},\"image\":{\"@id\":\"https:\\\/\\\/www.rubengalarreta.com\\\/es\\\/#\\\/schema\\\/logo\\\/image\\\/\"}}]}<\/script>\n<!-- \/ Yoast SEO plugin. -->","yoast_head_json":{"title":"CALZONCILLO SIGNATURE NEGRO - Ruben Galarreta","description":"Descubre el nuevo CALZONCILLO DE ALGOD\u00d3N NEGRO en la colecci\u00f3n Underwear de Rub\u00e9n Galarreta dise\u00f1ada en Espa\u00f1a. Se atrevido y sexy.","robots":{"index":"index","follow":"follow","max-snippet":"max-snippet:-1","max-image-preview":"max-image-preview:large","max-video-preview":"max-video-preview:-1"},"canonical":"https:\/\/www.rubengalarreta.com\/es\/product\/man-es\/calzoncillo-signature-de-algodon-negro\/","og_locale":"es_ES","og_type":"article","og_title":"CALZONCILLO SIGNATURE NEGRO - Ruben Galarreta","og_description":"Descubre el nuevo CALZONCILLO DE ALGOD\u00d3N NEGRO en la colecci\u00f3n Underwear de Rub\u00e9n Galarreta dise\u00f1ada en Espa\u00f1a. Se atrevido y sexy.","og_url":"https:\/\/www.rubengalarreta.com\/es\/product\/man-es\/calzoncillo-signature-de-algodon-negro\/","og_site_name":"Ruben Galarreta","article_modified_time":"2025-08-12T11:22:47+00:00","og_image":[{"width":704,"height":1000,"url":"https:\/\/www.rubengalarreta.com\/wp-content\/uploads\/2021\/07\/ruben-galarreta-underwear-21-hot-fashion-men-black-mesh-brief-signature-front2.jpg","type":"image\/jpeg"}],"twitter_card":"summary_large_image","twitter_misc":{"Tiempo de lectura":"2 minutos"},"schema":{"@context":"https:\/\/schema.org","@graph":[{"@type":"WebPage","@id":"https:\/\/www.rubengalarreta.com\/es\/product\/man-es\/calzoncillo-signature-de-algodon-negro\/","url":"https:\/\/www.rubengalarreta.com\/es\/product\/man-es\/calzoncillo-signature-de-algodon-negro\/","name":"CALZONCILLO SIGNATURE NEGRO - Ruben Galarreta","isPartOf":{"@id":"https:\/\/www.rubengalarreta.com\/es\/#website"},"primaryImageOfPage":{"@id":"https:\/\/www.rubengalarreta.com\/es\/product\/man-es\/calzoncillo-signature-de-algodon-negro\/#primaryimage"},"image":{"@id":"https:\/\/www.rubengalarreta.com\/es\/product\/man-es\/calzoncillo-signature-de-algodon-negro\/#primaryimage"},"thumbnailUrl":"https:\/\/www.rubengalarreta.com\/wp-content\/uploads\/2021\/07\/ruben-galarreta-underwear-21-hot-fashion-men-black-mesh-brief-signature-front2.jpg","datePublished":"2021-07-20T10:15:39+00:00","dateModified":"2025-08-12T11:22:47+00:00","description":"Descubre el nuevo CALZONCILLO DE ALGOD\u00d3N NEGRO en la colecci\u00f3n Underwear de Rub\u00e9n Galarreta dise\u00f1ada en Espa\u00f1a. Se atrevido y sexy.","breadcrumb":{"@id":"https:\/\/www.rubengalarreta.com\/es\/product\/man-es\/calzoncillo-signature-de-algodon-negro\/#breadcrumb"},"inLanguage":"es","potentialAction":[{"@type":"ReadAction","target":["https:\/\/www.rubengalarreta.com\/es\/product\/man-es\/calzoncillo-signature-de-algodon-negro\/"]}]},{"@type":"ImageObject","inLanguage":"es","@id":"https:\/\/www.rubengalarreta.com\/es\/product\/man-es\/calzoncillo-signature-de-algodon-negro\/#primaryimage","url":"https:\/\/www.rubengalarreta.com\/wp-content\/uploads\/2021\/07\/ruben-galarreta-underwear-21-hot-fashion-men-black-mesh-brief-signature-front2.jpg","contentUrl":"https:\/\/www.rubengalarreta.com\/wp-content\/uploads\/2021\/07\/ruben-galarreta-underwear-21-hot-fashion-men-black-mesh-brief-signature-front2.jpg","width":704,"height":1000},{"@type":"BreadcrumbList","@id":"https:\/\/www.rubengalarreta.com\/es\/product\/man-es\/calzoncillo-signature-de-algodon-negro\/#breadcrumb","itemListElement":[{"@type":"ListItem","position":1,"name":"Home","item":"https:\/\/www.rubengalarreta.com\/es\/"},{"@type":"ListItem","position":2,"name":"Tienda Online","item":"https:\/\/www.rubengalarreta.com\/es\/tienda-2\/"},{"@type":"ListItem","position":3,"name":"CALZONCILLO SIGNATURE NEGRO"}]},{"@type":"WebSite","@id":"https:\/\/www.rubengalarreta.com\/es\/#website","url":"https:\/\/www.rubengalarreta.com\/es\/","name":"Ruben Galarreta","description":"Hot Couture | Online Store","publisher":{"@id":"https:\/\/www.rubengalarreta.com\/es\/#organization"},"potentialAction":[{"@type":"SearchAction","target":{"@type":"EntryPoint","urlTemplate":"https:\/\/www.rubengalarreta.com\/es\/?s={search_term_string}"},"query-input":{"@type":"PropertyValueSpecification","valueRequired":true,"valueName":"search_term_string"}}],"inLanguage":"es"},{"@type":"Organization","@id":"https:\/\/www.rubengalarreta.com\/es\/#organization","name":"Ruben Galarreta","url":"https:\/\/www.rubengalarreta.com\/es\/","logo":{"@type":"ImageObject","inLanguage":"es","@id":"https:\/\/www.rubengalarreta.com\/es\/#\/schema\/logo\/image\/","url":"https:\/\/www.rubengalarreta.com\/wp-content\/uploads\/2019\/10\/rubengalarreta-menswear.jpg","contentUrl":"https:\/\/www.rubengalarreta.com\/wp-content\/uploads\/2019\/10\/rubengalarreta-menswear.jpg","width":1141,"height":146,"caption":"Ruben Galarreta"},"image":{"@id":"https:\/\/www.rubengalarreta.com\/es\/#\/schema\/logo\/image\/"}}]}},"_links":{"self":[{"href":"https:\/\/www.rubengalarreta.com\/es\/wp-json\/wp\/v2\/product\/72906","targetHints":{"allow":["GET"]}}],"collection":[{"href":"https:\/\/www.rubengalarreta.com\/es\/wp-json\/wp\/v2\/product"}],"about":[{"href":"https:\/\/www.rubengalarreta.com\/es\/wp-json\/wp\/v2\/types\/product"}],"replies":[{"embeddable":true,"href":"https:\/\/www.rubengalarreta.com\/es\/wp-json\/wp\/v2\/comments?post=72906"}],"wp:featuredmedia":[{"embeddable":true,"href":"https:\/\/www.rubengalarreta.com\/es\/wp-json\/wp\/v2\/media\/79328"}],"wp:attachment":[{"href":"https:\/\/www.rubengalarreta.com\/es\/wp-json\/wp\/v2\/media?parent=72906"}],"wp:term":[{"taxonomy":"product_brand","embeddable":true,"href":"https:\/\/www.rubengalarreta.com\/es\/wp-json\/wp\/v2\/product_brand?post=72906"},{"taxonomy":"product_cat","embeddable":true,"href":"https:\/\/www.rubengalarreta.com\/es\/wp-json\/wp\/v2\/product_cat?post=72906"},{"taxonomy":"product_tag","embeddable":true,"href":"https:\/\/www.rubengalarreta.com\/es\/wp-json\/wp\/v2\/product_tag?post=72906"}],"curies":[{"name":"wp","href":"https:\/\/api.w.org\/{rel}","templated":true}]}}