{"id":71854,"date":"2021-06-21T11:55:10","date_gmt":"2021-06-21T09:55:10","guid":{"rendered":"https:\/\/www.rubengalarreta.com\/?post_type=product&#038;p=71854"},"modified":"2021-10-27T14:03:33","modified_gmt":"2021-10-27T12:03:33","slug":"singlet-essentials-de-rejilla","status":"publish","type":"product","link":"https:\/\/www.rubengalarreta.com\/es\/product\/man-es\/essentials-es\/singlet-essentials-de-rejilla\/","title":{"rendered":"SINGLET ESSENTIALS DE REJILLA"},"content":{"rendered":"<h2><strong>SINGLET ESSENTIALS DE REJILLA<\/strong><\/h2>\n<table style=\"height: 183px; width: 100%; border-collapse: collapse; border-style: hidden;\">\n<tbody>\n<tr valign=\"TOP\">\n<td style=\"width: 49.8998%; border-style: hidden;\" width=\"293\" height=\"19\"><span style=\"color: #000000;\"><span style=\"font-family: trebuchet ms, serif;\"><b>DETALLES DE PRODUCTO:<br \/>\n<\/b><\/span><\/span><span style=\"color: #999999;\"><span style=\"font-family: trebuchet ms, serif;\">-Tela de rejilla con el logo de Galarreta<br \/>\n<\/span><\/span><\/td>\n<td style=\"width: 50.1002%; border-style: hidden;\" width=\"293\"><span style=\"color: #000000;\"><span style=\"font-family: trebuchet ms, serif;\"><b>TALLA:<br \/>\n<\/b><\/span><\/span><span style=\"color: #999999;\"><span style=\"font-family: trebuchet ms, serif;\">-Slim Fit<br \/>\n<\/span><\/span><\/td>\n<\/tr>\n<tr valign=\"TOP\">\n<td style=\"width: 49.8998%; border-style: hidden;\" width=\"293\" height=\"19\"><span style=\"color: #000000;\"><span style=\"font-family: trebuchet ms, serif;\"><b>CUIDADOS:<br \/>\n<\/b><\/span><\/span><span style=\"color: #999999;\"><span style=\"font-family: trebuchet ms, serif;\">-F\u00e1cil planchado y lavado a m\u00e1quina seg\u00fan las instrucciones de cuidado de la etiqueta<\/span><\/span><\/td>\n<td style=\"width: 50.1002%; border-style: hidden;\" width=\"293\"><span style=\"color: #000000;\"><span style=\"font-family: trebuchet ms, serif;\"><b>MEDIDAS MODELO:<br \/>\n<\/b><\/span><\/span><span style=\"color: #999999;\"><span style=\"font-family: trebuchet ms, serif;\">-Altura de modelo: 185cm\u00a0 5&#8242;.9\u00bb<br \/>\n-El modelo usa talla M<\/span><\/span><\/td>\n<\/tr>\n<\/tbody>\n<\/table>\n<table style=\"height: 31px; width: 100%; border-collapse: collapse; border-style: hidden;\">\n<tbody>\n<tr valign=\"TOP\">\n<td style=\"width: 49.8998%; border-style: hidden;\" width=\"293\" height=\"19\"><img loading=\"lazy\" decoding=\"async\" class=\"alignnone wp-image-72083\" src=\"https:\/\/www.rubengalarreta.com\/wp-content\/uploads\/2021\/06\/tech-SINGLET-min-379x400.jpg\" alt=\"\" width=\"168\" height=\"177\" srcset=\"https:\/\/www.rubengalarreta.com\/wp-content\/uploads\/2021\/06\/tech-SINGLET-min-379x400.jpg 379w, https:\/\/www.rubengalarreta.com\/wp-content\/uploads\/2021\/06\/tech-SINGLET-min-758x800.jpg 758w, https:\/\/www.rubengalarreta.com\/wp-content\/uploads\/2021\/06\/tech-SINGLET-min-768x811.jpg 768w, https:\/\/www.rubengalarreta.com\/wp-content\/uploads\/2021\/06\/tech-SINGLET-min-1455x1536.jpg 1455w, https:\/\/www.rubengalarreta.com\/wp-content\/uploads\/2021\/06\/tech-SINGLET-min-247x261.jpg 247w, https:\/\/www.rubengalarreta.com\/wp-content\/uploads\/2021\/06\/tech-SINGLET-min-510x538.jpg 510w, https:\/\/www.rubengalarreta.com\/wp-content\/uploads\/2021\/06\/tech-SINGLET-min.jpg 1600w\" sizes=\"auto, (max-width: 168px) 100vw, 168px\" \/><\/td>\n<td style=\"width: 50.1002%; border-style: hidden;\" width=\"293\"><span style=\"color: #000000;\"><span style=\"font-family: trebuchet ms, serif;\"><b>GU\u00cdA DE MEDIDAS:<br \/>\n<\/b><\/span><\/span><\/p>\n<ul>\n<li><span style=\"color: #999999;\"><span style=\"font-family: trebuchet ms, serif;\"><span style=\"color: #000000;\">Small:<\/span> A 48cm B 14cm \/ 18.9&#8243; x\u00a0 5.51&#8243;<\/span><\/span><\/li>\n<li><span style=\"color: #999999;\"><span style=\"font-family: trebuchet ms, serif;\"><span style=\"color: #000000;\">Medium:<\/span> A 50cm B 15cm \/ 19.69&#8243; x 5.9&#8243;<\/span><\/span><\/li>\n<li><span style=\"color: #999999;\"><span style=\"font-family: trebuchet ms, serif;\"><span style=\"color: #000000;\">Large:<\/span> A 52cm B 16cm \/ 20.47&#8243; x 6.29&#8243;<\/span><\/span><\/li>\n<\/ul>\n<\/td>\n<\/tr>\n<\/tbody>\n<\/table>\n<h4><strong>DESCRIPCI\u00d3N<\/strong><\/h4>\n<h4>El SINGLET DE REJILLA dise\u00f1ado en Espa\u00f1a por Rub\u00e9n Galarreta, est\u00e1 fabricado con tela de rejilla con el ic\u00f3nico estampado blanco de Galarreta. Este SINGLET DE REJILLA para hombre es negro, escotado, de sisas abiertas, sin mangas y corto en la parte inferior. Este singlet permite una gran versatilidad a la hora de vestir, ya que te permite combinarlo con casi cualquier otra prenda. Lo m\u00e1s destacable del SINGLET DE REJILLA es su dise\u00f1o peculiar y original, es negro y tiene el logo de Galarreta estampado de manera repetida en diagonal, creando un efecto hipnotizante.<\/h4>\n<h4>Por otro lado, el slim fit del SINGLET DE REJILLA viene en tres tama\u00f1os: small, medium &amp; large. Adem\u00e1s, ofrece una comodidad destacable, caracter\u00edstica que hace que sea ideal para cualquier tipo de ocasi\u00f3n en la que poder llevar un look m\u00e1s atrevido. Comodidad y estilo en un mismo producto.<\/h4>\n<p>Como bien dice el nombre de esta colecci\u00f3n de moda para hombres ESSENTIALS, las prendas son ideales para el uso diario y casual. El color negro siempre se ha considerado como el color comod\u00edn, es decir, que combina con cualquier otro color, capaz de salvar todas esas situaciones en las que la indecisi\u00f3n a la hora de vestir nos puede. Adem\u00e1s, simboliza misterio, poder, control, independencia y fortaleza interna. Se puede comprar de manera online por nuestra p\u00e1gina web o en nuestras tiendas f\u00edsicas.<\/p>\n<h4><strong>CONSEJOS DE ESTILISMO<\/strong><\/h4>\n<div>\n<p>Si quieres un look urbano y c\u00f3modo, RUBEN GALARRETA te sugiere que lo lleves con nuestra ARN\u00c9S BOMBER encima del singlet y tus deportivas favortitas.<\/p>\n<p>Tambi\u00e9n puedes llevarlo con cualquier otra prenda de la colecci\u00f3n <a href=\"https:\/\/www.rubengalarreta.com\/es\/producto-categoria\/man-es\/essentials-es\/\">ESSENTIALS<\/a>, creando looks \u00fanicos y atrevidos con tu toque personal.<\/p>\n<\/div>\n","protected":false},"excerpt":{"rendered":"<h1><strong>SINGLET ESSENTIALS DE REJILLA<\/strong><\/h1>\n<p>Nuestro SINGLET ESSENTIALS DE REJILLA pertenece a la colecci\u00f3n Essentials. Un singlet negro fabricado con tela de rejilla con el logo de Galarreta dise\u00f1ado por nosotros en Espa\u00f1a.<\/p>\n","protected":false},"featured_media":71918,"comment_status":"closed","ping_status":"closed","template":"","meta":{"_monsterinsights_skip_tracking":false,"_monsterinsights_sitenote_active":false,"_monsterinsights_sitenote_note":"","_monsterinsights_sitenote_category":0},"product_brand":[],"product_cat":[5815,1921],"product_tag":[2171,2169],"class_list":{"0":"post-71854","1":"product","2":"type-product","3":"status-publish","4":"has-post-thumbnail","6":"product_cat-essentials-es","7":"product_cat-man-es","8":"product_tag-camisetas-y-tops","9":"product_tag-pantalones-shorts","11":"first","12":"instock","13":"sale","14":"taxable","15":"shipping-taxable","16":"purchasable","17":"product-type-variable","18":"has-default-attributes"},"yoast_head":"<!-- This site is optimized with the Yoast SEO plugin v27.5 - https:\/\/yoast.com\/product\/yoast-seo-wordpress\/ -->\n<title>SINGLET ESSENTIALS DE REJILLA - Rub\u00e9n Galarreta<\/title>\n<meta name=\"description\" content=\"Nuestro SINGLET DE REJILLA pertenece a la colecci\u00f3n Essentials. De color negro, de rejilla con el logo de Galarreta. Perfecto para looks atrevidos.\" \/>\n<meta name=\"robots\" content=\"index, follow, max-snippet:-1, max-image-preview:large, max-video-preview:-1\" \/>\n<link rel=\"canonical\" href=\"https:\/\/www.rubengalarreta.com\/es\/product\/man-es\/essentials-es\/singlet-essentials-de-rejilla\/\" \/>\n<meta property=\"og:locale\" content=\"es_ES\" \/>\n<meta property=\"og:type\" content=\"article\" \/>\n<meta property=\"og:title\" content=\"SINGLET ESSENTIALS DE REJILLA - Rub\u00e9n Galarreta\" \/>\n<meta property=\"og:description\" content=\"Nuestro SINGLET DE REJILLA pertenece a la colecci\u00f3n Essentials. De color negro, de rejilla con el logo de Galarreta. Perfecto para looks atrevidos.\" \/>\n<meta property=\"og:url\" content=\"https:\/\/www.rubengalarreta.com\/es\/product\/man-es\/essentials-es\/singlet-essentials-de-rejilla\/\" \/>\n<meta property=\"og:site_name\" content=\"Ruben Galarreta\" \/>\n<meta property=\"article:modified_time\" content=\"2021-10-27T12:03:33+00:00\" \/>\n<meta property=\"og:image\" content=\"https:\/\/www.rubengalarreta.com\/wp-content\/uploads\/2021\/06\/ruben-galarreta-essentials-2021-black-galarreta-see-though-singlet-front-min.jpg\" \/>\n\t<meta property=\"og:image:width\" content=\"704\" \/>\n\t<meta property=\"og:image:height\" content=\"1000\" \/>\n\t<meta property=\"og:image:type\" content=\"image\/jpeg\" \/>\n<meta name=\"twitter:card\" content=\"summary_large_image\" \/>\n<meta name=\"twitter:label1\" content=\"Tiempo de lectura\" \/>\n\t<meta name=\"twitter:data1\" content=\"2 minutos\" \/>\n<script type=\"application\/ld+json\" class=\"yoast-schema-graph\">{\"@context\":\"https:\\\/\\\/schema.org\",\"@graph\":[{\"@type\":\"WebPage\",\"@id\":\"https:\\\/\\\/www.rubengalarreta.com\\\/es\\\/product\\\/man-es\\\/essentials-es\\\/singlet-essentials-de-rejilla\\\/\",\"url\":\"https:\\\/\\\/www.rubengalarreta.com\\\/es\\\/product\\\/man-es\\\/essentials-es\\\/singlet-essentials-de-rejilla\\\/\",\"name\":\"SINGLET ESSENTIALS DE REJILLA - Rub\u00e9n Galarreta\",\"isPartOf\":{\"@id\":\"https:\\\/\\\/www.rubengalarreta.com\\\/es\\\/#website\"},\"primaryImageOfPage\":{\"@id\":\"https:\\\/\\\/www.rubengalarreta.com\\\/es\\\/product\\\/man-es\\\/essentials-es\\\/singlet-essentials-de-rejilla\\\/#primaryimage\"},\"image\":{\"@id\":\"https:\\\/\\\/www.rubengalarreta.com\\\/es\\\/product\\\/man-es\\\/essentials-es\\\/singlet-essentials-de-rejilla\\\/#primaryimage\"},\"thumbnailUrl\":\"https:\\\/\\\/www.rubengalarreta.com\\\/wp-content\\\/uploads\\\/2021\\\/06\\\/ruben-galarreta-essentials-2021-black-galarreta-see-though-singlet-front-min.jpg\",\"datePublished\":\"2021-06-21T09:55:10+00:00\",\"dateModified\":\"2021-10-27T12:03:33+00:00\",\"description\":\"Nuestro SINGLET DE REJILLA pertenece a la colecci\u00f3n Essentials. De color negro, de rejilla con el logo de Galarreta. Perfecto para looks atrevidos.\",\"breadcrumb\":{\"@id\":\"https:\\\/\\\/www.rubengalarreta.com\\\/es\\\/product\\\/man-es\\\/essentials-es\\\/singlet-essentials-de-rejilla\\\/#breadcrumb\"},\"inLanguage\":\"es\",\"potentialAction\":[{\"@type\":\"ReadAction\",\"target\":[\"https:\\\/\\\/www.rubengalarreta.com\\\/es\\\/product\\\/man-es\\\/essentials-es\\\/singlet-essentials-de-rejilla\\\/\"]}]},{\"@type\":\"ImageObject\",\"inLanguage\":\"es\",\"@id\":\"https:\\\/\\\/www.rubengalarreta.com\\\/es\\\/product\\\/man-es\\\/essentials-es\\\/singlet-essentials-de-rejilla\\\/#primaryimage\",\"url\":\"https:\\\/\\\/www.rubengalarreta.com\\\/wp-content\\\/uploads\\\/2021\\\/06\\\/ruben-galarreta-essentials-2021-black-galarreta-see-though-singlet-front-min.jpg\",\"contentUrl\":\"https:\\\/\\\/www.rubengalarreta.com\\\/wp-content\\\/uploads\\\/2021\\\/06\\\/ruben-galarreta-essentials-2021-black-galarreta-see-though-singlet-front-min.jpg\",\"width\":704,\"height\":1000},{\"@type\":\"BreadcrumbList\",\"@id\":\"https:\\\/\\\/www.rubengalarreta.com\\\/es\\\/product\\\/man-es\\\/essentials-es\\\/singlet-essentials-de-rejilla\\\/#breadcrumb\",\"itemListElement\":[{\"@type\":\"ListItem\",\"position\":1,\"name\":\"Home\",\"item\":\"https:\\\/\\\/www.rubengalarreta.com\\\/es\\\/\"},{\"@type\":\"ListItem\",\"position\":2,\"name\":\"Tienda Online\",\"item\":\"https:\\\/\\\/www.rubengalarreta.com\\\/es\\\/tienda-2\\\/\"},{\"@type\":\"ListItem\",\"position\":3,\"name\":\"SINGLET ESSENTIALS DE REJILLA\"}]},{\"@type\":\"WebSite\",\"@id\":\"https:\\\/\\\/www.rubengalarreta.com\\\/es\\\/#website\",\"url\":\"https:\\\/\\\/www.rubengalarreta.com\\\/es\\\/\",\"name\":\"Ruben Galarreta\",\"description\":\"Hot Couture | Online Store\",\"publisher\":{\"@id\":\"https:\\\/\\\/www.rubengalarreta.com\\\/es\\\/#organization\"},\"potentialAction\":[{\"@type\":\"SearchAction\",\"target\":{\"@type\":\"EntryPoint\",\"urlTemplate\":\"https:\\\/\\\/www.rubengalarreta.com\\\/es\\\/?s={search_term_string}\"},\"query-input\":{\"@type\":\"PropertyValueSpecification\",\"valueRequired\":true,\"valueName\":\"search_term_string\"}}],\"inLanguage\":\"es\"},{\"@type\":\"Organization\",\"@id\":\"https:\\\/\\\/www.rubengalarreta.com\\\/es\\\/#organization\",\"name\":\"Ruben Galarreta\",\"url\":\"https:\\\/\\\/www.rubengalarreta.com\\\/es\\\/\",\"logo\":{\"@type\":\"ImageObject\",\"inLanguage\":\"es\",\"@id\":\"https:\\\/\\\/www.rubengalarreta.com\\\/es\\\/#\\\/schema\\\/logo\\\/image\\\/\",\"url\":\"https:\\\/\\\/www.rubengalarreta.com\\\/wp-content\\\/uploads\\\/2019\\\/10\\\/rubengalarreta-menswear.jpg\",\"contentUrl\":\"https:\\\/\\\/www.rubengalarreta.com\\\/wp-content\\\/uploads\\\/2019\\\/10\\\/rubengalarreta-menswear.jpg\",\"width\":1141,\"height\":146,\"caption\":\"Ruben Galarreta\"},\"image\":{\"@id\":\"https:\\\/\\\/www.rubengalarreta.com\\\/es\\\/#\\\/schema\\\/logo\\\/image\\\/\"}}]}<\/script>\n<!-- \/ Yoast SEO plugin. -->","yoast_head_json":{"title":"SINGLET ESSENTIALS DE REJILLA - Rub\u00e9n Galarreta","description":"Nuestro SINGLET DE REJILLA pertenece a la colecci\u00f3n Essentials. De color negro, de rejilla con el logo de Galarreta. Perfecto para looks atrevidos.","robots":{"index":"index","follow":"follow","max-snippet":"max-snippet:-1","max-image-preview":"max-image-preview:large","max-video-preview":"max-video-preview:-1"},"canonical":"https:\/\/www.rubengalarreta.com\/es\/product\/man-es\/essentials-es\/singlet-essentials-de-rejilla\/","og_locale":"es_ES","og_type":"article","og_title":"SINGLET ESSENTIALS DE REJILLA - Rub\u00e9n Galarreta","og_description":"Nuestro SINGLET DE REJILLA pertenece a la colecci\u00f3n Essentials. De color negro, de rejilla con el logo de Galarreta. Perfecto para looks atrevidos.","og_url":"https:\/\/www.rubengalarreta.com\/es\/product\/man-es\/essentials-es\/singlet-essentials-de-rejilla\/","og_site_name":"Ruben Galarreta","article_modified_time":"2021-10-27T12:03:33+00:00","og_image":[{"width":704,"height":1000,"url":"https:\/\/www.rubengalarreta.com\/wp-content\/uploads\/2021\/06\/ruben-galarreta-essentials-2021-black-galarreta-see-though-singlet-front-min.jpg","type":"image\/jpeg"}],"twitter_card":"summary_large_image","twitter_misc":{"Tiempo de lectura":"2 minutos"},"schema":{"@context":"https:\/\/schema.org","@graph":[{"@type":"WebPage","@id":"https:\/\/www.rubengalarreta.com\/es\/product\/man-es\/essentials-es\/singlet-essentials-de-rejilla\/","url":"https:\/\/www.rubengalarreta.com\/es\/product\/man-es\/essentials-es\/singlet-essentials-de-rejilla\/","name":"SINGLET ESSENTIALS DE REJILLA - Rub\u00e9n Galarreta","isPartOf":{"@id":"https:\/\/www.rubengalarreta.com\/es\/#website"},"primaryImageOfPage":{"@id":"https:\/\/www.rubengalarreta.com\/es\/product\/man-es\/essentials-es\/singlet-essentials-de-rejilla\/#primaryimage"},"image":{"@id":"https:\/\/www.rubengalarreta.com\/es\/product\/man-es\/essentials-es\/singlet-essentials-de-rejilla\/#primaryimage"},"thumbnailUrl":"https:\/\/www.rubengalarreta.com\/wp-content\/uploads\/2021\/06\/ruben-galarreta-essentials-2021-black-galarreta-see-though-singlet-front-min.jpg","datePublished":"2021-06-21T09:55:10+00:00","dateModified":"2021-10-27T12:03:33+00:00","description":"Nuestro SINGLET DE REJILLA pertenece a la colecci\u00f3n Essentials. De color negro, de rejilla con el logo de Galarreta. Perfecto para looks atrevidos.","breadcrumb":{"@id":"https:\/\/www.rubengalarreta.com\/es\/product\/man-es\/essentials-es\/singlet-essentials-de-rejilla\/#breadcrumb"},"inLanguage":"es","potentialAction":[{"@type":"ReadAction","target":["https:\/\/www.rubengalarreta.com\/es\/product\/man-es\/essentials-es\/singlet-essentials-de-rejilla\/"]}]},{"@type":"ImageObject","inLanguage":"es","@id":"https:\/\/www.rubengalarreta.com\/es\/product\/man-es\/essentials-es\/singlet-essentials-de-rejilla\/#primaryimage","url":"https:\/\/www.rubengalarreta.com\/wp-content\/uploads\/2021\/06\/ruben-galarreta-essentials-2021-black-galarreta-see-though-singlet-front-min.jpg","contentUrl":"https:\/\/www.rubengalarreta.com\/wp-content\/uploads\/2021\/06\/ruben-galarreta-essentials-2021-black-galarreta-see-though-singlet-front-min.jpg","width":704,"height":1000},{"@type":"BreadcrumbList","@id":"https:\/\/www.rubengalarreta.com\/es\/product\/man-es\/essentials-es\/singlet-essentials-de-rejilla\/#breadcrumb","itemListElement":[{"@type":"ListItem","position":1,"name":"Home","item":"https:\/\/www.rubengalarreta.com\/es\/"},{"@type":"ListItem","position":2,"name":"Tienda Online","item":"https:\/\/www.rubengalarreta.com\/es\/tienda-2\/"},{"@type":"ListItem","position":3,"name":"SINGLET ESSENTIALS DE REJILLA"}]},{"@type":"WebSite","@id":"https:\/\/www.rubengalarreta.com\/es\/#website","url":"https:\/\/www.rubengalarreta.com\/es\/","name":"Ruben Galarreta","description":"Hot Couture | Online Store","publisher":{"@id":"https:\/\/www.rubengalarreta.com\/es\/#organization"},"potentialAction":[{"@type":"SearchAction","target":{"@type":"EntryPoint","urlTemplate":"https:\/\/www.rubengalarreta.com\/es\/?s={search_term_string}"},"query-input":{"@type":"PropertyValueSpecification","valueRequired":true,"valueName":"search_term_string"}}],"inLanguage":"es"},{"@type":"Organization","@id":"https:\/\/www.rubengalarreta.com\/es\/#organization","name":"Ruben Galarreta","url":"https:\/\/www.rubengalarreta.com\/es\/","logo":{"@type":"ImageObject","inLanguage":"es","@id":"https:\/\/www.rubengalarreta.com\/es\/#\/schema\/logo\/image\/","url":"https:\/\/www.rubengalarreta.com\/wp-content\/uploads\/2019\/10\/rubengalarreta-menswear.jpg","contentUrl":"https:\/\/www.rubengalarreta.com\/wp-content\/uploads\/2019\/10\/rubengalarreta-menswear.jpg","width":1141,"height":146,"caption":"Ruben Galarreta"},"image":{"@id":"https:\/\/www.rubengalarreta.com\/es\/#\/schema\/logo\/image\/"}}]}},"_links":{"self":[{"href":"https:\/\/www.rubengalarreta.com\/es\/wp-json\/wp\/v2\/product\/71854","targetHints":{"allow":["GET"]}}],"collection":[{"href":"https:\/\/www.rubengalarreta.com\/es\/wp-json\/wp\/v2\/product"}],"about":[{"href":"https:\/\/www.rubengalarreta.com\/es\/wp-json\/wp\/v2\/types\/product"}],"replies":[{"embeddable":true,"href":"https:\/\/www.rubengalarreta.com\/es\/wp-json\/wp\/v2\/comments?post=71854"}],"wp:featuredmedia":[{"embeddable":true,"href":"https:\/\/www.rubengalarreta.com\/es\/wp-json\/wp\/v2\/media\/71918"}],"wp:attachment":[{"href":"https:\/\/www.rubengalarreta.com\/es\/wp-json\/wp\/v2\/media?parent=71854"}],"wp:term":[{"taxonomy":"product_brand","embeddable":true,"href":"https:\/\/www.rubengalarreta.com\/es\/wp-json\/wp\/v2\/product_brand?post=71854"},{"taxonomy":"product_cat","embeddable":true,"href":"https:\/\/www.rubengalarreta.com\/es\/wp-json\/wp\/v2\/product_cat?post=71854"},{"taxonomy":"product_tag","embeddable":true,"href":"https:\/\/www.rubengalarreta.com\/es\/wp-json\/wp\/v2\/product_tag?post=71854"}],"curies":[{"name":"wp","href":"https:\/\/api.w.org\/{rel}","templated":true}]}}