{"id":71515,"date":"2021-06-15T11:34:48","date_gmt":"2021-06-15T09:34:49","guid":{"rendered":"https:\/\/www.rubengalarreta.com\/?post_type=product&#038;p=71515"},"modified":"2025-06-12T07:39:45","modified_gmt":"2025-06-12T05:39:45","slug":"camiseta-oversize-essentials-transparente","status":"publish","type":"product","link":"https:\/\/www.rubengalarreta.com\/es\/product\/man-es\/essentials-es\/camiseta-oversize-essentials-transparente\/","title":{"rendered":"CAMISETA OVERSIZE ESSENTIALS TRANSPARENTE"},"content":{"rendered":"<h2><strong>CAMISETA OVERSIZE ESSENTIALS TRANSPARENTE<\/strong><\/h2>\n<table style=\"height: 183px; width: 100%; border-collapse: collapse; border-style: hidden;\">\n<tbody>\n<tr valign=\"TOP\">\n<td style=\"width: 49.8998%; border-style: hidden;\" width=\"293\" height=\"19\"><span style=\"color: #000000;\"><span style=\"font-family: trebuchet ms, serif;\"><b>DETALLES DE PRODUCTO:<br \/>\n<\/b><\/span><\/span><span style=\"color: #999999;\"><span style=\"font-family: trebuchet ms, serif;\">-Tela organza con el logo de Galarreta<br \/>\n<\/span><\/span><\/td>\n<td style=\"width: 50.1002%; border-style: hidden;\" width=\"293\"><span style=\"color: #000000;\"><span style=\"font-family: trebuchet ms, serif;\"><b>TALLA:<br \/>\n<\/b><\/span><\/span><span style=\"color: #999999;\"><span style=\"font-family: trebuchet ms, serif;\">-Oversized Fit<\/span><\/span><\/td>\n<\/tr>\n<tr valign=\"TOP\">\n<td style=\"width: 49.8998%; border-style: hidden;\" width=\"293\" height=\"19\"><span style=\"color: #000000;\"><span style=\"font-family: trebuchet ms, serif;\"><b>CUIDADOS:<br \/>\n<\/b><\/span><\/span><span style=\"color: #999999;\"><span style=\"font-family: trebuchet ms, serif;\">-F\u00e1cil planchado y lavado a m\u00e1quina seg\u00fan las instrucciones de cuidado de la etiqueta<\/span><\/span><\/td>\n<td style=\"width: 50.1002%; border-style: hidden;\" width=\"293\"><span style=\"color: #000000;\"><span style=\"font-family: trebuchet ms, serif;\"><b>MEDIDAS MODELO:<br \/>\n<\/b><\/span><\/span><span style=\"color: #999999;\"><span style=\"color: #999999;\"><span style=\"font-family: trebuchet ms, serif;\">-Altura de modelo: 185cm\u00a0 5&#8242;.9\u00bb<\/span><\/span><\/span>&nbsp;<\/td>\n<\/tr>\n<\/tbody>\n<\/table>\n<table style=\"height: 31px; width: 100%; border-collapse: collapse; border-style: hidden;\">\n<tbody>\n<tr valign=\"TOP\">\n<td style=\"width: 49.8998%; border-style: hidden;\" width=\"293\" height=\"19\"><img loading=\"lazy\" decoding=\"async\" class=\"alignnone wp-image-72080\" src=\"https:\/\/www.rubengalarreta.com\/wp-content\/uploads\/2021\/06\/tech-OVERSIZE-min-379x400.jpg\" alt=\"\" width=\"177\" height=\"186\" srcset=\"https:\/\/www.rubengalarreta.com\/wp-content\/uploads\/2021\/06\/tech-OVERSIZE-min-379x400.jpg 379w, https:\/\/www.rubengalarreta.com\/wp-content\/uploads\/2021\/06\/tech-OVERSIZE-min-758x800.jpg 758w, https:\/\/www.rubengalarreta.com\/wp-content\/uploads\/2021\/06\/tech-OVERSIZE-min-768x811.jpg 768w, https:\/\/www.rubengalarreta.com\/wp-content\/uploads\/2021\/06\/tech-OVERSIZE-min-1455x1536.jpg 1455w, https:\/\/www.rubengalarreta.com\/wp-content\/uploads\/2021\/06\/tech-OVERSIZE-min-247x261.jpg 247w, https:\/\/www.rubengalarreta.com\/wp-content\/uploads\/2021\/06\/tech-OVERSIZE-min-510x538.jpg 510w, https:\/\/www.rubengalarreta.com\/wp-content\/uploads\/2021\/06\/tech-OVERSIZE-min.jpg 1600w\" sizes=\"auto, (max-width: 177px) 100vw, 177px\" \/><\/td>\n<td style=\"width: 50.1002%; border-style: hidden;\" width=\"293\"><span style=\"color: #000000;\"><span style=\"font-family: trebuchet ms, serif;\"><b>GU\u00cdA DE MEDIDAS:<br \/>\n<\/b><\/span><\/span><\/p>\n<ul>\n<li><span style=\"font-family: 'trebuchet ms', serif; font-size: inherit;\"><span style=\"color: #000000;\">Talla \u00fanica<\/span><\/span><\/li>\n<\/ul>\n<\/td>\n<\/tr>\n<\/tbody>\n<\/table>\n<h4><strong>DESCRIPCI\u00d3N<\/strong><\/h4>\n<h4>La CAMISETA OVERSIZE TRANSPARENTE est\u00e1 dise\u00f1ada en Espa\u00f1a por Rub\u00e9n Galarreta, est\u00e1 fabricada con tela organza con el ic\u00f3nico estampado blanco de Galarreta. Esta camiseta para hombre es transparente, de cuello redondeado, y manga corta con un detalle el\u00e1stico de Galarreta. Esta camiseta te permite una gran versatilidad a la hora de vestir, ya que te permite combinarlo con casi cualquier otra prenda. Lo m\u00e1s destacable de la CAMISETA OVERSIZE TRANSPARENTE es su dise\u00f1o peculiar y original, su transparencia y el logo de Galarreta estampado de manera repetida en diagonal, creando un efecto hipnotizante.<\/h4>\n<h4>Por otro lado, el oversized fit de la camiseta viene en una sola talla \u00fanica. Adem\u00e1s, ofrece una comodidad destacable, caracter\u00edstica que hace que sea ideal para cualquier tipo de ocasi\u00f3n. Comodidad y estilo en un mismo producto. Adem\u00e1s, el tacto con la piel es suave y c\u00f3modo.<\/h4>\n<p>Como bien dice el nombre de esta colecci\u00f3n de moda para hombres ESSENTIALS, las prendas son ideales para el uso diario y casual.<\/p>\n<h4><strong>CONSEJOS DE ESTILISMO<\/strong><\/h4>\n<div>\n<p>Si quieres un look urbano y c\u00f3modo, RUBEN GALARRETA te sugiere que lo lleves con nuestro JOGGER ESSENTIALS DE REJILLA o nuestro JOGGER TRANSPARENTE y tus deportivas favoritas para ir totalmente conjuntado<\/p>\n<p>Tambi\u00e9n puedes llevarlo con la ARN\u00c9S BOMBER de la misma colecci\u00f3n, por encima de la camiseta. No te olvides de nuestro <a href=\"https:\/\/www.rubengalarreta.com\/es\/product\/man-es\/accesorios-hombre-galarreta\/tote-negro-essentials\/\">TOTE NEGRO ESSENTIALS<\/a> para completar tu look.<\/p>\n<\/div>\n","protected":false},"excerpt":{"rendered":"<h1><strong>CAMISETA OVERSIZE ESSENTIALS TRANSPARENTE<\/strong><\/h1>\n<p>Nuestra camiseta oversize pertenece a la colecci\u00f3n Essentials. Se trata de una camiseta transparente con el logo de galarreta de relaxed fit y oversize.<\/p>\n","protected":false},"featured_media":81290,"comment_status":"closed","ping_status":"closed","template":"","meta":{"_monsterinsights_skip_tracking":false,"_monsterinsights_sitenote_active":false,"_monsterinsights_sitenote_note":"","_monsterinsights_sitenote_category":0},"product_brand":[],"product_cat":[5815,2313,1921],"product_tag":[2171],"class_list":{"0":"post-71515","1":"product","2":"type-product","3":"status-publish","4":"has-post-thumbnail","6":"product_cat-essentials-es","7":"product_cat-novedades","8":"product_cat-man-es","9":"product_tag-camisetas-y-tops","11":"first","12":"instock","13":"sale","14":"taxable","15":"shipping-taxable","16":"purchasable","17":"product-type-simple"},"yoast_head":"<!-- This site is optimized with the Yoast SEO plugin v27.5 - https:\/\/yoast.com\/product\/yoast-seo-wordpress\/ -->\n<title>CAMISETA OVERSIZE TRANSPARENTE - Rub\u00e9n Galarreta<\/title>\n<meta name=\"description\" content=\"La CAMISETA OVERSIZE TRANSPARENTE tiene el logo de Galarreta estampado de forma diagonal y pertenece a la colecci\u00f3n Essentials.\" \/>\n<meta name=\"robots\" content=\"index, follow, max-snippet:-1, max-image-preview:large, max-video-preview:-1\" \/>\n<link rel=\"canonical\" href=\"https:\/\/www.rubengalarreta.com\/es\/product\/man-es\/essentials-es\/camiseta-oversize-essentials-transparente\/\" \/>\n<meta property=\"og:locale\" content=\"es_ES\" \/>\n<meta property=\"og:type\" content=\"article\" \/>\n<meta property=\"og:title\" content=\"CAMISETA OVERSIZE TRANSPARENTE - Rub\u00e9n Galarreta\" \/>\n<meta property=\"og:description\" content=\"La CAMISETA OVERSIZE TRANSPARENTE tiene el logo de Galarreta estampado de forma diagonal y pertenece a la colecci\u00f3n Essentials.\" \/>\n<meta property=\"og:url\" content=\"https:\/\/www.rubengalarreta.com\/es\/product\/man-es\/essentials-es\/camiseta-oversize-essentials-transparente\/\" \/>\n<meta property=\"og:site_name\" content=\"Ruben Galarreta\" \/>\n<meta property=\"article:modified_time\" content=\"2025-06-12T05:39:45+00:00\" \/>\n<meta property=\"og:image\" content=\"https:\/\/www.rubengalarreta.com\/wp-content\/uploads\/2021\/06\/ruben-galarreta-essentials-2021-black-galarreta-glass-oversize-tee-front-min.jpg\" \/>\n\t<meta property=\"og:image:width\" content=\"704\" \/>\n\t<meta property=\"og:image:height\" content=\"1000\" \/>\n\t<meta property=\"og:image:type\" content=\"image\/jpeg\" \/>\n<meta name=\"twitter:card\" content=\"summary_large_image\" \/>\n<meta name=\"twitter:label1\" content=\"Tiempo de lectura\" \/>\n\t<meta name=\"twitter:data1\" content=\"2 minutos\" \/>\n<script type=\"application\/ld+json\" class=\"yoast-schema-graph\">{\"@context\":\"https:\\\/\\\/schema.org\",\"@graph\":[{\"@type\":\"WebPage\",\"@id\":\"https:\\\/\\\/www.rubengalarreta.com\\\/es\\\/product\\\/man-es\\\/essentials-es\\\/camiseta-oversize-essentials-transparente\\\/\",\"url\":\"https:\\\/\\\/www.rubengalarreta.com\\\/es\\\/product\\\/man-es\\\/essentials-es\\\/camiseta-oversize-essentials-transparente\\\/\",\"name\":\"CAMISETA OVERSIZE TRANSPARENTE - Rub\u00e9n Galarreta\",\"isPartOf\":{\"@id\":\"https:\\\/\\\/www.rubengalarreta.com\\\/es\\\/#website\"},\"primaryImageOfPage\":{\"@id\":\"https:\\\/\\\/www.rubengalarreta.com\\\/es\\\/product\\\/man-es\\\/essentials-es\\\/camiseta-oversize-essentials-transparente\\\/#primaryimage\"},\"image\":{\"@id\":\"https:\\\/\\\/www.rubengalarreta.com\\\/es\\\/product\\\/man-es\\\/essentials-es\\\/camiseta-oversize-essentials-transparente\\\/#primaryimage\"},\"thumbnailUrl\":\"https:\\\/\\\/www.rubengalarreta.com\\\/wp-content\\\/uploads\\\/2022\\\/02\\\/ruben-galarreta-essentials-2021-black-galarreta-glass-oversize-tee-front-min.jpg\",\"datePublished\":\"2021-06-15T09:34:49+00:00\",\"dateModified\":\"2025-06-12T05:39:45+00:00\",\"description\":\"La CAMISETA OVERSIZE TRANSPARENTE tiene el logo de Galarreta estampado de forma diagonal y pertenece a la colecci\u00f3n Essentials.\",\"breadcrumb\":{\"@id\":\"https:\\\/\\\/www.rubengalarreta.com\\\/es\\\/product\\\/man-es\\\/essentials-es\\\/camiseta-oversize-essentials-transparente\\\/#breadcrumb\"},\"inLanguage\":\"es\",\"potentialAction\":[{\"@type\":\"ReadAction\",\"target\":[\"https:\\\/\\\/www.rubengalarreta.com\\\/es\\\/product\\\/man-es\\\/essentials-es\\\/camiseta-oversize-essentials-transparente\\\/\"]}]},{\"@type\":\"ImageObject\",\"inLanguage\":\"es\",\"@id\":\"https:\\\/\\\/www.rubengalarreta.com\\\/es\\\/product\\\/man-es\\\/essentials-es\\\/camiseta-oversize-essentials-transparente\\\/#primaryimage\",\"url\":\"https:\\\/\\\/www.rubengalarreta.com\\\/wp-content\\\/uploads\\\/2022\\\/02\\\/ruben-galarreta-essentials-2021-black-galarreta-glass-oversize-tee-front-min.jpg\",\"contentUrl\":\"https:\\\/\\\/www.rubengalarreta.com\\\/wp-content\\\/uploads\\\/2022\\\/02\\\/ruben-galarreta-essentials-2021-black-galarreta-glass-oversize-tee-front-min.jpg\",\"width\":704,\"height\":1000},{\"@type\":\"BreadcrumbList\",\"@id\":\"https:\\\/\\\/www.rubengalarreta.com\\\/es\\\/product\\\/man-es\\\/essentials-es\\\/camiseta-oversize-essentials-transparente\\\/#breadcrumb\",\"itemListElement\":[{\"@type\":\"ListItem\",\"position\":1,\"name\":\"Home\",\"item\":\"https:\\\/\\\/www.rubengalarreta.com\\\/es\\\/\"},{\"@type\":\"ListItem\",\"position\":2,\"name\":\"Tienda Online\",\"item\":\"https:\\\/\\\/www.rubengalarreta.com\\\/es\\\/tienda-2\\\/\"},{\"@type\":\"ListItem\",\"position\":3,\"name\":\"CAMISETA OVERSIZE ESSENTIALS TRANSPARENTE\"}]},{\"@type\":\"WebSite\",\"@id\":\"https:\\\/\\\/www.rubengalarreta.com\\\/es\\\/#website\",\"url\":\"https:\\\/\\\/www.rubengalarreta.com\\\/es\\\/\",\"name\":\"Ruben Galarreta\",\"description\":\"Hot Couture | Online Store\",\"publisher\":{\"@id\":\"https:\\\/\\\/www.rubengalarreta.com\\\/es\\\/#organization\"},\"potentialAction\":[{\"@type\":\"SearchAction\",\"target\":{\"@type\":\"EntryPoint\",\"urlTemplate\":\"https:\\\/\\\/www.rubengalarreta.com\\\/es\\\/?s={search_term_string}\"},\"query-input\":{\"@type\":\"PropertyValueSpecification\",\"valueRequired\":true,\"valueName\":\"search_term_string\"}}],\"inLanguage\":\"es\"},{\"@type\":\"Organization\",\"@id\":\"https:\\\/\\\/www.rubengalarreta.com\\\/es\\\/#organization\",\"name\":\"Ruben Galarreta\",\"url\":\"https:\\\/\\\/www.rubengalarreta.com\\\/es\\\/\",\"logo\":{\"@type\":\"ImageObject\",\"inLanguage\":\"es\",\"@id\":\"https:\\\/\\\/www.rubengalarreta.com\\\/es\\\/#\\\/schema\\\/logo\\\/image\\\/\",\"url\":\"https:\\\/\\\/www.rubengalarreta.com\\\/wp-content\\\/uploads\\\/2019\\\/10\\\/rubengalarreta-menswear.jpg\",\"contentUrl\":\"https:\\\/\\\/www.rubengalarreta.com\\\/wp-content\\\/uploads\\\/2019\\\/10\\\/rubengalarreta-menswear.jpg\",\"width\":1141,\"height\":146,\"caption\":\"Ruben Galarreta\"},\"image\":{\"@id\":\"https:\\\/\\\/www.rubengalarreta.com\\\/es\\\/#\\\/schema\\\/logo\\\/image\\\/\"}}]}<\/script>\n<!-- \/ Yoast SEO plugin. -->","yoast_head_json":{"title":"CAMISETA OVERSIZE TRANSPARENTE - Rub\u00e9n Galarreta","description":"La CAMISETA OVERSIZE TRANSPARENTE tiene el logo de Galarreta estampado de forma diagonal y pertenece a la colecci\u00f3n Essentials.","robots":{"index":"index","follow":"follow","max-snippet":"max-snippet:-1","max-image-preview":"max-image-preview:large","max-video-preview":"max-video-preview:-1"},"canonical":"https:\/\/www.rubengalarreta.com\/es\/product\/man-es\/essentials-es\/camiseta-oversize-essentials-transparente\/","og_locale":"es_ES","og_type":"article","og_title":"CAMISETA OVERSIZE TRANSPARENTE - Rub\u00e9n Galarreta","og_description":"La CAMISETA OVERSIZE TRANSPARENTE tiene el logo de Galarreta estampado de forma diagonal y pertenece a la colecci\u00f3n Essentials.","og_url":"https:\/\/www.rubengalarreta.com\/es\/product\/man-es\/essentials-es\/camiseta-oversize-essentials-transparente\/","og_site_name":"Ruben Galarreta","article_modified_time":"2025-06-12T05:39:45+00:00","og_image":[{"width":704,"height":1000,"url":"https:\/\/www.rubengalarreta.com\/wp-content\/uploads\/2021\/06\/ruben-galarreta-essentials-2021-black-galarreta-glass-oversize-tee-front-min.jpg","type":"image\/jpeg"}],"twitter_card":"summary_large_image","twitter_misc":{"Tiempo de lectura":"2 minutos"},"schema":{"@context":"https:\/\/schema.org","@graph":[{"@type":"WebPage","@id":"https:\/\/www.rubengalarreta.com\/es\/product\/man-es\/essentials-es\/camiseta-oversize-essentials-transparente\/","url":"https:\/\/www.rubengalarreta.com\/es\/product\/man-es\/essentials-es\/camiseta-oversize-essentials-transparente\/","name":"CAMISETA OVERSIZE TRANSPARENTE - Rub\u00e9n Galarreta","isPartOf":{"@id":"https:\/\/www.rubengalarreta.com\/es\/#website"},"primaryImageOfPage":{"@id":"https:\/\/www.rubengalarreta.com\/es\/product\/man-es\/essentials-es\/camiseta-oversize-essentials-transparente\/#primaryimage"},"image":{"@id":"https:\/\/www.rubengalarreta.com\/es\/product\/man-es\/essentials-es\/camiseta-oversize-essentials-transparente\/#primaryimage"},"thumbnailUrl":"https:\/\/www.rubengalarreta.com\/wp-content\/uploads\/2022\/02\/ruben-galarreta-essentials-2021-black-galarreta-glass-oversize-tee-front-min.jpg","datePublished":"2021-06-15T09:34:49+00:00","dateModified":"2025-06-12T05:39:45+00:00","description":"La CAMISETA OVERSIZE TRANSPARENTE tiene el logo de Galarreta estampado de forma diagonal y pertenece a la colecci\u00f3n Essentials.","breadcrumb":{"@id":"https:\/\/www.rubengalarreta.com\/es\/product\/man-es\/essentials-es\/camiseta-oversize-essentials-transparente\/#breadcrumb"},"inLanguage":"es","potentialAction":[{"@type":"ReadAction","target":["https:\/\/www.rubengalarreta.com\/es\/product\/man-es\/essentials-es\/camiseta-oversize-essentials-transparente\/"]}]},{"@type":"ImageObject","inLanguage":"es","@id":"https:\/\/www.rubengalarreta.com\/es\/product\/man-es\/essentials-es\/camiseta-oversize-essentials-transparente\/#primaryimage","url":"https:\/\/www.rubengalarreta.com\/wp-content\/uploads\/2022\/02\/ruben-galarreta-essentials-2021-black-galarreta-glass-oversize-tee-front-min.jpg","contentUrl":"https:\/\/www.rubengalarreta.com\/wp-content\/uploads\/2022\/02\/ruben-galarreta-essentials-2021-black-galarreta-glass-oversize-tee-front-min.jpg","width":704,"height":1000},{"@type":"BreadcrumbList","@id":"https:\/\/www.rubengalarreta.com\/es\/product\/man-es\/essentials-es\/camiseta-oversize-essentials-transparente\/#breadcrumb","itemListElement":[{"@type":"ListItem","position":1,"name":"Home","item":"https:\/\/www.rubengalarreta.com\/es\/"},{"@type":"ListItem","position":2,"name":"Tienda Online","item":"https:\/\/www.rubengalarreta.com\/es\/tienda-2\/"},{"@type":"ListItem","position":3,"name":"CAMISETA OVERSIZE ESSENTIALS TRANSPARENTE"}]},{"@type":"WebSite","@id":"https:\/\/www.rubengalarreta.com\/es\/#website","url":"https:\/\/www.rubengalarreta.com\/es\/","name":"Ruben Galarreta","description":"Hot Couture | Online Store","publisher":{"@id":"https:\/\/www.rubengalarreta.com\/es\/#organization"},"potentialAction":[{"@type":"SearchAction","target":{"@type":"EntryPoint","urlTemplate":"https:\/\/www.rubengalarreta.com\/es\/?s={search_term_string}"},"query-input":{"@type":"PropertyValueSpecification","valueRequired":true,"valueName":"search_term_string"}}],"inLanguage":"es"},{"@type":"Organization","@id":"https:\/\/www.rubengalarreta.com\/es\/#organization","name":"Ruben Galarreta","url":"https:\/\/www.rubengalarreta.com\/es\/","logo":{"@type":"ImageObject","inLanguage":"es","@id":"https:\/\/www.rubengalarreta.com\/es\/#\/schema\/logo\/image\/","url":"https:\/\/www.rubengalarreta.com\/wp-content\/uploads\/2019\/10\/rubengalarreta-menswear.jpg","contentUrl":"https:\/\/www.rubengalarreta.com\/wp-content\/uploads\/2019\/10\/rubengalarreta-menswear.jpg","width":1141,"height":146,"caption":"Ruben Galarreta"},"image":{"@id":"https:\/\/www.rubengalarreta.com\/es\/#\/schema\/logo\/image\/"}}]}},"_links":{"self":[{"href":"https:\/\/www.rubengalarreta.com\/es\/wp-json\/wp\/v2\/product\/71515","targetHints":{"allow":["GET"]}}],"collection":[{"href":"https:\/\/www.rubengalarreta.com\/es\/wp-json\/wp\/v2\/product"}],"about":[{"href":"https:\/\/www.rubengalarreta.com\/es\/wp-json\/wp\/v2\/types\/product"}],"replies":[{"embeddable":true,"href":"https:\/\/www.rubengalarreta.com\/es\/wp-json\/wp\/v2\/comments?post=71515"}],"wp:featuredmedia":[{"embeddable":true,"href":"https:\/\/www.rubengalarreta.com\/es\/wp-json\/wp\/v2\/media\/81290"}],"wp:attachment":[{"href":"https:\/\/www.rubengalarreta.com\/es\/wp-json\/wp\/v2\/media?parent=71515"}],"wp:term":[{"taxonomy":"product_brand","embeddable":true,"href":"https:\/\/www.rubengalarreta.com\/es\/wp-json\/wp\/v2\/product_brand?post=71515"},{"taxonomy":"product_cat","embeddable":true,"href":"https:\/\/www.rubengalarreta.com\/es\/wp-json\/wp\/v2\/product_cat?post=71515"},{"taxonomy":"product_tag","embeddable":true,"href":"https:\/\/www.rubengalarreta.com\/es\/wp-json\/wp\/v2\/product_tag?post=71515"}],"curies":[{"name":"wp","href":"https:\/\/api.w.org\/{rel}","templated":true}]}}