{"id":69918,"date":"2021-05-14T10:26:19","date_gmt":"2021-05-14T08:26:20","guid":{"rendered":"https:\/\/www.rubengalarreta.com\/?post_type=product&#038;p=69918"},"modified":"2021-11-30T10:19:30","modified_gmt":"2021-11-30T09:19:30","slug":"crop-top-de-rejilla-essentials","status":"publish","type":"product","link":"https:\/\/www.rubengalarreta.com\/es\/product\/man-es\/essentials-es\/crop-top-de-rejilla-essentials\/","title":{"rendered":"CROP TOP DE REJILLA ESSENTIALS"},"content":{"rendered":"<h2><strong>CROP TOP DE REJILLA ESSENTIALS<\/strong><\/h2>\n<table style=\"height: 183px; width: 100%; border-collapse: collapse; border-style: hidden;\">\n<tbody>\n<tr valign=\"TOP\">\n<td style=\"width: 49.8998%; border-style: hidden;\" width=\"293\" height=\"19\"><span style=\"color: #000000;\"><span style=\"font-family: trebuchet ms, serif;\"><b>DETALLES DE PRODUCTO:<br \/>\n<\/b><\/span><\/span><span style=\"color: #999999;\"><span style=\"font-family: trebuchet ms, serif;\">-Tela de rejilla con el logo de Galarreta<\/span><\/span><\/td>\n<td style=\"width: 50.1002%; border-style: hidden;\" width=\"293\"><span style=\"color: #000000;\"><span style=\"font-family: trebuchet ms, serif;\"><b>TALLA:<br \/>\n<\/b><\/span><\/span><span style=\"color: #999999;\"><span style=\"font-family: trebuchet ms, serif;\">-Relaxed Fit<\/span><\/span><\/td>\n<\/tr>\n<tr valign=\"TOP\">\n<td style=\"width: 49.8998%; border-style: hidden;\" width=\"293\" height=\"19\"><span style=\"color: #000000;\"><span style=\"font-family: trebuchet ms, serif;\"><b>CUIDADOS:<br \/>\n<\/b><\/span><\/span><span style=\"color: #999999;\"><span style=\"font-family: trebuchet ms, serif;\">-F\u00e1cil planchado y lavado a m\u00e1quina seg\u00fan las instrucciones de cuidado de la etiqueta<\/span><\/span><\/td>\n<td style=\"width: 50.1002%; border-style: hidden;\" width=\"293\"><span style=\"color: #000000;\"><span style=\"font-family: trebuchet ms, serif;\"><b>MEDIDAS MODELO:<br \/>\n<\/b><\/span><\/span><span style=\"color: #999999;\"><span style=\"font-family: trebuchet ms, serif;\">-Altura de modelo: 180cm\u00a0 5&#8242;.9\u00bb<br \/>\n-El modelo usa talla M<\/span><\/span><\/td>\n<\/tr>\n<\/tbody>\n<\/table>\n<table style=\"height: 31px; width: 100%; border-collapse: collapse; border-style: hidden;\">\n<tbody>\n<tr valign=\"TOP\">\n<td style=\"width: 49.8998%; border-style: hidden;\" width=\"293\" height=\"19\"><img loading=\"lazy\" decoding=\"async\" class=\"alignnone wp-image-66172 \" src=\"https:\/\/www.rubengalarreta.com\/wp-content\/uploads\/2021\/02\/tech-croptop-379x400.jpg\" alt=\"\" width=\"170\" height=\"179\" srcset=\"https:\/\/www.rubengalarreta.com\/wp-content\/uploads\/2021\/02\/tech-croptop-379x400.jpg 379w, https:\/\/www.rubengalarreta.com\/wp-content\/uploads\/2021\/02\/tech-croptop-758x800.jpg 758w, https:\/\/www.rubengalarreta.com\/wp-content\/uploads\/2021\/02\/tech-croptop-768x811.jpg 768w, https:\/\/www.rubengalarreta.com\/wp-content\/uploads\/2021\/02\/tech-croptop-1455x1536.jpg 1455w, https:\/\/www.rubengalarreta.com\/wp-content\/uploads\/2021\/02\/tech-croptop-247x261.jpg 247w, https:\/\/www.rubengalarreta.com\/wp-content\/uploads\/2021\/02\/tech-croptop-510x538.jpg 510w, https:\/\/www.rubengalarreta.com\/wp-content\/uploads\/2021\/02\/tech-croptop.jpg 1600w\" sizes=\"auto, (max-width: 170px) 100vw, 170px\" \/><\/td>\n<td style=\"width: 50.1002%; border-style: hidden;\" width=\"293\"><span style=\"color: #000000;\"><span style=\"font-family: trebuchet ms, serif;\"><b>GU\u00cdA DE MEDIDAS:<br \/>\n<\/b><\/span><\/span><\/p>\n<ul>\n<li><span style=\"color: #999999;\"><span style=\"color: #999999;\"><span style=\"font-family: trebuchet ms, serif;\"><span style=\"color: #000000;\">Small:<\/span> A 54cm B 38cm \/ 21.2&#8243; x 14.96&#8243;<\/span><\/span><\/span><\/li>\n<li><span style=\"color: #999999;\"><span style=\"color: #999999;\"><span style=\"font-family: trebuchet ms, serif;\"><span style=\"color: #000000;\">Medium:<\/span> A 56cm B 39cm \/ 22.04&#8243; x 15.35&#8243;<\/span><\/span><\/span><\/li>\n<li><span style=\"color: #999999;\"><span style=\"color: #999999;\"><span style=\"font-family: trebuchet ms, serif;\"><span style=\"color: #000000;\">Large:\u00a0<span style=\"color: #999999;\">A 58cm B 40cm \/ 22.83&#8243; x 15.75&#8243;<\/span><\/span><\/span><\/span><\/span><\/li>\n<\/ul>\n<\/td>\n<\/tr>\n<\/tbody>\n<\/table>\n<h4><strong>DESCRIPCI\u00d3N<\/strong><\/h4>\n<p><span style=\"color: #282828;\">El CROP TOP DE REJILLA ESSENTIALS para hombre esta hecho de tela de rejilla con el estampado ic\u00f3nico de Galarreta, dise\u00f1ado por nosotros en Espa\u00f1a\u00a0 Es un crop top negro de cuello redondo y manga corta, siendo lo mas representativo de este el logo de GALARRETA estampado a lo largo de todo el crop top en direcci\u00f3n diagonal creando un efecto hipnotizante.<\/span><\/p>\n<p><span style=\"color: #282828;\">Por otro lado, el CROP TOP DE REJILLA ESSENTIALS viene en tres tama\u00f1os: small, medium &amp; large. Es perfecto para cualquier ocasi\u00f3n ya que al estar hecho de tela de rejilla transpirable, siendo adem\u00e1s muy c\u00f3modo como tambi\u00e9n agradable al tacto ofreciendo una gran suavidad en la piel. Es ideal para llevarlo durante el Orgullo Gay, fiestas, discotecas o salir a tomar algo con tus amigos. Este crop top de corte \u00abRelaxed fit\u00bb para hombres te har\u00e1 destacar entre la multitud y diferenciarte del resto dando un toque distinto y \u00fanico a tu look.<\/span><\/p>\n<div><span style=\"color: #282828;\">El color negro siempre ha sido considerado como el color comod\u00edn, combina con cualquier otro color, capaz de salvar todas aquellas situaciones en las que la indecisi\u00f3n a la hora de vestir nos gana. Tambi\u00e9n simboliza misterio, poder, control, independencia y fuerza interna. Este crop top relaxed fit para hombre te ayudar\u00e1 a recibir la atenci\u00f3n que mereces. En otras palabras, este crop top te ser\u00e1 de gran utilidad cuando quieras estar c\u00f3modo en cualquier momento.<\/span><\/div>\n<h4><strong>CONSEJOS DE ESTILISMO<\/strong><\/h4>\n<div>\n<p><span style=\"color: #282828;\">Si quieres un look urbano y c\u00f3modo, RUBEN GALARRETA te propone combinarla con nuestros LEGGIN ESSENTIALS y tus sneakers favoritas. Tambi\u00e9n puede usar una bomber de la colecci\u00f3n encima de tu crop top. Y no te olvides de nuestro <a style=\"color: #282828;\" href=\"https:\/\/www.rubengalarreta.com\/product\/new-in\/essentials-black-tote\/\">TOTE NEGRA ESSENTIALS<\/a> para completar tu look.<\/span><\/p>\n<\/div>\n","protected":false},"excerpt":{"rendered":"<h2><strong>CROP TOP DE REJILLA ESSENTIALS<\/strong><\/h2>\n<p>Nuestro CROP TOP DE REJILLA ESSENTIALS pertenece a la colecci\u00f3n Essentials. Esta dise\u00f1ado por nosotros en Espa\u00f1a y se trata de un crop top negro con el estampado ic\u00f3nico de Galarreta.<\/p>\n","protected":false},"featured_media":69789,"comment_status":"closed","ping_status":"closed","template":"","meta":{"_monsterinsights_skip_tracking":false,"_monsterinsights_sitenote_active":false,"_monsterinsights_sitenote_note":"","_monsterinsights_sitenote_category":0},"product_brand":[],"product_cat":[5815,1921],"product_tag":[2171],"class_list":{"0":"post-69918","1":"product","2":"type-product","3":"status-publish","4":"has-post-thumbnail","6":"product_cat-essentials-es","7":"product_cat-man-es","8":"product_tag-camisetas-y-tops","10":"first","11":"instock","12":"sale","13":"taxable","14":"shipping-taxable","15":"purchasable","16":"product-type-variable","17":"has-default-attributes"},"yoast_head":"<!-- This site is optimized with the Yoast SEO plugin v27.3 - https:\/\/yoast.com\/product\/yoast-seo-wordpress\/ -->\n<title>CROP TOP DE REJILLA ESSENTIALS para hombre - Ruben Galarreta<\/title>\n<meta name=\"description\" content=\"CROP TOP DE REJILLA ESSENTIALS dise\u00f1ado en Espa\u00f1a. Se trata de un crop top negro con el estampado de Galarreta.\" \/>\n<meta name=\"robots\" content=\"index, follow, max-snippet:-1, max-image-preview:large, max-video-preview:-1\" \/>\n<link rel=\"canonical\" href=\"https:\/\/www.rubengalarreta.com\/es\/product\/man-es\/essentials-es\/crop-top-de-rejilla-essentials\/\" \/>\n<meta property=\"og:locale\" content=\"es_ES\" \/>\n<meta property=\"og:type\" content=\"article\" \/>\n<meta property=\"og:title\" content=\"CROP TOP DE REJILLA ESSENTIALS para hombre - Ruben Galarreta\" \/>\n<meta property=\"og:description\" content=\"CROP TOP DE REJILLA ESSENTIALS dise\u00f1ado en Espa\u00f1a. Se trata de un crop top negro con el estampado de Galarreta.\" \/>\n<meta property=\"og:url\" content=\"https:\/\/www.rubengalarreta.com\/es\/product\/man-es\/essentials-es\/crop-top-de-rejilla-essentials\/\" \/>\n<meta property=\"og:site_name\" content=\"Ruben Galarreta\" \/>\n<meta property=\"article:modified_time\" content=\"2021-11-30T09:19:30+00:00\" \/>\n<meta property=\"og:image\" content=\"https:\/\/www.rubengalarreta.com\/wp-content\/uploads\/2021\/05\/ruben-galarreta-essentials-2021-black-galarreta-mesh-CROPTOP-look-min.jpg\" \/>\n\t<meta property=\"og:image:width\" content=\"704\" \/>\n\t<meta property=\"og:image:height\" content=\"1000\" \/>\n\t<meta property=\"og:image:type\" content=\"image\/jpeg\" \/>\n<meta name=\"twitter:card\" content=\"summary_large_image\" \/>\n<meta name=\"twitter:label1\" content=\"Tiempo de lectura\" \/>\n\t<meta name=\"twitter:data1\" content=\"2 minutos\" \/>\n<script type=\"application\/ld+json\" class=\"yoast-schema-graph\">{\"@context\":\"https:\\\/\\\/schema.org\",\"@graph\":[{\"@type\":\"WebPage\",\"@id\":\"https:\\\/\\\/www.rubengalarreta.com\\\/es\\\/product\\\/man-es\\\/essentials-es\\\/crop-top-de-rejilla-essentials\\\/\",\"url\":\"https:\\\/\\\/www.rubengalarreta.com\\\/es\\\/product\\\/man-es\\\/essentials-es\\\/crop-top-de-rejilla-essentials\\\/\",\"name\":\"CROP TOP DE REJILLA ESSENTIALS para hombre - Ruben Galarreta\",\"isPartOf\":{\"@id\":\"https:\\\/\\\/www.rubengalarreta.com\\\/es\\\/#website\"},\"primaryImageOfPage\":{\"@id\":\"https:\\\/\\\/www.rubengalarreta.com\\\/es\\\/product\\\/man-es\\\/essentials-es\\\/crop-top-de-rejilla-essentials\\\/#primaryimage\"},\"image\":{\"@id\":\"https:\\\/\\\/www.rubengalarreta.com\\\/es\\\/product\\\/man-es\\\/essentials-es\\\/crop-top-de-rejilla-essentials\\\/#primaryimage\"},\"thumbnailUrl\":\"https:\\\/\\\/www.rubengalarreta.com\\\/wp-content\\\/uploads\\\/2021\\\/05\\\/ruben-galarreta-essentials-2021-black-galarreta-mesh-CROPTOP-look-min.jpg\",\"datePublished\":\"2021-05-14T08:26:20+00:00\",\"dateModified\":\"2021-11-30T09:19:30+00:00\",\"description\":\"CROP TOP DE REJILLA ESSENTIALS dise\u00f1ado en Espa\u00f1a. Se trata de un crop top negro con el estampado de Galarreta.\",\"breadcrumb\":{\"@id\":\"https:\\\/\\\/www.rubengalarreta.com\\\/es\\\/product\\\/man-es\\\/essentials-es\\\/crop-top-de-rejilla-essentials\\\/#breadcrumb\"},\"inLanguage\":\"es\",\"potentialAction\":[{\"@type\":\"ReadAction\",\"target\":[\"https:\\\/\\\/www.rubengalarreta.com\\\/es\\\/product\\\/man-es\\\/essentials-es\\\/crop-top-de-rejilla-essentials\\\/\"]}]},{\"@type\":\"ImageObject\",\"inLanguage\":\"es\",\"@id\":\"https:\\\/\\\/www.rubengalarreta.com\\\/es\\\/product\\\/man-es\\\/essentials-es\\\/crop-top-de-rejilla-essentials\\\/#primaryimage\",\"url\":\"https:\\\/\\\/www.rubengalarreta.com\\\/wp-content\\\/uploads\\\/2021\\\/05\\\/ruben-galarreta-essentials-2021-black-galarreta-mesh-CROPTOP-look-min.jpg\",\"contentUrl\":\"https:\\\/\\\/www.rubengalarreta.com\\\/wp-content\\\/uploads\\\/2021\\\/05\\\/ruben-galarreta-essentials-2021-black-galarreta-mesh-CROPTOP-look-min.jpg\",\"width\":704,\"height\":1000,\"caption\":\"sexy elastic mesh crop top\"},{\"@type\":\"BreadcrumbList\",\"@id\":\"https:\\\/\\\/www.rubengalarreta.com\\\/es\\\/product\\\/man-es\\\/essentials-es\\\/crop-top-de-rejilla-essentials\\\/#breadcrumb\",\"itemListElement\":[{\"@type\":\"ListItem\",\"position\":1,\"name\":\"Home\",\"item\":\"https:\\\/\\\/www.rubengalarreta.com\\\/es\\\/\"},{\"@type\":\"ListItem\",\"position\":2,\"name\":\"Tienda Online\",\"item\":\"https:\\\/\\\/www.rubengalarreta.com\\\/es\\\/tienda-2\\\/\"},{\"@type\":\"ListItem\",\"position\":3,\"name\":\"CROP TOP DE REJILLA ESSENTIALS\"}]},{\"@type\":\"WebSite\",\"@id\":\"https:\\\/\\\/www.rubengalarreta.com\\\/es\\\/#website\",\"url\":\"https:\\\/\\\/www.rubengalarreta.com\\\/es\\\/\",\"name\":\"Ruben Galarreta\",\"description\":\"Hot Couture | Online Store\",\"publisher\":{\"@id\":\"https:\\\/\\\/www.rubengalarreta.com\\\/es\\\/#organization\"},\"potentialAction\":[{\"@type\":\"SearchAction\",\"target\":{\"@type\":\"EntryPoint\",\"urlTemplate\":\"https:\\\/\\\/www.rubengalarreta.com\\\/es\\\/?s={search_term_string}\"},\"query-input\":{\"@type\":\"PropertyValueSpecification\",\"valueRequired\":true,\"valueName\":\"search_term_string\"}}],\"inLanguage\":\"es\"},{\"@type\":\"Organization\",\"@id\":\"https:\\\/\\\/www.rubengalarreta.com\\\/es\\\/#organization\",\"name\":\"Ruben Galarreta\",\"url\":\"https:\\\/\\\/www.rubengalarreta.com\\\/es\\\/\",\"logo\":{\"@type\":\"ImageObject\",\"inLanguage\":\"es\",\"@id\":\"https:\\\/\\\/www.rubengalarreta.com\\\/es\\\/#\\\/schema\\\/logo\\\/image\\\/\",\"url\":\"https:\\\/\\\/www.rubengalarreta.com\\\/wp-content\\\/uploads\\\/2019\\\/10\\\/rubengalarreta-menswear.jpg\",\"contentUrl\":\"https:\\\/\\\/www.rubengalarreta.com\\\/wp-content\\\/uploads\\\/2019\\\/10\\\/rubengalarreta-menswear.jpg\",\"width\":1141,\"height\":146,\"caption\":\"Ruben Galarreta\"},\"image\":{\"@id\":\"https:\\\/\\\/www.rubengalarreta.com\\\/es\\\/#\\\/schema\\\/logo\\\/image\\\/\"}}]}<\/script>\n<!-- \/ Yoast SEO plugin. -->","yoast_head_json":{"title":"CROP TOP DE REJILLA ESSENTIALS para hombre - Ruben Galarreta","description":"CROP TOP DE REJILLA ESSENTIALS dise\u00f1ado en Espa\u00f1a. Se trata de un crop top negro con el estampado de Galarreta.","robots":{"index":"index","follow":"follow","max-snippet":"max-snippet:-1","max-image-preview":"max-image-preview:large","max-video-preview":"max-video-preview:-1"},"canonical":"https:\/\/www.rubengalarreta.com\/es\/product\/man-es\/essentials-es\/crop-top-de-rejilla-essentials\/","og_locale":"es_ES","og_type":"article","og_title":"CROP TOP DE REJILLA ESSENTIALS para hombre - Ruben Galarreta","og_description":"CROP TOP DE REJILLA ESSENTIALS dise\u00f1ado en Espa\u00f1a. Se trata de un crop top negro con el estampado de Galarreta.","og_url":"https:\/\/www.rubengalarreta.com\/es\/product\/man-es\/essentials-es\/crop-top-de-rejilla-essentials\/","og_site_name":"Ruben Galarreta","article_modified_time":"2021-11-30T09:19:30+00:00","og_image":[{"width":704,"height":1000,"url":"https:\/\/www.rubengalarreta.com\/wp-content\/uploads\/2021\/05\/ruben-galarreta-essentials-2021-black-galarreta-mesh-CROPTOP-look-min.jpg","type":"image\/jpeg"}],"twitter_card":"summary_large_image","twitter_misc":{"Tiempo de lectura":"2 minutos"},"schema":{"@context":"https:\/\/schema.org","@graph":[{"@type":"WebPage","@id":"https:\/\/www.rubengalarreta.com\/es\/product\/man-es\/essentials-es\/crop-top-de-rejilla-essentials\/","url":"https:\/\/www.rubengalarreta.com\/es\/product\/man-es\/essentials-es\/crop-top-de-rejilla-essentials\/","name":"CROP TOP DE REJILLA ESSENTIALS para hombre - Ruben Galarreta","isPartOf":{"@id":"https:\/\/www.rubengalarreta.com\/es\/#website"},"primaryImageOfPage":{"@id":"https:\/\/www.rubengalarreta.com\/es\/product\/man-es\/essentials-es\/crop-top-de-rejilla-essentials\/#primaryimage"},"image":{"@id":"https:\/\/www.rubengalarreta.com\/es\/product\/man-es\/essentials-es\/crop-top-de-rejilla-essentials\/#primaryimage"},"thumbnailUrl":"https:\/\/www.rubengalarreta.com\/wp-content\/uploads\/2021\/05\/ruben-galarreta-essentials-2021-black-galarreta-mesh-CROPTOP-look-min.jpg","datePublished":"2021-05-14T08:26:20+00:00","dateModified":"2021-11-30T09:19:30+00:00","description":"CROP TOP DE REJILLA ESSENTIALS dise\u00f1ado en Espa\u00f1a. Se trata de un crop top negro con el estampado de Galarreta.","breadcrumb":{"@id":"https:\/\/www.rubengalarreta.com\/es\/product\/man-es\/essentials-es\/crop-top-de-rejilla-essentials\/#breadcrumb"},"inLanguage":"es","potentialAction":[{"@type":"ReadAction","target":["https:\/\/www.rubengalarreta.com\/es\/product\/man-es\/essentials-es\/crop-top-de-rejilla-essentials\/"]}]},{"@type":"ImageObject","inLanguage":"es","@id":"https:\/\/www.rubengalarreta.com\/es\/product\/man-es\/essentials-es\/crop-top-de-rejilla-essentials\/#primaryimage","url":"https:\/\/www.rubengalarreta.com\/wp-content\/uploads\/2021\/05\/ruben-galarreta-essentials-2021-black-galarreta-mesh-CROPTOP-look-min.jpg","contentUrl":"https:\/\/www.rubengalarreta.com\/wp-content\/uploads\/2021\/05\/ruben-galarreta-essentials-2021-black-galarreta-mesh-CROPTOP-look-min.jpg","width":704,"height":1000,"caption":"sexy elastic mesh crop top"},{"@type":"BreadcrumbList","@id":"https:\/\/www.rubengalarreta.com\/es\/product\/man-es\/essentials-es\/crop-top-de-rejilla-essentials\/#breadcrumb","itemListElement":[{"@type":"ListItem","position":1,"name":"Home","item":"https:\/\/www.rubengalarreta.com\/es\/"},{"@type":"ListItem","position":2,"name":"Tienda Online","item":"https:\/\/www.rubengalarreta.com\/es\/tienda-2\/"},{"@type":"ListItem","position":3,"name":"CROP TOP DE REJILLA ESSENTIALS"}]},{"@type":"WebSite","@id":"https:\/\/www.rubengalarreta.com\/es\/#website","url":"https:\/\/www.rubengalarreta.com\/es\/","name":"Ruben Galarreta","description":"Hot Couture | Online Store","publisher":{"@id":"https:\/\/www.rubengalarreta.com\/es\/#organization"},"potentialAction":[{"@type":"SearchAction","target":{"@type":"EntryPoint","urlTemplate":"https:\/\/www.rubengalarreta.com\/es\/?s={search_term_string}"},"query-input":{"@type":"PropertyValueSpecification","valueRequired":true,"valueName":"search_term_string"}}],"inLanguage":"es"},{"@type":"Organization","@id":"https:\/\/www.rubengalarreta.com\/es\/#organization","name":"Ruben Galarreta","url":"https:\/\/www.rubengalarreta.com\/es\/","logo":{"@type":"ImageObject","inLanguage":"es","@id":"https:\/\/www.rubengalarreta.com\/es\/#\/schema\/logo\/image\/","url":"https:\/\/www.rubengalarreta.com\/wp-content\/uploads\/2019\/10\/rubengalarreta-menswear.jpg","contentUrl":"https:\/\/www.rubengalarreta.com\/wp-content\/uploads\/2019\/10\/rubengalarreta-menswear.jpg","width":1141,"height":146,"caption":"Ruben Galarreta"},"image":{"@id":"https:\/\/www.rubengalarreta.com\/es\/#\/schema\/logo\/image\/"}}]}},"_links":{"self":[{"href":"https:\/\/www.rubengalarreta.com\/es\/wp-json\/wp\/v2\/product\/69918","targetHints":{"allow":["GET"]}}],"collection":[{"href":"https:\/\/www.rubengalarreta.com\/es\/wp-json\/wp\/v2\/product"}],"about":[{"href":"https:\/\/www.rubengalarreta.com\/es\/wp-json\/wp\/v2\/types\/product"}],"replies":[{"embeddable":true,"href":"https:\/\/www.rubengalarreta.com\/es\/wp-json\/wp\/v2\/comments?post=69918"}],"wp:featuredmedia":[{"embeddable":true,"href":"https:\/\/www.rubengalarreta.com\/es\/wp-json\/wp\/v2\/media\/69789"}],"wp:attachment":[{"href":"https:\/\/www.rubengalarreta.com\/es\/wp-json\/wp\/v2\/media?parent=69918"}],"wp:term":[{"taxonomy":"product_brand","embeddable":true,"href":"https:\/\/www.rubengalarreta.com\/es\/wp-json\/wp\/v2\/product_brand?post=69918"},{"taxonomy":"product_cat","embeddable":true,"href":"https:\/\/www.rubengalarreta.com\/es\/wp-json\/wp\/v2\/product_cat?post=69918"},{"taxonomy":"product_tag","embeddable":true,"href":"https:\/\/www.rubengalarreta.com\/es\/wp-json\/wp\/v2\/product_tag?post=69918"}],"curies":[{"name":"wp","href":"https:\/\/api.w.org\/{rel}","templated":true}]}}