{"id":69902,"date":"2021-05-14T10:25:59","date_gmt":"2021-05-14T08:25:59","guid":{"rendered":"https:\/\/www.rubengalarreta.com\/?post_type=product&#038;p=69902"},"modified":"2021-11-16T13:48:18","modified_gmt":"2021-11-16T12:48:18","slug":"leggin-essentials","status":"publish","type":"product","link":"https:\/\/www.rubengalarreta.com\/es\/product\/man-es\/essentials-es\/leggin-essentials\/","title":{"rendered":"LEGGING ESSENTIALS"},"content":{"rendered":"<h2><strong>LEGGING ESSENTIALS<\/strong><\/h2>\n<table style=\"height: 183px; width: 100%; border-collapse: collapse; border-style: hidden;\">\n<tbody>\n<tr valign=\"TOP\">\n<td style=\"width: 49.8998%; border-style: hidden;\" width=\"293\" height=\"19\"><span style=\"color: #000000;\"><span style=\"font-family: trebuchet ms, serif;\"><b>DETALLE DE PRODUCTO:<br \/>\n<\/b><\/span><\/span><span style=\"color: #999999;\"><span style=\"font-family: trebuchet ms, serif;\">-100% algod\u00f3n con polyester el\u00e1stico en el lateral<\/span><\/span><\/td>\n<td style=\"width: 50.1002%; border-style: hidden;\" width=\"293\"><span style=\"color: #000000;\"><span style=\"font-family: trebuchet ms, serif;\"><b>TALLA:<br \/>\n<\/b><\/span><\/span><span style=\"color: #999999;\"><span style=\"font-family: trebuchet ms, serif;\">-Skinny Fit<\/span><\/span><\/td>\n<\/tr>\n<tr valign=\"TOP\">\n<td style=\"width: 49.8998%; border-style: hidden;\" width=\"293\" height=\"19\"><span style=\"color: #000000;\"><span style=\"font-family: trebuchet ms, serif;\"><b>CUIDADOS:<\/b><\/span><\/span><span style=\"color: #999999;\"><span style=\"font-family: trebuchet ms, serif;\">-Lavado a m\u00e1quina seg\u00fan las instrucciones de cuidado de la etiqueta y planchado a baja temperatura.<\/span><\/span><img loading=\"lazy\" decoding=\"async\" class=\"alignnone wp-image-66176 \" src=\"https:\/\/www.rubengalarreta.com\/wp-content\/uploads\/2021\/02\/tech-legging-379x400.jpg\" alt=\"\" width=\"144\" height=\"151\" srcset=\"https:\/\/www.rubengalarreta.com\/wp-content\/uploads\/2021\/02\/tech-legging-379x400.jpg 379w, https:\/\/www.rubengalarreta.com\/wp-content\/uploads\/2021\/02\/tech-legging-758x800.jpg 758w, https:\/\/www.rubengalarreta.com\/wp-content\/uploads\/2021\/02\/tech-legging-768x811.jpg 768w, https:\/\/www.rubengalarreta.com\/wp-content\/uploads\/2021\/02\/tech-legging-1455x1536.jpg 1455w, https:\/\/www.rubengalarreta.com\/wp-content\/uploads\/2021\/02\/tech-legging-247x261.jpg 247w, https:\/\/www.rubengalarreta.com\/wp-content\/uploads\/2021\/02\/tech-legging-510x538.jpg 510w, https:\/\/www.rubengalarreta.com\/wp-content\/uploads\/2021\/02\/tech-legging.jpg 1600w\" sizes=\"auto, (max-width: 144px) 100vw, 144px\" \/><\/td>\n<td style=\"width: 50.1002%; border-style: hidden;\" width=\"293\"><span style=\"color: #000000;\"><span style=\"font-family: trebuchet ms, serif;\"><b>MEDIDAS MODELO:<br \/>\n<\/b><\/span><\/span><span style=\"color: #999999;\"><span style=\"font-family: trebuchet ms, serif;\">-Altura: 180cm \/ 5.9&#8243;<br \/>\n-El modelo usa talla M<\/span><\/span><span style=\"color: #000000;\"><strong>GU\u00cdA DE MEDIDAS:<\/strong><\/span><\/p>\n<ul>\n<li><span style=\"color: #999999;\"><span style=\"font-family: trebuchet ms, serif;\"><span style=\"color: #000000;\">Small:<\/span> A 36cm B 88cm \/ 14.17&#8243; x 34.65&#8243;<\/span><\/span><\/li>\n<li><span style=\"color: #999999;\"><span style=\"font-family: trebuchet ms, serif;\"><span style=\"color: #000000;\">Medium:<\/span> A 38cm B 89cm \/ 14.96&#8243; x 35.04&#8243;<\/span><\/span><\/li>\n<\/ul>\n<\/td>\n<\/tr>\n<\/tbody>\n<\/table>\n<p><strong>DESCRIPCI\u00d3N<\/strong><\/p>\n<p><span style=\"color: #555555; font-size: 14.4px;\">Nuestros LEGGING ESSENTIALS pertenecen a la colecci\u00f3n Essentials. Son unos leggins el\u00e1sticos hasta los tobillos con laterales de polyester con el estampado de Galarreta dise\u00f1ados en Espa\u00f1a por Rub\u00e9n Galarreta. Se trata de una prenda que aporta gran comodidad gracias a su tejido el\u00e1stico y ligereza. Adem\u00e1s, gracias a su skinny fit\u00a0 favorece a cualquier tipo de cuerpo. Disponibles en las tallas small, medium y large.<\/span><\/p>\n<p><span style=\"font-weight: 400;\">Estos LEGGING ESSENTIALS tienen una longitud por encima del tobillo. Los detalles en encaje a ambos lados dejan ver sutilmente\u00a0 los laterales de las piernas. Estos pantalones de estilo leggins son muy vers\u00e1tiles y te permitir\u00e1n lucirlos con todo tipo de prendas ya sea\u00a0 para comodidad del d\u00eda a d\u00eda o para salir de fiesta y atreverte con un look m\u00e1s sutil y sexy.\u00a0<\/span><\/p>\n<p><span style=\"font-weight: 400;\">Los leggings se pueden combinar con camisetas basicas y sudaderas para conseguir un toque m\u00e1s sport, o incluso con camisas blancas oversize en una combinaci\u00f3n para ser la estrella de la fiesta.<\/span><\/p>\n<p>Para cuidar correctamente la prenda, recomendamos lavarlo a baja temperatura. No es necesario planchar, pero si lo prefieres puedes hacerlo tambi\u00e9n a baja temperatura.<\/p>\n<p>Como bien dice el nombre de esta colecci\u00f3n de moda para hombres ESSENTIALS, las prendas son ideales para el uso diario y casual. El color negro siempre se ha considerado como el color comod\u00edn, es decir, que combina con cualquier otro color, capaz de salvar todas esas situaciones en las que la indecisi\u00f3n a la hora de vestir nos puede. Adem\u00e1s, simboliza misterio, poder, control, independencia y fortaleza interna. Se puede comprar de manera online por nuestra p\u00e1gina web o en nuestras tiendas f\u00edsicas.<\/p>\n<h4><strong>CONSEJOS DE ESTILISMO<\/strong><\/h4>\n<div>\n<p>Si quieres un look urbano y c\u00f3modo, RUBEN GALARRETA te propone combinarlos con cualquier otra prenda de la colecci\u00f3n ESSENTIALS y tus sneakers favoritas. Tambi\u00e9n puedes usar otras camisetas de nuestra marca como nuestra <a href=\"https:\/\/www.rubengalarreta.com\/es\/product\/man-es\/90-club-kid-es\/camiseta-spicy-ponies\/\">CAMISETA SPICY PONIES.<\/a><\/p>\n<\/div>\n","protected":false},"excerpt":{"rendered":"<h1><strong>LEGGING ESSENTIALS<\/strong><\/h1>\n<p>Nuestro LEGGING ESSENTIALS pertenece a la colecci\u00f3n Essentials. Leggin de color negro, transparente por los lados con el logo de Galarreta dise\u00f1ado por nosotros en Espa\u00f1a.<\/p>\n","protected":false},"featured_media":69815,"comment_status":"closed","ping_status":"closed","template":"","meta":{"_monsterinsights_skip_tracking":false,"_monsterinsights_sitenote_active":false,"_monsterinsights_sitenote_note":"","_monsterinsights_sitenote_category":0},"product_brand":[],"product_cat":[5815,1921],"product_tag":[2169],"class_list":{"0":"post-69902","1":"product","2":"type-product","3":"status-publish","4":"has-post-thumbnail","6":"product_cat-essentials-es","7":"product_cat-man-es","8":"product_tag-pantalones-shorts","10":"first","11":"instock","12":"sale","13":"taxable","14":"shipping-taxable","15":"purchasable","16":"product-type-variable","17":"has-default-attributes"},"yoast_head":"<!-- This site is optimized with the Yoast SEO plugin v27.5 - https:\/\/yoast.com\/product\/yoast-seo-wordpress\/ -->\n<title>LEGGING ESSENTIALS para hombre - Ruben Galarreta<\/title>\n<meta name=\"description\" content=\"LEGGIN ESSENTIALS para hombre dise\u00f1ados en Espa\u00f1a. Se trata de unos leggin negros, transparentes en los lados con el logo de Galarreta.\" \/>\n<meta name=\"robots\" content=\"index, follow, max-snippet:-1, max-image-preview:large, max-video-preview:-1\" \/>\n<link rel=\"canonical\" href=\"https:\/\/www.rubengalarreta.com\/es\/product\/man-es\/essentials-es\/leggin-essentials\/\" \/>\n<meta property=\"og:locale\" content=\"es_ES\" \/>\n<meta property=\"og:type\" content=\"article\" \/>\n<meta property=\"og:title\" content=\"LEGGING ESSENTIALS para hombre - Ruben Galarreta\" \/>\n<meta property=\"og:description\" content=\"LEGGIN ESSENTIALS para hombre dise\u00f1ados en Espa\u00f1a. Se trata de unos leggin negros, transparentes en los lados con el logo de Galarreta.\" \/>\n<meta property=\"og:url\" content=\"https:\/\/www.rubengalarreta.com\/es\/product\/man-es\/essentials-es\/leggin-essentials\/\" \/>\n<meta property=\"og:site_name\" content=\"Ruben Galarreta\" \/>\n<meta property=\"article:modified_time\" content=\"2021-11-16T12:48:18+00:00\" \/>\n<meta property=\"og:image\" content=\"https:\/\/www.rubengalarreta.com\/wp-content\/uploads\/2021\/05\/ruben-galarreta-essentials-2021-black-galarreta-see-though-long-leggings-front-min.jpg\" \/>\n\t<meta property=\"og:image:width\" content=\"704\" \/>\n\t<meta property=\"og:image:height\" content=\"1000\" \/>\n\t<meta property=\"og:image:type\" content=\"image\/jpeg\" \/>\n<meta name=\"twitter:card\" content=\"summary_large_image\" \/>\n<meta name=\"twitter:label1\" content=\"Tiempo de lectura\" \/>\n\t<meta name=\"twitter:data1\" content=\"2 minutos\" \/>\n<script type=\"application\/ld+json\" class=\"yoast-schema-graph\">{\"@context\":\"https:\\\/\\\/schema.org\",\"@graph\":[{\"@type\":\"WebPage\",\"@id\":\"https:\\\/\\\/www.rubengalarreta.com\\\/es\\\/product\\\/man-es\\\/essentials-es\\\/leggin-essentials\\\/\",\"url\":\"https:\\\/\\\/www.rubengalarreta.com\\\/es\\\/product\\\/man-es\\\/essentials-es\\\/leggin-essentials\\\/\",\"name\":\"LEGGING ESSENTIALS para hombre - Ruben Galarreta\",\"isPartOf\":{\"@id\":\"https:\\\/\\\/www.rubengalarreta.com\\\/es\\\/#website\"},\"primaryImageOfPage\":{\"@id\":\"https:\\\/\\\/www.rubengalarreta.com\\\/es\\\/product\\\/man-es\\\/essentials-es\\\/leggin-essentials\\\/#primaryimage\"},\"image\":{\"@id\":\"https:\\\/\\\/www.rubengalarreta.com\\\/es\\\/product\\\/man-es\\\/essentials-es\\\/leggin-essentials\\\/#primaryimage\"},\"thumbnailUrl\":\"https:\\\/\\\/www.rubengalarreta.com\\\/wp-content\\\/uploads\\\/2021\\\/05\\\/ruben-galarreta-essentials-2021-black-galarreta-see-though-long-leggings-front-min.jpg\",\"datePublished\":\"2021-05-14T08:25:59+00:00\",\"dateModified\":\"2021-11-16T12:48:18+00:00\",\"description\":\"LEGGIN ESSENTIALS para hombre dise\u00f1ados en Espa\u00f1a. Se trata de unos leggin negros, transparentes en los lados con el logo de Galarreta.\",\"breadcrumb\":{\"@id\":\"https:\\\/\\\/www.rubengalarreta.com\\\/es\\\/product\\\/man-es\\\/essentials-es\\\/leggin-essentials\\\/#breadcrumb\"},\"inLanguage\":\"es\",\"potentialAction\":[{\"@type\":\"ReadAction\",\"target\":[\"https:\\\/\\\/www.rubengalarreta.com\\\/es\\\/product\\\/man-es\\\/essentials-es\\\/leggin-essentials\\\/\"]}]},{\"@type\":\"ImageObject\",\"inLanguage\":\"es\",\"@id\":\"https:\\\/\\\/www.rubengalarreta.com\\\/es\\\/product\\\/man-es\\\/essentials-es\\\/leggin-essentials\\\/#primaryimage\",\"url\":\"https:\\\/\\\/www.rubengalarreta.com\\\/wp-content\\\/uploads\\\/2021\\\/05\\\/ruben-galarreta-essentials-2021-black-galarreta-see-though-long-leggings-front-min.jpg\",\"contentUrl\":\"https:\\\/\\\/www.rubengalarreta.com\\\/wp-content\\\/uploads\\\/2021\\\/05\\\/ruben-galarreta-essentials-2021-black-galarreta-see-though-long-leggings-front-min.jpg\",\"width\":704,\"height\":1000,\"caption\":\"elastic long leggings\"},{\"@type\":\"BreadcrumbList\",\"@id\":\"https:\\\/\\\/www.rubengalarreta.com\\\/es\\\/product\\\/man-es\\\/essentials-es\\\/leggin-essentials\\\/#breadcrumb\",\"itemListElement\":[{\"@type\":\"ListItem\",\"position\":1,\"name\":\"Home\",\"item\":\"https:\\\/\\\/www.rubengalarreta.com\\\/es\\\/\"},{\"@type\":\"ListItem\",\"position\":2,\"name\":\"Tienda Online\",\"item\":\"https:\\\/\\\/www.rubengalarreta.com\\\/es\\\/tienda-2\\\/\"},{\"@type\":\"ListItem\",\"position\":3,\"name\":\"LEGGING ESSENTIALS\"}]},{\"@type\":\"WebSite\",\"@id\":\"https:\\\/\\\/www.rubengalarreta.com\\\/es\\\/#website\",\"url\":\"https:\\\/\\\/www.rubengalarreta.com\\\/es\\\/\",\"name\":\"Ruben Galarreta\",\"description\":\"Hot Couture | Online Store\",\"publisher\":{\"@id\":\"https:\\\/\\\/www.rubengalarreta.com\\\/es\\\/#organization\"},\"potentialAction\":[{\"@type\":\"SearchAction\",\"target\":{\"@type\":\"EntryPoint\",\"urlTemplate\":\"https:\\\/\\\/www.rubengalarreta.com\\\/es\\\/?s={search_term_string}\"},\"query-input\":{\"@type\":\"PropertyValueSpecification\",\"valueRequired\":true,\"valueName\":\"search_term_string\"}}],\"inLanguage\":\"es\"},{\"@type\":\"Organization\",\"@id\":\"https:\\\/\\\/www.rubengalarreta.com\\\/es\\\/#organization\",\"name\":\"Ruben Galarreta\",\"url\":\"https:\\\/\\\/www.rubengalarreta.com\\\/es\\\/\",\"logo\":{\"@type\":\"ImageObject\",\"inLanguage\":\"es\",\"@id\":\"https:\\\/\\\/www.rubengalarreta.com\\\/es\\\/#\\\/schema\\\/logo\\\/image\\\/\",\"url\":\"https:\\\/\\\/www.rubengalarreta.com\\\/wp-content\\\/uploads\\\/2019\\\/10\\\/rubengalarreta-menswear.jpg\",\"contentUrl\":\"https:\\\/\\\/www.rubengalarreta.com\\\/wp-content\\\/uploads\\\/2019\\\/10\\\/rubengalarreta-menswear.jpg\",\"width\":1141,\"height\":146,\"caption\":\"Ruben Galarreta\"},\"image\":{\"@id\":\"https:\\\/\\\/www.rubengalarreta.com\\\/es\\\/#\\\/schema\\\/logo\\\/image\\\/\"}}]}<\/script>\n<!-- \/ Yoast SEO plugin. -->","yoast_head_json":{"title":"LEGGING ESSENTIALS para hombre - Ruben Galarreta","description":"LEGGIN ESSENTIALS para hombre dise\u00f1ados en Espa\u00f1a. Se trata de unos leggin negros, transparentes en los lados con el logo de Galarreta.","robots":{"index":"index","follow":"follow","max-snippet":"max-snippet:-1","max-image-preview":"max-image-preview:large","max-video-preview":"max-video-preview:-1"},"canonical":"https:\/\/www.rubengalarreta.com\/es\/product\/man-es\/essentials-es\/leggin-essentials\/","og_locale":"es_ES","og_type":"article","og_title":"LEGGING ESSENTIALS para hombre - Ruben Galarreta","og_description":"LEGGIN ESSENTIALS para hombre dise\u00f1ados en Espa\u00f1a. Se trata de unos leggin negros, transparentes en los lados con el logo de Galarreta.","og_url":"https:\/\/www.rubengalarreta.com\/es\/product\/man-es\/essentials-es\/leggin-essentials\/","og_site_name":"Ruben Galarreta","article_modified_time":"2021-11-16T12:48:18+00:00","og_image":[{"width":704,"height":1000,"url":"https:\/\/www.rubengalarreta.com\/wp-content\/uploads\/2021\/05\/ruben-galarreta-essentials-2021-black-galarreta-see-though-long-leggings-front-min.jpg","type":"image\/jpeg"}],"twitter_card":"summary_large_image","twitter_misc":{"Tiempo de lectura":"2 minutos"},"schema":{"@context":"https:\/\/schema.org","@graph":[{"@type":"WebPage","@id":"https:\/\/www.rubengalarreta.com\/es\/product\/man-es\/essentials-es\/leggin-essentials\/","url":"https:\/\/www.rubengalarreta.com\/es\/product\/man-es\/essentials-es\/leggin-essentials\/","name":"LEGGING ESSENTIALS para hombre - Ruben Galarreta","isPartOf":{"@id":"https:\/\/www.rubengalarreta.com\/es\/#website"},"primaryImageOfPage":{"@id":"https:\/\/www.rubengalarreta.com\/es\/product\/man-es\/essentials-es\/leggin-essentials\/#primaryimage"},"image":{"@id":"https:\/\/www.rubengalarreta.com\/es\/product\/man-es\/essentials-es\/leggin-essentials\/#primaryimage"},"thumbnailUrl":"https:\/\/www.rubengalarreta.com\/wp-content\/uploads\/2021\/05\/ruben-galarreta-essentials-2021-black-galarreta-see-though-long-leggings-front-min.jpg","datePublished":"2021-05-14T08:25:59+00:00","dateModified":"2021-11-16T12:48:18+00:00","description":"LEGGIN ESSENTIALS para hombre dise\u00f1ados en Espa\u00f1a. Se trata de unos leggin negros, transparentes en los lados con el logo de Galarreta.","breadcrumb":{"@id":"https:\/\/www.rubengalarreta.com\/es\/product\/man-es\/essentials-es\/leggin-essentials\/#breadcrumb"},"inLanguage":"es","potentialAction":[{"@type":"ReadAction","target":["https:\/\/www.rubengalarreta.com\/es\/product\/man-es\/essentials-es\/leggin-essentials\/"]}]},{"@type":"ImageObject","inLanguage":"es","@id":"https:\/\/www.rubengalarreta.com\/es\/product\/man-es\/essentials-es\/leggin-essentials\/#primaryimage","url":"https:\/\/www.rubengalarreta.com\/wp-content\/uploads\/2021\/05\/ruben-galarreta-essentials-2021-black-galarreta-see-though-long-leggings-front-min.jpg","contentUrl":"https:\/\/www.rubengalarreta.com\/wp-content\/uploads\/2021\/05\/ruben-galarreta-essentials-2021-black-galarreta-see-though-long-leggings-front-min.jpg","width":704,"height":1000,"caption":"elastic long leggings"},{"@type":"BreadcrumbList","@id":"https:\/\/www.rubengalarreta.com\/es\/product\/man-es\/essentials-es\/leggin-essentials\/#breadcrumb","itemListElement":[{"@type":"ListItem","position":1,"name":"Home","item":"https:\/\/www.rubengalarreta.com\/es\/"},{"@type":"ListItem","position":2,"name":"Tienda Online","item":"https:\/\/www.rubengalarreta.com\/es\/tienda-2\/"},{"@type":"ListItem","position":3,"name":"LEGGING ESSENTIALS"}]},{"@type":"WebSite","@id":"https:\/\/www.rubengalarreta.com\/es\/#website","url":"https:\/\/www.rubengalarreta.com\/es\/","name":"Ruben Galarreta","description":"Hot Couture | Online Store","publisher":{"@id":"https:\/\/www.rubengalarreta.com\/es\/#organization"},"potentialAction":[{"@type":"SearchAction","target":{"@type":"EntryPoint","urlTemplate":"https:\/\/www.rubengalarreta.com\/es\/?s={search_term_string}"},"query-input":{"@type":"PropertyValueSpecification","valueRequired":true,"valueName":"search_term_string"}}],"inLanguage":"es"},{"@type":"Organization","@id":"https:\/\/www.rubengalarreta.com\/es\/#organization","name":"Ruben Galarreta","url":"https:\/\/www.rubengalarreta.com\/es\/","logo":{"@type":"ImageObject","inLanguage":"es","@id":"https:\/\/www.rubengalarreta.com\/es\/#\/schema\/logo\/image\/","url":"https:\/\/www.rubengalarreta.com\/wp-content\/uploads\/2019\/10\/rubengalarreta-menswear.jpg","contentUrl":"https:\/\/www.rubengalarreta.com\/wp-content\/uploads\/2019\/10\/rubengalarreta-menswear.jpg","width":1141,"height":146,"caption":"Ruben Galarreta"},"image":{"@id":"https:\/\/www.rubengalarreta.com\/es\/#\/schema\/logo\/image\/"}}]}},"_links":{"self":[{"href":"https:\/\/www.rubengalarreta.com\/es\/wp-json\/wp\/v2\/product\/69902","targetHints":{"allow":["GET"]}}],"collection":[{"href":"https:\/\/www.rubengalarreta.com\/es\/wp-json\/wp\/v2\/product"}],"about":[{"href":"https:\/\/www.rubengalarreta.com\/es\/wp-json\/wp\/v2\/types\/product"}],"replies":[{"embeddable":true,"href":"https:\/\/www.rubengalarreta.com\/es\/wp-json\/wp\/v2\/comments?post=69902"}],"wp:featuredmedia":[{"embeddable":true,"href":"https:\/\/www.rubengalarreta.com\/es\/wp-json\/wp\/v2\/media\/69815"}],"wp:attachment":[{"href":"https:\/\/www.rubengalarreta.com\/es\/wp-json\/wp\/v2\/media?parent=69902"}],"wp:term":[{"taxonomy":"product_brand","embeddable":true,"href":"https:\/\/www.rubengalarreta.com\/es\/wp-json\/wp\/v2\/product_brand?post=69902"},{"taxonomy":"product_cat","embeddable":true,"href":"https:\/\/www.rubengalarreta.com\/es\/wp-json\/wp\/v2\/product_cat?post=69902"},{"taxonomy":"product_tag","embeddable":true,"href":"https:\/\/www.rubengalarreta.com\/es\/wp-json\/wp\/v2\/product_tag?post=69902"}],"curies":[{"name":"wp","href":"https:\/\/api.w.org\/{rel}","templated":true}]}}