{"id":69895,"date":"2021-05-14T10:25:34","date_gmt":"2021-05-14T08:25:34","guid":{"rendered":"https:\/\/www.rubengalarreta.com\/?post_type=product&#038;p=69895"},"modified":"2021-10-20T12:20:23","modified_gmt":"2021-10-20T10:20:23","slug":"super-cropped-sweatshirt-essentials","status":"publish","type":"product","link":"https:\/\/www.rubengalarreta.com\/es\/product\/man-es\/essentials-es\/super-cropped-sweatshirt-essentials\/","title":{"rendered":"SUPER CROPPED SWEATSHIRT ESSENTIALS"},"content":{"rendered":"<h2><strong>SUPER CROPPED SWEATSHIRT ESSENTIALS<\/strong><\/h2>\n<table style=\"height: 183px; width: 100%; border-collapse: collapse; border-style: hidden;\">\n<tbody>\n<tr valign=\"TOP\">\n<td style=\"width: 49.8998%; border-style: hidden;\" width=\"293\" height=\"19\"><span style=\"color: #000000;\"><span style=\"font-family: trebuchet ms, serif;\"><b>DETALLES DE PRODUCTO:<br \/>\n<\/b><\/span><\/span><span style=\"color: #999999;\"><span style=\"font-family: trebuchet ms, serif;\">-Tela de rejilla con el logo de Galarreta<br \/>\n<\/span><\/span><\/td>\n<td style=\"width: 50.1002%; border-style: hidden;\" width=\"293\"><span style=\"color: #000000;\"><span style=\"font-family: trebuchet ms, serif;\"><b>TALLA:<br \/>\n<\/b><\/span><\/span><span style=\"color: #999999;\"><span style=\"font-family: trebuchet ms, serif;\">-Relaxed Fit<\/span><\/span><\/td>\n<\/tr>\n<tr valign=\"TOP\">\n<td style=\"width: 49.8998%; border-style: hidden;\" width=\"293\" height=\"19\"><span style=\"color: #000000;\"><span style=\"font-family: trebuchet ms, serif;\"><b>CUIDADOS:<br \/>\n<\/b><\/span><\/span><span style=\"color: #999999;\"><span style=\"font-family: trebuchet ms, serif;\">-F\u00e1cil planchado y lavado a m\u00e1quina seg\u00fan las instrucciones de cuidado de la etiqueta<\/span><\/span><\/td>\n<td style=\"width: 50.1002%; border-style: hidden;\" width=\"293\"><span style=\"color: #000000;\"><span style=\"font-family: trebuchet ms, serif;\"><b>MEDIDAS MODELO:<br \/>\n<\/b><\/span><\/span><span style=\"color: #999999;\"><span style=\"font-family: trebuchet ms, serif;\">-Altura de modelo: 185cm\u00a0 5&#8242;.9\u00bb<br \/>\n-El modelo usa talla M<\/span><\/span><\/td>\n<\/tr>\n<\/tbody>\n<\/table>\n<table style=\"height: 31px; width: 100%; border-collapse: collapse; border-style: hidden;\">\n<tbody>\n<tr valign=\"TOP\">\n<td style=\"width: 49.8998%; border-style: hidden;\" width=\"293\" height=\"19\"><img loading=\"lazy\" decoding=\"async\" class=\"alignnone wp-image-69841 \" src=\"https:\/\/www.rubengalarreta.com\/wp-content\/uploads\/2021\/05\/tech-cropped-sweatshirt-379x400.jpg\" alt=\"\" width=\"155\" height=\"162\" \/><\/td>\n<td style=\"width: 50.1002%; border-style: hidden;\" width=\"293\"><span style=\"color: #000000;\"><span style=\"font-family: trebuchet ms, serif;\"><b>GU\u00cdA DE MEDIDAS:<br \/>\n<\/b><\/span><\/span><\/p>\n<ul>\n<li><span style=\"color: #999999;\"><span style=\"font-family: trebuchet ms, serif;\"><span style=\"color: #000000;\">Small:<\/span> A 48cm B 14cm \/ 18.9&#8243; x\u00a0 5.51&#8243;<\/span><\/span><\/li>\n<li><span style=\"color: #999999;\"><span style=\"font-family: trebuchet ms, serif;\"><span style=\"color: #000000;\">Medium:<\/span> A 50cm B 15cm \/ 19.69&#8243; x 5.9&#8243;<\/span><\/span><\/li>\n<li><span style=\"color: #999999;\"><span style=\"font-family: trebuchet ms, serif;\"><span style=\"color: #000000;\">Large:<\/span> A 52cm B 16cm \/ 20.47&#8243; x 6.29&#8243;<\/span><\/span><\/li>\n<\/ul>\n<\/td>\n<\/tr>\n<\/tbody>\n<\/table>\n<h4><strong>DESCRIPCI\u00d3N<\/strong><\/h4>\n<h4>El SUPER CROPPED SWEATSHIRT ESSENTIALS dise\u00f1ado en Espa\u00f1a por Rub\u00e9n Galarreta, est\u00e1 fabricado con tela de rejilla con el ic\u00f3nico estampado blanco de Galarreta. Este SUPER CROPPED SWATSHIRT ESSENTIALS para hombre es negro, de cuello redondeado, con cordones ajustables y de manga larga. Este cropped sweatshirt permite una gran versatilidad a la hora de vestir, ya que te permite combinarlo con casi cualquier otra prenda. Lo m\u00e1s destacable del SUPER CROPPED SWEATSHIRT ESSENTIALS es su dise\u00f1o peculiar y original, es negro y tiene el logo de Galarreta estampado de manera repetida en diagonal, creando un efecto hipnotizante.<\/h4>\n<h4>Por otro lado, el relaxed fit del CSUPER CROPPED SWEATSHIRT ESSENTIALS viene en tres tama\u00f1os: small, medium &amp; large. Adem\u00e1s, ofrece una comodidad destacable, caracter\u00edstica que hace que sea ideal para cualquier tipo de ocasi\u00f3n. Comodidad y estilo en un mismo producto.<\/h4>\n<p>Como bien dice el nombre de esta colecci\u00f3n de moda para hombres ESSENTIALS, las prendas son ideales para el uso diario y casual. El color negro siempre se ha considerado como el color comod\u00edn, es decir, que combina con cualquier otro color, capaz de salvar todas esas situaciones en las que la indecisi\u00f3n a la hora de vestir nos puede. Adem\u00e1s, simboliza misterio, poder, control, independencia y fortaleza interna. Se puede comprar de manera online por nuestra p\u00e1gina web o en nuestras tiendas f\u00edsicas.<\/p>\n<h4><strong>CONSEJOS DE ESTILISMO<\/strong><\/h4>\n<div>\n<p>Si quieres un look urbano y c\u00f3modo, RUBEN GALARRETA te sugiere que lo lleves con nuestros LEGGIN ESSENTIALS y tus deportivas favortitas.<\/p>\n<p>Tambi\u00e9n puedes llevarlo con la CAMISETA DE TIRANTES EL\u00c1STICA ESSENTIALS, de la misma colecci\u00f3n, por debajo del sweatshirt. No te olvides de nuestro <a href=\"https:\/\/www.rubengalarreta.com\/es\/product\/man-es\/accesorios-hombre-galarreta\/tote-negro-essentials\/\">TOTE NEGRO ESSENTIALS<\/a> para completar tu look.<\/p>\n<\/div>\n","protected":false},"excerpt":{"rendered":"<h1><strong>SUPER CROPPED SWEATSHIRT ESSENTIALS<\/strong><\/h1>\n<p>Nuestro SUPER CROPPED SWEATSHIRT ESSENTIALS pertenece a la colecci\u00f3n Essentials. Un sweatshirt negro fabricado con tela de rejilla con el logo de Galarreta dise\u00f1ado por nosotros en Espa\u00f1a.<\/p>\n","protected":false},"featured_media":69763,"comment_status":"closed","ping_status":"closed","template":"","meta":{"_monsterinsights_skip_tracking":false,"_monsterinsights_sitenote_active":false,"_monsterinsights_sitenote_note":"","_monsterinsights_sitenote_category":0},"product_brand":[],"product_cat":[5815,1921],"product_tag":[2171],"class_list":{"0":"post-69895","1":"product","2":"type-product","3":"status-publish","4":"has-post-thumbnail","6":"product_cat-essentials-es","7":"product_cat-man-es","8":"product_tag-camisetas-y-tops","10":"first","11":"instock","12":"sale","13":"taxable","14":"shipping-taxable","15":"purchasable","16":"product-type-variable","17":"has-default-attributes"},"yoast_head":"<!-- This site is optimized with the Yoast SEO plugin v27.3 - https:\/\/yoast.com\/product\/yoast-seo-wordpress\/ -->\n<title>SUPER CROPPED SWEATSHIRT ESSENTIALS - Rub\u00e9n Galarreta<\/title>\n<meta name=\"description\" content=\"Nuestro SUPER CROPPED SWEATSHIRT ESSENTIALS pertenece a la colecci\u00f3n Essentials. De color negro, de rejilla con el logo de Galarreta.\" \/>\n<meta name=\"robots\" content=\"index, follow, max-snippet:-1, max-image-preview:large, max-video-preview:-1\" \/>\n<link rel=\"canonical\" href=\"https:\/\/www.rubengalarreta.com\/es\/product\/man-es\/essentials-es\/super-cropped-sweatshirt-essentials\/\" \/>\n<meta property=\"og:locale\" content=\"es_ES\" \/>\n<meta property=\"og:type\" content=\"article\" \/>\n<meta property=\"og:title\" content=\"SUPER CROPPED SWEATSHIRT ESSENTIALS - Rub\u00e9n Galarreta\" \/>\n<meta property=\"og:description\" content=\"Nuestro SUPER CROPPED SWEATSHIRT ESSENTIALS pertenece a la colecci\u00f3n Essentials. De color negro, de rejilla con el logo de Galarreta.\" \/>\n<meta property=\"og:url\" content=\"https:\/\/www.rubengalarreta.com\/es\/product\/man-es\/essentials-es\/super-cropped-sweatshirt-essentials\/\" \/>\n<meta property=\"og:site_name\" content=\"Ruben Galarreta\" \/>\n<meta property=\"article:modified_time\" content=\"2021-10-20T10:20:23+00:00\" \/>\n<meta property=\"og:image\" content=\"https:\/\/www.rubengalarreta.com\/wp-content\/uploads\/2021\/05\/ruben-galarreta-essentials-2021-black-galarreta-mesh-supercropped-front-min.jpg\" \/>\n\t<meta property=\"og:image:width\" content=\"704\" \/>\n\t<meta property=\"og:image:height\" content=\"1000\" \/>\n\t<meta property=\"og:image:type\" content=\"image\/jpeg\" \/>\n<meta name=\"twitter:card\" content=\"summary_large_image\" \/>\n<meta name=\"twitter:label1\" content=\"Tiempo de lectura\" \/>\n\t<meta name=\"twitter:data1\" content=\"2 minutos\" \/>\n<script type=\"application\/ld+json\" class=\"yoast-schema-graph\">{\"@context\":\"https:\\\/\\\/schema.org\",\"@graph\":[{\"@type\":\"WebPage\",\"@id\":\"https:\\\/\\\/www.rubengalarreta.com\\\/es\\\/product\\\/man-es\\\/essentials-es\\\/super-cropped-sweatshirt-essentials\\\/\",\"url\":\"https:\\\/\\\/www.rubengalarreta.com\\\/es\\\/product\\\/man-es\\\/essentials-es\\\/super-cropped-sweatshirt-essentials\\\/\",\"name\":\"SUPER CROPPED SWEATSHIRT ESSENTIALS - Rub\u00e9n Galarreta\",\"isPartOf\":{\"@id\":\"https:\\\/\\\/www.rubengalarreta.com\\\/es\\\/#website\"},\"primaryImageOfPage\":{\"@id\":\"https:\\\/\\\/www.rubengalarreta.com\\\/es\\\/product\\\/man-es\\\/essentials-es\\\/super-cropped-sweatshirt-essentials\\\/#primaryimage\"},\"image\":{\"@id\":\"https:\\\/\\\/www.rubengalarreta.com\\\/es\\\/product\\\/man-es\\\/essentials-es\\\/super-cropped-sweatshirt-essentials\\\/#primaryimage\"},\"thumbnailUrl\":\"https:\\\/\\\/www.rubengalarreta.com\\\/wp-content\\\/uploads\\\/2021\\\/05\\\/ruben-galarreta-essentials-2021-black-galarreta-mesh-supercropped-front-min.jpg\",\"datePublished\":\"2021-05-14T08:25:34+00:00\",\"dateModified\":\"2021-10-20T10:20:23+00:00\",\"description\":\"Nuestro SUPER CROPPED SWEATSHIRT ESSENTIALS pertenece a la colecci\u00f3n Essentials. De color negro, de rejilla con el logo de Galarreta.\",\"breadcrumb\":{\"@id\":\"https:\\\/\\\/www.rubengalarreta.com\\\/es\\\/product\\\/man-es\\\/essentials-es\\\/super-cropped-sweatshirt-essentials\\\/#breadcrumb\"},\"inLanguage\":\"es\",\"potentialAction\":[{\"@type\":\"ReadAction\",\"target\":[\"https:\\\/\\\/www.rubengalarreta.com\\\/es\\\/product\\\/man-es\\\/essentials-es\\\/super-cropped-sweatshirt-essentials\\\/\"]}]},{\"@type\":\"ImageObject\",\"inLanguage\":\"es\",\"@id\":\"https:\\\/\\\/www.rubengalarreta.com\\\/es\\\/product\\\/man-es\\\/essentials-es\\\/super-cropped-sweatshirt-essentials\\\/#primaryimage\",\"url\":\"https:\\\/\\\/www.rubengalarreta.com\\\/wp-content\\\/uploads\\\/2021\\\/05\\\/ruben-galarreta-essentials-2021-black-galarreta-mesh-supercropped-front-min.jpg\",\"contentUrl\":\"https:\\\/\\\/www.rubengalarreta.com\\\/wp-content\\\/uploads\\\/2021\\\/05\\\/ruben-galarreta-essentials-2021-black-galarreta-mesh-supercropped-front-min.jpg\",\"width\":704,\"height\":1000,\"caption\":\"sexy crop sweatshirt\"},{\"@type\":\"BreadcrumbList\",\"@id\":\"https:\\\/\\\/www.rubengalarreta.com\\\/es\\\/product\\\/man-es\\\/essentials-es\\\/super-cropped-sweatshirt-essentials\\\/#breadcrumb\",\"itemListElement\":[{\"@type\":\"ListItem\",\"position\":1,\"name\":\"Home\",\"item\":\"https:\\\/\\\/www.rubengalarreta.com\\\/es\\\/\"},{\"@type\":\"ListItem\",\"position\":2,\"name\":\"Tienda Online\",\"item\":\"https:\\\/\\\/www.rubengalarreta.com\\\/es\\\/tienda-2\\\/\"},{\"@type\":\"ListItem\",\"position\":3,\"name\":\"SUPER CROPPED SWEATSHIRT ESSENTIALS\"}]},{\"@type\":\"WebSite\",\"@id\":\"https:\\\/\\\/www.rubengalarreta.com\\\/es\\\/#website\",\"url\":\"https:\\\/\\\/www.rubengalarreta.com\\\/es\\\/\",\"name\":\"Ruben Galarreta\",\"description\":\"Hot Couture | Online Store\",\"publisher\":{\"@id\":\"https:\\\/\\\/www.rubengalarreta.com\\\/es\\\/#organization\"},\"potentialAction\":[{\"@type\":\"SearchAction\",\"target\":{\"@type\":\"EntryPoint\",\"urlTemplate\":\"https:\\\/\\\/www.rubengalarreta.com\\\/es\\\/?s={search_term_string}\"},\"query-input\":{\"@type\":\"PropertyValueSpecification\",\"valueRequired\":true,\"valueName\":\"search_term_string\"}}],\"inLanguage\":\"es\"},{\"@type\":\"Organization\",\"@id\":\"https:\\\/\\\/www.rubengalarreta.com\\\/es\\\/#organization\",\"name\":\"Ruben Galarreta\",\"url\":\"https:\\\/\\\/www.rubengalarreta.com\\\/es\\\/\",\"logo\":{\"@type\":\"ImageObject\",\"inLanguage\":\"es\",\"@id\":\"https:\\\/\\\/www.rubengalarreta.com\\\/es\\\/#\\\/schema\\\/logo\\\/image\\\/\",\"url\":\"https:\\\/\\\/www.rubengalarreta.com\\\/wp-content\\\/uploads\\\/2019\\\/10\\\/rubengalarreta-menswear.jpg\",\"contentUrl\":\"https:\\\/\\\/www.rubengalarreta.com\\\/wp-content\\\/uploads\\\/2019\\\/10\\\/rubengalarreta-menswear.jpg\",\"width\":1141,\"height\":146,\"caption\":\"Ruben Galarreta\"},\"image\":{\"@id\":\"https:\\\/\\\/www.rubengalarreta.com\\\/es\\\/#\\\/schema\\\/logo\\\/image\\\/\"}}]}<\/script>\n<!-- \/ Yoast SEO plugin. -->","yoast_head_json":{"title":"SUPER CROPPED SWEATSHIRT ESSENTIALS - Rub\u00e9n Galarreta","description":"Nuestro SUPER CROPPED SWEATSHIRT ESSENTIALS pertenece a la colecci\u00f3n Essentials. De color negro, de rejilla con el logo de Galarreta.","robots":{"index":"index","follow":"follow","max-snippet":"max-snippet:-1","max-image-preview":"max-image-preview:large","max-video-preview":"max-video-preview:-1"},"canonical":"https:\/\/www.rubengalarreta.com\/es\/product\/man-es\/essentials-es\/super-cropped-sweatshirt-essentials\/","og_locale":"es_ES","og_type":"article","og_title":"SUPER CROPPED SWEATSHIRT ESSENTIALS - Rub\u00e9n Galarreta","og_description":"Nuestro SUPER CROPPED SWEATSHIRT ESSENTIALS pertenece a la colecci\u00f3n Essentials. De color negro, de rejilla con el logo de Galarreta.","og_url":"https:\/\/www.rubengalarreta.com\/es\/product\/man-es\/essentials-es\/super-cropped-sweatshirt-essentials\/","og_site_name":"Ruben Galarreta","article_modified_time":"2021-10-20T10:20:23+00:00","og_image":[{"width":704,"height":1000,"url":"https:\/\/www.rubengalarreta.com\/wp-content\/uploads\/2021\/05\/ruben-galarreta-essentials-2021-black-galarreta-mesh-supercropped-front-min.jpg","type":"image\/jpeg"}],"twitter_card":"summary_large_image","twitter_misc":{"Tiempo de lectura":"2 minutos"},"schema":{"@context":"https:\/\/schema.org","@graph":[{"@type":"WebPage","@id":"https:\/\/www.rubengalarreta.com\/es\/product\/man-es\/essentials-es\/super-cropped-sweatshirt-essentials\/","url":"https:\/\/www.rubengalarreta.com\/es\/product\/man-es\/essentials-es\/super-cropped-sweatshirt-essentials\/","name":"SUPER CROPPED SWEATSHIRT ESSENTIALS - Rub\u00e9n Galarreta","isPartOf":{"@id":"https:\/\/www.rubengalarreta.com\/es\/#website"},"primaryImageOfPage":{"@id":"https:\/\/www.rubengalarreta.com\/es\/product\/man-es\/essentials-es\/super-cropped-sweatshirt-essentials\/#primaryimage"},"image":{"@id":"https:\/\/www.rubengalarreta.com\/es\/product\/man-es\/essentials-es\/super-cropped-sweatshirt-essentials\/#primaryimage"},"thumbnailUrl":"https:\/\/www.rubengalarreta.com\/wp-content\/uploads\/2021\/05\/ruben-galarreta-essentials-2021-black-galarreta-mesh-supercropped-front-min.jpg","datePublished":"2021-05-14T08:25:34+00:00","dateModified":"2021-10-20T10:20:23+00:00","description":"Nuestro SUPER CROPPED SWEATSHIRT ESSENTIALS pertenece a la colecci\u00f3n Essentials. De color negro, de rejilla con el logo de Galarreta.","breadcrumb":{"@id":"https:\/\/www.rubengalarreta.com\/es\/product\/man-es\/essentials-es\/super-cropped-sweatshirt-essentials\/#breadcrumb"},"inLanguage":"es","potentialAction":[{"@type":"ReadAction","target":["https:\/\/www.rubengalarreta.com\/es\/product\/man-es\/essentials-es\/super-cropped-sweatshirt-essentials\/"]}]},{"@type":"ImageObject","inLanguage":"es","@id":"https:\/\/www.rubengalarreta.com\/es\/product\/man-es\/essentials-es\/super-cropped-sweatshirt-essentials\/#primaryimage","url":"https:\/\/www.rubengalarreta.com\/wp-content\/uploads\/2021\/05\/ruben-galarreta-essentials-2021-black-galarreta-mesh-supercropped-front-min.jpg","contentUrl":"https:\/\/www.rubengalarreta.com\/wp-content\/uploads\/2021\/05\/ruben-galarreta-essentials-2021-black-galarreta-mesh-supercropped-front-min.jpg","width":704,"height":1000,"caption":"sexy crop sweatshirt"},{"@type":"BreadcrumbList","@id":"https:\/\/www.rubengalarreta.com\/es\/product\/man-es\/essentials-es\/super-cropped-sweatshirt-essentials\/#breadcrumb","itemListElement":[{"@type":"ListItem","position":1,"name":"Home","item":"https:\/\/www.rubengalarreta.com\/es\/"},{"@type":"ListItem","position":2,"name":"Tienda Online","item":"https:\/\/www.rubengalarreta.com\/es\/tienda-2\/"},{"@type":"ListItem","position":3,"name":"SUPER CROPPED SWEATSHIRT ESSENTIALS"}]},{"@type":"WebSite","@id":"https:\/\/www.rubengalarreta.com\/es\/#website","url":"https:\/\/www.rubengalarreta.com\/es\/","name":"Ruben Galarreta","description":"Hot Couture | Online Store","publisher":{"@id":"https:\/\/www.rubengalarreta.com\/es\/#organization"},"potentialAction":[{"@type":"SearchAction","target":{"@type":"EntryPoint","urlTemplate":"https:\/\/www.rubengalarreta.com\/es\/?s={search_term_string}"},"query-input":{"@type":"PropertyValueSpecification","valueRequired":true,"valueName":"search_term_string"}}],"inLanguage":"es"},{"@type":"Organization","@id":"https:\/\/www.rubengalarreta.com\/es\/#organization","name":"Ruben Galarreta","url":"https:\/\/www.rubengalarreta.com\/es\/","logo":{"@type":"ImageObject","inLanguage":"es","@id":"https:\/\/www.rubengalarreta.com\/es\/#\/schema\/logo\/image\/","url":"https:\/\/www.rubengalarreta.com\/wp-content\/uploads\/2019\/10\/rubengalarreta-menswear.jpg","contentUrl":"https:\/\/www.rubengalarreta.com\/wp-content\/uploads\/2019\/10\/rubengalarreta-menswear.jpg","width":1141,"height":146,"caption":"Ruben Galarreta"},"image":{"@id":"https:\/\/www.rubengalarreta.com\/es\/#\/schema\/logo\/image\/"}}]}},"_links":{"self":[{"href":"https:\/\/www.rubengalarreta.com\/es\/wp-json\/wp\/v2\/product\/69895","targetHints":{"allow":["GET"]}}],"collection":[{"href":"https:\/\/www.rubengalarreta.com\/es\/wp-json\/wp\/v2\/product"}],"about":[{"href":"https:\/\/www.rubengalarreta.com\/es\/wp-json\/wp\/v2\/types\/product"}],"replies":[{"embeddable":true,"href":"https:\/\/www.rubengalarreta.com\/es\/wp-json\/wp\/v2\/comments?post=69895"}],"wp:featuredmedia":[{"embeddable":true,"href":"https:\/\/www.rubengalarreta.com\/es\/wp-json\/wp\/v2\/media\/69763"}],"wp:attachment":[{"href":"https:\/\/www.rubengalarreta.com\/es\/wp-json\/wp\/v2\/media?parent=69895"}],"wp:term":[{"taxonomy":"product_brand","embeddable":true,"href":"https:\/\/www.rubengalarreta.com\/es\/wp-json\/wp\/v2\/product_brand?post=69895"},{"taxonomy":"product_cat","embeddable":true,"href":"https:\/\/www.rubengalarreta.com\/es\/wp-json\/wp\/v2\/product_cat?post=69895"},{"taxonomy":"product_tag","embeddable":true,"href":"https:\/\/www.rubengalarreta.com\/es\/wp-json\/wp\/v2\/product_tag?post=69895"}],"curies":[{"name":"wp","href":"https:\/\/api.w.org\/{rel}","templated":true}]}}