{"id":68797,"date":"2021-04-21T11:46:32","date_gmt":"2021-04-21T09:46:32","guid":{"rendered":"https:\/\/www.rubengalarreta.com\/?post_type=product&#038;p=68797"},"modified":"2021-10-19T16:00:19","modified_gmt":"2021-10-19T14:00:19","slug":"camiseta-fitness-morada","status":"publish","type":"product","link":"https:\/\/www.rubengalarreta.com\/es\/product\/man-es\/gym-es\/camiseta-fitness-morada\/","title":{"rendered":"CAMISETA FITNESS MORADA"},"content":{"rendered":"<h2><strong>CAMISETA FITNESS MORADA<\/strong><\/h2>\n<table style=\"height: 183px; width: 100%; border-collapse: collapse; border-style: hidden;\">\n<tbody>\n<tr valign=\"TOP\">\n<td style=\"width: 49.8998%; border-style: hidden;\" width=\"293\" height=\"19\"><span style=\"color: #000000;\"><span style=\"font-family: trebuchet ms, serif;\"><b>DETALLES DE PRODUCTO:<br \/>\n<\/b><\/span><\/span><span style=\"color: #999999;\"><span style=\"font-family: trebuchet ms, serif;\">-100% poli\u00e9ster microperforado<br \/>\n-Camiseta de manga corta morada, con etiqueta de silicona<br \/>\n<\/span><\/span><\/td>\n<td style=\"width: 50.1002%; border-style: hidden;\" width=\"293\"><span style=\"color: #000000;\"><span style=\"font-family: trebuchet ms, serif;\"><b>TALLA:<br \/>\n<\/b><\/span><\/span><span style=\"color: #999999;\"><span style=\"font-family: trebuchet ms, serif;\">-Smart Fit<\/span><\/span><\/td>\n<\/tr>\n<tr valign=\"TOP\">\n<td style=\"width: 49.8998%; border-style: hidden;\" width=\"293\" height=\"19\"><span style=\"color: #000000;\"><span style=\"font-family: trebuchet ms, serif;\"><b>CUIDADOS:<br \/>\n<\/b><\/span><\/span><span style=\"color: #999999;\"><span style=\"font-family: trebuchet ms, serif;\">-F\u00e1cil planchado y lavado a m\u00e1quina seg\u00fan las instrucciones de cuidado de la etiqueta<\/span><\/span><\/td>\n<td style=\"width: 50.1002%; border-style: hidden;\" width=\"293\"><span style=\"color: #000000;\"><span style=\"font-family: trebuchet ms, serif;\"><b>MEDIDAS MODELO:<br \/>\n<\/b><\/span><\/span><span style=\"color: #999999;\"><span style=\"font-family: trebuchet ms, serif;\">-Altura de modelo: 185cm\u00a0 5&#8242;.9\u00bb<br \/>\n-El modelo usa talla M<\/span><\/span><\/td>\n<\/tr>\n<\/tbody>\n<\/table>\n<table style=\"height: 31px; width: 100%; border-collapse: collapse; border-style: hidden;\">\n<tbody>\n<tr valign=\"TOP\">\n<td style=\"width: 49.8998%; border-style: hidden;\" width=\"293\" height=\"19\"><img loading=\"lazy\" decoding=\"async\" class=\"alignnone wp-image-65282 \" src=\"https:\/\/www.rubengalarreta.com\/wp-content\/uploads\/2020\/09\/tallas.jpg\" alt=\"\" width=\"147\" height=\"138\" srcset=\"https:\/\/www.rubengalarreta.com\/wp-content\/uploads\/2020\/09\/tallas.jpg 387w, https:\/\/www.rubengalarreta.com\/wp-content\/uploads\/2020\/09\/tallas-247x232.jpg 247w\" sizes=\"auto, (max-width: 147px) 100vw, 147px\" \/><\/td>\n<td style=\"width: 50.1002%; border-style: hidden;\" width=\"293\"><span style=\"color: #000000;\"><span style=\"font-family: trebuchet ms, serif;\"><b>GU\u00cdA DE MEDIDAS:<br \/>\n<\/b><\/span><\/span><\/p>\n<ul>\n<li><span style=\"color: #999999;\"><span style=\"font-family: trebuchet ms, serif;\"><span style=\"color: #000000;\">Small:<\/span> A 46cm B 64cm \/ 18.1&#8243; x\u00a0 25.1&#8243;<\/span><\/span><\/li>\n<li><span style=\"color: #999999;\"><span style=\"font-family: trebuchet ms, serif;\"><span style=\"color: #000000;\">Medium:<\/span> A 49,5cm B 67cm \/ 19.3&#8243; x 26.3&#8243;<\/span><\/span><\/li>\n<li><span style=\"color: #999999;\"><span style=\"font-family: trebuchet ms, serif;\"><span style=\"color: #000000;\">Large:<\/span> A 51cm B 70cm \/ 20&#8243; x 27.5&#8243;<\/span><\/span><\/li>\n<\/ul>\n<\/td>\n<\/tr>\n<\/tbody>\n<\/table>\n<h4><strong>DESCRIPCI\u00d3N<\/strong><\/h4>\n<p>La CAMISETA FITNESS MORADA para hombre est\u00e1 dise\u00f1ada por nosotros en Espa\u00f1a. Se trata de una camiseta de manga corta de color morado con una etiqueta de silicona. Es una camiseta cl\u00e1sica que permite una gran versatilidad a la hora de vestir, permiti\u00e9ndote combinarla con distintas prendas para crear looks \u00fanicos y llamativos. Lo m\u00e1s destacado de la camiseta, adem\u00e1s de la tela microperforada, es el detalle de silicona Galarreta en la parte superior del pecho.<\/p>\n<div><\/div>\n<div>El slim fit de la CAMISETA FITNESS MORADA viene en tres tama\u00f1os: small, medium &amp; large. Adem\u00e1s, esta camiseta\u00a0 para hombre ofrece una notable transpirabilidad y comodidad, caracter\u00edsticas que lo hacen ideal para cualquier tipo de ocasi\u00f3n. Se adapta perfectamente para ir al gimnasio o para una noche elegante o para pasar el rato con amigos. A su vez, la camiseta se adapta muy bien a todo tipo de cuerpo, a la vez que se siente muy suave en la piel.<\/div>\n<div><\/div>\n<div>El hecho de que sea de color morado le otorga un toque llamativo a la camiseta permitiendo combinarla para crear looks \u00fanicos y llamativos con los que ser\u00e1s la envidia de todos vayas donde vayas, y con los que no dejar\u00e1s indiferente a nadie.<\/div>\n<h4><strong>CONSEJOS DE ESTILISMO<\/strong><\/h4>\n<div>\n<p>Si quieres un look urbano y c\u00f3modo, RUBEN GALARRETA te propone combinarla con nuestros<a href=\"https:\/\/www.rubengalarreta.com\/es\/product\/man-es\/gym-es\/shorts-negros\/\"> SHORTS NEGROS<\/a> y tus sneakers favoritas. Para el d\u00eda a d\u00eda, tambi\u00e9n puedes combinarla con nuestros <a href=\"https:\/\/www.rubengalarreta.com\/es\/product\/man-es\/gym-es\/jogger-negro-essentials\/\">JOGGER NEGRO ESSENTIALS <\/a>para formar un look total. Tambi\u00e9n puedes usarla para crear cosplays sexys mientras te sientes c\u00f3modo.<\/p>\n<\/div>\n","protected":false},"excerpt":{"rendered":"<h1><strong>CAMISETA FITNESS MORADA<\/strong><\/h1>\n<p>Nuestra CAMISETA FITNESS MORADA est\u00e1 hecha de poli\u00e9ster, lo que le otorga una buena comodidad y transpirabilidad. Es una prenda muy vers\u00e1til, perfecta para ir al gimnasio o para crear un look informal casual y llamativo que te har\u00e1 ser el centro de atenci\u00f3n.<\/p>\n","protected":false},"featured_media":69326,"comment_status":"closed","ping_status":"closed","template":"","meta":{"_monsterinsights_skip_tracking":false,"_monsterinsights_sitenote_active":false,"_monsterinsights_sitenote_note":"","_monsterinsights_sitenote_category":0},"product_brand":[],"product_cat":[2324,2081],"product_tag":[2171,2325],"class_list":{"0":"post-68797","1":"product","2":"type-product","3":"status-publish","4":"has-post-thumbnail","6":"product_cat-gym-es","7":"product_cat-sales-es-outlet","8":"product_tag-camisetas-y-tops","9":"product_tag-ropa-deportiva","11":"first","12":"outofstock","13":"sale","14":"taxable","15":"shipping-taxable","16":"purchasable","17":"product-type-variable","18":"has-default-attributes"},"yoast_head":"<!-- This site is optimized with the Yoast SEO plugin v27.3 - https:\/\/yoast.com\/product\/yoast-seo-wordpress\/ -->\n<title>CAMISETA FITNESS MORADA - Ruben Galarreta<\/title>\n<meta name=\"description\" content=\"La CAMISETA FITNESS MORADA para hombre es la prenda perfecta para ir al gimnasio o crear un look casual y llamativo.\" \/>\n<meta name=\"robots\" content=\"index, follow, max-snippet:-1, max-image-preview:large, max-video-preview:-1\" \/>\n<link rel=\"canonical\" href=\"https:\/\/www.rubengalarreta.com\/es\/product\/man-es\/gym-es\/camiseta-fitness-morada\/\" \/>\n<meta property=\"og:locale\" content=\"es_ES\" \/>\n<meta property=\"og:type\" content=\"article\" \/>\n<meta property=\"og:title\" content=\"CAMISETA FITNESS MORADA - Ruben Galarreta\" \/>\n<meta property=\"og:description\" content=\"La CAMISETA FITNESS MORADA para hombre es la prenda perfecta para ir al gimnasio o crear un look casual y llamativo.\" \/>\n<meta property=\"og:url\" content=\"https:\/\/www.rubengalarreta.com\/es\/product\/man-es\/gym-es\/camiseta-fitness-morada\/\" \/>\n<meta property=\"og:site_name\" content=\"Ruben Galarreta\" \/>\n<meta property=\"article:modified_time\" content=\"2021-10-19T14:00:19+00:00\" \/>\n<meta property=\"og:image\" content=\"https:\/\/www.rubengalarreta.com\/wp-content\/uploads\/2021\/04\/ruben-galarreta-gym-collection-fashion-men-fitness-tee-purple-side-min-1.jpg\" \/>\n\t<meta property=\"og:image:width\" content=\"704\" \/>\n\t<meta property=\"og:image:height\" content=\"1000\" \/>\n\t<meta property=\"og:image:type\" content=\"image\/jpeg\" \/>\n<meta name=\"twitter:card\" content=\"summary_large_image\" \/>\n<meta name=\"twitter:label1\" content=\"Tiempo de lectura\" \/>\n\t<meta name=\"twitter:data1\" content=\"2 minutos\" \/>\n<script type=\"application\/ld+json\" class=\"yoast-schema-graph\">{\"@context\":\"https:\\\/\\\/schema.org\",\"@graph\":[{\"@type\":\"WebPage\",\"@id\":\"https:\\\/\\\/www.rubengalarreta.com\\\/es\\\/product\\\/man-es\\\/gym-es\\\/camiseta-fitness-morada\\\/\",\"url\":\"https:\\\/\\\/www.rubengalarreta.com\\\/es\\\/product\\\/man-es\\\/gym-es\\\/camiseta-fitness-morada\\\/\",\"name\":\"CAMISETA FITNESS MORADA - Ruben Galarreta\",\"isPartOf\":{\"@id\":\"https:\\\/\\\/www.rubengalarreta.com\\\/es\\\/#website\"},\"primaryImageOfPage\":{\"@id\":\"https:\\\/\\\/www.rubengalarreta.com\\\/es\\\/product\\\/man-es\\\/gym-es\\\/camiseta-fitness-morada\\\/#primaryimage\"},\"image\":{\"@id\":\"https:\\\/\\\/www.rubengalarreta.com\\\/es\\\/product\\\/man-es\\\/gym-es\\\/camiseta-fitness-morada\\\/#primaryimage\"},\"thumbnailUrl\":\"https:\\\/\\\/www.rubengalarreta.com\\\/wp-content\\\/uploads\\\/2021\\\/04\\\/ruben-galarreta-gym-collection-fashion-men-fitness-tee-purple-side-min-1.jpg\",\"datePublished\":\"2021-04-21T09:46:32+00:00\",\"dateModified\":\"2021-10-19T14:00:19+00:00\",\"description\":\"La CAMISETA FITNESS MORADA para hombre es la prenda perfecta para ir al gimnasio o crear un look casual y llamativo.\",\"breadcrumb\":{\"@id\":\"https:\\\/\\\/www.rubengalarreta.com\\\/es\\\/product\\\/man-es\\\/gym-es\\\/camiseta-fitness-morada\\\/#breadcrumb\"},\"inLanguage\":\"es\",\"potentialAction\":[{\"@type\":\"ReadAction\",\"target\":[\"https:\\\/\\\/www.rubengalarreta.com\\\/es\\\/product\\\/man-es\\\/gym-es\\\/camiseta-fitness-morada\\\/\"]}]},{\"@type\":\"ImageObject\",\"inLanguage\":\"es\",\"@id\":\"https:\\\/\\\/www.rubengalarreta.com\\\/es\\\/product\\\/man-es\\\/gym-es\\\/camiseta-fitness-morada\\\/#primaryimage\",\"url\":\"https:\\\/\\\/www.rubengalarreta.com\\\/wp-content\\\/uploads\\\/2021\\\/04\\\/ruben-galarreta-gym-collection-fashion-men-fitness-tee-purple-side-min-1.jpg\",\"contentUrl\":\"https:\\\/\\\/www.rubengalarreta.com\\\/wp-content\\\/uploads\\\/2021\\\/04\\\/ruben-galarreta-gym-collection-fashion-men-fitness-tee-purple-side-min-1.jpg\",\"width\":704,\"height\":1000,\"caption\":\"PURPLE SPORTY TEE\"},{\"@type\":\"BreadcrumbList\",\"@id\":\"https:\\\/\\\/www.rubengalarreta.com\\\/es\\\/product\\\/man-es\\\/gym-es\\\/camiseta-fitness-morada\\\/#breadcrumb\",\"itemListElement\":[{\"@type\":\"ListItem\",\"position\":1,\"name\":\"Home\",\"item\":\"https:\\\/\\\/www.rubengalarreta.com\\\/es\\\/\"},{\"@type\":\"ListItem\",\"position\":2,\"name\":\"Tienda Online\",\"item\":\"https:\\\/\\\/www.rubengalarreta.com\\\/es\\\/tienda-2\\\/\"},{\"@type\":\"ListItem\",\"position\":3,\"name\":\"CAMISETA FITNESS MORADA\"}]},{\"@type\":\"WebSite\",\"@id\":\"https:\\\/\\\/www.rubengalarreta.com\\\/es\\\/#website\",\"url\":\"https:\\\/\\\/www.rubengalarreta.com\\\/es\\\/\",\"name\":\"Ruben Galarreta\",\"description\":\"Hot Couture | Online Store\",\"publisher\":{\"@id\":\"https:\\\/\\\/www.rubengalarreta.com\\\/es\\\/#organization\"},\"potentialAction\":[{\"@type\":\"SearchAction\",\"target\":{\"@type\":\"EntryPoint\",\"urlTemplate\":\"https:\\\/\\\/www.rubengalarreta.com\\\/es\\\/?s={search_term_string}\"},\"query-input\":{\"@type\":\"PropertyValueSpecification\",\"valueRequired\":true,\"valueName\":\"search_term_string\"}}],\"inLanguage\":\"es\"},{\"@type\":\"Organization\",\"@id\":\"https:\\\/\\\/www.rubengalarreta.com\\\/es\\\/#organization\",\"name\":\"Ruben Galarreta\",\"url\":\"https:\\\/\\\/www.rubengalarreta.com\\\/es\\\/\",\"logo\":{\"@type\":\"ImageObject\",\"inLanguage\":\"es\",\"@id\":\"https:\\\/\\\/www.rubengalarreta.com\\\/es\\\/#\\\/schema\\\/logo\\\/image\\\/\",\"url\":\"https:\\\/\\\/www.rubengalarreta.com\\\/wp-content\\\/uploads\\\/2019\\\/10\\\/rubengalarreta-menswear.jpg\",\"contentUrl\":\"https:\\\/\\\/www.rubengalarreta.com\\\/wp-content\\\/uploads\\\/2019\\\/10\\\/rubengalarreta-menswear.jpg\",\"width\":1141,\"height\":146,\"caption\":\"Ruben Galarreta\"},\"image\":{\"@id\":\"https:\\\/\\\/www.rubengalarreta.com\\\/es\\\/#\\\/schema\\\/logo\\\/image\\\/\"}}]}<\/script>\n<!-- \/ Yoast SEO plugin. -->","yoast_head_json":{"title":"CAMISETA FITNESS MORADA - Ruben Galarreta","description":"La CAMISETA FITNESS MORADA para hombre es la prenda perfecta para ir al gimnasio o crear un look casual y llamativo.","robots":{"index":"index","follow":"follow","max-snippet":"max-snippet:-1","max-image-preview":"max-image-preview:large","max-video-preview":"max-video-preview:-1"},"canonical":"https:\/\/www.rubengalarreta.com\/es\/product\/man-es\/gym-es\/camiseta-fitness-morada\/","og_locale":"es_ES","og_type":"article","og_title":"CAMISETA FITNESS MORADA - Ruben Galarreta","og_description":"La CAMISETA FITNESS MORADA para hombre es la prenda perfecta para ir al gimnasio o crear un look casual y llamativo.","og_url":"https:\/\/www.rubengalarreta.com\/es\/product\/man-es\/gym-es\/camiseta-fitness-morada\/","og_site_name":"Ruben Galarreta","article_modified_time":"2021-10-19T14:00:19+00:00","og_image":[{"width":704,"height":1000,"url":"https:\/\/www.rubengalarreta.com\/wp-content\/uploads\/2021\/04\/ruben-galarreta-gym-collection-fashion-men-fitness-tee-purple-side-min-1.jpg","type":"image\/jpeg"}],"twitter_card":"summary_large_image","twitter_misc":{"Tiempo de lectura":"2 minutos"},"schema":{"@context":"https:\/\/schema.org","@graph":[{"@type":"WebPage","@id":"https:\/\/www.rubengalarreta.com\/es\/product\/man-es\/gym-es\/camiseta-fitness-morada\/","url":"https:\/\/www.rubengalarreta.com\/es\/product\/man-es\/gym-es\/camiseta-fitness-morada\/","name":"CAMISETA FITNESS MORADA - Ruben Galarreta","isPartOf":{"@id":"https:\/\/www.rubengalarreta.com\/es\/#website"},"primaryImageOfPage":{"@id":"https:\/\/www.rubengalarreta.com\/es\/product\/man-es\/gym-es\/camiseta-fitness-morada\/#primaryimage"},"image":{"@id":"https:\/\/www.rubengalarreta.com\/es\/product\/man-es\/gym-es\/camiseta-fitness-morada\/#primaryimage"},"thumbnailUrl":"https:\/\/www.rubengalarreta.com\/wp-content\/uploads\/2021\/04\/ruben-galarreta-gym-collection-fashion-men-fitness-tee-purple-side-min-1.jpg","datePublished":"2021-04-21T09:46:32+00:00","dateModified":"2021-10-19T14:00:19+00:00","description":"La CAMISETA FITNESS MORADA para hombre es la prenda perfecta para ir al gimnasio o crear un look casual y llamativo.","breadcrumb":{"@id":"https:\/\/www.rubengalarreta.com\/es\/product\/man-es\/gym-es\/camiseta-fitness-morada\/#breadcrumb"},"inLanguage":"es","potentialAction":[{"@type":"ReadAction","target":["https:\/\/www.rubengalarreta.com\/es\/product\/man-es\/gym-es\/camiseta-fitness-morada\/"]}]},{"@type":"ImageObject","inLanguage":"es","@id":"https:\/\/www.rubengalarreta.com\/es\/product\/man-es\/gym-es\/camiseta-fitness-morada\/#primaryimage","url":"https:\/\/www.rubengalarreta.com\/wp-content\/uploads\/2021\/04\/ruben-galarreta-gym-collection-fashion-men-fitness-tee-purple-side-min-1.jpg","contentUrl":"https:\/\/www.rubengalarreta.com\/wp-content\/uploads\/2021\/04\/ruben-galarreta-gym-collection-fashion-men-fitness-tee-purple-side-min-1.jpg","width":704,"height":1000,"caption":"PURPLE SPORTY TEE"},{"@type":"BreadcrumbList","@id":"https:\/\/www.rubengalarreta.com\/es\/product\/man-es\/gym-es\/camiseta-fitness-morada\/#breadcrumb","itemListElement":[{"@type":"ListItem","position":1,"name":"Home","item":"https:\/\/www.rubengalarreta.com\/es\/"},{"@type":"ListItem","position":2,"name":"Tienda Online","item":"https:\/\/www.rubengalarreta.com\/es\/tienda-2\/"},{"@type":"ListItem","position":3,"name":"CAMISETA FITNESS MORADA"}]},{"@type":"WebSite","@id":"https:\/\/www.rubengalarreta.com\/es\/#website","url":"https:\/\/www.rubengalarreta.com\/es\/","name":"Ruben Galarreta","description":"Hot Couture | Online Store","publisher":{"@id":"https:\/\/www.rubengalarreta.com\/es\/#organization"},"potentialAction":[{"@type":"SearchAction","target":{"@type":"EntryPoint","urlTemplate":"https:\/\/www.rubengalarreta.com\/es\/?s={search_term_string}"},"query-input":{"@type":"PropertyValueSpecification","valueRequired":true,"valueName":"search_term_string"}}],"inLanguage":"es"},{"@type":"Organization","@id":"https:\/\/www.rubengalarreta.com\/es\/#organization","name":"Ruben Galarreta","url":"https:\/\/www.rubengalarreta.com\/es\/","logo":{"@type":"ImageObject","inLanguage":"es","@id":"https:\/\/www.rubengalarreta.com\/es\/#\/schema\/logo\/image\/","url":"https:\/\/www.rubengalarreta.com\/wp-content\/uploads\/2019\/10\/rubengalarreta-menswear.jpg","contentUrl":"https:\/\/www.rubengalarreta.com\/wp-content\/uploads\/2019\/10\/rubengalarreta-menswear.jpg","width":1141,"height":146,"caption":"Ruben Galarreta"},"image":{"@id":"https:\/\/www.rubengalarreta.com\/es\/#\/schema\/logo\/image\/"}}]}},"_links":{"self":[{"href":"https:\/\/www.rubengalarreta.com\/es\/wp-json\/wp\/v2\/product\/68797","targetHints":{"allow":["GET"]}}],"collection":[{"href":"https:\/\/www.rubengalarreta.com\/es\/wp-json\/wp\/v2\/product"}],"about":[{"href":"https:\/\/www.rubengalarreta.com\/es\/wp-json\/wp\/v2\/types\/product"}],"replies":[{"embeddable":true,"href":"https:\/\/www.rubengalarreta.com\/es\/wp-json\/wp\/v2\/comments?post=68797"}],"wp:featuredmedia":[{"embeddable":true,"href":"https:\/\/www.rubengalarreta.com\/es\/wp-json\/wp\/v2\/media\/69326"}],"wp:attachment":[{"href":"https:\/\/www.rubengalarreta.com\/es\/wp-json\/wp\/v2\/media?parent=68797"}],"wp:term":[{"taxonomy":"product_brand","embeddable":true,"href":"https:\/\/www.rubengalarreta.com\/es\/wp-json\/wp\/v2\/product_brand?post=68797"},{"taxonomy":"product_cat","embeddable":true,"href":"https:\/\/www.rubengalarreta.com\/es\/wp-json\/wp\/v2\/product_cat?post=68797"},{"taxonomy":"product_tag","embeddable":true,"href":"https:\/\/www.rubengalarreta.com\/es\/wp-json\/wp\/v2\/product_tag?post=68797"}],"curies":[{"name":"wp","href":"https:\/\/api.w.org\/{rel}","templated":true}]}}