{"id":68781,"date":"2021-04-21T11:45:46","date_gmt":"2021-04-21T09:45:47","guid":{"rendered":"https:\/\/www.rubengalarreta.com\/?post_type=product&#038;p=68781"},"modified":"2021-11-16T13:44:11","modified_gmt":"2021-11-16T12:44:11","slug":"shorts-negros","status":"publish","type":"product","link":"https:\/\/www.rubengalarreta.com\/es\/product\/man-es\/gym-es\/shorts-negros\/","title":{"rendered":"SHORTS NEGROS"},"content":{"rendered":"<h2><strong>SHORTS NEGROS<\/strong><\/h2>\n<table style=\"height: 183px; width: 100%; border-collapse: collapse; border-style: hidden;\">\n<tbody>\n<tr valign=\"TOP\">\n<td style=\"width: 49.8998%; border-style: hidden;\" width=\"293\" height=\"19\"><span style=\"color: #000000;\"><span style=\"font-family: trebuchet ms, serif;\"><b>DETALLES DE PRODUCTO:<br \/>\n<\/b><\/span><\/span><span style=\"color: #999999;\"><span style=\"font-family: trebuchet ms, serif;\">-100% poli\u00e9ster microperforado<br \/>\n-Camiseta sin mangas de color negro, con etiqueta de silicona<br \/>\n-Cuello redondo y sisas ribeteadas en el mismo tejido<\/span><\/span><\/td>\n<td style=\"width: 50.1002%; border-style: hidden;\" width=\"293\"><span style=\"color: #000000;\"><span style=\"font-family: trebuchet ms, serif;\"><b>TALLA:<br \/>\n<\/b><\/span><\/span><span style=\"color: #999999;\"><span style=\"font-family: trebuchet ms, serif;\">-Smart Fit<\/span><\/span><\/td>\n<\/tr>\n<tr valign=\"TOP\">\n<td style=\"width: 49.8998%; border-style: hidden;\" width=\"293\" height=\"19\"><span style=\"color: #000000;\"><span style=\"font-family: trebuchet ms, serif;\"><b>CUIDADOS:<br \/>\n<\/b><\/span><\/span><span style=\"color: #999999;\"><span style=\"font-family: trebuchet ms, serif;\">-F\u00e1cil planchado y lavado a m\u00e1quina seg\u00fan las instrucciones de cuidado de la etiqueta<\/span><\/span><\/td>\n<td style=\"width: 50.1002%; border-style: hidden;\" width=\"293\"><span style=\"color: #000000;\"><span style=\"font-family: trebuchet ms, serif;\"><b>MEDIDAS MODELO:<br \/>\n<\/b><\/span><\/span><span style=\"color: #999999;\"><span style=\"font-family: trebuchet ms, serif;\">-Altura de modelo: 185cm\u00a0 5&#8242;.9\u00bb<br \/>\n-El modelo usa talla M<\/span><\/span><\/td>\n<\/tr>\n<\/tbody>\n<\/table>\n<table style=\"height: 31px; width: 100%; border-collapse: collapse; border-style: hidden;\">\n<tbody>\n<tr valign=\"TOP\">\n<td style=\"width: 49.8998%; border-style: hidden;\" width=\"293\" height=\"19\"><img loading=\"lazy\" decoding=\"async\" class=\"alignnone wp-image-69090 \" src=\"https:\/\/www.rubengalarreta.com\/wp-content\/uploads\/2021\/04\/tech-shorts-no-legging-379x400.jpg\" alt=\"\" width=\"150\" height=\"157\" srcset=\"https:\/\/www.rubengalarreta.com\/wp-content\/uploads\/2021\/04\/tech-shorts-no-legging-379x400.jpg 379w, https:\/\/www.rubengalarreta.com\/wp-content\/uploads\/2021\/04\/tech-shorts-no-legging-758x800.jpg 758w, https:\/\/www.rubengalarreta.com\/wp-content\/uploads\/2021\/04\/tech-shorts-no-legging-768x811.jpg 768w, https:\/\/www.rubengalarreta.com\/wp-content\/uploads\/2021\/04\/tech-shorts-no-legging-1455x1536.jpg 1455w, https:\/\/www.rubengalarreta.com\/wp-content\/uploads\/2021\/04\/tech-shorts-no-legging-510x538.jpg 510w, https:\/\/www.rubengalarreta.com\/wp-content\/uploads\/2021\/04\/tech-shorts-no-legging.jpg 1600w\" sizes=\"auto, (max-width: 150px) 100vw, 150px\" \/><\/td>\n<td style=\"width: 50.1002%; border-style: hidden;\" width=\"293\"><span style=\"color: #000000;\"><span style=\"font-family: trebuchet ms, serif;\"><b>GU\u00cdA DE MEDIDAS:<br \/>\n<\/b><\/span><\/span><\/p>\n<ul>\n<li><span style=\"color: #999999;\"><span style=\"font-family: trebuchet ms, serif;\"><span style=\"color: #000000;\">Small:<\/span> A 32 cm 47cm MAX B 26 cm \/ 13.38&#8243; 18.5&#8243;MAX x\u00a0 10.2&#8243;<\/span><\/span><\/li>\n<li><span style=\"color: #999999;\"><span style=\"font-family: trebuchet ms, serif;\"><span style=\"color: #000000;\">Medium:<\/span> A 34 cm 49cm MAX B 28 cm \/ 13.4&#8243; 19.3&#8243;MAX x 11&#8243;<\/span><\/span><\/li>\n<li><span style=\"color: #999999;\"><span style=\"font-family: trebuchet ms, serif;\"><span style=\"color: #000000;\">Large:<\/span> A 35 cm 50cm MAX B 30 cm \/ 13.7&#8243; 19.6&#8243;MAX x 11.8&#8243;<\/span><\/span><\/li>\n<\/ul>\n<\/td>\n<\/tr>\n<\/tbody>\n<\/table>\n<h4><strong>DESCRIPCI\u00d3N<\/strong><\/h4>\n<p>Los SHORTS NEGROS para hombre est\u00e1n dise\u00f1ados por nosotros en Espa\u00f1a. Se trata de unos shorts b\u00e1sicos que permiten una gran versatilidad y utilidad. Lo m\u00e1s destacado de estos shorts es que tienen el logo de Galarreta en la pierna izquierda. El corte regular de LOS SHORT NEGROS est\u00e1 disponible en tres tallas distintas: peque\u00f1a, mediana y grande. Adem\u00e1s, este short negro para hombre ofrece una notable transpirabilidad y comodidad, caracter\u00edsticas que lo hacen ideal para cualquier tipo de ocasi\u00f3n, incluso para el gimnasio. A su vez, el short se adapta muy bien a todo tipo de cuerpos, a la vez que se siente muy suave en la piel.<\/p>\n<div><\/div>\n<div>El color negro siempre ha sido considerado como el color comod\u00edn, combina con cualquier otro color, capaz de salvar todas aquellas situaciones en las que la indecisi\u00f3n a la hora de vestir nos gana. Tambi\u00e9n simboliza misterio, poder, control, independencia y fuerza interna. Este short regular fit para hombre te ayudar\u00e1 a conseguir la atenci\u00f3n que mereces. En otras palabras, este short te ser\u00e1 muy \u00fatil cuando quieras estar c\u00f3modo en cualquier momento.<\/div>\n<h4><strong>CONSEJOS DE ESTILISMO<\/strong><\/h4>\n<div>\n<p>Si quieres un look urbano y c\u00f3modo, RUBEN GALARRETA te sugiere que lo combines con nuestro <a href=\"https:\/\/www.rubengalarreta.com\/es\/product\/man-es\/gym-es\/polo-negro-con-cremallera\/\">POLO NEGRO CON CREMALLERA<\/a> o nuestra <a href=\"https:\/\/www.rubengalarreta.com\/es\/product\/man-es\/gym-es\/camiseta-fitness-morada\/\">CAMISETA FITNESS MORADA<\/a> y tus zapatillas favoritas. Tambi\u00e9n puedes llevarlo con otras camisetas de nuestra marca, como nuestra <a href=\"https:\/\/www.rubengalarreta.com\/es\/product\/man-es\/essentials-es\/camiseta-negra-especial-essentials\/\">TEE ESSENTIALS SPECIAL BLACK<\/a>.<\/p>\n<\/div>\n","protected":false},"excerpt":{"rendered":"<h1><strong>SHORTS NEGROS<\/strong><\/h1>\n<p>Los SHORTS NEGROS para hombre est\u00e1n dise\u00f1ados por nosotros en Espa\u00f1a. Estos shorts son cortos, negros y cuentan con cintura el\u00e1stica y cordones ajustables.<\/p>\n","protected":false},"featured_media":69113,"comment_status":"closed","ping_status":"closed","template":"","meta":{"_monsterinsights_skip_tracking":false,"_monsterinsights_sitenote_active":false,"_monsterinsights_sitenote_note":"","_monsterinsights_sitenote_category":0},"product_brand":[],"product_cat":[2324,2081],"product_tag":[2171,2325],"class_list":{"0":"post-68781","1":"product","2":"type-product","3":"status-publish","4":"has-post-thumbnail","6":"product_cat-gym-es","7":"product_cat-sales-es-outlet","8":"product_tag-camisetas-y-tops","9":"product_tag-ropa-deportiva","11":"first","12":"instock","13":"sale","14":"taxable","15":"shipping-taxable","16":"purchasable","17":"product-type-variable","18":"has-default-attributes"},"yoast_head":"<!-- This site is optimized with the Yoast SEO plugin v27.5 - https:\/\/yoast.com\/product\/yoast-seo-wordpress\/ -->\n<title>SHORTS NEGROS para hombre - Ruben Galarreta Tienda Online<\/title>\n<meta name=\"description\" content=\"Los SHORTS NEGROS para hombre est\u00e1n dise\u00f1ados en Espa\u00f1a por nosotros. Son negros y cortos y cuentan con una cintura el\u00e1stica.\" \/>\n<meta name=\"robots\" content=\"index, follow, max-snippet:-1, max-image-preview:large, max-video-preview:-1\" \/>\n<link rel=\"canonical\" href=\"https:\/\/www.rubengalarreta.com\/es\/product\/man-es\/gym-es\/shorts-negros\/\" \/>\n<meta property=\"og:locale\" content=\"es_ES\" \/>\n<meta property=\"og:type\" content=\"article\" \/>\n<meta property=\"og:title\" content=\"SHORTS NEGROS para hombre - Ruben Galarreta Tienda Online\" \/>\n<meta property=\"og:description\" content=\"Los SHORTS NEGROS para hombre est\u00e1n dise\u00f1ados en Espa\u00f1a por nosotros. Son negros y cortos y cuentan con una cintura el\u00e1stica.\" \/>\n<meta property=\"og:url\" content=\"https:\/\/www.rubengalarreta.com\/es\/product\/man-es\/gym-es\/shorts-negros\/\" \/>\n<meta property=\"og:site_name\" content=\"Ruben Galarreta\" \/>\n<meta property=\"article:modified_time\" content=\"2021-11-16T12:44:11+00:00\" \/>\n<meta property=\"og:image\" content=\"https:\/\/www.rubengalarreta.com\/wp-content\/uploads\/2021\/04\/ruben-galarreta-gym-collection-fashion-men-fitness-short-black-front-min-1.jpg\" \/>\n\t<meta property=\"og:image:width\" content=\"704\" \/>\n\t<meta property=\"og:image:height\" content=\"1000\" \/>\n\t<meta property=\"og:image:type\" content=\"image\/jpeg\" \/>\n<meta name=\"twitter:card\" content=\"summary_large_image\" \/>\n<meta name=\"twitter:label1\" content=\"Tiempo de lectura\" \/>\n\t<meta name=\"twitter:data1\" content=\"2 minutos\" \/>\n<script type=\"application\/ld+json\" class=\"yoast-schema-graph\">{\"@context\":\"https:\\\/\\\/schema.org\",\"@graph\":[{\"@type\":\"WebPage\",\"@id\":\"https:\\\/\\\/www.rubengalarreta.com\\\/es\\\/product\\\/man-es\\\/gym-es\\\/shorts-negros\\\/\",\"url\":\"https:\\\/\\\/www.rubengalarreta.com\\\/es\\\/product\\\/man-es\\\/gym-es\\\/shorts-negros\\\/\",\"name\":\"SHORTS NEGROS para hombre - Ruben Galarreta Tienda Online\",\"isPartOf\":{\"@id\":\"https:\\\/\\\/www.rubengalarreta.com\\\/es\\\/#website\"},\"primaryImageOfPage\":{\"@id\":\"https:\\\/\\\/www.rubengalarreta.com\\\/es\\\/product\\\/man-es\\\/gym-es\\\/shorts-negros\\\/#primaryimage\"},\"image\":{\"@id\":\"https:\\\/\\\/www.rubengalarreta.com\\\/es\\\/product\\\/man-es\\\/gym-es\\\/shorts-negros\\\/#primaryimage\"},\"thumbnailUrl\":\"https:\\\/\\\/www.rubengalarreta.com\\\/wp-content\\\/uploads\\\/2021\\\/04\\\/ruben-galarreta-gym-collection-fashion-men-fitness-short-black-front-min-1.jpg\",\"datePublished\":\"2021-04-21T09:45:47+00:00\",\"dateModified\":\"2021-11-16T12:44:11+00:00\",\"description\":\"Los SHORTS NEGROS para hombre est\u00e1n dise\u00f1ados en Espa\u00f1a por nosotros. Son negros y cortos y cuentan con una cintura el\u00e1stica.\",\"breadcrumb\":{\"@id\":\"https:\\\/\\\/www.rubengalarreta.com\\\/es\\\/product\\\/man-es\\\/gym-es\\\/shorts-negros\\\/#breadcrumb\"},\"inLanguage\":\"es\",\"potentialAction\":[{\"@type\":\"ReadAction\",\"target\":[\"https:\\\/\\\/www.rubengalarreta.com\\\/es\\\/product\\\/man-es\\\/gym-es\\\/shorts-negros\\\/\"]}]},{\"@type\":\"ImageObject\",\"inLanguage\":\"es\",\"@id\":\"https:\\\/\\\/www.rubengalarreta.com\\\/es\\\/product\\\/man-es\\\/gym-es\\\/shorts-negros\\\/#primaryimage\",\"url\":\"https:\\\/\\\/www.rubengalarreta.com\\\/wp-content\\\/uploads\\\/2021\\\/04\\\/ruben-galarreta-gym-collection-fashion-men-fitness-short-black-front-min-1.jpg\",\"contentUrl\":\"https:\\\/\\\/www.rubengalarreta.com\\\/wp-content\\\/uploads\\\/2021\\\/04\\\/ruben-galarreta-gym-collection-fashion-men-fitness-short-black-front-min-1.jpg\",\"width\":704,\"height\":1000,\"caption\":\"SPORTY BLACK SHORTS\"},{\"@type\":\"BreadcrumbList\",\"@id\":\"https:\\\/\\\/www.rubengalarreta.com\\\/es\\\/product\\\/man-es\\\/gym-es\\\/shorts-negros\\\/#breadcrumb\",\"itemListElement\":[{\"@type\":\"ListItem\",\"position\":1,\"name\":\"Home\",\"item\":\"https:\\\/\\\/www.rubengalarreta.com\\\/es\\\/\"},{\"@type\":\"ListItem\",\"position\":2,\"name\":\"Tienda Online\",\"item\":\"https:\\\/\\\/www.rubengalarreta.com\\\/es\\\/tienda-2\\\/\"},{\"@type\":\"ListItem\",\"position\":3,\"name\":\"SHORTS NEGROS\"}]},{\"@type\":\"WebSite\",\"@id\":\"https:\\\/\\\/www.rubengalarreta.com\\\/es\\\/#website\",\"url\":\"https:\\\/\\\/www.rubengalarreta.com\\\/es\\\/\",\"name\":\"Ruben Galarreta\",\"description\":\"Hot Couture | Online Store\",\"publisher\":{\"@id\":\"https:\\\/\\\/www.rubengalarreta.com\\\/es\\\/#organization\"},\"potentialAction\":[{\"@type\":\"SearchAction\",\"target\":{\"@type\":\"EntryPoint\",\"urlTemplate\":\"https:\\\/\\\/www.rubengalarreta.com\\\/es\\\/?s={search_term_string}\"},\"query-input\":{\"@type\":\"PropertyValueSpecification\",\"valueRequired\":true,\"valueName\":\"search_term_string\"}}],\"inLanguage\":\"es\"},{\"@type\":\"Organization\",\"@id\":\"https:\\\/\\\/www.rubengalarreta.com\\\/es\\\/#organization\",\"name\":\"Ruben Galarreta\",\"url\":\"https:\\\/\\\/www.rubengalarreta.com\\\/es\\\/\",\"logo\":{\"@type\":\"ImageObject\",\"inLanguage\":\"es\",\"@id\":\"https:\\\/\\\/www.rubengalarreta.com\\\/es\\\/#\\\/schema\\\/logo\\\/image\\\/\",\"url\":\"https:\\\/\\\/www.rubengalarreta.com\\\/wp-content\\\/uploads\\\/2019\\\/10\\\/rubengalarreta-menswear.jpg\",\"contentUrl\":\"https:\\\/\\\/www.rubengalarreta.com\\\/wp-content\\\/uploads\\\/2019\\\/10\\\/rubengalarreta-menswear.jpg\",\"width\":1141,\"height\":146,\"caption\":\"Ruben Galarreta\"},\"image\":{\"@id\":\"https:\\\/\\\/www.rubengalarreta.com\\\/es\\\/#\\\/schema\\\/logo\\\/image\\\/\"}}]}<\/script>\n<!-- \/ Yoast SEO plugin. -->","yoast_head_json":{"title":"SHORTS NEGROS para hombre - Ruben Galarreta Tienda Online","description":"Los SHORTS NEGROS para hombre est\u00e1n dise\u00f1ados en Espa\u00f1a por nosotros. Son negros y cortos y cuentan con una cintura el\u00e1stica.","robots":{"index":"index","follow":"follow","max-snippet":"max-snippet:-1","max-image-preview":"max-image-preview:large","max-video-preview":"max-video-preview:-1"},"canonical":"https:\/\/www.rubengalarreta.com\/es\/product\/man-es\/gym-es\/shorts-negros\/","og_locale":"es_ES","og_type":"article","og_title":"SHORTS NEGROS para hombre - Ruben Galarreta Tienda Online","og_description":"Los SHORTS NEGROS para hombre est\u00e1n dise\u00f1ados en Espa\u00f1a por nosotros. Son negros y cortos y cuentan con una cintura el\u00e1stica.","og_url":"https:\/\/www.rubengalarreta.com\/es\/product\/man-es\/gym-es\/shorts-negros\/","og_site_name":"Ruben Galarreta","article_modified_time":"2021-11-16T12:44:11+00:00","og_image":[{"width":704,"height":1000,"url":"https:\/\/www.rubengalarreta.com\/wp-content\/uploads\/2021\/04\/ruben-galarreta-gym-collection-fashion-men-fitness-short-black-front-min-1.jpg","type":"image\/jpeg"}],"twitter_card":"summary_large_image","twitter_misc":{"Tiempo de lectura":"2 minutos"},"schema":{"@context":"https:\/\/schema.org","@graph":[{"@type":"WebPage","@id":"https:\/\/www.rubengalarreta.com\/es\/product\/man-es\/gym-es\/shorts-negros\/","url":"https:\/\/www.rubengalarreta.com\/es\/product\/man-es\/gym-es\/shorts-negros\/","name":"SHORTS NEGROS para hombre - Ruben Galarreta Tienda Online","isPartOf":{"@id":"https:\/\/www.rubengalarreta.com\/es\/#website"},"primaryImageOfPage":{"@id":"https:\/\/www.rubengalarreta.com\/es\/product\/man-es\/gym-es\/shorts-negros\/#primaryimage"},"image":{"@id":"https:\/\/www.rubengalarreta.com\/es\/product\/man-es\/gym-es\/shorts-negros\/#primaryimage"},"thumbnailUrl":"https:\/\/www.rubengalarreta.com\/wp-content\/uploads\/2021\/04\/ruben-galarreta-gym-collection-fashion-men-fitness-short-black-front-min-1.jpg","datePublished":"2021-04-21T09:45:47+00:00","dateModified":"2021-11-16T12:44:11+00:00","description":"Los SHORTS NEGROS para hombre est\u00e1n dise\u00f1ados en Espa\u00f1a por nosotros. Son negros y cortos y cuentan con una cintura el\u00e1stica.","breadcrumb":{"@id":"https:\/\/www.rubengalarreta.com\/es\/product\/man-es\/gym-es\/shorts-negros\/#breadcrumb"},"inLanguage":"es","potentialAction":[{"@type":"ReadAction","target":["https:\/\/www.rubengalarreta.com\/es\/product\/man-es\/gym-es\/shorts-negros\/"]}]},{"@type":"ImageObject","inLanguage":"es","@id":"https:\/\/www.rubengalarreta.com\/es\/product\/man-es\/gym-es\/shorts-negros\/#primaryimage","url":"https:\/\/www.rubengalarreta.com\/wp-content\/uploads\/2021\/04\/ruben-galarreta-gym-collection-fashion-men-fitness-short-black-front-min-1.jpg","contentUrl":"https:\/\/www.rubengalarreta.com\/wp-content\/uploads\/2021\/04\/ruben-galarreta-gym-collection-fashion-men-fitness-short-black-front-min-1.jpg","width":704,"height":1000,"caption":"SPORTY BLACK SHORTS"},{"@type":"BreadcrumbList","@id":"https:\/\/www.rubengalarreta.com\/es\/product\/man-es\/gym-es\/shorts-negros\/#breadcrumb","itemListElement":[{"@type":"ListItem","position":1,"name":"Home","item":"https:\/\/www.rubengalarreta.com\/es\/"},{"@type":"ListItem","position":2,"name":"Tienda Online","item":"https:\/\/www.rubengalarreta.com\/es\/tienda-2\/"},{"@type":"ListItem","position":3,"name":"SHORTS NEGROS"}]},{"@type":"WebSite","@id":"https:\/\/www.rubengalarreta.com\/es\/#website","url":"https:\/\/www.rubengalarreta.com\/es\/","name":"Ruben Galarreta","description":"Hot Couture | Online Store","publisher":{"@id":"https:\/\/www.rubengalarreta.com\/es\/#organization"},"potentialAction":[{"@type":"SearchAction","target":{"@type":"EntryPoint","urlTemplate":"https:\/\/www.rubengalarreta.com\/es\/?s={search_term_string}"},"query-input":{"@type":"PropertyValueSpecification","valueRequired":true,"valueName":"search_term_string"}}],"inLanguage":"es"},{"@type":"Organization","@id":"https:\/\/www.rubengalarreta.com\/es\/#organization","name":"Ruben Galarreta","url":"https:\/\/www.rubengalarreta.com\/es\/","logo":{"@type":"ImageObject","inLanguage":"es","@id":"https:\/\/www.rubengalarreta.com\/es\/#\/schema\/logo\/image\/","url":"https:\/\/www.rubengalarreta.com\/wp-content\/uploads\/2019\/10\/rubengalarreta-menswear.jpg","contentUrl":"https:\/\/www.rubengalarreta.com\/wp-content\/uploads\/2019\/10\/rubengalarreta-menswear.jpg","width":1141,"height":146,"caption":"Ruben Galarreta"},"image":{"@id":"https:\/\/www.rubengalarreta.com\/es\/#\/schema\/logo\/image\/"}}]}},"_links":{"self":[{"href":"https:\/\/www.rubengalarreta.com\/es\/wp-json\/wp\/v2\/product\/68781","targetHints":{"allow":["GET"]}}],"collection":[{"href":"https:\/\/www.rubengalarreta.com\/es\/wp-json\/wp\/v2\/product"}],"about":[{"href":"https:\/\/www.rubengalarreta.com\/es\/wp-json\/wp\/v2\/types\/product"}],"replies":[{"embeddable":true,"href":"https:\/\/www.rubengalarreta.com\/es\/wp-json\/wp\/v2\/comments?post=68781"}],"wp:featuredmedia":[{"embeddable":true,"href":"https:\/\/www.rubengalarreta.com\/es\/wp-json\/wp\/v2\/media\/69113"}],"wp:attachment":[{"href":"https:\/\/www.rubengalarreta.com\/es\/wp-json\/wp\/v2\/media?parent=68781"}],"wp:term":[{"taxonomy":"product_brand","embeddable":true,"href":"https:\/\/www.rubengalarreta.com\/es\/wp-json\/wp\/v2\/product_brand?post=68781"},{"taxonomy":"product_cat","embeddable":true,"href":"https:\/\/www.rubengalarreta.com\/es\/wp-json\/wp\/v2\/product_cat?post=68781"},{"taxonomy":"product_tag","embeddable":true,"href":"https:\/\/www.rubengalarreta.com\/es\/wp-json\/wp\/v2\/product_tag?post=68781"}],"curies":[{"name":"wp","href":"https:\/\/api.w.org\/{rel}","templated":true}]}}