{"id":68658,"date":"2021-04-20T13:42:13","date_gmt":"2021-04-20T11:42:13","guid":{"rendered":"https:\/\/www.rubengalarreta.com\/?post_type=product&#038;p=68658"},"modified":"2021-04-21T17:25:38","modified_gmt":"2021-04-21T15:25:38","slug":"camiseta-gris-de-tirantes-copy-2","status":"publish","type":"product","link":"https:\/\/www.rubengalarreta.com\/es\/product\/man-es\/gym-es\/camiseta-gris-de-tirantes-copy-2\/","title":{"rendered":"PACK DE 3 CAMISETAS DE TIRANTES"},"content":{"rendered":"<h2><span style=\"color: #000000;\"><b>PACK DE 3 CAMISETAS DE TIRANTES<\/b><\/span><\/h2>\n<p>Esta oferta incluye 3 camisetas de tirantes 1 gris + 1 negra + 1 blanca a un precio exclusivo<\/p>\n<p><span style=\"color: #999999;\"><span style=\"font-family: trebuchet ms, geneva, sans-serif;\">&#8211; <a href=\"https:\/\/www.rubengalarreta.com\/product\/man\/deep-armhole-white-tank-top\/\">CAMISETA BLANCA DE TIRANTES<\/a>: 23 \u20ac<\/span><\/span><br \/>\n<span style=\"color: #999999;\"><span style=\"font-family: trebuchet ms, geneva, sans-serif;\">&#8211; <a href=\"https:\/\/www.rubengalarreta.com\/product\/man\/deep-armhole-black-tank-top\/\">CAMISETA NEGRA DE TIRANTES<\/a>: 23 \u20ac<\/span><\/span><br \/>\n<span style=\"color: #999999;\"><span style=\"font-family: trebuchet ms, geneva, sans-serif;\">&#8211; <a href=\"https:\/\/www.rubengalarreta.com\/product\/man\/deep-armhole-gray-tank-top\/\">CAMISETA GRIS DE TIRANTES<\/a>: 23 \u20ac<\/span><\/span><\/p>\n<p>VALOR TOTAL 69 \u20ac\u00a0 \u00a0 \u00a0 \u00a0<strong> AHORA 59 \u20ac<\/strong><\/p>\n<table style=\"height: 183px; width: 100%; border-collapse: collapse; border-style: hidden;\">\n<tbody>\n<tr valign=\"TOP\">\n<td style=\"width: 49.8998%;\" width=\"293\" height=\"19\"><span style=\"color: #000000;\"><span style=\"font-family: trebuchet ms, serif;\"><b>DETALLES DE PRODUCTO:<br \/>\n<\/b><\/span><\/span><span style=\"color: #999999;\"><span style=\"font-family: trebuchet ms, serif;\">-100% algod\u00f3n<\/span><\/span><br \/>\n<span style=\"color: #999999;\"><span style=\"font-family: trebuchet ms, serif;\">-Sin Mangas con Abertura Grande<\/span><\/span><br \/>\n<span style=\"color: #999999;\"><span style=\"font-family: trebuchet ms, serif;\">-Cuello Abierto<\/span><\/span><\/td>\n<td style=\"width: 50.1002%;\" width=\"293\"><span style=\"color: #000000;\"><span style=\"font-family: trebuchet ms, serif;\"><b>TALLA:<br \/>\n<\/b><\/span><\/span><span style=\"color: #999999;\"><span style=\"font-family: trebuchet ms, serif;\">-Relaxed fit<\/span><\/span><\/td>\n<\/tr>\n<tr valign=\"TOP\">\n<td style=\"width: 49.8998%;\" width=\"293\" height=\"19\"><span style=\"color: #000000;\"><span style=\"font-family: trebuchet ms, serif;\"><b>CUIDADOS:<br \/>\n<\/b><\/span><\/span><span style=\"color: #999999;\"><span style=\"font-family: trebuchet ms, serif;\">-Lavado a m\u00e1quina seg\u00fan las instrucciones de cuidado de la etiqueta y planchado al rev\u00e9s<\/span><\/span><\/td>\n<td style=\"width: 50.1002%;\" width=\"293\"><span style=\"color: #000000;\"><span style=\"font-family: trebuchet ms, serif;\"><b>MEDIDAS MODELO:<br \/>\n<\/b><\/span><\/span><span style=\"color: #999999;\"><span style=\"font-family: trebuchet ms, serif;\">-Altura de modelo: 175<br \/>\n-El modelo usa talla M<\/span><\/span><\/td>\n<\/tr>\n<\/tbody>\n<\/table>\n<div>\n<div><\/div>\n<div><strong>DESCRIPCI\u00d3N:<\/strong><\/div>\n<div><\/div>\n<div>Estas camisetas de tirantes para hombre est\u00e1n hechas de algod\u00f3n 100%, son muy suaves, ligeras, anchas y c\u00f3modas con una sisa profunda y un cuello redondo profundo. Adem\u00e1s, aparece el detalle del logo de Rub\u00e9n Galarreta. Est\u00e1 dise\u00f1ado por Rub\u00e9n Galarreta en Espa\u00f1a y viene en tres tama\u00f1os diferentes: peque\u00f1o, mediano y grande y es relaxed fit para mayor comodidad.<\/div>\n<div><\/div>\n<div>En primer lugar, esta camiseta es muy fresca y transpirable gracias a la tela de algod\u00f3n ligero y el ajuste relajado, tambi\u00e9n es una camiseta sin mangas sexy y fresca al mismo tiempo gracias a su simplicidad y corte \u00fanico. Puedes usarlo en cualquier ocasi\u00f3n.<\/div>\n<div><\/div>\n<div>Es una camiseta de tirantes muy vers\u00e1til, adem\u00e1s puedes usarla en tu vida diaria porque es muy c\u00f3moda. Tambi\u00e9n en un club con un par de jeans negros el\u00e1sticos para sentirte sexy y llamar la atenci\u00f3n. Adem\u00e1s, esta sisa profunda para hombre es absolutamente perfecta para el gimnasio porque gracias al cuello redondo profundo y la sisa profunda te sientes c\u00f3modo, y puedes mostrar el cuerpo y los m\u00fasculos por los que has estado trabajando. Simplemente si\u00e9ntete sexy, es la mejor arma para aniquilar en la vida.<\/div>\n<div><\/div>\n<div><strong>NOTA DE ESTILO:<\/strong><\/div>\n<div><\/div>\n<div>En el gimnasio, ponte esta camiseta sin mangas de sisa profunda con tus pantalones cortos y zapatillas y comienza la rutina diaria de entrenamiento, no te olvides de una selfie =)<\/div>\n<div><\/div>\n<div>El outfit streetwear perfecto: usa la camiseta sin mangas con jeans negros rasgados con el <a href=\"https:\/\/www.rubengalarreta.com\/product\/man\/accessories-m\/legging-harness\/\">arn\u00e9s legging<\/a> de Rub\u00e9n Galarreta debajo y finalmente con zapatillas blancas para un toque deportivo casual.<\/div>\n<\/div>\n","protected":false},"excerpt":{"rendered":"<h2><span style=\"color: #000000;\"><b>PACK DE 3 CAMISETAS DE TIRANTES<\/b><\/span><\/h2>\n<p>Esta oferta incluye 3 camisetas de tirantes 1 gris + 1 negra + 1 blanca a un precio exclusivo<\/p>\n<p>&nbsp;<\/p>\n","protected":false},"featured_media":68762,"comment_status":"closed","ping_status":"closed","template":"","meta":{"_monsterinsights_skip_tracking":false,"_monsterinsights_sitenote_active":false,"_monsterinsights_sitenote_note":"","_monsterinsights_sitenote_category":0},"product_brand":[],"product_cat":[3720,1922,2324],"product_tag":[2171,5070,2325],"class_list":{"0":"post-68658","1":"product","2":"type-product","3":"status-publish","4":"has-post-thumbnail","6":"product_cat-casual-issue","7":"product_cat-combos-es","8":"product_cat-gym-es","9":"product_tag-camisetas-y-tops","10":"product_tag-combos-es-2","11":"product_tag-ropa-deportiva","13":"first","14":"instock","15":"sale","16":"taxable","17":"shipping-taxable","18":"purchasable","19":"product-type-variable","20":"has-default-attributes"},"yoast_head":"<!-- This site is optimized with the Yoast SEO plugin v27.4 - https:\/\/yoast.com\/product\/yoast-seo-wordpress\/ -->\n<title>PACK DE 3 CAMISETAS DE TIRANTES - Ruben Galarreta Tienda Online<\/title>\n<meta name=\"description\" content=\"Esta oferta incluye 3 camisetas de tirantes 1 gris + 1 negra + 1 blanca. compra online en nuestra tienda Online para hombre.\" \/>\n<meta name=\"robots\" content=\"index, follow, max-snippet:-1, max-image-preview:large, max-video-preview:-1\" \/>\n<link rel=\"canonical\" href=\"https:\/\/www.rubengalarreta.com\/es\/product\/man-es\/gym-es\/camiseta-gris-de-tirantes-copy-2\/\" \/>\n<meta property=\"og:locale\" content=\"es_ES\" \/>\n<meta property=\"og:type\" content=\"article\" \/>\n<meta property=\"og:title\" content=\"PACK DE 3 CAMISETAS DE TIRANTES - Ruben Galarreta Tienda Online\" \/>\n<meta property=\"og:description\" content=\"Esta oferta incluye 3 camisetas de tirantes 1 gris + 1 negra + 1 blanca. compra online en nuestra tienda Online para hombre.\" \/>\n<meta property=\"og:url\" content=\"https:\/\/www.rubengalarreta.com\/es\/product\/man-es\/gym-es\/camiseta-gris-de-tirantes-copy-2\/\" \/>\n<meta property=\"og:site_name\" content=\"Ruben Galarreta\" \/>\n<meta property=\"article:modified_time\" content=\"2021-04-21T15:25:38+00:00\" \/>\n<meta property=\"og:image\" content=\"https:\/\/www.rubengalarreta.com\/wp-content\/uploads\/2021\/04\/RUBEN-GALARRETA-ESSENTIALS-TANKPACK-COMBO-min.jpg\" \/>\n\t<meta property=\"og:image:width\" content=\"704\" \/>\n\t<meta property=\"og:image:height\" content=\"1000\" \/>\n\t<meta property=\"og:image:type\" content=\"image\/jpeg\" \/>\n<meta name=\"twitter:card\" content=\"summary_large_image\" \/>\n<meta name=\"twitter:label1\" content=\"Tiempo de lectura\" \/>\n\t<meta name=\"twitter:data1\" content=\"2 minutos\" \/>\n<script type=\"application\/ld+json\" class=\"yoast-schema-graph\">{\"@context\":\"https:\\\/\\\/schema.org\",\"@graph\":[{\"@type\":\"WebPage\",\"@id\":\"https:\\\/\\\/www.rubengalarreta.com\\\/es\\\/product\\\/man-es\\\/gym-es\\\/camiseta-gris-de-tirantes-copy-2\\\/\",\"url\":\"https:\\\/\\\/www.rubengalarreta.com\\\/es\\\/product\\\/man-es\\\/gym-es\\\/camiseta-gris-de-tirantes-copy-2\\\/\",\"name\":\"PACK DE 3 CAMISETAS DE TIRANTES - Ruben Galarreta Tienda Online\",\"isPartOf\":{\"@id\":\"https:\\\/\\\/www.rubengalarreta.com\\\/es\\\/#website\"},\"primaryImageOfPage\":{\"@id\":\"https:\\\/\\\/www.rubengalarreta.com\\\/es\\\/product\\\/man-es\\\/gym-es\\\/camiseta-gris-de-tirantes-copy-2\\\/#primaryimage\"},\"image\":{\"@id\":\"https:\\\/\\\/www.rubengalarreta.com\\\/es\\\/product\\\/man-es\\\/gym-es\\\/camiseta-gris-de-tirantes-copy-2\\\/#primaryimage\"},\"thumbnailUrl\":\"https:\\\/\\\/www.rubengalarreta.com\\\/wp-content\\\/uploads\\\/2021\\\/04\\\/RUBEN-GALARRETA-ESSENTIALS-TANKPACK-COMBO-min.jpg\",\"datePublished\":\"2021-04-20T11:42:13+00:00\",\"dateModified\":\"2021-04-21T15:25:38+00:00\",\"description\":\"Esta oferta incluye 3 camisetas de tirantes 1 gris + 1 negra + 1 blanca. compra online en nuestra tienda Online para hombre.\",\"breadcrumb\":{\"@id\":\"https:\\\/\\\/www.rubengalarreta.com\\\/es\\\/product\\\/man-es\\\/gym-es\\\/camiseta-gris-de-tirantes-copy-2\\\/#breadcrumb\"},\"inLanguage\":\"es\",\"potentialAction\":[{\"@type\":\"ReadAction\",\"target\":[\"https:\\\/\\\/www.rubengalarreta.com\\\/es\\\/product\\\/man-es\\\/gym-es\\\/camiseta-gris-de-tirantes-copy-2\\\/\"]}]},{\"@type\":\"ImageObject\",\"inLanguage\":\"es\",\"@id\":\"https:\\\/\\\/www.rubengalarreta.com\\\/es\\\/product\\\/man-es\\\/gym-es\\\/camiseta-gris-de-tirantes-copy-2\\\/#primaryimage\",\"url\":\"https:\\\/\\\/www.rubengalarreta.com\\\/wp-content\\\/uploads\\\/2021\\\/04\\\/RUBEN-GALARRETA-ESSENTIALS-TANKPACK-COMBO-min.jpg\",\"contentUrl\":\"https:\\\/\\\/www.rubengalarreta.com\\\/wp-content\\\/uploads\\\/2021\\\/04\\\/RUBEN-GALARRETA-ESSENTIALS-TANKPACK-COMBO-min.jpg\",\"width\":704,\"height\":1000},{\"@type\":\"BreadcrumbList\",\"@id\":\"https:\\\/\\\/www.rubengalarreta.com\\\/es\\\/product\\\/man-es\\\/gym-es\\\/camiseta-gris-de-tirantes-copy-2\\\/#breadcrumb\",\"itemListElement\":[{\"@type\":\"ListItem\",\"position\":1,\"name\":\"Home\",\"item\":\"https:\\\/\\\/www.rubengalarreta.com\\\/es\\\/\"},{\"@type\":\"ListItem\",\"position\":2,\"name\":\"Tienda Online\",\"item\":\"https:\\\/\\\/www.rubengalarreta.com\\\/es\\\/tienda-2\\\/\"},{\"@type\":\"ListItem\",\"position\":3,\"name\":\"PACK DE 3 CAMISETAS DE TIRANTES\"}]},{\"@type\":\"WebSite\",\"@id\":\"https:\\\/\\\/www.rubengalarreta.com\\\/es\\\/#website\",\"url\":\"https:\\\/\\\/www.rubengalarreta.com\\\/es\\\/\",\"name\":\"Ruben Galarreta\",\"description\":\"Hot Couture | Online Store\",\"publisher\":{\"@id\":\"https:\\\/\\\/www.rubengalarreta.com\\\/es\\\/#organization\"},\"potentialAction\":[{\"@type\":\"SearchAction\",\"target\":{\"@type\":\"EntryPoint\",\"urlTemplate\":\"https:\\\/\\\/www.rubengalarreta.com\\\/es\\\/?s={search_term_string}\"},\"query-input\":{\"@type\":\"PropertyValueSpecification\",\"valueRequired\":true,\"valueName\":\"search_term_string\"}}],\"inLanguage\":\"es\"},{\"@type\":\"Organization\",\"@id\":\"https:\\\/\\\/www.rubengalarreta.com\\\/es\\\/#organization\",\"name\":\"Ruben Galarreta\",\"url\":\"https:\\\/\\\/www.rubengalarreta.com\\\/es\\\/\",\"logo\":{\"@type\":\"ImageObject\",\"inLanguage\":\"es\",\"@id\":\"https:\\\/\\\/www.rubengalarreta.com\\\/es\\\/#\\\/schema\\\/logo\\\/image\\\/\",\"url\":\"https:\\\/\\\/www.rubengalarreta.com\\\/wp-content\\\/uploads\\\/2019\\\/10\\\/rubengalarreta-menswear.jpg\",\"contentUrl\":\"https:\\\/\\\/www.rubengalarreta.com\\\/wp-content\\\/uploads\\\/2019\\\/10\\\/rubengalarreta-menswear.jpg\",\"width\":1141,\"height\":146,\"caption\":\"Ruben Galarreta\"},\"image\":{\"@id\":\"https:\\\/\\\/www.rubengalarreta.com\\\/es\\\/#\\\/schema\\\/logo\\\/image\\\/\"}}]}<\/script>\n<!-- \/ Yoast SEO plugin. -->","yoast_head_json":{"title":"PACK DE 3 CAMISETAS DE TIRANTES - Ruben Galarreta Tienda Online","description":"Esta oferta incluye 3 camisetas de tirantes 1 gris + 1 negra + 1 blanca. compra online en nuestra tienda Online para hombre.","robots":{"index":"index","follow":"follow","max-snippet":"max-snippet:-1","max-image-preview":"max-image-preview:large","max-video-preview":"max-video-preview:-1"},"canonical":"https:\/\/www.rubengalarreta.com\/es\/product\/man-es\/gym-es\/camiseta-gris-de-tirantes-copy-2\/","og_locale":"es_ES","og_type":"article","og_title":"PACK DE 3 CAMISETAS DE TIRANTES - Ruben Galarreta Tienda Online","og_description":"Esta oferta incluye 3 camisetas de tirantes 1 gris + 1 negra + 1 blanca. compra online en nuestra tienda Online para hombre.","og_url":"https:\/\/www.rubengalarreta.com\/es\/product\/man-es\/gym-es\/camiseta-gris-de-tirantes-copy-2\/","og_site_name":"Ruben Galarreta","article_modified_time":"2021-04-21T15:25:38+00:00","og_image":[{"width":704,"height":1000,"url":"https:\/\/www.rubengalarreta.com\/wp-content\/uploads\/2021\/04\/RUBEN-GALARRETA-ESSENTIALS-TANKPACK-COMBO-min.jpg","type":"image\/jpeg"}],"twitter_card":"summary_large_image","twitter_misc":{"Tiempo de lectura":"2 minutos"},"schema":{"@context":"https:\/\/schema.org","@graph":[{"@type":"WebPage","@id":"https:\/\/www.rubengalarreta.com\/es\/product\/man-es\/gym-es\/camiseta-gris-de-tirantes-copy-2\/","url":"https:\/\/www.rubengalarreta.com\/es\/product\/man-es\/gym-es\/camiseta-gris-de-tirantes-copy-2\/","name":"PACK DE 3 CAMISETAS DE TIRANTES - Ruben Galarreta Tienda Online","isPartOf":{"@id":"https:\/\/www.rubengalarreta.com\/es\/#website"},"primaryImageOfPage":{"@id":"https:\/\/www.rubengalarreta.com\/es\/product\/man-es\/gym-es\/camiseta-gris-de-tirantes-copy-2\/#primaryimage"},"image":{"@id":"https:\/\/www.rubengalarreta.com\/es\/product\/man-es\/gym-es\/camiseta-gris-de-tirantes-copy-2\/#primaryimage"},"thumbnailUrl":"https:\/\/www.rubengalarreta.com\/wp-content\/uploads\/2021\/04\/RUBEN-GALARRETA-ESSENTIALS-TANKPACK-COMBO-min.jpg","datePublished":"2021-04-20T11:42:13+00:00","dateModified":"2021-04-21T15:25:38+00:00","description":"Esta oferta incluye 3 camisetas de tirantes 1 gris + 1 negra + 1 blanca. compra online en nuestra tienda Online para hombre.","breadcrumb":{"@id":"https:\/\/www.rubengalarreta.com\/es\/product\/man-es\/gym-es\/camiseta-gris-de-tirantes-copy-2\/#breadcrumb"},"inLanguage":"es","potentialAction":[{"@type":"ReadAction","target":["https:\/\/www.rubengalarreta.com\/es\/product\/man-es\/gym-es\/camiseta-gris-de-tirantes-copy-2\/"]}]},{"@type":"ImageObject","inLanguage":"es","@id":"https:\/\/www.rubengalarreta.com\/es\/product\/man-es\/gym-es\/camiseta-gris-de-tirantes-copy-2\/#primaryimage","url":"https:\/\/www.rubengalarreta.com\/wp-content\/uploads\/2021\/04\/RUBEN-GALARRETA-ESSENTIALS-TANKPACK-COMBO-min.jpg","contentUrl":"https:\/\/www.rubengalarreta.com\/wp-content\/uploads\/2021\/04\/RUBEN-GALARRETA-ESSENTIALS-TANKPACK-COMBO-min.jpg","width":704,"height":1000},{"@type":"BreadcrumbList","@id":"https:\/\/www.rubengalarreta.com\/es\/product\/man-es\/gym-es\/camiseta-gris-de-tirantes-copy-2\/#breadcrumb","itemListElement":[{"@type":"ListItem","position":1,"name":"Home","item":"https:\/\/www.rubengalarreta.com\/es\/"},{"@type":"ListItem","position":2,"name":"Tienda Online","item":"https:\/\/www.rubengalarreta.com\/es\/tienda-2\/"},{"@type":"ListItem","position":3,"name":"PACK DE 3 CAMISETAS DE TIRANTES"}]},{"@type":"WebSite","@id":"https:\/\/www.rubengalarreta.com\/es\/#website","url":"https:\/\/www.rubengalarreta.com\/es\/","name":"Ruben Galarreta","description":"Hot Couture | Online Store","publisher":{"@id":"https:\/\/www.rubengalarreta.com\/es\/#organization"},"potentialAction":[{"@type":"SearchAction","target":{"@type":"EntryPoint","urlTemplate":"https:\/\/www.rubengalarreta.com\/es\/?s={search_term_string}"},"query-input":{"@type":"PropertyValueSpecification","valueRequired":true,"valueName":"search_term_string"}}],"inLanguage":"es"},{"@type":"Organization","@id":"https:\/\/www.rubengalarreta.com\/es\/#organization","name":"Ruben Galarreta","url":"https:\/\/www.rubengalarreta.com\/es\/","logo":{"@type":"ImageObject","inLanguage":"es","@id":"https:\/\/www.rubengalarreta.com\/es\/#\/schema\/logo\/image\/","url":"https:\/\/www.rubengalarreta.com\/wp-content\/uploads\/2019\/10\/rubengalarreta-menswear.jpg","contentUrl":"https:\/\/www.rubengalarreta.com\/wp-content\/uploads\/2019\/10\/rubengalarreta-menswear.jpg","width":1141,"height":146,"caption":"Ruben Galarreta"},"image":{"@id":"https:\/\/www.rubengalarreta.com\/es\/#\/schema\/logo\/image\/"}}]}},"_links":{"self":[{"href":"https:\/\/www.rubengalarreta.com\/es\/wp-json\/wp\/v2\/product\/68658","targetHints":{"allow":["GET"]}}],"collection":[{"href":"https:\/\/www.rubengalarreta.com\/es\/wp-json\/wp\/v2\/product"}],"about":[{"href":"https:\/\/www.rubengalarreta.com\/es\/wp-json\/wp\/v2\/types\/product"}],"replies":[{"embeddable":true,"href":"https:\/\/www.rubengalarreta.com\/es\/wp-json\/wp\/v2\/comments?post=68658"}],"wp:featuredmedia":[{"embeddable":true,"href":"https:\/\/www.rubengalarreta.com\/es\/wp-json\/wp\/v2\/media\/68762"}],"wp:attachment":[{"href":"https:\/\/www.rubengalarreta.com\/es\/wp-json\/wp\/v2\/media?parent=68658"}],"wp:term":[{"taxonomy":"product_brand","embeddable":true,"href":"https:\/\/www.rubengalarreta.com\/es\/wp-json\/wp\/v2\/product_brand?post=68658"},{"taxonomy":"product_cat","embeddable":true,"href":"https:\/\/www.rubengalarreta.com\/es\/wp-json\/wp\/v2\/product_cat?post=68658"},{"taxonomy":"product_tag","embeddable":true,"href":"https:\/\/www.rubengalarreta.com\/es\/wp-json\/wp\/v2\/product_tag?post=68658"}],"curies":[{"name":"wp","href":"https:\/\/api.w.org\/{rel}","templated":true}]}}