{"id":68648,"date":"2021-04-20T13:12:10","date_gmt":"2021-04-20T11:12:10","guid":{"rendered":"https:\/\/www.rubengalarreta.com\/?post_type=product&#038;p=68648"},"modified":"2021-11-16T13:36:17","modified_gmt":"2021-11-16T12:36:17","slug":"camiseta-de-tirantes-amarilla","status":"publish","type":"product","link":"https:\/\/www.rubengalarreta.com\/es\/product\/man-es\/gym-es\/camiseta-de-tirantes-amarilla\/","title":{"rendered":"CAMISETA DE TIRANTES AMARILLA"},"content":{"rendered":"<h2><strong>CAMISETA DE TIRANTES AMARILLA\u00a0<\/strong><\/h2>\n<table style=\"height: 183px; width: 100%; border-collapse: collapse; border-style: hidden;\">\n<tbody>\n<tr valign=\"TOP\">\n<td style=\"width: 49.8998%; border-style: hidden;\" width=\"293\" height=\"19\"><span style=\"color: #000000;\"><span style=\"font-family: trebuchet ms, serif;\"><b>DETALLES DE PRODUCTO:<br \/>\n<\/b><\/span><\/span><span style=\"color: #999999;\"><span style=\"font-family: trebuchet ms, serif;\">-100% poli\u00e9ster microperforado<br \/>\n-Camiseta sin mangas de color negro, con etiqueta de silicona<br \/>\n-Cuello redondo y sisas ribeteadas en el mismo tejido<\/span><\/span><\/td>\n<td style=\"width: 50.1002%; border-style: hidden;\" width=\"293\"><span style=\"color: #000000;\"><span style=\"font-family: trebuchet ms, serif;\"><b>TALLA:<br \/>\n<\/b><\/span><\/span><span style=\"color: #999999;\"><span style=\"font-family: trebuchet ms, serif;\">-Smart Fit<\/span><\/span><\/td>\n<\/tr>\n<tr valign=\"TOP\">\n<td style=\"width: 49.8998%; border-style: hidden;\" width=\"293\" height=\"19\"><span style=\"color: #000000;\"><span style=\"font-family: trebuchet ms, serif;\"><b>CUIDADOS:<br \/>\n<\/b><\/span><\/span><span style=\"color: #999999;\"><span style=\"font-family: trebuchet ms, serif;\">-F\u00e1cil planchado y lavado a m\u00e1quina seg\u00fan las instrucciones de cuidado de la etiqueta<\/span><\/span><\/td>\n<td style=\"width: 50.1002%; border-style: hidden;\" width=\"293\"><span style=\"color: #000000;\"><span style=\"font-family: trebuchet ms, serif;\"><b>MEDIDAS MODELO:<br \/>\n<\/b><\/span><\/span><span style=\"color: #999999;\"><span style=\"font-family: trebuchet ms, serif;\">-Altura de modelo: 185cm\u00a0 5&#8242;.9\u00bb<br \/>\n-El modelo usa talla M<\/span><\/span><\/td>\n<\/tr>\n<\/tbody>\n<\/table>\n<table style=\"height: 31px; width: 100%; border-collapse: collapse; border-style: hidden;\">\n<tbody>\n<tr valign=\"TOP\">\n<td style=\"width: 49.8998%; border-style: hidden;\" width=\"293\" height=\"19\"><img loading=\"lazy\" decoding=\"async\" class=\"alignnone wp-image-67182\" src=\"https:\/\/www.rubengalarreta.com\/wp-content\/uploads\/2021\/03\/tech-tanktop-379x400.jpg\" alt=\"\" width=\"156\" height=\"165\" srcset=\"https:\/\/www.rubengalarreta.com\/wp-content\/uploads\/2021\/03\/tech-tanktop-379x400.jpg 379w, https:\/\/www.rubengalarreta.com\/wp-content\/uploads\/2021\/03\/tech-tanktop-758x800.jpg 758w, https:\/\/www.rubengalarreta.com\/wp-content\/uploads\/2021\/03\/tech-tanktop-768x811.jpg 768w, https:\/\/www.rubengalarreta.com\/wp-content\/uploads\/2021\/03\/tech-tanktop-1455x1536.jpg 1455w, https:\/\/www.rubengalarreta.com\/wp-content\/uploads\/2021\/03\/tech-tanktop-247x261.jpg 247w, https:\/\/www.rubengalarreta.com\/wp-content\/uploads\/2021\/03\/tech-tanktop-510x538.jpg 510w, https:\/\/www.rubengalarreta.com\/wp-content\/uploads\/2021\/03\/tech-tanktop.jpg 1600w\" sizes=\"auto, (max-width: 156px) 100vw, 156px\" \/><\/td>\n<td style=\"width: 50.1002%; border-style: hidden;\" width=\"293\"><span style=\"color: #000000;\"><span style=\"font-family: trebuchet ms, serif;\"><b>GU\u00cdA DE MEDIDAS:<br \/>\n<\/b><\/span><\/span><\/p>\n<ul>\n<li><span style=\"color: #999999;\"><span style=\"color: #999999;\"><span style=\"font-family: trebuchet ms, serif;\"><span style=\"color: #000000;\">Small:<\/span> A 46cm B 62cm \/ 18.1&#8243; x\u00a0 24.4&#8243;<\/span><\/span><\/span><\/li>\n<li><span style=\"color: #999999;\"><span style=\"color: #999999;\"><span style=\"font-family: trebuchet ms, serif;\"><span style=\"color: #000000;\">Medium:<\/span> A 50cm B 65cm \/ 19.7&#8243; x 25.6&#8243;<\/span><\/span><\/span><\/li>\n<li><span style=\"color: #999999;\"><span style=\"color: #999999;\"><span style=\"font-family: trebuchet ms, serif;\"><span style=\"color: #000000;\">Large:<\/span> A 53cm B 66cm \/ 20.8&#8243; x 25.98&#8243;<\/span><\/span><\/span><\/li>\n<\/ul>\n<\/td>\n<\/tr>\n<\/tbody>\n<\/table>\n<h4><strong>DESCRIPCI\u00d3N<\/strong><\/h4>\n<p>La CAMISETA DE TIRANTES AMARILLA para hombre est\u00e1 dise\u00f1ada por nosotros en Espa\u00f1a. Se trata de una camiseta sin mangas de colores amarillo y negro con una etiqueta de silicona. Es una camiseta de tirantes cl\u00e1sica que permite una gran versatilidad a la hora de vestir, permiti\u00e9ndote combinarla con pr\u00e1cticamente cualquier otra prenda. Lo m\u00e1s destacado de la camiseta, adem\u00e1s de la tela microperforada, son los detalles de silicona Galarreta en la parte superior del pecho.<\/p>\n<div><\/div>\n<div>El slim fit de la CAMISETA DE TIRANTES AMARILLA viene en tres tama\u00f1os: small, medium &amp; large. Adem\u00e1s, esta camiseta de tirantes para hombre ofrece una notable transpirabilidad y comodidad, caracter\u00edsticas que lo hacen ideal para cualquier tipo de ocasi\u00f3n. Se adapta perfectamente para ir al gimnasio o para pasar el rato con amigos. A su vez, la camiseta se adapta muy bien a todo tipo de cuerpo, a la vez que se siente muy suave en la piel. Esta prenda es perfecta tanto para el d\u00eda a d\u00eda como para ir al gimnasio o con un outfit informal.<\/div>\n<div><\/div>\n<h4><strong>CONSEJOS DE ESTILISMO<\/strong><\/h4>\n<div>\n<p>Si quieres un look urbano y c\u00f3modo, RUBEN GALARRETA te propone combinarla con nuestros <a href=\"https:\/\/www.rubengalarreta.com\/es\/product\/man-es\/gym-es\/shorts-negros\/\">SHORTS NEGROS<\/a> y tus sneakers favoritas. De esta manera, ser\u00e1s el centro de atenci\u00f3n del gimnasio.<\/p>\n<\/div>\n","protected":false},"excerpt":{"rendered":"<h1><strong>CAMISETA DE TIRANTES AMARILLA<\/strong><\/h1>\n<p>Esta CAMISETA DE TIRANTES AMARILLA dise\u00f1ada en Espa\u00f1a por nosotros. Esta camiseta es perfecta para ir al gimnasio y otorgar a tu look un toque mas atrevido y colorido que no dejar\u00e1 a nadie indiferente.<\/p>\n","protected":false},"featured_media":69037,"comment_status":"closed","ping_status":"closed","template":"","meta":{"_monsterinsights_skip_tracking":false,"_monsterinsights_sitenote_active":false,"_monsterinsights_sitenote_note":"","_monsterinsights_sitenote_category":0},"product_brand":[],"product_cat":[2324,1921],"product_tag":[2171,2325],"class_list":{"0":"post-68648","1":"product","2":"type-product","3":"status-publish","4":"has-post-thumbnail","6":"product_cat-gym-es","7":"product_cat-man-es","8":"product_tag-camisetas-y-tops","9":"product_tag-ropa-deportiva","11":"first","12":"outofstock","13":"sale","14":"taxable","15":"shipping-taxable","16":"purchasable","17":"product-type-variable","18":"has-default-attributes"},"yoast_head":"<!-- This site is optimized with the Yoast SEO plugin v27.5 - https:\/\/yoast.com\/product\/yoast-seo-wordpress\/ -->\n<title>CAMISETA DE TIRANTES AMARILLA para hombre - Ruben Galarreta<\/title>\n<meta name=\"description\" content=\"CAMISETA DE TIRANTES AMARILLA dise\u00f1ada en Espa\u00f1a. Se trata de una camiseta sin mangas de color amarillo de rejilla fina.\" \/>\n<meta name=\"robots\" content=\"index, follow, max-snippet:-1, max-image-preview:large, max-video-preview:-1\" \/>\n<link rel=\"canonical\" href=\"https:\/\/www.rubengalarreta.com\/es\/product\/man-es\/gym-es\/camiseta-de-tirantes-amarilla\/\" \/>\n<meta property=\"og:locale\" content=\"es_ES\" \/>\n<meta property=\"og:type\" content=\"article\" \/>\n<meta property=\"og:title\" content=\"CAMISETA DE TIRANTES AMARILLA para hombre - Ruben Galarreta\" \/>\n<meta property=\"og:description\" content=\"CAMISETA DE TIRANTES AMARILLA dise\u00f1ada en Espa\u00f1a. Se trata de una camiseta sin mangas de color amarillo de rejilla fina.\" \/>\n<meta property=\"og:url\" content=\"https:\/\/www.rubengalarreta.com\/es\/product\/man-es\/gym-es\/camiseta-de-tirantes-amarilla\/\" \/>\n<meta property=\"og:site_name\" content=\"Ruben Galarreta\" \/>\n<meta property=\"article:modified_time\" content=\"2021-11-16T12:36:17+00:00\" \/>\n<meta property=\"og:image\" content=\"https:\/\/www.rubengalarreta.com\/wp-content\/uploads\/2021\/04\/ruben-galarreta-gym-collection-fashion-men-fitness-neon-tank-side-min.jpg\" \/>\n\t<meta property=\"og:image:width\" content=\"704\" \/>\n\t<meta property=\"og:image:height\" content=\"1000\" \/>\n\t<meta property=\"og:image:type\" content=\"image\/jpeg\" \/>\n<meta name=\"twitter:card\" content=\"summary_large_image\" \/>\n<meta name=\"twitter:label1\" content=\"Tiempo de lectura\" \/>\n\t<meta name=\"twitter:data1\" content=\"2 minutos\" \/>\n<script type=\"application\/ld+json\" class=\"yoast-schema-graph\">{\"@context\":\"https:\\\/\\\/schema.org\",\"@graph\":[{\"@type\":\"WebPage\",\"@id\":\"https:\\\/\\\/www.rubengalarreta.com\\\/es\\\/product\\\/man-es\\\/gym-es\\\/camiseta-de-tirantes-amarilla\\\/\",\"url\":\"https:\\\/\\\/www.rubengalarreta.com\\\/es\\\/product\\\/man-es\\\/gym-es\\\/camiseta-de-tirantes-amarilla\\\/\",\"name\":\"CAMISETA DE TIRANTES AMARILLA para hombre - Ruben Galarreta\",\"isPartOf\":{\"@id\":\"https:\\\/\\\/www.rubengalarreta.com\\\/es\\\/#website\"},\"primaryImageOfPage\":{\"@id\":\"https:\\\/\\\/www.rubengalarreta.com\\\/es\\\/product\\\/man-es\\\/gym-es\\\/camiseta-de-tirantes-amarilla\\\/#primaryimage\"},\"image\":{\"@id\":\"https:\\\/\\\/www.rubengalarreta.com\\\/es\\\/product\\\/man-es\\\/gym-es\\\/camiseta-de-tirantes-amarilla\\\/#primaryimage\"},\"thumbnailUrl\":\"https:\\\/\\\/www.rubengalarreta.com\\\/wp-content\\\/uploads\\\/2021\\\/04\\\/ruben-galarreta-gym-collection-fashion-men-fitness-neon-tank-look-min.jpg\",\"datePublished\":\"2021-04-20T11:12:10+00:00\",\"dateModified\":\"2021-11-16T12:36:17+00:00\",\"description\":\"CAMISETA DE TIRANTES AMARILLA dise\u00f1ada en Espa\u00f1a. Se trata de una camiseta sin mangas de color amarillo de rejilla fina.\",\"breadcrumb\":{\"@id\":\"https:\\\/\\\/www.rubengalarreta.com\\\/es\\\/product\\\/man-es\\\/gym-es\\\/camiseta-de-tirantes-amarilla\\\/#breadcrumb\"},\"inLanguage\":\"es\",\"potentialAction\":[{\"@type\":\"ReadAction\",\"target\":[\"https:\\\/\\\/www.rubengalarreta.com\\\/es\\\/product\\\/man-es\\\/gym-es\\\/camiseta-de-tirantes-amarilla\\\/\"]}]},{\"@type\":\"ImageObject\",\"inLanguage\":\"es\",\"@id\":\"https:\\\/\\\/www.rubengalarreta.com\\\/es\\\/product\\\/man-es\\\/gym-es\\\/camiseta-de-tirantes-amarilla\\\/#primaryimage\",\"url\":\"https:\\\/\\\/www.rubengalarreta.com\\\/wp-content\\\/uploads\\\/2021\\\/04\\\/ruben-galarreta-gym-collection-fashion-men-fitness-neon-tank-look-min.jpg\",\"contentUrl\":\"https:\\\/\\\/www.rubengalarreta.com\\\/wp-content\\\/uploads\\\/2021\\\/04\\\/ruben-galarreta-gym-collection-fashion-men-fitness-neon-tank-look-min.jpg\",\"width\":704,\"height\":1000,\"caption\":\"SPORTY YELLOW TANK TOP\"},{\"@type\":\"BreadcrumbList\",\"@id\":\"https:\\\/\\\/www.rubengalarreta.com\\\/es\\\/product\\\/man-es\\\/gym-es\\\/camiseta-de-tirantes-amarilla\\\/#breadcrumb\",\"itemListElement\":[{\"@type\":\"ListItem\",\"position\":1,\"name\":\"Home\",\"item\":\"https:\\\/\\\/www.rubengalarreta.com\\\/es\\\/\"},{\"@type\":\"ListItem\",\"position\":2,\"name\":\"Tienda Online\",\"item\":\"https:\\\/\\\/www.rubengalarreta.com\\\/es\\\/tienda-2\\\/\"},{\"@type\":\"ListItem\",\"position\":3,\"name\":\"CAMISETA DE TIRANTES AMARILLA\"}]},{\"@type\":\"WebSite\",\"@id\":\"https:\\\/\\\/www.rubengalarreta.com\\\/es\\\/#website\",\"url\":\"https:\\\/\\\/www.rubengalarreta.com\\\/es\\\/\",\"name\":\"Ruben Galarreta\",\"description\":\"Hot Couture | Online Store\",\"publisher\":{\"@id\":\"https:\\\/\\\/www.rubengalarreta.com\\\/es\\\/#organization\"},\"potentialAction\":[{\"@type\":\"SearchAction\",\"target\":{\"@type\":\"EntryPoint\",\"urlTemplate\":\"https:\\\/\\\/www.rubengalarreta.com\\\/es\\\/?s={search_term_string}\"},\"query-input\":{\"@type\":\"PropertyValueSpecification\",\"valueRequired\":true,\"valueName\":\"search_term_string\"}}],\"inLanguage\":\"es\"},{\"@type\":\"Organization\",\"@id\":\"https:\\\/\\\/www.rubengalarreta.com\\\/es\\\/#organization\",\"name\":\"Ruben Galarreta\",\"url\":\"https:\\\/\\\/www.rubengalarreta.com\\\/es\\\/\",\"logo\":{\"@type\":\"ImageObject\",\"inLanguage\":\"es\",\"@id\":\"https:\\\/\\\/www.rubengalarreta.com\\\/es\\\/#\\\/schema\\\/logo\\\/image\\\/\",\"url\":\"https:\\\/\\\/www.rubengalarreta.com\\\/wp-content\\\/uploads\\\/2019\\\/10\\\/rubengalarreta-menswear.jpg\",\"contentUrl\":\"https:\\\/\\\/www.rubengalarreta.com\\\/wp-content\\\/uploads\\\/2019\\\/10\\\/rubengalarreta-menswear.jpg\",\"width\":1141,\"height\":146,\"caption\":\"Ruben Galarreta\"},\"image\":{\"@id\":\"https:\\\/\\\/www.rubengalarreta.com\\\/es\\\/#\\\/schema\\\/logo\\\/image\\\/\"}}]}<\/script>\n<!-- \/ Yoast SEO plugin. -->","yoast_head_json":{"title":"CAMISETA DE TIRANTES AMARILLA para hombre - Ruben Galarreta","description":"CAMISETA DE TIRANTES AMARILLA dise\u00f1ada en Espa\u00f1a. Se trata de una camiseta sin mangas de color amarillo de rejilla fina.","robots":{"index":"index","follow":"follow","max-snippet":"max-snippet:-1","max-image-preview":"max-image-preview:large","max-video-preview":"max-video-preview:-1"},"canonical":"https:\/\/www.rubengalarreta.com\/es\/product\/man-es\/gym-es\/camiseta-de-tirantes-amarilla\/","og_locale":"es_ES","og_type":"article","og_title":"CAMISETA DE TIRANTES AMARILLA para hombre - Ruben Galarreta","og_description":"CAMISETA DE TIRANTES AMARILLA dise\u00f1ada en Espa\u00f1a. Se trata de una camiseta sin mangas de color amarillo de rejilla fina.","og_url":"https:\/\/www.rubengalarreta.com\/es\/product\/man-es\/gym-es\/camiseta-de-tirantes-amarilla\/","og_site_name":"Ruben Galarreta","article_modified_time":"2021-11-16T12:36:17+00:00","og_image":[{"width":704,"height":1000,"url":"https:\/\/www.rubengalarreta.com\/wp-content\/uploads\/2021\/04\/ruben-galarreta-gym-collection-fashion-men-fitness-neon-tank-side-min.jpg","type":"image\/jpeg"}],"twitter_card":"summary_large_image","twitter_misc":{"Tiempo de lectura":"2 minutos"},"schema":{"@context":"https:\/\/schema.org","@graph":[{"@type":"WebPage","@id":"https:\/\/www.rubengalarreta.com\/es\/product\/man-es\/gym-es\/camiseta-de-tirantes-amarilla\/","url":"https:\/\/www.rubengalarreta.com\/es\/product\/man-es\/gym-es\/camiseta-de-tirantes-amarilla\/","name":"CAMISETA DE TIRANTES AMARILLA para hombre - Ruben Galarreta","isPartOf":{"@id":"https:\/\/www.rubengalarreta.com\/es\/#website"},"primaryImageOfPage":{"@id":"https:\/\/www.rubengalarreta.com\/es\/product\/man-es\/gym-es\/camiseta-de-tirantes-amarilla\/#primaryimage"},"image":{"@id":"https:\/\/www.rubengalarreta.com\/es\/product\/man-es\/gym-es\/camiseta-de-tirantes-amarilla\/#primaryimage"},"thumbnailUrl":"https:\/\/www.rubengalarreta.com\/wp-content\/uploads\/2021\/04\/ruben-galarreta-gym-collection-fashion-men-fitness-neon-tank-look-min.jpg","datePublished":"2021-04-20T11:12:10+00:00","dateModified":"2021-11-16T12:36:17+00:00","description":"CAMISETA DE TIRANTES AMARILLA dise\u00f1ada en Espa\u00f1a. Se trata de una camiseta sin mangas de color amarillo de rejilla fina.","breadcrumb":{"@id":"https:\/\/www.rubengalarreta.com\/es\/product\/man-es\/gym-es\/camiseta-de-tirantes-amarilla\/#breadcrumb"},"inLanguage":"es","potentialAction":[{"@type":"ReadAction","target":["https:\/\/www.rubengalarreta.com\/es\/product\/man-es\/gym-es\/camiseta-de-tirantes-amarilla\/"]}]},{"@type":"ImageObject","inLanguage":"es","@id":"https:\/\/www.rubengalarreta.com\/es\/product\/man-es\/gym-es\/camiseta-de-tirantes-amarilla\/#primaryimage","url":"https:\/\/www.rubengalarreta.com\/wp-content\/uploads\/2021\/04\/ruben-galarreta-gym-collection-fashion-men-fitness-neon-tank-look-min.jpg","contentUrl":"https:\/\/www.rubengalarreta.com\/wp-content\/uploads\/2021\/04\/ruben-galarreta-gym-collection-fashion-men-fitness-neon-tank-look-min.jpg","width":704,"height":1000,"caption":"SPORTY YELLOW TANK TOP"},{"@type":"BreadcrumbList","@id":"https:\/\/www.rubengalarreta.com\/es\/product\/man-es\/gym-es\/camiseta-de-tirantes-amarilla\/#breadcrumb","itemListElement":[{"@type":"ListItem","position":1,"name":"Home","item":"https:\/\/www.rubengalarreta.com\/es\/"},{"@type":"ListItem","position":2,"name":"Tienda Online","item":"https:\/\/www.rubengalarreta.com\/es\/tienda-2\/"},{"@type":"ListItem","position":3,"name":"CAMISETA DE TIRANTES AMARILLA"}]},{"@type":"WebSite","@id":"https:\/\/www.rubengalarreta.com\/es\/#website","url":"https:\/\/www.rubengalarreta.com\/es\/","name":"Ruben Galarreta","description":"Hot Couture | Online Store","publisher":{"@id":"https:\/\/www.rubengalarreta.com\/es\/#organization"},"potentialAction":[{"@type":"SearchAction","target":{"@type":"EntryPoint","urlTemplate":"https:\/\/www.rubengalarreta.com\/es\/?s={search_term_string}"},"query-input":{"@type":"PropertyValueSpecification","valueRequired":true,"valueName":"search_term_string"}}],"inLanguage":"es"},{"@type":"Organization","@id":"https:\/\/www.rubengalarreta.com\/es\/#organization","name":"Ruben Galarreta","url":"https:\/\/www.rubengalarreta.com\/es\/","logo":{"@type":"ImageObject","inLanguage":"es","@id":"https:\/\/www.rubengalarreta.com\/es\/#\/schema\/logo\/image\/","url":"https:\/\/www.rubengalarreta.com\/wp-content\/uploads\/2019\/10\/rubengalarreta-menswear.jpg","contentUrl":"https:\/\/www.rubengalarreta.com\/wp-content\/uploads\/2019\/10\/rubengalarreta-menswear.jpg","width":1141,"height":146,"caption":"Ruben Galarreta"},"image":{"@id":"https:\/\/www.rubengalarreta.com\/es\/#\/schema\/logo\/image\/"}}]}},"_links":{"self":[{"href":"https:\/\/www.rubengalarreta.com\/es\/wp-json\/wp\/v2\/product\/68648","targetHints":{"allow":["GET"]}}],"collection":[{"href":"https:\/\/www.rubengalarreta.com\/es\/wp-json\/wp\/v2\/product"}],"about":[{"href":"https:\/\/www.rubengalarreta.com\/es\/wp-json\/wp\/v2\/types\/product"}],"replies":[{"embeddable":true,"href":"https:\/\/www.rubengalarreta.com\/es\/wp-json\/wp\/v2\/comments?post=68648"}],"wp:featuredmedia":[{"embeddable":true,"href":"https:\/\/www.rubengalarreta.com\/es\/wp-json\/wp\/v2\/media\/69037"}],"wp:attachment":[{"href":"https:\/\/www.rubengalarreta.com\/es\/wp-json\/wp\/v2\/media?parent=68648"}],"wp:term":[{"taxonomy":"product_brand","embeddable":true,"href":"https:\/\/www.rubengalarreta.com\/es\/wp-json\/wp\/v2\/product_brand?post=68648"},{"taxonomy":"product_cat","embeddable":true,"href":"https:\/\/www.rubengalarreta.com\/es\/wp-json\/wp\/v2\/product_cat?post=68648"},{"taxonomy":"product_tag","embeddable":true,"href":"https:\/\/www.rubengalarreta.com\/es\/wp-json\/wp\/v2\/product_tag?post=68648"}],"curies":[{"name":"wp","href":"https:\/\/api.w.org\/{rel}","templated":true}]}}