{"id":67237,"date":"2021-03-18T17:52:55","date_gmt":"2021-03-18T16:52:55","guid":{"rendered":"https:\/\/www.rubengalarreta.com\/?post_type=product&#038;p=67237"},"modified":"2021-11-10T17:58:26","modified_gmt":"2021-11-10T16:58:26","slug":"shorts-con-legging-essentials","status":"publish","type":"product","link":"https:\/\/www.rubengalarreta.com\/es\/product\/man-es\/gym-es\/shorts-con-legging-essentials\/","title":{"rendered":"SHORTS CON LEGGING ESSENTIALS"},"content":{"rendered":"<h2><strong>SHORTS CON LEGGING ESSENTIALS<\/strong><\/h2>\n<table style=\"height: 183px; width: 100%; border-collapse: collapse; border-style: hidden;\">\n<tbody>\n<tr valign=\"TOP\">\n<td style=\"width: 49.8998%; border-style: hidden;\" width=\"293\" height=\"19\"><span style=\"color: #000000;\"><span style=\"font-family: trebuchet ms, serif;\"><b>DETALLES DE PRODUCTO:<br \/>\n<\/b><\/span><\/span><span style=\"color: #999999;\"><span style=\"font-family: trebuchet ms, serif;\">&#8211; Tejido: 90% poli\u00e9ster \/ 10% elastano<br \/>\n&#8211; Malla: 84% poli\u00e9ster \/ 16% elastano<\/span><\/span><\/td>\n<td style=\"width: 50.1002%; border-style: hidden;\" width=\"293\"><span style=\"color: #000000;\"><span style=\"font-family: trebuchet ms, serif;\"><b>TALLA:<br \/>\n<\/b><\/span><\/span><span style=\"color: #999999;\"><span style=\"font-family: trebuchet ms, serif;\">-Smart Fit<\/span><\/span><\/td>\n<\/tr>\n<tr valign=\"TOP\">\n<td style=\"width: 49.8998%; border-style: hidden;\" width=\"293\" height=\"19\"><span style=\"color: #000000;\"><span style=\"font-family: trebuchet ms, serif;\"><b>CUIDADOS:<br \/>\n<\/b><\/span><\/span><span style=\"color: #999999;\"><span style=\"font-family: trebuchet ms, serif;\">-F\u00e1cil planchado y lavado a m\u00e1quina seg\u00fan las instrucciones de cuidado de la etiqueta<\/span><\/span><\/td>\n<td style=\"width: 50.1002%; border-style: hidden;\" width=\"293\"><span style=\"color: #000000;\"><span style=\"font-family: trebuchet ms, serif;\"><b>MEDIDAS MODELO:<br \/>\n<\/b><\/span><\/span><span style=\"color: #999999;\"><span style=\"font-family: trebuchet ms, serif;\">-Altura de modelo: 185cm<br \/>\n-El modelo usa talla M<\/span><\/span><\/td>\n<\/tr>\n<\/tbody>\n<\/table>\n<table style=\"height: 31px; width: 100%; border-collapse: collapse; border-style: hidden;\">\n<tbody>\n<tr valign=\"TOP\">\n<td style=\"width: 49.8998%; border-style: hidden;\" width=\"293\" height=\"19\"><img loading=\"lazy\" decoding=\"async\" class=\"alignnone wp-image-67184\" src=\"https:\/\/www.rubengalarreta.com\/wp-content\/uploads\/2021\/03\/tech-shorts-379x400.jpg\" alt=\"\" width=\"145\" height=\"153\" srcset=\"https:\/\/www.rubengalarreta.com\/wp-content\/uploads\/2021\/03\/tech-shorts-379x400.jpg 379w, https:\/\/www.rubengalarreta.com\/wp-content\/uploads\/2021\/03\/tech-shorts-758x800.jpg 758w, https:\/\/www.rubengalarreta.com\/wp-content\/uploads\/2021\/03\/tech-shorts-768x811.jpg 768w, https:\/\/www.rubengalarreta.com\/wp-content\/uploads\/2021\/03\/tech-shorts-1455x1536.jpg 1455w, https:\/\/www.rubengalarreta.com\/wp-content\/uploads\/2021\/03\/tech-shorts-247x261.jpg 247w, https:\/\/www.rubengalarreta.com\/wp-content\/uploads\/2021\/03\/tech-shorts-510x538.jpg 510w, https:\/\/www.rubengalarreta.com\/wp-content\/uploads\/2021\/03\/tech-shorts.jpg 1600w\" sizes=\"auto, (max-width: 145px) 100vw, 145px\" \/><\/td>\n<td style=\"width: 50.1002%; border-style: hidden;\" width=\"293\"><span style=\"color: #000000;\"><span style=\"font-family: trebuchet ms, serif;\"><b>GU\u00cdA DE MEDIDAS:<br \/>\n<\/b><\/span><\/span><\/p>\n<ul>\n<li><span style=\"color: #999999;\"><span style=\"color: #999999;\"><span style=\"font-family: trebuchet ms, serif;\"><span style=\"color: #000000;\">Small:<\/span> A 34 cm B 28 cm \/ 13.4&#8243; x\u00a0 11&#8243;<\/span><\/span><\/span><\/li>\n<li><span style=\"color: #999999;\"><span style=\"color: #999999;\"><span style=\"font-family: trebuchet ms, serif;\"><span style=\"color: #000000;\">Medium:<\/span> A 36 cm B 30 cm \/ 14.1&#8243; x 11.8&#8243;<\/span><\/span><\/span><\/li>\n<li><span style=\"color: #999999;\"><span style=\"color: #999999;\"><span style=\"font-family: trebuchet ms, serif;\"><span style=\"color: #000000;\">Large:<\/span> A 38 cm B 32 cm \/ 14.9&#8243; x 12.5&#8243;<\/span><\/span><\/span><\/li>\n<\/ul>\n<\/td>\n<\/tr>\n<\/tbody>\n<\/table>\n<h4><strong>DESCRIPCI\u00d3N<\/strong><\/h4>\n<div>Este SHORTS CON LEGGING ESSENTIALS para hombre est\u00e1 dise\u00f1ado en Espa\u00f1a por nosotros. Este short para hombre es negro, corto, tiene cintura el\u00e1stica y cordones ajustables. Es un short b\u00e1sico, que permite una gran versatilidad y utilidad. Lo m\u00e1s destacado del short es que tiene el logo GALARRETA\u00a0 en la parte inferior de la pierna izquierda.<\/div>\n<div><\/div>\n<div>\n<div>El corte regular de los SHORTS CON LEGGING ESSENTIALS est\u00e1 disponible en tres tallas: peque\u00f1a, mediana y grande. Adem\u00e1s, este short negro para hombre ofrece una notable transpirabilidad y comodidad, caracter\u00edsticas que lo hacen ideal para cualquier tipo de ocasi\u00f3n, incluso para el gimnasio. A su vez, el short se adapta muy bien a todo tipo de cuerpos, a la vez que se siente muy suave en la piel. Como dice el nombre de esta colecci\u00f3n de moda masculina ESSENTIALS, las prendas son ideales para el d\u00eda a d\u00eda y el uso casual.<\/div>\n<div><\/div>\n<div>El color negro siempre ha sido considerado como el color comod\u00edn, combina con cualquier otro color, capaz de salvar todas esas situaciones en las que la indecisi\u00f3n a la hora de vestir nos vence. Tambi\u00e9n simboliza el misterio, el poder, el control, la independencia y la fuerza interior. Este short regular fit para hombre te ayudar\u00e1 a conseguir la atenci\u00f3n que mereces. En otras palabras, este short te ser\u00e1 muy \u00fatil cuando quieras estar c\u00f3modo en cualquier momento.<\/div>\n<\/div>\n<h4><strong>CONSEJOS DE ESTILISMO<\/strong><\/h4>\n<div>\n<div>Si quieres un look urbano y c\u00f3modo, RUBEN GALARRETA te sugiere que lo combines con nuestro ESSENTIALS BLACK MESH VEST y tus zapatillas favoritas. Tambi\u00e9n puedes llevarlo con otras camisetas de nuestra marca, como nuestra TEE ESSENTIALS SPECIAL BLACK, o con nuestro ESSENTIALS MESH WAISTCOAT. Y no te olvides de nuestra BOLSA ESSENTIALS BLACK para completar tu look.<\/div>\n<\/div>\n","protected":false},"excerpt":{"rendered":"<h1><strong>SHORTS CON LEGGING ESSENTIALS<\/strong><\/h1>\n<div>Este SHORTS CON LEGGING ESSENTIALS para hombre est\u00e1 dise\u00f1ado en Espa\u00f1a por nosotros. Este short para hombre es negro, corto, tiene cintura el\u00e1stica y cordones ajustables.<\/div>\n","protected":false},"featured_media":67180,"comment_status":"closed","ping_status":"closed","template":"","meta":{"_monsterinsights_skip_tracking":false,"_monsterinsights_sitenote_active":false,"_monsterinsights_sitenote_note":"","_monsterinsights_sitenote_category":0},"product_brand":[],"product_cat":[2324,2081],"product_tag":[2169,2325],"class_list":{"0":"post-67237","1":"product","2":"type-product","3":"status-publish","4":"has-post-thumbnail","6":"product_cat-gym-es","7":"product_cat-sales-es-outlet","8":"product_tag-pantalones-shorts","9":"product_tag-ropa-deportiva","11":"first","12":"outofstock","13":"sale","14":"taxable","15":"shipping-taxable","16":"purchasable","17":"product-type-variable","18":"has-default-attributes"},"yoast_head":"<!-- This site is optimized with the Yoast SEO plugin v27.5 - https:\/\/yoast.com\/product\/yoast-seo-wordpress\/ -->\n<title>SHORTS CON LEGGING ESSENTIALS - Ruben Galarreta Tienda<\/title>\n<meta name=\"description\" content=\"Estos SHORTS CON LEGGING ESSENTIALS est\u00e1n fabricados en Espa\u00f1a por nosotros. Cuentan con cintura el\u00e1stica y cordones ajustables.\" \/>\n<meta name=\"robots\" content=\"index, follow, max-snippet:-1, max-image-preview:large, max-video-preview:-1\" \/>\n<link rel=\"canonical\" href=\"https:\/\/www.rubengalarreta.com\/es\/product\/man-es\/gym-es\/shorts-con-legging-essentials\/\" \/>\n<meta property=\"og:locale\" content=\"es_ES\" \/>\n<meta property=\"og:type\" content=\"article\" \/>\n<meta property=\"og:title\" content=\"SHORTS CON LEGGING ESSENTIALS - Ruben Galarreta Tienda\" \/>\n<meta property=\"og:description\" content=\"Estos SHORTS CON LEGGING ESSENTIALS est\u00e1n fabricados en Espa\u00f1a por nosotros. Cuentan con cintura el\u00e1stica y cordones ajustables.\" \/>\n<meta property=\"og:url\" content=\"https:\/\/www.rubengalarreta.com\/es\/product\/man-es\/gym-es\/shorts-con-legging-essentials\/\" \/>\n<meta property=\"og:site_name\" content=\"Ruben Galarreta\" \/>\n<meta property=\"article:modified_time\" content=\"2021-11-10T16:58:26+00:00\" \/>\n<meta property=\"og:image\" content=\"https:\/\/www.rubengalarreta.com\/wp-content\/uploads\/2021\/03\/ruben-galarreta-sport-mens-wear-essentials-collection-short-front-side-min.jpg\" \/>\n\t<meta property=\"og:image:width\" content=\"704\" \/>\n\t<meta property=\"og:image:height\" content=\"1000\" \/>\n\t<meta property=\"og:image:type\" content=\"image\/jpeg\" \/>\n<meta name=\"twitter:card\" content=\"summary_large_image\" \/>\n<meta name=\"twitter:label1\" content=\"Tiempo de lectura\" \/>\n\t<meta name=\"twitter:data1\" content=\"2 minutos\" \/>\n<script type=\"application\/ld+json\" class=\"yoast-schema-graph\">{\"@context\":\"https:\\\/\\\/schema.org\",\"@graph\":[{\"@type\":\"WebPage\",\"@id\":\"https:\\\/\\\/www.rubengalarreta.com\\\/es\\\/product\\\/man-es\\\/gym-es\\\/shorts-con-legging-essentials\\\/\",\"url\":\"https:\\\/\\\/www.rubengalarreta.com\\\/es\\\/product\\\/man-es\\\/gym-es\\\/shorts-con-legging-essentials\\\/\",\"name\":\"SHORTS CON LEGGING ESSENTIALS - Ruben Galarreta Tienda\",\"isPartOf\":{\"@id\":\"https:\\\/\\\/www.rubengalarreta.com\\\/es\\\/#website\"},\"primaryImageOfPage\":{\"@id\":\"https:\\\/\\\/www.rubengalarreta.com\\\/es\\\/product\\\/man-es\\\/gym-es\\\/shorts-con-legging-essentials\\\/#primaryimage\"},\"image\":{\"@id\":\"https:\\\/\\\/www.rubengalarreta.com\\\/es\\\/product\\\/man-es\\\/gym-es\\\/shorts-con-legging-essentials\\\/#primaryimage\"},\"thumbnailUrl\":\"https:\\\/\\\/www.rubengalarreta.com\\\/wp-content\\\/uploads\\\/2021\\\/03\\\/ruben-galarreta-sport-mens-wear-essentials-collection-short-front-side-min.jpg\",\"datePublished\":\"2021-03-18T16:52:55+00:00\",\"dateModified\":\"2021-11-10T16:58:26+00:00\",\"description\":\"Estos SHORTS CON LEGGING ESSENTIALS est\u00e1n fabricados en Espa\u00f1a por nosotros. Cuentan con cintura el\u00e1stica y cordones ajustables.\",\"breadcrumb\":{\"@id\":\"https:\\\/\\\/www.rubengalarreta.com\\\/es\\\/product\\\/man-es\\\/gym-es\\\/shorts-con-legging-essentials\\\/#breadcrumb\"},\"inLanguage\":\"es\",\"potentialAction\":[{\"@type\":\"ReadAction\",\"target\":[\"https:\\\/\\\/www.rubengalarreta.com\\\/es\\\/product\\\/man-es\\\/gym-es\\\/shorts-con-legging-essentials\\\/\"]}]},{\"@type\":\"ImageObject\",\"inLanguage\":\"es\",\"@id\":\"https:\\\/\\\/www.rubengalarreta.com\\\/es\\\/product\\\/man-es\\\/gym-es\\\/shorts-con-legging-essentials\\\/#primaryimage\",\"url\":\"https:\\\/\\\/www.rubengalarreta.com\\\/wp-content\\\/uploads\\\/2021\\\/03\\\/ruben-galarreta-sport-mens-wear-essentials-collection-short-front-side-min.jpg\",\"contentUrl\":\"https:\\\/\\\/www.rubengalarreta.com\\\/wp-content\\\/uploads\\\/2021\\\/03\\\/ruben-galarreta-sport-mens-wear-essentials-collection-short-front-side-min.jpg\",\"width\":704,\"height\":1000,\"caption\":\"ESSENTIALS SHORTS\"},{\"@type\":\"BreadcrumbList\",\"@id\":\"https:\\\/\\\/www.rubengalarreta.com\\\/es\\\/product\\\/man-es\\\/gym-es\\\/shorts-con-legging-essentials\\\/#breadcrumb\",\"itemListElement\":[{\"@type\":\"ListItem\",\"position\":1,\"name\":\"Home\",\"item\":\"https:\\\/\\\/www.rubengalarreta.com\\\/es\\\/\"},{\"@type\":\"ListItem\",\"position\":2,\"name\":\"Tienda Online\",\"item\":\"https:\\\/\\\/www.rubengalarreta.com\\\/es\\\/tienda-2\\\/\"},{\"@type\":\"ListItem\",\"position\":3,\"name\":\"SHORTS CON LEGGING ESSENTIALS\"}]},{\"@type\":\"WebSite\",\"@id\":\"https:\\\/\\\/www.rubengalarreta.com\\\/es\\\/#website\",\"url\":\"https:\\\/\\\/www.rubengalarreta.com\\\/es\\\/\",\"name\":\"Ruben Galarreta\",\"description\":\"Hot Couture | Online Store\",\"publisher\":{\"@id\":\"https:\\\/\\\/www.rubengalarreta.com\\\/es\\\/#organization\"},\"potentialAction\":[{\"@type\":\"SearchAction\",\"target\":{\"@type\":\"EntryPoint\",\"urlTemplate\":\"https:\\\/\\\/www.rubengalarreta.com\\\/es\\\/?s={search_term_string}\"},\"query-input\":{\"@type\":\"PropertyValueSpecification\",\"valueRequired\":true,\"valueName\":\"search_term_string\"}}],\"inLanguage\":\"es\"},{\"@type\":\"Organization\",\"@id\":\"https:\\\/\\\/www.rubengalarreta.com\\\/es\\\/#organization\",\"name\":\"Ruben Galarreta\",\"url\":\"https:\\\/\\\/www.rubengalarreta.com\\\/es\\\/\",\"logo\":{\"@type\":\"ImageObject\",\"inLanguage\":\"es\",\"@id\":\"https:\\\/\\\/www.rubengalarreta.com\\\/es\\\/#\\\/schema\\\/logo\\\/image\\\/\",\"url\":\"https:\\\/\\\/www.rubengalarreta.com\\\/wp-content\\\/uploads\\\/2019\\\/10\\\/rubengalarreta-menswear.jpg\",\"contentUrl\":\"https:\\\/\\\/www.rubengalarreta.com\\\/wp-content\\\/uploads\\\/2019\\\/10\\\/rubengalarreta-menswear.jpg\",\"width\":1141,\"height\":146,\"caption\":\"Ruben Galarreta\"},\"image\":{\"@id\":\"https:\\\/\\\/www.rubengalarreta.com\\\/es\\\/#\\\/schema\\\/logo\\\/image\\\/\"}}]}<\/script>\n<!-- \/ Yoast SEO plugin. -->","yoast_head_json":{"title":"SHORTS CON LEGGING ESSENTIALS - Ruben Galarreta Tienda","description":"Estos SHORTS CON LEGGING ESSENTIALS est\u00e1n fabricados en Espa\u00f1a por nosotros. Cuentan con cintura el\u00e1stica y cordones ajustables.","robots":{"index":"index","follow":"follow","max-snippet":"max-snippet:-1","max-image-preview":"max-image-preview:large","max-video-preview":"max-video-preview:-1"},"canonical":"https:\/\/www.rubengalarreta.com\/es\/product\/man-es\/gym-es\/shorts-con-legging-essentials\/","og_locale":"es_ES","og_type":"article","og_title":"SHORTS CON LEGGING ESSENTIALS - Ruben Galarreta Tienda","og_description":"Estos SHORTS CON LEGGING ESSENTIALS est\u00e1n fabricados en Espa\u00f1a por nosotros. Cuentan con cintura el\u00e1stica y cordones ajustables.","og_url":"https:\/\/www.rubengalarreta.com\/es\/product\/man-es\/gym-es\/shorts-con-legging-essentials\/","og_site_name":"Ruben Galarreta","article_modified_time":"2021-11-10T16:58:26+00:00","og_image":[{"width":704,"height":1000,"url":"https:\/\/www.rubengalarreta.com\/wp-content\/uploads\/2021\/03\/ruben-galarreta-sport-mens-wear-essentials-collection-short-front-side-min.jpg","type":"image\/jpeg"}],"twitter_card":"summary_large_image","twitter_misc":{"Tiempo de lectura":"2 minutos"},"schema":{"@context":"https:\/\/schema.org","@graph":[{"@type":"WebPage","@id":"https:\/\/www.rubengalarreta.com\/es\/product\/man-es\/gym-es\/shorts-con-legging-essentials\/","url":"https:\/\/www.rubengalarreta.com\/es\/product\/man-es\/gym-es\/shorts-con-legging-essentials\/","name":"SHORTS CON LEGGING ESSENTIALS - Ruben Galarreta Tienda","isPartOf":{"@id":"https:\/\/www.rubengalarreta.com\/es\/#website"},"primaryImageOfPage":{"@id":"https:\/\/www.rubengalarreta.com\/es\/product\/man-es\/gym-es\/shorts-con-legging-essentials\/#primaryimage"},"image":{"@id":"https:\/\/www.rubengalarreta.com\/es\/product\/man-es\/gym-es\/shorts-con-legging-essentials\/#primaryimage"},"thumbnailUrl":"https:\/\/www.rubengalarreta.com\/wp-content\/uploads\/2021\/03\/ruben-galarreta-sport-mens-wear-essentials-collection-short-front-side-min.jpg","datePublished":"2021-03-18T16:52:55+00:00","dateModified":"2021-11-10T16:58:26+00:00","description":"Estos SHORTS CON LEGGING ESSENTIALS est\u00e1n fabricados en Espa\u00f1a por nosotros. Cuentan con cintura el\u00e1stica y cordones ajustables.","breadcrumb":{"@id":"https:\/\/www.rubengalarreta.com\/es\/product\/man-es\/gym-es\/shorts-con-legging-essentials\/#breadcrumb"},"inLanguage":"es","potentialAction":[{"@type":"ReadAction","target":["https:\/\/www.rubengalarreta.com\/es\/product\/man-es\/gym-es\/shorts-con-legging-essentials\/"]}]},{"@type":"ImageObject","inLanguage":"es","@id":"https:\/\/www.rubengalarreta.com\/es\/product\/man-es\/gym-es\/shorts-con-legging-essentials\/#primaryimage","url":"https:\/\/www.rubengalarreta.com\/wp-content\/uploads\/2021\/03\/ruben-galarreta-sport-mens-wear-essentials-collection-short-front-side-min.jpg","contentUrl":"https:\/\/www.rubengalarreta.com\/wp-content\/uploads\/2021\/03\/ruben-galarreta-sport-mens-wear-essentials-collection-short-front-side-min.jpg","width":704,"height":1000,"caption":"ESSENTIALS SHORTS"},{"@type":"BreadcrumbList","@id":"https:\/\/www.rubengalarreta.com\/es\/product\/man-es\/gym-es\/shorts-con-legging-essentials\/#breadcrumb","itemListElement":[{"@type":"ListItem","position":1,"name":"Home","item":"https:\/\/www.rubengalarreta.com\/es\/"},{"@type":"ListItem","position":2,"name":"Tienda Online","item":"https:\/\/www.rubengalarreta.com\/es\/tienda-2\/"},{"@type":"ListItem","position":3,"name":"SHORTS CON LEGGING ESSENTIALS"}]},{"@type":"WebSite","@id":"https:\/\/www.rubengalarreta.com\/es\/#website","url":"https:\/\/www.rubengalarreta.com\/es\/","name":"Ruben Galarreta","description":"Hot Couture | Online Store","publisher":{"@id":"https:\/\/www.rubengalarreta.com\/es\/#organization"},"potentialAction":[{"@type":"SearchAction","target":{"@type":"EntryPoint","urlTemplate":"https:\/\/www.rubengalarreta.com\/es\/?s={search_term_string}"},"query-input":{"@type":"PropertyValueSpecification","valueRequired":true,"valueName":"search_term_string"}}],"inLanguage":"es"},{"@type":"Organization","@id":"https:\/\/www.rubengalarreta.com\/es\/#organization","name":"Ruben Galarreta","url":"https:\/\/www.rubengalarreta.com\/es\/","logo":{"@type":"ImageObject","inLanguage":"es","@id":"https:\/\/www.rubengalarreta.com\/es\/#\/schema\/logo\/image\/","url":"https:\/\/www.rubengalarreta.com\/wp-content\/uploads\/2019\/10\/rubengalarreta-menswear.jpg","contentUrl":"https:\/\/www.rubengalarreta.com\/wp-content\/uploads\/2019\/10\/rubengalarreta-menswear.jpg","width":1141,"height":146,"caption":"Ruben Galarreta"},"image":{"@id":"https:\/\/www.rubengalarreta.com\/es\/#\/schema\/logo\/image\/"}}]}},"_links":{"self":[{"href":"https:\/\/www.rubengalarreta.com\/es\/wp-json\/wp\/v2\/product\/67237","targetHints":{"allow":["GET"]}}],"collection":[{"href":"https:\/\/www.rubengalarreta.com\/es\/wp-json\/wp\/v2\/product"}],"about":[{"href":"https:\/\/www.rubengalarreta.com\/es\/wp-json\/wp\/v2\/types\/product"}],"replies":[{"embeddable":true,"href":"https:\/\/www.rubengalarreta.com\/es\/wp-json\/wp\/v2\/comments?post=67237"}],"wp:featuredmedia":[{"embeddable":true,"href":"https:\/\/www.rubengalarreta.com\/es\/wp-json\/wp\/v2\/media\/67180"}],"wp:attachment":[{"href":"https:\/\/www.rubengalarreta.com\/es\/wp-json\/wp\/v2\/media?parent=67237"}],"wp:term":[{"taxonomy":"product_brand","embeddable":true,"href":"https:\/\/www.rubengalarreta.com\/es\/wp-json\/wp\/v2\/product_brand?post=67237"},{"taxonomy":"product_cat","embeddable":true,"href":"https:\/\/www.rubengalarreta.com\/es\/wp-json\/wp\/v2\/product_cat?post=67237"},{"taxonomy":"product_tag","embeddable":true,"href":"https:\/\/www.rubengalarreta.com\/es\/wp-json\/wp\/v2\/product_tag?post=67237"}],"curies":[{"name":"wp","href":"https:\/\/api.w.org\/{rel}","templated":true}]}}