{"id":67117,"date":"2021-03-17T13:43:50","date_gmt":"2021-03-17T12:43:50","guid":{"rendered":"https:\/\/www.rubengalarreta.com\/?post_type=product&#038;p=67117"},"modified":"2021-10-19T15:59:06","modified_gmt":"2021-10-19T13:59:06","slug":"polo-micro-rejilla-negro-essentials","status":"publish","type":"product","link":"https:\/\/www.rubengalarreta.com\/es\/product\/man-es\/essentials-es\/polo-micro-rejilla-negro-essentials\/","title":{"rendered":"POLO MICRO REJILLA NEGRO ESSENTIALS"},"content":{"rendered":"<h3><strong>POLO MICRO REJILLA NEGRO ESSENTIALS<\/strong><\/h3>\n<table style=\"height: 183px; width: 100%; border-collapse: collapse; border-style: hidden;\">\n<tbody>\n<tr valign=\"TOP\">\n<td style=\"width: 49.8998%; border-style: hidden;\" width=\"293\" height=\"19\"><span style=\"color: #000000;\"><span style=\"font-family: trebuchet ms, serif;\"><b>DETALLES DE PRODUCTO:<br \/>\n<\/b><\/span><\/span><span style=\"color: #999999;\"><span style=\"font-family: trebuchet ms, serif;\">-100% algod\u00f3n<\/span><\/span><br \/>\n<span style=\"color: #999999;\"><span style=\"font-family: trebuchet ms, serif;\">-Camiseta negra con un dise\u00f1o especial y el logo Galarreta en blanco<\/span><\/span><br \/>\n<span style=\"color: #999999;\"><span style=\"font-family: trebuchet ms, serif;\">-Cuello redondo y manga corta<\/span><\/span><\/td>\n<td style=\"width: 50.1002%; border-style: hidden;\" width=\"293\"><span style=\"color: #000000;\"><span style=\"font-family: trebuchet ms, serif;\"><b>TALLA:<br \/>\n<\/b><\/span><\/span><span style=\"color: #999999;\"><span style=\"font-family: trebuchet ms, serif;\">-Smart Fit<\/span><\/span><\/td>\n<\/tr>\n<tr valign=\"TOP\">\n<td style=\"width: 49.8998%; border-style: hidden;\" width=\"293\" height=\"19\"><span style=\"color: #000000;\"><span style=\"font-family: trebuchet ms, serif;\"><b>CUIDADOS:<br \/>\n<\/b><\/span><\/span><span style=\"color: #999999;\"><span style=\"font-family: trebuchet ms, serif;\">-F\u00e1cil planchado y lavado a m\u00e1quina seg\u00fan las instrucciones de cuidado de la etiqueta<\/span><\/span><\/td>\n<td style=\"width: 50.1002%; border-style: hidden;\" width=\"293\"><span style=\"color: #000000;\"><span style=\"font-family: trebuchet ms, serif;\"><b>MEDIDAS MODELO:<br \/>\n<\/b><\/span><\/span><span style=\"color: #999999;\"><span style=\"font-family: trebuchet ms, serif;\">-Altura de modelo: 185cm<br \/>\n-El modelo usa talla M<\/span><\/span><\/td>\n<\/tr>\n<\/tbody>\n<\/table>\n<table style=\"height: 31px; width: 100%; border-collapse: collapse; border-style: hidden;\">\n<tbody>\n<tr valign=\"TOP\">\n<td style=\"width: 49.8998%; border-style: hidden;\" width=\"293\" height=\"19\"><img loading=\"lazy\" decoding=\"async\" class=\"alignnone wp-image-67186\" src=\"https:\/\/www.rubengalarreta.com\/wp-content\/uploads\/2021\/03\/tech-polo-379x400.jpg\" alt=\"\" width=\"145\" height=\"153\" srcset=\"https:\/\/www.rubengalarreta.com\/wp-content\/uploads\/2021\/03\/tech-polo-379x400.jpg 379w, https:\/\/www.rubengalarreta.com\/wp-content\/uploads\/2021\/03\/tech-polo-758x800.jpg 758w, https:\/\/www.rubengalarreta.com\/wp-content\/uploads\/2021\/03\/tech-polo-768x811.jpg 768w, https:\/\/www.rubengalarreta.com\/wp-content\/uploads\/2021\/03\/tech-polo-1455x1536.jpg 1455w, https:\/\/www.rubengalarreta.com\/wp-content\/uploads\/2021\/03\/tech-polo-247x261.jpg 247w, https:\/\/www.rubengalarreta.com\/wp-content\/uploads\/2021\/03\/tech-polo-510x538.jpg 510w, https:\/\/www.rubengalarreta.com\/wp-content\/uploads\/2021\/03\/tech-polo.jpg 1600w\" sizes=\"auto, (max-width: 145px) 100vw, 145px\" \/><\/td>\n<td style=\"width: 50.1002%; border-style: hidden;\" width=\"293\"><span style=\"color: #000000;\"><span style=\"font-family: trebuchet ms, serif;\"><b>GU\u00cdA DE MEDIDAS:<br \/>\n<\/b><\/span><\/span><\/p>\n<ul>\n<li><span style=\"color: #999999;\"><span style=\"color: #999999;\"><span style=\"font-family: trebuchet ms, serif;\"><span style=\"color: #000000;\">Small:<\/span> A 48cm B 71cm \/ 19&#8243; x\u00a0 28&#8243;<\/span><\/span><\/span><\/li>\n<li><span style=\"color: #999999;\"><span style=\"color: #999999;\"><span style=\"font-family: trebuchet ms, serif;\"><span style=\"color: #000000;\">Medium:<\/span> A 51cm B 73cm \/ 20&#8243; x 28.7&#8243;<\/span><\/span><\/span><\/li>\n<li><span style=\"color: #999999;\"><span style=\"color: #999999;\"><span style=\"font-family: trebuchet ms, serif;\"><span style=\"color: #000000;\">Large:<\/span> A 54cm B 75cm \/ 21.25&#8243; x 29.5&#8243;<\/span><\/span><\/span><\/li>\n<\/ul>\n<\/td>\n<\/tr>\n<\/tbody>\n<\/table>\n<h4><strong>DESCRIPCI\u00d3N<\/strong><\/h4>\n<div>POLOMICRO REJILLA NEGRO ESSENTIALS para hombre est\u00e1 fabricado en tejido t\u00e9cnico, poli\u00e9ster microperforado, dise\u00f1ado en Espa\u00f1a por nosotros. Este polo negro de malla para hombre es un polo negro de manga corta con cuello y brazaletes acanalados, tapeta, ribetes finales y aberturas laterales en el bajo. Y lo que es m\u00e1s importante, este polo cuenta con el parche del logotipo de la doble R caracter\u00edstico de la marca en la parte superior de la espalda.<\/div>\n<div><\/div>\n<div>Por otro lado, el polo negro de smart fit para hombre est\u00e1 disponible en tres tallas: peque\u00f1a, mediana y grande. Adem\u00e1s, este polo oscuro para hombre ofrece transpirabilidad gracias a su tejido t\u00e9cnico, que tambi\u00e9n provoca un efecto sexy transparente.\u00a0 Como dice el nombre de esta colecci\u00f3n de moda masculina ESSENTIALS, las prendas son ideales para el d\u00eda a d\u00eda y la ropa informal.<\/div>\n<div><\/div>\n<div>El color negro siempre ha sido considerado como el color comod\u00edn, combina con cualquier otro color, capaz de salvar todas esas situaciones en las que la indecisi\u00f3n a la hora de vestir nos vence. Tambi\u00e9n simboliza el misterio, el poder, el control, la independencia y la fuerza interior. Este polo de corte elegante para hombre te ayudar\u00e1 a conseguir la atenci\u00f3n que mereces. En otras palabras, la colecci\u00f3n de moda ESSENTIALS para hombre ofrece prendas b\u00e1sicas pero tambi\u00e9n nos da la posibilidad de lucir un aspecto sexy y elegante.<\/div>\n<h4><strong>CONSEJOS DE ESTILISMO<\/strong><\/h4>\n<div>\n<div>Aqu\u00ed tienes algunos consejos para un look sexy con este polo, RUBEN GALARRETA te sugiere que lo combines con un par de JOGGER NEGROS ESSENTIALS de esta colecci\u00f3n.<\/div>\n<div>De hecho, si quieres hacer tu look m\u00e1s picante, puedes a\u00f1adir uno de nuestros accesorios como el shoulder-chest harness black edition<\/div>\n<div>en la parte superior de tu BLACK MESH POLO.<\/div>\n<div><\/div>\n<div>Para el d\u00eda a d\u00eda, puedes combinar este polo con e<a href=\"https:\/\/www.rubengalarreta.com\/product\/man\/essentials-black-jogger\/\">l JOGGER ESSENTIALS BLACK<\/a>, un par de botas militares y el <a href=\"https:\/\/www.rubengalarreta.com\/product\/new-in\/essentials-black-tote\/\">TOTE ESSENTIALS BLACK.<\/a> Este look es perfecto si quieres un look casual y hacer que la gente se gire al verte.<\/div>\n<\/div>\n","protected":false},"excerpt":{"rendered":"<h1><strong>POLO MICRO REJILLA NEGRO ESSENTIALS<\/strong><\/h1>\n<p>Este polo negro de malla para hombre es un polo negro de manga corta con cuello y brazaletes acanalados, tapeta, ribetes finales y aberturas laterales en el bajo.<\/p>\n<p>&nbsp;<\/p>\n","protected":false},"featured_media":67176,"comment_status":"closed","ping_status":"closed","template":"","meta":{"_monsterinsights_skip_tracking":false,"_monsterinsights_sitenote_active":false,"_monsterinsights_sitenote_note":"","_monsterinsights_sitenote_category":0},"product_brand":[],"product_cat":[5815,1921],"product_tag":[2171],"class_list":{"0":"post-67117","1":"product","2":"type-product","3":"status-publish","4":"has-post-thumbnail","6":"product_cat-essentials-es","7":"product_cat-man-es","8":"product_tag-camisetas-y-tops","10":"first","11":"outofstock","12":"taxable","13":"shipping-taxable","14":"purchasable","15":"product-type-variable","16":"has-default-attributes"},"yoast_head":"<!-- This site is optimized with the Yoast SEO plugin v27.5 - https:\/\/yoast.com\/product\/yoast-seo-wordpress\/ -->\n<title>POLO MICRO REJILLA NEGRO ESSENTIALS - Ruben Galarreta Tienda<\/title>\n<meta name=\"description\" content=\"Este polo negro de micro rejilla para hombre es un polo negro de manga corta con cuello y brazaletes acanalados, tapeta, ribetes finales\" \/>\n<meta name=\"robots\" content=\"index, follow, max-snippet:-1, max-image-preview:large, max-video-preview:-1\" \/>\n<link rel=\"canonical\" href=\"https:\/\/www.rubengalarreta.com\/es\/product\/man-es\/essentials-es\/polo-micro-rejilla-negro-essentials\/\" \/>\n<meta property=\"og:locale\" content=\"es_ES\" \/>\n<meta property=\"og:type\" content=\"article\" \/>\n<meta property=\"og:title\" content=\"POLO MICRO REJILLA NEGRO ESSENTIALS - Ruben Galarreta Tienda\" \/>\n<meta property=\"og:description\" content=\"Este polo negro de micro rejilla para hombre es un polo negro de manga corta con cuello y brazaletes acanalados, tapeta, ribetes finales\" \/>\n<meta property=\"og:url\" content=\"https:\/\/www.rubengalarreta.com\/es\/product\/man-es\/essentials-es\/polo-micro-rejilla-negro-essentials\/\" \/>\n<meta property=\"og:site_name\" content=\"Ruben Galarreta\" \/>\n<meta property=\"article:modified_time\" content=\"2021-10-19T13:59:06+00:00\" \/>\n<meta property=\"og:image\" content=\"https:\/\/www.rubengalarreta.com\/wp-content\/uploads\/2021\/03\/ruben-galarreta-essentials-edition-mesh-polowith-logos-mens-fashion-front-zoom-min.jpg\" \/>\n\t<meta property=\"og:image:width\" content=\"704\" \/>\n\t<meta property=\"og:image:height\" content=\"1000\" \/>\n\t<meta property=\"og:image:type\" content=\"image\/jpeg\" \/>\n<meta name=\"twitter:card\" content=\"summary_large_image\" \/>\n<meta name=\"twitter:label1\" content=\"Tiempo de lectura\" \/>\n\t<meta name=\"twitter:data1\" content=\"3 minutos\" \/>\n<script type=\"application\/ld+json\" class=\"yoast-schema-graph\">{\"@context\":\"https:\\\/\\\/schema.org\",\"@graph\":[{\"@type\":\"WebPage\",\"@id\":\"https:\\\/\\\/www.rubengalarreta.com\\\/es\\\/product\\\/man-es\\\/essentials-es\\\/polo-micro-rejilla-negro-essentials\\\/\",\"url\":\"https:\\\/\\\/www.rubengalarreta.com\\\/es\\\/product\\\/man-es\\\/essentials-es\\\/polo-micro-rejilla-negro-essentials\\\/\",\"name\":\"POLO MICRO REJILLA NEGRO ESSENTIALS - Ruben Galarreta Tienda\",\"isPartOf\":{\"@id\":\"https:\\\/\\\/www.rubengalarreta.com\\\/es\\\/#website\"},\"primaryImageOfPage\":{\"@id\":\"https:\\\/\\\/www.rubengalarreta.com\\\/es\\\/product\\\/man-es\\\/essentials-es\\\/polo-micro-rejilla-negro-essentials\\\/#primaryimage\"},\"image\":{\"@id\":\"https:\\\/\\\/www.rubengalarreta.com\\\/es\\\/product\\\/man-es\\\/essentials-es\\\/polo-micro-rejilla-negro-essentials\\\/#primaryimage\"},\"thumbnailUrl\":\"https:\\\/\\\/www.rubengalarreta.com\\\/wp-content\\\/uploads\\\/2021\\\/03\\\/ruben-galarreta-essentials-edition-mesh-polowith-logos-mens-fashion-front-zoom-min.jpg\",\"datePublished\":\"2021-03-17T12:43:50+00:00\",\"dateModified\":\"2021-10-19T13:59:06+00:00\",\"description\":\"Este polo negro de micro rejilla para hombre es un polo negro de manga corta con cuello y brazaletes acanalados, tapeta, ribetes finales\",\"breadcrumb\":{\"@id\":\"https:\\\/\\\/www.rubengalarreta.com\\\/es\\\/product\\\/man-es\\\/essentials-es\\\/polo-micro-rejilla-negro-essentials\\\/#breadcrumb\"},\"inLanguage\":\"es\",\"potentialAction\":[{\"@type\":\"ReadAction\",\"target\":[\"https:\\\/\\\/www.rubengalarreta.com\\\/es\\\/product\\\/man-es\\\/essentials-es\\\/polo-micro-rejilla-negro-essentials\\\/\"]}]},{\"@type\":\"ImageObject\",\"inLanguage\":\"es\",\"@id\":\"https:\\\/\\\/www.rubengalarreta.com\\\/es\\\/product\\\/man-es\\\/essentials-es\\\/polo-micro-rejilla-negro-essentials\\\/#primaryimage\",\"url\":\"https:\\\/\\\/www.rubengalarreta.com\\\/wp-content\\\/uploads\\\/2021\\\/03\\\/ruben-galarreta-essentials-edition-mesh-polowith-logos-mens-fashion-front-zoom-min.jpg\",\"contentUrl\":\"https:\\\/\\\/www.rubengalarreta.com\\\/wp-content\\\/uploads\\\/2021\\\/03\\\/ruben-galarreta-essentials-edition-mesh-polowith-logos-mens-fashion-front-zoom-min.jpg\",\"width\":704,\"height\":1000,\"caption\":\"POLO REJILLA\"},{\"@type\":\"BreadcrumbList\",\"@id\":\"https:\\\/\\\/www.rubengalarreta.com\\\/es\\\/product\\\/man-es\\\/essentials-es\\\/polo-micro-rejilla-negro-essentials\\\/#breadcrumb\",\"itemListElement\":[{\"@type\":\"ListItem\",\"position\":1,\"name\":\"Home\",\"item\":\"https:\\\/\\\/www.rubengalarreta.com\\\/es\\\/\"},{\"@type\":\"ListItem\",\"position\":2,\"name\":\"Tienda Online\",\"item\":\"https:\\\/\\\/www.rubengalarreta.com\\\/es\\\/tienda-2\\\/\"},{\"@type\":\"ListItem\",\"position\":3,\"name\":\"POLO MICRO REJILLA NEGRO ESSENTIALS\"}]},{\"@type\":\"WebSite\",\"@id\":\"https:\\\/\\\/www.rubengalarreta.com\\\/es\\\/#website\",\"url\":\"https:\\\/\\\/www.rubengalarreta.com\\\/es\\\/\",\"name\":\"Ruben Galarreta\",\"description\":\"Hot Couture | Online Store\",\"publisher\":{\"@id\":\"https:\\\/\\\/www.rubengalarreta.com\\\/es\\\/#organization\"},\"potentialAction\":[{\"@type\":\"SearchAction\",\"target\":{\"@type\":\"EntryPoint\",\"urlTemplate\":\"https:\\\/\\\/www.rubengalarreta.com\\\/es\\\/?s={search_term_string}\"},\"query-input\":{\"@type\":\"PropertyValueSpecification\",\"valueRequired\":true,\"valueName\":\"search_term_string\"}}],\"inLanguage\":\"es\"},{\"@type\":\"Organization\",\"@id\":\"https:\\\/\\\/www.rubengalarreta.com\\\/es\\\/#organization\",\"name\":\"Ruben Galarreta\",\"url\":\"https:\\\/\\\/www.rubengalarreta.com\\\/es\\\/\",\"logo\":{\"@type\":\"ImageObject\",\"inLanguage\":\"es\",\"@id\":\"https:\\\/\\\/www.rubengalarreta.com\\\/es\\\/#\\\/schema\\\/logo\\\/image\\\/\",\"url\":\"https:\\\/\\\/www.rubengalarreta.com\\\/wp-content\\\/uploads\\\/2019\\\/10\\\/rubengalarreta-menswear.jpg\",\"contentUrl\":\"https:\\\/\\\/www.rubengalarreta.com\\\/wp-content\\\/uploads\\\/2019\\\/10\\\/rubengalarreta-menswear.jpg\",\"width\":1141,\"height\":146,\"caption\":\"Ruben Galarreta\"},\"image\":{\"@id\":\"https:\\\/\\\/www.rubengalarreta.com\\\/es\\\/#\\\/schema\\\/logo\\\/image\\\/\"}}]}<\/script>\n<!-- \/ Yoast SEO plugin. -->","yoast_head_json":{"title":"POLO MICRO REJILLA NEGRO ESSENTIALS - Ruben Galarreta Tienda","description":"Este polo negro de micro rejilla para hombre es un polo negro de manga corta con cuello y brazaletes acanalados, tapeta, ribetes finales","robots":{"index":"index","follow":"follow","max-snippet":"max-snippet:-1","max-image-preview":"max-image-preview:large","max-video-preview":"max-video-preview:-1"},"canonical":"https:\/\/www.rubengalarreta.com\/es\/product\/man-es\/essentials-es\/polo-micro-rejilla-negro-essentials\/","og_locale":"es_ES","og_type":"article","og_title":"POLO MICRO REJILLA NEGRO ESSENTIALS - Ruben Galarreta Tienda","og_description":"Este polo negro de micro rejilla para hombre es un polo negro de manga corta con cuello y brazaletes acanalados, tapeta, ribetes finales","og_url":"https:\/\/www.rubengalarreta.com\/es\/product\/man-es\/essentials-es\/polo-micro-rejilla-negro-essentials\/","og_site_name":"Ruben Galarreta","article_modified_time":"2021-10-19T13:59:06+00:00","og_image":[{"width":704,"height":1000,"url":"https:\/\/www.rubengalarreta.com\/wp-content\/uploads\/2021\/03\/ruben-galarreta-essentials-edition-mesh-polowith-logos-mens-fashion-front-zoom-min.jpg","type":"image\/jpeg"}],"twitter_card":"summary_large_image","twitter_misc":{"Tiempo de lectura":"3 minutos"},"schema":{"@context":"https:\/\/schema.org","@graph":[{"@type":"WebPage","@id":"https:\/\/www.rubengalarreta.com\/es\/product\/man-es\/essentials-es\/polo-micro-rejilla-negro-essentials\/","url":"https:\/\/www.rubengalarreta.com\/es\/product\/man-es\/essentials-es\/polo-micro-rejilla-negro-essentials\/","name":"POLO MICRO REJILLA NEGRO ESSENTIALS - Ruben Galarreta Tienda","isPartOf":{"@id":"https:\/\/www.rubengalarreta.com\/es\/#website"},"primaryImageOfPage":{"@id":"https:\/\/www.rubengalarreta.com\/es\/product\/man-es\/essentials-es\/polo-micro-rejilla-negro-essentials\/#primaryimage"},"image":{"@id":"https:\/\/www.rubengalarreta.com\/es\/product\/man-es\/essentials-es\/polo-micro-rejilla-negro-essentials\/#primaryimage"},"thumbnailUrl":"https:\/\/www.rubengalarreta.com\/wp-content\/uploads\/2021\/03\/ruben-galarreta-essentials-edition-mesh-polowith-logos-mens-fashion-front-zoom-min.jpg","datePublished":"2021-03-17T12:43:50+00:00","dateModified":"2021-10-19T13:59:06+00:00","description":"Este polo negro de micro rejilla para hombre es un polo negro de manga corta con cuello y brazaletes acanalados, tapeta, ribetes finales","breadcrumb":{"@id":"https:\/\/www.rubengalarreta.com\/es\/product\/man-es\/essentials-es\/polo-micro-rejilla-negro-essentials\/#breadcrumb"},"inLanguage":"es","potentialAction":[{"@type":"ReadAction","target":["https:\/\/www.rubengalarreta.com\/es\/product\/man-es\/essentials-es\/polo-micro-rejilla-negro-essentials\/"]}]},{"@type":"ImageObject","inLanguage":"es","@id":"https:\/\/www.rubengalarreta.com\/es\/product\/man-es\/essentials-es\/polo-micro-rejilla-negro-essentials\/#primaryimage","url":"https:\/\/www.rubengalarreta.com\/wp-content\/uploads\/2021\/03\/ruben-galarreta-essentials-edition-mesh-polowith-logos-mens-fashion-front-zoom-min.jpg","contentUrl":"https:\/\/www.rubengalarreta.com\/wp-content\/uploads\/2021\/03\/ruben-galarreta-essentials-edition-mesh-polowith-logos-mens-fashion-front-zoom-min.jpg","width":704,"height":1000,"caption":"POLO REJILLA"},{"@type":"BreadcrumbList","@id":"https:\/\/www.rubengalarreta.com\/es\/product\/man-es\/essentials-es\/polo-micro-rejilla-negro-essentials\/#breadcrumb","itemListElement":[{"@type":"ListItem","position":1,"name":"Home","item":"https:\/\/www.rubengalarreta.com\/es\/"},{"@type":"ListItem","position":2,"name":"Tienda Online","item":"https:\/\/www.rubengalarreta.com\/es\/tienda-2\/"},{"@type":"ListItem","position":3,"name":"POLO MICRO REJILLA NEGRO ESSENTIALS"}]},{"@type":"WebSite","@id":"https:\/\/www.rubengalarreta.com\/es\/#website","url":"https:\/\/www.rubengalarreta.com\/es\/","name":"Ruben Galarreta","description":"Hot Couture | Online Store","publisher":{"@id":"https:\/\/www.rubengalarreta.com\/es\/#organization"},"potentialAction":[{"@type":"SearchAction","target":{"@type":"EntryPoint","urlTemplate":"https:\/\/www.rubengalarreta.com\/es\/?s={search_term_string}"},"query-input":{"@type":"PropertyValueSpecification","valueRequired":true,"valueName":"search_term_string"}}],"inLanguage":"es"},{"@type":"Organization","@id":"https:\/\/www.rubengalarreta.com\/es\/#organization","name":"Ruben Galarreta","url":"https:\/\/www.rubengalarreta.com\/es\/","logo":{"@type":"ImageObject","inLanguage":"es","@id":"https:\/\/www.rubengalarreta.com\/es\/#\/schema\/logo\/image\/","url":"https:\/\/www.rubengalarreta.com\/wp-content\/uploads\/2019\/10\/rubengalarreta-menswear.jpg","contentUrl":"https:\/\/www.rubengalarreta.com\/wp-content\/uploads\/2019\/10\/rubengalarreta-menswear.jpg","width":1141,"height":146,"caption":"Ruben Galarreta"},"image":{"@id":"https:\/\/www.rubengalarreta.com\/es\/#\/schema\/logo\/image\/"}}]}},"_links":{"self":[{"href":"https:\/\/www.rubengalarreta.com\/es\/wp-json\/wp\/v2\/product\/67117","targetHints":{"allow":["GET"]}}],"collection":[{"href":"https:\/\/www.rubengalarreta.com\/es\/wp-json\/wp\/v2\/product"}],"about":[{"href":"https:\/\/www.rubengalarreta.com\/es\/wp-json\/wp\/v2\/types\/product"}],"replies":[{"embeddable":true,"href":"https:\/\/www.rubengalarreta.com\/es\/wp-json\/wp\/v2\/comments?post=67117"}],"wp:featuredmedia":[{"embeddable":true,"href":"https:\/\/www.rubengalarreta.com\/es\/wp-json\/wp\/v2\/media\/67176"}],"wp:attachment":[{"href":"https:\/\/www.rubengalarreta.com\/es\/wp-json\/wp\/v2\/media?parent=67117"}],"wp:term":[{"taxonomy":"product_brand","embeddable":true,"href":"https:\/\/www.rubengalarreta.com\/es\/wp-json\/wp\/v2\/product_brand?post=67117"},{"taxonomy":"product_cat","embeddable":true,"href":"https:\/\/www.rubengalarreta.com\/es\/wp-json\/wp\/v2\/product_cat?post=67117"},{"taxonomy":"product_tag","embeddable":true,"href":"https:\/\/www.rubengalarreta.com\/es\/wp-json\/wp\/v2\/product_tag?post=67117"}],"curies":[{"name":"wp","href":"https:\/\/api.w.org\/{rel}","templated":true}]}}