{"id":66076,"date":"2021-02-25T14:10:53","date_gmt":"2021-02-25T13:10:53","guid":{"rendered":"https:\/\/www.rubengalarreta.com\/?post_type=product&#038;p=66076"},"modified":"2021-10-14T19:10:05","modified_gmt":"2021-10-14T17:10:05","slug":"bomber-essentials","status":"publish","type":"product","link":"https:\/\/www.rubengalarreta.com\/es\/product\/man-es\/essentials-es\/bomber-essentials\/","title":{"rendered":"CHAQUETA BOMBER ESSENTIALS"},"content":{"rendered":"<h2><strong>CHAQUETA BOMBER ESSENTIALS<\/strong><\/h2>\n<table style=\"height: 183px; width: 100%; border-collapse: collapse; border-style: hidden;\">\n<tbody>\n<tr valign=\"TOP\">\n<td style=\"width: 49.8998%; border-style: hidden;\" width=\"293\" height=\"19\"><span style=\"color: #000000;\"><span style=\"font-family: trebuchet ms, serif;\"><b>DETALLES DE PRODUCTO:<br \/>\n<\/b><\/span><\/span><span style=\"color: #999999;\"><span style=\"font-family: trebuchet ms, serif;\">-Tela raso con logo Galarreta y costuras de algod\u00f3n en la parte inferior, cuello y pu\u00f1os<\/span><\/span><\/td>\n<td style=\"width: 50.1002%; border-style: hidden;\" width=\"293\"><span style=\"color: #000000;\"><span style=\"font-family: trebuchet ms, serif;\"><b>TALLA:<br \/>\n<\/b><\/span><\/span><span style=\"color: #999999;\"><span style=\"font-family: trebuchet ms, serif;\">-Relaxed Fit<\/span><\/span><\/td>\n<\/tr>\n<tr valign=\"TOP\">\n<td style=\"width: 49.8998%; border-style: hidden;\" width=\"293\" height=\"19\"><span style=\"color: #000000;\"><span style=\"font-family: trebuchet ms, serif;\"><b>CUIDADOS:<br \/>\n<\/b><\/span><\/span><span style=\"color: #999999;\"><span style=\"font-family: trebuchet ms, serif;\">-F\u00e1cil planchado y lavado a m\u00e1quina seg\u00fan las instrucciones de cuidado de la etiqueta<\/span><\/span><\/td>\n<td style=\"width: 50.1002%; border-style: hidden;\" width=\"293\"><span style=\"color: #000000;\"><span style=\"font-family: trebuchet ms, serif;\"><b>MEDIDAS MODELO:<br \/>\n<\/b><\/span><\/span><span style=\"color: #999999;\"><span style=\"font-family: trebuchet ms, serif;\">-Altura de modelo: 185cm<br \/>\n-El modelo usa talla M<\/span><\/span><\/td>\n<\/tr>\n<\/tbody>\n<\/table>\n<table style=\"height: 183px; width: 998px; border-collapse: collapse; border-style: hidden;\">\n<tbody>\n<tr valign=\"TOP\">\n<td style=\"width: 49.8998%; border-style: hidden;\" width=\"293\" height=\"19\"><img loading=\"lazy\" decoding=\"async\" class=\"alignnone wp-image-66170 \" src=\"https:\/\/www.rubengalarreta.com\/wp-content\/uploads\/2021\/02\/tech-bomber-379x400.jpg\" alt=\"\" width=\"152\" height=\"160\" srcset=\"https:\/\/www.rubengalarreta.com\/wp-content\/uploads\/2021\/02\/tech-bomber-379x400.jpg 379w, https:\/\/www.rubengalarreta.com\/wp-content\/uploads\/2021\/02\/tech-bomber-758x800.jpg 758w, https:\/\/www.rubengalarreta.com\/wp-content\/uploads\/2021\/02\/tech-bomber-768x811.jpg 768w, https:\/\/www.rubengalarreta.com\/wp-content\/uploads\/2021\/02\/tech-bomber-1455x1536.jpg 1455w, https:\/\/www.rubengalarreta.com\/wp-content\/uploads\/2021\/02\/tech-bomber-247x261.jpg 247w, https:\/\/www.rubengalarreta.com\/wp-content\/uploads\/2021\/02\/tech-bomber-510x538.jpg 510w, https:\/\/www.rubengalarreta.com\/wp-content\/uploads\/2021\/02\/tech-bomber.jpg 1600w\" sizes=\"auto, (max-width: 152px) 100vw, 152px\" \/><\/td>\n<td style=\"width: 50.1002%; border-style: hidden;\" width=\"293\"><span style=\"color: #000000;\"><span style=\"font-family: trebuchet ms, serif;\"><b>GU\u00cdA DE MEDIDAS:<br \/>\n<\/b><\/span><\/span><\/p>\n<ul>\n<li><span style=\"color: #999999;\"><span style=\"color: #999999;\"><span style=\"font-family: trebuchet ms, serif;\"><span style=\"color: #000000;\">Small:<\/span> A 53cm B 71cm \/ 20.86&#8243; x\u00a0 27.95&#8243;<\/span><\/span><\/span><\/li>\n<li><span style=\"color: #999999;\"><span style=\"color: #999999;\"><span style=\"font-family: trebuchet ms, serif;\"><span style=\"color: #000000;\">Medium:<\/span> A 56.5cm B 73cm \/ 22.2&#8243; x 28.7&#8243;<\/span><\/span><\/span><\/li>\n<li><span style=\"color: #999999;\"><span style=\"color: #999999;\"><span style=\"font-family: trebuchet ms, serif;\"><span style=\"color: #000000;\">Large:<\/span> A 60cm B 75cm \/ 23.6&#8243; x 29.5&#8243;<\/span><\/span><\/span><\/li>\n<\/ul>\n<\/td>\n<\/tr>\n<\/tbody>\n<\/table>\n<h4><strong>DESCRIPCI\u00d3N<\/strong><\/h4>\n<p>La CHAQUETA BOMBER ESSENTIALS para hombre est\u00e1 dise\u00f1ada por nosotros en Espa\u00f1a con el ic\u00f3nico estampado blanco de GALARRETA. Esta bomber es de manga larga, tela de raso y tiene frunces de algod\u00f3n en la parte inferior, cuello y mangas. Es una bomber que permite una gran versatilidad a la hora de vestir, permitiendo combinarla con pr\u00e1cticamente cualquier otra prenda. Lo m\u00e1s destacable de la bomber es su dise\u00f1o peculiar y original, tiene el logo de GALARRETA estampado repetidamente en diagonal, creando un efecto hipn\u00f3tico y fashion.<\/p>\n<p>Por otro lado, el relaxed fit de la CHAQUETA BOMBER ESSENTIALS viene en tres tama\u00f1os: small, medium &amp; large. Adem\u00e1s, esta bomber relaxed para hombres ofrece una comodidad destacable, caracter\u00edstica que hace que sea ideal para cualquier tipo de ocasi\u00f3n. Comodidad y estilo en un mismo producto.<\/p>\n<p>A su vez, la bomber se ajusta muy bien en todo tipo de cuerpo. Como bien dice el nombre de esta colecci\u00f3n de moda para hombres ESSENTIALS, las prendas son ideales para el uso diario y casual. Esta bomber relaxed fit para hombres te ayudar\u00e1 a conseguir la atenci\u00f3n que mereces. En otras palabras, esta camiseta te ser\u00e1 muy \u00fatil para cuando quieras estar c\u00f3modo en cualquier momento. Se puede comprar de manera online por nuestra p\u00e1gina web o en nuestras tiendas f\u00edsicas.<\/p>\n<h4><strong>CONSEJOS DE ESTILISMO<\/strong><\/h4>\n<div>\n<p>Si quieres un look urbano y c\u00f3modo, RUBEN GALARRETA te sugiere que la lleves con nuestro JOGGER ORGANZA ESSENTIALS y tus sneakers favoritas. Tambi\u00e9n puedes llevar una camiseta de la colecci\u00f3n ESSENTIALS debajo de tu bomber.<\/p>\n<p>Si buscas un look mucho m\u00e1s atrevido puedes usarlo junto con nuestro\u00a0<a href=\"https:\/\/www.rubengalarreta.com\/es\/product\/man-es\/accessories-m-es\/legging-harness\/\">LEGGING HARNESS<\/a>.<\/p>\n<\/div>\n","protected":false},"excerpt":{"rendered":"<h1><strong>CHAQUETA BOMBER ESSENTIALS<\/strong><\/h1>\n<p>Nuestra CHAQUETA BOMBER ESSENTIALS para hombres pertenece a la Colecci\u00f3n Essentials. Est\u00e1 hecha de tela de raso con el logo de Galarreta estampado repetidamente en diagonal, creando un efecto hipn\u00f3tico y fashion.<\/p>\n","protected":false},"featured_media":65908,"comment_status":"closed","ping_status":"closed","template":"","meta":{"_monsterinsights_skip_tracking":false,"_monsterinsights_sitenote_active":false,"_monsterinsights_sitenote_note":"","_monsterinsights_sitenote_category":0},"product_brand":[],"product_cat":[5815,1921],"product_tag":[2168],"class_list":{"0":"post-66076","1":"product","2":"type-product","3":"status-publish","4":"has-post-thumbnail","6":"product_cat-essentials-es","7":"product_cat-man-es","8":"product_tag-cazadoras-chalecos","10":"first","11":"instock","12":"sale","13":"taxable","14":"shipping-taxable","15":"purchasable","16":"product-type-variable","17":"has-default-attributes"},"yoast_head":"<!-- This site is optimized with the Yoast SEO plugin v27.5 - https:\/\/yoast.com\/product\/yoast-seo-wordpress\/ -->\n<title>CHAQUETA BOMBER ESSENTIALS - Ruben Galarreta Tienda<\/title>\n<meta name=\"description\" content=\"Nuestra CHAQUETA BOMBER ESSENTIALS para hombres est\u00e1 hecha de tela de raso con Galarreta creando un efecto hipn\u00f3tico y fashion.\" \/>\n<meta name=\"robots\" content=\"index, follow, max-snippet:-1, max-image-preview:large, max-video-preview:-1\" \/>\n<link rel=\"canonical\" href=\"https:\/\/www.rubengalarreta.com\/es\/product\/man-es\/essentials-es\/bomber-essentials\/\" \/>\n<meta property=\"og:locale\" content=\"es_ES\" \/>\n<meta property=\"og:type\" content=\"article\" \/>\n<meta property=\"og:title\" content=\"CHAQUETA BOMBER ESSENTIALS - Ruben Galarreta Tienda\" \/>\n<meta property=\"og:description\" content=\"Nuestra CHAQUETA BOMBER ESSENTIALS para hombres est\u00e1 hecha de tela de raso con Galarreta creando un efecto hipn\u00f3tico y fashion.\" \/>\n<meta property=\"og:url\" content=\"https:\/\/www.rubengalarreta.com\/es\/product\/man-es\/essentials-es\/bomber-essentials\/\" \/>\n<meta property=\"og:site_name\" content=\"Ruben Galarreta\" \/>\n<meta property=\"article:modified_time\" content=\"2021-10-14T17:10:05+00:00\" \/>\n<meta property=\"og:image\" content=\"https:\/\/www.rubengalarreta.com\/wp-content\/uploads\/2021\/02\/ruben-galarreta-essentials-2021-black-galarreta-bomber-front-min.jpg\" \/>\n\t<meta property=\"og:image:width\" content=\"704\" \/>\n\t<meta property=\"og:image:height\" content=\"1000\" \/>\n\t<meta property=\"og:image:type\" content=\"image\/jpeg\" \/>\n<meta name=\"twitter:card\" content=\"summary_large_image\" \/>\n<meta name=\"twitter:label1\" content=\"Tiempo de lectura\" \/>\n\t<meta name=\"twitter:data1\" content=\"2 minutos\" \/>\n<script type=\"application\/ld+json\" class=\"yoast-schema-graph\">{\"@context\":\"https:\\\/\\\/schema.org\",\"@graph\":[{\"@type\":\"WebPage\",\"@id\":\"https:\\\/\\\/www.rubengalarreta.com\\\/es\\\/product\\\/man-es\\\/essentials-es\\\/bomber-essentials\\\/\",\"url\":\"https:\\\/\\\/www.rubengalarreta.com\\\/es\\\/product\\\/man-es\\\/essentials-es\\\/bomber-essentials\\\/\",\"name\":\"CHAQUETA BOMBER ESSENTIALS - Ruben Galarreta Tienda\",\"isPartOf\":{\"@id\":\"https:\\\/\\\/www.rubengalarreta.com\\\/es\\\/#website\"},\"primaryImageOfPage\":{\"@id\":\"https:\\\/\\\/www.rubengalarreta.com\\\/es\\\/product\\\/man-es\\\/essentials-es\\\/bomber-essentials\\\/#primaryimage\"},\"image\":{\"@id\":\"https:\\\/\\\/www.rubengalarreta.com\\\/es\\\/product\\\/man-es\\\/essentials-es\\\/bomber-essentials\\\/#primaryimage\"},\"thumbnailUrl\":\"https:\\\/\\\/www.rubengalarreta.com\\\/wp-content\\\/uploads\\\/2021\\\/02\\\/ruben-galarreta-essentials-2021-black-galarreta-bomber-front-min.jpg\",\"datePublished\":\"2021-02-25T13:10:53+00:00\",\"dateModified\":\"2021-10-14T17:10:05+00:00\",\"description\":\"Nuestra CHAQUETA BOMBER ESSENTIALS para hombres est\u00e1 hecha de tela de raso con Galarreta creando un efecto hipn\u00f3tico y fashion.\",\"breadcrumb\":{\"@id\":\"https:\\\/\\\/www.rubengalarreta.com\\\/es\\\/product\\\/man-es\\\/essentials-es\\\/bomber-essentials\\\/#breadcrumb\"},\"inLanguage\":\"es\",\"potentialAction\":[{\"@type\":\"ReadAction\",\"target\":[\"https:\\\/\\\/www.rubengalarreta.com\\\/es\\\/product\\\/man-es\\\/essentials-es\\\/bomber-essentials\\\/\"]}]},{\"@type\":\"ImageObject\",\"inLanguage\":\"es\",\"@id\":\"https:\\\/\\\/www.rubengalarreta.com\\\/es\\\/product\\\/man-es\\\/essentials-es\\\/bomber-essentials\\\/#primaryimage\",\"url\":\"https:\\\/\\\/www.rubengalarreta.com\\\/wp-content\\\/uploads\\\/2021\\\/02\\\/ruben-galarreta-essentials-2021-black-galarreta-bomber-front-min.jpg\",\"contentUrl\":\"https:\\\/\\\/www.rubengalarreta.com\\\/wp-content\\\/uploads\\\/2021\\\/02\\\/ruben-galarreta-essentials-2021-black-galarreta-bomber-front-min.jpg\",\"width\":704,\"height\":1000},{\"@type\":\"BreadcrumbList\",\"@id\":\"https:\\\/\\\/www.rubengalarreta.com\\\/es\\\/product\\\/man-es\\\/essentials-es\\\/bomber-essentials\\\/#breadcrumb\",\"itemListElement\":[{\"@type\":\"ListItem\",\"position\":1,\"name\":\"Home\",\"item\":\"https:\\\/\\\/www.rubengalarreta.com\\\/es\\\/\"},{\"@type\":\"ListItem\",\"position\":2,\"name\":\"Tienda Online\",\"item\":\"https:\\\/\\\/www.rubengalarreta.com\\\/es\\\/tienda-2\\\/\"},{\"@type\":\"ListItem\",\"position\":3,\"name\":\"CHAQUETA BOMBER ESSENTIALS\"}]},{\"@type\":\"WebSite\",\"@id\":\"https:\\\/\\\/www.rubengalarreta.com\\\/es\\\/#website\",\"url\":\"https:\\\/\\\/www.rubengalarreta.com\\\/es\\\/\",\"name\":\"Ruben Galarreta\",\"description\":\"Hot Couture | Online Store\",\"publisher\":{\"@id\":\"https:\\\/\\\/www.rubengalarreta.com\\\/es\\\/#organization\"},\"potentialAction\":[{\"@type\":\"SearchAction\",\"target\":{\"@type\":\"EntryPoint\",\"urlTemplate\":\"https:\\\/\\\/www.rubengalarreta.com\\\/es\\\/?s={search_term_string}\"},\"query-input\":{\"@type\":\"PropertyValueSpecification\",\"valueRequired\":true,\"valueName\":\"search_term_string\"}}],\"inLanguage\":\"es\"},{\"@type\":\"Organization\",\"@id\":\"https:\\\/\\\/www.rubengalarreta.com\\\/es\\\/#organization\",\"name\":\"Ruben Galarreta\",\"url\":\"https:\\\/\\\/www.rubengalarreta.com\\\/es\\\/\",\"logo\":{\"@type\":\"ImageObject\",\"inLanguage\":\"es\",\"@id\":\"https:\\\/\\\/www.rubengalarreta.com\\\/es\\\/#\\\/schema\\\/logo\\\/image\\\/\",\"url\":\"https:\\\/\\\/www.rubengalarreta.com\\\/wp-content\\\/uploads\\\/2019\\\/10\\\/rubengalarreta-menswear.jpg\",\"contentUrl\":\"https:\\\/\\\/www.rubengalarreta.com\\\/wp-content\\\/uploads\\\/2019\\\/10\\\/rubengalarreta-menswear.jpg\",\"width\":1141,\"height\":146,\"caption\":\"Ruben Galarreta\"},\"image\":{\"@id\":\"https:\\\/\\\/www.rubengalarreta.com\\\/es\\\/#\\\/schema\\\/logo\\\/image\\\/\"}}]}<\/script>\n<!-- \/ Yoast SEO plugin. -->","yoast_head_json":{"title":"CHAQUETA BOMBER ESSENTIALS - Ruben Galarreta Tienda","description":"Nuestra CHAQUETA BOMBER ESSENTIALS para hombres est\u00e1 hecha de tela de raso con Galarreta creando un efecto hipn\u00f3tico y fashion.","robots":{"index":"index","follow":"follow","max-snippet":"max-snippet:-1","max-image-preview":"max-image-preview:large","max-video-preview":"max-video-preview:-1"},"canonical":"https:\/\/www.rubengalarreta.com\/es\/product\/man-es\/essentials-es\/bomber-essentials\/","og_locale":"es_ES","og_type":"article","og_title":"CHAQUETA BOMBER ESSENTIALS - Ruben Galarreta Tienda","og_description":"Nuestra CHAQUETA BOMBER ESSENTIALS para hombres est\u00e1 hecha de tela de raso con Galarreta creando un efecto hipn\u00f3tico y fashion.","og_url":"https:\/\/www.rubengalarreta.com\/es\/product\/man-es\/essentials-es\/bomber-essentials\/","og_site_name":"Ruben Galarreta","article_modified_time":"2021-10-14T17:10:05+00:00","og_image":[{"width":704,"height":1000,"url":"https:\/\/www.rubengalarreta.com\/wp-content\/uploads\/2021\/02\/ruben-galarreta-essentials-2021-black-galarreta-bomber-front-min.jpg","type":"image\/jpeg"}],"twitter_card":"summary_large_image","twitter_misc":{"Tiempo de lectura":"2 minutos"},"schema":{"@context":"https:\/\/schema.org","@graph":[{"@type":"WebPage","@id":"https:\/\/www.rubengalarreta.com\/es\/product\/man-es\/essentials-es\/bomber-essentials\/","url":"https:\/\/www.rubengalarreta.com\/es\/product\/man-es\/essentials-es\/bomber-essentials\/","name":"CHAQUETA BOMBER ESSENTIALS - Ruben Galarreta Tienda","isPartOf":{"@id":"https:\/\/www.rubengalarreta.com\/es\/#website"},"primaryImageOfPage":{"@id":"https:\/\/www.rubengalarreta.com\/es\/product\/man-es\/essentials-es\/bomber-essentials\/#primaryimage"},"image":{"@id":"https:\/\/www.rubengalarreta.com\/es\/product\/man-es\/essentials-es\/bomber-essentials\/#primaryimage"},"thumbnailUrl":"https:\/\/www.rubengalarreta.com\/wp-content\/uploads\/2021\/02\/ruben-galarreta-essentials-2021-black-galarreta-bomber-front-min.jpg","datePublished":"2021-02-25T13:10:53+00:00","dateModified":"2021-10-14T17:10:05+00:00","description":"Nuestra CHAQUETA BOMBER ESSENTIALS para hombres est\u00e1 hecha de tela de raso con Galarreta creando un efecto hipn\u00f3tico y fashion.","breadcrumb":{"@id":"https:\/\/www.rubengalarreta.com\/es\/product\/man-es\/essentials-es\/bomber-essentials\/#breadcrumb"},"inLanguage":"es","potentialAction":[{"@type":"ReadAction","target":["https:\/\/www.rubengalarreta.com\/es\/product\/man-es\/essentials-es\/bomber-essentials\/"]}]},{"@type":"ImageObject","inLanguage":"es","@id":"https:\/\/www.rubengalarreta.com\/es\/product\/man-es\/essentials-es\/bomber-essentials\/#primaryimage","url":"https:\/\/www.rubengalarreta.com\/wp-content\/uploads\/2021\/02\/ruben-galarreta-essentials-2021-black-galarreta-bomber-front-min.jpg","contentUrl":"https:\/\/www.rubengalarreta.com\/wp-content\/uploads\/2021\/02\/ruben-galarreta-essentials-2021-black-galarreta-bomber-front-min.jpg","width":704,"height":1000},{"@type":"BreadcrumbList","@id":"https:\/\/www.rubengalarreta.com\/es\/product\/man-es\/essentials-es\/bomber-essentials\/#breadcrumb","itemListElement":[{"@type":"ListItem","position":1,"name":"Home","item":"https:\/\/www.rubengalarreta.com\/es\/"},{"@type":"ListItem","position":2,"name":"Tienda Online","item":"https:\/\/www.rubengalarreta.com\/es\/tienda-2\/"},{"@type":"ListItem","position":3,"name":"CHAQUETA BOMBER ESSENTIALS"}]},{"@type":"WebSite","@id":"https:\/\/www.rubengalarreta.com\/es\/#website","url":"https:\/\/www.rubengalarreta.com\/es\/","name":"Ruben Galarreta","description":"Hot Couture | Online Store","publisher":{"@id":"https:\/\/www.rubengalarreta.com\/es\/#organization"},"potentialAction":[{"@type":"SearchAction","target":{"@type":"EntryPoint","urlTemplate":"https:\/\/www.rubengalarreta.com\/es\/?s={search_term_string}"},"query-input":{"@type":"PropertyValueSpecification","valueRequired":true,"valueName":"search_term_string"}}],"inLanguage":"es"},{"@type":"Organization","@id":"https:\/\/www.rubengalarreta.com\/es\/#organization","name":"Ruben Galarreta","url":"https:\/\/www.rubengalarreta.com\/es\/","logo":{"@type":"ImageObject","inLanguage":"es","@id":"https:\/\/www.rubengalarreta.com\/es\/#\/schema\/logo\/image\/","url":"https:\/\/www.rubengalarreta.com\/wp-content\/uploads\/2019\/10\/rubengalarreta-menswear.jpg","contentUrl":"https:\/\/www.rubengalarreta.com\/wp-content\/uploads\/2019\/10\/rubengalarreta-menswear.jpg","width":1141,"height":146,"caption":"Ruben Galarreta"},"image":{"@id":"https:\/\/www.rubengalarreta.com\/es\/#\/schema\/logo\/image\/"}}]}},"_links":{"self":[{"href":"https:\/\/www.rubengalarreta.com\/es\/wp-json\/wp\/v2\/product\/66076","targetHints":{"allow":["GET"]}}],"collection":[{"href":"https:\/\/www.rubengalarreta.com\/es\/wp-json\/wp\/v2\/product"}],"about":[{"href":"https:\/\/www.rubengalarreta.com\/es\/wp-json\/wp\/v2\/types\/product"}],"replies":[{"embeddable":true,"href":"https:\/\/www.rubengalarreta.com\/es\/wp-json\/wp\/v2\/comments?post=66076"}],"wp:featuredmedia":[{"embeddable":true,"href":"https:\/\/www.rubengalarreta.com\/es\/wp-json\/wp\/v2\/media\/65908"}],"wp:attachment":[{"href":"https:\/\/www.rubengalarreta.com\/es\/wp-json\/wp\/v2\/media?parent=66076"}],"wp:term":[{"taxonomy":"product_brand","embeddable":true,"href":"https:\/\/www.rubengalarreta.com\/es\/wp-json\/wp\/v2\/product_brand?post=66076"},{"taxonomy":"product_cat","embeddable":true,"href":"https:\/\/www.rubengalarreta.com\/es\/wp-json\/wp\/v2\/product_cat?post=66076"},{"taxonomy":"product_tag","embeddable":true,"href":"https:\/\/www.rubengalarreta.com\/es\/wp-json\/wp\/v2\/product_tag?post=66076"}],"curies":[{"name":"wp","href":"https:\/\/api.w.org\/{rel}","templated":true}]}}