{"id":66066,"date":"2021-02-25T13:42:38","date_gmt":"2021-02-25T12:42:39","guid":{"rendered":"https:\/\/www.rubengalarreta.com\/?post_type=product&#038;p=66066"},"modified":"2021-11-17T20:33:17","modified_gmt":"2021-11-17T19:33:17","slug":"camiseta-raglan-essentials","status":"publish","type":"product","link":"https:\/\/www.rubengalarreta.com\/es\/product\/man-es\/essentials-es\/camiseta-raglan-essentials\/","title":{"rendered":"CAMISETA RAGLAN ESSENTIALS"},"content":{"rendered":"<h2><strong>CAMISETA RAGLAN ESSENTIALS<\/strong><\/h2>\n<table style=\"height: 87px; width: 100%; border-collapse: collapse; border-style: hidden;\">\n<tbody>\n<tr valign=\"TOP\">\n<td style=\"width: 49.8998%; border-style: hidden;\" width=\"293\" height=\"19\"><span style=\"color: #000000;\"><span style=\"font-family: trebuchet ms, serif;\"><b>DETALLES DEL PRODUCTO:<br \/>\n<\/b><\/span><\/span><span style=\"color: #999999;\"><span style=\"font-family: trebuchet ms, serif;\">-100% algod\u00f3n<\/span><\/span><br \/>\n<span style=\"color: #999999;\"><span style=\"font-family: trebuchet ms, serif;\">-Mangas ranglan con logo Galarreta en blanco<br \/>\n-Cuello redondo y manga corta<\/span><\/span><\/td>\n<td style=\"width: 50.1002%; border-style: hidden;\" width=\"293\"><span style=\"color: #000000;\"><span style=\"font-family: trebuchet ms, serif;\"><b>TALLA:<br \/>\n<\/b><\/span><\/span><span style=\"color: #999999;\"><span style=\"font-family: trebuchet ms, serif;\">-Smart Fit<\/span><\/span><\/td>\n<\/tr>\n<tr valign=\"TOP\">\n<td style=\"width: 49.8998%; border-style: hidden;\" width=\"293\" height=\"19\"><span style=\"color: #000000;\"><span style=\"font-family: trebuchet ms, serif;\"><b>CARE INSTRUCTIONS:<br \/>\n<\/b><\/span><\/span><span style=\"color: #999999;\"><span style=\"font-family: trebuchet ms, serif;\">-F\u00e1cil planchado y lavado a m\u00e1quina seg\u00fan las instrucciones de cuidado de la etiqueta<\/span><\/span><\/td>\n<td style=\"width: 50.1002%; border-style: hidden;\" width=\"293\"><span style=\"color: #000000;\"><span style=\"font-family: trebuchet ms, serif;\"><b>MEDIDAS MODELO:<br \/>\n<\/b><\/span><\/span><span style=\"color: #999999;\"><span style=\"font-family: trebuchet ms, serif;\">-Altura del modelo: 180cm 5&#8242;.9\u00bb<br \/>\n-El modelo usa la talla M<\/span><\/span><\/td>\n<\/tr>\n<\/tbody>\n<\/table>\n<table style=\"height: 31px; width: 100%; border-collapse: collapse; border-style: hidden;\">\n<tbody>\n<tr valign=\"TOP\">\n<td style=\"width: 49.8998%; border-style: hidden;\" width=\"293\" height=\"19\"><img loading=\"lazy\" decoding=\"async\" class=\"alignnone wp-image-69839 \" src=\"https:\/\/www.rubengalarreta.com\/wp-content\/uploads\/2021\/05\/tech-ranglan-tee-379x400.jpg\" alt=\"\" width=\"156\" height=\"165\" srcset=\"https:\/\/www.rubengalarreta.com\/wp-content\/uploads\/2021\/05\/tech-ranglan-tee-379x400.jpg 379w, https:\/\/www.rubengalarreta.com\/wp-content\/uploads\/2021\/05\/tech-ranglan-tee-758x800.jpg 758w, https:\/\/www.rubengalarreta.com\/wp-content\/uploads\/2021\/05\/tech-ranglan-tee-768x811.jpg 768w, https:\/\/www.rubengalarreta.com\/wp-content\/uploads\/2021\/05\/tech-ranglan-tee-1455x1536.jpg 1455w, https:\/\/www.rubengalarreta.com\/wp-content\/uploads\/2021\/05\/tech-ranglan-tee-247x261.jpg 247w, https:\/\/www.rubengalarreta.com\/wp-content\/uploads\/2021\/05\/tech-ranglan-tee-510x538.jpg 510w, https:\/\/www.rubengalarreta.com\/wp-content\/uploads\/2021\/05\/tech-ranglan-tee.jpg 1600w\" sizes=\"auto, (max-width: 156px) 100vw, 156px\" \/><\/td>\n<td style=\"width: 50.1002%; border-style: hidden;\" width=\"293\"><span style=\"color: #000000;\"><span style=\"font-family: trebuchet ms, serif;\"><b>SIZE GUIDE:<br \/>\n<\/b><\/span><\/span><\/p>\n<ul>\n<li><span style=\"color: #999999;\"><span style=\"font-family: trebuchet ms, serif;\"><span style=\"color: #000000;\">Small:<\/span> A 48cm B 69cm \/ 19&#8243; x\u00a0 27&#8243;<\/span><\/span><\/li>\n<li><span style=\"color: #999999;\"><span style=\"font-family: trebuchet ms, serif;\"><span style=\"color: #000000;\">Medium:<\/span> A 50cm B 71cm \/ 19.5&#8243; x 28&#8243;<\/span><\/span><\/li>\n<li><span style=\"color: #999999;\"><span style=\"font-family: trebuchet ms, serif;\"><span style=\"color: #000000;\">Large:<\/span> A 54cm B 73cm \/ 21.25&#8243; x 28.7&#8243;<\/span><\/span><\/li>\n<\/ul>\n<\/td>\n<\/tr>\n<\/tbody>\n<\/table>\n<h4>Por otro lado, el smart fit de la CAMISETA RAGLAN ESSENTIALS viene en tres tama\u00f1os: small, medium &amp; large. Adem\u00e1s, esta camiseta negra para hombres ofrece una transpiraci\u00f3n y comodidad destacables, caracter\u00edsticas que hacen que sea ideal para cualquier tipo de ocasi\u00f3n. A su vez, al estar hecha de algod\u00f3n 100%, la camiseta se ajusta muy bien en todo tipo de cuerpo, a la vez que se siente muy suave en la piel.<strong>DESCRIPCI\u00d3N<\/strong><\/h4>\n<p>La CAMISETA RAGLAN ESSENTIALS para hombre est\u00e1 compuesta de 100% algod\u00f3n, dise\u00f1ada por nosotros en Espa\u00f1a. Esta camiseta para hombres es una camisa de cuello redondo, manga corta y de color negro. Es una camiseta b\u00e1sica, lo cual permite una gran versatilidad a la hora de vestir, permitiendo combinarla con pr\u00e1cticamente cualquier otra prenda. Lo m\u00e1s destacable de la camiseta es que tiene el logo de Galarreta estampado repetidamente en diagonal en las mangas, creando un efecto hipn\u00f3tico y fashion.<\/p>\n<p>Como bien dice el nombre de esta colecci\u00f3n de moda para hombres ESSENTIALS, las prendas son ideales para el uso diario y casual. El color negro siempre se ha considerado como el color comod\u00edn, es decir, que combina con cualquier otro color, capaz de salvar todas esas situaciones en las que la indecisi\u00f3n a la hora de vestir nos puede. Adem\u00e1s, simboliza misterio, poder, control, independencia y fortaleza interna.<\/p>\n<p>Esta camiseta smart fit para hombres te ayudar\u00e1 a conseguir la atenci\u00f3n que mereces. En otras palabras, esta camiseta te ser\u00e1 muy \u00fatil para cuando quieras estar c\u00f3modo en cualquier momento.<\/p>\n<h4><strong>CONSEJOS DE ESTILISMO<\/strong><\/h4>\n<div>\n<p>Si quieres un look urbano y c\u00f3modo, RUBEN GALARRETA te sugiere que la lleves con nuestro JOGGER NEGRO ESSENTIALS y tus sneakers favoritas. Tambi\u00e9n puedes llevar una chaqueta bomber de la colecci\u00f3n encima de tu camiseta.<\/p>\n<\/div>\n","protected":false},"excerpt":{"rendered":"<h1><strong>CAMISETA RAGLAN ESSENTIALS<\/strong><\/h1>\n<p>Nuestra CAMISETA RAGLAN ESSENTIALS para hombres pertenece a la Colecci\u00f3n Essentials. Est\u00e1 hecha de algod\u00f3n y mangas ranglan con el logo Galarreta impreso en blanco.<\/p>\n","protected":false},"featured_media":69795,"comment_status":"closed","ping_status":"closed","template":"","meta":{"_monsterinsights_skip_tracking":false,"_monsterinsights_sitenote_active":false,"_monsterinsights_sitenote_note":"","_monsterinsights_sitenote_category":0},"product_brand":[],"product_cat":[5815,1921],"product_tag":[2171],"class_list":{"0":"post-66066","1":"product","2":"type-product","3":"status-publish","4":"has-post-thumbnail","6":"product_cat-essentials-es","7":"product_cat-man-es","8":"product_tag-camisetas-y-tops","10":"first","11":"outofstock","12":"sale","13":"taxable","14":"shipping-taxable","15":"purchasable","16":"product-type-variable","17":"has-default-attributes"},"yoast_head":"<!-- This site is optimized with the Yoast SEO plugin v27.3 - https:\/\/yoast.com\/product\/yoast-seo-wordpress\/ -->\n<title>CAMISETA RAGLAN ESSENTIALS - Ruben Galarreta Tienda<\/title>\n<meta name=\"description\" content=\"Nuestra CAMISETA RAGLAN ESSENTIALS para hombres pertenece a la Colecci\u00f3n Essentials. Est\u00e1 hecha de algod\u00f3n y tiene mangas ranglan.\" \/>\n<meta name=\"robots\" content=\"index, follow, max-snippet:-1, max-image-preview:large, max-video-preview:-1\" \/>\n<link rel=\"canonical\" href=\"https:\/\/www.rubengalarreta.com\/es\/product\/man-es\/essentials-es\/camiseta-raglan-essentials\/\" \/>\n<meta property=\"og:locale\" content=\"es_ES\" \/>\n<meta property=\"og:type\" content=\"article\" \/>\n<meta property=\"og:title\" content=\"CAMISETA RAGLAN ESSENTIALS - Ruben Galarreta Tienda\" \/>\n<meta property=\"og:description\" content=\"Nuestra CAMISETA RAGLAN ESSENTIALS para hombres pertenece a la Colecci\u00f3n Essentials. Est\u00e1 hecha de algod\u00f3n y tiene mangas ranglan.\" \/>\n<meta property=\"og:url\" content=\"https:\/\/www.rubengalarreta.com\/es\/product\/man-es\/essentials-es\/camiseta-raglan-essentials\/\" \/>\n<meta property=\"og:site_name\" content=\"Ruben Galarreta\" \/>\n<meta property=\"article:modified_time\" content=\"2021-11-17T19:33:17+00:00\" \/>\n<meta property=\"og:image\" content=\"https:\/\/www.rubengalarreta.com\/wp-content\/uploads\/2021\/05\/ruben-galarreta-essentials-2021-black-galarreta-wrangler-tee-front2-min.jpg\" \/>\n\t<meta property=\"og:image:width\" content=\"704\" \/>\n\t<meta property=\"og:image:height\" content=\"1000\" \/>\n\t<meta property=\"og:image:type\" content=\"image\/jpeg\" \/>\n<meta name=\"twitter:card\" content=\"summary_large_image\" \/>\n<meta name=\"twitter:label1\" content=\"Tiempo de lectura\" \/>\n\t<meta name=\"twitter:data1\" content=\"2 minutos\" \/>\n<script type=\"application\/ld+json\" class=\"yoast-schema-graph\">{\"@context\":\"https:\\\/\\\/schema.org\",\"@graph\":[{\"@type\":\"WebPage\",\"@id\":\"https:\\\/\\\/www.rubengalarreta.com\\\/es\\\/product\\\/man-es\\\/essentials-es\\\/camiseta-raglan-essentials\\\/\",\"url\":\"https:\\\/\\\/www.rubengalarreta.com\\\/es\\\/product\\\/man-es\\\/essentials-es\\\/camiseta-raglan-essentials\\\/\",\"name\":\"CAMISETA RAGLAN ESSENTIALS - Ruben Galarreta Tienda\",\"isPartOf\":{\"@id\":\"https:\\\/\\\/www.rubengalarreta.com\\\/es\\\/#website\"},\"primaryImageOfPage\":{\"@id\":\"https:\\\/\\\/www.rubengalarreta.com\\\/es\\\/product\\\/man-es\\\/essentials-es\\\/camiseta-raglan-essentials\\\/#primaryimage\"},\"image\":{\"@id\":\"https:\\\/\\\/www.rubengalarreta.com\\\/es\\\/product\\\/man-es\\\/essentials-es\\\/camiseta-raglan-essentials\\\/#primaryimage\"},\"thumbnailUrl\":\"https:\\\/\\\/www.rubengalarreta.com\\\/wp-content\\\/uploads\\\/2021\\\/05\\\/ruben-galarreta-essentials-2021-black-galarreta-wrangler-tee-front2-min.jpg\",\"datePublished\":\"2021-02-25T12:42:39+00:00\",\"dateModified\":\"2021-11-17T19:33:17+00:00\",\"description\":\"Nuestra CAMISETA RAGLAN ESSENTIALS para hombres pertenece a la Colecci\u00f3n Essentials. Est\u00e1 hecha de algod\u00f3n y tiene mangas ranglan.\",\"breadcrumb\":{\"@id\":\"https:\\\/\\\/www.rubengalarreta.com\\\/es\\\/product\\\/man-es\\\/essentials-es\\\/camiseta-raglan-essentials\\\/#breadcrumb\"},\"inLanguage\":\"es\",\"potentialAction\":[{\"@type\":\"ReadAction\",\"target\":[\"https:\\\/\\\/www.rubengalarreta.com\\\/es\\\/product\\\/man-es\\\/essentials-es\\\/camiseta-raglan-essentials\\\/\"]}]},{\"@type\":\"ImageObject\",\"inLanguage\":\"es\",\"@id\":\"https:\\\/\\\/www.rubengalarreta.com\\\/es\\\/product\\\/man-es\\\/essentials-es\\\/camiseta-raglan-essentials\\\/#primaryimage\",\"url\":\"https:\\\/\\\/www.rubengalarreta.com\\\/wp-content\\\/uploads\\\/2021\\\/05\\\/ruben-galarreta-essentials-2021-black-galarreta-wrangler-tee-front2-min.jpg\",\"contentUrl\":\"https:\\\/\\\/www.rubengalarreta.com\\\/wp-content\\\/uploads\\\/2021\\\/05\\\/ruben-galarreta-essentials-2021-black-galarreta-wrangler-tee-front2-min.jpg\",\"width\":704,\"height\":1000,\"caption\":\"black and white tee\"},{\"@type\":\"BreadcrumbList\",\"@id\":\"https:\\\/\\\/www.rubengalarreta.com\\\/es\\\/product\\\/man-es\\\/essentials-es\\\/camiseta-raglan-essentials\\\/#breadcrumb\",\"itemListElement\":[{\"@type\":\"ListItem\",\"position\":1,\"name\":\"Home\",\"item\":\"https:\\\/\\\/www.rubengalarreta.com\\\/es\\\/\"},{\"@type\":\"ListItem\",\"position\":2,\"name\":\"Tienda Online\",\"item\":\"https:\\\/\\\/www.rubengalarreta.com\\\/es\\\/tienda-2\\\/\"},{\"@type\":\"ListItem\",\"position\":3,\"name\":\"CAMISETA RAGLAN ESSENTIALS\"}]},{\"@type\":\"WebSite\",\"@id\":\"https:\\\/\\\/www.rubengalarreta.com\\\/es\\\/#website\",\"url\":\"https:\\\/\\\/www.rubengalarreta.com\\\/es\\\/\",\"name\":\"Ruben Galarreta\",\"description\":\"Hot Couture | Online Store\",\"publisher\":{\"@id\":\"https:\\\/\\\/www.rubengalarreta.com\\\/es\\\/#organization\"},\"potentialAction\":[{\"@type\":\"SearchAction\",\"target\":{\"@type\":\"EntryPoint\",\"urlTemplate\":\"https:\\\/\\\/www.rubengalarreta.com\\\/es\\\/?s={search_term_string}\"},\"query-input\":{\"@type\":\"PropertyValueSpecification\",\"valueRequired\":true,\"valueName\":\"search_term_string\"}}],\"inLanguage\":\"es\"},{\"@type\":\"Organization\",\"@id\":\"https:\\\/\\\/www.rubengalarreta.com\\\/es\\\/#organization\",\"name\":\"Ruben Galarreta\",\"url\":\"https:\\\/\\\/www.rubengalarreta.com\\\/es\\\/\",\"logo\":{\"@type\":\"ImageObject\",\"inLanguage\":\"es\",\"@id\":\"https:\\\/\\\/www.rubengalarreta.com\\\/es\\\/#\\\/schema\\\/logo\\\/image\\\/\",\"url\":\"https:\\\/\\\/www.rubengalarreta.com\\\/wp-content\\\/uploads\\\/2019\\\/10\\\/rubengalarreta-menswear.jpg\",\"contentUrl\":\"https:\\\/\\\/www.rubengalarreta.com\\\/wp-content\\\/uploads\\\/2019\\\/10\\\/rubengalarreta-menswear.jpg\",\"width\":1141,\"height\":146,\"caption\":\"Ruben Galarreta\"},\"image\":{\"@id\":\"https:\\\/\\\/www.rubengalarreta.com\\\/es\\\/#\\\/schema\\\/logo\\\/image\\\/\"}}]}<\/script>\n<!-- \/ Yoast SEO plugin. -->","yoast_head_json":{"title":"CAMISETA RAGLAN ESSENTIALS - Ruben Galarreta Tienda","description":"Nuestra CAMISETA RAGLAN ESSENTIALS para hombres pertenece a la Colecci\u00f3n Essentials. Est\u00e1 hecha de algod\u00f3n y tiene mangas ranglan.","robots":{"index":"index","follow":"follow","max-snippet":"max-snippet:-1","max-image-preview":"max-image-preview:large","max-video-preview":"max-video-preview:-1"},"canonical":"https:\/\/www.rubengalarreta.com\/es\/product\/man-es\/essentials-es\/camiseta-raglan-essentials\/","og_locale":"es_ES","og_type":"article","og_title":"CAMISETA RAGLAN ESSENTIALS - Ruben Galarreta Tienda","og_description":"Nuestra CAMISETA RAGLAN ESSENTIALS para hombres pertenece a la Colecci\u00f3n Essentials. Est\u00e1 hecha de algod\u00f3n y tiene mangas ranglan.","og_url":"https:\/\/www.rubengalarreta.com\/es\/product\/man-es\/essentials-es\/camiseta-raglan-essentials\/","og_site_name":"Ruben Galarreta","article_modified_time":"2021-11-17T19:33:17+00:00","og_image":[{"width":704,"height":1000,"url":"https:\/\/www.rubengalarreta.com\/wp-content\/uploads\/2021\/05\/ruben-galarreta-essentials-2021-black-galarreta-wrangler-tee-front2-min.jpg","type":"image\/jpeg"}],"twitter_card":"summary_large_image","twitter_misc":{"Tiempo de lectura":"2 minutos"},"schema":{"@context":"https:\/\/schema.org","@graph":[{"@type":"WebPage","@id":"https:\/\/www.rubengalarreta.com\/es\/product\/man-es\/essentials-es\/camiseta-raglan-essentials\/","url":"https:\/\/www.rubengalarreta.com\/es\/product\/man-es\/essentials-es\/camiseta-raglan-essentials\/","name":"CAMISETA RAGLAN ESSENTIALS - Ruben Galarreta Tienda","isPartOf":{"@id":"https:\/\/www.rubengalarreta.com\/es\/#website"},"primaryImageOfPage":{"@id":"https:\/\/www.rubengalarreta.com\/es\/product\/man-es\/essentials-es\/camiseta-raglan-essentials\/#primaryimage"},"image":{"@id":"https:\/\/www.rubengalarreta.com\/es\/product\/man-es\/essentials-es\/camiseta-raglan-essentials\/#primaryimage"},"thumbnailUrl":"https:\/\/www.rubengalarreta.com\/wp-content\/uploads\/2021\/05\/ruben-galarreta-essentials-2021-black-galarreta-wrangler-tee-front2-min.jpg","datePublished":"2021-02-25T12:42:39+00:00","dateModified":"2021-11-17T19:33:17+00:00","description":"Nuestra CAMISETA RAGLAN ESSENTIALS para hombres pertenece a la Colecci\u00f3n Essentials. Est\u00e1 hecha de algod\u00f3n y tiene mangas ranglan.","breadcrumb":{"@id":"https:\/\/www.rubengalarreta.com\/es\/product\/man-es\/essentials-es\/camiseta-raglan-essentials\/#breadcrumb"},"inLanguage":"es","potentialAction":[{"@type":"ReadAction","target":["https:\/\/www.rubengalarreta.com\/es\/product\/man-es\/essentials-es\/camiseta-raglan-essentials\/"]}]},{"@type":"ImageObject","inLanguage":"es","@id":"https:\/\/www.rubengalarreta.com\/es\/product\/man-es\/essentials-es\/camiseta-raglan-essentials\/#primaryimage","url":"https:\/\/www.rubengalarreta.com\/wp-content\/uploads\/2021\/05\/ruben-galarreta-essentials-2021-black-galarreta-wrangler-tee-front2-min.jpg","contentUrl":"https:\/\/www.rubengalarreta.com\/wp-content\/uploads\/2021\/05\/ruben-galarreta-essentials-2021-black-galarreta-wrangler-tee-front2-min.jpg","width":704,"height":1000,"caption":"black and white tee"},{"@type":"BreadcrumbList","@id":"https:\/\/www.rubengalarreta.com\/es\/product\/man-es\/essentials-es\/camiseta-raglan-essentials\/#breadcrumb","itemListElement":[{"@type":"ListItem","position":1,"name":"Home","item":"https:\/\/www.rubengalarreta.com\/es\/"},{"@type":"ListItem","position":2,"name":"Tienda Online","item":"https:\/\/www.rubengalarreta.com\/es\/tienda-2\/"},{"@type":"ListItem","position":3,"name":"CAMISETA RAGLAN ESSENTIALS"}]},{"@type":"WebSite","@id":"https:\/\/www.rubengalarreta.com\/es\/#website","url":"https:\/\/www.rubengalarreta.com\/es\/","name":"Ruben Galarreta","description":"Hot Couture | Online Store","publisher":{"@id":"https:\/\/www.rubengalarreta.com\/es\/#organization"},"potentialAction":[{"@type":"SearchAction","target":{"@type":"EntryPoint","urlTemplate":"https:\/\/www.rubengalarreta.com\/es\/?s={search_term_string}"},"query-input":{"@type":"PropertyValueSpecification","valueRequired":true,"valueName":"search_term_string"}}],"inLanguage":"es"},{"@type":"Organization","@id":"https:\/\/www.rubengalarreta.com\/es\/#organization","name":"Ruben Galarreta","url":"https:\/\/www.rubengalarreta.com\/es\/","logo":{"@type":"ImageObject","inLanguage":"es","@id":"https:\/\/www.rubengalarreta.com\/es\/#\/schema\/logo\/image\/","url":"https:\/\/www.rubengalarreta.com\/wp-content\/uploads\/2019\/10\/rubengalarreta-menswear.jpg","contentUrl":"https:\/\/www.rubengalarreta.com\/wp-content\/uploads\/2019\/10\/rubengalarreta-menswear.jpg","width":1141,"height":146,"caption":"Ruben Galarreta"},"image":{"@id":"https:\/\/www.rubengalarreta.com\/es\/#\/schema\/logo\/image\/"}}]}},"_links":{"self":[{"href":"https:\/\/www.rubengalarreta.com\/es\/wp-json\/wp\/v2\/product\/66066","targetHints":{"allow":["GET"]}}],"collection":[{"href":"https:\/\/www.rubengalarreta.com\/es\/wp-json\/wp\/v2\/product"}],"about":[{"href":"https:\/\/www.rubengalarreta.com\/es\/wp-json\/wp\/v2\/types\/product"}],"replies":[{"embeddable":true,"href":"https:\/\/www.rubengalarreta.com\/es\/wp-json\/wp\/v2\/comments?post=66066"}],"wp:featuredmedia":[{"embeddable":true,"href":"https:\/\/www.rubengalarreta.com\/es\/wp-json\/wp\/v2\/media\/69795"}],"wp:attachment":[{"href":"https:\/\/www.rubengalarreta.com\/es\/wp-json\/wp\/v2\/media?parent=66066"}],"wp:term":[{"taxonomy":"product_brand","embeddable":true,"href":"https:\/\/www.rubengalarreta.com\/es\/wp-json\/wp\/v2\/product_brand?post=66066"},{"taxonomy":"product_cat","embeddable":true,"href":"https:\/\/www.rubengalarreta.com\/es\/wp-json\/wp\/v2\/product_cat?post=66066"},{"taxonomy":"product_tag","embeddable":true,"href":"https:\/\/www.rubengalarreta.com\/es\/wp-json\/wp\/v2\/product_tag?post=66066"}],"curies":[{"name":"wp","href":"https:\/\/api.w.org\/{rel}","templated":true}]}}