{"id":66049,"date":"2021-02-25T12:41:21","date_gmt":"2021-02-25T11:41:22","guid":{"rendered":"https:\/\/www.rubengalarreta.com\/?post_type=product&#038;p=66049"},"modified":"2021-02-26T16:53:43","modified_gmt":"2021-02-26T15:53:43","slug":"tote-negro-essentials","status":"publish","type":"product","link":"https:\/\/www.rubengalarreta.com\/es\/product\/man-es\/tote-negro-essentials\/","title":{"rendered":"TOTE NEGRO ESSENTIALS"},"content":{"rendered":"<h2><strong>TOTE NEGRO ESSENTIALS<\/strong><\/h2>\n<table style=\"height: 183px; width: 100%; border-collapse: collapse; border-style: hidden;\">\n<tbody>\n<tr valign=\"TOP\">\n<td style=\"width: 49.8998%; border-style: hidden;\" width=\"293\" height=\"19\"><span style=\"color: #000000;\"><span style=\"font-family: trebuchet ms, serif;\"><b>DETALLES DE PRODUCTO:<br \/>\n<\/b><\/span><\/span><span style=\"color: #999999;\"><span style=\"font-family: trebuchet ms, serif;\">-100% algod\u00f3n org\u00e1nico<\/span><\/span><br \/>\n<span style=\"color: #999999;\"><span style=\"font-family: trebuchet ms, serif;\">-Tela negra con logo Galarreta en blanco<\/span><\/span><br \/>\n<span style=\"color: #999999;\"><span style=\"font-family: trebuchet ms, serif;\">-Capacidad: 30 litros<\/span><\/span><\/td>\n<td style=\"width: 50.1002%; border-style: hidden;\" width=\"293\"><span style=\"color: #000000;\"><span style=\"font-family: trebuchet ms, serif;\"><b>MEDIDAS:<br \/>\n<\/b><\/span><\/span><span style=\"color: #999999;\"><span style=\"font-family: trebuchet ms, serif;\">-38 cm x 42 cm (asas de mano: 67 cm)<\/span><\/span><\/td>\n<\/tr>\n<tr valign=\"TOP\">\n<td style=\"width: 49.8998%; border-style: hidden;\" width=\"293\" height=\"19\"><span style=\"color: #000000;\"><span style=\"font-family: trebuchet ms, serif;\"><b>CUIDADOS:<br \/>\n<\/b><\/span><\/span><span style=\"color: #999999;\"><span style=\"font-family: trebuchet ms, serif;\">-F\u00e1cil planchado y lavado a m\u00e1quina seg\u00fan las instrucciones de cuidado de la etiqueta<\/span><\/span><\/td>\n<td style=\"width: 50.1002%; border-style: hidden;\" width=\"293\"><\/td>\n<\/tr>\n<\/tbody>\n<\/table>\n<h4><strong>DESCRIPCI\u00d3N<\/strong><\/h4>\n<p>Este TOTE NEGRO ESSENTIALS dise\u00f1ado en Espa\u00f1a por Rub\u00e9n Galarreta, fabricado totalmente de algod\u00f3n org\u00e1nico, es de estilo streetwear y casual. Proporciona la personalidad del color negro caracter\u00edstico de la colecci\u00f3n ESSENTIALS mezclado con el toque Galarreta. Adem\u00e1s, esta bolsa est\u00e1 fabricada de algod\u00f3n org\u00e1nico vegano para no da\u00f1ar el ecosistema con su fabricaci\u00f3n. Hoy en d\u00eda vemos este producto en todas partes, sobre los hombros y manos de la gente que pasea por las calles, en la universidad, en la playa\u2026 convirti\u00e9ndose en el must-have para todas las personas que se sienten a la moda, debido a su comodidad, resistencia y adaptabilidad caracter\u00edsticas.<\/p>\n<p>Lo m\u00e1s destacable del tote es que tiene el logo de GALARRETA impreso en la parte frontal de la bolsa, y el sello doble R caracter\u00edstico de la marca en la parte trasera. Ya sea para ir de compras, salir de fiesta, dar un paseo, ir a la universidad o al trabajo\u2026 este tote bag es ideal, ya que se adapta a cualquier tipo de situaci\u00f3n. Su capacidad es bastante amplia, \u00fatil para guardar y llevar contigo todo aquello que creas necesario. Comodidad y estilo en un mismo producto.<\/p>\n<p>Como bien dice el nombre de esta colecci\u00f3n de moda para hombres ESSENTIALS, las prendas son ideales para el uso diario y casual. El color negro siempre se ha considerado como el color comod\u00edn, es decir, que combina con cualquier otro color, capaz de salvar todas esas situaciones en las que la indecisi\u00f3n a la hora de vestir nos puede. Adem\u00e1s, simboliza misterio, poder, control, independencia y fortaleza interna. Se puede comprar de manera online por nuestra p\u00e1gina web o en nuestras tiendas f\u00edsicas.<\/p>\n<h4><strong>CONSEJOS DE ESTILISMO<\/strong><\/h4>\n<div>\n<p>Si quieres un look urbano y c\u00f3modo, RUBEN GALARRETA te sugiere que lo lleves con cualquier pieza de nuestra colecci\u00f3n ESSENTIALS.<\/p>\n<p>Tambi\u00e9n puedes llevarlo para ocasiones m\u00e1s formales, encajando a la perfecci\u00f3n con nuestra colecci\u00f3n <a href=\"https:\/\/www.rubengalarreta.com\/es\/producto-categoria\/man-es\/encaje-rosas-negras-dark-roses\/\">ENCAJE DARK ROSES<\/a>.<\/p>\n<\/div>\n","protected":false},"excerpt":{"rendered":"<h1><strong>TOTE NEGRO ESSENTIALS<\/strong><\/h1>\n<p>Nuestro TOTE NEGRO ESSENTIALS para hombres pertenece a la Colecci\u00f3n Essentials. Est\u00e1 hecho de algod\u00f3n org\u00e1nico y tiene el logo de Galarreta impreso en blanco. Se caracteriza por su comodidad, resistencia y adaptabilidad.<\/p>\n","protected":false},"featured_media":66184,"comment_status":"closed","ping_status":"closed","template":"","meta":{"_monsterinsights_skip_tracking":false,"_monsterinsights_sitenote_active":false,"_monsterinsights_sitenote_note":"","_monsterinsights_sitenote_category":0},"product_brand":[],"product_cat":[2081,1921],"product_tag":[2334],"class_list":{"0":"post-66049","1":"product","2":"type-product","3":"status-publish","4":"has-post-thumbnail","6":"product_cat-sales-es-outlet","7":"product_cat-man-es","8":"product_tag-bolsos-accesorios","10":"first","11":"instock","12":"sale","13":"taxable","14":"shipping-taxable","15":"purchasable","16":"product-type-simple"},"yoast_head":"<!-- This site is optimized with the Yoast SEO plugin v27.5 - https:\/\/yoast.com\/product\/yoast-seo-wordpress\/ -->\n<title>TOTE NEGRO ESSENTIALS - Accesorios Rub\u00e9n Galarreta<\/title>\n<meta name=\"description\" content=\"Nuestro TOTE NEGRO ESSENTIALS para hombres est\u00e1 hecho de algod\u00f3n org\u00e1nico y se caracteriza por su comodidad, resistencia y adaptabilidad.\" \/>\n<meta name=\"robots\" content=\"index, follow, max-snippet:-1, max-image-preview:large, max-video-preview:-1\" \/>\n<link rel=\"canonical\" href=\"https:\/\/www.rubengalarreta.com\/es\/product\/man-es\/tote-negro-essentials\/\" \/>\n<meta property=\"og:locale\" content=\"es_ES\" \/>\n<meta property=\"og:type\" content=\"article\" \/>\n<meta property=\"og:title\" content=\"TOTE NEGRO ESSENTIALS - Accesorios Rub\u00e9n Galarreta\" \/>\n<meta property=\"og:description\" content=\"Nuestro TOTE NEGRO ESSENTIALS para hombres est\u00e1 hecho de algod\u00f3n org\u00e1nico y se caracteriza por su comodidad, resistencia y adaptabilidad.\" \/>\n<meta property=\"og:url\" content=\"https:\/\/www.rubengalarreta.com\/es\/product\/man-es\/tote-negro-essentials\/\" \/>\n<meta property=\"og:site_name\" content=\"Ruben Galarreta\" \/>\n<meta property=\"article:modified_time\" content=\"2021-02-26T15:53:43+00:00\" \/>\n<meta property=\"og:image\" content=\"https:\/\/www.rubengalarreta.com\/wp-content\/uploads\/2021\/02\/ruben-galarreta-essentials-2021-black-galarreta-fabric-shopping-bag-zoom-plano-min.jpg\" \/>\n\t<meta property=\"og:image:width\" content=\"704\" \/>\n\t<meta property=\"og:image:height\" content=\"1000\" \/>\n\t<meta property=\"og:image:type\" content=\"image\/jpeg\" \/>\n<meta name=\"twitter:card\" content=\"summary_large_image\" \/>\n<meta name=\"twitter:label1\" content=\"Tiempo de lectura\" \/>\n\t<meta name=\"twitter:data1\" content=\"2 minutos\" \/>\n<script type=\"application\/ld+json\" class=\"yoast-schema-graph\">{\"@context\":\"https:\\\/\\\/schema.org\",\"@graph\":[{\"@type\":\"WebPage\",\"@id\":\"https:\\\/\\\/www.rubengalarreta.com\\\/es\\\/product\\\/man-es\\\/tote-negro-essentials\\\/\",\"url\":\"https:\\\/\\\/www.rubengalarreta.com\\\/es\\\/product\\\/man-es\\\/tote-negro-essentials\\\/\",\"name\":\"TOTE NEGRO ESSENTIALS - Accesorios Rub\u00e9n Galarreta\",\"isPartOf\":{\"@id\":\"https:\\\/\\\/www.rubengalarreta.com\\\/es\\\/#website\"},\"primaryImageOfPage\":{\"@id\":\"https:\\\/\\\/www.rubengalarreta.com\\\/es\\\/product\\\/man-es\\\/tote-negro-essentials\\\/#primaryimage\"},\"image\":{\"@id\":\"https:\\\/\\\/www.rubengalarreta.com\\\/es\\\/product\\\/man-es\\\/tote-negro-essentials\\\/#primaryimage\"},\"thumbnailUrl\":\"https:\\\/\\\/www.rubengalarreta.com\\\/wp-content\\\/uploads\\\/2021\\\/02\\\/ruben-galarreta-essentials-2021-black-galarreta-fabric-shopping-bag-zoom-plano-min.jpg\",\"datePublished\":\"2021-02-25T11:41:22+00:00\",\"dateModified\":\"2021-02-26T15:53:43+00:00\",\"description\":\"Nuestro TOTE NEGRO ESSENTIALS para hombres est\u00e1 hecho de algod\u00f3n org\u00e1nico y se caracteriza por su comodidad, resistencia y adaptabilidad.\",\"breadcrumb\":{\"@id\":\"https:\\\/\\\/www.rubengalarreta.com\\\/es\\\/product\\\/man-es\\\/tote-negro-essentials\\\/#breadcrumb\"},\"inLanguage\":\"es\",\"potentialAction\":[{\"@type\":\"ReadAction\",\"target\":[\"https:\\\/\\\/www.rubengalarreta.com\\\/es\\\/product\\\/man-es\\\/tote-negro-essentials\\\/\"]}]},{\"@type\":\"ImageObject\",\"inLanguage\":\"es\",\"@id\":\"https:\\\/\\\/www.rubengalarreta.com\\\/es\\\/product\\\/man-es\\\/tote-negro-essentials\\\/#primaryimage\",\"url\":\"https:\\\/\\\/www.rubengalarreta.com\\\/wp-content\\\/uploads\\\/2021\\\/02\\\/ruben-galarreta-essentials-2021-black-galarreta-fabric-shopping-bag-zoom-plano-min.jpg\",\"contentUrl\":\"https:\\\/\\\/www.rubengalarreta.com\\\/wp-content\\\/uploads\\\/2021\\\/02\\\/ruben-galarreta-essentials-2021-black-galarreta-fabric-shopping-bag-zoom-plano-min.jpg\",\"width\":704,\"height\":1000},{\"@type\":\"BreadcrumbList\",\"@id\":\"https:\\\/\\\/www.rubengalarreta.com\\\/es\\\/product\\\/man-es\\\/tote-negro-essentials\\\/#breadcrumb\",\"itemListElement\":[{\"@type\":\"ListItem\",\"position\":1,\"name\":\"Home\",\"item\":\"https:\\\/\\\/www.rubengalarreta.com\\\/es\\\/\"},{\"@type\":\"ListItem\",\"position\":2,\"name\":\"Tienda Online\",\"item\":\"https:\\\/\\\/www.rubengalarreta.com\\\/es\\\/tienda-2\\\/\"},{\"@type\":\"ListItem\",\"position\":3,\"name\":\"TOTE NEGRO ESSENTIALS\"}]},{\"@type\":\"WebSite\",\"@id\":\"https:\\\/\\\/www.rubengalarreta.com\\\/es\\\/#website\",\"url\":\"https:\\\/\\\/www.rubengalarreta.com\\\/es\\\/\",\"name\":\"Ruben Galarreta\",\"description\":\"Hot Couture | Online Store\",\"publisher\":{\"@id\":\"https:\\\/\\\/www.rubengalarreta.com\\\/es\\\/#organization\"},\"potentialAction\":[{\"@type\":\"SearchAction\",\"target\":{\"@type\":\"EntryPoint\",\"urlTemplate\":\"https:\\\/\\\/www.rubengalarreta.com\\\/es\\\/?s={search_term_string}\"},\"query-input\":{\"@type\":\"PropertyValueSpecification\",\"valueRequired\":true,\"valueName\":\"search_term_string\"}}],\"inLanguage\":\"es\"},{\"@type\":\"Organization\",\"@id\":\"https:\\\/\\\/www.rubengalarreta.com\\\/es\\\/#organization\",\"name\":\"Ruben Galarreta\",\"url\":\"https:\\\/\\\/www.rubengalarreta.com\\\/es\\\/\",\"logo\":{\"@type\":\"ImageObject\",\"inLanguage\":\"es\",\"@id\":\"https:\\\/\\\/www.rubengalarreta.com\\\/es\\\/#\\\/schema\\\/logo\\\/image\\\/\",\"url\":\"https:\\\/\\\/www.rubengalarreta.com\\\/wp-content\\\/uploads\\\/2019\\\/10\\\/rubengalarreta-menswear.jpg\",\"contentUrl\":\"https:\\\/\\\/www.rubengalarreta.com\\\/wp-content\\\/uploads\\\/2019\\\/10\\\/rubengalarreta-menswear.jpg\",\"width\":1141,\"height\":146,\"caption\":\"Ruben Galarreta\"},\"image\":{\"@id\":\"https:\\\/\\\/www.rubengalarreta.com\\\/es\\\/#\\\/schema\\\/logo\\\/image\\\/\"}}]}<\/script>\n<!-- \/ Yoast SEO plugin. -->","yoast_head_json":{"title":"TOTE NEGRO ESSENTIALS - Accesorios Rub\u00e9n Galarreta","description":"Nuestro TOTE NEGRO ESSENTIALS para hombres est\u00e1 hecho de algod\u00f3n org\u00e1nico y se caracteriza por su comodidad, resistencia y adaptabilidad.","robots":{"index":"index","follow":"follow","max-snippet":"max-snippet:-1","max-image-preview":"max-image-preview:large","max-video-preview":"max-video-preview:-1"},"canonical":"https:\/\/www.rubengalarreta.com\/es\/product\/man-es\/tote-negro-essentials\/","og_locale":"es_ES","og_type":"article","og_title":"TOTE NEGRO ESSENTIALS - Accesorios Rub\u00e9n Galarreta","og_description":"Nuestro TOTE NEGRO ESSENTIALS para hombres est\u00e1 hecho de algod\u00f3n org\u00e1nico y se caracteriza por su comodidad, resistencia y adaptabilidad.","og_url":"https:\/\/www.rubengalarreta.com\/es\/product\/man-es\/tote-negro-essentials\/","og_site_name":"Ruben Galarreta","article_modified_time":"2021-02-26T15:53:43+00:00","og_image":[{"width":704,"height":1000,"url":"https:\/\/www.rubengalarreta.com\/wp-content\/uploads\/2021\/02\/ruben-galarreta-essentials-2021-black-galarreta-fabric-shopping-bag-zoom-plano-min.jpg","type":"image\/jpeg"}],"twitter_card":"summary_large_image","twitter_misc":{"Tiempo de lectura":"2 minutos"},"schema":{"@context":"https:\/\/schema.org","@graph":[{"@type":"WebPage","@id":"https:\/\/www.rubengalarreta.com\/es\/product\/man-es\/tote-negro-essentials\/","url":"https:\/\/www.rubengalarreta.com\/es\/product\/man-es\/tote-negro-essentials\/","name":"TOTE NEGRO ESSENTIALS - Accesorios Rub\u00e9n Galarreta","isPartOf":{"@id":"https:\/\/www.rubengalarreta.com\/es\/#website"},"primaryImageOfPage":{"@id":"https:\/\/www.rubengalarreta.com\/es\/product\/man-es\/tote-negro-essentials\/#primaryimage"},"image":{"@id":"https:\/\/www.rubengalarreta.com\/es\/product\/man-es\/tote-negro-essentials\/#primaryimage"},"thumbnailUrl":"https:\/\/www.rubengalarreta.com\/wp-content\/uploads\/2021\/02\/ruben-galarreta-essentials-2021-black-galarreta-fabric-shopping-bag-zoom-plano-min.jpg","datePublished":"2021-02-25T11:41:22+00:00","dateModified":"2021-02-26T15:53:43+00:00","description":"Nuestro TOTE NEGRO ESSENTIALS para hombres est\u00e1 hecho de algod\u00f3n org\u00e1nico y se caracteriza por su comodidad, resistencia y adaptabilidad.","breadcrumb":{"@id":"https:\/\/www.rubengalarreta.com\/es\/product\/man-es\/tote-negro-essentials\/#breadcrumb"},"inLanguage":"es","potentialAction":[{"@type":"ReadAction","target":["https:\/\/www.rubengalarreta.com\/es\/product\/man-es\/tote-negro-essentials\/"]}]},{"@type":"ImageObject","inLanguage":"es","@id":"https:\/\/www.rubengalarreta.com\/es\/product\/man-es\/tote-negro-essentials\/#primaryimage","url":"https:\/\/www.rubengalarreta.com\/wp-content\/uploads\/2021\/02\/ruben-galarreta-essentials-2021-black-galarreta-fabric-shopping-bag-zoom-plano-min.jpg","contentUrl":"https:\/\/www.rubengalarreta.com\/wp-content\/uploads\/2021\/02\/ruben-galarreta-essentials-2021-black-galarreta-fabric-shopping-bag-zoom-plano-min.jpg","width":704,"height":1000},{"@type":"BreadcrumbList","@id":"https:\/\/www.rubengalarreta.com\/es\/product\/man-es\/tote-negro-essentials\/#breadcrumb","itemListElement":[{"@type":"ListItem","position":1,"name":"Home","item":"https:\/\/www.rubengalarreta.com\/es\/"},{"@type":"ListItem","position":2,"name":"Tienda Online","item":"https:\/\/www.rubengalarreta.com\/es\/tienda-2\/"},{"@type":"ListItem","position":3,"name":"TOTE NEGRO ESSENTIALS"}]},{"@type":"WebSite","@id":"https:\/\/www.rubengalarreta.com\/es\/#website","url":"https:\/\/www.rubengalarreta.com\/es\/","name":"Ruben Galarreta","description":"Hot Couture | Online Store","publisher":{"@id":"https:\/\/www.rubengalarreta.com\/es\/#organization"},"potentialAction":[{"@type":"SearchAction","target":{"@type":"EntryPoint","urlTemplate":"https:\/\/www.rubengalarreta.com\/es\/?s={search_term_string}"},"query-input":{"@type":"PropertyValueSpecification","valueRequired":true,"valueName":"search_term_string"}}],"inLanguage":"es"},{"@type":"Organization","@id":"https:\/\/www.rubengalarreta.com\/es\/#organization","name":"Ruben Galarreta","url":"https:\/\/www.rubengalarreta.com\/es\/","logo":{"@type":"ImageObject","inLanguage":"es","@id":"https:\/\/www.rubengalarreta.com\/es\/#\/schema\/logo\/image\/","url":"https:\/\/www.rubengalarreta.com\/wp-content\/uploads\/2019\/10\/rubengalarreta-menswear.jpg","contentUrl":"https:\/\/www.rubengalarreta.com\/wp-content\/uploads\/2019\/10\/rubengalarreta-menswear.jpg","width":1141,"height":146,"caption":"Ruben Galarreta"},"image":{"@id":"https:\/\/www.rubengalarreta.com\/es\/#\/schema\/logo\/image\/"}}]}},"_links":{"self":[{"href":"https:\/\/www.rubengalarreta.com\/es\/wp-json\/wp\/v2\/product\/66049","targetHints":{"allow":["GET"]}}],"collection":[{"href":"https:\/\/www.rubengalarreta.com\/es\/wp-json\/wp\/v2\/product"}],"about":[{"href":"https:\/\/www.rubengalarreta.com\/es\/wp-json\/wp\/v2\/types\/product"}],"replies":[{"embeddable":true,"href":"https:\/\/www.rubengalarreta.com\/es\/wp-json\/wp\/v2\/comments?post=66049"}],"wp:featuredmedia":[{"embeddable":true,"href":"https:\/\/www.rubengalarreta.com\/es\/wp-json\/wp\/v2\/media\/66184"}],"wp:attachment":[{"href":"https:\/\/www.rubengalarreta.com\/es\/wp-json\/wp\/v2\/media?parent=66049"}],"wp:term":[{"taxonomy":"product_brand","embeddable":true,"href":"https:\/\/www.rubengalarreta.com\/es\/wp-json\/wp\/v2\/product_brand?post=66049"},{"taxonomy":"product_cat","embeddable":true,"href":"https:\/\/www.rubengalarreta.com\/es\/wp-json\/wp\/v2\/product_cat?post=66049"},{"taxonomy":"product_tag","embeddable":true,"href":"https:\/\/www.rubengalarreta.com\/es\/wp-json\/wp\/v2\/product_tag?post=66049"}],"curies":[{"name":"wp","href":"https:\/\/api.w.org\/{rel}","templated":true}]}}