{"id":66027,"date":"2021-02-25T12:09:28","date_gmt":"2021-02-25T11:09:29","guid":{"rendered":"https:\/\/www.rubengalarreta.com\/?post_type=product&#038;p=66027"},"modified":"2021-09-27T12:26:38","modified_gmt":"2021-09-27T10:26:38","slug":"camiseta-negra-especial-essentials","status":"publish","type":"product","link":"https:\/\/www.rubengalarreta.com\/es\/product\/man-es\/camiseta-negra-especial-essentials\/","title":{"rendered":"CAMISETA NEGRA ESPECIAL ESSENTIALS"},"content":{"rendered":"<h2><strong>CAMISETA NEGRA ESPECIAL ESSENTIALS<\/strong><\/h2>\n<table style=\"height: 183px; width: 100%; border-collapse: collapse; border-style: hidden;\">\n<tbody>\n<tr valign=\"TOP\">\n<td style=\"width: 49.8998%; border-style: hidden;\" width=\"293\" height=\"19\"><span style=\"color: #000000;\"><span style=\"font-family: trebuchet ms, serif;\"><b>DETALLES DE PRODUCTO:<br \/>\n<\/b><\/span><\/span><span style=\"color: #999999;\"><span style=\"font-family: trebuchet ms, serif;\">-100% algod\u00f3n<\/span><\/span><br \/>\n<span style=\"color: #999999;\"><span style=\"font-family: trebuchet ms, serif;\">-Camiseta negra con un dise\u00f1o especial y el logo Galarreta en blanco<\/span><\/span><br \/>\n<span style=\"color: #999999;\"><span style=\"font-family: trebuchet ms, serif;\">-Cuello redondo y manga corta<\/span><\/span><\/td>\n<td style=\"width: 50.1002%; border-style: hidden;\" width=\"293\"><span style=\"color: #000000;\"><span style=\"font-family: trebuchet ms, serif;\"><b>TALLA:<br \/>\n<\/b><\/span><\/span><span style=\"color: #999999;\"><span style=\"font-family: trebuchet ms, serif;\">-Smart Fit<\/span><\/span><\/td>\n<\/tr>\n<tr valign=\"TOP\">\n<td style=\"width: 49.8998%; border-style: hidden;\" width=\"293\" height=\"19\"><span style=\"color: #000000;\"><span style=\"font-family: trebuchet ms, serif;\"><b>CUIDADOS:<br \/>\n<\/b><\/span><\/span><span style=\"color: #999999;\"><span style=\"font-family: trebuchet ms, serif;\">-F\u00e1cil planchado y lavado a m\u00e1quina seg\u00fan las instrucciones de cuidado de la etiqueta<\/span><\/span><\/td>\n<td style=\"width: 50.1002%; border-style: hidden;\" width=\"293\"><span style=\"color: #000000;\"><span style=\"font-family: trebuchet ms, serif;\"><b>MEDIDAS MODELO:<br \/>\n<\/b><\/span><\/span><span style=\"color: #999999;\"><span style=\"font-family: trebuchet ms, serif;\">-Altura de modelo: 185cm<br \/>\n-El modelo usa talla M<\/span><\/span><\/td>\n<\/tr>\n<\/tbody>\n<\/table>\n<table style=\"height: 183px; width: 998px; border-collapse: collapse; border-style: hidden;\">\n<tbody>\n<tr valign=\"TOP\">\n<td style=\"width: 49.8998%; border-style: hidden;\" width=\"293\" height=\"19\"><img loading=\"lazy\" decoding=\"async\" class=\"alignnone wp-image-65282\" src=\"https:\/\/www.rubengalarreta.com\/wp-content\/uploads\/2020\/09\/tallas.jpg\" alt=\"\" width=\"145\" height=\"137\" srcset=\"https:\/\/www.rubengalarreta.com\/wp-content\/uploads\/2020\/09\/tallas.jpg 387w, https:\/\/www.rubengalarreta.com\/wp-content\/uploads\/2020\/09\/tallas-247x232.jpg 247w\" sizes=\"auto, (max-width: 145px) 100vw, 145px\" \/><\/td>\n<td style=\"width: 50.1002%; border-style: hidden;\" width=\"293\"><span style=\"color: #000000;\"><span style=\"font-family: trebuchet ms, serif;\"><b>GU\u00cdA DE MEDIDAS:<br \/>\n<\/b><\/span><\/span><\/p>\n<ul>\n<li><span style=\"color: #999999;\"><span style=\"font-family: trebuchet ms, serif;\"><span style=\"color: #000000;\">Small:<\/span> A 48cm B 69cm \/ 19&#8243; x\u00a0 27&#8243;<\/span><\/span><\/li>\n<li><span style=\"color: #999999;\"><span style=\"font-family: trebuchet ms, serif;\"><span style=\"color: #000000;\">Medium:<\/span> A 50cm B 71cm \/ 19.5&#8243; x 28&#8243;<\/span><\/span><\/li>\n<li><span style=\"color: #999999;\"><span style=\"font-family: trebuchet ms, serif;\"><span style=\"color: #000000;\">Large:<\/span> A 54cm B 73cm \/ 21.25&#8243; x 28.7&#8243;<\/span><\/span><\/li>\n<\/ul>\n<\/td>\n<\/tr>\n<\/tbody>\n<\/table>\n<h4><strong>DESCRIPCI\u00d3N<\/strong><\/h4>\n<p>La CAMISETA NEGRA ESPECIAL ESSENTIALS para hombre est\u00e1 compuesta de 100% algod\u00f3n, dise\u00f1ada por nosotros en Espa\u00f1a con el ic\u00f3nico estampado blanco de GALARRETA. Esta camiseta para hombres es una camisa de cuello redondo, manga corta y de color negro. Es una camiseta b\u00e1sica, lo cual permite una gran versatilidad a la hora de vestir, permitiendo combinar la camiseta con pr\u00e1cticamente cualquier otra prenda. Lo m\u00e1s destacable de la camiseta es que tiene un dise\u00f1o especial, original y exclusivo junto con el logo de Galarreta en la parte superior del pecho, y la doble R caracter\u00edstica de la marca en la parte trasera.<\/p>\n<p>Por otro lado, el smart fit de la CAMISETA NEGRA ESPECIAL ESSENTIALS viene en tres tama\u00f1os: small, medium &amp; large. Adem\u00e1s, esta camiseta negra para hombres ofrece una transpiraci\u00f3n y comodidad destacables, caracter\u00edsticas que hacen que sea ideal para cualquier tipo de ocasi\u00f3n. A su vez, al estar hecha de algod\u00f3n 100%, la camiseta se ajusta muy bien en todo tipo de cuerpo, a la vez que se siente muy suave en la piel. Como bien dice el nombre de esta colecci\u00f3n de moda para hombres ESSENTIALS, las prendas son ideales para el uso diario y casual.<\/p>\n<p>El color negro siempre se ha considerado como el color comod\u00edn, es decir, que combina con cualquier otro color, capaz de salvar todas esas situaciones en las que la indecisi\u00f3n a la hora de vestir nos puede. Adem\u00e1s, simboliza misterio, poder, control, independencia y fortaleza interna. Esta camiseta smart fit para hombres te ayudar\u00e1 a conseguir la atenci\u00f3n que mereces. En otras palabras, esta camiseta te ser\u00e1 muy \u00fatil para cuando quieras estar c\u00f3modo en cualquier momento.<\/p>\n<h4><strong>CONSEJOS DE ESTILISMO<\/strong><\/h4>\n<div>\n<p>Si quieres un look urbano y c\u00f3modo, RUBEN GALARRETA te sugiere que la lleves con nuestro JOGGER NEGRO ESSENTIALS y tus sneakers favoritas. Tambi\u00e9n puedes llevar una chaqueta de bomber de la colecci\u00f3n encima de tu camiseta. Si quieres a\u00f1adir un poco m\u00e1s de estilo a tu look, puedes usar nuestro <a href=\"https:\/\/www.rubengalarreta.com\/product\/man\/accessories-m\/choker\/\">CHOKER<\/a> como accesorio.<\/p>\n<p>Al ser una prenda tan vers\u00e1til, tambi\u00e9n puedes llevarla para ocasiones m\u00e1s formales. Por ejemplo, puedes combinar tu camiseta con nuestros <a href=\"https:\/\/www.rubengalarreta.com\/product\/man\/dark-roses-lace-leggins\/\">LEGGINS ENCAJE NEGRO DARK ROSES<\/a> y una americana negra.<\/p>\n<\/div>\n","protected":false},"excerpt":{"rendered":"<h1><strong>CAMISETA NEGRA ESPECIAL ESSENTIALS<\/strong><\/h1>\n<p>Nuestra CAMISETA NEGRA ESPECIAL ESSENTIALS para hombres pertenece a la Colecci\u00f3n Essentials. Est\u00e1 hecha de algod\u00f3n con un dise\u00f1o especial y el logo de Galarreta impreso en blanco.<\/p>\n","protected":false},"featured_media":66019,"comment_status":"closed","ping_status":"closed","template":"","meta":{"_monsterinsights_skip_tracking":false,"_monsterinsights_sitenote_active":false,"_monsterinsights_sitenote_note":"","_monsterinsights_sitenote_category":0},"product_brand":[],"product_cat":[2081,1921],"product_tag":[2171],"class_list":{"0":"post-66027","1":"product","2":"type-product","3":"status-publish","4":"has-post-thumbnail","6":"product_cat-sales-es-outlet","7":"product_cat-man-es","8":"product_tag-camisetas-y-tops","10":"first","11":"outofstock","12":"sale","13":"taxable","14":"shipping-taxable","15":"purchasable","16":"product-type-variable","17":"has-default-attributes"},"yoast_head":"<!-- This site is optimized with the Yoast SEO plugin v27.5 - https:\/\/yoast.com\/product\/yoast-seo-wordpress\/ -->\n<title>CAMISETA NEGRA ESPECIAL ESSENTIALS - Ruben Galarreta Tienda<\/title>\n<meta name=\"description\" content=\"Nuestra CAMISETA NEGRA ESPECIAL ESSENTIALS para hombres pertenece a la Colecci\u00f3n Essentials. Est\u00e1 hecha de algod\u00f3n con un dise\u00f1o especial.\" \/>\n<meta name=\"robots\" content=\"index, follow, max-snippet:-1, max-image-preview:large, max-video-preview:-1\" \/>\n<link rel=\"canonical\" href=\"https:\/\/www.rubengalarreta.com\/es\/product\/man-es\/camiseta-negra-especial-essentials\/\" \/>\n<meta property=\"og:locale\" content=\"es_ES\" \/>\n<meta property=\"og:type\" content=\"article\" \/>\n<meta property=\"og:title\" content=\"CAMISETA NEGRA ESPECIAL ESSENTIALS - Ruben Galarreta Tienda\" \/>\n<meta property=\"og:description\" content=\"Nuestra CAMISETA NEGRA ESPECIAL ESSENTIALS para hombres pertenece a la Colecci\u00f3n Essentials. Est\u00e1 hecha de algod\u00f3n con un dise\u00f1o especial.\" \/>\n<meta property=\"og:url\" content=\"https:\/\/www.rubengalarreta.com\/es\/product\/man-es\/camiseta-negra-especial-essentials\/\" \/>\n<meta property=\"og:site_name\" content=\"Ruben Galarreta\" \/>\n<meta property=\"article:modified_time\" content=\"2021-09-27T10:26:38+00:00\" \/>\n<meta property=\"og:image\" content=\"https:\/\/www.rubengalarreta.com\/wp-content\/uploads\/2021\/02\/ruben-galarreta-essentials-2021-black-galarreta-tee-boys-front2-min.jpg\" \/>\n\t<meta property=\"og:image:width\" content=\"704\" \/>\n\t<meta property=\"og:image:height\" content=\"1000\" \/>\n\t<meta property=\"og:image:type\" content=\"image\/jpeg\" \/>\n<meta name=\"twitter:card\" content=\"summary_large_image\" \/>\n<meta name=\"twitter:label1\" content=\"Tiempo de lectura\" \/>\n\t<meta name=\"twitter:data1\" content=\"3 minutos\" \/>\n<script type=\"application\/ld+json\" class=\"yoast-schema-graph\">{\"@context\":\"https:\\\/\\\/schema.org\",\"@graph\":[{\"@type\":\"WebPage\",\"@id\":\"https:\\\/\\\/www.rubengalarreta.com\\\/es\\\/product\\\/man-es\\\/camiseta-negra-especial-essentials\\\/\",\"url\":\"https:\\\/\\\/www.rubengalarreta.com\\\/es\\\/product\\\/man-es\\\/camiseta-negra-especial-essentials\\\/\",\"name\":\"CAMISETA NEGRA ESPECIAL ESSENTIALS - Ruben Galarreta Tienda\",\"isPartOf\":{\"@id\":\"https:\\\/\\\/www.rubengalarreta.com\\\/es\\\/#website\"},\"primaryImageOfPage\":{\"@id\":\"https:\\\/\\\/www.rubengalarreta.com\\\/es\\\/product\\\/man-es\\\/camiseta-negra-especial-essentials\\\/#primaryimage\"},\"image\":{\"@id\":\"https:\\\/\\\/www.rubengalarreta.com\\\/es\\\/product\\\/man-es\\\/camiseta-negra-especial-essentials\\\/#primaryimage\"},\"thumbnailUrl\":\"https:\\\/\\\/www.rubengalarreta.com\\\/wp-content\\\/uploads\\\/2021\\\/02\\\/ruben-galarreta-essentials-2021-black-galarreta-tee-boys-front2-min.jpg\",\"datePublished\":\"2021-02-25T11:09:29+00:00\",\"dateModified\":\"2021-09-27T10:26:38+00:00\",\"description\":\"Nuestra CAMISETA NEGRA ESPECIAL ESSENTIALS para hombres pertenece a la Colecci\u00f3n Essentials. Est\u00e1 hecha de algod\u00f3n con un dise\u00f1o especial.\",\"breadcrumb\":{\"@id\":\"https:\\\/\\\/www.rubengalarreta.com\\\/es\\\/product\\\/man-es\\\/camiseta-negra-especial-essentials\\\/#breadcrumb\"},\"inLanguage\":\"es\",\"potentialAction\":[{\"@type\":\"ReadAction\",\"target\":[\"https:\\\/\\\/www.rubengalarreta.com\\\/es\\\/product\\\/man-es\\\/camiseta-negra-especial-essentials\\\/\"]}]},{\"@type\":\"ImageObject\",\"inLanguage\":\"es\",\"@id\":\"https:\\\/\\\/www.rubengalarreta.com\\\/es\\\/product\\\/man-es\\\/camiseta-negra-especial-essentials\\\/#primaryimage\",\"url\":\"https:\\\/\\\/www.rubengalarreta.com\\\/wp-content\\\/uploads\\\/2021\\\/02\\\/ruben-galarreta-essentials-2021-black-galarreta-tee-boys-front2-min.jpg\",\"contentUrl\":\"https:\\\/\\\/www.rubengalarreta.com\\\/wp-content\\\/uploads\\\/2021\\\/02\\\/ruben-galarreta-essentials-2021-black-galarreta-tee-boys-front2-min.jpg\",\"width\":704,\"height\":1000,\"caption\":\"CAMISETA NEGRA MODA\"},{\"@type\":\"BreadcrumbList\",\"@id\":\"https:\\\/\\\/www.rubengalarreta.com\\\/es\\\/product\\\/man-es\\\/camiseta-negra-especial-essentials\\\/#breadcrumb\",\"itemListElement\":[{\"@type\":\"ListItem\",\"position\":1,\"name\":\"Home\",\"item\":\"https:\\\/\\\/www.rubengalarreta.com\\\/es\\\/\"},{\"@type\":\"ListItem\",\"position\":2,\"name\":\"Tienda Online\",\"item\":\"https:\\\/\\\/www.rubengalarreta.com\\\/es\\\/tienda-2\\\/\"},{\"@type\":\"ListItem\",\"position\":3,\"name\":\"CAMISETA NEGRA ESPECIAL ESSENTIALS\"}]},{\"@type\":\"WebSite\",\"@id\":\"https:\\\/\\\/www.rubengalarreta.com\\\/es\\\/#website\",\"url\":\"https:\\\/\\\/www.rubengalarreta.com\\\/es\\\/\",\"name\":\"Ruben Galarreta\",\"description\":\"Hot Couture | Online Store\",\"publisher\":{\"@id\":\"https:\\\/\\\/www.rubengalarreta.com\\\/es\\\/#organization\"},\"potentialAction\":[{\"@type\":\"SearchAction\",\"target\":{\"@type\":\"EntryPoint\",\"urlTemplate\":\"https:\\\/\\\/www.rubengalarreta.com\\\/es\\\/?s={search_term_string}\"},\"query-input\":{\"@type\":\"PropertyValueSpecification\",\"valueRequired\":true,\"valueName\":\"search_term_string\"}}],\"inLanguage\":\"es\"},{\"@type\":\"Organization\",\"@id\":\"https:\\\/\\\/www.rubengalarreta.com\\\/es\\\/#organization\",\"name\":\"Ruben Galarreta\",\"url\":\"https:\\\/\\\/www.rubengalarreta.com\\\/es\\\/\",\"logo\":{\"@type\":\"ImageObject\",\"inLanguage\":\"es\",\"@id\":\"https:\\\/\\\/www.rubengalarreta.com\\\/es\\\/#\\\/schema\\\/logo\\\/image\\\/\",\"url\":\"https:\\\/\\\/www.rubengalarreta.com\\\/wp-content\\\/uploads\\\/2019\\\/10\\\/rubengalarreta-menswear.jpg\",\"contentUrl\":\"https:\\\/\\\/www.rubengalarreta.com\\\/wp-content\\\/uploads\\\/2019\\\/10\\\/rubengalarreta-menswear.jpg\",\"width\":1141,\"height\":146,\"caption\":\"Ruben Galarreta\"},\"image\":{\"@id\":\"https:\\\/\\\/www.rubengalarreta.com\\\/es\\\/#\\\/schema\\\/logo\\\/image\\\/\"}}]}<\/script>\n<!-- \/ Yoast SEO plugin. -->","yoast_head_json":{"title":"CAMISETA NEGRA ESPECIAL ESSENTIALS - Ruben Galarreta Tienda","description":"Nuestra CAMISETA NEGRA ESPECIAL ESSENTIALS para hombres pertenece a la Colecci\u00f3n Essentials. Est\u00e1 hecha de algod\u00f3n con un dise\u00f1o especial.","robots":{"index":"index","follow":"follow","max-snippet":"max-snippet:-1","max-image-preview":"max-image-preview:large","max-video-preview":"max-video-preview:-1"},"canonical":"https:\/\/www.rubengalarreta.com\/es\/product\/man-es\/camiseta-negra-especial-essentials\/","og_locale":"es_ES","og_type":"article","og_title":"CAMISETA NEGRA ESPECIAL ESSENTIALS - Ruben Galarreta Tienda","og_description":"Nuestra CAMISETA NEGRA ESPECIAL ESSENTIALS para hombres pertenece a la Colecci\u00f3n Essentials. Est\u00e1 hecha de algod\u00f3n con un dise\u00f1o especial.","og_url":"https:\/\/www.rubengalarreta.com\/es\/product\/man-es\/camiseta-negra-especial-essentials\/","og_site_name":"Ruben Galarreta","article_modified_time":"2021-09-27T10:26:38+00:00","og_image":[{"width":704,"height":1000,"url":"https:\/\/www.rubengalarreta.com\/wp-content\/uploads\/2021\/02\/ruben-galarreta-essentials-2021-black-galarreta-tee-boys-front2-min.jpg","type":"image\/jpeg"}],"twitter_card":"summary_large_image","twitter_misc":{"Tiempo de lectura":"3 minutos"},"schema":{"@context":"https:\/\/schema.org","@graph":[{"@type":"WebPage","@id":"https:\/\/www.rubengalarreta.com\/es\/product\/man-es\/camiseta-negra-especial-essentials\/","url":"https:\/\/www.rubengalarreta.com\/es\/product\/man-es\/camiseta-negra-especial-essentials\/","name":"CAMISETA NEGRA ESPECIAL ESSENTIALS - Ruben Galarreta Tienda","isPartOf":{"@id":"https:\/\/www.rubengalarreta.com\/es\/#website"},"primaryImageOfPage":{"@id":"https:\/\/www.rubengalarreta.com\/es\/product\/man-es\/camiseta-negra-especial-essentials\/#primaryimage"},"image":{"@id":"https:\/\/www.rubengalarreta.com\/es\/product\/man-es\/camiseta-negra-especial-essentials\/#primaryimage"},"thumbnailUrl":"https:\/\/www.rubengalarreta.com\/wp-content\/uploads\/2021\/02\/ruben-galarreta-essentials-2021-black-galarreta-tee-boys-front2-min.jpg","datePublished":"2021-02-25T11:09:29+00:00","dateModified":"2021-09-27T10:26:38+00:00","description":"Nuestra CAMISETA NEGRA ESPECIAL ESSENTIALS para hombres pertenece a la Colecci\u00f3n Essentials. Est\u00e1 hecha de algod\u00f3n con un dise\u00f1o especial.","breadcrumb":{"@id":"https:\/\/www.rubengalarreta.com\/es\/product\/man-es\/camiseta-negra-especial-essentials\/#breadcrumb"},"inLanguage":"es","potentialAction":[{"@type":"ReadAction","target":["https:\/\/www.rubengalarreta.com\/es\/product\/man-es\/camiseta-negra-especial-essentials\/"]}]},{"@type":"ImageObject","inLanguage":"es","@id":"https:\/\/www.rubengalarreta.com\/es\/product\/man-es\/camiseta-negra-especial-essentials\/#primaryimage","url":"https:\/\/www.rubengalarreta.com\/wp-content\/uploads\/2021\/02\/ruben-galarreta-essentials-2021-black-galarreta-tee-boys-front2-min.jpg","contentUrl":"https:\/\/www.rubengalarreta.com\/wp-content\/uploads\/2021\/02\/ruben-galarreta-essentials-2021-black-galarreta-tee-boys-front2-min.jpg","width":704,"height":1000,"caption":"CAMISETA NEGRA MODA"},{"@type":"BreadcrumbList","@id":"https:\/\/www.rubengalarreta.com\/es\/product\/man-es\/camiseta-negra-especial-essentials\/#breadcrumb","itemListElement":[{"@type":"ListItem","position":1,"name":"Home","item":"https:\/\/www.rubengalarreta.com\/es\/"},{"@type":"ListItem","position":2,"name":"Tienda Online","item":"https:\/\/www.rubengalarreta.com\/es\/tienda-2\/"},{"@type":"ListItem","position":3,"name":"CAMISETA NEGRA ESPECIAL ESSENTIALS"}]},{"@type":"WebSite","@id":"https:\/\/www.rubengalarreta.com\/es\/#website","url":"https:\/\/www.rubengalarreta.com\/es\/","name":"Ruben Galarreta","description":"Hot Couture | Online Store","publisher":{"@id":"https:\/\/www.rubengalarreta.com\/es\/#organization"},"potentialAction":[{"@type":"SearchAction","target":{"@type":"EntryPoint","urlTemplate":"https:\/\/www.rubengalarreta.com\/es\/?s={search_term_string}"},"query-input":{"@type":"PropertyValueSpecification","valueRequired":true,"valueName":"search_term_string"}}],"inLanguage":"es"},{"@type":"Organization","@id":"https:\/\/www.rubengalarreta.com\/es\/#organization","name":"Ruben Galarreta","url":"https:\/\/www.rubengalarreta.com\/es\/","logo":{"@type":"ImageObject","inLanguage":"es","@id":"https:\/\/www.rubengalarreta.com\/es\/#\/schema\/logo\/image\/","url":"https:\/\/www.rubengalarreta.com\/wp-content\/uploads\/2019\/10\/rubengalarreta-menswear.jpg","contentUrl":"https:\/\/www.rubengalarreta.com\/wp-content\/uploads\/2019\/10\/rubengalarreta-menswear.jpg","width":1141,"height":146,"caption":"Ruben Galarreta"},"image":{"@id":"https:\/\/www.rubengalarreta.com\/es\/#\/schema\/logo\/image\/"}}]}},"_links":{"self":[{"href":"https:\/\/www.rubengalarreta.com\/es\/wp-json\/wp\/v2\/product\/66027","targetHints":{"allow":["GET"]}}],"collection":[{"href":"https:\/\/www.rubengalarreta.com\/es\/wp-json\/wp\/v2\/product"}],"about":[{"href":"https:\/\/www.rubengalarreta.com\/es\/wp-json\/wp\/v2\/types\/product"}],"replies":[{"embeddable":true,"href":"https:\/\/www.rubengalarreta.com\/es\/wp-json\/wp\/v2\/comments?post=66027"}],"wp:featuredmedia":[{"embeddable":true,"href":"https:\/\/www.rubengalarreta.com\/es\/wp-json\/wp\/v2\/media\/66019"}],"wp:attachment":[{"href":"https:\/\/www.rubengalarreta.com\/es\/wp-json\/wp\/v2\/media?parent=66027"}],"wp:term":[{"taxonomy":"product_brand","embeddable":true,"href":"https:\/\/www.rubengalarreta.com\/es\/wp-json\/wp\/v2\/product_brand?post=66027"},{"taxonomy":"product_cat","embeddable":true,"href":"https:\/\/www.rubengalarreta.com\/es\/wp-json\/wp\/v2\/product_cat?post=66027"},{"taxonomy":"product_tag","embeddable":true,"href":"https:\/\/www.rubengalarreta.com\/es\/wp-json\/wp\/v2\/product_tag?post=66027"}],"curies":[{"name":"wp","href":"https:\/\/api.w.org\/{rel}","templated":true}]}}