{"id":58682,"date":"2020-10-06T19:27:58","date_gmt":"2020-10-09T17:33:29","guid":{"rendered":"https:\/\/www.rubengalarreta.com\/?post_type=product&#038;p=58682"},"modified":"2021-11-16T22:00:27","modified_gmt":"2021-11-16T21:00:27","slug":"arnes-encaje-negro-dark-roses","status":"publish","type":"product","link":"https:\/\/www.rubengalarreta.com\/es\/product\/man-es\/accessories-m-es\/arnes-encaje-negro-dark-roses\/","title":{"rendered":"ARN\u00c9S ENCAJE NEGRO DARK ROSES"},"content":{"rendered":"<p><b>ARN\u00c9S ENCAJE NEGRO DARK ROSES<\/b><\/p>\n<table style=\"height: 183px; width: 100%; border-collapse: collapse; border-style: hidden;\">\n<tbody>\n<tr valign=\"TOP\">\n<td style=\"width: 49.8998%; border-style: hidden;\" width=\"293\" height=\"19\"><span style=\"color: #000000;\"><span style=\"font-family: trebuchet ms, serif;\"><b>DETALLES DE PRODUCTO:<br \/>\n<\/b><\/span><\/span><span style=\"color: #999999;\"><span style=\"font-family: trebuchet ms, serif;\">-Encaje negro dise\u00f1o floral 100% poly<\/span><\/span><br \/>\n<span style=\"color: #999999;\"><span style=\"font-family: trebuchet ms, serif;\">-Cuello cisne de algod\u00f3n suave<\/span><\/span><br \/>\n<span style=\"color: #999999;\"><span style=\"font-family: trebuchet ms, serif;\">-Hombros y bajos el\u00e1sticos con logotipo<\/span><\/span><\/td>\n<td style=\"width: 50.1002%; border-style: hidden;\" width=\"293\"><span style=\"color: #000000;\"><span style=\"font-family: trebuchet ms, serif;\"><b>TALLA:<br \/>\n<\/b><\/span><\/span><span style=\"color: #999999;\"><span style=\"font-family: trebuchet ms, serif;\">-Slim Fit<\/span><\/span><\/td>\n<\/tr>\n<tr valign=\"TOP\">\n<td style=\"width: 49.8998%; border-style: hidden;\" width=\"293\" height=\"19\"><span style=\"color: #000000;\"><span style=\"font-family: trebuchet ms, serif;\"><b>INSTRUCCIONES DE CUIDADO:<br \/>\n<\/b><\/span><\/span><span style=\"color: #999999;\"><span style=\"font-family: trebuchet ms, serif;\">-Lavado a m\u00e1quina seg\u00fan las instrucciones de cuidado de la etiqueta y planchado a baja temperatura<\/span><\/span><\/td>\n<td style=\"width: 50.1002%; border-style: hidden;\" width=\"293\"><span style=\"color: #000000;\"><span style=\"font-family: trebuchet ms, serif;\"><b>MEDIDAS MODELO:<br \/>\n<\/b><\/span><\/span><span style=\"color: #999999;\"><span style=\"font-family: trebuchet ms, serif;\">-Altura: 178cm<br \/>\n-El modelo una talla Universal<\/span><\/span><\/td>\n<\/tr>\n<\/tbody>\n<\/table>\n<p><strong>DESCRIPCI\u00d3N<\/strong><\/p>\n<p><span style=\"font-weight: 400;\">Nuestro ARN\u00c9S NEGRO DE ENCAJE DARK ROSES para hombre es una arn\u00e9s con los bajos y los hombros el\u00e1sticos con el logo de Rub\u00e9n Galarreta estampado. Un arn\u00e9s para hombre muy favorecedor porque tiene un fit entallado y el\u00e1stico que permite una gran movilidad. Dise\u00f1ado en Espa\u00f1a. Disponible en talla \u00fanica.<\/span><\/p>\n<p><span style=\"font-weight: 400;\">Primero de todo, esta prenda es muy elegante gracias a su tejido de encaje y los dibujos florales que lleva. Adem\u00e1s, es un arn\u00e9s muy sexy, que puedes llevar en fiestas y que aportar\u00e1n un toque exquisito a tu look. Este arn\u00e9s de encaje destaca por su dise\u00f1o exclusivo de Rub\u00e9n Galarreta, y cuando lo llevas demuestras tu gusto por la moda.<\/span><\/p>\n<p><span style=\"font-weight: 400;\">Es un ARN\u00c9S NEGRO DE ENCAJE DARK ROSES para hombres exclusivo que puedes ponerte en todos tus eventos porque es muy sexy y muy c\u00f3modo. Tambi\u00e9n en la discoteca con un par de vaqueros negros para llamar la atenci\u00f3n de todos.<\/span><\/p>\n<p>Para cuidar correctamente la prenda, recomendamos lavarlo a baja temperatura. No es necesario planchar, pero si lo prefieres puedes hacerlo tambi\u00e9n a baja temperatura.<\/p>\n<p><strong>CONSEJOS DE ESTILISMO<\/strong><\/p>\n<p><span style=\"font-weight: 400;\">El ARN\u00c9S NEGRO DE ENCAJE para hombre combina perfectamente con nuestro<\/span><a href=\"https:\/\/www.rubengalarreta.com\/es\/product\/man-es\/excess-black-short-strapped-pants\/\"> <span style=\"font-weight: 400;\">Excess Black Short Strapped Pants<\/span><\/a><span style=\"font-weight: 400;\"> para crear un look para hombre atrevido y elegante. <\/span>Tambi\u00e9n con nuestro <a href=\"https:\/\/www.rubengalarreta.com\/es\/product\/man-es\/accesorios\/bolso-de-mano-negro-de-piel-vegana\/\">BOLSO DE MANO DE PIEL VEGANA<\/a>.<\/p>\n<div>Adem\u00e1s, si lo que quieres es un total look para hombre, tienes nuestros LEGGINS DARK ROSES. Tambi\u00e9n los PANTALONES DE ENCAJE DARK ROSES. As\u00ed podr\u00e1s llevar puesta toda la colecci\u00f3n DARK ROSES y sentirte el m\u00e1s sexy de la fiesta.<\/div>\n","protected":false},"excerpt":{"rendered":"<p><strong>ARN\u00c9S ENCAJE NEGRO DARK ROSES<\/strong><\/p>\n<p>Arn\u00e9s de ecnaje negro perteneciente a la colecci\u00f3n Dark Roses. Dise\u00f1ado en Espa\u00f1a en exclusiva por Rub\u00e9n Galarreta. De corte skinny fit, aporta gran comodidad por su elasticidad y la suavidad de sus tejidos.<\/p>\n","protected":false},"featured_media":58635,"comment_status":"closed","ping_status":"closed","template":"","meta":{"_monsterinsights_skip_tracking":false,"_monsterinsights_sitenote_active":false,"_monsterinsights_sitenote_note":"","_monsterinsights_sitenote_category":0},"product_brand":[],"product_cat":[1950,5749],"product_tag":[2167],"class_list":{"0":"post-58682","1":"product","2":"type-product","3":"status-publish","4":"has-post-thumbnail","6":"product_cat-accessories-m-es","7":"product_cat-encaje-rosas-negras-dark-roses","8":"product_tag-arneses","10":"first","11":"outofstock","12":"sale","13":"taxable","14":"shipping-taxable","15":"purchasable","16":"product-type-simple"},"yoast_head":"<!-- This site is optimized with the Yoast SEO plugin v27.3 - https:\/\/yoast.com\/product\/yoast-seo-wordpress\/ -->\n<title>ARN\u00c9S ENCAJE NEGRO DARK ROSES - Ruben Galarreta<\/title>\n<meta name=\"description\" content=\"Arn\u00e9s de encaje negro perteneciente a la colecci\u00f3n Dark Roses. Dise\u00f1ado en exclusiva por Rub\u00e9n Galarreta en Espa\u00f1a. Compra en nuestra web.\" \/>\n<meta name=\"robots\" content=\"index, follow, max-snippet:-1, max-image-preview:large, max-video-preview:-1\" \/>\n<link rel=\"canonical\" href=\"https:\/\/www.rubengalarreta.com\/es\/product\/man-es\/accessories-m-es\/arnes-encaje-negro-dark-roses\/\" \/>\n<meta property=\"og:locale\" content=\"es_ES\" \/>\n<meta property=\"og:type\" content=\"article\" \/>\n<meta property=\"og:title\" content=\"ARN\u00c9S ENCAJE NEGRO DARK ROSES - Ruben Galarreta\" \/>\n<meta property=\"og:description\" content=\"Arn\u00e9s de encaje negro perteneciente a la colecci\u00f3n Dark Roses. Dise\u00f1ado en exclusiva por Rub\u00e9n Galarreta en Espa\u00f1a. Compra en nuestra web.\" \/>\n<meta property=\"og:url\" content=\"https:\/\/www.rubengalarreta.com\/es\/product\/man-es\/accessories-m-es\/arnes-encaje-negro-dark-roses\/\" \/>\n<meta property=\"og:site_name\" content=\"Ruben Galarreta\" \/>\n<meta property=\"article:modified_time\" content=\"2021-11-16T21:00:27+00:00\" \/>\n<meta property=\"og:image\" content=\"https:\/\/www.rubengalarreta.com\/wp-content\/uploads\/2020\/10\/ruben-galarreta-harness-lace-dark-roses-look-min.jpg\" \/>\n\t<meta property=\"og:image:width\" content=\"704\" \/>\n\t<meta property=\"og:image:height\" content=\"1000\" \/>\n\t<meta property=\"og:image:type\" content=\"image\/jpeg\" \/>\n<meta name=\"twitter:card\" content=\"summary_large_image\" \/>\n<meta name=\"twitter:label1\" content=\"Tiempo de lectura\" \/>\n\t<meta name=\"twitter:data1\" content=\"2 minutos\" \/>\n<script type=\"application\/ld+json\" class=\"yoast-schema-graph\">{\"@context\":\"https:\\\/\\\/schema.org\",\"@graph\":[{\"@type\":\"WebPage\",\"@id\":\"https:\\\/\\\/www.rubengalarreta.com\\\/es\\\/product\\\/man-es\\\/accessories-m-es\\\/arnes-encaje-negro-dark-roses\\\/\",\"url\":\"https:\\\/\\\/www.rubengalarreta.com\\\/es\\\/product\\\/man-es\\\/accessories-m-es\\\/arnes-encaje-negro-dark-roses\\\/\",\"name\":\"ARN\u00c9S ENCAJE NEGRO DARK ROSES - Ruben Galarreta\",\"isPartOf\":{\"@id\":\"https:\\\/\\\/www.rubengalarreta.com\\\/es\\\/#website\"},\"primaryImageOfPage\":{\"@id\":\"https:\\\/\\\/www.rubengalarreta.com\\\/es\\\/product\\\/man-es\\\/accessories-m-es\\\/arnes-encaje-negro-dark-roses\\\/#primaryimage\"},\"image\":{\"@id\":\"https:\\\/\\\/www.rubengalarreta.com\\\/es\\\/product\\\/man-es\\\/accessories-m-es\\\/arnes-encaje-negro-dark-roses\\\/#primaryimage\"},\"thumbnailUrl\":\"https:\\\/\\\/www.rubengalarreta.com\\\/wp-content\\\/uploads\\\/2020\\\/10\\\/ruben-galarreta-harness-lace-dark-roses-look-min.jpg\",\"datePublished\":\"2020-10-09T17:33:29+00:00\",\"dateModified\":\"2021-11-16T21:00:27+00:00\",\"description\":\"Arn\u00e9s de encaje negro perteneciente a la colecci\u00f3n Dark Roses. Dise\u00f1ado en exclusiva por Rub\u00e9n Galarreta en Espa\u00f1a. Compra en nuestra web.\",\"breadcrumb\":{\"@id\":\"https:\\\/\\\/www.rubengalarreta.com\\\/es\\\/product\\\/man-es\\\/accessories-m-es\\\/arnes-encaje-negro-dark-roses\\\/#breadcrumb\"},\"inLanguage\":\"es\",\"potentialAction\":[{\"@type\":\"ReadAction\",\"target\":[\"https:\\\/\\\/www.rubengalarreta.com\\\/es\\\/product\\\/man-es\\\/accessories-m-es\\\/arnes-encaje-negro-dark-roses\\\/\"]}]},{\"@type\":\"ImageObject\",\"inLanguage\":\"es\",\"@id\":\"https:\\\/\\\/www.rubengalarreta.com\\\/es\\\/product\\\/man-es\\\/accessories-m-es\\\/arnes-encaje-negro-dark-roses\\\/#primaryimage\",\"url\":\"https:\\\/\\\/www.rubengalarreta.com\\\/wp-content\\\/uploads\\\/2020\\\/10\\\/ruben-galarreta-harness-lace-dark-roses-look-min.jpg\",\"contentUrl\":\"https:\\\/\\\/www.rubengalarreta.com\\\/wp-content\\\/uploads\\\/2020\\\/10\\\/ruben-galarreta-harness-lace-dark-roses-look-min.jpg\",\"width\":704,\"height\":1000,\"caption\":\"arn\u00e9s transparente negro\"},{\"@type\":\"BreadcrumbList\",\"@id\":\"https:\\\/\\\/www.rubengalarreta.com\\\/es\\\/product\\\/man-es\\\/accessories-m-es\\\/arnes-encaje-negro-dark-roses\\\/#breadcrumb\",\"itemListElement\":[{\"@type\":\"ListItem\",\"position\":1,\"name\":\"Home\",\"item\":\"https:\\\/\\\/www.rubengalarreta.com\\\/es\\\/\"},{\"@type\":\"ListItem\",\"position\":2,\"name\":\"Tienda Online\",\"item\":\"https:\\\/\\\/www.rubengalarreta.com\\\/es\\\/tienda-2\\\/\"},{\"@type\":\"ListItem\",\"position\":3,\"name\":\"ARN\u00c9S ENCAJE NEGRO DARK ROSES\"}]},{\"@type\":\"WebSite\",\"@id\":\"https:\\\/\\\/www.rubengalarreta.com\\\/es\\\/#website\",\"url\":\"https:\\\/\\\/www.rubengalarreta.com\\\/es\\\/\",\"name\":\"Ruben Galarreta\",\"description\":\"Hot Couture | Online Store\",\"publisher\":{\"@id\":\"https:\\\/\\\/www.rubengalarreta.com\\\/es\\\/#organization\"},\"potentialAction\":[{\"@type\":\"SearchAction\",\"target\":{\"@type\":\"EntryPoint\",\"urlTemplate\":\"https:\\\/\\\/www.rubengalarreta.com\\\/es\\\/?s={search_term_string}\"},\"query-input\":{\"@type\":\"PropertyValueSpecification\",\"valueRequired\":true,\"valueName\":\"search_term_string\"}}],\"inLanguage\":\"es\"},{\"@type\":\"Organization\",\"@id\":\"https:\\\/\\\/www.rubengalarreta.com\\\/es\\\/#organization\",\"name\":\"Ruben Galarreta\",\"url\":\"https:\\\/\\\/www.rubengalarreta.com\\\/es\\\/\",\"logo\":{\"@type\":\"ImageObject\",\"inLanguage\":\"es\",\"@id\":\"https:\\\/\\\/www.rubengalarreta.com\\\/es\\\/#\\\/schema\\\/logo\\\/image\\\/\",\"url\":\"https:\\\/\\\/www.rubengalarreta.com\\\/wp-content\\\/uploads\\\/2019\\\/10\\\/rubengalarreta-menswear.jpg\",\"contentUrl\":\"https:\\\/\\\/www.rubengalarreta.com\\\/wp-content\\\/uploads\\\/2019\\\/10\\\/rubengalarreta-menswear.jpg\",\"width\":1141,\"height\":146,\"caption\":\"Ruben Galarreta\"},\"image\":{\"@id\":\"https:\\\/\\\/www.rubengalarreta.com\\\/es\\\/#\\\/schema\\\/logo\\\/image\\\/\"}}]}<\/script>\n<!-- \/ Yoast SEO plugin. -->","yoast_head_json":{"title":"ARN\u00c9S ENCAJE NEGRO DARK ROSES - Ruben Galarreta","description":"Arn\u00e9s de encaje negro perteneciente a la colecci\u00f3n Dark Roses. Dise\u00f1ado en exclusiva por Rub\u00e9n Galarreta en Espa\u00f1a. Compra en nuestra web.","robots":{"index":"index","follow":"follow","max-snippet":"max-snippet:-1","max-image-preview":"max-image-preview:large","max-video-preview":"max-video-preview:-1"},"canonical":"https:\/\/www.rubengalarreta.com\/es\/product\/man-es\/accessories-m-es\/arnes-encaje-negro-dark-roses\/","og_locale":"es_ES","og_type":"article","og_title":"ARN\u00c9S ENCAJE NEGRO DARK ROSES - Ruben Galarreta","og_description":"Arn\u00e9s de encaje negro perteneciente a la colecci\u00f3n Dark Roses. Dise\u00f1ado en exclusiva por Rub\u00e9n Galarreta en Espa\u00f1a. Compra en nuestra web.","og_url":"https:\/\/www.rubengalarreta.com\/es\/product\/man-es\/accessories-m-es\/arnes-encaje-negro-dark-roses\/","og_site_name":"Ruben Galarreta","article_modified_time":"2021-11-16T21:00:27+00:00","og_image":[{"width":704,"height":1000,"url":"https:\/\/www.rubengalarreta.com\/wp-content\/uploads\/2020\/10\/ruben-galarreta-harness-lace-dark-roses-look-min.jpg","type":"image\/jpeg"}],"twitter_card":"summary_large_image","twitter_misc":{"Tiempo de lectura":"2 minutos"},"schema":{"@context":"https:\/\/schema.org","@graph":[{"@type":"WebPage","@id":"https:\/\/www.rubengalarreta.com\/es\/product\/man-es\/accessories-m-es\/arnes-encaje-negro-dark-roses\/","url":"https:\/\/www.rubengalarreta.com\/es\/product\/man-es\/accessories-m-es\/arnes-encaje-negro-dark-roses\/","name":"ARN\u00c9S ENCAJE NEGRO DARK ROSES - Ruben Galarreta","isPartOf":{"@id":"https:\/\/www.rubengalarreta.com\/es\/#website"},"primaryImageOfPage":{"@id":"https:\/\/www.rubengalarreta.com\/es\/product\/man-es\/accessories-m-es\/arnes-encaje-negro-dark-roses\/#primaryimage"},"image":{"@id":"https:\/\/www.rubengalarreta.com\/es\/product\/man-es\/accessories-m-es\/arnes-encaje-negro-dark-roses\/#primaryimage"},"thumbnailUrl":"https:\/\/www.rubengalarreta.com\/wp-content\/uploads\/2020\/10\/ruben-galarreta-harness-lace-dark-roses-look-min.jpg","datePublished":"2020-10-09T17:33:29+00:00","dateModified":"2021-11-16T21:00:27+00:00","description":"Arn\u00e9s de encaje negro perteneciente a la colecci\u00f3n Dark Roses. Dise\u00f1ado en exclusiva por Rub\u00e9n Galarreta en Espa\u00f1a. Compra en nuestra web.","breadcrumb":{"@id":"https:\/\/www.rubengalarreta.com\/es\/product\/man-es\/accessories-m-es\/arnes-encaje-negro-dark-roses\/#breadcrumb"},"inLanguage":"es","potentialAction":[{"@type":"ReadAction","target":["https:\/\/www.rubengalarreta.com\/es\/product\/man-es\/accessories-m-es\/arnes-encaje-negro-dark-roses\/"]}]},{"@type":"ImageObject","inLanguage":"es","@id":"https:\/\/www.rubengalarreta.com\/es\/product\/man-es\/accessories-m-es\/arnes-encaje-negro-dark-roses\/#primaryimage","url":"https:\/\/www.rubengalarreta.com\/wp-content\/uploads\/2020\/10\/ruben-galarreta-harness-lace-dark-roses-look-min.jpg","contentUrl":"https:\/\/www.rubengalarreta.com\/wp-content\/uploads\/2020\/10\/ruben-galarreta-harness-lace-dark-roses-look-min.jpg","width":704,"height":1000,"caption":"arn\u00e9s transparente negro"},{"@type":"BreadcrumbList","@id":"https:\/\/www.rubengalarreta.com\/es\/product\/man-es\/accessories-m-es\/arnes-encaje-negro-dark-roses\/#breadcrumb","itemListElement":[{"@type":"ListItem","position":1,"name":"Home","item":"https:\/\/www.rubengalarreta.com\/es\/"},{"@type":"ListItem","position":2,"name":"Tienda Online","item":"https:\/\/www.rubengalarreta.com\/es\/tienda-2\/"},{"@type":"ListItem","position":3,"name":"ARN\u00c9S ENCAJE NEGRO DARK ROSES"}]},{"@type":"WebSite","@id":"https:\/\/www.rubengalarreta.com\/es\/#website","url":"https:\/\/www.rubengalarreta.com\/es\/","name":"Ruben Galarreta","description":"Hot Couture | Online Store","publisher":{"@id":"https:\/\/www.rubengalarreta.com\/es\/#organization"},"potentialAction":[{"@type":"SearchAction","target":{"@type":"EntryPoint","urlTemplate":"https:\/\/www.rubengalarreta.com\/es\/?s={search_term_string}"},"query-input":{"@type":"PropertyValueSpecification","valueRequired":true,"valueName":"search_term_string"}}],"inLanguage":"es"},{"@type":"Organization","@id":"https:\/\/www.rubengalarreta.com\/es\/#organization","name":"Ruben Galarreta","url":"https:\/\/www.rubengalarreta.com\/es\/","logo":{"@type":"ImageObject","inLanguage":"es","@id":"https:\/\/www.rubengalarreta.com\/es\/#\/schema\/logo\/image\/","url":"https:\/\/www.rubengalarreta.com\/wp-content\/uploads\/2019\/10\/rubengalarreta-menswear.jpg","contentUrl":"https:\/\/www.rubengalarreta.com\/wp-content\/uploads\/2019\/10\/rubengalarreta-menswear.jpg","width":1141,"height":146,"caption":"Ruben Galarreta"},"image":{"@id":"https:\/\/www.rubengalarreta.com\/es\/#\/schema\/logo\/image\/"}}]}},"_links":{"self":[{"href":"https:\/\/www.rubengalarreta.com\/es\/wp-json\/wp\/v2\/product\/58682","targetHints":{"allow":["GET"]}}],"collection":[{"href":"https:\/\/www.rubengalarreta.com\/es\/wp-json\/wp\/v2\/product"}],"about":[{"href":"https:\/\/www.rubengalarreta.com\/es\/wp-json\/wp\/v2\/types\/product"}],"replies":[{"embeddable":true,"href":"https:\/\/www.rubengalarreta.com\/es\/wp-json\/wp\/v2\/comments?post=58682"}],"wp:featuredmedia":[{"embeddable":true,"href":"https:\/\/www.rubengalarreta.com\/es\/wp-json\/wp\/v2\/media\/58635"}],"wp:attachment":[{"href":"https:\/\/www.rubengalarreta.com\/es\/wp-json\/wp\/v2\/media?parent=58682"}],"wp:term":[{"taxonomy":"product_brand","embeddable":true,"href":"https:\/\/www.rubengalarreta.com\/es\/wp-json\/wp\/v2\/product_brand?post=58682"},{"taxonomy":"product_cat","embeddable":true,"href":"https:\/\/www.rubengalarreta.com\/es\/wp-json\/wp\/v2\/product_cat?post=58682"},{"taxonomy":"product_tag","embeddable":true,"href":"https:\/\/www.rubengalarreta.com\/es\/wp-json\/wp\/v2\/product_tag?post=58682"}],"curies":[{"name":"wp","href":"https:\/\/api.w.org\/{rel}","templated":true}]}}