{"id":58681,"date":"2020-10-09T14:09:11","date_gmt":"2020-10-09T17:33:28","guid":{"rendered":"https:\/\/www.rubengalarreta.com\/?post_type=product&#038;p=58681"},"modified":"2021-11-08T13:11:00","modified_gmt":"2021-11-08T12:11:00","slug":"camiseta-oversize-encaje-negro-dark-roses","status":"publish","type":"product","link":"https:\/\/www.rubengalarreta.com\/es\/product\/man-es\/encaje-rosas-negras-dark-roses\/camiseta-oversize-encaje-negro-dark-roses\/","title":{"rendered":"CAMISETA OVERSIZE ENCAJE NEGRO DARK ROSES"},"content":{"rendered":"<p><strong>CAMISETA OVERSIZE ENCAJE NEGRO DARK ROSES<\/strong><\/p>\n<table style=\"height: 183px; width: 100%; border-collapse: collapse; border-style: hidden;\">\n<tbody>\n<tr valign=\"TOP\">\n<td style=\"width: 49.8998%; border-style: hidden;\" width=\"293\" height=\"19\"><span style=\"color: #000000;\"><span style=\"font-family: trebuchet ms, serif;\"><b>DETALLE DE PRODUCTO:<br \/>\n<\/b><\/span><\/span><span style=\"color: #999999;\"><span style=\"font-family: trebuchet ms, serif;\">-Encaje negro dise\u00f1o floral 100% poly<\/span><\/span><br \/>\n<span style=\"color: #999999;\"><span style=\"font-family: trebuchet ms, serif;\">-Cuello cisne de algod\u00f3n suave<\/span><\/span><br \/>\n<span style=\"color: #999999;\"><span style=\"font-family: trebuchet ms, serif;\">-El\u00e1sticos mangas con logotipo<\/span><\/span><\/td>\n<td style=\"width: 50.1002%; border-style: hidden;\" width=\"293\"><span style=\"color: #000000;\"><span style=\"font-family: trebuchet ms, serif;\"><b>TALLA:<br \/>\n<\/b><\/span><\/span><span style=\"color: #999999;\"><span style=\"font-family: trebuchet ms, serif;\">-Loose \/universal Fit<\/span><\/span><\/td>\n<\/tr>\n<tr valign=\"TOP\">\n<td style=\"width: 49.8998%; border-style: hidden;\" width=\"293\" height=\"19\"><span style=\"color: #000000;\"><span style=\"font-family: trebuchet ms, serif;\"><b>INSTRUCCIONES DE CUIDADO:<br \/>\n<\/b><\/span><\/span><span style=\"color: #999999;\"><span style=\"font-family: trebuchet ms, serif;\">-Lavado a m\u00e1quina seg\u00fan las instrucciones de cuidado de la etiqueta y planchado a baja temperatura<\/span><\/span><\/td>\n<td style=\"width: 50.1002%; border-style: hidden;\" width=\"293\"><span style=\"color: #000000;\"><span style=\"font-family: trebuchet ms, serif;\"><b>MEDIDAS MODELO:<br \/>\n<\/b><\/span><\/span><span style=\"color: #999999;\"><span style=\"font-family: trebuchet ms, serif;\">-Altura: 178cm<br \/>\n-Talla \u00fanica<\/span><\/span><\/td>\n<\/tr>\n<\/tbody>\n<\/table>\n<p><strong>DESCRIPCI\u00d3N<\/strong><\/p>\n<p><span style=\"font-weight: 400;\">La CAMISETA OVERSIZE DE ENCAJE pertenece a la colecci\u00f3n Dark Roses. Esta camiseta tiene cuello de cisne y mangas anchas hasta el codo con el\u00e1sticos de la firma Rub\u00e9n Galarreta. Su corte informal de estilo oversize combina con la elegancia y sensualidad del encaje negro que, puesto sin nada debajo deja entever de forma muy sutil y sexy la piel. Dise\u00f1ada en Espa\u00f1a por Rub\u00e9n Galarreta, debido a su estilo oversize se fabrica en una \u00fanica talla\u00a0 disponible para todo tipo de cuerpos.<\/span><\/p>\n<p><span style=\"font-weight: 400;\">Esta CAMISETA OVERSIZE DE ENCAJE NEGRO DARK ROSES combina el estilo urbano oversize con la sutileza y elegancia del encaje negro, aportando as\u00ed un toque muy especial a cualquier outfit. Se trata de una prenda ligera y c\u00f3moda combinable con numerosas prendas. Su car\u00e1cter vers\u00e1til te permitir\u00e1 lucirla en el d\u00eda a d\u00eda con prendas m\u00e1s informal o llevarla a un lado m\u00e1s festivo y elegante con prendas party wear.<\/span><\/p>\n<p><span style=\"font-weight: 400;\">Nuestra CAMISETA OVERSIZE DE ENCAJE NEGRO DARK ROSES se puede llevar con unos pantalones pitillos y\u00a0 cazadora para un look de diario o con un pantal\u00f3n chino de tiro alto y zapatos de vestir para conseguir ser la estrella de cualquier ocasi\u00f3n especial.<\/span><\/p>\n<p><b>CONSEJOS DE ESTILISMO<\/b><\/p>\n<p><span style=\"font-weight: 400;\">Desde la firma RUBEN GALARRETA\u00a0 proponemos diferentes prendas de nuestras colecciones con las que poder combinar la CAMISETA OVERSIZE DE ENCAJE NEGRO. Para conseguir un look sporty y urbano de sugerimos llevarla con los <\/span><a href=\"https:\/\/www.rubengalarreta.com\/es\/product\/man-es\/excess-black-strapped-pants\/\"><span style=\"font-weight: 400;\">EXCESS BLACK STRAPPED PANTS<\/span><\/a><span style=\"font-weight: 400;\">. Para conseguir un look de noche, nuestro <\/span><a href=\"https:\/\/www.rubengalarreta.com\/es\/product\/man-es\/accessories-m-es\/golden-harness\/\"><span style=\"font-weight: 400;\">GOLDEN HARNESS<\/span><\/a><span style=\"font-weight: 400;\"> sobre puesto podr\u00eda ser la opci\u00f3n perfecta.<\/span><\/p>\n","protected":false},"excerpt":{"rendered":"<p><b>CAMISETA OVERSIZE DE ENCAJE NEGRO DARK ROSES<\/b><\/p>\n<p>Camiseta de corte loose fit dise\u00f1ada por Rub\u00e9n Galarreta en Espa\u00f1a. Una camiseta sexy y c\u00f3moda, que se adapta a cualquier look por su versatilidad y su suavidad.<\/p>\n","protected":false},"featured_media":58690,"comment_status":"closed","ping_status":"closed","template":"","meta":{"_monsterinsights_skip_tracking":false,"_monsterinsights_sitenote_active":false,"_monsterinsights_sitenote_note":"","_monsterinsights_sitenote_category":0},"product_brand":[],"product_cat":[5749],"product_tag":[2171],"class_list":{"0":"post-58681","1":"product","2":"type-product","3":"status-publish","4":"has-post-thumbnail","6":"product_cat-encaje-rosas-negras-dark-roses","7":"product_tag-camisetas-y-tops","9":"first","10":"outofstock","11":"sale","12":"taxable","13":"shipping-taxable","14":"purchasable","15":"product-type-simple"},"yoast_head":"<!-- This site is optimized with the Yoast SEO plugin v27.5 - https:\/\/yoast.com\/product\/yoast-seo-wordpress\/ -->\n<title>CAMISETA OVERSIZE ENCAJE NEGRO DARK ROSES - Ruben Galarreta<\/title>\n<meta name=\"description\" content=\"La camiseta de encaje negro oversize de la colecci\u00f3n de Dark Roses de Rub\u00e9n Galarreta dise\u00f1ada en Espa\u00f1a. Compra online en nuestra web.\" \/>\n<meta name=\"robots\" content=\"index, follow, max-snippet:-1, max-image-preview:large, max-video-preview:-1\" \/>\n<link rel=\"canonical\" href=\"https:\/\/www.rubengalarreta.com\/es\/product\/man-es\/encaje-rosas-negras-dark-roses\/camiseta-oversize-encaje-negro-dark-roses\/\" \/>\n<meta property=\"og:locale\" content=\"es_ES\" \/>\n<meta property=\"og:type\" content=\"article\" \/>\n<meta property=\"og:title\" content=\"CAMISETA OVERSIZE ENCAJE NEGRO DARK ROSES - Ruben Galarreta\" \/>\n<meta property=\"og:description\" content=\"La camiseta de encaje negro oversize de la colecci\u00f3n de Dark Roses de Rub\u00e9n Galarreta dise\u00f1ada en Espa\u00f1a. Compra online en nuestra web.\" \/>\n<meta property=\"og:url\" content=\"https:\/\/www.rubengalarreta.com\/es\/product\/man-es\/encaje-rosas-negras-dark-roses\/camiseta-oversize-encaje-negro-dark-roses\/\" \/>\n<meta property=\"og:site_name\" content=\"Ruben Galarreta\" \/>\n<meta property=\"article:modified_time\" content=\"2021-11-08T12:11:00+00:00\" \/>\n<meta property=\"og:image\" content=\"https:\/\/www.rubengalarreta.com\/wp-content\/uploads\/2020\/10\/ruben-galarreta-oversize-lace-dark-roses-front-min.jpg\" \/>\n\t<meta property=\"og:image:width\" content=\"704\" \/>\n\t<meta property=\"og:image:height\" content=\"1000\" \/>\n\t<meta property=\"og:image:type\" content=\"image\/jpeg\" \/>\n<meta name=\"twitter:card\" content=\"summary_large_image\" \/>\n<meta name=\"twitter:label1\" content=\"Tiempo de lectura\" \/>\n\t<meta name=\"twitter:data1\" content=\"2 minutos\" \/>\n<script type=\"application\/ld+json\" class=\"yoast-schema-graph\">{\"@context\":\"https:\\\/\\\/schema.org\",\"@graph\":[{\"@type\":\"WebPage\",\"@id\":\"https:\\\/\\\/www.rubengalarreta.com\\\/es\\\/product\\\/man-es\\\/encaje-rosas-negras-dark-roses\\\/camiseta-oversize-encaje-negro-dark-roses\\\/\",\"url\":\"https:\\\/\\\/www.rubengalarreta.com\\\/es\\\/product\\\/man-es\\\/encaje-rosas-negras-dark-roses\\\/camiseta-oversize-encaje-negro-dark-roses\\\/\",\"name\":\"CAMISETA OVERSIZE ENCAJE NEGRO DARK ROSES - Ruben Galarreta\",\"isPartOf\":{\"@id\":\"https:\\\/\\\/www.rubengalarreta.com\\\/es\\\/#website\"},\"primaryImageOfPage\":{\"@id\":\"https:\\\/\\\/www.rubengalarreta.com\\\/es\\\/product\\\/man-es\\\/encaje-rosas-negras-dark-roses\\\/camiseta-oversize-encaje-negro-dark-roses\\\/#primaryimage\"},\"image\":{\"@id\":\"https:\\\/\\\/www.rubengalarreta.com\\\/es\\\/product\\\/man-es\\\/encaje-rosas-negras-dark-roses\\\/camiseta-oversize-encaje-negro-dark-roses\\\/#primaryimage\"},\"thumbnailUrl\":\"https:\\\/\\\/www.rubengalarreta.com\\\/wp-content\\\/uploads\\\/2020\\\/10\\\/ruben-galarreta-oversize-lace-dark-roses-front-min.jpg\",\"datePublished\":\"2020-10-09T17:33:28+00:00\",\"dateModified\":\"2021-11-08T12:11:00+00:00\",\"description\":\"La camiseta de encaje negro oversize de la colecci\u00f3n de Dark Roses de Rub\u00e9n Galarreta dise\u00f1ada en Espa\u00f1a. Compra online en nuestra web.\",\"breadcrumb\":{\"@id\":\"https:\\\/\\\/www.rubengalarreta.com\\\/es\\\/product\\\/man-es\\\/encaje-rosas-negras-dark-roses\\\/camiseta-oversize-encaje-negro-dark-roses\\\/#breadcrumb\"},\"inLanguage\":\"es\",\"potentialAction\":[{\"@type\":\"ReadAction\",\"target\":[\"https:\\\/\\\/www.rubengalarreta.com\\\/es\\\/product\\\/man-es\\\/encaje-rosas-negras-dark-roses\\\/camiseta-oversize-encaje-negro-dark-roses\\\/\"]}]},{\"@type\":\"ImageObject\",\"inLanguage\":\"es\",\"@id\":\"https:\\\/\\\/www.rubengalarreta.com\\\/es\\\/product\\\/man-es\\\/encaje-rosas-negras-dark-roses\\\/camiseta-oversize-encaje-negro-dark-roses\\\/#primaryimage\",\"url\":\"https:\\\/\\\/www.rubengalarreta.com\\\/wp-content\\\/uploads\\\/2020\\\/10\\\/ruben-galarreta-oversize-lace-dark-roses-front-min.jpg\",\"contentUrl\":\"https:\\\/\\\/www.rubengalarreta.com\\\/wp-content\\\/uploads\\\/2020\\\/10\\\/ruben-galarreta-oversize-lace-dark-roses-front-min.jpg\",\"width\":704,\"height\":1000,\"caption\":\"Camiseta negra encaje para hombre Oversize Dark Roses - Ruben Galarreta\"},{\"@type\":\"BreadcrumbList\",\"@id\":\"https:\\\/\\\/www.rubengalarreta.com\\\/es\\\/product\\\/man-es\\\/encaje-rosas-negras-dark-roses\\\/camiseta-oversize-encaje-negro-dark-roses\\\/#breadcrumb\",\"itemListElement\":[{\"@type\":\"ListItem\",\"position\":1,\"name\":\"Home\",\"item\":\"https:\\\/\\\/www.rubengalarreta.com\\\/es\\\/\"},{\"@type\":\"ListItem\",\"position\":2,\"name\":\"Tienda Online\",\"item\":\"https:\\\/\\\/www.rubengalarreta.com\\\/es\\\/tienda-2\\\/\"},{\"@type\":\"ListItem\",\"position\":3,\"name\":\"CAMISETA OVERSIZE ENCAJE NEGRO DARK ROSES\"}]},{\"@type\":\"WebSite\",\"@id\":\"https:\\\/\\\/www.rubengalarreta.com\\\/es\\\/#website\",\"url\":\"https:\\\/\\\/www.rubengalarreta.com\\\/es\\\/\",\"name\":\"Ruben Galarreta\",\"description\":\"Hot Couture | Online Store\",\"publisher\":{\"@id\":\"https:\\\/\\\/www.rubengalarreta.com\\\/es\\\/#organization\"},\"potentialAction\":[{\"@type\":\"SearchAction\",\"target\":{\"@type\":\"EntryPoint\",\"urlTemplate\":\"https:\\\/\\\/www.rubengalarreta.com\\\/es\\\/?s={search_term_string}\"},\"query-input\":{\"@type\":\"PropertyValueSpecification\",\"valueRequired\":true,\"valueName\":\"search_term_string\"}}],\"inLanguage\":\"es\"},{\"@type\":\"Organization\",\"@id\":\"https:\\\/\\\/www.rubengalarreta.com\\\/es\\\/#organization\",\"name\":\"Ruben Galarreta\",\"url\":\"https:\\\/\\\/www.rubengalarreta.com\\\/es\\\/\",\"logo\":{\"@type\":\"ImageObject\",\"inLanguage\":\"es\",\"@id\":\"https:\\\/\\\/www.rubengalarreta.com\\\/es\\\/#\\\/schema\\\/logo\\\/image\\\/\",\"url\":\"https:\\\/\\\/www.rubengalarreta.com\\\/wp-content\\\/uploads\\\/2019\\\/10\\\/rubengalarreta-menswear.jpg\",\"contentUrl\":\"https:\\\/\\\/www.rubengalarreta.com\\\/wp-content\\\/uploads\\\/2019\\\/10\\\/rubengalarreta-menswear.jpg\",\"width\":1141,\"height\":146,\"caption\":\"Ruben Galarreta\"},\"image\":{\"@id\":\"https:\\\/\\\/www.rubengalarreta.com\\\/es\\\/#\\\/schema\\\/logo\\\/image\\\/\"}}]}<\/script>\n<!-- \/ Yoast SEO plugin. -->","yoast_head_json":{"title":"CAMISETA OVERSIZE ENCAJE NEGRO DARK ROSES - Ruben Galarreta","description":"La camiseta de encaje negro oversize de la colecci\u00f3n de Dark Roses de Rub\u00e9n Galarreta dise\u00f1ada en Espa\u00f1a. Compra online en nuestra web.","robots":{"index":"index","follow":"follow","max-snippet":"max-snippet:-1","max-image-preview":"max-image-preview:large","max-video-preview":"max-video-preview:-1"},"canonical":"https:\/\/www.rubengalarreta.com\/es\/product\/man-es\/encaje-rosas-negras-dark-roses\/camiseta-oversize-encaje-negro-dark-roses\/","og_locale":"es_ES","og_type":"article","og_title":"CAMISETA OVERSIZE ENCAJE NEGRO DARK ROSES - Ruben Galarreta","og_description":"La camiseta de encaje negro oversize de la colecci\u00f3n de Dark Roses de Rub\u00e9n Galarreta dise\u00f1ada en Espa\u00f1a. Compra online en nuestra web.","og_url":"https:\/\/www.rubengalarreta.com\/es\/product\/man-es\/encaje-rosas-negras-dark-roses\/camiseta-oversize-encaje-negro-dark-roses\/","og_site_name":"Ruben Galarreta","article_modified_time":"2021-11-08T12:11:00+00:00","og_image":[{"width":704,"height":1000,"url":"https:\/\/www.rubengalarreta.com\/wp-content\/uploads\/2020\/10\/ruben-galarreta-oversize-lace-dark-roses-front-min.jpg","type":"image\/jpeg"}],"twitter_card":"summary_large_image","twitter_misc":{"Tiempo de lectura":"2 minutos"},"schema":{"@context":"https:\/\/schema.org","@graph":[{"@type":"WebPage","@id":"https:\/\/www.rubengalarreta.com\/es\/product\/man-es\/encaje-rosas-negras-dark-roses\/camiseta-oversize-encaje-negro-dark-roses\/","url":"https:\/\/www.rubengalarreta.com\/es\/product\/man-es\/encaje-rosas-negras-dark-roses\/camiseta-oversize-encaje-negro-dark-roses\/","name":"CAMISETA OVERSIZE ENCAJE NEGRO DARK ROSES - Ruben Galarreta","isPartOf":{"@id":"https:\/\/www.rubengalarreta.com\/es\/#website"},"primaryImageOfPage":{"@id":"https:\/\/www.rubengalarreta.com\/es\/product\/man-es\/encaje-rosas-negras-dark-roses\/camiseta-oversize-encaje-negro-dark-roses\/#primaryimage"},"image":{"@id":"https:\/\/www.rubengalarreta.com\/es\/product\/man-es\/encaje-rosas-negras-dark-roses\/camiseta-oversize-encaje-negro-dark-roses\/#primaryimage"},"thumbnailUrl":"https:\/\/www.rubengalarreta.com\/wp-content\/uploads\/2020\/10\/ruben-galarreta-oversize-lace-dark-roses-front-min.jpg","datePublished":"2020-10-09T17:33:28+00:00","dateModified":"2021-11-08T12:11:00+00:00","description":"La camiseta de encaje negro oversize de la colecci\u00f3n de Dark Roses de Rub\u00e9n Galarreta dise\u00f1ada en Espa\u00f1a. Compra online en nuestra web.","breadcrumb":{"@id":"https:\/\/www.rubengalarreta.com\/es\/product\/man-es\/encaje-rosas-negras-dark-roses\/camiseta-oversize-encaje-negro-dark-roses\/#breadcrumb"},"inLanguage":"es","potentialAction":[{"@type":"ReadAction","target":["https:\/\/www.rubengalarreta.com\/es\/product\/man-es\/encaje-rosas-negras-dark-roses\/camiseta-oversize-encaje-negro-dark-roses\/"]}]},{"@type":"ImageObject","inLanguage":"es","@id":"https:\/\/www.rubengalarreta.com\/es\/product\/man-es\/encaje-rosas-negras-dark-roses\/camiseta-oversize-encaje-negro-dark-roses\/#primaryimage","url":"https:\/\/www.rubengalarreta.com\/wp-content\/uploads\/2020\/10\/ruben-galarreta-oversize-lace-dark-roses-front-min.jpg","contentUrl":"https:\/\/www.rubengalarreta.com\/wp-content\/uploads\/2020\/10\/ruben-galarreta-oversize-lace-dark-roses-front-min.jpg","width":704,"height":1000,"caption":"Camiseta negra encaje para hombre Oversize Dark Roses - Ruben Galarreta"},{"@type":"BreadcrumbList","@id":"https:\/\/www.rubengalarreta.com\/es\/product\/man-es\/encaje-rosas-negras-dark-roses\/camiseta-oversize-encaje-negro-dark-roses\/#breadcrumb","itemListElement":[{"@type":"ListItem","position":1,"name":"Home","item":"https:\/\/www.rubengalarreta.com\/es\/"},{"@type":"ListItem","position":2,"name":"Tienda Online","item":"https:\/\/www.rubengalarreta.com\/es\/tienda-2\/"},{"@type":"ListItem","position":3,"name":"CAMISETA OVERSIZE ENCAJE NEGRO DARK ROSES"}]},{"@type":"WebSite","@id":"https:\/\/www.rubengalarreta.com\/es\/#website","url":"https:\/\/www.rubengalarreta.com\/es\/","name":"Ruben Galarreta","description":"Hot Couture | Online Store","publisher":{"@id":"https:\/\/www.rubengalarreta.com\/es\/#organization"},"potentialAction":[{"@type":"SearchAction","target":{"@type":"EntryPoint","urlTemplate":"https:\/\/www.rubengalarreta.com\/es\/?s={search_term_string}"},"query-input":{"@type":"PropertyValueSpecification","valueRequired":true,"valueName":"search_term_string"}}],"inLanguage":"es"},{"@type":"Organization","@id":"https:\/\/www.rubengalarreta.com\/es\/#organization","name":"Ruben Galarreta","url":"https:\/\/www.rubengalarreta.com\/es\/","logo":{"@type":"ImageObject","inLanguage":"es","@id":"https:\/\/www.rubengalarreta.com\/es\/#\/schema\/logo\/image\/","url":"https:\/\/www.rubengalarreta.com\/wp-content\/uploads\/2019\/10\/rubengalarreta-menswear.jpg","contentUrl":"https:\/\/www.rubengalarreta.com\/wp-content\/uploads\/2019\/10\/rubengalarreta-menswear.jpg","width":1141,"height":146,"caption":"Ruben Galarreta"},"image":{"@id":"https:\/\/www.rubengalarreta.com\/es\/#\/schema\/logo\/image\/"}}]}},"_links":{"self":[{"href":"https:\/\/www.rubengalarreta.com\/es\/wp-json\/wp\/v2\/product\/58681","targetHints":{"allow":["GET"]}}],"collection":[{"href":"https:\/\/www.rubengalarreta.com\/es\/wp-json\/wp\/v2\/product"}],"about":[{"href":"https:\/\/www.rubengalarreta.com\/es\/wp-json\/wp\/v2\/types\/product"}],"replies":[{"embeddable":true,"href":"https:\/\/www.rubengalarreta.com\/es\/wp-json\/wp\/v2\/comments?post=58681"}],"wp:featuredmedia":[{"embeddable":true,"href":"https:\/\/www.rubengalarreta.com\/es\/wp-json\/wp\/v2\/media\/58690"}],"wp:attachment":[{"href":"https:\/\/www.rubengalarreta.com\/es\/wp-json\/wp\/v2\/media?parent=58681"}],"wp:term":[{"taxonomy":"product_brand","embeddable":true,"href":"https:\/\/www.rubengalarreta.com\/es\/wp-json\/wp\/v2\/product_brand?post=58681"},{"taxonomy":"product_cat","embeddable":true,"href":"https:\/\/www.rubengalarreta.com\/es\/wp-json\/wp\/v2\/product_cat?post=58681"},{"taxonomy":"product_tag","embeddable":true,"href":"https:\/\/www.rubengalarreta.com\/es\/wp-json\/wp\/v2\/product_tag?post=58681"}],"curies":[{"name":"wp","href":"https:\/\/api.w.org\/{rel}","templated":true}]}}