{"id":58666,"date":"2020-10-09T11:04:57","date_gmt":"2020-10-09T09:04:57","guid":{"rendered":"https:\/\/www.rubengalarreta.com\/?post_type=product&#038;p=58666"},"modified":"2021-02-04T19:26:41","modified_gmt":"2021-02-04T18:26:41","slug":"hannibal-arnes-negro-doble-banda-2","status":"publish","type":"product","link":"https:\/\/www.rubengalarreta.com\/es\/product\/man-es\/encaje-rosas-negras-dark-roses\/hannibal-arnes-negro-doble-banda-2\/","title":{"rendered":"HANNIBAL ARN\u00c9S NEGRO DOBLE BANDA"},"content":{"rendered":"<table style=\"width: 100%; border-collapse: collapse; border-style: none;\">\n<tbody>\n<tr>\n<td style=\"width: 50%; vertical-align: top;\"><strong><span style=\"color: #000000;\"><span style=\"font-family: trebuchet ms, geneva, sans-serif;\">DETALLE DE PRODUCTO:<\/span><\/span><\/strong><br \/>\n<span style=\"color: #999999;\"><span style=\"font-family: trebuchet ms, geneva, sans-serif;\">-El\u00e1stico negro con cierre delantero<\/span><\/span><br \/>\n<span style=\"color: #999999;\"><span style=\"font-family: trebuchet ms, geneva, sans-serif;\">-Arn\u00e9s de pecho +doble banda<\/span><\/span><\/td>\n<td style=\"width: 50%; vertical-align: top;\"><strong><span style=\"color: #000000;\"><span style=\"font-family: trebuchet ms, geneva, sans-serif;\">TALLA :<\/span><\/span><\/strong><span style=\"color: #000000;\"><span style=\"font-family: trebuchet ms, geneva, sans-serif;\"><br \/>\n<\/span><\/span><span style=\"color: #999999;\"><span style=\"font-family: trebuchet ms, geneva, sans-serif;\">-Talla Universal (desde Small a Large)<\/span><\/span><\/td>\n<\/tr>\n<tr>\n<td style=\"width: 50%; vertical-align: top;\"><strong><span style=\"color: #000000;\"><span style=\"font-family: trebuchet ms, geneva, sans-serif;\">CUIDADOS<\/span><\/span><\/strong><span style=\"color: #000000;\"><span style=\"font-family: trebuchet ms, geneva, sans-serif;\">:<\/span><\/span><br \/>\n<span style=\"color: #999999;\"><span style=\"font-family: trebuchet ms, geneva, sans-serif;\">&#8211; F\u00e1cil planchado.Lavado a m\u00e1quina de acuerdo con las instrucciones de la etiqueta.<\/span><\/span><\/td>\n<td style=\"width: 50%; vertical-align: top;\"><strong><span style=\"color: #000000;\"><span style=\"font-family: trebuchet ms, geneva, sans-serif;\">MEDIDAS MODELO:<br \/>\n<\/span><\/span><\/strong><span style=\"color: #999999;\"><span style=\"font-family: trebuchet ms, geneva, sans-serif;\">-Altura modelo: 180 cm \/ 5&#8242;.90\u00bb\u00a0\u00a0<\/span><\/span><br \/>\n<span style=\"color: #999999;\"><span style=\"font-family: trebuchet ms, geneva, sans-serif;\">&#8211; El modelo lleva: Talla Universal<\/span><\/span><\/td>\n<\/tr>\n<\/tbody>\n<\/table>\n<p><strong>Descripci\u00f3n:\u00a0<\/strong><\/p>\n<p>GENESI ARN\u00c9S DE PECHO NEGRO, otro accesorio diferente y vanguardista de la colecci\u00f3n. Gracias a su dise\u00f1o atrevido y sensual conseguir\u00e1s el look perfecto para cada ocasi\u00f3n.<\/p>\n<p>El ARN\u00c9S DE PECHO GENESI esta fabricado con bandas el\u00e1sticas en color negro que se adpatar\u00e1n perfectamente al pecho gracias a su impecable dise\u00f1o. La parte de la espalda tiene unos cruces que hacen a\u00fan m\u00e1s especial este accesorio para hombre.<\/p>\n<p>Quer\u00edamos crear un accesorio delicado, innovador y estiloso, y GENESI ARN\u00c9S DE PECHO engloba todas esas caracter\u00edsticas, sin olvidar la comodidad y confort que para nosotros es imprescindible al crear un accesorio.<\/p>\n<p>Recomendaciones de estilo:<\/p>\n<ul>\n<li>Para tu d\u00eda a d\u00eda: llevar nuestro ARN\u00c9S DE PECHO en tu d\u00eda a d\u00eda puede ser muy f\u00e1cil. Puedes combinarlo con la <a href=\"https:\/\/www.rubengalarreta.com\/es\/product\/man-es\/inferno-es\/camiseta-inferno\/\">CAMISETA NEGRA INFERNO<\/a> por debajo. Si quieres darle un toque de color no olvides pon\u00e9rtelo con nuestra<a href=\"https:\/\/www.rubengalarreta.com\/es\/product\/man-es\/genderless-es\/genderless-top-hill-t-shirt\/\"> CAMISETA BLANCA GENDERLESS HIGH HILL<\/a>.<\/li>\n<li>Para salir de fiesta: para salir de fiesta puede convertirse en el accesorio perfecto para ser el m\u00e1s \u00abhot\u00bb de la discoteca. Combinado con una camiseta de rejilla como nuestro<a href=\"https:\/\/www.rubengalarreta.com\/es\/product\/man-es\/inferno-es\/polo-micro-rejilla-inferno\/\"> POLO MICRO REJILLA INFERNO<\/a> \u00a0o con el <a href=\"http:\/\/rubengalarreta.com\/es\/product\/man-es\/genderless-es\/black-sheer-crop-top\/\">CROP TOP NEGRO GENDERLESS<\/a><\/li>\n<\/ul>\n<p>&nbsp;<\/p>\n<p>La nueva l\u00ednea INFERNO es una colecci\u00f3n c\u00e1psula que contiene los dise\u00f1os m\u00e1s atrevidos de la firma dise\u00f1ados en Espa\u00f1a. Engloba desde arneses que te convertir\u00e1n en el foco de todas las miradas hasta camisetas y polos micro perforados con detalles exclusivos de la l\u00ednea. Al igual que puedes comprar todos los productos a trav\u00e9s de nuestra pagina web, el nuevo ARN\u00c9S DE PECHO de la colecci\u00f3n INFERNO ya est\u00e1 diponible.<\/p>\n","protected":false},"excerpt":{"rendered":"<p><strong>HANNIBAL ARN\u00c9S NEGRO DOBLE BANDA\u00a0<\/strong><\/p>\n<p>HANNIBAL ARN\u00c9S NEGRO DOBLE BANDA para hombre esta fabricado con material elastico, dise\u00f1ado por Ruben Galarreta. Es la perfecta combinacion entre lo atrevido y el estilo.<\/p>\n","protected":false},"featured_media":58674,"comment_status":"closed","ping_status":"closed","template":"","meta":{"_monsterinsights_skip_tracking":false,"_monsterinsights_sitenote_active":false,"_monsterinsights_sitenote_note":"","_monsterinsights_sitenote_category":0},"product_brand":[],"product_cat":[5749],"product_tag":[2167],"class_list":{"0":"post-58666","1":"product","2":"type-product","3":"status-publish","4":"has-post-thumbnail","6":"product_cat-encaje-rosas-negras-dark-roses","7":"product_tag-arneses","9":"first","10":"instock","11":"sale","12":"taxable","13":"shipping-taxable","14":"purchasable","15":"product-type-simple"},"yoast_head":"<!-- This site is optimized with the Yoast SEO plugin v27.5 - https:\/\/yoast.com\/product\/yoast-seo-wordpress\/ -->\n<title>HANNIBAL ARN\u00c9S NEGRO DOBLE BANDA - Ruben Galarreta<\/title>\n<meta name=\"description\" content=\"HANNIBAL BLACK DOUBLE STRAP HARNESS for men is made out of black elastic fabric, designed by RUBEN GALARRETA in Spain with its unique essence.\" \/>\n<meta name=\"robots\" content=\"index, follow, max-snippet:-1, max-image-preview:large, max-video-preview:-1\" \/>\n<link rel=\"canonical\" href=\"https:\/\/www.rubengalarreta.com\/es\/product\/man-es\/encaje-rosas-negras-dark-roses\/hannibal-arnes-negro-doble-banda-2\/\" \/>\n<meta property=\"og:locale\" content=\"es_ES\" \/>\n<meta property=\"og:type\" content=\"article\" \/>\n<meta property=\"og:title\" content=\"HANNIBAL ARN\u00c9S NEGRO DOBLE BANDA - Ruben Galarreta\" \/>\n<meta property=\"og:description\" content=\"HANNIBAL BLACK DOUBLE STRAP HARNESS for men is made out of black elastic fabric, designed by RUBEN GALARRETA in Spain with its unique essence.\" \/>\n<meta property=\"og:url\" content=\"https:\/\/www.rubengalarreta.com\/es\/product\/man-es\/encaje-rosas-negras-dark-roses\/hannibal-arnes-negro-doble-banda-2\/\" \/>\n<meta property=\"og:site_name\" content=\"Ruben Galarreta\" \/>\n<meta property=\"article:modified_time\" content=\"2021-02-04T18:26:41+00:00\" \/>\n<meta property=\"og:image\" content=\"https:\/\/www.rubengalarreta.com\/wp-content\/uploads\/2020\/10\/ruben-galarreta-clasp-harness-dark-roses-detailt-min.jpg\" \/>\n\t<meta property=\"og:image:width\" content=\"704\" \/>\n\t<meta property=\"og:image:height\" content=\"1000\" \/>\n\t<meta property=\"og:image:type\" content=\"image\/jpeg\" \/>\n<meta name=\"twitter:card\" content=\"summary_large_image\" \/>\n<meta name=\"twitter:label1\" content=\"Tiempo de lectura\" \/>\n\t<meta name=\"twitter:data1\" content=\"2 minutos\" \/>\n<script type=\"application\/ld+json\" class=\"yoast-schema-graph\">{\"@context\":\"https:\\\/\\\/schema.org\",\"@graph\":[{\"@type\":\"WebPage\",\"@id\":\"https:\\\/\\\/www.rubengalarreta.com\\\/es\\\/product\\\/man-es\\\/encaje-rosas-negras-dark-roses\\\/hannibal-arnes-negro-doble-banda-2\\\/\",\"url\":\"https:\\\/\\\/www.rubengalarreta.com\\\/es\\\/product\\\/man-es\\\/encaje-rosas-negras-dark-roses\\\/hannibal-arnes-negro-doble-banda-2\\\/\",\"name\":\"HANNIBAL ARN\u00c9S NEGRO DOBLE BANDA - Ruben Galarreta\",\"isPartOf\":{\"@id\":\"https:\\\/\\\/www.rubengalarreta.com\\\/es\\\/#website\"},\"primaryImageOfPage\":{\"@id\":\"https:\\\/\\\/www.rubengalarreta.com\\\/es\\\/product\\\/man-es\\\/encaje-rosas-negras-dark-roses\\\/hannibal-arnes-negro-doble-banda-2\\\/#primaryimage\"},\"image\":{\"@id\":\"https:\\\/\\\/www.rubengalarreta.com\\\/es\\\/product\\\/man-es\\\/encaje-rosas-negras-dark-roses\\\/hannibal-arnes-negro-doble-banda-2\\\/#primaryimage\"},\"thumbnailUrl\":\"https:\\\/\\\/www.rubengalarreta.com\\\/wp-content\\\/uploads\\\/2020\\\/10\\\/ruben-galarreta-clasp-harness-dark-roses-detailt-min.jpg\",\"datePublished\":\"2020-10-09T09:04:57+00:00\",\"dateModified\":\"2021-02-04T18:26:41+00:00\",\"description\":\"HANNIBAL BLACK DOUBLE STRAP HARNESS for men is made out of black elastic fabric, designed by RUBEN GALARRETA in Spain with its unique essence.\",\"breadcrumb\":{\"@id\":\"https:\\\/\\\/www.rubengalarreta.com\\\/es\\\/product\\\/man-es\\\/encaje-rosas-negras-dark-roses\\\/hannibal-arnes-negro-doble-banda-2\\\/#breadcrumb\"},\"inLanguage\":\"es\",\"potentialAction\":[{\"@type\":\"ReadAction\",\"target\":[\"https:\\\/\\\/www.rubengalarreta.com\\\/es\\\/product\\\/man-es\\\/encaje-rosas-negras-dark-roses\\\/hannibal-arnes-negro-doble-banda-2\\\/\"]}]},{\"@type\":\"ImageObject\",\"inLanguage\":\"es\",\"@id\":\"https:\\\/\\\/www.rubengalarreta.com\\\/es\\\/product\\\/man-es\\\/encaje-rosas-negras-dark-roses\\\/hannibal-arnes-negro-doble-banda-2\\\/#primaryimage\",\"url\":\"https:\\\/\\\/www.rubengalarreta.com\\\/wp-content\\\/uploads\\\/2020\\\/10\\\/ruben-galarreta-clasp-harness-dark-roses-detailt-min.jpg\",\"contentUrl\":\"https:\\\/\\\/www.rubengalarreta.com\\\/wp-content\\\/uploads\\\/2020\\\/10\\\/ruben-galarreta-clasp-harness-dark-roses-detailt-min.jpg\",\"width\":704,\"height\":1000,\"caption\":\"arn\u00e9s negro para pecho gay bdsm\"},{\"@type\":\"BreadcrumbList\",\"@id\":\"https:\\\/\\\/www.rubengalarreta.com\\\/es\\\/product\\\/man-es\\\/encaje-rosas-negras-dark-roses\\\/hannibal-arnes-negro-doble-banda-2\\\/#breadcrumb\",\"itemListElement\":[{\"@type\":\"ListItem\",\"position\":1,\"name\":\"Home\",\"item\":\"https:\\\/\\\/www.rubengalarreta.com\\\/es\\\/\"},{\"@type\":\"ListItem\",\"position\":2,\"name\":\"Tienda Online\",\"item\":\"https:\\\/\\\/www.rubengalarreta.com\\\/es\\\/tienda-2\\\/\"},{\"@type\":\"ListItem\",\"position\":3,\"name\":\"HANNIBAL ARN\u00c9S NEGRO DOBLE BANDA\"}]},{\"@type\":\"WebSite\",\"@id\":\"https:\\\/\\\/www.rubengalarreta.com\\\/es\\\/#website\",\"url\":\"https:\\\/\\\/www.rubengalarreta.com\\\/es\\\/\",\"name\":\"Ruben Galarreta\",\"description\":\"Hot Couture | Online Store\",\"publisher\":{\"@id\":\"https:\\\/\\\/www.rubengalarreta.com\\\/es\\\/#organization\"},\"potentialAction\":[{\"@type\":\"SearchAction\",\"target\":{\"@type\":\"EntryPoint\",\"urlTemplate\":\"https:\\\/\\\/www.rubengalarreta.com\\\/es\\\/?s={search_term_string}\"},\"query-input\":{\"@type\":\"PropertyValueSpecification\",\"valueRequired\":true,\"valueName\":\"search_term_string\"}}],\"inLanguage\":\"es\"},{\"@type\":\"Organization\",\"@id\":\"https:\\\/\\\/www.rubengalarreta.com\\\/es\\\/#organization\",\"name\":\"Ruben Galarreta\",\"url\":\"https:\\\/\\\/www.rubengalarreta.com\\\/es\\\/\",\"logo\":{\"@type\":\"ImageObject\",\"inLanguage\":\"es\",\"@id\":\"https:\\\/\\\/www.rubengalarreta.com\\\/es\\\/#\\\/schema\\\/logo\\\/image\\\/\",\"url\":\"https:\\\/\\\/www.rubengalarreta.com\\\/wp-content\\\/uploads\\\/2019\\\/10\\\/rubengalarreta-menswear.jpg\",\"contentUrl\":\"https:\\\/\\\/www.rubengalarreta.com\\\/wp-content\\\/uploads\\\/2019\\\/10\\\/rubengalarreta-menswear.jpg\",\"width\":1141,\"height\":146,\"caption\":\"Ruben Galarreta\"},\"image\":{\"@id\":\"https:\\\/\\\/www.rubengalarreta.com\\\/es\\\/#\\\/schema\\\/logo\\\/image\\\/\"}}]}<\/script>\n<!-- \/ Yoast SEO plugin. -->","yoast_head_json":{"title":"HANNIBAL ARN\u00c9S NEGRO DOBLE BANDA - Ruben Galarreta","description":"HANNIBAL BLACK DOUBLE STRAP HARNESS for men is made out of black elastic fabric, designed by RUBEN GALARRETA in Spain with its unique essence.","robots":{"index":"index","follow":"follow","max-snippet":"max-snippet:-1","max-image-preview":"max-image-preview:large","max-video-preview":"max-video-preview:-1"},"canonical":"https:\/\/www.rubengalarreta.com\/es\/product\/man-es\/encaje-rosas-negras-dark-roses\/hannibal-arnes-negro-doble-banda-2\/","og_locale":"es_ES","og_type":"article","og_title":"HANNIBAL ARN\u00c9S NEGRO DOBLE BANDA - Ruben Galarreta","og_description":"HANNIBAL BLACK DOUBLE STRAP HARNESS for men is made out of black elastic fabric, designed by RUBEN GALARRETA in Spain with its unique essence.","og_url":"https:\/\/www.rubengalarreta.com\/es\/product\/man-es\/encaje-rosas-negras-dark-roses\/hannibal-arnes-negro-doble-banda-2\/","og_site_name":"Ruben Galarreta","article_modified_time":"2021-02-04T18:26:41+00:00","og_image":[{"width":704,"height":1000,"url":"https:\/\/www.rubengalarreta.com\/wp-content\/uploads\/2020\/10\/ruben-galarreta-clasp-harness-dark-roses-detailt-min.jpg","type":"image\/jpeg"}],"twitter_card":"summary_large_image","twitter_misc":{"Tiempo de lectura":"2 minutos"},"schema":{"@context":"https:\/\/schema.org","@graph":[{"@type":"WebPage","@id":"https:\/\/www.rubengalarreta.com\/es\/product\/man-es\/encaje-rosas-negras-dark-roses\/hannibal-arnes-negro-doble-banda-2\/","url":"https:\/\/www.rubengalarreta.com\/es\/product\/man-es\/encaje-rosas-negras-dark-roses\/hannibal-arnes-negro-doble-banda-2\/","name":"HANNIBAL ARN\u00c9S NEGRO DOBLE BANDA - Ruben Galarreta","isPartOf":{"@id":"https:\/\/www.rubengalarreta.com\/es\/#website"},"primaryImageOfPage":{"@id":"https:\/\/www.rubengalarreta.com\/es\/product\/man-es\/encaje-rosas-negras-dark-roses\/hannibal-arnes-negro-doble-banda-2\/#primaryimage"},"image":{"@id":"https:\/\/www.rubengalarreta.com\/es\/product\/man-es\/encaje-rosas-negras-dark-roses\/hannibal-arnes-negro-doble-banda-2\/#primaryimage"},"thumbnailUrl":"https:\/\/www.rubengalarreta.com\/wp-content\/uploads\/2020\/10\/ruben-galarreta-clasp-harness-dark-roses-detailt-min.jpg","datePublished":"2020-10-09T09:04:57+00:00","dateModified":"2021-02-04T18:26:41+00:00","description":"HANNIBAL BLACK DOUBLE STRAP HARNESS for men is made out of black elastic fabric, designed by RUBEN GALARRETA in Spain with its unique essence.","breadcrumb":{"@id":"https:\/\/www.rubengalarreta.com\/es\/product\/man-es\/encaje-rosas-negras-dark-roses\/hannibal-arnes-negro-doble-banda-2\/#breadcrumb"},"inLanguage":"es","potentialAction":[{"@type":"ReadAction","target":["https:\/\/www.rubengalarreta.com\/es\/product\/man-es\/encaje-rosas-negras-dark-roses\/hannibal-arnes-negro-doble-banda-2\/"]}]},{"@type":"ImageObject","inLanguage":"es","@id":"https:\/\/www.rubengalarreta.com\/es\/product\/man-es\/encaje-rosas-negras-dark-roses\/hannibal-arnes-negro-doble-banda-2\/#primaryimage","url":"https:\/\/www.rubengalarreta.com\/wp-content\/uploads\/2020\/10\/ruben-galarreta-clasp-harness-dark-roses-detailt-min.jpg","contentUrl":"https:\/\/www.rubengalarreta.com\/wp-content\/uploads\/2020\/10\/ruben-galarreta-clasp-harness-dark-roses-detailt-min.jpg","width":704,"height":1000,"caption":"arn\u00e9s negro para pecho gay bdsm"},{"@type":"BreadcrumbList","@id":"https:\/\/www.rubengalarreta.com\/es\/product\/man-es\/encaje-rosas-negras-dark-roses\/hannibal-arnes-negro-doble-banda-2\/#breadcrumb","itemListElement":[{"@type":"ListItem","position":1,"name":"Home","item":"https:\/\/www.rubengalarreta.com\/es\/"},{"@type":"ListItem","position":2,"name":"Tienda Online","item":"https:\/\/www.rubengalarreta.com\/es\/tienda-2\/"},{"@type":"ListItem","position":3,"name":"HANNIBAL ARN\u00c9S NEGRO DOBLE BANDA"}]},{"@type":"WebSite","@id":"https:\/\/www.rubengalarreta.com\/es\/#website","url":"https:\/\/www.rubengalarreta.com\/es\/","name":"Ruben Galarreta","description":"Hot Couture | Online Store","publisher":{"@id":"https:\/\/www.rubengalarreta.com\/es\/#organization"},"potentialAction":[{"@type":"SearchAction","target":{"@type":"EntryPoint","urlTemplate":"https:\/\/www.rubengalarreta.com\/es\/?s={search_term_string}"},"query-input":{"@type":"PropertyValueSpecification","valueRequired":true,"valueName":"search_term_string"}}],"inLanguage":"es"},{"@type":"Organization","@id":"https:\/\/www.rubengalarreta.com\/es\/#organization","name":"Ruben Galarreta","url":"https:\/\/www.rubengalarreta.com\/es\/","logo":{"@type":"ImageObject","inLanguage":"es","@id":"https:\/\/www.rubengalarreta.com\/es\/#\/schema\/logo\/image\/","url":"https:\/\/www.rubengalarreta.com\/wp-content\/uploads\/2019\/10\/rubengalarreta-menswear.jpg","contentUrl":"https:\/\/www.rubengalarreta.com\/wp-content\/uploads\/2019\/10\/rubengalarreta-menswear.jpg","width":1141,"height":146,"caption":"Ruben Galarreta"},"image":{"@id":"https:\/\/www.rubengalarreta.com\/es\/#\/schema\/logo\/image\/"}}]}},"_links":{"self":[{"href":"https:\/\/www.rubengalarreta.com\/es\/wp-json\/wp\/v2\/product\/58666","targetHints":{"allow":["GET"]}}],"collection":[{"href":"https:\/\/www.rubengalarreta.com\/es\/wp-json\/wp\/v2\/product"}],"about":[{"href":"https:\/\/www.rubengalarreta.com\/es\/wp-json\/wp\/v2\/types\/product"}],"replies":[{"embeddable":true,"href":"https:\/\/www.rubengalarreta.com\/es\/wp-json\/wp\/v2\/comments?post=58666"}],"wp:featuredmedia":[{"embeddable":true,"href":"https:\/\/www.rubengalarreta.com\/es\/wp-json\/wp\/v2\/media\/58674"}],"wp:attachment":[{"href":"https:\/\/www.rubengalarreta.com\/es\/wp-json\/wp\/v2\/media?parent=58666"}],"wp:term":[{"taxonomy":"product_brand","embeddable":true,"href":"https:\/\/www.rubengalarreta.com\/es\/wp-json\/wp\/v2\/product_brand?post=58666"},{"taxonomy":"product_cat","embeddable":true,"href":"https:\/\/www.rubengalarreta.com\/es\/wp-json\/wp\/v2\/product_cat?post=58666"},{"taxonomy":"product_tag","embeddable":true,"href":"https:\/\/www.rubengalarreta.com\/es\/wp-json\/wp\/v2\/product_tag?post=58666"}],"curies":[{"name":"wp","href":"https:\/\/api.w.org\/{rel}","templated":true}]}}