{"id":58522,"date":"2020-10-06T19:18:20","date_gmt":"2020-10-06T17:18:21","guid":{"rendered":"https:\/\/www.rubengalarreta.com\/?post_type=product&#038;p=58522"},"modified":"2021-11-09T18:10:54","modified_gmt":"2021-11-09T17:10:54","slug":"leggins-encaje-negro-dark-roses","status":"publish","type":"product","link":"https:\/\/www.rubengalarreta.com\/es\/product\/man-es\/encaje-rosas-negras-dark-roses\/leggins-encaje-negro-dark-roses\/","title":{"rendered":"LEGGINGS ENCAJE NEGRO DARK ROSES"},"content":{"rendered":"<p><strong>LEGGINGS ENCAJE NEGRO DARK ROSES<\/strong><\/p>\n<table style=\"height: 183px; width: 100%; border-collapse: collapse; border-style: hidden;\">\n<tbody>\n<tr valign=\"TOP\">\n<td style=\"width: 49.8998%; border-style: hidden;\" width=\"293\" height=\"19\"><span style=\"color: #000000;\"><span style=\"font-family: trebuchet ms, serif;\"><b>DETALLE DE PRODUCTO:<br \/>\n<\/b><\/span><\/span><span style=\"color: #999999;\"><span style=\"font-family: trebuchet ms, serif;\">-Encaje negro dise\u00f1o floral 100% poly<\/span><\/span><br \/>\n<span style=\"color: #999999;\"><span style=\"font-family: trebuchet ms, serif;\">-Cintura el\u00e1stica Rub\u00e9n Galarreta<\/span><\/span><br \/>\n<span style=\"color: #999999;\"><span style=\"font-family: trebuchet ms, serif;\">-Tobillos el\u00e1sticos Rub\u00e9n Galarreta<\/span><\/span><\/td>\n<td style=\"width: 50.1002%; border-style: hidden;\" width=\"293\"><span style=\"color: #000000;\"><span style=\"font-family: trebuchet ms, serif;\"><b>TALLA:<br \/>\n<\/b><\/span><\/span><span style=\"color: #999999;\"><span style=\"font-family: trebuchet ms, serif;\">-Skinny Fit<\/span><\/span><\/td>\n<\/tr>\n<tr valign=\"TOP\">\n<td style=\"width: 49.8998%; border-style: hidden;\" width=\"293\" height=\"19\"><span style=\"color: #000000;\"><span style=\"font-family: trebuchet ms, serif;\"><b>CUIDADOS:<br \/>\n<\/b><\/span><\/span><span style=\"color: #999999;\"><span style=\"font-family: trebuchet ms, serif;\">-Lavado a m\u00e1quina seg\u00fan las instrucciones de cuidado de la etiqueta y planchado a baja temperatura.<\/span><\/span><\/td>\n<td style=\"width: 50.1002%; border-style: hidden;\" width=\"293\"><span style=\"color: #000000;\"><span style=\"font-family: trebuchet ms, serif;\"><b>MEDIDAS MODELO:<br \/>\n<\/b><\/span><\/span><span style=\"color: #999999;\"><span style=\"font-family: trebuchet ms, serif;\">-Altura: 178cm<br \/>\n-El modelo usa talla M<\/span><\/span><\/td>\n<\/tr>\n<\/tbody>\n<\/table>\n<p><strong>DESCRIPCI\u00d3N<\/strong><\/p>\n<p><span style=\"color: #555555; font-size: 14.4px;\">Nuestros LEGGINGS DE ENCAJE NEGRO pertenecen a la colecci\u00f3n Dark Roses. Son unos leggins el\u00e1sticos hasta los tobillos con laterales en encaje negro con dise\u00f1o floral y cinturilla y el\u00e1sticos de los tobillos de Ruben Galarreta. Dise\u00f1ados en Espa\u00f1a por Rub\u00e9n Galarreta, Se trata de una prenda que aporta gran comodidad gracias a su tejido el\u00e1stico y ligereza. Adem\u00e1s, gracias a su skinny fit\u00a0 favorece a cualquier tipo de cuerpo. Disponibles en las tallas mediana y grande.<\/span><\/p>\n<p><span style=\"font-weight: 400;\">Estos LEGGINGS DE ENCAJE NEGRO DARK ROSES tienen una longitud por encima del tobillo. Los detalles en encaje a ambos lados dejan ver sutilmente\u00a0 los laterales de las piernas. Estos pantalones de estilo leggins son muy vers\u00e1tiles y te permitir\u00e1n lucirlos con todo tipo de prendas ya sea\u00a0 para comodidad del d\u00eda a d\u00eda o para salir de fiesta y atreverte con un look m\u00e1s sutil y sexy.\u00a0<\/span><\/p>\n<p><span style=\"font-weight: 400;\">Los LEGGINS DE ENCAJE NEGRO se pueden combinar con camisetas basicas y sudaderas para conseguir un toque m\u00e1s sport, o incluso con camisas blancas oversize en una combinaci\u00f3n para ser la estrella de la fiesta.<\/span><\/p>\n<p>Para cuidar correctamente la prenda, recomendamos lavarlo a baja temperatura. No es necesario planchar, pero si lo prefieres puedes hacerlo tambi\u00e9n a baja temperatura.<\/p>\n<p><b>\u00a0CONSEJOS DE ESTILISMO<\/b><\/p>\n<p><span style=\"font-weight: 400;\">Siendo una prenda tan vers\u00e1til los LEGGINGS DE ENCAJE NEGRO pueden llevar con diferentes tipos de prendas. Desde la firma te proponemos lucirlos con nuestro <\/span><a href=\"https:\/\/www.rubengalarreta.com\/es\/product\/man-es\/sales-es\/black-sheer-crop-top\/\"><span style=\"font-weight: 400;\">CROP TOP NEGRO TRANSPARENTE<\/span><\/a><span style=\"font-weight: 400;\"> para crear un look sporty y atrevido. Tambi\u00e9n con nuestro <\/span><a href=\"https:\/\/www.rubengalarreta.com\/es\/product\/man-es\/accessories-m-es\/hannibal-arnes-negro-doble-banda\/\"><span style=\"font-weight: 400;\">HANNIBAL ARN\u00c9S NEGRO DOBLE BANDA <\/span><\/a><span style=\"font-weight: 400;\">para una combinaci\u00f3n a\u00fan m\u00e1s caliente.<\/span><\/p>\n","protected":false},"excerpt":{"rendered":"<p><span style=\"color: #000000;\"><b>LEGGINGS ENCAJE NEGRO DARK ROSES<\/b><\/span><\/p>\n<p>Leggins de encaje negro pertenecientes a la colecci\u00f3n Dark Roses dise\u00f1ados en exclusiva por Rub\u00e9n Galarreta en Espa\u00f1a. Longitud hasta el tobillo, entallados y el\u00e1sticos para mayor comodidad.<\/p>\n","protected":false},"featured_media":58605,"comment_status":"closed","ping_status":"closed","template":"","meta":{"_monsterinsights_skip_tracking":false,"_monsterinsights_sitenote_active":false,"_monsterinsights_sitenote_note":"","_monsterinsights_sitenote_category":0},"product_brand":[],"product_cat":[5749,1921],"product_tag":[2169],"class_list":{"0":"post-58522","1":"product","2":"type-product","3":"status-publish","4":"has-post-thumbnail","6":"product_cat-encaje-rosas-negras-dark-roses","7":"product_cat-man-es","8":"product_tag-pantalones-shorts","10":"first","11":"outofstock","12":"taxable","13":"shipping-taxable","14":"purchasable","15":"product-type-variable","16":"has-default-attributes"},"yoast_head":"<!-- This site is optimized with the Yoast SEO plugin v27.5 - https:\/\/yoast.com\/product\/yoast-seo-wordpress\/ -->\n<title>LEGGINGS ENCAJE NEGRO DARK ROSES - Ruben Galarreta Tienda<\/title>\n<meta name=\"description\" content=\"Leggins de encaje negro pertenecientes a la colecci\u00f3n Dark Roses dise\u00f1ados en exclusiva por Rub\u00e9n Galarreta en Espa\u00f1a. Compra en la web.\" \/>\n<meta name=\"robots\" content=\"index, follow, max-snippet:-1, max-image-preview:large, max-video-preview:-1\" \/>\n<link rel=\"canonical\" href=\"https:\/\/www.rubengalarreta.com\/es\/product\/man-es\/encaje-rosas-negras-dark-roses\/leggins-encaje-negro-dark-roses\/\" \/>\n<meta property=\"og:locale\" content=\"es_ES\" \/>\n<meta property=\"og:type\" content=\"article\" \/>\n<meta property=\"og:title\" content=\"LEGGINGS ENCAJE NEGRO DARK ROSES - Ruben Galarreta Tienda\" \/>\n<meta property=\"og:description\" content=\"Leggins de encaje negro pertenecientes a la colecci\u00f3n Dark Roses dise\u00f1ados en exclusiva por Rub\u00e9n Galarreta en Espa\u00f1a. Compra en la web.\" \/>\n<meta property=\"og:url\" content=\"https:\/\/www.rubengalarreta.com\/es\/product\/man-es\/encaje-rosas-negras-dark-roses\/leggins-encaje-negro-dark-roses\/\" \/>\n<meta property=\"og:site_name\" content=\"Ruben Galarreta\" \/>\n<meta property=\"article:modified_time\" content=\"2021-11-09T17:10:54+00:00\" \/>\n<meta property=\"og:image\" content=\"https:\/\/www.rubengalarreta.com\/wp-content\/uploads\/2020\/10\/ruben-galarreta-legging-lace-dark-roses-back-min.jpg\" \/>\n\t<meta property=\"og:image:width\" content=\"704\" \/>\n\t<meta property=\"og:image:height\" content=\"1000\" \/>\n\t<meta property=\"og:image:type\" content=\"image\/jpeg\" \/>\n<meta name=\"twitter:card\" content=\"summary_large_image\" \/>\n<meta name=\"twitter:label1\" content=\"Tiempo de lectura\" \/>\n\t<meta name=\"twitter:data1\" content=\"2 minutos\" \/>\n<script type=\"application\/ld+json\" class=\"yoast-schema-graph\">{\"@context\":\"https:\\\/\\\/schema.org\",\"@graph\":[{\"@type\":\"WebPage\",\"@id\":\"https:\\\/\\\/www.rubengalarreta.com\\\/es\\\/product\\\/man-es\\\/encaje-rosas-negras-dark-roses\\\/leggins-encaje-negro-dark-roses\\\/\",\"url\":\"https:\\\/\\\/www.rubengalarreta.com\\\/es\\\/product\\\/man-es\\\/encaje-rosas-negras-dark-roses\\\/leggins-encaje-negro-dark-roses\\\/\",\"name\":\"LEGGINGS ENCAJE NEGRO DARK ROSES - Ruben Galarreta Tienda\",\"isPartOf\":{\"@id\":\"https:\\\/\\\/www.rubengalarreta.com\\\/es\\\/#website\"},\"primaryImageOfPage\":{\"@id\":\"https:\\\/\\\/www.rubengalarreta.com\\\/es\\\/product\\\/man-es\\\/encaje-rosas-negras-dark-roses\\\/leggins-encaje-negro-dark-roses\\\/#primaryimage\"},\"image\":{\"@id\":\"https:\\\/\\\/www.rubengalarreta.com\\\/es\\\/product\\\/man-es\\\/encaje-rosas-negras-dark-roses\\\/leggins-encaje-negro-dark-roses\\\/#primaryimage\"},\"thumbnailUrl\":\"https:\\\/\\\/www.rubengalarreta.com\\\/wp-content\\\/uploads\\\/2020\\\/10\\\/ruben-galarreta-legging-lace-dark-roses-back-min.jpg\",\"datePublished\":\"2020-10-06T17:18:21+00:00\",\"dateModified\":\"2021-11-09T17:10:54+00:00\",\"description\":\"Leggins de encaje negro pertenecientes a la colecci\u00f3n Dark Roses dise\u00f1ados en exclusiva por Rub\u00e9n Galarreta en Espa\u00f1a. Compra en la web.\",\"breadcrumb\":{\"@id\":\"https:\\\/\\\/www.rubengalarreta.com\\\/es\\\/product\\\/man-es\\\/encaje-rosas-negras-dark-roses\\\/leggins-encaje-negro-dark-roses\\\/#breadcrumb\"},\"inLanguage\":\"es\",\"potentialAction\":[{\"@type\":\"ReadAction\",\"target\":[\"https:\\\/\\\/www.rubengalarreta.com\\\/es\\\/product\\\/man-es\\\/encaje-rosas-negras-dark-roses\\\/leggins-encaje-negro-dark-roses\\\/\"]}]},{\"@type\":\"ImageObject\",\"inLanguage\":\"es\",\"@id\":\"https:\\\/\\\/www.rubengalarreta.com\\\/es\\\/product\\\/man-es\\\/encaje-rosas-negras-dark-roses\\\/leggins-encaje-negro-dark-roses\\\/#primaryimage\",\"url\":\"https:\\\/\\\/www.rubengalarreta.com\\\/wp-content\\\/uploads\\\/2020\\\/10\\\/ruben-galarreta-legging-lace-dark-roses-back-min.jpg\",\"contentUrl\":\"https:\\\/\\\/www.rubengalarreta.com\\\/wp-content\\\/uploads\\\/2020\\\/10\\\/ruben-galarreta-legging-lace-dark-roses-back-min.jpg\",\"width\":704,\"height\":1000,\"caption\":\"legging transparente de flores gay\"},{\"@type\":\"BreadcrumbList\",\"@id\":\"https:\\\/\\\/www.rubengalarreta.com\\\/es\\\/product\\\/man-es\\\/encaje-rosas-negras-dark-roses\\\/leggins-encaje-negro-dark-roses\\\/#breadcrumb\",\"itemListElement\":[{\"@type\":\"ListItem\",\"position\":1,\"name\":\"Home\",\"item\":\"https:\\\/\\\/www.rubengalarreta.com\\\/es\\\/\"},{\"@type\":\"ListItem\",\"position\":2,\"name\":\"Tienda Online\",\"item\":\"https:\\\/\\\/www.rubengalarreta.com\\\/es\\\/tienda-2\\\/\"},{\"@type\":\"ListItem\",\"position\":3,\"name\":\"LEGGINGS ENCAJE NEGRO DARK ROSES\"}]},{\"@type\":\"WebSite\",\"@id\":\"https:\\\/\\\/www.rubengalarreta.com\\\/es\\\/#website\",\"url\":\"https:\\\/\\\/www.rubengalarreta.com\\\/es\\\/\",\"name\":\"Ruben Galarreta\",\"description\":\"Hot Couture | Online Store\",\"publisher\":{\"@id\":\"https:\\\/\\\/www.rubengalarreta.com\\\/es\\\/#organization\"},\"potentialAction\":[{\"@type\":\"SearchAction\",\"target\":{\"@type\":\"EntryPoint\",\"urlTemplate\":\"https:\\\/\\\/www.rubengalarreta.com\\\/es\\\/?s={search_term_string}\"},\"query-input\":{\"@type\":\"PropertyValueSpecification\",\"valueRequired\":true,\"valueName\":\"search_term_string\"}}],\"inLanguage\":\"es\"},{\"@type\":\"Organization\",\"@id\":\"https:\\\/\\\/www.rubengalarreta.com\\\/es\\\/#organization\",\"name\":\"Ruben Galarreta\",\"url\":\"https:\\\/\\\/www.rubengalarreta.com\\\/es\\\/\",\"logo\":{\"@type\":\"ImageObject\",\"inLanguage\":\"es\",\"@id\":\"https:\\\/\\\/www.rubengalarreta.com\\\/es\\\/#\\\/schema\\\/logo\\\/image\\\/\",\"url\":\"https:\\\/\\\/www.rubengalarreta.com\\\/wp-content\\\/uploads\\\/2019\\\/10\\\/rubengalarreta-menswear.jpg\",\"contentUrl\":\"https:\\\/\\\/www.rubengalarreta.com\\\/wp-content\\\/uploads\\\/2019\\\/10\\\/rubengalarreta-menswear.jpg\",\"width\":1141,\"height\":146,\"caption\":\"Ruben Galarreta\"},\"image\":{\"@id\":\"https:\\\/\\\/www.rubengalarreta.com\\\/es\\\/#\\\/schema\\\/logo\\\/image\\\/\"}}]}<\/script>\n<!-- \/ Yoast SEO plugin. -->","yoast_head_json":{"title":"LEGGINGS ENCAJE NEGRO DARK ROSES - Ruben Galarreta Tienda","description":"Leggins de encaje negro pertenecientes a la colecci\u00f3n Dark Roses dise\u00f1ados en exclusiva por Rub\u00e9n Galarreta en Espa\u00f1a. Compra en la web.","robots":{"index":"index","follow":"follow","max-snippet":"max-snippet:-1","max-image-preview":"max-image-preview:large","max-video-preview":"max-video-preview:-1"},"canonical":"https:\/\/www.rubengalarreta.com\/es\/product\/man-es\/encaje-rosas-negras-dark-roses\/leggins-encaje-negro-dark-roses\/","og_locale":"es_ES","og_type":"article","og_title":"LEGGINGS ENCAJE NEGRO DARK ROSES - Ruben Galarreta Tienda","og_description":"Leggins de encaje negro pertenecientes a la colecci\u00f3n Dark Roses dise\u00f1ados en exclusiva por Rub\u00e9n Galarreta en Espa\u00f1a. Compra en la web.","og_url":"https:\/\/www.rubengalarreta.com\/es\/product\/man-es\/encaje-rosas-negras-dark-roses\/leggins-encaje-negro-dark-roses\/","og_site_name":"Ruben Galarreta","article_modified_time":"2021-11-09T17:10:54+00:00","og_image":[{"width":704,"height":1000,"url":"https:\/\/www.rubengalarreta.com\/wp-content\/uploads\/2020\/10\/ruben-galarreta-legging-lace-dark-roses-back-min.jpg","type":"image\/jpeg"}],"twitter_card":"summary_large_image","twitter_misc":{"Tiempo de lectura":"2 minutos"},"schema":{"@context":"https:\/\/schema.org","@graph":[{"@type":"WebPage","@id":"https:\/\/www.rubengalarreta.com\/es\/product\/man-es\/encaje-rosas-negras-dark-roses\/leggins-encaje-negro-dark-roses\/","url":"https:\/\/www.rubengalarreta.com\/es\/product\/man-es\/encaje-rosas-negras-dark-roses\/leggins-encaje-negro-dark-roses\/","name":"LEGGINGS ENCAJE NEGRO DARK ROSES - Ruben Galarreta Tienda","isPartOf":{"@id":"https:\/\/www.rubengalarreta.com\/es\/#website"},"primaryImageOfPage":{"@id":"https:\/\/www.rubengalarreta.com\/es\/product\/man-es\/encaje-rosas-negras-dark-roses\/leggins-encaje-negro-dark-roses\/#primaryimage"},"image":{"@id":"https:\/\/www.rubengalarreta.com\/es\/product\/man-es\/encaje-rosas-negras-dark-roses\/leggins-encaje-negro-dark-roses\/#primaryimage"},"thumbnailUrl":"https:\/\/www.rubengalarreta.com\/wp-content\/uploads\/2020\/10\/ruben-galarreta-legging-lace-dark-roses-back-min.jpg","datePublished":"2020-10-06T17:18:21+00:00","dateModified":"2021-11-09T17:10:54+00:00","description":"Leggins de encaje negro pertenecientes a la colecci\u00f3n Dark Roses dise\u00f1ados en exclusiva por Rub\u00e9n Galarreta en Espa\u00f1a. Compra en la web.","breadcrumb":{"@id":"https:\/\/www.rubengalarreta.com\/es\/product\/man-es\/encaje-rosas-negras-dark-roses\/leggins-encaje-negro-dark-roses\/#breadcrumb"},"inLanguage":"es","potentialAction":[{"@type":"ReadAction","target":["https:\/\/www.rubengalarreta.com\/es\/product\/man-es\/encaje-rosas-negras-dark-roses\/leggins-encaje-negro-dark-roses\/"]}]},{"@type":"ImageObject","inLanguage":"es","@id":"https:\/\/www.rubengalarreta.com\/es\/product\/man-es\/encaje-rosas-negras-dark-roses\/leggins-encaje-negro-dark-roses\/#primaryimage","url":"https:\/\/www.rubengalarreta.com\/wp-content\/uploads\/2020\/10\/ruben-galarreta-legging-lace-dark-roses-back-min.jpg","contentUrl":"https:\/\/www.rubengalarreta.com\/wp-content\/uploads\/2020\/10\/ruben-galarreta-legging-lace-dark-roses-back-min.jpg","width":704,"height":1000,"caption":"legging transparente de flores gay"},{"@type":"BreadcrumbList","@id":"https:\/\/www.rubengalarreta.com\/es\/product\/man-es\/encaje-rosas-negras-dark-roses\/leggins-encaje-negro-dark-roses\/#breadcrumb","itemListElement":[{"@type":"ListItem","position":1,"name":"Home","item":"https:\/\/www.rubengalarreta.com\/es\/"},{"@type":"ListItem","position":2,"name":"Tienda Online","item":"https:\/\/www.rubengalarreta.com\/es\/tienda-2\/"},{"@type":"ListItem","position":3,"name":"LEGGINGS ENCAJE NEGRO DARK ROSES"}]},{"@type":"WebSite","@id":"https:\/\/www.rubengalarreta.com\/es\/#website","url":"https:\/\/www.rubengalarreta.com\/es\/","name":"Ruben Galarreta","description":"Hot Couture | Online Store","publisher":{"@id":"https:\/\/www.rubengalarreta.com\/es\/#organization"},"potentialAction":[{"@type":"SearchAction","target":{"@type":"EntryPoint","urlTemplate":"https:\/\/www.rubengalarreta.com\/es\/?s={search_term_string}"},"query-input":{"@type":"PropertyValueSpecification","valueRequired":true,"valueName":"search_term_string"}}],"inLanguage":"es"},{"@type":"Organization","@id":"https:\/\/www.rubengalarreta.com\/es\/#organization","name":"Ruben Galarreta","url":"https:\/\/www.rubengalarreta.com\/es\/","logo":{"@type":"ImageObject","inLanguage":"es","@id":"https:\/\/www.rubengalarreta.com\/es\/#\/schema\/logo\/image\/","url":"https:\/\/www.rubengalarreta.com\/wp-content\/uploads\/2019\/10\/rubengalarreta-menswear.jpg","contentUrl":"https:\/\/www.rubengalarreta.com\/wp-content\/uploads\/2019\/10\/rubengalarreta-menswear.jpg","width":1141,"height":146,"caption":"Ruben Galarreta"},"image":{"@id":"https:\/\/www.rubengalarreta.com\/es\/#\/schema\/logo\/image\/"}}]}},"_links":{"self":[{"href":"https:\/\/www.rubengalarreta.com\/es\/wp-json\/wp\/v2\/product\/58522","targetHints":{"allow":["GET"]}}],"collection":[{"href":"https:\/\/www.rubengalarreta.com\/es\/wp-json\/wp\/v2\/product"}],"about":[{"href":"https:\/\/www.rubengalarreta.com\/es\/wp-json\/wp\/v2\/types\/product"}],"replies":[{"embeddable":true,"href":"https:\/\/www.rubengalarreta.com\/es\/wp-json\/wp\/v2\/comments?post=58522"}],"wp:featuredmedia":[{"embeddable":true,"href":"https:\/\/www.rubengalarreta.com\/es\/wp-json\/wp\/v2\/media\/58605"}],"wp:attachment":[{"href":"https:\/\/www.rubengalarreta.com\/es\/wp-json\/wp\/v2\/media?parent=58522"}],"wp:term":[{"taxonomy":"product_brand","embeddable":true,"href":"https:\/\/www.rubengalarreta.com\/es\/wp-json\/wp\/v2\/product_brand?post=58522"},{"taxonomy":"product_cat","embeddable":true,"href":"https:\/\/www.rubengalarreta.com\/es\/wp-json\/wp\/v2\/product_cat?post=58522"},{"taxonomy":"product_tag","embeddable":true,"href":"https:\/\/www.rubengalarreta.com\/es\/wp-json\/wp\/v2\/product_tag?post=58522"}],"curies":[{"name":"wp","href":"https:\/\/api.w.org\/{rel}","templated":true}]}}