{"id":58501,"date":"2020-10-06T19:02:57","date_gmt":"2020-10-06T17:02:58","guid":{"rendered":"https:\/\/www.rubengalarreta.com\/?post_type=product&#038;p=58501"},"modified":"2026-01-24T20:21:33","modified_gmt":"2026-01-24T19:21:33","slug":"jogger-encaje-negro-dark-roses","status":"publish","type":"product","link":"https:\/\/www.rubengalarreta.com\/es\/product\/man-es\/encaje-rosas-negras-dark-roses\/jogger-encaje-negro-dark-roses\/","title":{"rendered":"JOGGER ENCAJE NEGRO DARK ROSES"},"content":{"rendered":"<p><b>JOGGER ENCAJE NEGRO DARK ROSES<\/b><\/p>\n<table style=\"height: 183px; width: 100%; border-collapse: collapse; border-style: hidden;\">\n<tbody>\n<tr valign=\"TOP\">\n<td style=\"width: 49.8998%; border-style: hidden;\" width=\"293\" height=\"19\"><span style=\"color: #000000;\"><span style=\"font-family: trebuchet ms, serif;\"><b>DETALLE DE PRODUCTO:<br \/>\n<\/b><\/span><\/span><span style=\"color: #999999;\"><span style=\"font-family: trebuchet ms, serif;\">-Encaje negro dise\u00f1o floral 100% poly<\/span><\/span><br \/>\n<span style=\"color: #999999;\"><span style=\"font-family: trebuchet ms, serif;\">-Cinturilla 100% algod\u00f3n y el\u00e1stico interior<\/span><\/span><br \/>\n<span style=\"color: #999999;\"><span style=\"font-family: trebuchet ms, serif;\">-El\u00e1stico tobillo Rub\u00e9n Galarreta<\/span><\/span><\/td>\n<td style=\"width: 50.1002%; border-style: hidden;\" width=\"293\"><span style=\"color: #000000;\"><span style=\"font-family: trebuchet ms, serif;\"><b>TALLA:<br \/>\n<\/b><\/span><\/span><span style=\"color: #999999;\"><span style=\"font-family: trebuchet ms, serif;\">-Regular Fit<\/span><\/span><\/td>\n<\/tr>\n<tr valign=\"TOP\">\n<td style=\"width: 49.8998%; border-style: hidden;\" width=\"293\" height=\"19\"><span style=\"color: #000000;\"><span style=\"font-family: trebuchet ms, serif;\"><b>CUIDADOS:<br \/>\n<\/b><\/span><\/span><span style=\"color: #999999;\"><span style=\"font-family: trebuchet ms, serif;\">-Lavado a m\u00e1quina seg\u00fan las instrucciones de cuidado de la etiqueta y planchado a baja temperatura<\/span><\/span><\/td>\n<td style=\"width: 50.1002%; border-style: hidden;\" width=\"293\"><span style=\"color: #000000;\"><span style=\"font-family: trebuchet ms, serif;\"><b>MEDIDAS MODELO:<br \/>\n<\/b><\/span><\/span><span style=\"color: #999999;\"><span style=\"font-family: trebuchet ms, serif;\">-Altura: 178cm<br \/>\n-El modelo usa talla M<\/span><\/span><\/td>\n<\/tr>\n<\/tbody>\n<\/table>\n<p><strong>DESCRIPCI\u00d3N<\/strong><\/p>\n<p><span style=\"font-weight: 400;\">Nuestro JOGGER DE ENCAJE NEGRO con dise\u00f1o floral pertenece a la colecci\u00f3n Dark Roses. Es un un pantal\u00f3n estilo jogger largo para hombre con bolsillos 100% algod\u00f3n negro. Cinturilla 100% algod\u00f3n negro y el\u00e1stico interior para aportar consistencia y ajustar la prenda a todo tipo de cuerpos de hombre. Los jogger de encaje est\u00e1n dise\u00f1ados en Espa\u00f1a por Rub\u00e9n Galarreta. Es una prenda ligera que aporta gran movilidad y comodidad gracias a su corte regular fit. Disponible en las tallas peque\u00f1a, mediana y grande.<\/span><\/p>\n<p><span style=\"font-weight: 400;\">Este jogger negro para hombre aporta gran elegancia a cualquier tipo de look gracias a su tejido de encaje con dise\u00f1o floral. Sin olvidar su dise\u00f1o informal que hace de ellos una prenda para llevar cualquier d\u00eda de la semana. Combinados con camisetas o sudaderas b\u00e1sicas el jogger de encaje negro de Rub\u00e9n Galarreta para hombre dar\u00e1 un toque trendy a cualquier outfit para el d\u00eda a d\u00eda. Sin embargo, combinados con camiseta blanca y zapatos para hombre de vestir ser\u00e1n la mejor elecci\u00f3n para tus ocasiones m\u00e1s especiales.<\/span><\/p>\n<p><span style=\"font-weight: 400;\">El jogger de encaje negro para hombre son una prenda exclusiva y vers\u00e1til de la firma Rub\u00e9n Galarreta que puedes podr\u00e1s lucir en todos tus eventos, aportando un toque sexy y distinto, a la vez que c\u00f3modo que reflejar\u00e1n tu gusto por la moda cada que los luzcas.\u00a0<\/span><\/p>\n<p>Para cuidar correctamente nuestro jogger de Rub\u00e9n Galarreta, recomendamos lavarlo a baja temperatura. No es necesario planchar, pero si lo prefieres puedes hacerlo tambi\u00e9n a baja temperatura.<\/p>\n<p><span style=\"font-weight: 400;\"><strong>CONSEJO DE ESTILISMO<\/strong><\/span><\/p>\n<p><span style=\"font-weight: 400;\">Siendo una prenda tan vers\u00e1til el JOGGER DE ENCAJE NEGRO puede ser combinado con diferentes tipos de prendas. Por ejemplo, con nuestra camiseta <\/span><a href=\"https:\/\/www.rubengalarreta.com\/es\/product\/man-es\/novedades\/muneca-sado-galaperra-camiseta\/\"><span style=\"font-weight: 400;\">MU\u00d1ECA SADO GALAPERRA <\/span><\/a><span style=\"font-weight: 400;\">para crear un look para hombre urbano y sport. Tambi\u00e9n con nuestro <\/span><a href=\"https:\/\/www.rubengalarreta.com\/es\/product\/man-es\/accessories-m-es\/black-galarreta-harness-top\/\"><span style=\"font-weight: 400;\">TAPE HARNESS TOP<\/span><\/a><span style=\"font-weight: 400;\"> para una combinaci\u00f3n m\u00e1s atrevida y sexy.<\/span><\/p>\n","protected":false},"excerpt":{"rendered":"<p><span style=\"color: #000000;\"><b>JOGGER ENCAJE NEGRO DARK ROSES<\/b><\/span><\/p>\n<p>Un pantal\u00f3n estilo jogger <span style=\"font-weight: 400;\">que aporta gran movilidad y comodidad gracias a su corte regular fit. Una prenda para hombres muy ligera, que se adapta a todo tipo de cuerpos.<\/span><\/p>\n","protected":false},"featured_media":82172,"comment_status":"closed","ping_status":"closed","template":"","meta":{"_monsterinsights_skip_tracking":false,"_monsterinsights_sitenote_active":false,"_monsterinsights_sitenote_note":"","_monsterinsights_sitenote_category":0},"product_brand":[],"product_cat":[5749],"product_tag":[2169],"class_list":{"0":"post-58501","1":"product","2":"type-product","3":"status-publish","4":"has-post-thumbnail","6":"product_cat-encaje-rosas-negras-dark-roses","7":"product_tag-pantalones-shorts","9":"first","10":"instock","11":"sale","12":"taxable","13":"shipping-taxable","14":"purchasable","15":"product-type-variable","16":"has-default-attributes"},"yoast_head":"<!-- This site is optimized with the Yoast SEO plugin v27.4 - https:\/\/yoast.com\/product\/yoast-seo-wordpress\/ -->\n<title>JOGGER ENCAJE NEGRO DARK ROSES. RUB\u00c9N GALARRETA<\/title>\n<meta name=\"description\" content=\"Jogger de encaje negro de la colecci\u00f3n Dark Roses. Dise\u00f1ado por Rub\u00e9n Galarreta en Espa\u00f1a. Compra on line en nuestra web.\" \/>\n<meta name=\"robots\" content=\"index, follow, max-snippet:-1, max-image-preview:large, max-video-preview:-1\" \/>\n<link rel=\"canonical\" href=\"https:\/\/www.rubengalarreta.com\/es\/product\/man-es\/encaje-rosas-negras-dark-roses\/jogger-encaje-negro-dark-roses\/\" \/>\n<meta property=\"og:locale\" content=\"es_ES\" \/>\n<meta property=\"og:type\" content=\"article\" \/>\n<meta property=\"og:title\" content=\"JOGGER ENCAJE NEGRO DARK ROSES. RUB\u00c9N GALARRETA\" \/>\n<meta property=\"og:description\" content=\"Jogger de encaje negro de la colecci\u00f3n Dark Roses. Dise\u00f1ado por Rub\u00e9n Galarreta en Espa\u00f1a. Compra on line en nuestra web.\" \/>\n<meta property=\"og:url\" content=\"https:\/\/www.rubengalarreta.com\/es\/product\/man-es\/encaje-rosas-negras-dark-roses\/jogger-encaje-negro-dark-roses\/\" \/>\n<meta property=\"og:site_name\" content=\"Ruben Galarreta\" \/>\n<meta property=\"article:modified_time\" content=\"2026-01-24T19:21:33+00:00\" \/>\n<meta property=\"og:image\" content=\"https:\/\/www.rubengalarreta.com\/wp-content\/uploads\/2020\/10\/ruben-galarreta-jogger-lace-dark-roses-front.jpg\" \/>\n\t<meta property=\"og:image:width\" content=\"704\" \/>\n\t<meta property=\"og:image:height\" content=\"1000\" \/>\n\t<meta property=\"og:image:type\" content=\"image\/jpeg\" \/>\n<meta name=\"twitter:card\" content=\"summary_large_image\" \/>\n<meta name=\"twitter:label1\" content=\"Tiempo de lectura\" \/>\n\t<meta name=\"twitter:data1\" content=\"2 minutos\" \/>\n<script type=\"application\/ld+json\" class=\"yoast-schema-graph\">{\"@context\":\"https:\\\/\\\/schema.org\",\"@graph\":[{\"@type\":\"WebPage\",\"@id\":\"https:\\\/\\\/www.rubengalarreta.com\\\/es\\\/product\\\/man-es\\\/encaje-rosas-negras-dark-roses\\\/jogger-encaje-negro-dark-roses\\\/\",\"url\":\"https:\\\/\\\/www.rubengalarreta.com\\\/es\\\/product\\\/man-es\\\/encaje-rosas-negras-dark-roses\\\/jogger-encaje-negro-dark-roses\\\/\",\"name\":\"JOGGER ENCAJE NEGRO DARK ROSES. RUB\u00c9N GALARRETA\",\"isPartOf\":{\"@id\":\"https:\\\/\\\/www.rubengalarreta.com\\\/es\\\/#website\"},\"primaryImageOfPage\":{\"@id\":\"https:\\\/\\\/www.rubengalarreta.com\\\/es\\\/product\\\/man-es\\\/encaje-rosas-negras-dark-roses\\\/jogger-encaje-negro-dark-roses\\\/#primaryimage\"},\"image\":{\"@id\":\"https:\\\/\\\/www.rubengalarreta.com\\\/es\\\/product\\\/man-es\\\/encaje-rosas-negras-dark-roses\\\/jogger-encaje-negro-dark-roses\\\/#primaryimage\"},\"thumbnailUrl\":\"https:\\\/\\\/www.rubengalarreta.com\\\/wp-content\\\/uploads\\\/2020\\\/10\\\/ruben-galarreta-jogger-lace-dark-roses-front.jpg\",\"datePublished\":\"2020-10-06T17:02:58+00:00\",\"dateModified\":\"2026-01-24T19:21:33+00:00\",\"description\":\"Jogger de encaje negro de la colecci\u00f3n Dark Roses. Dise\u00f1ado por Rub\u00e9n Galarreta en Espa\u00f1a. Compra on line en nuestra web.\",\"breadcrumb\":{\"@id\":\"https:\\\/\\\/www.rubengalarreta.com\\\/es\\\/product\\\/man-es\\\/encaje-rosas-negras-dark-roses\\\/jogger-encaje-negro-dark-roses\\\/#breadcrumb\"},\"inLanguage\":\"es\",\"potentialAction\":[{\"@type\":\"ReadAction\",\"target\":[\"https:\\\/\\\/www.rubengalarreta.com\\\/es\\\/product\\\/man-es\\\/encaje-rosas-negras-dark-roses\\\/jogger-encaje-negro-dark-roses\\\/\"]}]},{\"@type\":\"ImageObject\",\"inLanguage\":\"es\",\"@id\":\"https:\\\/\\\/www.rubengalarreta.com\\\/es\\\/product\\\/man-es\\\/encaje-rosas-negras-dark-roses\\\/jogger-encaje-negro-dark-roses\\\/#primaryimage\",\"url\":\"https:\\\/\\\/www.rubengalarreta.com\\\/wp-content\\\/uploads\\\/2020\\\/10\\\/ruben-galarreta-jogger-lace-dark-roses-front.jpg\",\"contentUrl\":\"https:\\\/\\\/www.rubengalarreta.com\\\/wp-content\\\/uploads\\\/2020\\\/10\\\/ruben-galarreta-jogger-lace-dark-roses-front.jpg\",\"width\":704,\"height\":1000},{\"@type\":\"BreadcrumbList\",\"@id\":\"https:\\\/\\\/www.rubengalarreta.com\\\/es\\\/product\\\/man-es\\\/encaje-rosas-negras-dark-roses\\\/jogger-encaje-negro-dark-roses\\\/#breadcrumb\",\"itemListElement\":[{\"@type\":\"ListItem\",\"position\":1,\"name\":\"Home\",\"item\":\"https:\\\/\\\/www.rubengalarreta.com\\\/es\\\/\"},{\"@type\":\"ListItem\",\"position\":2,\"name\":\"Tienda Online\",\"item\":\"https:\\\/\\\/www.rubengalarreta.com\\\/es\\\/tienda-2\\\/\"},{\"@type\":\"ListItem\",\"position\":3,\"name\":\"JOGGER ENCAJE NEGRO DARK ROSES\"}]},{\"@type\":\"WebSite\",\"@id\":\"https:\\\/\\\/www.rubengalarreta.com\\\/es\\\/#website\",\"url\":\"https:\\\/\\\/www.rubengalarreta.com\\\/es\\\/\",\"name\":\"Ruben Galarreta\",\"description\":\"Hot Couture | Online Store\",\"publisher\":{\"@id\":\"https:\\\/\\\/www.rubengalarreta.com\\\/es\\\/#organization\"},\"potentialAction\":[{\"@type\":\"SearchAction\",\"target\":{\"@type\":\"EntryPoint\",\"urlTemplate\":\"https:\\\/\\\/www.rubengalarreta.com\\\/es\\\/?s={search_term_string}\"},\"query-input\":{\"@type\":\"PropertyValueSpecification\",\"valueRequired\":true,\"valueName\":\"search_term_string\"}}],\"inLanguage\":\"es\"},{\"@type\":\"Organization\",\"@id\":\"https:\\\/\\\/www.rubengalarreta.com\\\/es\\\/#organization\",\"name\":\"Ruben Galarreta\",\"url\":\"https:\\\/\\\/www.rubengalarreta.com\\\/es\\\/\",\"logo\":{\"@type\":\"ImageObject\",\"inLanguage\":\"es\",\"@id\":\"https:\\\/\\\/www.rubengalarreta.com\\\/es\\\/#\\\/schema\\\/logo\\\/image\\\/\",\"url\":\"https:\\\/\\\/www.rubengalarreta.com\\\/wp-content\\\/uploads\\\/2019\\\/10\\\/rubengalarreta-menswear.jpg\",\"contentUrl\":\"https:\\\/\\\/www.rubengalarreta.com\\\/wp-content\\\/uploads\\\/2019\\\/10\\\/rubengalarreta-menswear.jpg\",\"width\":1141,\"height\":146,\"caption\":\"Ruben Galarreta\"},\"image\":{\"@id\":\"https:\\\/\\\/www.rubengalarreta.com\\\/es\\\/#\\\/schema\\\/logo\\\/image\\\/\"}}]}<\/script>\n<!-- \/ Yoast SEO plugin. -->","yoast_head_json":{"title":"JOGGER ENCAJE NEGRO DARK ROSES. RUB\u00c9N GALARRETA","description":"Jogger de encaje negro de la colecci\u00f3n Dark Roses. Dise\u00f1ado por Rub\u00e9n Galarreta en Espa\u00f1a. Compra on line en nuestra web.","robots":{"index":"index","follow":"follow","max-snippet":"max-snippet:-1","max-image-preview":"max-image-preview:large","max-video-preview":"max-video-preview:-1"},"canonical":"https:\/\/www.rubengalarreta.com\/es\/product\/man-es\/encaje-rosas-negras-dark-roses\/jogger-encaje-negro-dark-roses\/","og_locale":"es_ES","og_type":"article","og_title":"JOGGER ENCAJE NEGRO DARK ROSES. RUB\u00c9N GALARRETA","og_description":"Jogger de encaje negro de la colecci\u00f3n Dark Roses. Dise\u00f1ado por Rub\u00e9n Galarreta en Espa\u00f1a. Compra on line en nuestra web.","og_url":"https:\/\/www.rubengalarreta.com\/es\/product\/man-es\/encaje-rosas-negras-dark-roses\/jogger-encaje-negro-dark-roses\/","og_site_name":"Ruben Galarreta","article_modified_time":"2026-01-24T19:21:33+00:00","og_image":[{"width":704,"height":1000,"url":"https:\/\/www.rubengalarreta.com\/wp-content\/uploads\/2020\/10\/ruben-galarreta-jogger-lace-dark-roses-front.jpg","type":"image\/jpeg"}],"twitter_card":"summary_large_image","twitter_misc":{"Tiempo de lectura":"2 minutos"},"schema":{"@context":"https:\/\/schema.org","@graph":[{"@type":"WebPage","@id":"https:\/\/www.rubengalarreta.com\/es\/product\/man-es\/encaje-rosas-negras-dark-roses\/jogger-encaje-negro-dark-roses\/","url":"https:\/\/www.rubengalarreta.com\/es\/product\/man-es\/encaje-rosas-negras-dark-roses\/jogger-encaje-negro-dark-roses\/","name":"JOGGER ENCAJE NEGRO DARK ROSES. RUB\u00c9N GALARRETA","isPartOf":{"@id":"https:\/\/www.rubengalarreta.com\/es\/#website"},"primaryImageOfPage":{"@id":"https:\/\/www.rubengalarreta.com\/es\/product\/man-es\/encaje-rosas-negras-dark-roses\/jogger-encaje-negro-dark-roses\/#primaryimage"},"image":{"@id":"https:\/\/www.rubengalarreta.com\/es\/product\/man-es\/encaje-rosas-negras-dark-roses\/jogger-encaje-negro-dark-roses\/#primaryimage"},"thumbnailUrl":"https:\/\/www.rubengalarreta.com\/wp-content\/uploads\/2020\/10\/ruben-galarreta-jogger-lace-dark-roses-front.jpg","datePublished":"2020-10-06T17:02:58+00:00","dateModified":"2026-01-24T19:21:33+00:00","description":"Jogger de encaje negro de la colecci\u00f3n Dark Roses. Dise\u00f1ado por Rub\u00e9n Galarreta en Espa\u00f1a. Compra on line en nuestra web.","breadcrumb":{"@id":"https:\/\/www.rubengalarreta.com\/es\/product\/man-es\/encaje-rosas-negras-dark-roses\/jogger-encaje-negro-dark-roses\/#breadcrumb"},"inLanguage":"es","potentialAction":[{"@type":"ReadAction","target":["https:\/\/www.rubengalarreta.com\/es\/product\/man-es\/encaje-rosas-negras-dark-roses\/jogger-encaje-negro-dark-roses\/"]}]},{"@type":"ImageObject","inLanguage":"es","@id":"https:\/\/www.rubengalarreta.com\/es\/product\/man-es\/encaje-rosas-negras-dark-roses\/jogger-encaje-negro-dark-roses\/#primaryimage","url":"https:\/\/www.rubengalarreta.com\/wp-content\/uploads\/2020\/10\/ruben-galarreta-jogger-lace-dark-roses-front.jpg","contentUrl":"https:\/\/www.rubengalarreta.com\/wp-content\/uploads\/2020\/10\/ruben-galarreta-jogger-lace-dark-roses-front.jpg","width":704,"height":1000},{"@type":"BreadcrumbList","@id":"https:\/\/www.rubengalarreta.com\/es\/product\/man-es\/encaje-rosas-negras-dark-roses\/jogger-encaje-negro-dark-roses\/#breadcrumb","itemListElement":[{"@type":"ListItem","position":1,"name":"Home","item":"https:\/\/www.rubengalarreta.com\/es\/"},{"@type":"ListItem","position":2,"name":"Tienda Online","item":"https:\/\/www.rubengalarreta.com\/es\/tienda-2\/"},{"@type":"ListItem","position":3,"name":"JOGGER ENCAJE NEGRO DARK ROSES"}]},{"@type":"WebSite","@id":"https:\/\/www.rubengalarreta.com\/es\/#website","url":"https:\/\/www.rubengalarreta.com\/es\/","name":"Ruben Galarreta","description":"Hot Couture | Online Store","publisher":{"@id":"https:\/\/www.rubengalarreta.com\/es\/#organization"},"potentialAction":[{"@type":"SearchAction","target":{"@type":"EntryPoint","urlTemplate":"https:\/\/www.rubengalarreta.com\/es\/?s={search_term_string}"},"query-input":{"@type":"PropertyValueSpecification","valueRequired":true,"valueName":"search_term_string"}}],"inLanguage":"es"},{"@type":"Organization","@id":"https:\/\/www.rubengalarreta.com\/es\/#organization","name":"Ruben Galarreta","url":"https:\/\/www.rubengalarreta.com\/es\/","logo":{"@type":"ImageObject","inLanguage":"es","@id":"https:\/\/www.rubengalarreta.com\/es\/#\/schema\/logo\/image\/","url":"https:\/\/www.rubengalarreta.com\/wp-content\/uploads\/2019\/10\/rubengalarreta-menswear.jpg","contentUrl":"https:\/\/www.rubengalarreta.com\/wp-content\/uploads\/2019\/10\/rubengalarreta-menswear.jpg","width":1141,"height":146,"caption":"Ruben Galarreta"},"image":{"@id":"https:\/\/www.rubengalarreta.com\/es\/#\/schema\/logo\/image\/"}}]}},"_links":{"self":[{"href":"https:\/\/www.rubengalarreta.com\/es\/wp-json\/wp\/v2\/product\/58501","targetHints":{"allow":["GET"]}}],"collection":[{"href":"https:\/\/www.rubengalarreta.com\/es\/wp-json\/wp\/v2\/product"}],"about":[{"href":"https:\/\/www.rubengalarreta.com\/es\/wp-json\/wp\/v2\/types\/product"}],"replies":[{"embeddable":true,"href":"https:\/\/www.rubengalarreta.com\/es\/wp-json\/wp\/v2\/comments?post=58501"}],"wp:featuredmedia":[{"embeddable":true,"href":"https:\/\/www.rubengalarreta.com\/es\/wp-json\/wp\/v2\/media\/82172"}],"wp:attachment":[{"href":"https:\/\/www.rubengalarreta.com\/es\/wp-json\/wp\/v2\/media?parent=58501"}],"wp:term":[{"taxonomy":"product_brand","embeddable":true,"href":"https:\/\/www.rubengalarreta.com\/es\/wp-json\/wp\/v2\/product_brand?post=58501"},{"taxonomy":"product_cat","embeddable":true,"href":"https:\/\/www.rubengalarreta.com\/es\/wp-json\/wp\/v2\/product_cat?post=58501"},{"taxonomy":"product_tag","embeddable":true,"href":"https:\/\/www.rubengalarreta.com\/es\/wp-json\/wp\/v2\/product_tag?post=58501"}],"curies":[{"name":"wp","href":"https:\/\/api.w.org\/{rel}","templated":true}]}}