{"id":58479,"date":"2020-10-06T18:55:34","date_gmt":"2020-10-06T16:55:35","guid":{"rendered":"https:\/\/www.rubengalarreta.com\/?post_type=product&#038;p=58479"},"modified":"2022-06-03T09:28:47","modified_gmt":"2022-06-03T07:28:47","slug":"camiseta-encaje-negro-dark-roses","status":"publish","type":"product","link":"https:\/\/www.rubengalarreta.com\/es\/product\/man-es\/encaje-rosas-negras-dark-roses\/camiseta-encaje-negro-dark-roses\/","title":{"rendered":"CAMISETA ENCAJE NEGRO DARK ROSES"},"content":{"rendered":"<p><span style=\"color: #000000;\"><b>CAMISETA ENCAJE NEGRO DARK ROSES<\/b><\/span><\/p>\n<table style=\"height: 183px; width: 100%; border-collapse: collapse; border-style: hidden;\">\n<tbody>\n<tr valign=\"TOP\">\n<td style=\"width: 49.8998%; border-style: hidden;\" width=\"293\" height=\"19\"><span style=\"color: #000000;\"><span style=\"font-family: trebuchet ms, serif;\"><b>DETALLES DE PRODUCTO:<br \/>\n<\/b><\/span><\/span><span style=\"color: #999999;\"><span style=\"font-family: trebuchet ms, serif;\">-Encaje negro dise\u00f1o floral 100% poly<\/span><\/span><br \/>\n<span style=\"color: #999999;\"><span style=\"font-family: trebuchet ms, serif;\">-Cuello cisne de algod\u00f3n suave<\/span><\/span><br \/>\n<span style=\"color: #999999;\"><span style=\"font-family: trebuchet ms, serif;\">-Manga corta<\/span><\/span><\/td>\n<td style=\"width: 50.1002%; border-style: hidden;\" width=\"293\"><span style=\"color: #000000;\"><span style=\"font-family: trebuchet ms, serif;\"><b>TALLA:<br \/>\n<\/b><\/span><\/span><span style=\"color: #999999;\"><span style=\"font-family: trebuchet ms, serif;\">-Regular Fit<\/span><\/span><\/td>\n<\/tr>\n<tr valign=\"TOP\">\n<td style=\"width: 49.8998%; border-style: hidden;\" width=\"293\" height=\"19\"><span style=\"color: #000000;\"><span style=\"font-family: trebuchet ms, serif;\"><b>CUIDADOS:<br \/>\n<\/b><\/span><\/span><span style=\"color: #999999;\"><span style=\"font-family: trebuchet ms, serif;\">-Lavado a m\u00e1quina seg\u00fan las instrucciones de cuidado de la etiqueta y planchado a baja temperatura<\/span><\/span><\/td>\n<td style=\"width: 50.1002%; border-style: hidden;\" width=\"293\"><span style=\"color: #000000;\"><span style=\"font-family: trebuchet ms, serif;\"><b>MEDIDAS MODELO:<br \/>\n<\/b><\/span><\/span><span style=\"color: #999999;\"><span style=\"font-family: trebuchet ms, serif;\">-Altura de modelo: 178<br \/>\n-El modelo usa talla M<\/span><\/span><\/td>\n<\/tr>\n<\/tbody>\n<\/table>\n<h4><strong>DESCRIPCI\u00d3N<\/strong><\/h4>\n<p>Nuestra CAMISETA DE ENCAJE NEGRO CON DISE\u00d1O FLORAL para hombre es una camiseta de manga corta con el cuello el\u00e1stico. Una camiseta para hombre muy c\u00f3moda porque tiene un fit regular que permite una gran movilidad. Dise\u00f1ada en Espa\u00f1a por Rub\u00e9n Galarreta. Est\u00e1 disponible en tres tallas: peque\u00f1a, mediana y grande.<\/p>\n<p>Primero de todo, esta prenda es muy elegante gracias a su tejido de encaje y los dibujos florales que lleva. Adem\u00e1s, es una camiseta para hombre muy sexy, que puedes llevar en fiestas y que aportar\u00e1n un toque exquisito a tu look. Esta camiseta de encaje negro destaca por su dise\u00f1o exclusivo de Rub\u00e9n Galarreta, y cuando la llevas demuestras tu gusto por la moda.<\/p>\n<p>Es una camiseta de encaje negro para hombres exclusiva que puedes ponerte en todos tus eventos porque es muy sexy y muy c\u00f3moda. Tambi\u00e9n en la discoteca con un par de vaqueros negros para llamar la atenci\u00f3n de todos.<\/p>\n<p>Para cuidar correctamente la prenda, recomendamos lavarlo a baja temperatura. No es necesario planchar, pero si lo prefieres puedes hacerlo tambi\u00e9n a baja temperatura.<\/p>\n<h4><strong>CONSEJOS DE ESTILISMO<\/strong><\/h4>\n<div>La CAMISETA DE ENCAJE NEGRO DARK ROSES para hombre combina perfectamente con nuestro <a href=\"https:\/\/www.rubengalarreta.com\/es\/product\/man-es\/excess-black-short-strapped-pants\/\">EXCESS BLACK SHORT STRAPPED PANTS<\/a> para crear un look para hombre atrevido y elegante. Tambi\u00e9n con nuestro <a href=\"https:\/\/www.rubengalarreta.com\/es\/product\/man-es\/accesorios\/bolso-de-mano-negro-de-piel-vegana\/\">BOLSO DE MANO DE PIEL VEGANA<\/a>.<\/div>\n<div><\/div>\n<div>Y si lo que quieres es un total look para hombre, tienes nuestros LEGGINS BLACK ROSES LACE o los PANTALONES DE ENCAJE BLACK ROSES. As\u00ed podr\u00e1s llevar toda la colecci\u00f3n LACE BLACK ROSE y sentirte el m\u00e1s sexy de la fiesta.<\/div>\n","protected":false},"excerpt":{"rendered":"<p><span style=\"color: #000000;\"><b>CAMISETA DE ENCAJE NEGRO BLACK ROSES<\/b><\/span><\/p>\n<p>Una<span style=\"font-size: 14.4px;\"> prenda muy sexy y elegante. Es una camiseta en color negro muy c\u00f3moda porque permite mucha movilidad porque tiene corte regular fit. Una camiseta para hombre exclusiva de Rub\u00e9n Galarreta dise\u00f1ada en Espa\u00f1a.<\/span><\/p>\n","protected":false},"featured_media":58577,"comment_status":"closed","ping_status":"closed","template":"","meta":{"_monsterinsights_skip_tracking":false,"_monsterinsights_sitenote_active":false,"_monsterinsights_sitenote_note":"","_monsterinsights_sitenote_category":0},"product_brand":[],"product_cat":[5749],"product_tag":[2171],"class_list":{"0":"post-58479","1":"product","2":"type-product","3":"status-publish","4":"has-post-thumbnail","6":"product_cat-encaje-rosas-negras-dark-roses","7":"product_tag-camisetas-y-tops","9":"first","10":"outofstock","11":"sale","12":"taxable","13":"shipping-taxable","14":"purchasable","15":"product-type-variable","16":"has-default-attributes"},"yoast_head":"<!-- This site is optimized with the Yoast SEO plugin v27.5 - https:\/\/yoast.com\/product\/yoast-seo-wordpress\/ -->\n<title>CAMISETA ENCAJE NEGRO DARK ROSES - Ruben Galarreta Tienda<\/title>\n<meta name=\"description\" content=\"Camiseta de encaje negro de la colecci\u00f3n Black Roses. Dise\u00f1ada en exclusiva por Rub\u00e9n Galarreta en Espa\u00f1a. Compra online en nuestra web.\" \/>\n<meta name=\"robots\" content=\"index, follow, max-snippet:-1, max-image-preview:large, max-video-preview:-1\" \/>\n<link rel=\"canonical\" href=\"https:\/\/www.rubengalarreta.com\/es\/product\/man-es\/encaje-rosas-negras-dark-roses\/camiseta-encaje-negro-dark-roses\/\" \/>\n<meta property=\"og:locale\" content=\"es_ES\" \/>\n<meta property=\"og:type\" content=\"article\" \/>\n<meta property=\"og:title\" content=\"CAMISETA ENCAJE NEGRO DARK ROSES - Ruben Galarreta Tienda\" \/>\n<meta property=\"og:description\" content=\"Camiseta de encaje negro de la colecci\u00f3n Black Roses. Dise\u00f1ada en exclusiva por Rub\u00e9n Galarreta en Espa\u00f1a. Compra online en nuestra web.\" \/>\n<meta property=\"og:url\" content=\"https:\/\/www.rubengalarreta.com\/es\/product\/man-es\/encaje-rosas-negras-dark-roses\/camiseta-encaje-negro-dark-roses\/\" \/>\n<meta property=\"og:site_name\" content=\"Ruben Galarreta\" \/>\n<meta property=\"article:modified_time\" content=\"2022-06-03T07:28:47+00:00\" \/>\n<meta property=\"og:image\" content=\"https:\/\/www.rubengalarreta.com\/wp-content\/uploads\/2020\/10\/ruben-galarreta-tee-lace-dark-roses-front-min.jpg\" \/>\n\t<meta property=\"og:image:width\" content=\"704\" \/>\n\t<meta property=\"og:image:height\" content=\"1000\" \/>\n\t<meta property=\"og:image:type\" content=\"image\/jpeg\" \/>\n<meta name=\"twitter:card\" content=\"summary_large_image\" \/>\n<meta name=\"twitter:label1\" content=\"Tiempo de lectura\" \/>\n\t<meta name=\"twitter:data1\" content=\"2 minutos\" \/>\n<script type=\"application\/ld+json\" class=\"yoast-schema-graph\">{\"@context\":\"https:\\\/\\\/schema.org\",\"@graph\":[{\"@type\":\"WebPage\",\"@id\":\"https:\\\/\\\/www.rubengalarreta.com\\\/es\\\/product\\\/man-es\\\/encaje-rosas-negras-dark-roses\\\/camiseta-encaje-negro-dark-roses\\\/\",\"url\":\"https:\\\/\\\/www.rubengalarreta.com\\\/es\\\/product\\\/man-es\\\/encaje-rosas-negras-dark-roses\\\/camiseta-encaje-negro-dark-roses\\\/\",\"name\":\"CAMISETA ENCAJE NEGRO DARK ROSES - Ruben Galarreta Tienda\",\"isPartOf\":{\"@id\":\"https:\\\/\\\/www.rubengalarreta.com\\\/es\\\/#website\"},\"primaryImageOfPage\":{\"@id\":\"https:\\\/\\\/www.rubengalarreta.com\\\/es\\\/product\\\/man-es\\\/encaje-rosas-negras-dark-roses\\\/camiseta-encaje-negro-dark-roses\\\/#primaryimage\"},\"image\":{\"@id\":\"https:\\\/\\\/www.rubengalarreta.com\\\/es\\\/product\\\/man-es\\\/encaje-rosas-negras-dark-roses\\\/camiseta-encaje-negro-dark-roses\\\/#primaryimage\"},\"thumbnailUrl\":\"https:\\\/\\\/www.rubengalarreta.com\\\/wp-content\\\/uploads\\\/2020\\\/10\\\/ruben-galarreta-tee-lace-dark-roses-front-min.jpg\",\"datePublished\":\"2020-10-06T16:55:35+00:00\",\"dateModified\":\"2022-06-03T07:28:47+00:00\",\"description\":\"Camiseta de encaje negro de la colecci\u00f3n Black Roses. Dise\u00f1ada en exclusiva por Rub\u00e9n Galarreta en Espa\u00f1a. Compra online en nuestra web.\",\"breadcrumb\":{\"@id\":\"https:\\\/\\\/www.rubengalarreta.com\\\/es\\\/product\\\/man-es\\\/encaje-rosas-negras-dark-roses\\\/camiseta-encaje-negro-dark-roses\\\/#breadcrumb\"},\"inLanguage\":\"es\",\"potentialAction\":[{\"@type\":\"ReadAction\",\"target\":[\"https:\\\/\\\/www.rubengalarreta.com\\\/es\\\/product\\\/man-es\\\/encaje-rosas-negras-dark-roses\\\/camiseta-encaje-negro-dark-roses\\\/\"]}]},{\"@type\":\"ImageObject\",\"inLanguage\":\"es\",\"@id\":\"https:\\\/\\\/www.rubengalarreta.com\\\/es\\\/product\\\/man-es\\\/encaje-rosas-negras-dark-roses\\\/camiseta-encaje-negro-dark-roses\\\/#primaryimage\",\"url\":\"https:\\\/\\\/www.rubengalarreta.com\\\/wp-content\\\/uploads\\\/2020\\\/10\\\/ruben-galarreta-tee-lace-dark-roses-front-min.jpg\",\"contentUrl\":\"https:\\\/\\\/www.rubengalarreta.com\\\/wp-content\\\/uploads\\\/2020\\\/10\\\/ruben-galarreta-tee-lace-dark-roses-front-min.jpg\",\"width\":704,\"height\":1000,\"caption\":\"camiseta transparencias rosas negras gay\"},{\"@type\":\"BreadcrumbList\",\"@id\":\"https:\\\/\\\/www.rubengalarreta.com\\\/es\\\/product\\\/man-es\\\/encaje-rosas-negras-dark-roses\\\/camiseta-encaje-negro-dark-roses\\\/#breadcrumb\",\"itemListElement\":[{\"@type\":\"ListItem\",\"position\":1,\"name\":\"Home\",\"item\":\"https:\\\/\\\/www.rubengalarreta.com\\\/es\\\/\"},{\"@type\":\"ListItem\",\"position\":2,\"name\":\"Tienda Online\",\"item\":\"https:\\\/\\\/www.rubengalarreta.com\\\/es\\\/tienda-2\\\/\"},{\"@type\":\"ListItem\",\"position\":3,\"name\":\"CAMISETA ENCAJE NEGRO DARK ROSES\"}]},{\"@type\":\"WebSite\",\"@id\":\"https:\\\/\\\/www.rubengalarreta.com\\\/es\\\/#website\",\"url\":\"https:\\\/\\\/www.rubengalarreta.com\\\/es\\\/\",\"name\":\"Ruben Galarreta\",\"description\":\"Hot Couture | Online Store\",\"publisher\":{\"@id\":\"https:\\\/\\\/www.rubengalarreta.com\\\/es\\\/#organization\"},\"potentialAction\":[{\"@type\":\"SearchAction\",\"target\":{\"@type\":\"EntryPoint\",\"urlTemplate\":\"https:\\\/\\\/www.rubengalarreta.com\\\/es\\\/?s={search_term_string}\"},\"query-input\":{\"@type\":\"PropertyValueSpecification\",\"valueRequired\":true,\"valueName\":\"search_term_string\"}}],\"inLanguage\":\"es\"},{\"@type\":\"Organization\",\"@id\":\"https:\\\/\\\/www.rubengalarreta.com\\\/es\\\/#organization\",\"name\":\"Ruben Galarreta\",\"url\":\"https:\\\/\\\/www.rubengalarreta.com\\\/es\\\/\",\"logo\":{\"@type\":\"ImageObject\",\"inLanguage\":\"es\",\"@id\":\"https:\\\/\\\/www.rubengalarreta.com\\\/es\\\/#\\\/schema\\\/logo\\\/image\\\/\",\"url\":\"https:\\\/\\\/www.rubengalarreta.com\\\/wp-content\\\/uploads\\\/2019\\\/10\\\/rubengalarreta-menswear.jpg\",\"contentUrl\":\"https:\\\/\\\/www.rubengalarreta.com\\\/wp-content\\\/uploads\\\/2019\\\/10\\\/rubengalarreta-menswear.jpg\",\"width\":1141,\"height\":146,\"caption\":\"Ruben Galarreta\"},\"image\":{\"@id\":\"https:\\\/\\\/www.rubengalarreta.com\\\/es\\\/#\\\/schema\\\/logo\\\/image\\\/\"}}]}<\/script>\n<!-- \/ Yoast SEO plugin. -->","yoast_head_json":{"title":"CAMISETA ENCAJE NEGRO DARK ROSES - Ruben Galarreta Tienda","description":"Camiseta de encaje negro de la colecci\u00f3n Black Roses. Dise\u00f1ada en exclusiva por Rub\u00e9n Galarreta en Espa\u00f1a. Compra online en nuestra web.","robots":{"index":"index","follow":"follow","max-snippet":"max-snippet:-1","max-image-preview":"max-image-preview:large","max-video-preview":"max-video-preview:-1"},"canonical":"https:\/\/www.rubengalarreta.com\/es\/product\/man-es\/encaje-rosas-negras-dark-roses\/camiseta-encaje-negro-dark-roses\/","og_locale":"es_ES","og_type":"article","og_title":"CAMISETA ENCAJE NEGRO DARK ROSES - Ruben Galarreta Tienda","og_description":"Camiseta de encaje negro de la colecci\u00f3n Black Roses. Dise\u00f1ada en exclusiva por Rub\u00e9n Galarreta en Espa\u00f1a. Compra online en nuestra web.","og_url":"https:\/\/www.rubengalarreta.com\/es\/product\/man-es\/encaje-rosas-negras-dark-roses\/camiseta-encaje-negro-dark-roses\/","og_site_name":"Ruben Galarreta","article_modified_time":"2022-06-03T07:28:47+00:00","og_image":[{"width":704,"height":1000,"url":"https:\/\/www.rubengalarreta.com\/wp-content\/uploads\/2020\/10\/ruben-galarreta-tee-lace-dark-roses-front-min.jpg","type":"image\/jpeg"}],"twitter_card":"summary_large_image","twitter_misc":{"Tiempo de lectura":"2 minutos"},"schema":{"@context":"https:\/\/schema.org","@graph":[{"@type":"WebPage","@id":"https:\/\/www.rubengalarreta.com\/es\/product\/man-es\/encaje-rosas-negras-dark-roses\/camiseta-encaje-negro-dark-roses\/","url":"https:\/\/www.rubengalarreta.com\/es\/product\/man-es\/encaje-rosas-negras-dark-roses\/camiseta-encaje-negro-dark-roses\/","name":"CAMISETA ENCAJE NEGRO DARK ROSES - Ruben Galarreta Tienda","isPartOf":{"@id":"https:\/\/www.rubengalarreta.com\/es\/#website"},"primaryImageOfPage":{"@id":"https:\/\/www.rubengalarreta.com\/es\/product\/man-es\/encaje-rosas-negras-dark-roses\/camiseta-encaje-negro-dark-roses\/#primaryimage"},"image":{"@id":"https:\/\/www.rubengalarreta.com\/es\/product\/man-es\/encaje-rosas-negras-dark-roses\/camiseta-encaje-negro-dark-roses\/#primaryimage"},"thumbnailUrl":"https:\/\/www.rubengalarreta.com\/wp-content\/uploads\/2020\/10\/ruben-galarreta-tee-lace-dark-roses-front-min.jpg","datePublished":"2020-10-06T16:55:35+00:00","dateModified":"2022-06-03T07:28:47+00:00","description":"Camiseta de encaje negro de la colecci\u00f3n Black Roses. Dise\u00f1ada en exclusiva por Rub\u00e9n Galarreta en Espa\u00f1a. Compra online en nuestra web.","breadcrumb":{"@id":"https:\/\/www.rubengalarreta.com\/es\/product\/man-es\/encaje-rosas-negras-dark-roses\/camiseta-encaje-negro-dark-roses\/#breadcrumb"},"inLanguage":"es","potentialAction":[{"@type":"ReadAction","target":["https:\/\/www.rubengalarreta.com\/es\/product\/man-es\/encaje-rosas-negras-dark-roses\/camiseta-encaje-negro-dark-roses\/"]}]},{"@type":"ImageObject","inLanguage":"es","@id":"https:\/\/www.rubengalarreta.com\/es\/product\/man-es\/encaje-rosas-negras-dark-roses\/camiseta-encaje-negro-dark-roses\/#primaryimage","url":"https:\/\/www.rubengalarreta.com\/wp-content\/uploads\/2020\/10\/ruben-galarreta-tee-lace-dark-roses-front-min.jpg","contentUrl":"https:\/\/www.rubengalarreta.com\/wp-content\/uploads\/2020\/10\/ruben-galarreta-tee-lace-dark-roses-front-min.jpg","width":704,"height":1000,"caption":"camiseta transparencias rosas negras gay"},{"@type":"BreadcrumbList","@id":"https:\/\/www.rubengalarreta.com\/es\/product\/man-es\/encaje-rosas-negras-dark-roses\/camiseta-encaje-negro-dark-roses\/#breadcrumb","itemListElement":[{"@type":"ListItem","position":1,"name":"Home","item":"https:\/\/www.rubengalarreta.com\/es\/"},{"@type":"ListItem","position":2,"name":"Tienda Online","item":"https:\/\/www.rubengalarreta.com\/es\/tienda-2\/"},{"@type":"ListItem","position":3,"name":"CAMISETA ENCAJE NEGRO DARK ROSES"}]},{"@type":"WebSite","@id":"https:\/\/www.rubengalarreta.com\/es\/#website","url":"https:\/\/www.rubengalarreta.com\/es\/","name":"Ruben Galarreta","description":"Hot Couture | Online Store","publisher":{"@id":"https:\/\/www.rubengalarreta.com\/es\/#organization"},"potentialAction":[{"@type":"SearchAction","target":{"@type":"EntryPoint","urlTemplate":"https:\/\/www.rubengalarreta.com\/es\/?s={search_term_string}"},"query-input":{"@type":"PropertyValueSpecification","valueRequired":true,"valueName":"search_term_string"}}],"inLanguage":"es"},{"@type":"Organization","@id":"https:\/\/www.rubengalarreta.com\/es\/#organization","name":"Ruben Galarreta","url":"https:\/\/www.rubengalarreta.com\/es\/","logo":{"@type":"ImageObject","inLanguage":"es","@id":"https:\/\/www.rubengalarreta.com\/es\/#\/schema\/logo\/image\/","url":"https:\/\/www.rubengalarreta.com\/wp-content\/uploads\/2019\/10\/rubengalarreta-menswear.jpg","contentUrl":"https:\/\/www.rubengalarreta.com\/wp-content\/uploads\/2019\/10\/rubengalarreta-menswear.jpg","width":1141,"height":146,"caption":"Ruben Galarreta"},"image":{"@id":"https:\/\/www.rubengalarreta.com\/es\/#\/schema\/logo\/image\/"}}]}},"_links":{"self":[{"href":"https:\/\/www.rubengalarreta.com\/es\/wp-json\/wp\/v2\/product\/58479","targetHints":{"allow":["GET"]}}],"collection":[{"href":"https:\/\/www.rubengalarreta.com\/es\/wp-json\/wp\/v2\/product"}],"about":[{"href":"https:\/\/www.rubengalarreta.com\/es\/wp-json\/wp\/v2\/types\/product"}],"replies":[{"embeddable":true,"href":"https:\/\/www.rubengalarreta.com\/es\/wp-json\/wp\/v2\/comments?post=58479"}],"wp:featuredmedia":[{"embeddable":true,"href":"https:\/\/www.rubengalarreta.com\/es\/wp-json\/wp\/v2\/media\/58577"}],"wp:attachment":[{"href":"https:\/\/www.rubengalarreta.com\/es\/wp-json\/wp\/v2\/media?parent=58479"}],"wp:term":[{"taxonomy":"product_brand","embeddable":true,"href":"https:\/\/www.rubengalarreta.com\/es\/wp-json\/wp\/v2\/product_brand?post=58479"},{"taxonomy":"product_cat","embeddable":true,"href":"https:\/\/www.rubengalarreta.com\/es\/wp-json\/wp\/v2\/product_cat?post=58479"},{"taxonomy":"product_tag","embeddable":true,"href":"https:\/\/www.rubengalarreta.com\/es\/wp-json\/wp\/v2\/product_tag?post=58479"}],"curies":[{"name":"wp","href":"https:\/\/api.w.org\/{rel}","templated":true}]}}