{"id":58379,"date":"2020-10-05T20:30:11","date_gmt":"2020-10-05T18:30:12","guid":{"rendered":"https:\/\/www.rubengalarreta.com\/?post_type=product&#038;p=58379"},"modified":"2021-11-16T13:32:49","modified_gmt":"2021-11-16T12:32:49","slug":"camiseta-blanca-de-tirantes","status":"publish","type":"product","link":"https:\/\/www.rubengalarreta.com\/es\/product\/man-es\/gym-es\/camiseta-blanca-de-tirantes\/","title":{"rendered":"CAMISETA BLANCA DE TIRANTES"},"content":{"rendered":"<p><span style=\"color: #000000;\"><b>CAMISETA BLANCA DE TIRANTES<\/b><\/span><\/p>\n<table style=\"height: 183px; width: 100%; border-collapse: collapse; border-style: hidden;\">\n<tbody>\n<tr valign=\"TOP\">\n<td style=\"width: 49.8998%; border-style: hidden;\" width=\"293\" height=\"19\"><span style=\"color: #000000;\"><span style=\"font-family: trebuchet ms, serif;\"><b>DETALLES DE PRODUCTO:<br \/>\n<\/b><\/span><\/span><span style=\"color: #999999;\"><span style=\"font-family: trebuchet ms, serif;\">-100% algod\u00f3n<\/span><\/span><br \/>\n<span style=\"color: #999999;\"><span style=\"font-family: trebuchet ms, serif;\">-Color Blanco\u00a0<\/span><\/span><br \/>\n<span style=\"color: #999999;\"><span style=\"font-family: trebuchet ms, serif;\">-Sin Mangas con Abertura Grande<\/span><\/span><br \/>\n<span style=\"color: #999999;\"><span style=\"font-family: trebuchet ms, serif;\">-Cuello Abierto<\/span><\/span><\/td>\n<td style=\"width: 50.1002%; border-style: hidden;\" width=\"293\"><span style=\"color: #000000;\"><span style=\"font-family: trebuchet ms, serif;\"><b>TALLA:<br \/>\n<\/b><\/span><\/span><span style=\"color: #999999;\"><span style=\"font-family: trebuchet ms, serif;\">-Relaxed Fit<\/span><\/span><\/td>\n<\/tr>\n<tr valign=\"TOP\">\n<td style=\"width: 49.8998%; border-style: hidden;\" width=\"293\" height=\"19\"><span style=\"color: #000000;\"><span style=\"font-family: trebuchet ms, serif;\"><b>CUIDADOS:<br \/>\n<\/b><\/span><\/span><span style=\"color: #999999;\"><span style=\"font-family: trebuchet ms, serif;\">-Lavado a m\u00e1quina seg\u00fan las instrucciones de cuidado de la etiqueta y planchado al rev\u00e9s<\/span><\/span><\/td>\n<td style=\"width: 50.1002%; border-style: hidden;\" width=\"293\"><span style=\"color: #000000;\"><span style=\"font-family: trebuchet ms, serif;\"><b>MEDIDAS MODELO:<br \/>\n<\/b><\/span><\/span><span style=\"color: #999999;\"><span style=\"font-family: trebuchet ms, serif;\">-Altura de modelo: 175<br \/>\n-El modelo usa talla M<\/span><\/span><\/td>\n<\/tr>\n<\/tbody>\n<\/table>\n<h4><strong>Descripci\u00f3n:<\/strong><\/h4>\n<p>Esta CAMISETA BLANCA DE TIRANTES para hombre hecha de 100% algod\u00f3n. Es una camiseta muy suave, ligera, amplia y c\u00f3moda con un cuello redondo abierto y sin mangas con sisas abiertas. Adem\u00e1s, aparece el detalle del logo de Rub\u00e9n Galarreta. Es dise\u00f1ado por Rub\u00e9n Galarreta en Espa\u00f1a. Est\u00e1 disponible en tres tallas: peque\u00f1a, mediana y grande.<\/p>\n<p>Primero de todo, esta prenda es muy fresca y transpirable gracias al tejido de algod\u00f3n ligero y ajuste relajado. Adem\u00e1s, es una camiseta de tirantes muy sexy, pero a la vez sencilla y efectiva debido al corte \u00fanico que tiene. Lo bueno de esta camiseta sin mangas es que puedes llevarla en cualquier ocasi\u00f3n: al ser blanca y c\u00f3moda te da la libertad de poder combinarla perfectamente con tu ropa y crear tantos looks como quieras.<\/p>\n<p>Es una camiseta negra sin mangas muy vers\u00e1til y adaptable. Puedes llevarlo en tu d\u00eda a d\u00eda, porque es muy confortable, tambi\u00e9n en la discoteca con un par de vaqueros negros el\u00e1sticos para sentirte sexy y llamar la atenci\u00f3n de todos. Y como no, es perfecto para ir al gym, porque gracias al no tener mangas con sisas abiertas y al cuello abierto es muy c\u00f3modo, y porque no, podr\u00e1s ense\u00f1ar el cuerpo y m\u00fasculos que has estado entrenando. Una camiseta negra sin mangas para sentirte muy sexy, que es la mejor arma para arrasar siempre.<\/p>\n<h4><strong>Consejo de estilismo:<\/strong><\/h4>\n<div>En el gimnasio, con esta camiseta negra sin mangas con sisas abierta con tus pantalones cortos y zapatillas blancas la podr\u00e1s empezar tu rutina diaria de entrenamiento, y no te olvides de un buen selfie.<\/div>\n<div><\/div>\n<div>En la discoteca, con esta camiseta negra sin mangas con unos vaqueros negros rasgados regulares y con el <a href=\"https:\/\/www.rubengalarreta.com\/es\/product\/man-es\/accessories-m-es\/legging-harness\/\">LEGGING HARNES<\/a> de Ruben Galarreta debajo y finalmente con unas zapatillas blancas para darle un toque deportivo casual.<\/div>\n<div><\/div>\n<div>Adem\u00e1s es muy f\u00e1cil de combinar con alguna de nuestras <a href=\"https:\/\/www.rubengalarreta.com\/es\/producto-categoria\/man-es\/mascarillas\/\">MASCARILLAS.<\/a><\/div>\n","protected":false},"excerpt":{"rendered":"<p><span style=\"color: #000000;\"><b>CAMISETA BLANCA DE TIRANTES<\/b><\/span><\/p>\n<p>Una prenda muy fresca y transpirable gracias al tejido hecho de algod\u00f3n ligero y ajuste relajado. Una camiseta de tirantes blanca muy sexy, pero sencilla y efectiva debido al corte \u00fanico que tiene.<\/p>\n","protected":false},"featured_media":59127,"comment_status":"closed","ping_status":"closed","template":"","meta":{"_monsterinsights_skip_tracking":false,"_monsterinsights_sitenote_active":false,"_monsterinsights_sitenote_note":"","_monsterinsights_sitenote_category":0},"product_brand":[],"product_cat":[3720,2324,1921],"product_tag":[2171,2325],"class_list":{"0":"post-58379","1":"product","2":"type-product","3":"status-publish","4":"has-post-thumbnail","6":"product_cat-casual-issue","7":"product_cat-gym-es","8":"product_cat-man-es","9":"product_tag-camisetas-y-tops","10":"product_tag-ropa-deportiva","12":"first","13":"outofstock","14":"sale","15":"taxable","16":"shipping-taxable","17":"purchasable","18":"product-type-variable","19":"has-default-attributes"},"yoast_head":"<!-- This site is optimized with the Yoast SEO plugin v27.4 - https:\/\/yoast.com\/product\/yoast-seo-wordpress\/ -->\n<title>CAMISETA BLANCA DE TIRANTES - Ruben Galarreta Tienda Online<\/title>\n<meta name=\"description\" content=\"La camiseta blanca de tirantes sin mangas de Ruben Galarreta. Se atrevido y compra online en nuestra tienda.\" \/>\n<meta name=\"robots\" content=\"index, follow, max-snippet:-1, max-image-preview:large, max-video-preview:-1\" \/>\n<link rel=\"canonical\" href=\"https:\/\/www.rubengalarreta.com\/es\/product\/man-es\/gym-es\/camiseta-blanca-de-tirantes\/\" \/>\n<meta property=\"og:locale\" content=\"es_ES\" \/>\n<meta property=\"og:type\" content=\"article\" \/>\n<meta property=\"og:title\" content=\"CAMISETA BLANCA DE TIRANTES - Ruben Galarreta Tienda Online\" \/>\n<meta property=\"og:description\" content=\"La camiseta blanca de tirantes sin mangas de Ruben Galarreta. Se atrevido y compra online en nuestra tienda.\" \/>\n<meta property=\"og:url\" content=\"https:\/\/www.rubengalarreta.com\/es\/product\/man-es\/gym-es\/camiseta-blanca-de-tirantes\/\" \/>\n<meta property=\"og:site_name\" content=\"Ruben Galarreta\" \/>\n<meta property=\"article:modified_time\" content=\"2021-11-16T12:32:49+00:00\" \/>\n<meta property=\"og:image\" content=\"https:\/\/www.rubengalarreta.com\/wp-content\/uploads\/2020\/09\/ruben-galarreta-fashion-men-sport-wear-style-vest-white-side-min.jpg\" \/>\n\t<meta property=\"og:image:width\" content=\"704\" \/>\n\t<meta property=\"og:image:height\" content=\"1000\" \/>\n\t<meta property=\"og:image:type\" content=\"image\/jpeg\" \/>\n<meta name=\"twitter:card\" content=\"summary_large_image\" \/>\n<meta name=\"twitter:label1\" content=\"Tiempo de lectura\" \/>\n\t<meta name=\"twitter:data1\" content=\"2 minutos\" \/>\n<script type=\"application\/ld+json\" class=\"yoast-schema-graph\">{\"@context\":\"https:\\\/\\\/schema.org\",\"@graph\":[{\"@type\":\"WebPage\",\"@id\":\"https:\\\/\\\/www.rubengalarreta.com\\\/es\\\/product\\\/man-es\\\/gym-es\\\/camiseta-blanca-de-tirantes\\\/\",\"url\":\"https:\\\/\\\/www.rubengalarreta.com\\\/es\\\/product\\\/man-es\\\/gym-es\\\/camiseta-blanca-de-tirantes\\\/\",\"name\":\"CAMISETA BLANCA DE TIRANTES - Ruben Galarreta Tienda Online\",\"isPartOf\":{\"@id\":\"https:\\\/\\\/www.rubengalarreta.com\\\/es\\\/#website\"},\"primaryImageOfPage\":{\"@id\":\"https:\\\/\\\/www.rubengalarreta.com\\\/es\\\/product\\\/man-es\\\/gym-es\\\/camiseta-blanca-de-tirantes\\\/#primaryimage\"},\"image\":{\"@id\":\"https:\\\/\\\/www.rubengalarreta.com\\\/es\\\/product\\\/man-es\\\/gym-es\\\/camiseta-blanca-de-tirantes\\\/#primaryimage\"},\"thumbnailUrl\":\"https:\\\/\\\/www.rubengalarreta.com\\\/wp-content\\\/uploads\\\/2020\\\/09\\\/ruben-galarreta-fashion-men-sport-wear-style-vest-white-side-min.jpg\",\"datePublished\":\"2020-10-05T18:30:12+00:00\",\"dateModified\":\"2021-11-16T12:32:49+00:00\",\"description\":\"La camiseta blanca de tirantes sin mangas de Ruben Galarreta. Se atrevido y compra online en nuestra tienda.\",\"breadcrumb\":{\"@id\":\"https:\\\/\\\/www.rubengalarreta.com\\\/es\\\/product\\\/man-es\\\/gym-es\\\/camiseta-blanca-de-tirantes\\\/#breadcrumb\"},\"inLanguage\":\"es\",\"potentialAction\":[{\"@type\":\"ReadAction\",\"target\":[\"https:\\\/\\\/www.rubengalarreta.com\\\/es\\\/product\\\/man-es\\\/gym-es\\\/camiseta-blanca-de-tirantes\\\/\"]}]},{\"@type\":\"ImageObject\",\"inLanguage\":\"es\",\"@id\":\"https:\\\/\\\/www.rubengalarreta.com\\\/es\\\/product\\\/man-es\\\/gym-es\\\/camiseta-blanca-de-tirantes\\\/#primaryimage\",\"url\":\"https:\\\/\\\/www.rubengalarreta.com\\\/wp-content\\\/uploads\\\/2020\\\/09\\\/ruben-galarreta-fashion-men-sport-wear-style-vest-white-side-min.jpg\",\"contentUrl\":\"https:\\\/\\\/www.rubengalarreta.com\\\/wp-content\\\/uploads\\\/2020\\\/09\\\/ruben-galarreta-fashion-men-sport-wear-style-vest-white-side-min.jpg\",\"width\":704,\"height\":1000,\"caption\":\"CAMISETA TIRANTES BLANCA\"},{\"@type\":\"BreadcrumbList\",\"@id\":\"https:\\\/\\\/www.rubengalarreta.com\\\/es\\\/product\\\/man-es\\\/gym-es\\\/camiseta-blanca-de-tirantes\\\/#breadcrumb\",\"itemListElement\":[{\"@type\":\"ListItem\",\"position\":1,\"name\":\"Home\",\"item\":\"https:\\\/\\\/www.rubengalarreta.com\\\/es\\\/\"},{\"@type\":\"ListItem\",\"position\":2,\"name\":\"Tienda Online\",\"item\":\"https:\\\/\\\/www.rubengalarreta.com\\\/es\\\/tienda-2\\\/\"},{\"@type\":\"ListItem\",\"position\":3,\"name\":\"CAMISETA BLANCA DE TIRANTES\"}]},{\"@type\":\"WebSite\",\"@id\":\"https:\\\/\\\/www.rubengalarreta.com\\\/es\\\/#website\",\"url\":\"https:\\\/\\\/www.rubengalarreta.com\\\/es\\\/\",\"name\":\"Ruben Galarreta\",\"description\":\"Hot Couture | Online Store\",\"publisher\":{\"@id\":\"https:\\\/\\\/www.rubengalarreta.com\\\/es\\\/#organization\"},\"potentialAction\":[{\"@type\":\"SearchAction\",\"target\":{\"@type\":\"EntryPoint\",\"urlTemplate\":\"https:\\\/\\\/www.rubengalarreta.com\\\/es\\\/?s={search_term_string}\"},\"query-input\":{\"@type\":\"PropertyValueSpecification\",\"valueRequired\":true,\"valueName\":\"search_term_string\"}}],\"inLanguage\":\"es\"},{\"@type\":\"Organization\",\"@id\":\"https:\\\/\\\/www.rubengalarreta.com\\\/es\\\/#organization\",\"name\":\"Ruben Galarreta\",\"url\":\"https:\\\/\\\/www.rubengalarreta.com\\\/es\\\/\",\"logo\":{\"@type\":\"ImageObject\",\"inLanguage\":\"es\",\"@id\":\"https:\\\/\\\/www.rubengalarreta.com\\\/es\\\/#\\\/schema\\\/logo\\\/image\\\/\",\"url\":\"https:\\\/\\\/www.rubengalarreta.com\\\/wp-content\\\/uploads\\\/2019\\\/10\\\/rubengalarreta-menswear.jpg\",\"contentUrl\":\"https:\\\/\\\/www.rubengalarreta.com\\\/wp-content\\\/uploads\\\/2019\\\/10\\\/rubengalarreta-menswear.jpg\",\"width\":1141,\"height\":146,\"caption\":\"Ruben Galarreta\"},\"image\":{\"@id\":\"https:\\\/\\\/www.rubengalarreta.com\\\/es\\\/#\\\/schema\\\/logo\\\/image\\\/\"}}]}<\/script>\n<!-- \/ Yoast SEO plugin. -->","yoast_head_json":{"title":"CAMISETA BLANCA DE TIRANTES - Ruben Galarreta Tienda Online","description":"La camiseta blanca de tirantes sin mangas de Ruben Galarreta. Se atrevido y compra online en nuestra tienda.","robots":{"index":"index","follow":"follow","max-snippet":"max-snippet:-1","max-image-preview":"max-image-preview:large","max-video-preview":"max-video-preview:-1"},"canonical":"https:\/\/www.rubengalarreta.com\/es\/product\/man-es\/gym-es\/camiseta-blanca-de-tirantes\/","og_locale":"es_ES","og_type":"article","og_title":"CAMISETA BLANCA DE TIRANTES - Ruben Galarreta Tienda Online","og_description":"La camiseta blanca de tirantes sin mangas de Ruben Galarreta. Se atrevido y compra online en nuestra tienda.","og_url":"https:\/\/www.rubengalarreta.com\/es\/product\/man-es\/gym-es\/camiseta-blanca-de-tirantes\/","og_site_name":"Ruben Galarreta","article_modified_time":"2021-11-16T12:32:49+00:00","og_image":[{"width":704,"height":1000,"url":"https:\/\/www.rubengalarreta.com\/wp-content\/uploads\/2020\/09\/ruben-galarreta-fashion-men-sport-wear-style-vest-white-side-min.jpg","type":"image\/jpeg"}],"twitter_card":"summary_large_image","twitter_misc":{"Tiempo de lectura":"2 minutos"},"schema":{"@context":"https:\/\/schema.org","@graph":[{"@type":"WebPage","@id":"https:\/\/www.rubengalarreta.com\/es\/product\/man-es\/gym-es\/camiseta-blanca-de-tirantes\/","url":"https:\/\/www.rubengalarreta.com\/es\/product\/man-es\/gym-es\/camiseta-blanca-de-tirantes\/","name":"CAMISETA BLANCA DE TIRANTES - Ruben Galarreta Tienda Online","isPartOf":{"@id":"https:\/\/www.rubengalarreta.com\/es\/#website"},"primaryImageOfPage":{"@id":"https:\/\/www.rubengalarreta.com\/es\/product\/man-es\/gym-es\/camiseta-blanca-de-tirantes\/#primaryimage"},"image":{"@id":"https:\/\/www.rubengalarreta.com\/es\/product\/man-es\/gym-es\/camiseta-blanca-de-tirantes\/#primaryimage"},"thumbnailUrl":"https:\/\/www.rubengalarreta.com\/wp-content\/uploads\/2020\/09\/ruben-galarreta-fashion-men-sport-wear-style-vest-white-side-min.jpg","datePublished":"2020-10-05T18:30:12+00:00","dateModified":"2021-11-16T12:32:49+00:00","description":"La camiseta blanca de tirantes sin mangas de Ruben Galarreta. Se atrevido y compra online en nuestra tienda.","breadcrumb":{"@id":"https:\/\/www.rubengalarreta.com\/es\/product\/man-es\/gym-es\/camiseta-blanca-de-tirantes\/#breadcrumb"},"inLanguage":"es","potentialAction":[{"@type":"ReadAction","target":["https:\/\/www.rubengalarreta.com\/es\/product\/man-es\/gym-es\/camiseta-blanca-de-tirantes\/"]}]},{"@type":"ImageObject","inLanguage":"es","@id":"https:\/\/www.rubengalarreta.com\/es\/product\/man-es\/gym-es\/camiseta-blanca-de-tirantes\/#primaryimage","url":"https:\/\/www.rubengalarreta.com\/wp-content\/uploads\/2020\/09\/ruben-galarreta-fashion-men-sport-wear-style-vest-white-side-min.jpg","contentUrl":"https:\/\/www.rubengalarreta.com\/wp-content\/uploads\/2020\/09\/ruben-galarreta-fashion-men-sport-wear-style-vest-white-side-min.jpg","width":704,"height":1000,"caption":"CAMISETA TIRANTES BLANCA"},{"@type":"BreadcrumbList","@id":"https:\/\/www.rubengalarreta.com\/es\/product\/man-es\/gym-es\/camiseta-blanca-de-tirantes\/#breadcrumb","itemListElement":[{"@type":"ListItem","position":1,"name":"Home","item":"https:\/\/www.rubengalarreta.com\/es\/"},{"@type":"ListItem","position":2,"name":"Tienda Online","item":"https:\/\/www.rubengalarreta.com\/es\/tienda-2\/"},{"@type":"ListItem","position":3,"name":"CAMISETA BLANCA DE TIRANTES"}]},{"@type":"WebSite","@id":"https:\/\/www.rubengalarreta.com\/es\/#website","url":"https:\/\/www.rubengalarreta.com\/es\/","name":"Ruben Galarreta","description":"Hot Couture | Online Store","publisher":{"@id":"https:\/\/www.rubengalarreta.com\/es\/#organization"},"potentialAction":[{"@type":"SearchAction","target":{"@type":"EntryPoint","urlTemplate":"https:\/\/www.rubengalarreta.com\/es\/?s={search_term_string}"},"query-input":{"@type":"PropertyValueSpecification","valueRequired":true,"valueName":"search_term_string"}}],"inLanguage":"es"},{"@type":"Organization","@id":"https:\/\/www.rubengalarreta.com\/es\/#organization","name":"Ruben Galarreta","url":"https:\/\/www.rubengalarreta.com\/es\/","logo":{"@type":"ImageObject","inLanguage":"es","@id":"https:\/\/www.rubengalarreta.com\/es\/#\/schema\/logo\/image\/","url":"https:\/\/www.rubengalarreta.com\/wp-content\/uploads\/2019\/10\/rubengalarreta-menswear.jpg","contentUrl":"https:\/\/www.rubengalarreta.com\/wp-content\/uploads\/2019\/10\/rubengalarreta-menswear.jpg","width":1141,"height":146,"caption":"Ruben Galarreta"},"image":{"@id":"https:\/\/www.rubengalarreta.com\/es\/#\/schema\/logo\/image\/"}}]}},"_links":{"self":[{"href":"https:\/\/www.rubengalarreta.com\/es\/wp-json\/wp\/v2\/product\/58379","targetHints":{"allow":["GET"]}}],"collection":[{"href":"https:\/\/www.rubengalarreta.com\/es\/wp-json\/wp\/v2\/product"}],"about":[{"href":"https:\/\/www.rubengalarreta.com\/es\/wp-json\/wp\/v2\/types\/product"}],"replies":[{"embeddable":true,"href":"https:\/\/www.rubengalarreta.com\/es\/wp-json\/wp\/v2\/comments?post=58379"}],"wp:featuredmedia":[{"embeddable":true,"href":"https:\/\/www.rubengalarreta.com\/es\/wp-json\/wp\/v2\/media\/59127"}],"wp:attachment":[{"href":"https:\/\/www.rubengalarreta.com\/es\/wp-json\/wp\/v2\/media?parent=58379"}],"wp:term":[{"taxonomy":"product_brand","embeddable":true,"href":"https:\/\/www.rubengalarreta.com\/es\/wp-json\/wp\/v2\/product_brand?post=58379"},{"taxonomy":"product_cat","embeddable":true,"href":"https:\/\/www.rubengalarreta.com\/es\/wp-json\/wp\/v2\/product_cat?post=58379"},{"taxonomy":"product_tag","embeddable":true,"href":"https:\/\/www.rubengalarreta.com\/es\/wp-json\/wp\/v2\/product_tag?post=58379"}],"curies":[{"name":"wp","href":"https:\/\/api.w.org\/{rel}","templated":true}]}}