{"id":55600,"date":"2020-07-17T13:54:57","date_gmt":"2020-07-17T11:54:58","guid":{"rendered":"https:\/\/www.rubengalarreta.com\/?post_type=product&#038;p=55600"},"modified":"2021-07-26T17:20:20","modified_gmt":"2021-07-26T15:20:20","slug":"camiseta-blanca-pride","status":"publish","type":"product","link":"https:\/\/www.rubengalarreta.com\/es\/product\/man-es\/casual-issue\/camiseta-blanca-pride\/","title":{"rendered":"CAMISETA BLANCA PRIDE"},"content":{"rendered":"<p><strong><span style=\"color: #000000;\">CAMISETA BLANCA PRIDE<\/span><\/strong><\/p>\n<table style=\"height: 183px; width: 100%; border-collapse: collapse; border-style: hidden;\">\n<tbody>\n<tr valign=\"TOP\">\n<td style=\"width: 49.8998%; border-style: hidden;\" width=\"293\" height=\"19\"><span style=\"color: #000000;\"><span style=\"font-family: trebuchet ms, serif;\"><b>DETALLES DE PRODUCTO:<br \/>\n<\/b><\/span><\/span><span style=\"color: #999999;\"><span style=\"font-family: trebuchet ms, serif;\">-100% algod\u00f3n<\/span><\/span><br \/>\n<span style=\"color: #999999;\"><span style=\"font-family: trebuchet ms, serif;\">-Tela de color blanco con logo<\/span><\/span><\/td>\n<td style=\"width: 50.1002%; border-style: hidden;\" width=\"293\"><span style=\"color: #000000;\"><span style=\"font-family: trebuchet ms, serif;\"><b>TALLA:<br \/>\n<\/b><\/span><\/span><span style=\"color: #999999;\"><span style=\"font-family: trebuchet ms, serif;\">-Regular Fit<\/span><\/span><\/td>\n<\/tr>\n<tr valign=\"TOP\">\n<td style=\"width: 49.8998%; border-style: hidden;\" width=\"293\" height=\"19\"><span style=\"color: #000000;\"><span style=\"font-family: trebuchet ms, serif;\"><b>CUIDADOS:<br \/>\n<\/b><\/span><\/span><span style=\"color: #999999;\"><span style=\"font-family: trebuchet ms, serif;\">-Lavado a m\u00e1quina seg\u00fan las instrucciones de cuidado de la etiqueta y planchado al rev\u00e9s<\/span><\/span><\/td>\n<td style=\"width: 50.1002%; border-style: hidden;\" width=\"293\"><span style=\"color: #000000;\"><span style=\"font-family: trebuchet ms, serif;\"><b>MEDIDAS MODELO:<br \/>\n<\/b><\/span><\/span><span style=\"color: #999999;\"><span style=\"font-family: trebuchet ms, serif;\">-Altura de modelo: 175 cm \/ 5\u00b4.80\u201d<br \/>\n-El modelo usa talla M<\/span><\/span><\/td>\n<\/tr>\n<\/tbody>\n<\/table>\n<h4><strong>Descripci\u00f3n:<\/strong><\/h4>\n<p>La CAMISETA BLANCA PRIDE para hombre esta hecha 100% de algod\u00f3n, dise\u00f1ada por nosotros en Espa\u00f1a con el fin de conmemorar un evento tan importante como es el Orgullo Gay. Es una camiseta en color blanco, de cuello redondo y manga corta, siendo lo mas representativo de esta el estampado enmarcado arco\u00edris en la parte superior junto con el logo GALARRETA, con el fin de representar todos los colores de la bandera LGBTIQ+.<\/p>\n<p>Por otro lado, la CAMISETA BLANCA PRIDE viene en tres tama\u00f1os: small, medium &amp; large. Es perfecta para cualquier ocasi\u00f3n ya que al estar hecha de algod\u00f3n 100% transpirable, siendo adem\u00e1s muy c\u00f3moda como tambi\u00e9n agradable al tacto ofreciendo una gran suavidad en la piel. Es ideal para llevarla durante el Orgullo Gay, fiestas, discotecas o salir a tomar algo con tus amigos. Esta camiseta de corte \u00abRegular fit\u00bb para hombres te har\u00e1 destacar entre la multitud y diferenciarte del resto dando un toque \u00fanico y distinto a tu look.<\/p>\n<h4><strong>Consejo de estilismo:<\/strong><\/h4>\n<p>Para esta camiseta, RUBEN GALARRETA te sugiere que la lleves con un par de vaqueros negros rotos. De hecho, si quieres a\u00f1adir un poco m\u00e1s de estilo a tu look, puedes usar un chocker como accesorio. Y para terminar completa tu outfit con tu par de sneakers favoritas y nuestros <a href=\"https:\/\/www.rubengalarreta.com\/es\/product\/man-es\/novedades\/calcetines-orgullo-blancos\/\">Calcetines Orgullo Blancos.<\/a><\/p>\n<p>Si prefieres un look m\u00e1s urbano, RUBEN GALARRETA tiene otras sugerencias. Por ejemplo, puedes llevar una chaqueta bomber encima de tu camiseta, creando un look bastante acertado para tomar unas copas con tus amigos.<\/p>\n<p>Adem\u00e1s si tienes pareja pod\u00e9is ir a juego junto con la <a href=\"https:\/\/www.rubengalarreta.com\/es\/product\/man-es\/camiseta-negra-pride\/\">Camiseta Negra Pride.<\/a><\/p>\n","protected":false},"excerpt":{"rendered":"<p><strong><span style=\"color: #000000;\">CAMISETA BLANCA PRIDE<\/span><\/strong><\/p>\n<p>Esta camiseta blanca para hombre est\u00e1 hecha de algod\u00f3n 100%, dise\u00f1ada por Ruben Galarreta en Espa\u00f1a con un estampado enmarcado arco\u00edris junto con el logo GALARRETA \u00fanico e ideal para el Orgullo. Con ella podr\u00e1s sentirte c\u00f3modo y sexy al mismo tiempo.<\/p>\n","protected":false},"featured_media":59252,"comment_status":"closed","ping_status":"closed","template":"","meta":{"_monsterinsights_skip_tracking":false,"_monsterinsights_sitenote_active":false,"_monsterinsights_sitenote_note":"","_monsterinsights_sitenote_category":0},"product_brand":[],"product_cat":[3720,1921],"product_tag":[2171],"class_list":{"0":"post-55600","1":"product","2":"type-product","3":"status-publish","4":"has-post-thumbnail","6":"product_cat-casual-issue","7":"product_cat-man-es","8":"product_tag-camisetas-y-tops","10":"first","11":"outofstock","12":"sale","13":"taxable","14":"shipping-taxable","15":"purchasable","16":"product-type-variable","17":"has-default-attributes"},"yoast_head":"<!-- This site is optimized with the Yoast SEO plugin v27.5 - https:\/\/yoast.com\/product\/yoast-seo-wordpress\/ -->\n<title>CAMISETA BLANCA PRIDE - Ruben Galarreta Tienda Online Hombre<\/title>\n<meta name=\"description\" content=\"CAMISETA BLANCA PRIDE dise\u00f1ada por Ruben Galarreta para celebrar el Orgullo Gay y sentirte comodo y sexy a la vez.\" \/>\n<meta name=\"robots\" content=\"index, follow, max-snippet:-1, max-image-preview:large, max-video-preview:-1\" \/>\n<link rel=\"canonical\" href=\"https:\/\/www.rubengalarreta.com\/es\/product\/man-es\/casual-issue\/camiseta-blanca-pride\/\" \/>\n<meta property=\"og:locale\" content=\"es_ES\" \/>\n<meta property=\"og:type\" content=\"article\" \/>\n<meta property=\"og:title\" content=\"CAMISETA BLANCA PRIDE - Ruben Galarreta Tienda Online Hombre\" \/>\n<meta property=\"og:description\" content=\"CAMISETA BLANCA PRIDE dise\u00f1ada por Ruben Galarreta para celebrar el Orgullo Gay y sentirte comodo y sexy a la vez.\" \/>\n<meta property=\"og:url\" content=\"https:\/\/www.rubengalarreta.com\/es\/product\/man-es\/casual-issue\/camiseta-blanca-pride\/\" \/>\n<meta property=\"og:site_name\" content=\"Ruben Galarreta\" \/>\n<meta property=\"article:modified_time\" content=\"2021-07-26T15:20:20+00:00\" \/>\n<meta property=\"og:image\" content=\"https:\/\/www.rubengalarreta.com\/wp-content\/uploads\/2020\/10\/ruben-galarreta-menswear-fashion-style-pride-pantone-tee-white-look-min.jpg\" \/>\n\t<meta property=\"og:image:width\" content=\"704\" \/>\n\t<meta property=\"og:image:height\" content=\"1000\" \/>\n\t<meta property=\"og:image:type\" content=\"image\/jpeg\" \/>\n<meta name=\"twitter:card\" content=\"summary_large_image\" \/>\n<meta name=\"twitter:label1\" content=\"Tiempo de lectura\" \/>\n\t<meta name=\"twitter:data1\" content=\"2 minutos\" \/>\n<script type=\"application\/ld+json\" class=\"yoast-schema-graph\">{\"@context\":\"https:\\\/\\\/schema.org\",\"@graph\":[{\"@type\":\"WebPage\",\"@id\":\"https:\\\/\\\/www.rubengalarreta.com\\\/es\\\/product\\\/man-es\\\/casual-issue\\\/camiseta-blanca-pride\\\/\",\"url\":\"https:\\\/\\\/www.rubengalarreta.com\\\/es\\\/product\\\/man-es\\\/casual-issue\\\/camiseta-blanca-pride\\\/\",\"name\":\"CAMISETA BLANCA PRIDE - Ruben Galarreta Tienda Online Hombre\",\"isPartOf\":{\"@id\":\"https:\\\/\\\/www.rubengalarreta.com\\\/es\\\/#website\"},\"primaryImageOfPage\":{\"@id\":\"https:\\\/\\\/www.rubengalarreta.com\\\/es\\\/product\\\/man-es\\\/casual-issue\\\/camiseta-blanca-pride\\\/#primaryimage\"},\"image\":{\"@id\":\"https:\\\/\\\/www.rubengalarreta.com\\\/es\\\/product\\\/man-es\\\/casual-issue\\\/camiseta-blanca-pride\\\/#primaryimage\"},\"thumbnailUrl\":\"https:\\\/\\\/www.rubengalarreta.com\\\/wp-content\\\/uploads\\\/2020\\\/10\\\/ruben-galarreta-menswear-fashion-style-pride-pantone-tee-white-look-min.jpg\",\"datePublished\":\"2020-07-17T11:54:58+00:00\",\"dateModified\":\"2021-07-26T15:20:20+00:00\",\"description\":\"CAMISETA BLANCA PRIDE dise\u00f1ada por Ruben Galarreta para celebrar el Orgullo Gay y sentirte comodo y sexy a la vez.\",\"breadcrumb\":{\"@id\":\"https:\\\/\\\/www.rubengalarreta.com\\\/es\\\/product\\\/man-es\\\/casual-issue\\\/camiseta-blanca-pride\\\/#breadcrumb\"},\"inLanguage\":\"es\",\"potentialAction\":[{\"@type\":\"ReadAction\",\"target\":[\"https:\\\/\\\/www.rubengalarreta.com\\\/es\\\/product\\\/man-es\\\/casual-issue\\\/camiseta-blanca-pride\\\/\"]}]},{\"@type\":\"ImageObject\",\"inLanguage\":\"es\",\"@id\":\"https:\\\/\\\/www.rubengalarreta.com\\\/es\\\/product\\\/man-es\\\/casual-issue\\\/camiseta-blanca-pride\\\/#primaryimage\",\"url\":\"https:\\\/\\\/www.rubengalarreta.com\\\/wp-content\\\/uploads\\\/2020\\\/10\\\/ruben-galarreta-menswear-fashion-style-pride-pantone-tee-white-look-min.jpg\",\"contentUrl\":\"https:\\\/\\\/www.rubengalarreta.com\\\/wp-content\\\/uploads\\\/2020\\\/10\\\/ruben-galarreta-menswear-fashion-style-pride-pantone-tee-white-look-min.jpg\",\"width\":704,\"height\":1000,\"caption\":\"CAMISETA PANTONE ORGULLO\"},{\"@type\":\"BreadcrumbList\",\"@id\":\"https:\\\/\\\/www.rubengalarreta.com\\\/es\\\/product\\\/man-es\\\/casual-issue\\\/camiseta-blanca-pride\\\/#breadcrumb\",\"itemListElement\":[{\"@type\":\"ListItem\",\"position\":1,\"name\":\"Home\",\"item\":\"https:\\\/\\\/www.rubengalarreta.com\\\/es\\\/\"},{\"@type\":\"ListItem\",\"position\":2,\"name\":\"Tienda Online\",\"item\":\"https:\\\/\\\/www.rubengalarreta.com\\\/es\\\/tienda-2\\\/\"},{\"@type\":\"ListItem\",\"position\":3,\"name\":\"CAMISETA BLANCA PRIDE\"}]},{\"@type\":\"WebSite\",\"@id\":\"https:\\\/\\\/www.rubengalarreta.com\\\/es\\\/#website\",\"url\":\"https:\\\/\\\/www.rubengalarreta.com\\\/es\\\/\",\"name\":\"Ruben Galarreta\",\"description\":\"Hot Couture | Online Store\",\"publisher\":{\"@id\":\"https:\\\/\\\/www.rubengalarreta.com\\\/es\\\/#organization\"},\"potentialAction\":[{\"@type\":\"SearchAction\",\"target\":{\"@type\":\"EntryPoint\",\"urlTemplate\":\"https:\\\/\\\/www.rubengalarreta.com\\\/es\\\/?s={search_term_string}\"},\"query-input\":{\"@type\":\"PropertyValueSpecification\",\"valueRequired\":true,\"valueName\":\"search_term_string\"}}],\"inLanguage\":\"es\"},{\"@type\":\"Organization\",\"@id\":\"https:\\\/\\\/www.rubengalarreta.com\\\/es\\\/#organization\",\"name\":\"Ruben Galarreta\",\"url\":\"https:\\\/\\\/www.rubengalarreta.com\\\/es\\\/\",\"logo\":{\"@type\":\"ImageObject\",\"inLanguage\":\"es\",\"@id\":\"https:\\\/\\\/www.rubengalarreta.com\\\/es\\\/#\\\/schema\\\/logo\\\/image\\\/\",\"url\":\"https:\\\/\\\/www.rubengalarreta.com\\\/wp-content\\\/uploads\\\/2019\\\/10\\\/rubengalarreta-menswear.jpg\",\"contentUrl\":\"https:\\\/\\\/www.rubengalarreta.com\\\/wp-content\\\/uploads\\\/2019\\\/10\\\/rubengalarreta-menswear.jpg\",\"width\":1141,\"height\":146,\"caption\":\"Ruben Galarreta\"},\"image\":{\"@id\":\"https:\\\/\\\/www.rubengalarreta.com\\\/es\\\/#\\\/schema\\\/logo\\\/image\\\/\"}}]}<\/script>\n<!-- \/ Yoast SEO plugin. -->","yoast_head_json":{"title":"CAMISETA BLANCA PRIDE - Ruben Galarreta Tienda Online Hombre","description":"CAMISETA BLANCA PRIDE dise\u00f1ada por Ruben Galarreta para celebrar el Orgullo Gay y sentirte comodo y sexy a la vez.","robots":{"index":"index","follow":"follow","max-snippet":"max-snippet:-1","max-image-preview":"max-image-preview:large","max-video-preview":"max-video-preview:-1"},"canonical":"https:\/\/www.rubengalarreta.com\/es\/product\/man-es\/casual-issue\/camiseta-blanca-pride\/","og_locale":"es_ES","og_type":"article","og_title":"CAMISETA BLANCA PRIDE - Ruben Galarreta Tienda Online Hombre","og_description":"CAMISETA BLANCA PRIDE dise\u00f1ada por Ruben Galarreta para celebrar el Orgullo Gay y sentirte comodo y sexy a la vez.","og_url":"https:\/\/www.rubengalarreta.com\/es\/product\/man-es\/casual-issue\/camiseta-blanca-pride\/","og_site_name":"Ruben Galarreta","article_modified_time":"2021-07-26T15:20:20+00:00","og_image":[{"width":704,"height":1000,"url":"https:\/\/www.rubengalarreta.com\/wp-content\/uploads\/2020\/10\/ruben-galarreta-menswear-fashion-style-pride-pantone-tee-white-look-min.jpg","type":"image\/jpeg"}],"twitter_card":"summary_large_image","twitter_misc":{"Tiempo de lectura":"2 minutos"},"schema":{"@context":"https:\/\/schema.org","@graph":[{"@type":"WebPage","@id":"https:\/\/www.rubengalarreta.com\/es\/product\/man-es\/casual-issue\/camiseta-blanca-pride\/","url":"https:\/\/www.rubengalarreta.com\/es\/product\/man-es\/casual-issue\/camiseta-blanca-pride\/","name":"CAMISETA BLANCA PRIDE - Ruben Galarreta Tienda Online Hombre","isPartOf":{"@id":"https:\/\/www.rubengalarreta.com\/es\/#website"},"primaryImageOfPage":{"@id":"https:\/\/www.rubengalarreta.com\/es\/product\/man-es\/casual-issue\/camiseta-blanca-pride\/#primaryimage"},"image":{"@id":"https:\/\/www.rubengalarreta.com\/es\/product\/man-es\/casual-issue\/camiseta-blanca-pride\/#primaryimage"},"thumbnailUrl":"https:\/\/www.rubengalarreta.com\/wp-content\/uploads\/2020\/10\/ruben-galarreta-menswear-fashion-style-pride-pantone-tee-white-look-min.jpg","datePublished":"2020-07-17T11:54:58+00:00","dateModified":"2021-07-26T15:20:20+00:00","description":"CAMISETA BLANCA PRIDE dise\u00f1ada por Ruben Galarreta para celebrar el Orgullo Gay y sentirte comodo y sexy a la vez.","breadcrumb":{"@id":"https:\/\/www.rubengalarreta.com\/es\/product\/man-es\/casual-issue\/camiseta-blanca-pride\/#breadcrumb"},"inLanguage":"es","potentialAction":[{"@type":"ReadAction","target":["https:\/\/www.rubengalarreta.com\/es\/product\/man-es\/casual-issue\/camiseta-blanca-pride\/"]}]},{"@type":"ImageObject","inLanguage":"es","@id":"https:\/\/www.rubengalarreta.com\/es\/product\/man-es\/casual-issue\/camiseta-blanca-pride\/#primaryimage","url":"https:\/\/www.rubengalarreta.com\/wp-content\/uploads\/2020\/10\/ruben-galarreta-menswear-fashion-style-pride-pantone-tee-white-look-min.jpg","contentUrl":"https:\/\/www.rubengalarreta.com\/wp-content\/uploads\/2020\/10\/ruben-galarreta-menswear-fashion-style-pride-pantone-tee-white-look-min.jpg","width":704,"height":1000,"caption":"CAMISETA PANTONE ORGULLO"},{"@type":"BreadcrumbList","@id":"https:\/\/www.rubengalarreta.com\/es\/product\/man-es\/casual-issue\/camiseta-blanca-pride\/#breadcrumb","itemListElement":[{"@type":"ListItem","position":1,"name":"Home","item":"https:\/\/www.rubengalarreta.com\/es\/"},{"@type":"ListItem","position":2,"name":"Tienda Online","item":"https:\/\/www.rubengalarreta.com\/es\/tienda-2\/"},{"@type":"ListItem","position":3,"name":"CAMISETA BLANCA PRIDE"}]},{"@type":"WebSite","@id":"https:\/\/www.rubengalarreta.com\/es\/#website","url":"https:\/\/www.rubengalarreta.com\/es\/","name":"Ruben Galarreta","description":"Hot Couture | Online Store","publisher":{"@id":"https:\/\/www.rubengalarreta.com\/es\/#organization"},"potentialAction":[{"@type":"SearchAction","target":{"@type":"EntryPoint","urlTemplate":"https:\/\/www.rubengalarreta.com\/es\/?s={search_term_string}"},"query-input":{"@type":"PropertyValueSpecification","valueRequired":true,"valueName":"search_term_string"}}],"inLanguage":"es"},{"@type":"Organization","@id":"https:\/\/www.rubengalarreta.com\/es\/#organization","name":"Ruben Galarreta","url":"https:\/\/www.rubengalarreta.com\/es\/","logo":{"@type":"ImageObject","inLanguage":"es","@id":"https:\/\/www.rubengalarreta.com\/es\/#\/schema\/logo\/image\/","url":"https:\/\/www.rubengalarreta.com\/wp-content\/uploads\/2019\/10\/rubengalarreta-menswear.jpg","contentUrl":"https:\/\/www.rubengalarreta.com\/wp-content\/uploads\/2019\/10\/rubengalarreta-menswear.jpg","width":1141,"height":146,"caption":"Ruben Galarreta"},"image":{"@id":"https:\/\/www.rubengalarreta.com\/es\/#\/schema\/logo\/image\/"}}]}},"_links":{"self":[{"href":"https:\/\/www.rubengalarreta.com\/es\/wp-json\/wp\/v2\/product\/55600","targetHints":{"allow":["GET"]}}],"collection":[{"href":"https:\/\/www.rubengalarreta.com\/es\/wp-json\/wp\/v2\/product"}],"about":[{"href":"https:\/\/www.rubengalarreta.com\/es\/wp-json\/wp\/v2\/types\/product"}],"replies":[{"embeddable":true,"href":"https:\/\/www.rubengalarreta.com\/es\/wp-json\/wp\/v2\/comments?post=55600"}],"wp:featuredmedia":[{"embeddable":true,"href":"https:\/\/www.rubengalarreta.com\/es\/wp-json\/wp\/v2\/media\/59252"}],"wp:attachment":[{"href":"https:\/\/www.rubengalarreta.com\/es\/wp-json\/wp\/v2\/media?parent=55600"}],"wp:term":[{"taxonomy":"product_brand","embeddable":true,"href":"https:\/\/www.rubengalarreta.com\/es\/wp-json\/wp\/v2\/product_brand?post=55600"},{"taxonomy":"product_cat","embeddable":true,"href":"https:\/\/www.rubengalarreta.com\/es\/wp-json\/wp\/v2\/product_cat?post=55600"},{"taxonomy":"product_tag","embeddable":true,"href":"https:\/\/www.rubengalarreta.com\/es\/wp-json\/wp\/v2\/product_tag?post=55600"}],"curies":[{"name":"wp","href":"https:\/\/api.w.org\/{rel}","templated":true}]}}