{"id":54539,"date":"2020-06-19T14:10:34","date_gmt":"2020-06-19T12:10:34","guid":{"rendered":"https:\/\/www.rubengalarreta.com\/?post_type=product&#038;p=54539"},"modified":"2021-11-16T13:48:15","modified_gmt":"2021-11-16T12:48:15","slug":"calcetines-negros-galarreta-2","status":"publish","type":"product","link":"https:\/\/www.rubengalarreta.com\/es\/product\/man-es\/calcetines-negros-galarreta-2\/","title":{"rendered":"CALCETINES NEGROS GALARRETA"},"content":{"rendered":"<h4><strong>CALCETINES ROJOS GALARRETA<\/strong><\/h4>\n<table style=\"width: 100%; border-collapse: collapse; border-style: none;\">\n<tbody>\n<tr>\n<td style=\"width: 50%; vertical-align: top; border-style: hidden;\"><strong><span style=\"color: #000000;\"><span style=\"font-family: trebuchet ms, geneva, sans-serif;\">DETALLE PRODUCTO:<\/span><\/span><\/strong><br \/>\n<span style=\"color: #999999;\"><span style=\"font-family: trebuchet ms, geneva, sans-serif;\">-85% algod\u00f3n 15% elastano<\/span><\/span><br \/>\n<span style=\"color: #999999;\"><span style=\"font-family: trebuchet ms, geneva, sans-serif;\">-Algod\u00f3n negro\u00a0 y rojo con estampado Rub\u00e9n Galarreta<\/span><\/span><\/td>\n<td style=\"width: 50%; vertical-align: top; border-style: hidden;\"><strong><span style=\"color: #000000;\"><span style=\"font-family: trebuchet ms, geneva, sans-serif;\">TALLA:<\/span><\/span><\/strong><span style=\"color: #000000;\"><span style=\"font-family: trebuchet ms, geneva, sans-serif;\"><br \/>\n<\/span><\/span><span style=\"color: #999999;\"><span style=\"font-family: trebuchet ms, geneva, sans-serif;\">-EU 39-45 UK 6-10<\/span><\/span><\/td>\n<\/tr>\n<tr>\n<td style=\"width: 50%; vertical-align: top; border-style: hidden;\"><strong><span style=\"color: #000000;\"><span style=\"font-family: trebuchet ms, geneva, sans-serif;\">CUIDADOS<\/span><\/span><\/strong><span style=\"color: #000000;\"><span style=\"font-family: trebuchet ms, geneva, sans-serif;\">:<\/span><\/span><br \/>\n<span style=\"color: #999999;\"><span style=\"font-family: trebuchet ms, geneva, sans-serif;\">&#8211;<span style=\"font-family: 'trebuchet ms', geneva, sans-serif; color: #999999;\">F\u00e1cil planchado y lavado a m\u00e1quina. Seguir instrucciones de cuidado en la etiqueta.<\/span><\/span><\/span><\/td>\n<td style=\"width: 50%; vertical-align: top; border-style: hidden;\"><strong><span style=\"color: #000000;\"><span style=\"font-family: trebuchet ms, geneva, sans-serif;\">HECHO EN ESPA\u00d1A<br \/>\n<\/span><\/span><\/strong><\/td>\n<\/tr>\n<\/tbody>\n<\/table>\n<h4><strong>Descripci\u00f3n:\u00a0<\/strong><\/h4>\n<p>Los CALCETINES NEGROS GALARRETA son los nuevos calcetines de Ruben Galarreta. Estos calcetines est\u00e1n fabricados de algod\u00f3n el\u00e1stico. Est\u00e1n tanto fabricados como dise\u00f1ados en Espa\u00f1a a trav\u00e9s de la linea de moda masculina Rub\u00e9n Galarreta.<\/p>\n<p>Los CALCETINES NEGROS GALARRETA de la colecci\u00f3n menswear tienen un dise\u00f1o original donde el logo de GALARRETA recorre toda la la superficie visible del calcet\u00edn. Adem\u00e1s, los detalles en rojo de la puntera hacen de \u00e9l un accesorio a\u00fan mas especial, capaz de mostrar tu lado m\u00e1s \u00abtrendy\u00bb y atrevido en cada momento.<\/p>\n<p>No solo presentan un dise\u00f1o diferente y especial, sino que est\u00e1n fabricados con los materiales de la mejor calidad, contando con un acolchado en la parte inferior que evitaran rozaduras y te proporcionara un confort total.<\/p>\n<p>Dan un toque deportivo a cada outfit que proporcionan comodidad durante todo el d\u00eda.<\/p>\n<h4><strong>Recomendaciones de estilo:<\/strong><\/h4>\n<ul>\n<li>Para ir al gimnasio: Los nuevos calcetines para hombre\u00a0 pueden convertirse en tu accesorio perfecto para ir al gimnasio. Su tejido, calidad y dise\u00f1o har\u00e1n que te sientas c\u00f3modo y seguro a la hora de realizar los ejercicios. Adem\u00e1s, puedes combinarlos con nuestros <a href=\"https:\/\/www.rubengalarreta.com\/es\/product\/man-es\/beachwear-es\/red-shorts\/\">RED SHORTS<\/a> o con el nuevo <a href=\"https:\/\/www.rubengalarreta.com\/es\/product\/man-es\/hazard-es\/pantalon-corto-hazard\/\">PANTALON CORTO HAZARD<\/a>.<\/li>\n<li>Para salir de fiesta: Si eres de los que sale de fiesta y le gusta darle un toque deportivo pero en tendencia a todos tus outfit, no olvides combinar estos ACCESORIOS INFERNO con tus prendas m\u00e1s fiesteras. Puedes combinarlo con los <a href=\"https:\/\/www.rubengalarreta.com\/es\/product\/man-es\/noir-es\/noir-joggers\/\">JOGGERS NOIR.<\/a><\/li>\n<li>Para el d\u00eda a d\u00eda: sabemos que necesitas accesorios c\u00f3modos para tu d\u00eda a d\u00eda. Por eso con los nuevos calcetines de Ruben Galarreta ese problema lo tienes solucionado.<\/li>\n<\/ul>\n<p>&nbsp;<\/p>\n","protected":false},"excerpt":{"rendered":"<p><strong>CALCETINES NEGROS GALARRETA<\/strong><\/p>\n<p>CALCETINES NEGROS GALARRETA son los nuevos calcetines de Ruben Galarreta. Su tejido de algod\u00f3n te proporcionar\u00e1 el confort que necesitas en tu d\u00eda a d\u00eda.<\/p>\n<p>&nbsp;<\/p>\n","protected":false},"featured_media":55172,"comment_status":"closed","ping_status":"closed","template":"","meta":{"_monsterinsights_skip_tracking":false,"_monsterinsights_sitenote_active":false,"_monsterinsights_sitenote_note":"","_monsterinsights_sitenote_category":0},"product_brand":[],"product_cat":[2081,1921],"product_tag":[5046],"class_list":{"0":"post-54539","1":"product","2":"type-product","3":"status-publish","4":"has-post-thumbnail","6":"product_cat-sales-es-outlet","7":"product_cat-man-es","8":"product_tag-intimo-calcetines","10":"first","11":"outofstock","12":"sale","13":"taxable","14":"shipping-taxable","15":"purchasable","16":"product-type-simple"},"yoast_head":"<!-- This site is optimized with the Yoast SEO plugin v27.3 - https:\/\/yoast.com\/product\/yoast-seo-wordpress\/ -->\n<title>CALCETINES NEGROS GALARRETA - Ruben Galarreta para hombre gay<\/title>\n<meta name=\"description\" content=\"CALCETINES NEGROS GALARRETA son los nuevos calcetines de Ruben Galarreta. Su tejido de algod\u00f3n te proporcionar\u00e1n un perfecto confort.\" \/>\n<meta name=\"robots\" content=\"index, follow, max-snippet:-1, max-image-preview:large, max-video-preview:-1\" \/>\n<link rel=\"canonical\" href=\"https:\/\/www.rubengalarreta.com\/es\/product\/man-es\/calcetines-negros-galarreta-2\/\" \/>\n<meta property=\"og:locale\" content=\"es_ES\" \/>\n<meta property=\"og:type\" content=\"article\" \/>\n<meta property=\"og:title\" content=\"CALCETINES NEGROS GALARRETA - Ruben Galarreta para hombre gay\" \/>\n<meta property=\"og:description\" content=\"CALCETINES NEGROS GALARRETA son los nuevos calcetines de Ruben Galarreta. Su tejido de algod\u00f3n te proporcionar\u00e1n un perfecto confort.\" \/>\n<meta property=\"og:url\" content=\"https:\/\/www.rubengalarreta.com\/es\/product\/man-es\/calcetines-negros-galarreta-2\/\" \/>\n<meta property=\"og:site_name\" content=\"Ruben Galarreta\" \/>\n<meta property=\"article:modified_time\" content=\"2021-11-16T12:48:15+00:00\" \/>\n<meta property=\"og:image\" content=\"https:\/\/www.rubengalarreta.com\/wp-content\/uploads\/2020\/06\/ruben-galarreta-fashion-men-style-mens-socks-model-black-and-red-min.jpg\" \/>\n\t<meta property=\"og:image:width\" content=\"704\" \/>\n\t<meta property=\"og:image:height\" content=\"1000\" \/>\n\t<meta property=\"og:image:type\" content=\"image\/jpeg\" \/>\n<meta name=\"twitter:card\" content=\"summary_large_image\" \/>\n<meta name=\"twitter:label1\" content=\"Tiempo de lectura\" \/>\n\t<meta name=\"twitter:data1\" content=\"2 minutos\" \/>\n<script type=\"application\/ld+json\" class=\"yoast-schema-graph\">{\"@context\":\"https:\\\/\\\/schema.org\",\"@graph\":[{\"@type\":\"WebPage\",\"@id\":\"https:\\\/\\\/www.rubengalarreta.com\\\/es\\\/product\\\/man-es\\\/calcetines-negros-galarreta-2\\\/\",\"url\":\"https:\\\/\\\/www.rubengalarreta.com\\\/es\\\/product\\\/man-es\\\/calcetines-negros-galarreta-2\\\/\",\"name\":\"CALCETINES NEGROS GALARRETA - Ruben Galarreta para hombre gay\",\"isPartOf\":{\"@id\":\"https:\\\/\\\/www.rubengalarreta.com\\\/es\\\/#website\"},\"primaryImageOfPage\":{\"@id\":\"https:\\\/\\\/www.rubengalarreta.com\\\/es\\\/product\\\/man-es\\\/calcetines-negros-galarreta-2\\\/#primaryimage\"},\"image\":{\"@id\":\"https:\\\/\\\/www.rubengalarreta.com\\\/es\\\/product\\\/man-es\\\/calcetines-negros-galarreta-2\\\/#primaryimage\"},\"thumbnailUrl\":\"https:\\\/\\\/www.rubengalarreta.com\\\/wp-content\\\/uploads\\\/2020\\\/06\\\/ruben-galarreta-fashion-men-style-mens-socks-model-black-and-red-min.jpg\",\"datePublished\":\"2020-06-19T12:10:34+00:00\",\"dateModified\":\"2021-11-16T12:48:15+00:00\",\"description\":\"CALCETINES NEGROS GALARRETA son los nuevos calcetines de Ruben Galarreta. Su tejido de algod\u00f3n te proporcionar\u00e1n un perfecto confort.\",\"breadcrumb\":{\"@id\":\"https:\\\/\\\/www.rubengalarreta.com\\\/es\\\/product\\\/man-es\\\/calcetines-negros-galarreta-2\\\/#breadcrumb\"},\"inLanguage\":\"es\",\"potentialAction\":[{\"@type\":\"ReadAction\",\"target\":[\"https:\\\/\\\/www.rubengalarreta.com\\\/es\\\/product\\\/man-es\\\/calcetines-negros-galarreta-2\\\/\"]}]},{\"@type\":\"ImageObject\",\"inLanguage\":\"es\",\"@id\":\"https:\\\/\\\/www.rubengalarreta.com\\\/es\\\/product\\\/man-es\\\/calcetines-negros-galarreta-2\\\/#primaryimage\",\"url\":\"https:\\\/\\\/www.rubengalarreta.com\\\/wp-content\\\/uploads\\\/2020\\\/06\\\/ruben-galarreta-fashion-men-style-mens-socks-model-black-and-red-min.jpg\",\"contentUrl\":\"https:\\\/\\\/www.rubengalarreta.com\\\/wp-content\\\/uploads\\\/2020\\\/06\\\/ruben-galarreta-fashion-men-style-mens-socks-model-black-and-red-min.jpg\",\"width\":704,\"height\":1000},{\"@type\":\"BreadcrumbList\",\"@id\":\"https:\\\/\\\/www.rubengalarreta.com\\\/es\\\/product\\\/man-es\\\/calcetines-negros-galarreta-2\\\/#breadcrumb\",\"itemListElement\":[{\"@type\":\"ListItem\",\"position\":1,\"name\":\"Home\",\"item\":\"https:\\\/\\\/www.rubengalarreta.com\\\/es\\\/\"},{\"@type\":\"ListItem\",\"position\":2,\"name\":\"Tienda Online\",\"item\":\"https:\\\/\\\/www.rubengalarreta.com\\\/es\\\/tienda-2\\\/\"},{\"@type\":\"ListItem\",\"position\":3,\"name\":\"CALCETINES NEGROS GALARRETA\"}]},{\"@type\":\"WebSite\",\"@id\":\"https:\\\/\\\/www.rubengalarreta.com\\\/es\\\/#website\",\"url\":\"https:\\\/\\\/www.rubengalarreta.com\\\/es\\\/\",\"name\":\"Ruben Galarreta\",\"description\":\"Hot Couture | Online Store\",\"publisher\":{\"@id\":\"https:\\\/\\\/www.rubengalarreta.com\\\/es\\\/#organization\"},\"potentialAction\":[{\"@type\":\"SearchAction\",\"target\":{\"@type\":\"EntryPoint\",\"urlTemplate\":\"https:\\\/\\\/www.rubengalarreta.com\\\/es\\\/?s={search_term_string}\"},\"query-input\":{\"@type\":\"PropertyValueSpecification\",\"valueRequired\":true,\"valueName\":\"search_term_string\"}}],\"inLanguage\":\"es\"},{\"@type\":\"Organization\",\"@id\":\"https:\\\/\\\/www.rubengalarreta.com\\\/es\\\/#organization\",\"name\":\"Ruben Galarreta\",\"url\":\"https:\\\/\\\/www.rubengalarreta.com\\\/es\\\/\",\"logo\":{\"@type\":\"ImageObject\",\"inLanguage\":\"es\",\"@id\":\"https:\\\/\\\/www.rubengalarreta.com\\\/es\\\/#\\\/schema\\\/logo\\\/image\\\/\",\"url\":\"https:\\\/\\\/www.rubengalarreta.com\\\/wp-content\\\/uploads\\\/2019\\\/10\\\/rubengalarreta-menswear.jpg\",\"contentUrl\":\"https:\\\/\\\/www.rubengalarreta.com\\\/wp-content\\\/uploads\\\/2019\\\/10\\\/rubengalarreta-menswear.jpg\",\"width\":1141,\"height\":146,\"caption\":\"Ruben Galarreta\"},\"image\":{\"@id\":\"https:\\\/\\\/www.rubengalarreta.com\\\/es\\\/#\\\/schema\\\/logo\\\/image\\\/\"}}]}<\/script>\n<!-- \/ Yoast SEO plugin. -->","yoast_head_json":{"title":"CALCETINES NEGROS GALARRETA - Ruben Galarreta para hombre gay","description":"CALCETINES NEGROS GALARRETA son los nuevos calcetines de Ruben Galarreta. Su tejido de algod\u00f3n te proporcionar\u00e1n un perfecto confort.","robots":{"index":"index","follow":"follow","max-snippet":"max-snippet:-1","max-image-preview":"max-image-preview:large","max-video-preview":"max-video-preview:-1"},"canonical":"https:\/\/www.rubengalarreta.com\/es\/product\/man-es\/calcetines-negros-galarreta-2\/","og_locale":"es_ES","og_type":"article","og_title":"CALCETINES NEGROS GALARRETA - Ruben Galarreta para hombre gay","og_description":"CALCETINES NEGROS GALARRETA son los nuevos calcetines de Ruben Galarreta. Su tejido de algod\u00f3n te proporcionar\u00e1n un perfecto confort.","og_url":"https:\/\/www.rubengalarreta.com\/es\/product\/man-es\/calcetines-negros-galarreta-2\/","og_site_name":"Ruben Galarreta","article_modified_time":"2021-11-16T12:48:15+00:00","og_image":[{"width":704,"height":1000,"url":"https:\/\/www.rubengalarreta.com\/wp-content\/uploads\/2020\/06\/ruben-galarreta-fashion-men-style-mens-socks-model-black-and-red-min.jpg","type":"image\/jpeg"}],"twitter_card":"summary_large_image","twitter_misc":{"Tiempo de lectura":"2 minutos"},"schema":{"@context":"https:\/\/schema.org","@graph":[{"@type":"WebPage","@id":"https:\/\/www.rubengalarreta.com\/es\/product\/man-es\/calcetines-negros-galarreta-2\/","url":"https:\/\/www.rubengalarreta.com\/es\/product\/man-es\/calcetines-negros-galarreta-2\/","name":"CALCETINES NEGROS GALARRETA - Ruben Galarreta para hombre gay","isPartOf":{"@id":"https:\/\/www.rubengalarreta.com\/es\/#website"},"primaryImageOfPage":{"@id":"https:\/\/www.rubengalarreta.com\/es\/product\/man-es\/calcetines-negros-galarreta-2\/#primaryimage"},"image":{"@id":"https:\/\/www.rubengalarreta.com\/es\/product\/man-es\/calcetines-negros-galarreta-2\/#primaryimage"},"thumbnailUrl":"https:\/\/www.rubengalarreta.com\/wp-content\/uploads\/2020\/06\/ruben-galarreta-fashion-men-style-mens-socks-model-black-and-red-min.jpg","datePublished":"2020-06-19T12:10:34+00:00","dateModified":"2021-11-16T12:48:15+00:00","description":"CALCETINES NEGROS GALARRETA son los nuevos calcetines de Ruben Galarreta. Su tejido de algod\u00f3n te proporcionar\u00e1n un perfecto confort.","breadcrumb":{"@id":"https:\/\/www.rubengalarreta.com\/es\/product\/man-es\/calcetines-negros-galarreta-2\/#breadcrumb"},"inLanguage":"es","potentialAction":[{"@type":"ReadAction","target":["https:\/\/www.rubengalarreta.com\/es\/product\/man-es\/calcetines-negros-galarreta-2\/"]}]},{"@type":"ImageObject","inLanguage":"es","@id":"https:\/\/www.rubengalarreta.com\/es\/product\/man-es\/calcetines-negros-galarreta-2\/#primaryimage","url":"https:\/\/www.rubengalarreta.com\/wp-content\/uploads\/2020\/06\/ruben-galarreta-fashion-men-style-mens-socks-model-black-and-red-min.jpg","contentUrl":"https:\/\/www.rubengalarreta.com\/wp-content\/uploads\/2020\/06\/ruben-galarreta-fashion-men-style-mens-socks-model-black-and-red-min.jpg","width":704,"height":1000},{"@type":"BreadcrumbList","@id":"https:\/\/www.rubengalarreta.com\/es\/product\/man-es\/calcetines-negros-galarreta-2\/#breadcrumb","itemListElement":[{"@type":"ListItem","position":1,"name":"Home","item":"https:\/\/www.rubengalarreta.com\/es\/"},{"@type":"ListItem","position":2,"name":"Tienda Online","item":"https:\/\/www.rubengalarreta.com\/es\/tienda-2\/"},{"@type":"ListItem","position":3,"name":"CALCETINES NEGROS GALARRETA"}]},{"@type":"WebSite","@id":"https:\/\/www.rubengalarreta.com\/es\/#website","url":"https:\/\/www.rubengalarreta.com\/es\/","name":"Ruben Galarreta","description":"Hot Couture | Online Store","publisher":{"@id":"https:\/\/www.rubengalarreta.com\/es\/#organization"},"potentialAction":[{"@type":"SearchAction","target":{"@type":"EntryPoint","urlTemplate":"https:\/\/www.rubengalarreta.com\/es\/?s={search_term_string}"},"query-input":{"@type":"PropertyValueSpecification","valueRequired":true,"valueName":"search_term_string"}}],"inLanguage":"es"},{"@type":"Organization","@id":"https:\/\/www.rubengalarreta.com\/es\/#organization","name":"Ruben Galarreta","url":"https:\/\/www.rubengalarreta.com\/es\/","logo":{"@type":"ImageObject","inLanguage":"es","@id":"https:\/\/www.rubengalarreta.com\/es\/#\/schema\/logo\/image\/","url":"https:\/\/www.rubengalarreta.com\/wp-content\/uploads\/2019\/10\/rubengalarreta-menswear.jpg","contentUrl":"https:\/\/www.rubengalarreta.com\/wp-content\/uploads\/2019\/10\/rubengalarreta-menswear.jpg","width":1141,"height":146,"caption":"Ruben Galarreta"},"image":{"@id":"https:\/\/www.rubengalarreta.com\/es\/#\/schema\/logo\/image\/"}}]}},"_links":{"self":[{"href":"https:\/\/www.rubengalarreta.com\/es\/wp-json\/wp\/v2\/product\/54539","targetHints":{"allow":["GET"]}}],"collection":[{"href":"https:\/\/www.rubengalarreta.com\/es\/wp-json\/wp\/v2\/product"}],"about":[{"href":"https:\/\/www.rubengalarreta.com\/es\/wp-json\/wp\/v2\/types\/product"}],"replies":[{"embeddable":true,"href":"https:\/\/www.rubengalarreta.com\/es\/wp-json\/wp\/v2\/comments?post=54539"}],"wp:featuredmedia":[{"embeddable":true,"href":"https:\/\/www.rubengalarreta.com\/es\/wp-json\/wp\/v2\/media\/55172"}],"wp:attachment":[{"href":"https:\/\/www.rubengalarreta.com\/es\/wp-json\/wp\/v2\/media?parent=54539"}],"wp:term":[{"taxonomy":"product_brand","embeddable":true,"href":"https:\/\/www.rubengalarreta.com\/es\/wp-json\/wp\/v2\/product_brand?post=54539"},{"taxonomy":"product_cat","embeddable":true,"href":"https:\/\/www.rubengalarreta.com\/es\/wp-json\/wp\/v2\/product_cat?post=54539"},{"taxonomy":"product_tag","embeddable":true,"href":"https:\/\/www.rubengalarreta.com\/es\/wp-json\/wp\/v2\/product_tag?post=54539"}],"curies":[{"name":"wp","href":"https:\/\/api.w.org\/{rel}","templated":true}]}}