{"id":54142,"date":"2020-06-11T10:55:20","date_gmt":"2020-06-11T08:55:21","guid":{"rendered":"https:\/\/www.rubengalarreta.com\/?post_type=product&#038;p=54142"},"modified":"2021-11-16T13:48:07","modified_gmt":"2021-11-16T12:48:07","slug":"suspensorio-negro-inferno","status":"publish","type":"product","link":"https:\/\/www.rubengalarreta.com\/es\/product\/man-es\/suspensorio-negro-inferno\/","title":{"rendered":"SUSPENSORIO NEGRO INFERNO"},"content":{"rendered":"<h2><strong>SUSPENSORIO NEGRO INFERNO<\/strong><\/h2>\n<table style=\"height: 177px; width: 100%; border-collapse: collapse; border-style: hidden;\">\n<tbody>\n<tr style=\"height: 128px;\" valign=\"TOP\">\n<td style=\"width: 49.8998%; height: 128px; border-style: hidden;\" width=\"293\" height=\"19\"><span style=\"color: #000000;\"><span style=\"font-family: trebuchet ms, serif;\"><b>DETALLES DE PRODUCTO:<br \/>\n<\/b><\/span><\/span><span style=\"color: #999999;\"><span style=\"font-family: trebuchet ms, serif;\">-Concha de doble capa de 100% algod\u00f3n<\/span><\/span><br \/>\n<span style=\"color: #999999;\"><span style=\"font-family: trebuchet ms, serif;\">-95% algod\u00f3n; 5% licra<\/span><\/span><br \/>\n<span style=\"color: #999999;\"><span style=\"font-family: trebuchet ms, serif;\">-Tejido de color negro con logo de Galarreta Inferno<br \/>\n-Detalles en rojo<\/span><\/span><\/td>\n<td style=\"width: 50.1002%; height: 128px; border-style: hidden;\" width=\"293\"><span style=\"color: #000000;\"><span style=\"font-family: trebuchet ms, serif;\"><b>TALLA:<br \/>\n<\/b><\/span><\/span><span style=\"color: #999999;\"><span style=\"font-family: trebuchet ms, serif;\">-Slim Fit<\/span><\/span><\/td>\n<\/tr>\n<tr style=\"height: 49px;\" valign=\"TOP\">\n<td style=\"width: 49.8998%; height: 49px; border-style: hidden;\" width=\"293\" height=\"19\"><span style=\"color: #000000;\"><span style=\"font-family: trebuchet ms, serif;\"><strong>CUIDADOS:<\/strong><br \/>\n<\/span><\/span><span style=\"color: #999999;\"><span style=\"font-family: trebuchet ms, serif;\">-Lavado a m\u00e1quina seg\u00fan las instrucciones de cuidado de la etiqueta<\/span><\/span><\/td>\n<td style=\"width: 50.1002%; height: 49px; border-style: hidden;\" width=\"293\"><span style=\"color: #000000;\"><span style=\"font-family: trebuchet ms, serif;\"><strong>MEDIDAS MODELO:<\/strong><br \/>\n<\/span><\/span><span style=\"color: #808080;\">-Altura de modelo: 180 cm \/ 5?.9\u201d<\/span><br \/>\n<span style=\"color: #808080;\">-El modelo usa talla M<\/span><\/td>\n<\/tr>\n<\/tbody>\n<\/table>\n<h4><strong>Descripci\u00f3n:<\/strong><\/h4>\n<p>Seguro que eres atrevido, y est\u00e1s dispuesto a serlo cuando quieras con el suspensorio m\u00e1s descarado de toda nuestra colecci\u00f3n. Este suspensorio para hombres es una de las nuevas prendas de la colecci\u00f3n <a href=\"https:\/\/www.rubengalarreta.com\/product-category\/man\/underwear-and-socks\/\">UNDERWEAR<\/a>. El suspensorio de estilo fetish combina la fuerza y la sensualidad de la colecci\u00f3n. La composici\u00f3n es de 95% de algod\u00f3n y de 5% de licra para obtener mayor comodidad y una forma de paquete perfecto. Dise\u00f1ado por nosotros en Espa\u00f1a con el LOGOTIPO GALARRETA INFERNO.<\/p>\n<p>El SUSPENSORIO NEGRO INFERNO para hombre est\u00e1 compuesto por una cinta el\u00e1stica con el logo Ruben Galarreta Inferno. La parte frontal est\u00e1 formada por una bolsa de doble capa 100% algod\u00f3n con efecto push up. Las bandas traseras en color negro que se unen de la cintura a la parte baja de la bolsa frontal.<\/p>\n<p>Gracias a su versatilidad y sensualidad podr\u00e1s llevarlo cuando quieras y sentirte libre y sexy al mismo tiempo. Se descarado y atrevido con nuestros nuevos suspensorios.<\/p>\n<p>&nbsp;<\/p>\n<h4><strong>Nota de estilo:<\/strong><\/h4>\n<p>La versatilidad del SUSPENSORIO NEGRO INFERNO te de la libertad de usarlo para lo que te apetezca, nosotros te recomendamos que lo combines con uno de nuestros <a href=\"https:\/\/www.rubengalarreta.com\/es\/producto-categoria\/man-es\/accessories-m-es\/\">ARNESES.<\/a><\/p>\n","protected":false},"excerpt":{"rendered":"<h1><strong>SUSPENSORIO NEGRO INFERNO<\/strong><\/h1>\n<p>Seguro de que eres atrevido y est\u00e1s dispuesto a serlo cuando quieras con el suspensorio m\u00e1s descarado de toda nuestra colecci\u00f3n. Este SUSPENSORIO NEGRO INFERNO para hombres es uno de los nuevos art\u00edculos de la l\u00ednea INFERNO.<\/p>\n<p>&nbsp;<\/p>\n","protected":false},"featured_media":54303,"comment_status":"closed","ping_status":"closed","template":"","meta":{"_monsterinsights_skip_tracking":false,"_monsterinsights_sitenote_active":false,"_monsterinsights_sitenote_note":"","_monsterinsights_sitenote_category":0},"product_brand":[],"product_cat":[5054,1921],"product_tag":[5046],"class_list":{"0":"post-54142","1":"product","2":"type-product","3":"status-publish","4":"has-post-thumbnail","6":"product_cat-intimo-calcetines","7":"product_cat-man-es","8":"product_tag-intimo-calcetines","10":"first","11":"instock","12":"sale","13":"taxable","14":"shipping-taxable","15":"purchasable","16":"product-type-variable","17":"has-default-attributes"},"yoast_head":"<!-- This site is optimized with the Yoast SEO plugin v27.3 - https:\/\/yoast.com\/product\/yoast-seo-wordpress\/ -->\n<title>SUSPENSORIO NEGRO INFERNO - Ruben Galarreta - Suspensorios<\/title>\n<meta name=\"description\" content=\"Descubre el nuevo Suspensorio Negro Inferno de Ruben Galarreta en la colecci\u00f3n dise\u00f1ada en Espa\u00f1a. Atr\u00e9vete a sentirte sexy y atrevido.\" \/>\n<meta name=\"robots\" content=\"index, follow, max-snippet:-1, max-image-preview:large, max-video-preview:-1\" \/>\n<link rel=\"canonical\" href=\"https:\/\/www.rubengalarreta.com\/es\/product\/man-es\/suspensorio-negro-inferno\/\" \/>\n<meta property=\"og:locale\" content=\"es_ES\" \/>\n<meta property=\"og:type\" content=\"article\" \/>\n<meta property=\"og:title\" content=\"SUSPENSORIO NEGRO INFERNO - Ruben Galarreta - Suspensorios\" \/>\n<meta property=\"og:description\" content=\"Descubre el nuevo Suspensorio Negro Inferno de Ruben Galarreta en la colecci\u00f3n dise\u00f1ada en Espa\u00f1a. Atr\u00e9vete a sentirte sexy y atrevido.\" \/>\n<meta property=\"og:url\" content=\"https:\/\/www.rubengalarreta.com\/es\/product\/man-es\/suspensorio-negro-inferno\/\" \/>\n<meta property=\"og:site_name\" content=\"Ruben Galarreta\" \/>\n<meta property=\"article:modified_time\" content=\"2021-11-16T12:48:07+00:00\" \/>\n<meta property=\"og:image\" content=\"https:\/\/www.rubengalarreta.com\/wp-content\/uploads\/2020\/06\/ruben-galarreta-underwear-fashion-men-black-jockstrap-front-min.jpg\" \/>\n\t<meta property=\"og:image:width\" content=\"704\" \/>\n\t<meta property=\"og:image:height\" content=\"1000\" \/>\n\t<meta property=\"og:image:type\" content=\"image\/jpeg\" \/>\n<meta name=\"twitter:card\" content=\"summary_large_image\" \/>\n<meta name=\"twitter:label1\" content=\"Tiempo de lectura\" \/>\n\t<meta name=\"twitter:data1\" content=\"2 minutos\" \/>\n<script type=\"application\/ld+json\" class=\"yoast-schema-graph\">{\"@context\":\"https:\\\/\\\/schema.org\",\"@graph\":[{\"@type\":\"WebPage\",\"@id\":\"https:\\\/\\\/www.rubengalarreta.com\\\/es\\\/product\\\/man-es\\\/suspensorio-negro-inferno\\\/\",\"url\":\"https:\\\/\\\/www.rubengalarreta.com\\\/es\\\/product\\\/man-es\\\/suspensorio-negro-inferno\\\/\",\"name\":\"SUSPENSORIO NEGRO INFERNO - Ruben Galarreta - Suspensorios\",\"isPartOf\":{\"@id\":\"https:\\\/\\\/www.rubengalarreta.com\\\/es\\\/#website\"},\"primaryImageOfPage\":{\"@id\":\"https:\\\/\\\/www.rubengalarreta.com\\\/es\\\/product\\\/man-es\\\/suspensorio-negro-inferno\\\/#primaryimage\"},\"image\":{\"@id\":\"https:\\\/\\\/www.rubengalarreta.com\\\/es\\\/product\\\/man-es\\\/suspensorio-negro-inferno\\\/#primaryimage\"},\"thumbnailUrl\":\"https:\\\/\\\/www.rubengalarreta.com\\\/wp-content\\\/uploads\\\/2020\\\/06\\\/ruben-galarreta-underwear-fashion-men-black-jockstrap-front-min.jpg\",\"datePublished\":\"2020-06-11T08:55:21+00:00\",\"dateModified\":\"2021-11-16T12:48:07+00:00\",\"description\":\"Descubre el nuevo Suspensorio Negro Inferno de Ruben Galarreta en la colecci\u00f3n dise\u00f1ada en Espa\u00f1a. Atr\u00e9vete a sentirte sexy y atrevido.\",\"breadcrumb\":{\"@id\":\"https:\\\/\\\/www.rubengalarreta.com\\\/es\\\/product\\\/man-es\\\/suspensorio-negro-inferno\\\/#breadcrumb\"},\"inLanguage\":\"es\",\"potentialAction\":[{\"@type\":\"ReadAction\",\"target\":[\"https:\\\/\\\/www.rubengalarreta.com\\\/es\\\/product\\\/man-es\\\/suspensorio-negro-inferno\\\/\"]}]},{\"@type\":\"ImageObject\",\"inLanguage\":\"es\",\"@id\":\"https:\\\/\\\/www.rubengalarreta.com\\\/es\\\/product\\\/man-es\\\/suspensorio-negro-inferno\\\/#primaryimage\",\"url\":\"https:\\\/\\\/www.rubengalarreta.com\\\/wp-content\\\/uploads\\\/2020\\\/06\\\/ruben-galarreta-underwear-fashion-men-black-jockstrap-front-min.jpg\",\"contentUrl\":\"https:\\\/\\\/www.rubengalarreta.com\\\/wp-content\\\/uploads\\\/2020\\\/06\\\/ruben-galarreta-underwear-fashion-men-black-jockstrap-front-min.jpg\",\"width\":704,\"height\":1000},{\"@type\":\"BreadcrumbList\",\"@id\":\"https:\\\/\\\/www.rubengalarreta.com\\\/es\\\/product\\\/man-es\\\/suspensorio-negro-inferno\\\/#breadcrumb\",\"itemListElement\":[{\"@type\":\"ListItem\",\"position\":1,\"name\":\"Home\",\"item\":\"https:\\\/\\\/www.rubengalarreta.com\\\/es\\\/\"},{\"@type\":\"ListItem\",\"position\":2,\"name\":\"Tienda Online\",\"item\":\"https:\\\/\\\/www.rubengalarreta.com\\\/es\\\/tienda-2\\\/\"},{\"@type\":\"ListItem\",\"position\":3,\"name\":\"SUSPENSORIO NEGRO INFERNO\"}]},{\"@type\":\"WebSite\",\"@id\":\"https:\\\/\\\/www.rubengalarreta.com\\\/es\\\/#website\",\"url\":\"https:\\\/\\\/www.rubengalarreta.com\\\/es\\\/\",\"name\":\"Ruben Galarreta\",\"description\":\"Hot Couture | Online Store\",\"publisher\":{\"@id\":\"https:\\\/\\\/www.rubengalarreta.com\\\/es\\\/#organization\"},\"potentialAction\":[{\"@type\":\"SearchAction\",\"target\":{\"@type\":\"EntryPoint\",\"urlTemplate\":\"https:\\\/\\\/www.rubengalarreta.com\\\/es\\\/?s={search_term_string}\"},\"query-input\":{\"@type\":\"PropertyValueSpecification\",\"valueRequired\":true,\"valueName\":\"search_term_string\"}}],\"inLanguage\":\"es\"},{\"@type\":\"Organization\",\"@id\":\"https:\\\/\\\/www.rubengalarreta.com\\\/es\\\/#organization\",\"name\":\"Ruben Galarreta\",\"url\":\"https:\\\/\\\/www.rubengalarreta.com\\\/es\\\/\",\"logo\":{\"@type\":\"ImageObject\",\"inLanguage\":\"es\",\"@id\":\"https:\\\/\\\/www.rubengalarreta.com\\\/es\\\/#\\\/schema\\\/logo\\\/image\\\/\",\"url\":\"https:\\\/\\\/www.rubengalarreta.com\\\/wp-content\\\/uploads\\\/2019\\\/10\\\/rubengalarreta-menswear.jpg\",\"contentUrl\":\"https:\\\/\\\/www.rubengalarreta.com\\\/wp-content\\\/uploads\\\/2019\\\/10\\\/rubengalarreta-menswear.jpg\",\"width\":1141,\"height\":146,\"caption\":\"Ruben Galarreta\"},\"image\":{\"@id\":\"https:\\\/\\\/www.rubengalarreta.com\\\/es\\\/#\\\/schema\\\/logo\\\/image\\\/\"}}]}<\/script>\n<!-- \/ Yoast SEO plugin. -->","yoast_head_json":{"title":"SUSPENSORIO NEGRO INFERNO - Ruben Galarreta - Suspensorios","description":"Descubre el nuevo Suspensorio Negro Inferno de Ruben Galarreta en la colecci\u00f3n dise\u00f1ada en Espa\u00f1a. Atr\u00e9vete a sentirte sexy y atrevido.","robots":{"index":"index","follow":"follow","max-snippet":"max-snippet:-1","max-image-preview":"max-image-preview:large","max-video-preview":"max-video-preview:-1"},"canonical":"https:\/\/www.rubengalarreta.com\/es\/product\/man-es\/suspensorio-negro-inferno\/","og_locale":"es_ES","og_type":"article","og_title":"SUSPENSORIO NEGRO INFERNO - Ruben Galarreta - Suspensorios","og_description":"Descubre el nuevo Suspensorio Negro Inferno de Ruben Galarreta en la colecci\u00f3n dise\u00f1ada en Espa\u00f1a. Atr\u00e9vete a sentirte sexy y atrevido.","og_url":"https:\/\/www.rubengalarreta.com\/es\/product\/man-es\/suspensorio-negro-inferno\/","og_site_name":"Ruben Galarreta","article_modified_time":"2021-11-16T12:48:07+00:00","og_image":[{"width":704,"height":1000,"url":"https:\/\/www.rubengalarreta.com\/wp-content\/uploads\/2020\/06\/ruben-galarreta-underwear-fashion-men-black-jockstrap-front-min.jpg","type":"image\/jpeg"}],"twitter_card":"summary_large_image","twitter_misc":{"Tiempo de lectura":"2 minutos"},"schema":{"@context":"https:\/\/schema.org","@graph":[{"@type":"WebPage","@id":"https:\/\/www.rubengalarreta.com\/es\/product\/man-es\/suspensorio-negro-inferno\/","url":"https:\/\/www.rubengalarreta.com\/es\/product\/man-es\/suspensorio-negro-inferno\/","name":"SUSPENSORIO NEGRO INFERNO - Ruben Galarreta - Suspensorios","isPartOf":{"@id":"https:\/\/www.rubengalarreta.com\/es\/#website"},"primaryImageOfPage":{"@id":"https:\/\/www.rubengalarreta.com\/es\/product\/man-es\/suspensorio-negro-inferno\/#primaryimage"},"image":{"@id":"https:\/\/www.rubengalarreta.com\/es\/product\/man-es\/suspensorio-negro-inferno\/#primaryimage"},"thumbnailUrl":"https:\/\/www.rubengalarreta.com\/wp-content\/uploads\/2020\/06\/ruben-galarreta-underwear-fashion-men-black-jockstrap-front-min.jpg","datePublished":"2020-06-11T08:55:21+00:00","dateModified":"2021-11-16T12:48:07+00:00","description":"Descubre el nuevo Suspensorio Negro Inferno de Ruben Galarreta en la colecci\u00f3n dise\u00f1ada en Espa\u00f1a. Atr\u00e9vete a sentirte sexy y atrevido.","breadcrumb":{"@id":"https:\/\/www.rubengalarreta.com\/es\/product\/man-es\/suspensorio-negro-inferno\/#breadcrumb"},"inLanguage":"es","potentialAction":[{"@type":"ReadAction","target":["https:\/\/www.rubengalarreta.com\/es\/product\/man-es\/suspensorio-negro-inferno\/"]}]},{"@type":"ImageObject","inLanguage":"es","@id":"https:\/\/www.rubengalarreta.com\/es\/product\/man-es\/suspensorio-negro-inferno\/#primaryimage","url":"https:\/\/www.rubengalarreta.com\/wp-content\/uploads\/2020\/06\/ruben-galarreta-underwear-fashion-men-black-jockstrap-front-min.jpg","contentUrl":"https:\/\/www.rubengalarreta.com\/wp-content\/uploads\/2020\/06\/ruben-galarreta-underwear-fashion-men-black-jockstrap-front-min.jpg","width":704,"height":1000},{"@type":"BreadcrumbList","@id":"https:\/\/www.rubengalarreta.com\/es\/product\/man-es\/suspensorio-negro-inferno\/#breadcrumb","itemListElement":[{"@type":"ListItem","position":1,"name":"Home","item":"https:\/\/www.rubengalarreta.com\/es\/"},{"@type":"ListItem","position":2,"name":"Tienda Online","item":"https:\/\/www.rubengalarreta.com\/es\/tienda-2\/"},{"@type":"ListItem","position":3,"name":"SUSPENSORIO NEGRO INFERNO"}]},{"@type":"WebSite","@id":"https:\/\/www.rubengalarreta.com\/es\/#website","url":"https:\/\/www.rubengalarreta.com\/es\/","name":"Ruben Galarreta","description":"Hot Couture | Online Store","publisher":{"@id":"https:\/\/www.rubengalarreta.com\/es\/#organization"},"potentialAction":[{"@type":"SearchAction","target":{"@type":"EntryPoint","urlTemplate":"https:\/\/www.rubengalarreta.com\/es\/?s={search_term_string}"},"query-input":{"@type":"PropertyValueSpecification","valueRequired":true,"valueName":"search_term_string"}}],"inLanguage":"es"},{"@type":"Organization","@id":"https:\/\/www.rubengalarreta.com\/es\/#organization","name":"Ruben Galarreta","url":"https:\/\/www.rubengalarreta.com\/es\/","logo":{"@type":"ImageObject","inLanguage":"es","@id":"https:\/\/www.rubengalarreta.com\/es\/#\/schema\/logo\/image\/","url":"https:\/\/www.rubengalarreta.com\/wp-content\/uploads\/2019\/10\/rubengalarreta-menswear.jpg","contentUrl":"https:\/\/www.rubengalarreta.com\/wp-content\/uploads\/2019\/10\/rubengalarreta-menswear.jpg","width":1141,"height":146,"caption":"Ruben Galarreta"},"image":{"@id":"https:\/\/www.rubengalarreta.com\/es\/#\/schema\/logo\/image\/"}}]}},"_links":{"self":[{"href":"https:\/\/www.rubengalarreta.com\/es\/wp-json\/wp\/v2\/product\/54142","targetHints":{"allow":["GET"]}}],"collection":[{"href":"https:\/\/www.rubengalarreta.com\/es\/wp-json\/wp\/v2\/product"}],"about":[{"href":"https:\/\/www.rubengalarreta.com\/es\/wp-json\/wp\/v2\/types\/product"}],"replies":[{"embeddable":true,"href":"https:\/\/www.rubengalarreta.com\/es\/wp-json\/wp\/v2\/comments?post=54142"}],"wp:featuredmedia":[{"embeddable":true,"href":"https:\/\/www.rubengalarreta.com\/es\/wp-json\/wp\/v2\/media\/54303"}],"wp:attachment":[{"href":"https:\/\/www.rubengalarreta.com\/es\/wp-json\/wp\/v2\/media?parent=54142"}],"wp:term":[{"taxonomy":"product_brand","embeddable":true,"href":"https:\/\/www.rubengalarreta.com\/es\/wp-json\/wp\/v2\/product_brand?post=54142"},{"taxonomy":"product_cat","embeddable":true,"href":"https:\/\/www.rubengalarreta.com\/es\/wp-json\/wp\/v2\/product_cat?post=54142"},{"taxonomy":"product_tag","embeddable":true,"href":"https:\/\/www.rubengalarreta.com\/es\/wp-json\/wp\/v2\/product_tag?post=54142"}],"curies":[{"name":"wp","href":"https:\/\/api.w.org\/{rel}","templated":true}]}}