{"id":54049,"date":"2020-06-09T10:38:26","date_gmt":"2020-06-09T08:38:52","guid":{"rendered":"https:\/\/www.rubengalarreta.com\/?post_type=product&#038;p=54049"},"modified":"2021-09-02T11:00:10","modified_gmt":"2021-09-02T09:00:10","slug":"camiseta-rosa-galarreta","status":"publish","type":"product","link":"https:\/\/www.rubengalarreta.com\/es\/product\/man-es\/casual-issue\/camiseta-rosa-galarreta\/","title":{"rendered":"CAMISETA ROSA GALARRETA"},"content":{"rendered":"<h3><strong>CAMISETA ROSA GALARRETA<\/strong><\/h3>\n<table style=\"height: 183px; width: 100%; border-collapse: collapse; border-style: hidden;\">\n<tbody>\n<tr valign=\"TOP\">\n<td style=\"width: 49.8998%; border-style: hidden;\" width=\"293\" height=\"19\"><span style=\"color: #000000;\"><span style=\"font-family: trebuchet ms, serif;\"><b>DETALLES DE PRODUCTO:<br \/>\n<\/b><\/span><\/span><span style=\"color: #999999;\"><span style=\"font-family: trebuchet ms, serif;\">-100% algod\u00f3n<\/span><\/span><br \/>\n<span style=\"color: #999999;\"><span style=\"font-family: trebuchet ms, serif;\">-Tela de color rosa con logo blanco de Galarreta<\/span><\/span><\/td>\n<td style=\"width: 50.1002%; border-style: hidden;\" width=\"293\"><span style=\"color: #000000;\"><span style=\"font-family: trebuchet ms, serif;\"><b>TALLA:<br \/>\n<\/b><\/span><\/span><span style=\"color: #999999;\"><span style=\"font-family: trebuchet ms, serif;\">-Smart Fit<\/span><\/span><\/td>\n<\/tr>\n<tr valign=\"TOP\">\n<td style=\"width: 49.8998%; border-style: hidden;\" width=\"293\" height=\"19\"><span style=\"color: #000000;\"><span style=\"font-family: trebuchet ms, serif;\"><b>CUIDADOS:<br \/>\n<\/b><\/span><\/span><span style=\"color: #999999;\"><span style=\"font-family: trebuchet ms, serif;\">-Lavado a m\u00e1quina seg\u00fan las instrucciones de cuidado de la etiqueta y planchado al rev\u00e9s<\/span><\/span><\/td>\n<td style=\"width: 50.1002%; border-style: hidden;\" width=\"293\"><span style=\"color: #000000;\"><span style=\"font-family: trebuchet ms, serif;\"><b>MEDIDAS MODELO:<br \/>\n<\/b><\/span><\/span><span style=\"color: #999999;\"><span style=\"font-family: trebuchet ms, serif;\"><span style=\"font-family: trebuchet ms, geneva, sans-serif;\">-Altura de modelo: 178 cm \/ 5\u00b4.83\u201d<br \/>\n-El modelo usa talla M<br \/>\n<\/span><\/span><\/span><\/td>\n<\/tr>\n<\/tbody>\n<\/table>\n<h4><strong>Descripci\u00f3n:<\/strong><\/h4>\n<p>La PINK GALARRETA T-SHIRT para hombre est\u00e1 hecha de 100% algod\u00f3n, dise\u00f1ada por nosotros en Espa\u00f1a con un exclusivo estampado blanco de RUBEN GALARRETA. Esta camiseta para hombres es una camisa de cuello redondo, manga corta y de color rosa. Lo m\u00e1s destacable de la camiseta es que tiene el logo de GALARRETA impreso en la parte superior del pecho, la cual puedes combinar con la PINK GALARRETA MASK.<\/p>\n<p><span style=\"font-size: 14.4px;\">Por otro lado, el ajuste inteligente, de la PINK GALARRETA T-SHIRT viene en tres tama\u00f1os: small, medium &amp; large. Adem\u00e1s, esta camiseta rosa para hombres ofrece una transpiraci\u00f3n que es ideal para las calurosas noches de verano. A su vez, al estar hecha de algod\u00f3n 100%, la camiseta se ajusta muy bien a la vez que se siente muy suave en la piel. Mientras que esta colecci\u00f3n de moda de camisetas para hombres es ideal para el uso diario, tambi\u00e9n es perfecta para una sentirte sexy por la noche. Adem\u00e1s de esto, esta camiseta smart fit para hombres te ayudar\u00e1 a conseguir la atenci\u00f3n que mereces. En otras palabras, esta camiseta para hombres te ser\u00e1 muy \u00fatil para cuando quieras estar c\u00f3modo en una fiesta, en el orgullo y en definitiva, en cualquier lugar donde te permitir\u00e1 mostrar tu cuerpo esculpido.<\/span><\/p>\n<p>&nbsp;<\/p>\n<h4><strong>Nota de estilo:<\/strong><\/h4>\n<p>Si quieres un look sexy, para esta camiseta, RUBEN GALARRETA te sugiere que la lleves con un par de pantalones vaqueros junto con uno de nuestros <a href=\"https:\/\/www.rubengalarreta.com\/es\/producto-categoria\/man-es\/accessories-m-es\/\">ARNESES.\u00a0<\/a>De hecho, si quieres a\u00f1adir un poco m\u00e1s de estilo a tu look, puedes usar un choker como accesorio. Y por \u00faltimo completa tu outfit con tu par de sneakers favoritas.<\/p>\n<p>Si prefieres un look m\u00e1s urbano, RUBEN GALARRETA tiene otras sugerencias. Por ejemplo, puedes llevar una chaqueta bomber combinada con una de nuestras <a href=\"https:\/\/www.rubengalarreta.com\/es\/producto-categoria\/man-es\/mascarillas\/\">MASCARILLAS.<\/a><\/p>\n","protected":false},"excerpt":{"rendered":"<p><strong>CAMISETA ROSA GALARRETA<\/strong><\/p>\n<p>Esta camiseta rosa para hombre est\u00e1 hecha de algod\u00f3n 100%, dise\u00f1ada por Ruben Galarreta en Espa\u00f1a con un estampado blanco GALARRETA \u00fanico. Con ella podr\u00e1s sentirte c\u00f3modo y sexy al mismo tiempo.<\/p>\n<p>&nbsp;<\/p>\n","protected":false},"featured_media":59169,"comment_status":"closed","ping_status":"closed","template":"","meta":{"_monsterinsights_skip_tracking":false,"_monsterinsights_sitenote_active":false,"_monsterinsights_sitenote_note":"","_monsterinsights_sitenote_category":0},"product_brand":[],"product_cat":[3720,2081,1921],"product_tag":[2171],"class_list":{"0":"post-54049","1":"product","2":"type-product","3":"status-publish","4":"has-post-thumbnail","6":"product_cat-casual-issue","7":"product_cat-sales-es-outlet","8":"product_cat-man-es","9":"product_tag-camisetas-y-tops","11":"first","12":"outofstock","13":"sale","14":"taxable","15":"shipping-taxable","16":"purchasable","17":"product-type-variable","18":"has-default-attributes"},"yoast_head":"<!-- This site is optimized with the Yoast SEO plugin v27.5 - https:\/\/yoast.com\/product\/yoast-seo-wordpress\/ -->\n<title>CAMISETA ROSA GALARRETA - Ruben Galarreta Tienda Online<\/title>\n<meta name=\"description\" content=\"CAMISETA ROSA GALARRETA para hombre dise\u00f1ada por Ruben Galarreta con la que sentirte sexy y c\u00f3modo a la vez.\" \/>\n<meta name=\"robots\" content=\"index, follow, max-snippet:-1, max-image-preview:large, max-video-preview:-1\" \/>\n<link rel=\"canonical\" href=\"https:\/\/www.rubengalarreta.com\/es\/product\/man-es\/casual-issue\/camiseta-rosa-galarreta\/\" \/>\n<meta property=\"og:locale\" content=\"es_ES\" \/>\n<meta property=\"og:type\" content=\"article\" \/>\n<meta property=\"og:title\" content=\"CAMISETA ROSA GALARRETA - Ruben Galarreta Tienda Online\" \/>\n<meta property=\"og:description\" content=\"CAMISETA ROSA GALARRETA para hombre dise\u00f1ada por Ruben Galarreta con la que sentirte sexy y c\u00f3modo a la vez.\" \/>\n<meta property=\"og:url\" content=\"https:\/\/www.rubengalarreta.com\/es\/product\/man-es\/casual-issue\/camiseta-rosa-galarreta\/\" \/>\n<meta property=\"og:site_name\" content=\"Ruben Galarreta\" \/>\n<meta property=\"article:modified_time\" content=\"2021-09-02T09:00:10+00:00\" \/>\n<meta property=\"og:image\" content=\"https:\/\/www.rubengalarreta.com\/wp-content\/uploads\/2020\/10\/ruben-galarrta-mens-wear-fashion-baby-pink-tee-side-min.jpg\" \/>\n\t<meta property=\"og:image:width\" content=\"704\" \/>\n\t<meta property=\"og:image:height\" content=\"1000\" \/>\n\t<meta property=\"og:image:type\" content=\"image\/jpeg\" \/>\n<meta name=\"twitter:card\" content=\"summary_large_image\" \/>\n<meta name=\"twitter:label1\" content=\"Tiempo de lectura\" \/>\n\t<meta name=\"twitter:data1\" content=\"2 minutos\" \/>\n<script type=\"application\/ld+json\" class=\"yoast-schema-graph\">{\"@context\":\"https:\\\/\\\/schema.org\",\"@graph\":[{\"@type\":\"WebPage\",\"@id\":\"https:\\\/\\\/www.rubengalarreta.com\\\/es\\\/product\\\/man-es\\\/casual-issue\\\/camiseta-rosa-galarreta\\\/\",\"url\":\"https:\\\/\\\/www.rubengalarreta.com\\\/es\\\/product\\\/man-es\\\/casual-issue\\\/camiseta-rosa-galarreta\\\/\",\"name\":\"CAMISETA ROSA GALARRETA - Ruben Galarreta Tienda Online\",\"isPartOf\":{\"@id\":\"https:\\\/\\\/www.rubengalarreta.com\\\/es\\\/#website\"},\"primaryImageOfPage\":{\"@id\":\"https:\\\/\\\/www.rubengalarreta.com\\\/es\\\/product\\\/man-es\\\/casual-issue\\\/camiseta-rosa-galarreta\\\/#primaryimage\"},\"image\":{\"@id\":\"https:\\\/\\\/www.rubengalarreta.com\\\/es\\\/product\\\/man-es\\\/casual-issue\\\/camiseta-rosa-galarreta\\\/#primaryimage\"},\"thumbnailUrl\":\"https:\\\/\\\/www.rubengalarreta.com\\\/wp-content\\\/uploads\\\/2020\\\/10\\\/ruben-galarrta-mens-wear-fashion-baby-pink-tee-side-min.jpg\",\"datePublished\":\"2020-06-09T08:38:52+00:00\",\"dateModified\":\"2021-09-02T09:00:10+00:00\",\"description\":\"CAMISETA ROSA GALARRETA para hombre dise\u00f1ada por Ruben Galarreta con la que sentirte sexy y c\u00f3modo a la vez.\",\"breadcrumb\":{\"@id\":\"https:\\\/\\\/www.rubengalarreta.com\\\/es\\\/product\\\/man-es\\\/casual-issue\\\/camiseta-rosa-galarreta\\\/#breadcrumb\"},\"inLanguage\":\"es\",\"potentialAction\":[{\"@type\":\"ReadAction\",\"target\":[\"https:\\\/\\\/www.rubengalarreta.com\\\/es\\\/product\\\/man-es\\\/casual-issue\\\/camiseta-rosa-galarreta\\\/\"]}]},{\"@type\":\"ImageObject\",\"inLanguage\":\"es\",\"@id\":\"https:\\\/\\\/www.rubengalarreta.com\\\/es\\\/product\\\/man-es\\\/casual-issue\\\/camiseta-rosa-galarreta\\\/#primaryimage\",\"url\":\"https:\\\/\\\/www.rubengalarreta.com\\\/wp-content\\\/uploads\\\/2020\\\/10\\\/ruben-galarrta-mens-wear-fashion-baby-pink-tee-side-min.jpg\",\"contentUrl\":\"https:\\\/\\\/www.rubengalarreta.com\\\/wp-content\\\/uploads\\\/2020\\\/10\\\/ruben-galarrta-mens-wear-fashion-baby-pink-tee-side-min.jpg\",\"width\":704,\"height\":1000,\"caption\":\"CAMISETA B\u00c1SICA ROSA\"},{\"@type\":\"BreadcrumbList\",\"@id\":\"https:\\\/\\\/www.rubengalarreta.com\\\/es\\\/product\\\/man-es\\\/casual-issue\\\/camiseta-rosa-galarreta\\\/#breadcrumb\",\"itemListElement\":[{\"@type\":\"ListItem\",\"position\":1,\"name\":\"Home\",\"item\":\"https:\\\/\\\/www.rubengalarreta.com\\\/es\\\/\"},{\"@type\":\"ListItem\",\"position\":2,\"name\":\"Tienda Online\",\"item\":\"https:\\\/\\\/www.rubengalarreta.com\\\/es\\\/tienda-2\\\/\"},{\"@type\":\"ListItem\",\"position\":3,\"name\":\"CAMISETA ROSA GALARRETA\"}]},{\"@type\":\"WebSite\",\"@id\":\"https:\\\/\\\/www.rubengalarreta.com\\\/es\\\/#website\",\"url\":\"https:\\\/\\\/www.rubengalarreta.com\\\/es\\\/\",\"name\":\"Ruben Galarreta\",\"description\":\"Hot Couture | Online Store\",\"publisher\":{\"@id\":\"https:\\\/\\\/www.rubengalarreta.com\\\/es\\\/#organization\"},\"potentialAction\":[{\"@type\":\"SearchAction\",\"target\":{\"@type\":\"EntryPoint\",\"urlTemplate\":\"https:\\\/\\\/www.rubengalarreta.com\\\/es\\\/?s={search_term_string}\"},\"query-input\":{\"@type\":\"PropertyValueSpecification\",\"valueRequired\":true,\"valueName\":\"search_term_string\"}}],\"inLanguage\":\"es\"},{\"@type\":\"Organization\",\"@id\":\"https:\\\/\\\/www.rubengalarreta.com\\\/es\\\/#organization\",\"name\":\"Ruben Galarreta\",\"url\":\"https:\\\/\\\/www.rubengalarreta.com\\\/es\\\/\",\"logo\":{\"@type\":\"ImageObject\",\"inLanguage\":\"es\",\"@id\":\"https:\\\/\\\/www.rubengalarreta.com\\\/es\\\/#\\\/schema\\\/logo\\\/image\\\/\",\"url\":\"https:\\\/\\\/www.rubengalarreta.com\\\/wp-content\\\/uploads\\\/2019\\\/10\\\/rubengalarreta-menswear.jpg\",\"contentUrl\":\"https:\\\/\\\/www.rubengalarreta.com\\\/wp-content\\\/uploads\\\/2019\\\/10\\\/rubengalarreta-menswear.jpg\",\"width\":1141,\"height\":146,\"caption\":\"Ruben Galarreta\"},\"image\":{\"@id\":\"https:\\\/\\\/www.rubengalarreta.com\\\/es\\\/#\\\/schema\\\/logo\\\/image\\\/\"}}]}<\/script>\n<!-- \/ Yoast SEO plugin. -->","yoast_head_json":{"title":"CAMISETA ROSA GALARRETA - Ruben Galarreta Tienda Online","description":"CAMISETA ROSA GALARRETA para hombre dise\u00f1ada por Ruben Galarreta con la que sentirte sexy y c\u00f3modo a la vez.","robots":{"index":"index","follow":"follow","max-snippet":"max-snippet:-1","max-image-preview":"max-image-preview:large","max-video-preview":"max-video-preview:-1"},"canonical":"https:\/\/www.rubengalarreta.com\/es\/product\/man-es\/casual-issue\/camiseta-rosa-galarreta\/","og_locale":"es_ES","og_type":"article","og_title":"CAMISETA ROSA GALARRETA - Ruben Galarreta Tienda Online","og_description":"CAMISETA ROSA GALARRETA para hombre dise\u00f1ada por Ruben Galarreta con la que sentirte sexy y c\u00f3modo a la vez.","og_url":"https:\/\/www.rubengalarreta.com\/es\/product\/man-es\/casual-issue\/camiseta-rosa-galarreta\/","og_site_name":"Ruben Galarreta","article_modified_time":"2021-09-02T09:00:10+00:00","og_image":[{"width":704,"height":1000,"url":"https:\/\/www.rubengalarreta.com\/wp-content\/uploads\/2020\/10\/ruben-galarrta-mens-wear-fashion-baby-pink-tee-side-min.jpg","type":"image\/jpeg"}],"twitter_card":"summary_large_image","twitter_misc":{"Tiempo de lectura":"2 minutos"},"schema":{"@context":"https:\/\/schema.org","@graph":[{"@type":"WebPage","@id":"https:\/\/www.rubengalarreta.com\/es\/product\/man-es\/casual-issue\/camiseta-rosa-galarreta\/","url":"https:\/\/www.rubengalarreta.com\/es\/product\/man-es\/casual-issue\/camiseta-rosa-galarreta\/","name":"CAMISETA ROSA GALARRETA - Ruben Galarreta Tienda Online","isPartOf":{"@id":"https:\/\/www.rubengalarreta.com\/es\/#website"},"primaryImageOfPage":{"@id":"https:\/\/www.rubengalarreta.com\/es\/product\/man-es\/casual-issue\/camiseta-rosa-galarreta\/#primaryimage"},"image":{"@id":"https:\/\/www.rubengalarreta.com\/es\/product\/man-es\/casual-issue\/camiseta-rosa-galarreta\/#primaryimage"},"thumbnailUrl":"https:\/\/www.rubengalarreta.com\/wp-content\/uploads\/2020\/10\/ruben-galarrta-mens-wear-fashion-baby-pink-tee-side-min.jpg","datePublished":"2020-06-09T08:38:52+00:00","dateModified":"2021-09-02T09:00:10+00:00","description":"CAMISETA ROSA GALARRETA para hombre dise\u00f1ada por Ruben Galarreta con la que sentirte sexy y c\u00f3modo a la vez.","breadcrumb":{"@id":"https:\/\/www.rubengalarreta.com\/es\/product\/man-es\/casual-issue\/camiseta-rosa-galarreta\/#breadcrumb"},"inLanguage":"es","potentialAction":[{"@type":"ReadAction","target":["https:\/\/www.rubengalarreta.com\/es\/product\/man-es\/casual-issue\/camiseta-rosa-galarreta\/"]}]},{"@type":"ImageObject","inLanguage":"es","@id":"https:\/\/www.rubengalarreta.com\/es\/product\/man-es\/casual-issue\/camiseta-rosa-galarreta\/#primaryimage","url":"https:\/\/www.rubengalarreta.com\/wp-content\/uploads\/2020\/10\/ruben-galarrta-mens-wear-fashion-baby-pink-tee-side-min.jpg","contentUrl":"https:\/\/www.rubengalarreta.com\/wp-content\/uploads\/2020\/10\/ruben-galarrta-mens-wear-fashion-baby-pink-tee-side-min.jpg","width":704,"height":1000,"caption":"CAMISETA B\u00c1SICA ROSA"},{"@type":"BreadcrumbList","@id":"https:\/\/www.rubengalarreta.com\/es\/product\/man-es\/casual-issue\/camiseta-rosa-galarreta\/#breadcrumb","itemListElement":[{"@type":"ListItem","position":1,"name":"Home","item":"https:\/\/www.rubengalarreta.com\/es\/"},{"@type":"ListItem","position":2,"name":"Tienda Online","item":"https:\/\/www.rubengalarreta.com\/es\/tienda-2\/"},{"@type":"ListItem","position":3,"name":"CAMISETA ROSA GALARRETA"}]},{"@type":"WebSite","@id":"https:\/\/www.rubengalarreta.com\/es\/#website","url":"https:\/\/www.rubengalarreta.com\/es\/","name":"Ruben Galarreta","description":"Hot Couture | Online Store","publisher":{"@id":"https:\/\/www.rubengalarreta.com\/es\/#organization"},"potentialAction":[{"@type":"SearchAction","target":{"@type":"EntryPoint","urlTemplate":"https:\/\/www.rubengalarreta.com\/es\/?s={search_term_string}"},"query-input":{"@type":"PropertyValueSpecification","valueRequired":true,"valueName":"search_term_string"}}],"inLanguage":"es"},{"@type":"Organization","@id":"https:\/\/www.rubengalarreta.com\/es\/#organization","name":"Ruben Galarreta","url":"https:\/\/www.rubengalarreta.com\/es\/","logo":{"@type":"ImageObject","inLanguage":"es","@id":"https:\/\/www.rubengalarreta.com\/es\/#\/schema\/logo\/image\/","url":"https:\/\/www.rubengalarreta.com\/wp-content\/uploads\/2019\/10\/rubengalarreta-menswear.jpg","contentUrl":"https:\/\/www.rubengalarreta.com\/wp-content\/uploads\/2019\/10\/rubengalarreta-menswear.jpg","width":1141,"height":146,"caption":"Ruben Galarreta"},"image":{"@id":"https:\/\/www.rubengalarreta.com\/es\/#\/schema\/logo\/image\/"}}]}},"_links":{"self":[{"href":"https:\/\/www.rubengalarreta.com\/es\/wp-json\/wp\/v2\/product\/54049","targetHints":{"allow":["GET"]}}],"collection":[{"href":"https:\/\/www.rubengalarreta.com\/es\/wp-json\/wp\/v2\/product"}],"about":[{"href":"https:\/\/www.rubengalarreta.com\/es\/wp-json\/wp\/v2\/types\/product"}],"replies":[{"embeddable":true,"href":"https:\/\/www.rubengalarreta.com\/es\/wp-json\/wp\/v2\/comments?post=54049"}],"wp:featuredmedia":[{"embeddable":true,"href":"https:\/\/www.rubengalarreta.com\/es\/wp-json\/wp\/v2\/media\/59169"}],"wp:attachment":[{"href":"https:\/\/www.rubengalarreta.com\/es\/wp-json\/wp\/v2\/media?parent=54049"}],"wp:term":[{"taxonomy":"product_brand","embeddable":true,"href":"https:\/\/www.rubengalarreta.com\/es\/wp-json\/wp\/v2\/product_brand?post=54049"},{"taxonomy":"product_cat","embeddable":true,"href":"https:\/\/www.rubengalarreta.com\/es\/wp-json\/wp\/v2\/product_cat?post=54049"},{"taxonomy":"product_tag","embeddable":true,"href":"https:\/\/www.rubengalarreta.com\/es\/wp-json\/wp\/v2\/product_tag?post=54049"}],"curies":[{"name":"wp","href":"https:\/\/api.w.org\/{rel}","templated":true}]}}