{"id":53794,"date":"2020-06-02T09:26:39","date_gmt":"2020-06-02T07:26:39","guid":{"rendered":"https:\/\/www.rubengalarreta.com\/?post_type=product&#038;p=53794"},"modified":"2020-10-14T14:24:11","modified_gmt":"2020-10-14T12:24:11","slug":"pink-galarreta-mask","status":"publish","type":"product","link":"https:\/\/www.rubengalarreta.com\/es\/product\/sales-es-outlet\/pink-galarreta-mask\/","title":{"rendered":"PINK GALARRETA MASK &#8211; doble capa"},"content":{"rendered":"<p><strong><span style=\"color: #000000;\">PINK GALARRETA MASK &#8211; doble capa<\/span><\/strong><\/p>\n<table style=\"width: 100%; border-collapse: collapse; border-style: none; height: 133px;\">\n<tbody>\n<tr style=\"height: 67px;\">\n<td style=\"width: 50%; vertical-align: top; height: 67px; border-style: hidden;\"><span style=\"color: #000000; background-color: #ffffff; font-family: 'trebuchet ms', geneva, sans-serif;\"><strong>DETALLES DEL PRODUCTO:\u00a0<\/strong><\/span><br \/>\n-Doble capa: Capa externa de poliuretano t\u00e9cnico suave y el\u00e1stico. Capa interna de algod\u00f3n negro con bolsillo para filtro<br \/>\n-Puede filtrar peque\u00f1as part\u00edculas del aire<br \/>\n-Suaves, flexibles y transpirables,<br \/>\n-Reutilizable : Lavable<br \/>\n-F\u00e1cil de usar<br \/>\n-Material : Doble capa: capa exterior material t\u00e9cnico impreso + capa interior tela acolchada<br \/>\n-Mascarilla facial<\/td>\n<td style=\"width: 50%; vertical-align: top; height: 67px; border-style: hidden;\"><span style=\"font-family: 'trebuchet ms', geneva, sans-serif;\"><strong><span style=\"color: #000000;\">MEDIDAS:<\/span><\/strong><\/span><br \/>\n<span style=\"font-family: 'trebuchet ms', geneva, sans-serif;\">-Dimensiones : 24 cm x 13 cm de alto en la parte central<\/span><\/td>\n<\/tr>\n<tr style=\"height: 66px;\">\n<td style=\"width: 50%; vertical-align: top; height: 66px; border-style: hidden;\"><span style=\"font-family: 'trebuchet ms', geneva, sans-serif;\"><strong><span style=\"color: #000000;\">CUIDADOS:<\/span><\/strong><\/span><br \/>\n<span style=\"color: #000000; font-family: 'trebuchet ms', geneva, sans-serif;\">-Lavarlas antes de usarlas por primera vez. <\/span><br \/>\n<span style=\"color: #000000; font-family: 'trebuchet ms', geneva, sans-serif;\">-Lavable en lavadora\u00a0<\/span><\/td>\n<td style=\"width: 50%; vertical-align: top; height: 66px; border-style: hidden;\"><\/td>\n<\/tr>\n<\/tbody>\n<\/table>\n<p><span style=\"color: #000000;\">Nuestra nueva mascarilla Pink Galarreta de doble capa. La capa exterior est\u00e1 hecha de poliuretano t\u00e9cnico suave y el\u00e1stico. La parte interior est\u00e1 hecha de algod\u00f3n suave con un bolsillo interior para insertar el filtro protector.\u00a0<\/span><\/p>\n<p><span style=\"color: #000000;\">Estas nuevas mascarillas de neopreno han sido dise\u00f1adas para darle un toque distintivo y fashion a todos tus looks, forman parte de nuestra nueva l\u00ednea de <span style=\"text-decoration: underline;\"><strong><a style=\"color: #000000; text-decoration: underline;\" href=\"https:\/\/www.rubengalarreta.com\/es\/producto-categoria\/man-es\/mascarillas\/\">Special Items<\/a>.<\/strong><\/span> Gracias a su amplia variedad de dise\u00f1os, podr\u00e1s elegir el que m\u00e1s se adecue a ti. Adem\u00e1s, est\u00e1n hechas de tejido de malla que permiten lavarlas y reutilizarlas cuantas veces lo desees. Con dise\u00f1os exclusivos de la marca, prep\u00e1rate para deslumbrar a todos.<\/span><\/p>\n<p><span style=\"color: #000000;\">Recomendamos lavarlas antes de usarlas por primera vez.<\/span><\/p>\n<p><span style=\"color: #000000;\">Nos gustar\u00eda hacer especial \u00e9nfasis en que estas mascarillas de neopreno no pretenden reemplazar otras medidas recomendadas para detener la propagaci\u00f3n de COVID-19, como lo son el distanciamiento social, lavarse las manos y abstenerse de tocarse la cara. Siga los \u00faltimos consejos de los Centros para el Control y la Prevenci\u00f3n de Enfermedades (CCPEEU) y de sus profesionales de la salud sobre la mejor manera de mantenerse a salvo. #staysafe<\/span><\/p>\n","protected":false},"excerpt":{"rendered":"<p><span style=\"color: #000000;\"><strong>PINK GALARRETA MASK &#8211; doble capa<\/strong><\/span><\/p>\n<p><span style=\"color: #000000;\">La Pink Galarreta Mask es un accesorio de moda para el uso diario, ya que es lavable y reutilizable. Adem\u00e1s, estos nuevos dise\u00f1os tienen un bolsillo interior para poder colocar un filtro.<\/span><\/p>\n<p>&nbsp;<\/p>\n","protected":false},"featured_media":58910,"comment_status":"closed","ping_status":"closed","template":"","meta":{"_monsterinsights_skip_tracking":false,"_monsterinsights_sitenote_active":false,"_monsterinsights_sitenote_note":"","_monsterinsights_sitenote_category":0},"product_brand":[],"product_cat":[5055,2081],"product_tag":[5047],"class_list":{"0":"post-53794","1":"product","2":"type-product","3":"status-publish","4":"has-post-thumbnail","6":"product_cat-mascarillas","7":"product_cat-sales-es-outlet","8":"product_tag-mascarillas","10":"first","11":"instock","12":"sale","13":"taxable","14":"shipping-taxable","15":"purchasable","16":"product-type-simple"},"yoast_head":"<!-- This site is optimized with the Yoast SEO plugin v27.5 - https:\/\/yoast.com\/product\/yoast-seo-wordpress\/ -->\n<title>PINK GALARRETA MASK - Dise\u00f1ada por Ruben Galarreta - Tienda Online<\/title>\n<meta name=\"description\" content=\"Pink Galarreta Mask de estilo Logomania, esta mascarilla es perfecta para completar tu look en estos tiempos de coronavirus.\" \/>\n<meta name=\"robots\" content=\"index, follow, max-snippet:-1, max-image-preview:large, max-video-preview:-1\" \/>\n<link rel=\"canonical\" href=\"https:\/\/www.rubengalarreta.com\/es\/product\/sales-es-outlet\/pink-galarreta-mask\/\" \/>\n<meta property=\"og:locale\" content=\"es_ES\" \/>\n<meta property=\"og:type\" content=\"article\" \/>\n<meta property=\"og:title\" content=\"PINK GALARRETA MASK - Dise\u00f1ada por Ruben Galarreta - Tienda Online\" \/>\n<meta property=\"og:description\" content=\"Pink Galarreta Mask de estilo Logomania, esta mascarilla es perfecta para completar tu look en estos tiempos de coronavirus.\" \/>\n<meta property=\"og:url\" content=\"https:\/\/www.rubengalarreta.com\/es\/product\/sales-es-outlet\/pink-galarreta-mask\/\" \/>\n<meta property=\"og:site_name\" content=\"Ruben Galarreta\" \/>\n<meta property=\"article:modified_time\" content=\"2020-10-14T12:24:11+00:00\" \/>\n<meta property=\"og:image\" content=\"https:\/\/www.rubengalarreta.com\/wp-content\/uploads\/2020\/10\/ruben-galarreta-pink-mask-fashion-for-men-side-min.jpg\" \/>\n\t<meta property=\"og:image:width\" content=\"704\" \/>\n\t<meta property=\"og:image:height\" content=\"1000\" \/>\n\t<meta property=\"og:image:type\" content=\"image\/jpeg\" \/>\n<meta name=\"twitter:card\" content=\"summary_large_image\" \/>\n<meta name=\"twitter:label1\" content=\"Tiempo de lectura\" \/>\n\t<meta name=\"twitter:data1\" content=\"1 minuto\" \/>\n<script type=\"application\/ld+json\" class=\"yoast-schema-graph\">{\"@context\":\"https:\\\/\\\/schema.org\",\"@graph\":[{\"@type\":\"WebPage\",\"@id\":\"https:\\\/\\\/www.rubengalarreta.com\\\/es\\\/product\\\/sales-es-outlet\\\/pink-galarreta-mask\\\/\",\"url\":\"https:\\\/\\\/www.rubengalarreta.com\\\/es\\\/product\\\/sales-es-outlet\\\/pink-galarreta-mask\\\/\",\"name\":\"PINK GALARRETA MASK - Dise\u00f1ada por Ruben Galarreta - Tienda Online\",\"isPartOf\":{\"@id\":\"https:\\\/\\\/www.rubengalarreta.com\\\/es\\\/#website\"},\"primaryImageOfPage\":{\"@id\":\"https:\\\/\\\/www.rubengalarreta.com\\\/es\\\/product\\\/sales-es-outlet\\\/pink-galarreta-mask\\\/#primaryimage\"},\"image\":{\"@id\":\"https:\\\/\\\/www.rubengalarreta.com\\\/es\\\/product\\\/sales-es-outlet\\\/pink-galarreta-mask\\\/#primaryimage\"},\"thumbnailUrl\":\"https:\\\/\\\/www.rubengalarreta.com\\\/wp-content\\\/uploads\\\/2020\\\/10\\\/ruben-galarreta-pink-mask-fashion-for-men-side-min.jpg\",\"datePublished\":\"2020-06-02T07:26:39+00:00\",\"dateModified\":\"2020-10-14T12:24:11+00:00\",\"description\":\"Pink Galarreta Mask de estilo Logomania, esta mascarilla es perfecta para completar tu look en estos tiempos de coronavirus.\",\"breadcrumb\":{\"@id\":\"https:\\\/\\\/www.rubengalarreta.com\\\/es\\\/product\\\/sales-es-outlet\\\/pink-galarreta-mask\\\/#breadcrumb\"},\"inLanguage\":\"es\",\"potentialAction\":[{\"@type\":\"ReadAction\",\"target\":[\"https:\\\/\\\/www.rubengalarreta.com\\\/es\\\/product\\\/sales-es-outlet\\\/pink-galarreta-mask\\\/\"]}]},{\"@type\":\"ImageObject\",\"inLanguage\":\"es\",\"@id\":\"https:\\\/\\\/www.rubengalarreta.com\\\/es\\\/product\\\/sales-es-outlet\\\/pink-galarreta-mask\\\/#primaryimage\",\"url\":\"https:\\\/\\\/www.rubengalarreta.com\\\/wp-content\\\/uploads\\\/2020\\\/10\\\/ruben-galarreta-pink-mask-fashion-for-men-side-min.jpg\",\"contentUrl\":\"https:\\\/\\\/www.rubengalarreta.com\\\/wp-content\\\/uploads\\\/2020\\\/10\\\/ruben-galarreta-pink-mask-fashion-for-men-side-min.jpg\",\"width\":704,\"height\":1000},{\"@type\":\"BreadcrumbList\",\"@id\":\"https:\\\/\\\/www.rubengalarreta.com\\\/es\\\/product\\\/sales-es-outlet\\\/pink-galarreta-mask\\\/#breadcrumb\",\"itemListElement\":[{\"@type\":\"ListItem\",\"position\":1,\"name\":\"Home\",\"item\":\"https:\\\/\\\/www.rubengalarreta.com\\\/es\\\/\"},{\"@type\":\"ListItem\",\"position\":2,\"name\":\"Tienda Online\",\"item\":\"https:\\\/\\\/www.rubengalarreta.com\\\/es\\\/tienda-2\\\/\"},{\"@type\":\"ListItem\",\"position\":3,\"name\":\"PINK GALARRETA MASK &#8211; doble capa\"}]},{\"@type\":\"WebSite\",\"@id\":\"https:\\\/\\\/www.rubengalarreta.com\\\/es\\\/#website\",\"url\":\"https:\\\/\\\/www.rubengalarreta.com\\\/es\\\/\",\"name\":\"Ruben Galarreta\",\"description\":\"Hot Couture | Online Store\",\"publisher\":{\"@id\":\"https:\\\/\\\/www.rubengalarreta.com\\\/es\\\/#organization\"},\"potentialAction\":[{\"@type\":\"SearchAction\",\"target\":{\"@type\":\"EntryPoint\",\"urlTemplate\":\"https:\\\/\\\/www.rubengalarreta.com\\\/es\\\/?s={search_term_string}\"},\"query-input\":{\"@type\":\"PropertyValueSpecification\",\"valueRequired\":true,\"valueName\":\"search_term_string\"}}],\"inLanguage\":\"es\"},{\"@type\":\"Organization\",\"@id\":\"https:\\\/\\\/www.rubengalarreta.com\\\/es\\\/#organization\",\"name\":\"Ruben Galarreta\",\"url\":\"https:\\\/\\\/www.rubengalarreta.com\\\/es\\\/\",\"logo\":{\"@type\":\"ImageObject\",\"inLanguage\":\"es\",\"@id\":\"https:\\\/\\\/www.rubengalarreta.com\\\/es\\\/#\\\/schema\\\/logo\\\/image\\\/\",\"url\":\"https:\\\/\\\/www.rubengalarreta.com\\\/wp-content\\\/uploads\\\/2019\\\/10\\\/rubengalarreta-menswear.jpg\",\"contentUrl\":\"https:\\\/\\\/www.rubengalarreta.com\\\/wp-content\\\/uploads\\\/2019\\\/10\\\/rubengalarreta-menswear.jpg\",\"width\":1141,\"height\":146,\"caption\":\"Ruben Galarreta\"},\"image\":{\"@id\":\"https:\\\/\\\/www.rubengalarreta.com\\\/es\\\/#\\\/schema\\\/logo\\\/image\\\/\"}}]}<\/script>\n<!-- \/ Yoast SEO plugin. -->","yoast_head_json":{"title":"PINK GALARRETA MASK - Dise\u00f1ada por Ruben Galarreta - Tienda Online","description":"Pink Galarreta Mask de estilo Logomania, esta mascarilla es perfecta para completar tu look en estos tiempos de coronavirus.","robots":{"index":"index","follow":"follow","max-snippet":"max-snippet:-1","max-image-preview":"max-image-preview:large","max-video-preview":"max-video-preview:-1"},"canonical":"https:\/\/www.rubengalarreta.com\/es\/product\/sales-es-outlet\/pink-galarreta-mask\/","og_locale":"es_ES","og_type":"article","og_title":"PINK GALARRETA MASK - Dise\u00f1ada por Ruben Galarreta - Tienda Online","og_description":"Pink Galarreta Mask de estilo Logomania, esta mascarilla es perfecta para completar tu look en estos tiempos de coronavirus.","og_url":"https:\/\/www.rubengalarreta.com\/es\/product\/sales-es-outlet\/pink-galarreta-mask\/","og_site_name":"Ruben Galarreta","article_modified_time":"2020-10-14T12:24:11+00:00","og_image":[{"width":704,"height":1000,"url":"https:\/\/www.rubengalarreta.com\/wp-content\/uploads\/2020\/10\/ruben-galarreta-pink-mask-fashion-for-men-side-min.jpg","type":"image\/jpeg"}],"twitter_card":"summary_large_image","twitter_misc":{"Tiempo de lectura":"1 minuto"},"schema":{"@context":"https:\/\/schema.org","@graph":[{"@type":"WebPage","@id":"https:\/\/www.rubengalarreta.com\/es\/product\/sales-es-outlet\/pink-galarreta-mask\/","url":"https:\/\/www.rubengalarreta.com\/es\/product\/sales-es-outlet\/pink-galarreta-mask\/","name":"PINK GALARRETA MASK - Dise\u00f1ada por Ruben Galarreta - Tienda Online","isPartOf":{"@id":"https:\/\/www.rubengalarreta.com\/es\/#website"},"primaryImageOfPage":{"@id":"https:\/\/www.rubengalarreta.com\/es\/product\/sales-es-outlet\/pink-galarreta-mask\/#primaryimage"},"image":{"@id":"https:\/\/www.rubengalarreta.com\/es\/product\/sales-es-outlet\/pink-galarreta-mask\/#primaryimage"},"thumbnailUrl":"https:\/\/www.rubengalarreta.com\/wp-content\/uploads\/2020\/10\/ruben-galarreta-pink-mask-fashion-for-men-side-min.jpg","datePublished":"2020-06-02T07:26:39+00:00","dateModified":"2020-10-14T12:24:11+00:00","description":"Pink Galarreta Mask de estilo Logomania, esta mascarilla es perfecta para completar tu look en estos tiempos de coronavirus.","breadcrumb":{"@id":"https:\/\/www.rubengalarreta.com\/es\/product\/sales-es-outlet\/pink-galarreta-mask\/#breadcrumb"},"inLanguage":"es","potentialAction":[{"@type":"ReadAction","target":["https:\/\/www.rubengalarreta.com\/es\/product\/sales-es-outlet\/pink-galarreta-mask\/"]}]},{"@type":"ImageObject","inLanguage":"es","@id":"https:\/\/www.rubengalarreta.com\/es\/product\/sales-es-outlet\/pink-galarreta-mask\/#primaryimage","url":"https:\/\/www.rubengalarreta.com\/wp-content\/uploads\/2020\/10\/ruben-galarreta-pink-mask-fashion-for-men-side-min.jpg","contentUrl":"https:\/\/www.rubengalarreta.com\/wp-content\/uploads\/2020\/10\/ruben-galarreta-pink-mask-fashion-for-men-side-min.jpg","width":704,"height":1000},{"@type":"BreadcrumbList","@id":"https:\/\/www.rubengalarreta.com\/es\/product\/sales-es-outlet\/pink-galarreta-mask\/#breadcrumb","itemListElement":[{"@type":"ListItem","position":1,"name":"Home","item":"https:\/\/www.rubengalarreta.com\/es\/"},{"@type":"ListItem","position":2,"name":"Tienda Online","item":"https:\/\/www.rubengalarreta.com\/es\/tienda-2\/"},{"@type":"ListItem","position":3,"name":"PINK GALARRETA MASK &#8211; doble capa"}]},{"@type":"WebSite","@id":"https:\/\/www.rubengalarreta.com\/es\/#website","url":"https:\/\/www.rubengalarreta.com\/es\/","name":"Ruben Galarreta","description":"Hot Couture | Online Store","publisher":{"@id":"https:\/\/www.rubengalarreta.com\/es\/#organization"},"potentialAction":[{"@type":"SearchAction","target":{"@type":"EntryPoint","urlTemplate":"https:\/\/www.rubengalarreta.com\/es\/?s={search_term_string}"},"query-input":{"@type":"PropertyValueSpecification","valueRequired":true,"valueName":"search_term_string"}}],"inLanguage":"es"},{"@type":"Organization","@id":"https:\/\/www.rubengalarreta.com\/es\/#organization","name":"Ruben Galarreta","url":"https:\/\/www.rubengalarreta.com\/es\/","logo":{"@type":"ImageObject","inLanguage":"es","@id":"https:\/\/www.rubengalarreta.com\/es\/#\/schema\/logo\/image\/","url":"https:\/\/www.rubengalarreta.com\/wp-content\/uploads\/2019\/10\/rubengalarreta-menswear.jpg","contentUrl":"https:\/\/www.rubengalarreta.com\/wp-content\/uploads\/2019\/10\/rubengalarreta-menswear.jpg","width":1141,"height":146,"caption":"Ruben Galarreta"},"image":{"@id":"https:\/\/www.rubengalarreta.com\/es\/#\/schema\/logo\/image\/"}}]}},"_links":{"self":[{"href":"https:\/\/www.rubengalarreta.com\/es\/wp-json\/wp\/v2\/product\/53794","targetHints":{"allow":["GET"]}}],"collection":[{"href":"https:\/\/www.rubengalarreta.com\/es\/wp-json\/wp\/v2\/product"}],"about":[{"href":"https:\/\/www.rubengalarreta.com\/es\/wp-json\/wp\/v2\/types\/product"}],"replies":[{"embeddable":true,"href":"https:\/\/www.rubengalarreta.com\/es\/wp-json\/wp\/v2\/comments?post=53794"}],"wp:featuredmedia":[{"embeddable":true,"href":"https:\/\/www.rubengalarreta.com\/es\/wp-json\/wp\/v2\/media\/58910"}],"wp:attachment":[{"href":"https:\/\/www.rubengalarreta.com\/es\/wp-json\/wp\/v2\/media?parent=53794"}],"wp:term":[{"taxonomy":"product_brand","embeddable":true,"href":"https:\/\/www.rubengalarreta.com\/es\/wp-json\/wp\/v2\/product_brand?post=53794"},{"taxonomy":"product_cat","embeddable":true,"href":"https:\/\/www.rubengalarreta.com\/es\/wp-json\/wp\/v2\/product_cat?post=53794"},{"taxonomy":"product_tag","embeddable":true,"href":"https:\/\/www.rubengalarreta.com\/es\/wp-json\/wp\/v2\/product_tag?post=53794"}],"curies":[{"name":"wp","href":"https:\/\/api.w.org\/{rel}","templated":true}]}}