{"id":53515,"date":"2020-05-27T12:33:50","date_gmt":"2020-05-27T10:33:50","guid":{"rendered":"https:\/\/www.rubengalarreta.com\/?post_type=product&#038;p=53515"},"modified":"2021-11-15T12:46:07","modified_gmt":"2021-11-15T11:46:07","slug":"arnes-origine","status":"publish","type":"product","link":"https:\/\/www.rubengalarreta.com\/es\/product\/man-es\/accessories-m-es\/arnes-origine\/","title":{"rendered":"ARN\u00c9S ORIGINE"},"content":{"rendered":"<h2><strong>ARN\u00c9S ORIGINE<\/strong><\/h2>\n<table style=\"width: 100%; border-collapse: collapse; border-style: none; height: 133px;\">\n<tbody>\n<tr style=\"height: 67px;\">\n<td style=\"width: 50%; vertical-align: top; height: 67px; border-style: hidden;\"><span style=\"color: #000000; background-color: #ffffff;\"><strong><span style=\"font-family: trebuchet ms, geneva, sans-serif;\">DETALLES DEL PRODUCTO:<\/span><\/strong><\/span><br \/>\n<span style=\"font-family: 'trebuchet ms', geneva, sans-serif; color: #999999;\">&#8211;<\/span><span style=\"font-family: 'trebuchet ms', geneva, sans-serif; color: #999999;\">Correas antideslizantes<br \/>\n-Galarreta Inferno logo<br \/>\n-100% de poli\u00e9ster duradero\u00a0<\/span><\/td>\n<td style=\"width: 50%; vertical-align: top; height: 67px; border-style: hidden;\"><strong><span style=\"color: #000000;\"><span style=\"font-family: trebuchet ms, geneva, sans-serif;\">TALLA:<\/span><\/span><\/strong><span style=\"color: #000000;\"><span style=\"font-family: trebuchet ms, geneva, sans-serif;\"><br \/>\n<\/span><\/span><span style=\"color: #999999;\"><span style=\"font-family: trebuchet ms, geneva, sans-serif;\">\u00danica<\/span><\/span><\/td>\n<\/tr>\n<tr style=\"height: 66px;\">\n<td style=\"width: 50%; vertical-align: top; height: 66px; border-style: hidden;\"><span style=\"color: #000000; font-family: trebuchet ms, geneva, sans-serif;\"><span style=\"caret-color: #000000;\"><b>CUIDADOS:<\/b><\/span><\/span><br \/>\n<span style=\"color: #999999;\"><span style=\"font-family: trebuchet ms, geneva, sans-serif;\">-Lavar seg\u00fan las instrucciones de la etiqueta.<\/span><\/span><\/td>\n<td style=\"width: 50%; vertical-align: top; height: 66px; border-style: hidden;\"><span style=\"color: #000000;\"><strong>NOTAS:<\/strong><\/span><\/td>\n<\/tr>\n<\/tbody>\n<\/table>\n<p>&nbsp;<\/p>\n<h4><strong>DESCCRIPCI\u00d3N<\/strong><\/h4>\n<p>El ARN\u00c9S ORIGINE para hombre en color negro de nuestra l\u00ednea Inferno , otro nuevo accesorio, diferente y vanguardista la colecci\u00f3n de arneses de Ruben Galarreta. Gracias su gran versatilidad como a su dise\u00f1o atrevido y sensual conseguir\u00e1s el look perfecto para cada ocasi\u00f3n.<\/p>\n<p>El ARN\u00c9S ORIGINE para hombre es un arn\u00e9s de pecho que est\u00e1 fabricado con bandas el\u00e1sticas en color negro que se adaptar\u00e1n perfectamente al pecho gracias a su impecable confecci\u00f3n. El dise\u00f1o de las bandas el\u00e1sticas tiene el logo GALARRETA INFERNO. La parte de la espalda tiene unos cruces muy distintivos que hacen a\u00fan m\u00e1s especial este accesorio para hombre.<\/p>\n<p>Quer\u00edamos crear un accesorio delicado, innovador y estiloso, y el ARN\u00c9S ORIGINE engloba todas esas caracter\u00edsticas, sin olvidar la comodidad y confort que para nosotros es imprescindible al crear un accesorio tan \u00fanico y diferente como este.<\/p>\n<p>La l\u00ednea INFERNO es una colecci\u00f3n que contiene los dise\u00f1os m\u00e1s atrevidos de la firma dise\u00f1ados en Espa\u00f1a. Engloba desde arneses que te convertir\u00e1n en el foco de todas las miradas hasta camisetas y polos micro perforados con detalles exclusivos de la l\u00ednea. Al igual que puedes comprar todos los productos a trav\u00e9s de nuestra pagina web.<\/p>\n<h4><strong>NOTA DE ESTILO<\/strong><\/h4>\n<p>Para tu d\u00eda a d\u00eda: llevar nuestro arn\u00e9s en tu d\u00eda a d\u00eda puede ser muy f\u00e1cil. Puedes combinarlo con una camiseta por debajo, acompa\u00f1ado por una de nuestras <a href=\"https:\/\/www.rubengalarreta.com\/es\/producto-categoria\/man-es\/mascarillas\/\">MASCARILLAS.<\/a><\/p>\n<p>Para salir de fiesta: para salir de fiesta puede convertirse en el accesorio perfecto para ser el m\u00e1s \u201chot\u201d de la discoteca y as\u00ed convertirte en el centro de todas las miradas.<\/p>\n<p>&nbsp;<\/p>\n","protected":false},"excerpt":{"rendered":"<h1><strong>ARN\u00c9S ORIGINE<\/strong><\/h1>\n<p>El ARN\u00c9S ORIGINE, otro nuevo accesorio, diferente y vanguardista la colecci\u00f3n de arneses de Ruben Galarreta. Gracias a su dise\u00f1o atrevido y sensual conseguir\u00e1s el look perfecto para cada ocasi\u00f3n.<\/p>\n","protected":false},"featured_media":54423,"comment_status":"closed","ping_status":"closed","template":"","meta":{"_monsterinsights_skip_tracking":false,"_monsterinsights_sitenote_active":false,"_monsterinsights_sitenote_note":"","_monsterinsights_sitenote_category":0},"product_brand":[],"product_cat":[1950,1921],"product_tag":[2167],"class_list":{"0":"post-53515","1":"product","2":"type-product","3":"status-publish","4":"has-post-thumbnail","6":"product_cat-accessories-m-es","7":"product_cat-man-es","8":"product_tag-arneses","10":"first","11":"instock","12":"sale","13":"taxable","14":"shipping-taxable","15":"purchasable","16":"product-type-simple"},"yoast_head":"<!-- This site is optimized with the Yoast SEO plugin v27.5 - https:\/\/yoast.com\/product\/yoast-seo-wordpress\/ -->\n<title>ARN\u00c9S ORIGINE - Ruben Galarreta Arneses para hombre comprar online<\/title>\n<meta name=\"description\" content=\"Descubre nuestro nuevo Arn\u00e9s Origine el nuevo arn\u00e9s de nuestra exclusiva colecci\u00f3n INFERNO dise\u00f1ada en Espa\u00f1a por RUBEN GALARRETA.\" \/>\n<meta name=\"robots\" content=\"index, follow, max-snippet:-1, max-image-preview:large, max-video-preview:-1\" \/>\n<link rel=\"canonical\" href=\"https:\/\/www.rubengalarreta.com\/es\/product\/man-es\/accessories-m-es\/arnes-origine\/\" \/>\n<meta property=\"og:locale\" content=\"es_ES\" \/>\n<meta property=\"og:type\" content=\"article\" \/>\n<meta property=\"og:title\" content=\"ARN\u00c9S ORIGINE - Ruben Galarreta Arneses para hombre comprar online\" \/>\n<meta property=\"og:description\" content=\"Descubre nuestro nuevo Arn\u00e9s Origine el nuevo arn\u00e9s de nuestra exclusiva colecci\u00f3n INFERNO dise\u00f1ada en Espa\u00f1a por RUBEN GALARRETA.\" \/>\n<meta property=\"og:url\" content=\"https:\/\/www.rubengalarreta.com\/es\/product\/man-es\/accessories-m-es\/arnes-origine\/\" \/>\n<meta property=\"og:site_name\" content=\"Ruben Galarreta\" \/>\n<meta property=\"article:modified_time\" content=\"2021-11-15T11:46:07+00:00\" \/>\n<meta property=\"og:image\" content=\"https:\/\/www.rubengalarreta.com\/wp-content\/uploads\/2020\/04\/ruben-galarreta-underwear-fashion-men-black-harness-back3-min.jpg\" \/>\n\t<meta property=\"og:image:width\" content=\"704\" \/>\n\t<meta property=\"og:image:height\" content=\"1000\" \/>\n\t<meta property=\"og:image:type\" content=\"image\/jpeg\" \/>\n<meta name=\"twitter:card\" content=\"summary_large_image\" \/>\n<meta name=\"twitter:label1\" content=\"Tiempo de lectura\" \/>\n\t<meta name=\"twitter:data1\" content=\"2 minutos\" \/>\n<script type=\"application\/ld+json\" class=\"yoast-schema-graph\">{\"@context\":\"https:\\\/\\\/schema.org\",\"@graph\":[{\"@type\":\"WebPage\",\"@id\":\"https:\\\/\\\/www.rubengalarreta.com\\\/es\\\/product\\\/man-es\\\/accessories-m-es\\\/arnes-origine\\\/\",\"url\":\"https:\\\/\\\/www.rubengalarreta.com\\\/es\\\/product\\\/man-es\\\/accessories-m-es\\\/arnes-origine\\\/\",\"name\":\"ARN\u00c9S ORIGINE - Ruben Galarreta Arneses para hombre comprar online\",\"isPartOf\":{\"@id\":\"https:\\\/\\\/www.rubengalarreta.com\\\/es\\\/#website\"},\"primaryImageOfPage\":{\"@id\":\"https:\\\/\\\/www.rubengalarreta.com\\\/es\\\/product\\\/man-es\\\/accessories-m-es\\\/arnes-origine\\\/#primaryimage\"},\"image\":{\"@id\":\"https:\\\/\\\/www.rubengalarreta.com\\\/es\\\/product\\\/man-es\\\/accessories-m-es\\\/arnes-origine\\\/#primaryimage\"},\"thumbnailUrl\":\"https:\\\/\\\/www.rubengalarreta.com\\\/wp-content\\\/uploads\\\/2020\\\/04\\\/ruben-galarreta-underwear-fashion-men-black-harness-back3-min.jpg\",\"datePublished\":\"2020-05-27T10:33:50+00:00\",\"dateModified\":\"2021-11-15T11:46:07+00:00\",\"description\":\"Descubre nuestro nuevo Arn\u00e9s Origine el nuevo arn\u00e9s de nuestra exclusiva colecci\u00f3n INFERNO dise\u00f1ada en Espa\u00f1a por RUBEN GALARRETA.\",\"breadcrumb\":{\"@id\":\"https:\\\/\\\/www.rubengalarreta.com\\\/es\\\/product\\\/man-es\\\/accessories-m-es\\\/arnes-origine\\\/#breadcrumb\"},\"inLanguage\":\"es\",\"potentialAction\":[{\"@type\":\"ReadAction\",\"target\":[\"https:\\\/\\\/www.rubengalarreta.com\\\/es\\\/product\\\/man-es\\\/accessories-m-es\\\/arnes-origine\\\/\"]}]},{\"@type\":\"ImageObject\",\"inLanguage\":\"es\",\"@id\":\"https:\\\/\\\/www.rubengalarreta.com\\\/es\\\/product\\\/man-es\\\/accessories-m-es\\\/arnes-origine\\\/#primaryimage\",\"url\":\"https:\\\/\\\/www.rubengalarreta.com\\\/wp-content\\\/uploads\\\/2020\\\/04\\\/ruben-galarreta-underwear-fashion-men-black-harness-back3-min.jpg\",\"contentUrl\":\"https:\\\/\\\/www.rubengalarreta.com\\\/wp-content\\\/uploads\\\/2020\\\/04\\\/ruben-galarreta-underwear-fashion-men-black-harness-back3-min.jpg\",\"width\":704,\"height\":1000,\"caption\":\"online store harness for gay men\"},{\"@type\":\"BreadcrumbList\",\"@id\":\"https:\\\/\\\/www.rubengalarreta.com\\\/es\\\/product\\\/man-es\\\/accessories-m-es\\\/arnes-origine\\\/#breadcrumb\",\"itemListElement\":[{\"@type\":\"ListItem\",\"position\":1,\"name\":\"Home\",\"item\":\"https:\\\/\\\/www.rubengalarreta.com\\\/es\\\/\"},{\"@type\":\"ListItem\",\"position\":2,\"name\":\"Tienda Online\",\"item\":\"https:\\\/\\\/www.rubengalarreta.com\\\/es\\\/tienda-2\\\/\"},{\"@type\":\"ListItem\",\"position\":3,\"name\":\"ARN\u00c9S ORIGINE\"}]},{\"@type\":\"WebSite\",\"@id\":\"https:\\\/\\\/www.rubengalarreta.com\\\/es\\\/#website\",\"url\":\"https:\\\/\\\/www.rubengalarreta.com\\\/es\\\/\",\"name\":\"Ruben Galarreta\",\"description\":\"Hot Couture | Online Store\",\"publisher\":{\"@id\":\"https:\\\/\\\/www.rubengalarreta.com\\\/es\\\/#organization\"},\"potentialAction\":[{\"@type\":\"SearchAction\",\"target\":{\"@type\":\"EntryPoint\",\"urlTemplate\":\"https:\\\/\\\/www.rubengalarreta.com\\\/es\\\/?s={search_term_string}\"},\"query-input\":{\"@type\":\"PropertyValueSpecification\",\"valueRequired\":true,\"valueName\":\"search_term_string\"}}],\"inLanguage\":\"es\"},{\"@type\":\"Organization\",\"@id\":\"https:\\\/\\\/www.rubengalarreta.com\\\/es\\\/#organization\",\"name\":\"Ruben Galarreta\",\"url\":\"https:\\\/\\\/www.rubengalarreta.com\\\/es\\\/\",\"logo\":{\"@type\":\"ImageObject\",\"inLanguage\":\"es\",\"@id\":\"https:\\\/\\\/www.rubengalarreta.com\\\/es\\\/#\\\/schema\\\/logo\\\/image\\\/\",\"url\":\"https:\\\/\\\/www.rubengalarreta.com\\\/wp-content\\\/uploads\\\/2019\\\/10\\\/rubengalarreta-menswear.jpg\",\"contentUrl\":\"https:\\\/\\\/www.rubengalarreta.com\\\/wp-content\\\/uploads\\\/2019\\\/10\\\/rubengalarreta-menswear.jpg\",\"width\":1141,\"height\":146,\"caption\":\"Ruben Galarreta\"},\"image\":{\"@id\":\"https:\\\/\\\/www.rubengalarreta.com\\\/es\\\/#\\\/schema\\\/logo\\\/image\\\/\"}}]}<\/script>\n<!-- \/ Yoast SEO plugin. -->","yoast_head_json":{"title":"ARN\u00c9S ORIGINE - Ruben Galarreta Arneses para hombre comprar online","description":"Descubre nuestro nuevo Arn\u00e9s Origine el nuevo arn\u00e9s de nuestra exclusiva colecci\u00f3n INFERNO dise\u00f1ada en Espa\u00f1a por RUBEN GALARRETA.","robots":{"index":"index","follow":"follow","max-snippet":"max-snippet:-1","max-image-preview":"max-image-preview:large","max-video-preview":"max-video-preview:-1"},"canonical":"https:\/\/www.rubengalarreta.com\/es\/product\/man-es\/accessories-m-es\/arnes-origine\/","og_locale":"es_ES","og_type":"article","og_title":"ARN\u00c9S ORIGINE - Ruben Galarreta Arneses para hombre comprar online","og_description":"Descubre nuestro nuevo Arn\u00e9s Origine el nuevo arn\u00e9s de nuestra exclusiva colecci\u00f3n INFERNO dise\u00f1ada en Espa\u00f1a por RUBEN GALARRETA.","og_url":"https:\/\/www.rubengalarreta.com\/es\/product\/man-es\/accessories-m-es\/arnes-origine\/","og_site_name":"Ruben Galarreta","article_modified_time":"2021-11-15T11:46:07+00:00","og_image":[{"width":704,"height":1000,"url":"https:\/\/www.rubengalarreta.com\/wp-content\/uploads\/2020\/04\/ruben-galarreta-underwear-fashion-men-black-harness-back3-min.jpg","type":"image\/jpeg"}],"twitter_card":"summary_large_image","twitter_misc":{"Tiempo de lectura":"2 minutos"},"schema":{"@context":"https:\/\/schema.org","@graph":[{"@type":"WebPage","@id":"https:\/\/www.rubengalarreta.com\/es\/product\/man-es\/accessories-m-es\/arnes-origine\/","url":"https:\/\/www.rubengalarreta.com\/es\/product\/man-es\/accessories-m-es\/arnes-origine\/","name":"ARN\u00c9S ORIGINE - Ruben Galarreta Arneses para hombre comprar online","isPartOf":{"@id":"https:\/\/www.rubengalarreta.com\/es\/#website"},"primaryImageOfPage":{"@id":"https:\/\/www.rubengalarreta.com\/es\/product\/man-es\/accessories-m-es\/arnes-origine\/#primaryimage"},"image":{"@id":"https:\/\/www.rubengalarreta.com\/es\/product\/man-es\/accessories-m-es\/arnes-origine\/#primaryimage"},"thumbnailUrl":"https:\/\/www.rubengalarreta.com\/wp-content\/uploads\/2020\/04\/ruben-galarreta-underwear-fashion-men-black-harness-back3-min.jpg","datePublished":"2020-05-27T10:33:50+00:00","dateModified":"2021-11-15T11:46:07+00:00","description":"Descubre nuestro nuevo Arn\u00e9s Origine el nuevo arn\u00e9s de nuestra exclusiva colecci\u00f3n INFERNO dise\u00f1ada en Espa\u00f1a por RUBEN GALARRETA.","breadcrumb":{"@id":"https:\/\/www.rubengalarreta.com\/es\/product\/man-es\/accessories-m-es\/arnes-origine\/#breadcrumb"},"inLanguage":"es","potentialAction":[{"@type":"ReadAction","target":["https:\/\/www.rubengalarreta.com\/es\/product\/man-es\/accessories-m-es\/arnes-origine\/"]}]},{"@type":"ImageObject","inLanguage":"es","@id":"https:\/\/www.rubengalarreta.com\/es\/product\/man-es\/accessories-m-es\/arnes-origine\/#primaryimage","url":"https:\/\/www.rubengalarreta.com\/wp-content\/uploads\/2020\/04\/ruben-galarreta-underwear-fashion-men-black-harness-back3-min.jpg","contentUrl":"https:\/\/www.rubengalarreta.com\/wp-content\/uploads\/2020\/04\/ruben-galarreta-underwear-fashion-men-black-harness-back3-min.jpg","width":704,"height":1000,"caption":"online store harness for gay men"},{"@type":"BreadcrumbList","@id":"https:\/\/www.rubengalarreta.com\/es\/product\/man-es\/accessories-m-es\/arnes-origine\/#breadcrumb","itemListElement":[{"@type":"ListItem","position":1,"name":"Home","item":"https:\/\/www.rubengalarreta.com\/es\/"},{"@type":"ListItem","position":2,"name":"Tienda Online","item":"https:\/\/www.rubengalarreta.com\/es\/tienda-2\/"},{"@type":"ListItem","position":3,"name":"ARN\u00c9S ORIGINE"}]},{"@type":"WebSite","@id":"https:\/\/www.rubengalarreta.com\/es\/#website","url":"https:\/\/www.rubengalarreta.com\/es\/","name":"Ruben Galarreta","description":"Hot Couture | Online Store","publisher":{"@id":"https:\/\/www.rubengalarreta.com\/es\/#organization"},"potentialAction":[{"@type":"SearchAction","target":{"@type":"EntryPoint","urlTemplate":"https:\/\/www.rubengalarreta.com\/es\/?s={search_term_string}"},"query-input":{"@type":"PropertyValueSpecification","valueRequired":true,"valueName":"search_term_string"}}],"inLanguage":"es"},{"@type":"Organization","@id":"https:\/\/www.rubengalarreta.com\/es\/#organization","name":"Ruben Galarreta","url":"https:\/\/www.rubengalarreta.com\/es\/","logo":{"@type":"ImageObject","inLanguage":"es","@id":"https:\/\/www.rubengalarreta.com\/es\/#\/schema\/logo\/image\/","url":"https:\/\/www.rubengalarreta.com\/wp-content\/uploads\/2019\/10\/rubengalarreta-menswear.jpg","contentUrl":"https:\/\/www.rubengalarreta.com\/wp-content\/uploads\/2019\/10\/rubengalarreta-menswear.jpg","width":1141,"height":146,"caption":"Ruben Galarreta"},"image":{"@id":"https:\/\/www.rubengalarreta.com\/es\/#\/schema\/logo\/image\/"}}]}},"_links":{"self":[{"href":"https:\/\/www.rubengalarreta.com\/es\/wp-json\/wp\/v2\/product\/53515","targetHints":{"allow":["GET"]}}],"collection":[{"href":"https:\/\/www.rubengalarreta.com\/es\/wp-json\/wp\/v2\/product"}],"about":[{"href":"https:\/\/www.rubengalarreta.com\/es\/wp-json\/wp\/v2\/types\/product"}],"replies":[{"embeddable":true,"href":"https:\/\/www.rubengalarreta.com\/es\/wp-json\/wp\/v2\/comments?post=53515"}],"wp:featuredmedia":[{"embeddable":true,"href":"https:\/\/www.rubengalarreta.com\/es\/wp-json\/wp\/v2\/media\/54423"}],"wp:attachment":[{"href":"https:\/\/www.rubengalarreta.com\/es\/wp-json\/wp\/v2\/media?parent=53515"}],"wp:term":[{"taxonomy":"product_brand","embeddable":true,"href":"https:\/\/www.rubengalarreta.com\/es\/wp-json\/wp\/v2\/product_brand?post=53515"},{"taxonomy":"product_cat","embeddable":true,"href":"https:\/\/www.rubengalarreta.com\/es\/wp-json\/wp\/v2\/product_cat?post=53515"},{"taxonomy":"product_tag","embeddable":true,"href":"https:\/\/www.rubengalarreta.com\/es\/wp-json\/wp\/v2\/product_tag?post=53515"}],"curies":[{"name":"wp","href":"https:\/\/api.w.org\/{rel}","templated":true}]}}