{"id":53512,"date":"2020-05-27T12:18:25","date_gmt":"2020-05-27T10:18:26","guid":{"rendered":"https:\/\/www.rubengalarreta.com\/?post_type=product&#038;p=53512"},"modified":"2021-10-15T15:38:39","modified_gmt":"2021-10-15T13:38:39","slug":"arnes-con-cierre-alexander","status":"publish","type":"product","link":"https:\/\/www.rubengalarreta.com\/es\/product\/man-es\/accessories-m-es\/arnes-con-cierre-alexander\/","title":{"rendered":"ARN\u00c9S CON CIERRE ALEXANDER"},"content":{"rendered":"<h2><strong>ARN\u00c9S CON CIERRE ALEXANDER<\/strong><\/h2>\n<table style=\"width: 100%; border-collapse: collapse; border-style: none; height: 133px;\">\n<tbody>\n<tr style=\"height: 67px;\">\n<td style=\"width: 50%; vertical-align: top; height: 67px; border-style: hidden;\"><span style=\"color: #000000; background-color: #ffffff;\"><strong><span style=\"font-family: trebuchet ms, geneva, sans-serif;\">DETALLES DEL PRODUCTO:<\/span><\/strong><\/span><br \/>\n<span style=\"font-family: 'trebuchet ms', geneva, sans-serif; color: #999999;\">-Arn\u00e9s Negro Mekano Intercambiable<\/span><br \/>\n<span style=\"font-family: 'trebuchet ms', geneva, sans-serif; color: #999999;\">-Cintas para la fijaci\u00f3n de multibolsillos compatible <\/span><br \/>\n<span style=\"font-family: 'trebuchet ms', geneva, sans-serif; color: #999999;\">-Correas antideslizantes y ajustables <\/span><br \/>\n<span style=\"font-family: 'trebuchet ms', geneva, sans-serif; color: #999999;\">-Panel de pecho con malla de aire transpirable <\/span><span style=\"color: #999999;\"><span style=\"font-family: 'trebuchet ms', geneva, sans-serif;\">100% poli\u00e9ster<\/span><\/span><\/td>\n<td style=\"width: 50%; vertical-align: top; height: 67px; border-style: hidden;\"><strong><span style=\"color: #000000;\"><span style=\"font-family: trebuchet ms, geneva, sans-serif;\">TALLA:<\/span><\/span><\/strong><span style=\"color: #000000;\"><span style=\"font-family: trebuchet ms, geneva, sans-serif;\"><br \/>\n<\/span><\/span><span style=\"color: #999999;\"><span style=\"font-family: trebuchet ms, geneva, sans-serif;\">&#8211; 35 X 21 X 1 cm<\/span><\/span><\/td>\n<\/tr>\n<tr style=\"height: 66px;\">\n<td style=\"width: 50%; vertical-align: top; height: 66px; border-style: hidden;\"><span style=\"color: #000000; font-family: trebuchet ms, geneva, sans-serif;\"><span style=\"caret-color: #000000;\"><b>CUIDADOS:<\/b><\/span><\/span><br \/>\n<span style=\"color: #999999;\"><span style=\"font-family: trebuchet ms, geneva, sans-serif;\">-Lavar seg\u00fan las instrucciones del fabricante.<\/span><\/span><\/td>\n<td style=\"width: 50%; vertical-align: top; height: 66px; border-style: hidden;\"><span style=\"color: #000000;\"><strong>NOTAS:<\/strong><\/span><\/td>\n<\/tr>\n<\/tbody>\n<\/table>\n<h4><strong>DESCRIPCI\u00d3N<\/strong><\/h4>\n<p>Nuestro nuevo arn\u00e9s de piernas el ARN\u00c9S CON CIERRE ALEXANDER se convertir\u00e1 en uno de los m\u00e1s populares, tanto si eres adolescente como si eres un profesional del trabajo. Te encantar\u00e1.<\/p>\n<p>Es como una sandalia estilo gladiador, pero cubre tus piernas enteras como el <a href=\"https:\/\/www.rubengalarreta.com\/es\/product\/man-es\/accessories-m-es\/inferno-legging-harness\/\">LEGGING HARNESS<\/a>. Hay un el\u00e1stico en la parte delantera de la pierna y est\u00e1 conectado de arriba a abajo por muchos anillos el\u00e1sticos que van alrededor de tu tobillo, pantorrilla, rodillas, muslo y finalmente todo se sostiene en la cintura. La novedad del ARN\u00c9S CON CIERRE ALEXANDER es que tiene cierres de clip. Uno en la parte central de la cintura, y luego dos en los dos primeros el\u00e1sticos de cada pierna. La parte trasera de cada pierna tiene un el\u00e1stico que se une desde la cintura hasta el \u00faltimo el\u00e1stico de la pierna. Nada m\u00e1s verlo, querr\u00e1s tenerlo.<\/p>\n<p>Los accesorios de Rub\u00e9n Galarreta cierran la nueva temporada con las \u00faltimas tendencias y los productos m\u00e1s cool, dise\u00f1ados en exclusiva y vendidos en todo el mundo. Actualiza tus prendas de vestir con los nuevos y \u00fanicos accesorios.<\/p>\n<h4><strong>NOTA DE ESTILO<\/strong><\/h4>\n<p>El dise\u00f1ador s\u00f3lo puede recomendar algunas formas de llevar este arn\u00e9s, pero la verdad es que puedes usar tu imaginaci\u00f3n como muchos lo han hecho y llevarlo en tu propio estilo. Esta es una de las principales razones por las que todos aman tanto este arn\u00e9s. Tambi\u00e9n los puedes combinar con alguno de nuestros <a href=\"https:\/\/www.rubengalarreta.com\/es\/producto-categoria\/man-es\/accessories-m-es\/\">ARNESES<\/a> como por ejemplo combina genial con <a href=\"https:\/\/www.rubengalarreta.com\/es\/product\/man-es\/accessories-m-es\/raffaelo-top-blanco-y-rojo\/\">RAFFAELLO TOP BLANCO Y ROJO.<\/a><\/p>\n<p>Galarreta sugiere que lo lleves con unos jeans o leggings negros y delgados para una noche de fiesta y como opci\u00f3n de d\u00eda puedes llevarlos bajo unos jeans rasgados con zapatillas y una camiseta oversize de la colecci\u00f3n essential.<\/p>\n","protected":false},"excerpt":{"rendered":"<h1><span style=\"color: #000000;\"><strong>ARN\u00c9S CON CIERRE ALEXANDER<\/strong><\/span><\/h1>\n<p>Nuestro nuevo arn\u00e9s para piernas, el ARN\u00c9S CON CIERRE ALEXANDER, se convertir\u00e1 en uno de los m\u00e1s populares, ya sea adolescente o profesional en el trabajo. Te encantar\u00e1.<\/p>\n<p>&nbsp;<\/p>\n","protected":false},"featured_media":54585,"comment_status":"closed","ping_status":"closed","template":"","meta":{"_monsterinsights_skip_tracking":false,"_monsterinsights_sitenote_active":false,"_monsterinsights_sitenote_note":"","_monsterinsights_sitenote_category":0},"product_brand":[],"product_cat":[1950,1921],"product_tag":[2167],"class_list":{"0":"post-53512","1":"product","2":"type-product","3":"status-publish","4":"has-post-thumbnail","6":"product_cat-accessories-m-es","7":"product_cat-man-es","8":"product_tag-arneses","10":"first","11":"instock","12":"sale","13":"taxable","14":"shipping-taxable","15":"purchasable","16":"product-type-simple"},"yoast_head":"<!-- This site is optimized with the Yoast SEO plugin v27.5 - https:\/\/yoast.com\/product\/yoast-seo-wordpress\/ -->\n<title>ARN\u00c9S ARN\u00c9S CON CIERRE ALEXANDER - Ruben Galarreta gay fetish<\/title>\n<meta name=\"description\" content=\"El nuevo arn\u00e9s de piernas para hombre el ARN\u00c9S CON CIERRE ALEXANDER de Rub\u00e9n Galarreta se convertir\u00e1 en el m\u00e1s popular. Compra online.\" \/>\n<meta name=\"robots\" content=\"index, follow, max-snippet:-1, max-image-preview:large, max-video-preview:-1\" \/>\n<link rel=\"canonical\" href=\"https:\/\/www.rubengalarreta.com\/es\/product\/man-es\/accessories-m-es\/arnes-con-cierre-alexander\/\" \/>\n<meta property=\"og:locale\" content=\"es_ES\" \/>\n<meta property=\"og:type\" content=\"article\" \/>\n<meta property=\"og:title\" content=\"ARN\u00c9S ARN\u00c9S CON CIERRE ALEXANDER - Ruben Galarreta gay fetish\" \/>\n<meta property=\"og:description\" content=\"El nuevo arn\u00e9s de piernas para hombre el ARN\u00c9S CON CIERRE ALEXANDER de Rub\u00e9n Galarreta se convertir\u00e1 en el m\u00e1s popular. Compra online.\" \/>\n<meta property=\"og:url\" content=\"https:\/\/www.rubengalarreta.com\/es\/product\/man-es\/accessories-m-es\/arnes-con-cierre-alexander\/\" \/>\n<meta property=\"og:site_name\" content=\"Ruben Galarreta\" \/>\n<meta property=\"article:modified_time\" content=\"2021-10-15T13:38:39+00:00\" \/>\n<meta property=\"og:image\" content=\"https:\/\/www.rubengalarreta.com\/wp-content\/uploads\/2020\/05\/ruben-galarreta-underwear-fashion-men-black-hannibal-harness-clasp-legging-back-min.jpg\" \/>\n\t<meta property=\"og:image:width\" content=\"704\" \/>\n\t<meta property=\"og:image:height\" content=\"1000\" \/>\n\t<meta property=\"og:image:type\" content=\"image\/jpeg\" \/>\n<meta name=\"twitter:card\" content=\"summary_large_image\" \/>\n<meta name=\"twitter:label1\" content=\"Tiempo de lectura\" \/>\n\t<meta name=\"twitter:data1\" content=\"2 minutos\" \/>\n<script type=\"application\/ld+json\" class=\"yoast-schema-graph\">{\"@context\":\"https:\\\/\\\/schema.org\",\"@graph\":[{\"@type\":\"WebPage\",\"@id\":\"https:\\\/\\\/www.rubengalarreta.com\\\/es\\\/product\\\/man-es\\\/accessories-m-es\\\/arnes-con-cierre-alexander\\\/\",\"url\":\"https:\\\/\\\/www.rubengalarreta.com\\\/es\\\/product\\\/man-es\\\/accessories-m-es\\\/arnes-con-cierre-alexander\\\/\",\"name\":\"ARN\u00c9S ARN\u00c9S CON CIERRE ALEXANDER - Ruben Galarreta gay fetish\",\"isPartOf\":{\"@id\":\"https:\\\/\\\/www.rubengalarreta.com\\\/es\\\/#website\"},\"primaryImageOfPage\":{\"@id\":\"https:\\\/\\\/www.rubengalarreta.com\\\/es\\\/product\\\/man-es\\\/accessories-m-es\\\/arnes-con-cierre-alexander\\\/#primaryimage\"},\"image\":{\"@id\":\"https:\\\/\\\/www.rubengalarreta.com\\\/es\\\/product\\\/man-es\\\/accessories-m-es\\\/arnes-con-cierre-alexander\\\/#primaryimage\"},\"thumbnailUrl\":\"https:\\\/\\\/www.rubengalarreta.com\\\/wp-content\\\/uploads\\\/2020\\\/05\\\/ruben-galarreta-underwear-fashion-men-black-hannibal-harness-clasp-legging-back-min.jpg\",\"datePublished\":\"2020-05-27T10:18:26+00:00\",\"dateModified\":\"2021-10-15T13:38:39+00:00\",\"description\":\"El nuevo arn\u00e9s de piernas para hombre el ARN\u00c9S CON CIERRE ALEXANDER de Rub\u00e9n Galarreta se convertir\u00e1 en el m\u00e1s popular. Compra online.\",\"breadcrumb\":{\"@id\":\"https:\\\/\\\/www.rubengalarreta.com\\\/es\\\/product\\\/man-es\\\/accessories-m-es\\\/arnes-con-cierre-alexander\\\/#breadcrumb\"},\"inLanguage\":\"es\",\"potentialAction\":[{\"@type\":\"ReadAction\",\"target\":[\"https:\\\/\\\/www.rubengalarreta.com\\\/es\\\/product\\\/man-es\\\/accessories-m-es\\\/arnes-con-cierre-alexander\\\/\"]}]},{\"@type\":\"ImageObject\",\"inLanguage\":\"es\",\"@id\":\"https:\\\/\\\/www.rubengalarreta.com\\\/es\\\/product\\\/man-es\\\/accessories-m-es\\\/arnes-con-cierre-alexander\\\/#primaryimage\",\"url\":\"https:\\\/\\\/www.rubengalarreta.com\\\/wp-content\\\/uploads\\\/2020\\\/05\\\/ruben-galarreta-underwear-fashion-men-black-hannibal-harness-clasp-legging-back-min.jpg\",\"contentUrl\":\"https:\\\/\\\/www.rubengalarreta.com\\\/wp-content\\\/uploads\\\/2020\\\/05\\\/ruben-galarreta-underwear-fashion-men-black-hannibal-harness-clasp-legging-back-min.jpg\",\"width\":704,\"height\":1000},{\"@type\":\"BreadcrumbList\",\"@id\":\"https:\\\/\\\/www.rubengalarreta.com\\\/es\\\/product\\\/man-es\\\/accessories-m-es\\\/arnes-con-cierre-alexander\\\/#breadcrumb\",\"itemListElement\":[{\"@type\":\"ListItem\",\"position\":1,\"name\":\"Home\",\"item\":\"https:\\\/\\\/www.rubengalarreta.com\\\/es\\\/\"},{\"@type\":\"ListItem\",\"position\":2,\"name\":\"Tienda Online\",\"item\":\"https:\\\/\\\/www.rubengalarreta.com\\\/es\\\/tienda-2\\\/\"},{\"@type\":\"ListItem\",\"position\":3,\"name\":\"ARN\u00c9S CON CIERRE ALEXANDER\"}]},{\"@type\":\"WebSite\",\"@id\":\"https:\\\/\\\/www.rubengalarreta.com\\\/es\\\/#website\",\"url\":\"https:\\\/\\\/www.rubengalarreta.com\\\/es\\\/\",\"name\":\"Ruben Galarreta\",\"description\":\"Hot Couture | Online Store\",\"publisher\":{\"@id\":\"https:\\\/\\\/www.rubengalarreta.com\\\/es\\\/#organization\"},\"potentialAction\":[{\"@type\":\"SearchAction\",\"target\":{\"@type\":\"EntryPoint\",\"urlTemplate\":\"https:\\\/\\\/www.rubengalarreta.com\\\/es\\\/?s={search_term_string}\"},\"query-input\":{\"@type\":\"PropertyValueSpecification\",\"valueRequired\":true,\"valueName\":\"search_term_string\"}}],\"inLanguage\":\"es\"},{\"@type\":\"Organization\",\"@id\":\"https:\\\/\\\/www.rubengalarreta.com\\\/es\\\/#organization\",\"name\":\"Ruben Galarreta\",\"url\":\"https:\\\/\\\/www.rubengalarreta.com\\\/es\\\/\",\"logo\":{\"@type\":\"ImageObject\",\"inLanguage\":\"es\",\"@id\":\"https:\\\/\\\/www.rubengalarreta.com\\\/es\\\/#\\\/schema\\\/logo\\\/image\\\/\",\"url\":\"https:\\\/\\\/www.rubengalarreta.com\\\/wp-content\\\/uploads\\\/2019\\\/10\\\/rubengalarreta-menswear.jpg\",\"contentUrl\":\"https:\\\/\\\/www.rubengalarreta.com\\\/wp-content\\\/uploads\\\/2019\\\/10\\\/rubengalarreta-menswear.jpg\",\"width\":1141,\"height\":146,\"caption\":\"Ruben Galarreta\"},\"image\":{\"@id\":\"https:\\\/\\\/www.rubengalarreta.com\\\/es\\\/#\\\/schema\\\/logo\\\/image\\\/\"}}]}<\/script>\n<!-- \/ Yoast SEO plugin. -->","yoast_head_json":{"title":"ARN\u00c9S ARN\u00c9S CON CIERRE ALEXANDER - Ruben Galarreta gay fetish","description":"El nuevo arn\u00e9s de piernas para hombre el ARN\u00c9S CON CIERRE ALEXANDER de Rub\u00e9n Galarreta se convertir\u00e1 en el m\u00e1s popular. Compra online.","robots":{"index":"index","follow":"follow","max-snippet":"max-snippet:-1","max-image-preview":"max-image-preview:large","max-video-preview":"max-video-preview:-1"},"canonical":"https:\/\/www.rubengalarreta.com\/es\/product\/man-es\/accessories-m-es\/arnes-con-cierre-alexander\/","og_locale":"es_ES","og_type":"article","og_title":"ARN\u00c9S ARN\u00c9S CON CIERRE ALEXANDER - Ruben Galarreta gay fetish","og_description":"El nuevo arn\u00e9s de piernas para hombre el ARN\u00c9S CON CIERRE ALEXANDER de Rub\u00e9n Galarreta se convertir\u00e1 en el m\u00e1s popular. Compra online.","og_url":"https:\/\/www.rubengalarreta.com\/es\/product\/man-es\/accessories-m-es\/arnes-con-cierre-alexander\/","og_site_name":"Ruben Galarreta","article_modified_time":"2021-10-15T13:38:39+00:00","og_image":[{"width":704,"height":1000,"url":"https:\/\/www.rubengalarreta.com\/wp-content\/uploads\/2020\/05\/ruben-galarreta-underwear-fashion-men-black-hannibal-harness-clasp-legging-back-min.jpg","type":"image\/jpeg"}],"twitter_card":"summary_large_image","twitter_misc":{"Tiempo de lectura":"2 minutos"},"schema":{"@context":"https:\/\/schema.org","@graph":[{"@type":"WebPage","@id":"https:\/\/www.rubengalarreta.com\/es\/product\/man-es\/accessories-m-es\/arnes-con-cierre-alexander\/","url":"https:\/\/www.rubengalarreta.com\/es\/product\/man-es\/accessories-m-es\/arnes-con-cierre-alexander\/","name":"ARN\u00c9S ARN\u00c9S CON CIERRE ALEXANDER - Ruben Galarreta gay fetish","isPartOf":{"@id":"https:\/\/www.rubengalarreta.com\/es\/#website"},"primaryImageOfPage":{"@id":"https:\/\/www.rubengalarreta.com\/es\/product\/man-es\/accessories-m-es\/arnes-con-cierre-alexander\/#primaryimage"},"image":{"@id":"https:\/\/www.rubengalarreta.com\/es\/product\/man-es\/accessories-m-es\/arnes-con-cierre-alexander\/#primaryimage"},"thumbnailUrl":"https:\/\/www.rubengalarreta.com\/wp-content\/uploads\/2020\/05\/ruben-galarreta-underwear-fashion-men-black-hannibal-harness-clasp-legging-back-min.jpg","datePublished":"2020-05-27T10:18:26+00:00","dateModified":"2021-10-15T13:38:39+00:00","description":"El nuevo arn\u00e9s de piernas para hombre el ARN\u00c9S CON CIERRE ALEXANDER de Rub\u00e9n Galarreta se convertir\u00e1 en el m\u00e1s popular. Compra online.","breadcrumb":{"@id":"https:\/\/www.rubengalarreta.com\/es\/product\/man-es\/accessories-m-es\/arnes-con-cierre-alexander\/#breadcrumb"},"inLanguage":"es","potentialAction":[{"@type":"ReadAction","target":["https:\/\/www.rubengalarreta.com\/es\/product\/man-es\/accessories-m-es\/arnes-con-cierre-alexander\/"]}]},{"@type":"ImageObject","inLanguage":"es","@id":"https:\/\/www.rubengalarreta.com\/es\/product\/man-es\/accessories-m-es\/arnes-con-cierre-alexander\/#primaryimage","url":"https:\/\/www.rubengalarreta.com\/wp-content\/uploads\/2020\/05\/ruben-galarreta-underwear-fashion-men-black-hannibal-harness-clasp-legging-back-min.jpg","contentUrl":"https:\/\/www.rubengalarreta.com\/wp-content\/uploads\/2020\/05\/ruben-galarreta-underwear-fashion-men-black-hannibal-harness-clasp-legging-back-min.jpg","width":704,"height":1000},{"@type":"BreadcrumbList","@id":"https:\/\/www.rubengalarreta.com\/es\/product\/man-es\/accessories-m-es\/arnes-con-cierre-alexander\/#breadcrumb","itemListElement":[{"@type":"ListItem","position":1,"name":"Home","item":"https:\/\/www.rubengalarreta.com\/es\/"},{"@type":"ListItem","position":2,"name":"Tienda Online","item":"https:\/\/www.rubengalarreta.com\/es\/tienda-2\/"},{"@type":"ListItem","position":3,"name":"ARN\u00c9S CON CIERRE ALEXANDER"}]},{"@type":"WebSite","@id":"https:\/\/www.rubengalarreta.com\/es\/#website","url":"https:\/\/www.rubengalarreta.com\/es\/","name":"Ruben Galarreta","description":"Hot Couture | Online Store","publisher":{"@id":"https:\/\/www.rubengalarreta.com\/es\/#organization"},"potentialAction":[{"@type":"SearchAction","target":{"@type":"EntryPoint","urlTemplate":"https:\/\/www.rubengalarreta.com\/es\/?s={search_term_string}"},"query-input":{"@type":"PropertyValueSpecification","valueRequired":true,"valueName":"search_term_string"}}],"inLanguage":"es"},{"@type":"Organization","@id":"https:\/\/www.rubengalarreta.com\/es\/#organization","name":"Ruben Galarreta","url":"https:\/\/www.rubengalarreta.com\/es\/","logo":{"@type":"ImageObject","inLanguage":"es","@id":"https:\/\/www.rubengalarreta.com\/es\/#\/schema\/logo\/image\/","url":"https:\/\/www.rubengalarreta.com\/wp-content\/uploads\/2019\/10\/rubengalarreta-menswear.jpg","contentUrl":"https:\/\/www.rubengalarreta.com\/wp-content\/uploads\/2019\/10\/rubengalarreta-menswear.jpg","width":1141,"height":146,"caption":"Ruben Galarreta"},"image":{"@id":"https:\/\/www.rubengalarreta.com\/es\/#\/schema\/logo\/image\/"}}]}},"_links":{"self":[{"href":"https:\/\/www.rubengalarreta.com\/es\/wp-json\/wp\/v2\/product\/53512","targetHints":{"allow":["GET"]}}],"collection":[{"href":"https:\/\/www.rubengalarreta.com\/es\/wp-json\/wp\/v2\/product"}],"about":[{"href":"https:\/\/www.rubengalarreta.com\/es\/wp-json\/wp\/v2\/types\/product"}],"replies":[{"embeddable":true,"href":"https:\/\/www.rubengalarreta.com\/es\/wp-json\/wp\/v2\/comments?post=53512"}],"wp:featuredmedia":[{"embeddable":true,"href":"https:\/\/www.rubengalarreta.com\/es\/wp-json\/wp\/v2\/media\/54585"}],"wp:attachment":[{"href":"https:\/\/www.rubengalarreta.com\/es\/wp-json\/wp\/v2\/media?parent=53512"}],"wp:term":[{"taxonomy":"product_brand","embeddable":true,"href":"https:\/\/www.rubengalarreta.com\/es\/wp-json\/wp\/v2\/product_brand?post=53512"},{"taxonomy":"product_cat","embeddable":true,"href":"https:\/\/www.rubengalarreta.com\/es\/wp-json\/wp\/v2\/product_cat?post=53512"},{"taxonomy":"product_tag","embeddable":true,"href":"https:\/\/www.rubengalarreta.com\/es\/wp-json\/wp\/v2\/product_tag?post=53512"}],"curies":[{"name":"wp","href":"https:\/\/api.w.org\/{rel}","templated":true}]}}