{"id":51022,"date":"2020-04-20T16:16:11","date_gmt":"2020-04-20T14:16:11","guid":{"rendered":"https:\/\/www.rubengalarreta.com\/product\/sin%20categor\u00eda\/mascarilla-galarreta-neopreno\/"},"modified":"2020-10-14T14:26:00","modified_gmt":"2020-10-14T12:26:00","slug":"mascarilla-galarreta-neopreno","status":"publish","type":"product","link":"https:\/\/www.rubengalarreta.com\/es\/product\/sales-es-outlet\/mascarilla-galarreta-neopreno\/","title":{"rendered":"MASCARILLA GALARRETA"},"content":{"rendered":"<table style=\"width: 100%; border-collapse: collapse; border-style: none; height: 133px;\">\n<tbody>\n<tr style=\"height: 67px;\">\n<td style=\"width: 50%; vertical-align: top; height: 67px; border-style: hidden;\"><span style=\"color: #000000; background-color: #ffffff; font-family: 'trebuchet ms', geneva, sans-serif;\"><strong>DETALLES DEL PRODUCTO:\u00a0<\/strong><\/span><br \/>\n<span style=\"font-family: 'trebuchet ms', geneva, sans-serif;\">-Material transpirable<\/span><br \/>\n<span style=\"font-family: 'trebuchet ms', geneva, sans-serif;\">-Puede filtrar peque\u00f1as part\u00edculas del aire<\/span><br \/>\n<span style=\"font-family: 'trebuchet ms', geneva, sans-serif;\">-Suaves, flexibles y transpirables,<\/span><br \/>\n<span style=\"font-family: 'trebuchet ms', geneva, sans-serif;\">-Reutilizable : Lavable<\/span><br \/>\n<span style=\"font-family: 'trebuchet ms', geneva, sans-serif;\">-F\u00e1cil de usar<\/span><br \/>\n<span style=\"font-family: 'trebuchet ms', geneva, sans-serif;\">-Material : Doble capa: capa exterior material t\u00e9cnico impreso + capa interior tela acolchada<\/span><br \/>\n<span style=\"font-family: 'trebuchet ms', geneva, sans-serif;\">-Mascarilla facial<\/span><\/td>\n<td style=\"width: 50%; vertical-align: top; height: 67px; border-style: hidden;\"><span style=\"font-family: 'trebuchet ms', geneva, sans-serif;\"><strong><span style=\"color: #000000;\">MEDIDAS:<\/span><\/strong><\/span><br \/>\n<span style=\"font-family: 'trebuchet ms', geneva, sans-serif;\">-Dimensiones : 24 cm x 13 cm de alto en la parte central<\/span><\/td>\n<\/tr>\n<tr style=\"height: 66px;\">\n<td style=\"width: 50%; vertical-align: top; height: 66px; border-style: hidden;\"><span style=\"font-family: 'trebuchet ms', geneva, sans-serif;\"><strong><span style=\"color: #000000;\">CUIDADOS:<\/span><\/strong><\/span><br \/>\n<span style=\"color: #000000; font-family: 'trebuchet ms', geneva, sans-serif;\">-Lavarlas antes de usarlas por primera vez. <\/span><br \/>\n<span style=\"color: #000000; font-family: 'trebuchet ms', geneva, sans-serif;\">-Lavable en lavadora\u00a0<\/span><\/td>\n<td style=\"width: 50%; vertical-align: top; height: 66px; border-style: hidden;\"><span style=\"font-family: 'trebuchet ms', geneva, sans-serif;\"><strong>\u00a0<\/strong><\/span><\/td>\n<\/tr>\n<\/tbody>\n<\/table>\n<p><span style=\"text-decoration: underline;\"><strong>MASCARILLA NEOPRENO GALARRETA<\/strong><\/span><\/p>\n<p style=\"text-align: center;\"><span style=\"color: #ff0000;\"><strong>NO SE ACEPTAN DEVOLUCIONES DEL PRODUCTO POR RAZONES DE HIGIENE<\/strong><\/span><\/p>\n<p style=\"text-align: center;\"><span style=\"color: #ff0000;\"><strong>ESTO NO ES UN PRODUCTO M\u00c9DICO.<\/strong><\/span><\/p>\n<p>&nbsp;<\/p>\n<p style=\"text-align: center;\"><em>Las m\u00e1scaras que ofrecemos no est\u00e1n fabricadas seg\u00fan las especificaciones del equipo de protecci\u00f3n requerido para su uso en entornos cl\u00ednicos.<\/em><em>Nuestras nuevas mascarillas de doble capa no son un remplazo del equipo de protecci\u00f3n personal de grado m\u00e9dico. Y en circunstancias en las que se recomiende un equipo de protecci\u00f3n personal de grado m\u00e9dico, debe consultar a un profesional de la salud. La decisi\u00f3n de usar esta m\u00e1scara es exclusivamente suya.<\/em><\/p>\n<p>&nbsp;<\/p>\n<p><strong>Descripci\u00f3n:\u00a0<\/strong><\/p>\n<p>Estas nuevas mascarillas de neopreno han sido dise\u00f1adas para darle un toque distintivo y fashion a todos tus looks, forman parte de nuestra nueva l\u00ednea de <span style=\"text-decoration: underline;\"><strong><a href=\"https:\/\/www.rubengalarreta.com\/es\/producto-categoria\/man-es\/mascarillas\/\">Special Items<\/a><\/strong><\/span>. Gracias a su amplia variedad de dise\u00f1os, podr\u00e1s elegir el que m\u00e1s se adecue a ti. Adem\u00e1s, est\u00e1n hechas de tejido de malla que permiten lavarlas y reutilizarlas cuantas veces lo desees. Con dise\u00f1os exclusivos de la marca, prep\u00e1rate para deslumbrar a todos.<\/p>\n<p>&nbsp;<\/p>\n<p>Recomendamos lavarlas antes de usarlas por primera vez.<\/p>\n<p>&nbsp;<\/p>\n<p>Nos gustar\u00eda hacer especial \u00e9nfasis en que estas mascarillas de neopreno no pretenden reemplazar otras medidas recomendadas para detener la propagaci\u00f3n de COVID-19, como lo son el distanciamiento social, lavarse las manos y abstenerse de tocarse la cara. Siga los \u00faltimos consejos de los Centros para el Control y la Prevenci\u00f3n de Enfermedades (CCPEEU) y de sus profesionales de la salud sobre la mejor manera de mantenerse a salvo. #staysafe<\/p>\n<p>&nbsp;<\/p>\n<p><strong>Normativa:\u00a0<\/strong><\/p>\n<p>Seg\u00fan establece la normativa vigente al respecto EL PRODUCTO NO pertenecen a ninguna de estas categor\u00edas y es exente de hecho a la declaraci\u00f3n<a href=\"https:\/\/www.boe.es\/buscar\/doc.php?id=BOE-A-2020-3701\"> BOE-A-2020-3701<\/a>:<\/p>\n<p>Orden SND\/233\/2020, de 15 de marzo, por la que se establecen determinadas obligaciones de informaci\u00f3n de acuerdo con lo previsto en el Real Decreto 463\/2020, de 14 de marzo, por el que se declara el estado de alarma para la gesti\u00f3n de la situaci\u00f3n de crisis sanitaria ocasionada por el COVID-19.<\/p>\n<p>Los sujetos obligados deber\u00e1n presentar informaci\u00f3n sobre los siguientes productos:<\/p>\n<ul>\n<li>Mascarillas quir\u00fargicas, de tipo II y IIR.<\/li>\n<li>Mascarilla protecci\u00f3n FFP2.<\/li>\n<li>Mascarilla protecci\u00f3n FFP3.<\/li>\n<li>Kits PCR diagn\u00f3stico COVID-19 y sus consumibles.<\/li>\n<li>Kits de diagn\u00f3stico r\u00e1pido (detecci\u00f3n de ant\u00edgeno).<\/li>\n<li>Hisopos.<\/li>\n<li>Gafas de protecci\u00f3n.<\/li>\n<li>Guantes de nitrilo, con y sin polvo.<\/li>\n<li>Batas desechables e impermeables.<\/li>\n<li>Soluci\u00f3n hidroalcoh\u00f3lica (biocida y cosm\u00e9tico) y sus materias primas.<\/li>\n<li>Dispositivos ventilaci\u00f3n mec\u00e1nica invasiva (VMI).<\/li>\n<li>Fungibles o consumibles de equipos de VMI.<\/li>\n<\/ul>\n<p>&nbsp;<\/p>\n","protected":false},"excerpt":{"rendered":"<p><span style=\"text-decoration: underline;\"><strong>MASCARILLA\u00a0 GALARRETA<\/strong><\/span><\/p>\n<p>Nuestras mascarillas faciales est\u00e1n hechas 100% de poliuretano y adem\u00e1s son lavables y reutilizables.<\/p>\n<p>&nbsp;<\/p>\n","protected":false},"featured_media":58904,"comment_status":"closed","ping_status":"closed","template":"","meta":{"_monsterinsights_skip_tracking":false,"_monsterinsights_sitenote_active":false,"_monsterinsights_sitenote_note":"","_monsterinsights_sitenote_category":0},"product_brand":[],"product_cat":[5055,2081],"product_tag":[5047],"class_list":{"0":"post-51022","1":"product","2":"type-product","3":"status-publish","4":"has-post-thumbnail","6":"product_cat-mascarillas","7":"product_cat-sales-es-outlet","8":"product_tag-mascarillas","10":"first","11":"instock","12":"sale","13":"taxable","14":"shipping-taxable","15":"purchasable","16":"product-type-simple"},"yoast_head":"<!-- This site is optimized with the Yoast SEO plugin v27.3 - https:\/\/yoast.com\/product\/yoast-seo-wordpress\/ -->\n<title>Mascarilla Neopreno Galarreta dise\u00f1ada por Rub\u00e9n Galarreta.<\/title>\n<meta name=\"description\" content=\"Mascarilla de Neopreno Galarreta de estilo Logomania, esta mascarilla es perfecta para estos tiempos de coronavirus.\" \/>\n<meta name=\"robots\" content=\"index, follow, max-snippet:-1, max-image-preview:large, max-video-preview:-1\" \/>\n<link rel=\"canonical\" href=\"https:\/\/www.rubengalarreta.com\/es\/product\/sales-es-outlet\/mascarilla-galarreta-neopreno\/\" \/>\n<meta property=\"og:locale\" content=\"es_ES\" \/>\n<meta property=\"og:type\" content=\"article\" \/>\n<meta property=\"og:title\" content=\"Mascarilla Neopreno Galarreta dise\u00f1ada por Rub\u00e9n Galarreta.\" \/>\n<meta property=\"og:description\" content=\"Mascarilla de Neopreno Galarreta de estilo Logomania, esta mascarilla es perfecta para estos tiempos de coronavirus.\" \/>\n<meta property=\"og:url\" content=\"https:\/\/www.rubengalarreta.com\/es\/product\/sales-es-outlet\/mascarilla-galarreta-neopreno\/\" \/>\n<meta property=\"og:site_name\" content=\"Ruben Galarreta\" \/>\n<meta property=\"article:modified_time\" content=\"2020-10-14T12:26:00+00:00\" \/>\n<meta property=\"og:image\" content=\"https:\/\/www.rubengalarreta.com\/wp-content\/uploads\/2020\/10\/ruben-galarreta-logomania-mask-fashion-for-men-front-min.jpg\" \/>\n\t<meta property=\"og:image:width\" content=\"704\" \/>\n\t<meta property=\"og:image:height\" content=\"1000\" \/>\n\t<meta property=\"og:image:type\" content=\"image\/jpeg\" \/>\n<meta name=\"twitter:card\" content=\"summary_large_image\" \/>\n<meta name=\"twitter:label1\" content=\"Tiempo de lectura\" \/>\n\t<meta name=\"twitter:data1\" content=\"3 minutos\" \/>\n<script type=\"application\/ld+json\" class=\"yoast-schema-graph\">{\"@context\":\"https:\\\/\\\/schema.org\",\"@graph\":[{\"@type\":\"WebPage\",\"@id\":\"https:\\\/\\\/www.rubengalarreta.com\\\/es\\\/product\\\/sales-es-outlet\\\/mascarilla-galarreta-neopreno\\\/\",\"url\":\"https:\\\/\\\/www.rubengalarreta.com\\\/es\\\/product\\\/sales-es-outlet\\\/mascarilla-galarreta-neopreno\\\/\",\"name\":\"Mascarilla Neopreno Galarreta dise\u00f1ada por Rub\u00e9n Galarreta.\",\"isPartOf\":{\"@id\":\"https:\\\/\\\/www.rubengalarreta.com\\\/es\\\/#website\"},\"primaryImageOfPage\":{\"@id\":\"https:\\\/\\\/www.rubengalarreta.com\\\/es\\\/product\\\/sales-es-outlet\\\/mascarilla-galarreta-neopreno\\\/#primaryimage\"},\"image\":{\"@id\":\"https:\\\/\\\/www.rubengalarreta.com\\\/es\\\/product\\\/sales-es-outlet\\\/mascarilla-galarreta-neopreno\\\/#primaryimage\"},\"thumbnailUrl\":\"https:\\\/\\\/www.rubengalarreta.com\\\/wp-content\\\/uploads\\\/2020\\\/10\\\/ruben-galarreta-logomania-mask-fashion-for-men-front-min.jpg\",\"datePublished\":\"2020-04-20T14:16:11+00:00\",\"dateModified\":\"2020-10-14T12:26:00+00:00\",\"description\":\"Mascarilla de Neopreno Galarreta de estilo Logomania, esta mascarilla es perfecta para estos tiempos de coronavirus.\",\"breadcrumb\":{\"@id\":\"https:\\\/\\\/www.rubengalarreta.com\\\/es\\\/product\\\/sales-es-outlet\\\/mascarilla-galarreta-neopreno\\\/#breadcrumb\"},\"inLanguage\":\"es\",\"potentialAction\":[{\"@type\":\"ReadAction\",\"target\":[\"https:\\\/\\\/www.rubengalarreta.com\\\/es\\\/product\\\/sales-es-outlet\\\/mascarilla-galarreta-neopreno\\\/\"]}]},{\"@type\":\"ImageObject\",\"inLanguage\":\"es\",\"@id\":\"https:\\\/\\\/www.rubengalarreta.com\\\/es\\\/product\\\/sales-es-outlet\\\/mascarilla-galarreta-neopreno\\\/#primaryimage\",\"url\":\"https:\\\/\\\/www.rubengalarreta.com\\\/wp-content\\\/uploads\\\/2020\\\/10\\\/ruben-galarreta-logomania-mask-fashion-for-men-front-min.jpg\",\"contentUrl\":\"https:\\\/\\\/www.rubengalarreta.com\\\/wp-content\\\/uploads\\\/2020\\\/10\\\/ruben-galarreta-logomania-mask-fashion-for-men-front-min.jpg\",\"width\":704,\"height\":1000,\"caption\":\"Mascarilla para hombre negra con estampado Galarreta en color blanco\"},{\"@type\":\"BreadcrumbList\",\"@id\":\"https:\\\/\\\/www.rubengalarreta.com\\\/es\\\/product\\\/sales-es-outlet\\\/mascarilla-galarreta-neopreno\\\/#breadcrumb\",\"itemListElement\":[{\"@type\":\"ListItem\",\"position\":1,\"name\":\"Home\",\"item\":\"https:\\\/\\\/www.rubengalarreta.com\\\/es\\\/\"},{\"@type\":\"ListItem\",\"position\":2,\"name\":\"Tienda Online\",\"item\":\"https:\\\/\\\/www.rubengalarreta.com\\\/es\\\/tienda-2\\\/\"},{\"@type\":\"ListItem\",\"position\":3,\"name\":\"MASCARILLA GALARRETA\"}]},{\"@type\":\"WebSite\",\"@id\":\"https:\\\/\\\/www.rubengalarreta.com\\\/es\\\/#website\",\"url\":\"https:\\\/\\\/www.rubengalarreta.com\\\/es\\\/\",\"name\":\"Ruben Galarreta\",\"description\":\"Hot Couture | Online Store\",\"publisher\":{\"@id\":\"https:\\\/\\\/www.rubengalarreta.com\\\/es\\\/#organization\"},\"potentialAction\":[{\"@type\":\"SearchAction\",\"target\":{\"@type\":\"EntryPoint\",\"urlTemplate\":\"https:\\\/\\\/www.rubengalarreta.com\\\/es\\\/?s={search_term_string}\"},\"query-input\":{\"@type\":\"PropertyValueSpecification\",\"valueRequired\":true,\"valueName\":\"search_term_string\"}}],\"inLanguage\":\"es\"},{\"@type\":\"Organization\",\"@id\":\"https:\\\/\\\/www.rubengalarreta.com\\\/es\\\/#organization\",\"name\":\"Ruben Galarreta\",\"url\":\"https:\\\/\\\/www.rubengalarreta.com\\\/es\\\/\",\"logo\":{\"@type\":\"ImageObject\",\"inLanguage\":\"es\",\"@id\":\"https:\\\/\\\/www.rubengalarreta.com\\\/es\\\/#\\\/schema\\\/logo\\\/image\\\/\",\"url\":\"https:\\\/\\\/www.rubengalarreta.com\\\/wp-content\\\/uploads\\\/2019\\\/10\\\/rubengalarreta-menswear.jpg\",\"contentUrl\":\"https:\\\/\\\/www.rubengalarreta.com\\\/wp-content\\\/uploads\\\/2019\\\/10\\\/rubengalarreta-menswear.jpg\",\"width\":1141,\"height\":146,\"caption\":\"Ruben Galarreta\"},\"image\":{\"@id\":\"https:\\\/\\\/www.rubengalarreta.com\\\/es\\\/#\\\/schema\\\/logo\\\/image\\\/\"}}]}<\/script>\n<!-- \/ Yoast SEO plugin. -->","yoast_head_json":{"title":"Mascarilla Neopreno Galarreta dise\u00f1ada por Rub\u00e9n Galarreta.","description":"Mascarilla de Neopreno Galarreta de estilo Logomania, esta mascarilla es perfecta para estos tiempos de coronavirus.","robots":{"index":"index","follow":"follow","max-snippet":"max-snippet:-1","max-image-preview":"max-image-preview:large","max-video-preview":"max-video-preview:-1"},"canonical":"https:\/\/www.rubengalarreta.com\/es\/product\/sales-es-outlet\/mascarilla-galarreta-neopreno\/","og_locale":"es_ES","og_type":"article","og_title":"Mascarilla Neopreno Galarreta dise\u00f1ada por Rub\u00e9n Galarreta.","og_description":"Mascarilla de Neopreno Galarreta de estilo Logomania, esta mascarilla es perfecta para estos tiempos de coronavirus.","og_url":"https:\/\/www.rubengalarreta.com\/es\/product\/sales-es-outlet\/mascarilla-galarreta-neopreno\/","og_site_name":"Ruben Galarreta","article_modified_time":"2020-10-14T12:26:00+00:00","og_image":[{"width":704,"height":1000,"url":"https:\/\/www.rubengalarreta.com\/wp-content\/uploads\/2020\/10\/ruben-galarreta-logomania-mask-fashion-for-men-front-min.jpg","type":"image\/jpeg"}],"twitter_card":"summary_large_image","twitter_misc":{"Tiempo de lectura":"3 minutos"},"schema":{"@context":"https:\/\/schema.org","@graph":[{"@type":"WebPage","@id":"https:\/\/www.rubengalarreta.com\/es\/product\/sales-es-outlet\/mascarilla-galarreta-neopreno\/","url":"https:\/\/www.rubengalarreta.com\/es\/product\/sales-es-outlet\/mascarilla-galarreta-neopreno\/","name":"Mascarilla Neopreno Galarreta dise\u00f1ada por Rub\u00e9n Galarreta.","isPartOf":{"@id":"https:\/\/www.rubengalarreta.com\/es\/#website"},"primaryImageOfPage":{"@id":"https:\/\/www.rubengalarreta.com\/es\/product\/sales-es-outlet\/mascarilla-galarreta-neopreno\/#primaryimage"},"image":{"@id":"https:\/\/www.rubengalarreta.com\/es\/product\/sales-es-outlet\/mascarilla-galarreta-neopreno\/#primaryimage"},"thumbnailUrl":"https:\/\/www.rubengalarreta.com\/wp-content\/uploads\/2020\/10\/ruben-galarreta-logomania-mask-fashion-for-men-front-min.jpg","datePublished":"2020-04-20T14:16:11+00:00","dateModified":"2020-10-14T12:26:00+00:00","description":"Mascarilla de Neopreno Galarreta de estilo Logomania, esta mascarilla es perfecta para estos tiempos de coronavirus.","breadcrumb":{"@id":"https:\/\/www.rubengalarreta.com\/es\/product\/sales-es-outlet\/mascarilla-galarreta-neopreno\/#breadcrumb"},"inLanguage":"es","potentialAction":[{"@type":"ReadAction","target":["https:\/\/www.rubengalarreta.com\/es\/product\/sales-es-outlet\/mascarilla-galarreta-neopreno\/"]}]},{"@type":"ImageObject","inLanguage":"es","@id":"https:\/\/www.rubengalarreta.com\/es\/product\/sales-es-outlet\/mascarilla-galarreta-neopreno\/#primaryimage","url":"https:\/\/www.rubengalarreta.com\/wp-content\/uploads\/2020\/10\/ruben-galarreta-logomania-mask-fashion-for-men-front-min.jpg","contentUrl":"https:\/\/www.rubengalarreta.com\/wp-content\/uploads\/2020\/10\/ruben-galarreta-logomania-mask-fashion-for-men-front-min.jpg","width":704,"height":1000,"caption":"Mascarilla para hombre negra con estampado Galarreta en color blanco"},{"@type":"BreadcrumbList","@id":"https:\/\/www.rubengalarreta.com\/es\/product\/sales-es-outlet\/mascarilla-galarreta-neopreno\/#breadcrumb","itemListElement":[{"@type":"ListItem","position":1,"name":"Home","item":"https:\/\/www.rubengalarreta.com\/es\/"},{"@type":"ListItem","position":2,"name":"Tienda Online","item":"https:\/\/www.rubengalarreta.com\/es\/tienda-2\/"},{"@type":"ListItem","position":3,"name":"MASCARILLA GALARRETA"}]},{"@type":"WebSite","@id":"https:\/\/www.rubengalarreta.com\/es\/#website","url":"https:\/\/www.rubengalarreta.com\/es\/","name":"Ruben Galarreta","description":"Hot Couture | Online Store","publisher":{"@id":"https:\/\/www.rubengalarreta.com\/es\/#organization"},"potentialAction":[{"@type":"SearchAction","target":{"@type":"EntryPoint","urlTemplate":"https:\/\/www.rubengalarreta.com\/es\/?s={search_term_string}"},"query-input":{"@type":"PropertyValueSpecification","valueRequired":true,"valueName":"search_term_string"}}],"inLanguage":"es"},{"@type":"Organization","@id":"https:\/\/www.rubengalarreta.com\/es\/#organization","name":"Ruben Galarreta","url":"https:\/\/www.rubengalarreta.com\/es\/","logo":{"@type":"ImageObject","inLanguage":"es","@id":"https:\/\/www.rubengalarreta.com\/es\/#\/schema\/logo\/image\/","url":"https:\/\/www.rubengalarreta.com\/wp-content\/uploads\/2019\/10\/rubengalarreta-menswear.jpg","contentUrl":"https:\/\/www.rubengalarreta.com\/wp-content\/uploads\/2019\/10\/rubengalarreta-menswear.jpg","width":1141,"height":146,"caption":"Ruben Galarreta"},"image":{"@id":"https:\/\/www.rubengalarreta.com\/es\/#\/schema\/logo\/image\/"}}]}},"_links":{"self":[{"href":"https:\/\/www.rubengalarreta.com\/es\/wp-json\/wp\/v2\/product\/51022","targetHints":{"allow":["GET"]}}],"collection":[{"href":"https:\/\/www.rubengalarreta.com\/es\/wp-json\/wp\/v2\/product"}],"about":[{"href":"https:\/\/www.rubengalarreta.com\/es\/wp-json\/wp\/v2\/types\/product"}],"replies":[{"embeddable":true,"href":"https:\/\/www.rubengalarreta.com\/es\/wp-json\/wp\/v2\/comments?post=51022"}],"wp:featuredmedia":[{"embeddable":true,"href":"https:\/\/www.rubengalarreta.com\/es\/wp-json\/wp\/v2\/media\/58904"}],"wp:attachment":[{"href":"https:\/\/www.rubengalarreta.com\/es\/wp-json\/wp\/v2\/media?parent=51022"}],"wp:term":[{"taxonomy":"product_brand","embeddable":true,"href":"https:\/\/www.rubengalarreta.com\/es\/wp-json\/wp\/v2\/product_brand?post=51022"},{"taxonomy":"product_cat","embeddable":true,"href":"https:\/\/www.rubengalarreta.com\/es\/wp-json\/wp\/v2\/product_cat?post=51022"},{"taxonomy":"product_tag","embeddable":true,"href":"https:\/\/www.rubengalarreta.com\/es\/wp-json\/wp\/v2\/product_tag?post=51022"}],"curies":[{"name":"wp","href":"https:\/\/api.w.org\/{rel}","templated":true}]}}