{"id":50705,"date":"2020-04-16T14:15:25","date_gmt":"2020-04-16T12:15:25","guid":{"rendered":"https:\/\/www.rubengalarreta.com\/product\/sin%20categor\u00eda\/esmekano-harness\/"},"modified":"2021-08-11T10:20:03","modified_gmt":"2021-08-11T08:20:03","slug":"arnes-modular-mekano-hombre-galarreta","status":"publish","type":"product","link":"https:\/\/www.rubengalarreta.com\/es\/product\/man-es\/accessories-m-es\/arnes-modular-mekano-hombre-galarreta\/","title":{"rendered":"ARN\u00c9S MODULAR MEKANO"},"content":{"rendered":"<h2><strong>ARN\u00c9S MODULAR MEKANO <\/strong><\/h2>\n<table style=\"width: 100%; border-collapse: collapse; border-style: none; height: 134px;\">\n<tbody>\n<tr style=\"height: 67px;\">\n<td style=\"width: 50%; vertical-align: top; height: 67px; border-style: hidden;\"><span style=\"color: #000000; background-color: #ffffff;\"><strong><span style=\"font-family: trebuchet ms, geneva, sans-serif;\">DETALLES DEL PRODUCTO:<\/span><\/strong><\/span><br \/>\n<span style=\"font-family: 'trebuchet ms', geneva, sans-serif; color: #999999;\">-Arn\u00e9s Negro Mekano Intercambiable<\/span><br \/>\n<span style=\"font-family: 'trebuchet ms', geneva, sans-serif; color: #999999;\">-Cintas para la fijaci\u00f3n de multibolsillos compatible <\/span><br \/>\n<span style=\"font-family: 'trebuchet ms', geneva, sans-serif; color: #999999;\">-Correas antideslizantes y ajustables <\/span><br \/>\n<span style=\"font-family: 'trebuchet ms', geneva, sans-serif; color: #999999;\">-Panel de pecho con malla de aire transpirable <\/span><span style=\"color: #999999;\"><span style=\"font-family: 'trebuchet ms', geneva, sans-serif;\">100% poli\u00e9ster<\/span><\/span><\/td>\n<td style=\"width: 50%; vertical-align: top; height: 67px; border-style: hidden;\"><strong><span style=\"color: #000000;\"><span style=\"font-family: trebuchet ms, geneva, sans-serif;\">TALLA:<\/span><\/span><\/strong><span style=\"color: #000000;\"><span style=\"font-family: trebuchet ms, geneva, sans-serif;\"><br \/>\n<\/span><\/span><span style=\"color: #999999;\"><span style=\"font-family: trebuchet ms, geneva, sans-serif;\">&#8211; 35 X 21 X 1 cm<\/span><\/span><\/td>\n<\/tr>\n<tr style=\"height: 66px;\">\n<td style=\"width: 50%; vertical-align: top; height: 67px; border-style: hidden;\"><span style=\"color: #000000; font-family: trebuchet ms, geneva, sans-serif;\"><span style=\"caret-color: #000000;\"><b>CUIDADOS:<\/b><\/span><\/span><br \/>\n<span style=\"color: #999999;\"><span style=\"font-family: trebuchet ms, geneva, sans-serif;\">-Lavar seg\u00fan las instrucciones del fabricante.<\/span><\/span><\/td>\n<td style=\"width: 50%; vertical-align: top; height: 67px; border-style: hidden;\"><span style=\"color: #000000;\"><strong>NOTAS:<\/strong><\/span><\/td>\n<\/tr>\n<\/tbody>\n<\/table>\n<h4><strong>DESCRIPCI\u00d3N<\/strong><\/h4>\n<p>El ARN\u00c9S MODULAR MEKANO para hombre de color negro es uno de nuestros productos mas exclusivos de Galarreta dentro de toda la gama de accesorios. Dise\u00f1ado en Espa\u00f1a. Lo mas llamativo de este Arnes Mekano para hombres es que no solo lo puedes utilizar como un arn\u00e9s ordinario, si no que tambi\u00e9n puedes utilizarlo para guardar cosas.<\/p>\n<p>Por un lado, el ARN\u00c9S MODULAR MEKANO para hombre en color negro esta confeccionado con materiales de gran calidad como tambi\u00e9n un dise\u00f1o Galarreta \u00fanico. Adem\u00e1s su dise\u00f1o permite a\u00f1adirle m\u00faltiples bolsillo, con lo que no se te perder\u00e1 nada. Por otro lado este arn\u00e9s refleja a la perfecci\u00f3n el estilo rebelde y audaz de la marca. El logo de Galarreta se encuentra cosido en la parte central delantera en color negro, siendo justo debajo donde se encuentran las tiras con las que podr\u00e1s agregar los bolsos Mekano haci\u00e9ndolo mucho mas vers\u00e1til y funcional. Las correas superiores son ajustables para adaptarse a cualquier cuerpo, encontr\u00e1ndose a ambos lados le cierre de clip.<\/p>\n<p>Este arn\u00e9s modular para hombre es la combinaci\u00f3n perfecta de moda y elegancia. Adem\u00e1s el estilo del ARN\u00c9S MODULAR MEKANO completamente negro lo convierte en un accesorio muy vers\u00e1til que se ajusta perfectamente a tu cuerpo resaltando tus rasgos.<\/p>\n<h4><strong>NOTA DE ESTILO<\/strong><\/h4>\n<p>Si quieres conseguir con este arn\u00e9s un look sexy, Rub\u00e9n Galarreta te recomienda combinarlo con cualquier prenda de nuestra secci\u00f3n <a href=\"https:\/\/www.rubengalarreta.com\/es\/producto-categoria\/man-es\/casual-issue\/\">CASUAL<\/a>.<\/p>\n<p>Si lo que buscas es un look mas atrevido, te recomendamos que lo combines con nuestros crop top, haciendo subir la temperatura all\u00e1 donde vayas.<\/p>\n","protected":false},"excerpt":{"rendered":"<h1><strong>ARN\u00c9S MODULAR MEKANO<\/strong><\/h1>\n<p>El Arn\u00e9s Modular Mekano para hombre es la combinaci\u00f3n perfecta entre elegancia y sensualidad. Puedes llevarlo solo o junto con el resto de bolsas de la Colecci\u00f3n Mekano, gracias a sus correas.<\/p>\n","protected":false},"featured_media":54405,"comment_status":"closed","ping_status":"closed","template":"","meta":{"_monsterinsights_skip_tracking":false,"_monsterinsights_sitenote_active":false,"_monsterinsights_sitenote_note":"","_monsterinsights_sitenote_category":0},"product_brand":[],"product_cat":[1950,2081,1921],"product_tag":[2167,2334],"class_list":{"0":"post-50705","1":"product","2":"type-product","3":"status-publish","4":"has-post-thumbnail","6":"product_cat-accessories-m-es","7":"product_cat-sales-es-outlet","8":"product_cat-man-es","9":"product_tag-arneses","10":"product_tag-bolsos-accesorios","12":"first","13":"instock","14":"sale","15":"taxable","16":"shipping-taxable","17":"purchasable","18":"product-type-simple"},"yoast_head":"<!-- This site is optimized with the Yoast SEO plugin v27.5 - https:\/\/yoast.com\/product\/yoast-seo-wordpress\/ -->\n<title>ARN\u00c9S MODULAR MEKANO NEGRO PARA HOMBRE - Ruben Galarreta<\/title>\n<meta name=\"description\" content=\"Este ARNES MODULAR MEKANO para hombre es la combinaci\u00f3n perfecta de elegancia y sesualidad. Disponible en nuestra Tienda Online\" \/>\n<meta name=\"robots\" content=\"index, follow, max-snippet:-1, max-image-preview:large, max-video-preview:-1\" \/>\n<link rel=\"canonical\" href=\"https:\/\/www.rubengalarreta.com\/es\/product\/man-es\/accessories-m-es\/arnes-modular-mekano-hombre-galarreta\/\" \/>\n<meta property=\"og:locale\" content=\"es_ES\" \/>\n<meta property=\"og:type\" content=\"article\" \/>\n<meta property=\"og:title\" content=\"ARN\u00c9S MODULAR MEKANO NEGRO PARA HOMBRE - Ruben Galarreta\" \/>\n<meta property=\"og:description\" content=\"Este ARNES MODULAR MEKANO para hombre es la combinaci\u00f3n perfecta de elegancia y sesualidad. Disponible en nuestra Tienda Online\" \/>\n<meta property=\"og:url\" content=\"https:\/\/www.rubengalarreta.com\/es\/product\/man-es\/accessories-m-es\/arnes-modular-mekano-hombre-galarreta\/\" \/>\n<meta property=\"og:site_name\" content=\"Ruben Galarreta\" \/>\n<meta property=\"article:modified_time\" content=\"2021-08-11T08:20:03+00:00\" \/>\n<meta property=\"og:image\" content=\"https:\/\/www.rubengalarreta.com\/wp-content\/uploads\/2020\/04\/ruben-galarreta-underwear-fashion-men-mekano-harness-min.jpg\" \/>\n\t<meta property=\"og:image:width\" content=\"704\" \/>\n\t<meta property=\"og:image:height\" content=\"1000\" \/>\n\t<meta property=\"og:image:type\" content=\"image\/jpeg\" \/>\n<meta name=\"twitter:card\" content=\"summary_large_image\" \/>\n<meta name=\"twitter:label1\" content=\"Tiempo de lectura\" \/>\n\t<meta name=\"twitter:data1\" content=\"2 minutos\" \/>\n<script type=\"application\/ld+json\" class=\"yoast-schema-graph\">{\"@context\":\"https:\\\/\\\/schema.org\",\"@graph\":[{\"@type\":\"WebPage\",\"@id\":\"https:\\\/\\\/www.rubengalarreta.com\\\/es\\\/product\\\/man-es\\\/accessories-m-es\\\/arnes-modular-mekano-hombre-galarreta\\\/\",\"url\":\"https:\\\/\\\/www.rubengalarreta.com\\\/es\\\/product\\\/man-es\\\/accessories-m-es\\\/arnes-modular-mekano-hombre-galarreta\\\/\",\"name\":\"ARN\u00c9S MODULAR MEKANO NEGRO PARA HOMBRE - Ruben Galarreta\",\"isPartOf\":{\"@id\":\"https:\\\/\\\/www.rubengalarreta.com\\\/es\\\/#website\"},\"primaryImageOfPage\":{\"@id\":\"https:\\\/\\\/www.rubengalarreta.com\\\/es\\\/product\\\/man-es\\\/accessories-m-es\\\/arnes-modular-mekano-hombre-galarreta\\\/#primaryimage\"},\"image\":{\"@id\":\"https:\\\/\\\/www.rubengalarreta.com\\\/es\\\/product\\\/man-es\\\/accessories-m-es\\\/arnes-modular-mekano-hombre-galarreta\\\/#primaryimage\"},\"thumbnailUrl\":\"https:\\\/\\\/www.rubengalarreta.com\\\/wp-content\\\/uploads\\\/2020\\\/04\\\/ruben-galarreta-underwear-fashion-men-mekano-harness-min.jpg\",\"datePublished\":\"2020-04-16T12:15:25+00:00\",\"dateModified\":\"2021-08-11T08:20:03+00:00\",\"description\":\"Este ARNES MODULAR MEKANO para hombre es la combinaci\u00f3n perfecta de elegancia y sesualidad. Disponible en nuestra Tienda Online\",\"breadcrumb\":{\"@id\":\"https:\\\/\\\/www.rubengalarreta.com\\\/es\\\/product\\\/man-es\\\/accessories-m-es\\\/arnes-modular-mekano-hombre-galarreta\\\/#breadcrumb\"},\"inLanguage\":\"es\",\"potentialAction\":[{\"@type\":\"ReadAction\",\"target\":[\"https:\\\/\\\/www.rubengalarreta.com\\\/es\\\/product\\\/man-es\\\/accessories-m-es\\\/arnes-modular-mekano-hombre-galarreta\\\/\"]}]},{\"@type\":\"ImageObject\",\"inLanguage\":\"es\",\"@id\":\"https:\\\/\\\/www.rubengalarreta.com\\\/es\\\/product\\\/man-es\\\/accessories-m-es\\\/arnes-modular-mekano-hombre-galarreta\\\/#primaryimage\",\"url\":\"https:\\\/\\\/www.rubengalarreta.com\\\/wp-content\\\/uploads\\\/2020\\\/04\\\/ruben-galarreta-underwear-fashion-men-mekano-harness-min.jpg\",\"contentUrl\":\"https:\\\/\\\/www.rubengalarreta.com\\\/wp-content\\\/uploads\\\/2020\\\/04\\\/ruben-galarreta-underwear-fashion-men-mekano-harness-min.jpg\",\"width\":704,\"height\":1000},{\"@type\":\"BreadcrumbList\",\"@id\":\"https:\\\/\\\/www.rubengalarreta.com\\\/es\\\/product\\\/man-es\\\/accessories-m-es\\\/arnes-modular-mekano-hombre-galarreta\\\/#breadcrumb\",\"itemListElement\":[{\"@type\":\"ListItem\",\"position\":1,\"name\":\"Home\",\"item\":\"https:\\\/\\\/www.rubengalarreta.com\\\/es\\\/\"},{\"@type\":\"ListItem\",\"position\":2,\"name\":\"Tienda Online\",\"item\":\"https:\\\/\\\/www.rubengalarreta.com\\\/es\\\/tienda-2\\\/\"},{\"@type\":\"ListItem\",\"position\":3,\"name\":\"ARN\u00c9S MODULAR MEKANO\"}]},{\"@type\":\"WebSite\",\"@id\":\"https:\\\/\\\/www.rubengalarreta.com\\\/es\\\/#website\",\"url\":\"https:\\\/\\\/www.rubengalarreta.com\\\/es\\\/\",\"name\":\"Ruben Galarreta\",\"description\":\"Hot Couture | Online Store\",\"publisher\":{\"@id\":\"https:\\\/\\\/www.rubengalarreta.com\\\/es\\\/#organization\"},\"potentialAction\":[{\"@type\":\"SearchAction\",\"target\":{\"@type\":\"EntryPoint\",\"urlTemplate\":\"https:\\\/\\\/www.rubengalarreta.com\\\/es\\\/?s={search_term_string}\"},\"query-input\":{\"@type\":\"PropertyValueSpecification\",\"valueRequired\":true,\"valueName\":\"search_term_string\"}}],\"inLanguage\":\"es\"},{\"@type\":\"Organization\",\"@id\":\"https:\\\/\\\/www.rubengalarreta.com\\\/es\\\/#organization\",\"name\":\"Ruben Galarreta\",\"url\":\"https:\\\/\\\/www.rubengalarreta.com\\\/es\\\/\",\"logo\":{\"@type\":\"ImageObject\",\"inLanguage\":\"es\",\"@id\":\"https:\\\/\\\/www.rubengalarreta.com\\\/es\\\/#\\\/schema\\\/logo\\\/image\\\/\",\"url\":\"https:\\\/\\\/www.rubengalarreta.com\\\/wp-content\\\/uploads\\\/2019\\\/10\\\/rubengalarreta-menswear.jpg\",\"contentUrl\":\"https:\\\/\\\/www.rubengalarreta.com\\\/wp-content\\\/uploads\\\/2019\\\/10\\\/rubengalarreta-menswear.jpg\",\"width\":1141,\"height\":146,\"caption\":\"Ruben Galarreta\"},\"image\":{\"@id\":\"https:\\\/\\\/www.rubengalarreta.com\\\/es\\\/#\\\/schema\\\/logo\\\/image\\\/\"}}]}<\/script>\n<!-- \/ Yoast SEO plugin. -->","yoast_head_json":{"title":"ARN\u00c9S MODULAR MEKANO NEGRO PARA HOMBRE - Ruben Galarreta","description":"Este ARNES MODULAR MEKANO para hombre es la combinaci\u00f3n perfecta de elegancia y sesualidad. Disponible en nuestra Tienda Online","robots":{"index":"index","follow":"follow","max-snippet":"max-snippet:-1","max-image-preview":"max-image-preview:large","max-video-preview":"max-video-preview:-1"},"canonical":"https:\/\/www.rubengalarreta.com\/es\/product\/man-es\/accessories-m-es\/arnes-modular-mekano-hombre-galarreta\/","og_locale":"es_ES","og_type":"article","og_title":"ARN\u00c9S MODULAR MEKANO NEGRO PARA HOMBRE - Ruben Galarreta","og_description":"Este ARNES MODULAR MEKANO para hombre es la combinaci\u00f3n perfecta de elegancia y sesualidad. Disponible en nuestra Tienda Online","og_url":"https:\/\/www.rubengalarreta.com\/es\/product\/man-es\/accessories-m-es\/arnes-modular-mekano-hombre-galarreta\/","og_site_name":"Ruben Galarreta","article_modified_time":"2021-08-11T08:20:03+00:00","og_image":[{"width":704,"height":1000,"url":"https:\/\/www.rubengalarreta.com\/wp-content\/uploads\/2020\/04\/ruben-galarreta-underwear-fashion-men-mekano-harness-min.jpg","type":"image\/jpeg"}],"twitter_card":"summary_large_image","twitter_misc":{"Tiempo de lectura":"2 minutos"},"schema":{"@context":"https:\/\/schema.org","@graph":[{"@type":"WebPage","@id":"https:\/\/www.rubengalarreta.com\/es\/product\/man-es\/accessories-m-es\/arnes-modular-mekano-hombre-galarreta\/","url":"https:\/\/www.rubengalarreta.com\/es\/product\/man-es\/accessories-m-es\/arnes-modular-mekano-hombre-galarreta\/","name":"ARN\u00c9S MODULAR MEKANO NEGRO PARA HOMBRE - Ruben Galarreta","isPartOf":{"@id":"https:\/\/www.rubengalarreta.com\/es\/#website"},"primaryImageOfPage":{"@id":"https:\/\/www.rubengalarreta.com\/es\/product\/man-es\/accessories-m-es\/arnes-modular-mekano-hombre-galarreta\/#primaryimage"},"image":{"@id":"https:\/\/www.rubengalarreta.com\/es\/product\/man-es\/accessories-m-es\/arnes-modular-mekano-hombre-galarreta\/#primaryimage"},"thumbnailUrl":"https:\/\/www.rubengalarreta.com\/wp-content\/uploads\/2020\/04\/ruben-galarreta-underwear-fashion-men-mekano-harness-min.jpg","datePublished":"2020-04-16T12:15:25+00:00","dateModified":"2021-08-11T08:20:03+00:00","description":"Este ARNES MODULAR MEKANO para hombre es la combinaci\u00f3n perfecta de elegancia y sesualidad. Disponible en nuestra Tienda Online","breadcrumb":{"@id":"https:\/\/www.rubengalarreta.com\/es\/product\/man-es\/accessories-m-es\/arnes-modular-mekano-hombre-galarreta\/#breadcrumb"},"inLanguage":"es","potentialAction":[{"@type":"ReadAction","target":["https:\/\/www.rubengalarreta.com\/es\/product\/man-es\/accessories-m-es\/arnes-modular-mekano-hombre-galarreta\/"]}]},{"@type":"ImageObject","inLanguage":"es","@id":"https:\/\/www.rubengalarreta.com\/es\/product\/man-es\/accessories-m-es\/arnes-modular-mekano-hombre-galarreta\/#primaryimage","url":"https:\/\/www.rubengalarreta.com\/wp-content\/uploads\/2020\/04\/ruben-galarreta-underwear-fashion-men-mekano-harness-min.jpg","contentUrl":"https:\/\/www.rubengalarreta.com\/wp-content\/uploads\/2020\/04\/ruben-galarreta-underwear-fashion-men-mekano-harness-min.jpg","width":704,"height":1000},{"@type":"BreadcrumbList","@id":"https:\/\/www.rubengalarreta.com\/es\/product\/man-es\/accessories-m-es\/arnes-modular-mekano-hombre-galarreta\/#breadcrumb","itemListElement":[{"@type":"ListItem","position":1,"name":"Home","item":"https:\/\/www.rubengalarreta.com\/es\/"},{"@type":"ListItem","position":2,"name":"Tienda Online","item":"https:\/\/www.rubengalarreta.com\/es\/tienda-2\/"},{"@type":"ListItem","position":3,"name":"ARN\u00c9S MODULAR MEKANO"}]},{"@type":"WebSite","@id":"https:\/\/www.rubengalarreta.com\/es\/#website","url":"https:\/\/www.rubengalarreta.com\/es\/","name":"Ruben Galarreta","description":"Hot Couture | Online Store","publisher":{"@id":"https:\/\/www.rubengalarreta.com\/es\/#organization"},"potentialAction":[{"@type":"SearchAction","target":{"@type":"EntryPoint","urlTemplate":"https:\/\/www.rubengalarreta.com\/es\/?s={search_term_string}"},"query-input":{"@type":"PropertyValueSpecification","valueRequired":true,"valueName":"search_term_string"}}],"inLanguage":"es"},{"@type":"Organization","@id":"https:\/\/www.rubengalarreta.com\/es\/#organization","name":"Ruben Galarreta","url":"https:\/\/www.rubengalarreta.com\/es\/","logo":{"@type":"ImageObject","inLanguage":"es","@id":"https:\/\/www.rubengalarreta.com\/es\/#\/schema\/logo\/image\/","url":"https:\/\/www.rubengalarreta.com\/wp-content\/uploads\/2019\/10\/rubengalarreta-menswear.jpg","contentUrl":"https:\/\/www.rubengalarreta.com\/wp-content\/uploads\/2019\/10\/rubengalarreta-menswear.jpg","width":1141,"height":146,"caption":"Ruben Galarreta"},"image":{"@id":"https:\/\/www.rubengalarreta.com\/es\/#\/schema\/logo\/image\/"}}]}},"_links":{"self":[{"href":"https:\/\/www.rubengalarreta.com\/es\/wp-json\/wp\/v2\/product\/50705","targetHints":{"allow":["GET"]}}],"collection":[{"href":"https:\/\/www.rubengalarreta.com\/es\/wp-json\/wp\/v2\/product"}],"about":[{"href":"https:\/\/www.rubengalarreta.com\/es\/wp-json\/wp\/v2\/types\/product"}],"replies":[{"embeddable":true,"href":"https:\/\/www.rubengalarreta.com\/es\/wp-json\/wp\/v2\/comments?post=50705"}],"wp:featuredmedia":[{"embeddable":true,"href":"https:\/\/www.rubengalarreta.com\/es\/wp-json\/wp\/v2\/media\/54405"}],"wp:attachment":[{"href":"https:\/\/www.rubengalarreta.com\/es\/wp-json\/wp\/v2\/media?parent=50705"}],"wp:term":[{"taxonomy":"product_brand","embeddable":true,"href":"https:\/\/www.rubengalarreta.com\/es\/wp-json\/wp\/v2\/product_brand?post=50705"},{"taxonomy":"product_cat","embeddable":true,"href":"https:\/\/www.rubengalarreta.com\/es\/wp-json\/wp\/v2\/product_cat?post=50705"},{"taxonomy":"product_tag","embeddable":true,"href":"https:\/\/www.rubengalarreta.com\/es\/wp-json\/wp\/v2\/product_tag?post=50705"}],"curies":[{"name":"wp","href":"https:\/\/api.w.org\/{rel}","templated":true}]}}