{"id":50506,"date":"2020-04-14T11:06:31","date_gmt":"2020-04-14T09:06:31","guid":{"rendered":"https:\/\/www.rubengalarreta.com\/?post_type=product&#038;p=50506"},"modified":"2021-11-16T22:08:11","modified_gmt":"2021-11-16T21:08:11","slug":"mascara-facial-negra","status":"publish","type":"product","link":"https:\/\/www.rubengalarreta.com\/es\/product\/sales-es-outlet\/mascara-facial-negra\/","title":{"rendered":"MASCARILLA NEGRA &#8211; doble capa"},"content":{"rendered":"<p><strong>MASCARILLA NEGRA &#8211; doble capa\u00a0<\/strong><\/p>\n<table style=\"width: 100%; border-collapse: collapse; border-style: none; height: 133px;\">\n<tbody>\n<tr style=\"height: 67px;\">\n<td style=\"width: 50%; vertical-align: top; height: 67px; border-style: none;\"><span style=\"color: #000000; background-color: #ffffff; font-family: 'trebuchet ms', geneva, sans-serif;\"><strong>DETALLES DEL PRODUCTO:\u00a0<\/strong><\/span><br \/>\n-Doble capa: Capa externa de poliuretano t\u00e9cnico suave y el\u00e1stico. Capa interna de algod\u00f3n negro con bolsillo para filtro<br \/>\n-Puede filtrar peque\u00f1as part\u00edculas del aire<br \/>\n-Suaves, flexibles y transpirables,<br \/>\n-Reutilizable : Lavable<br \/>\n-F\u00e1cil de usar<br \/>\n-Material : Doble capa: capa exterior material t\u00e9cnico impreso + capa interior tela acolchada<br \/>\n-Mascarilla facial<\/td>\n<td style=\"width: 50%; vertical-align: top; height: 67px; border-style: none;\"><span style=\"font-family: 'trebuchet ms', geneva, sans-serif;\"><strong><span style=\"color: #000000;\">MEDIDAS:<\/span><\/strong><\/span><br \/>\n<span style=\"font-family: 'trebuchet ms', geneva, sans-serif;\">-Dimensiones : 24 cm x 13 cm de alto en la parte central <\/span><\/td>\n<\/tr>\n<tr style=\"height: 66px;\">\n<td style=\"width: 50%; vertical-align: top; height: 66px; border-style: none;\"><span style=\"font-family: 'trebuchet ms', geneva, sans-serif;\"><strong><span style=\"color: #000000;\">CUIDADOS:<\/span><\/strong><\/span><br \/>\n<span style=\"color: #000000; font-family: 'trebuchet ms', geneva, sans-serif;\">-Lavarlas antes de usarlas por primera vez. <\/span><br \/>\n<span style=\"color: #000000; font-family: 'trebuchet ms', geneva, sans-serif;\">-Lavable en lavadora\u00a0<\/span><\/td>\n<td style=\"width: 50%; vertical-align: top; height: 66px; border-style: none;\"><\/td>\n<\/tr>\n<\/tbody>\n<\/table>\n<p><span style=\"color: #000000;\">Nuestra nueva m\u00e1scara de doble capa. La capa exterior est\u00e1 hecha de poliuretano t\u00e9cnico suave y el\u00e1stico. La parte interior est\u00e1 hecha de algod\u00f3n suave con un bolsillo interior para insertar el filtro protector.\u00a0<\/span><\/p>\n<p><span style=\"color: #000000;\">Estas nuevas mascarillas de neopreno han sido dise\u00f1adas para darle un toque distintivo y fashion a todos tus looks, forman parte de nuestra nueva l\u00ednea de <strong><span style=\"text-decoration: underline;\"><a style=\"color: #000000; text-decoration: underline;\" href=\"https:\/\/www.rubengalarreta.com\/es\/producto-categoria\/man-es\/mascarillas\/\">Special Items<\/a><\/span><\/strong>. Gracias a su amplia variedad de dise\u00f1os, podr\u00e1s elegir el que m\u00e1s se adecue a ti. Adem\u00e1s, est\u00e1n hechas de tejido de malla que permiten lavarlas y reutilizarlas cuantas veces lo desees. Con dise\u00f1os exclusivos de la marca, prep\u00e1rate para deslumbrar a todos.<\/span><\/p>\n<p><span style=\"color: #000000;\">Recomendamos lavarlas antes de usarlas por primera vez.<\/span><\/p>\n<p><span style=\"color: #000000;\">Nos gustar\u00eda hacer especial \u00e9nfasis en que estas mascarillas de neopreno no pretenden reemplazar otras medidas recomendadas para detener la propagaci\u00f3n de COVID-19, como lo son el distanciamiento social, lavarse las manos y abstenerse de tocarse la cara. Siga los \u00faltimos consejos de los Centros para el Control y la Prevenci\u00f3n de Enfermedades (CCPEEU) y de sus profesionales de la salud sobre la mejor manera de mantenerse a salvo. #staysafe<\/span><\/p>\n","protected":false},"excerpt":{"rendered":"<p><span style=\"color: #000000;\"><strong>MASCARILLA NEGRA &#8211; doble capa<\/strong><\/span><\/p>\n<p><span style=\"color: #000000;\">La Mascarilla Negra Galarreta es un accesorio de moda para el uso diario, ya que es lavable y reutilizable. Adem\u00e1s, estos nuevos dise\u00f1os tienen un bolsillo interior para poder colocar un filtro.<\/span><\/p>\n<p>&nbsp;<\/p>\n","protected":false},"featured_media":58896,"comment_status":"closed","ping_status":"closed","template":"","meta":{"_monsterinsights_skip_tracking":false,"_monsterinsights_sitenote_active":false,"_monsterinsights_sitenote_note":"","_monsterinsights_sitenote_category":0},"product_brand":[],"product_cat":[5055,2081],"product_tag":[5047],"class_list":{"0":"post-50506","1":"product","2":"type-product","3":"status-publish","4":"has-post-thumbnail","6":"product_cat-mascarillas","7":"product_cat-sales-es-outlet","8":"product_tag-mascarillas","10":"first","11":"instock","12":"sale","13":"taxable","14":"shipping-taxable","15":"purchasable","16":"product-type-simple"},"yoast_head":"<!-- This site is optimized with the Yoast SEO plugin v27.3 - https:\/\/yoast.com\/product\/yoast-seo-wordpress\/ -->\n<title>MASCARILLA NEGRA GALARRETA - dise\u00f1ada por Rub\u00e9n Galarreta.<\/title>\n<meta name=\"description\" content=\"Mascarilla Doble Capa Negra es uno de nuestros nuevos productos, no son para el coronavirus, pero te dan el toque Galarreta.\" \/>\n<meta name=\"robots\" content=\"index, follow, max-snippet:-1, max-image-preview:large, max-video-preview:-1\" \/>\n<link rel=\"canonical\" href=\"https:\/\/www.rubengalarreta.com\/es\/product\/sales-es-outlet\/mascara-facial-negra\/\" \/>\n<meta property=\"og:locale\" content=\"es_ES\" \/>\n<meta property=\"og:type\" content=\"article\" \/>\n<meta property=\"og:title\" content=\"MASCARILLA NEGRA GALARRETA - dise\u00f1ada por Rub\u00e9n Galarreta.\" \/>\n<meta property=\"og:description\" content=\"Mascarilla Doble Capa Negra es uno de nuestros nuevos productos, no son para el coronavirus, pero te dan el toque Galarreta.\" \/>\n<meta property=\"og:url\" content=\"https:\/\/www.rubengalarreta.com\/es\/product\/sales-es-outlet\/mascara-facial-negra\/\" \/>\n<meta property=\"og:site_name\" content=\"Ruben Galarreta\" \/>\n<meta property=\"article:modified_time\" content=\"2021-11-16T21:08:11+00:00\" \/>\n<meta property=\"og:image\" content=\"https:\/\/www.rubengalarreta.com\/wp-content\/uploads\/2020\/10\/ruben-galarreta-glitter-logo-fashion-for-men-front-min.jpg\" \/>\n\t<meta property=\"og:image:width\" content=\"704\" \/>\n\t<meta property=\"og:image:height\" content=\"1000\" \/>\n\t<meta property=\"og:image:type\" content=\"image\/jpeg\" \/>\n<meta name=\"twitter:card\" content=\"summary_large_image\" \/>\n<meta name=\"twitter:label1\" content=\"Tiempo de lectura\" \/>\n\t<meta name=\"twitter:data1\" content=\"1 minuto\" \/>\n<script type=\"application\/ld+json\" class=\"yoast-schema-graph\">{\"@context\":\"https:\\\/\\\/schema.org\",\"@graph\":[{\"@type\":\"WebPage\",\"@id\":\"https:\\\/\\\/www.rubengalarreta.com\\\/es\\\/product\\\/sales-es-outlet\\\/mascara-facial-negra\\\/\",\"url\":\"https:\\\/\\\/www.rubengalarreta.com\\\/es\\\/product\\\/sales-es-outlet\\\/mascara-facial-negra\\\/\",\"name\":\"MASCARILLA NEGRA GALARRETA - dise\u00f1ada por Rub\u00e9n Galarreta.\",\"isPartOf\":{\"@id\":\"https:\\\/\\\/www.rubengalarreta.com\\\/es\\\/#website\"},\"primaryImageOfPage\":{\"@id\":\"https:\\\/\\\/www.rubengalarreta.com\\\/es\\\/product\\\/sales-es-outlet\\\/mascara-facial-negra\\\/#primaryimage\"},\"image\":{\"@id\":\"https:\\\/\\\/www.rubengalarreta.com\\\/es\\\/product\\\/sales-es-outlet\\\/mascara-facial-negra\\\/#primaryimage\"},\"thumbnailUrl\":\"https:\\\/\\\/www.rubengalarreta.com\\\/wp-content\\\/uploads\\\/2020\\\/10\\\/ruben-galarreta-glitter-logo-fashion-for-men-front-min.jpg\",\"datePublished\":\"2020-04-14T09:06:31+00:00\",\"dateModified\":\"2021-11-16T21:08:11+00:00\",\"description\":\"Mascarilla Doble Capa Negra es uno de nuestros nuevos productos, no son para el coronavirus, pero te dan el toque Galarreta.\",\"breadcrumb\":{\"@id\":\"https:\\\/\\\/www.rubengalarreta.com\\\/es\\\/product\\\/sales-es-outlet\\\/mascara-facial-negra\\\/#breadcrumb\"},\"inLanguage\":\"es\",\"potentialAction\":[{\"@type\":\"ReadAction\",\"target\":[\"https:\\\/\\\/www.rubengalarreta.com\\\/es\\\/product\\\/sales-es-outlet\\\/mascara-facial-negra\\\/\"]}]},{\"@type\":\"ImageObject\",\"inLanguage\":\"es\",\"@id\":\"https:\\\/\\\/www.rubengalarreta.com\\\/es\\\/product\\\/sales-es-outlet\\\/mascara-facial-negra\\\/#primaryimage\",\"url\":\"https:\\\/\\\/www.rubengalarreta.com\\\/wp-content\\\/uploads\\\/2020\\\/10\\\/ruben-galarreta-glitter-logo-fashion-for-men-front-min.jpg\",\"contentUrl\":\"https:\\\/\\\/www.rubengalarreta.com\\\/wp-content\\\/uploads\\\/2020\\\/10\\\/ruben-galarreta-glitter-logo-fashion-for-men-front-min.jpg\",\"width\":704,\"height\":1000,\"caption\":\"Mascarilla en color negro para hombre con estampado del logotipo Galarreta en blanco\"},{\"@type\":\"BreadcrumbList\",\"@id\":\"https:\\\/\\\/www.rubengalarreta.com\\\/es\\\/product\\\/sales-es-outlet\\\/mascara-facial-negra\\\/#breadcrumb\",\"itemListElement\":[{\"@type\":\"ListItem\",\"position\":1,\"name\":\"Home\",\"item\":\"https:\\\/\\\/www.rubengalarreta.com\\\/es\\\/\"},{\"@type\":\"ListItem\",\"position\":2,\"name\":\"Tienda Online\",\"item\":\"https:\\\/\\\/www.rubengalarreta.com\\\/es\\\/tienda-2\\\/\"},{\"@type\":\"ListItem\",\"position\":3,\"name\":\"MASCARILLA NEGRA &#8211; doble capa\"}]},{\"@type\":\"WebSite\",\"@id\":\"https:\\\/\\\/www.rubengalarreta.com\\\/es\\\/#website\",\"url\":\"https:\\\/\\\/www.rubengalarreta.com\\\/es\\\/\",\"name\":\"Ruben Galarreta\",\"description\":\"Hot Couture | Online Store\",\"publisher\":{\"@id\":\"https:\\\/\\\/www.rubengalarreta.com\\\/es\\\/#organization\"},\"potentialAction\":[{\"@type\":\"SearchAction\",\"target\":{\"@type\":\"EntryPoint\",\"urlTemplate\":\"https:\\\/\\\/www.rubengalarreta.com\\\/es\\\/?s={search_term_string}\"},\"query-input\":{\"@type\":\"PropertyValueSpecification\",\"valueRequired\":true,\"valueName\":\"search_term_string\"}}],\"inLanguage\":\"es\"},{\"@type\":\"Organization\",\"@id\":\"https:\\\/\\\/www.rubengalarreta.com\\\/es\\\/#organization\",\"name\":\"Ruben Galarreta\",\"url\":\"https:\\\/\\\/www.rubengalarreta.com\\\/es\\\/\",\"logo\":{\"@type\":\"ImageObject\",\"inLanguage\":\"es\",\"@id\":\"https:\\\/\\\/www.rubengalarreta.com\\\/es\\\/#\\\/schema\\\/logo\\\/image\\\/\",\"url\":\"https:\\\/\\\/www.rubengalarreta.com\\\/wp-content\\\/uploads\\\/2019\\\/10\\\/rubengalarreta-menswear.jpg\",\"contentUrl\":\"https:\\\/\\\/www.rubengalarreta.com\\\/wp-content\\\/uploads\\\/2019\\\/10\\\/rubengalarreta-menswear.jpg\",\"width\":1141,\"height\":146,\"caption\":\"Ruben Galarreta\"},\"image\":{\"@id\":\"https:\\\/\\\/www.rubengalarreta.com\\\/es\\\/#\\\/schema\\\/logo\\\/image\\\/\"}}]}<\/script>\n<!-- \/ Yoast SEO plugin. -->","yoast_head_json":{"title":"MASCARILLA NEGRA GALARRETA - dise\u00f1ada por Rub\u00e9n Galarreta.","description":"Mascarilla Doble Capa Negra es uno de nuestros nuevos productos, no son para el coronavirus, pero te dan el toque Galarreta.","robots":{"index":"index","follow":"follow","max-snippet":"max-snippet:-1","max-image-preview":"max-image-preview:large","max-video-preview":"max-video-preview:-1"},"canonical":"https:\/\/www.rubengalarreta.com\/es\/product\/sales-es-outlet\/mascara-facial-negra\/","og_locale":"es_ES","og_type":"article","og_title":"MASCARILLA NEGRA GALARRETA - dise\u00f1ada por Rub\u00e9n Galarreta.","og_description":"Mascarilla Doble Capa Negra es uno de nuestros nuevos productos, no son para el coronavirus, pero te dan el toque Galarreta.","og_url":"https:\/\/www.rubengalarreta.com\/es\/product\/sales-es-outlet\/mascara-facial-negra\/","og_site_name":"Ruben Galarreta","article_modified_time":"2021-11-16T21:08:11+00:00","og_image":[{"width":704,"height":1000,"url":"https:\/\/www.rubengalarreta.com\/wp-content\/uploads\/2020\/10\/ruben-galarreta-glitter-logo-fashion-for-men-front-min.jpg","type":"image\/jpeg"}],"twitter_card":"summary_large_image","twitter_misc":{"Tiempo de lectura":"1 minuto"},"schema":{"@context":"https:\/\/schema.org","@graph":[{"@type":"WebPage","@id":"https:\/\/www.rubengalarreta.com\/es\/product\/sales-es-outlet\/mascara-facial-negra\/","url":"https:\/\/www.rubengalarreta.com\/es\/product\/sales-es-outlet\/mascara-facial-negra\/","name":"MASCARILLA NEGRA GALARRETA - dise\u00f1ada por Rub\u00e9n Galarreta.","isPartOf":{"@id":"https:\/\/www.rubengalarreta.com\/es\/#website"},"primaryImageOfPage":{"@id":"https:\/\/www.rubengalarreta.com\/es\/product\/sales-es-outlet\/mascara-facial-negra\/#primaryimage"},"image":{"@id":"https:\/\/www.rubengalarreta.com\/es\/product\/sales-es-outlet\/mascara-facial-negra\/#primaryimage"},"thumbnailUrl":"https:\/\/www.rubengalarreta.com\/wp-content\/uploads\/2020\/10\/ruben-galarreta-glitter-logo-fashion-for-men-front-min.jpg","datePublished":"2020-04-14T09:06:31+00:00","dateModified":"2021-11-16T21:08:11+00:00","description":"Mascarilla Doble Capa Negra es uno de nuestros nuevos productos, no son para el coronavirus, pero te dan el toque Galarreta.","breadcrumb":{"@id":"https:\/\/www.rubengalarreta.com\/es\/product\/sales-es-outlet\/mascara-facial-negra\/#breadcrumb"},"inLanguage":"es","potentialAction":[{"@type":"ReadAction","target":["https:\/\/www.rubengalarreta.com\/es\/product\/sales-es-outlet\/mascara-facial-negra\/"]}]},{"@type":"ImageObject","inLanguage":"es","@id":"https:\/\/www.rubengalarreta.com\/es\/product\/sales-es-outlet\/mascara-facial-negra\/#primaryimage","url":"https:\/\/www.rubengalarreta.com\/wp-content\/uploads\/2020\/10\/ruben-galarreta-glitter-logo-fashion-for-men-front-min.jpg","contentUrl":"https:\/\/www.rubengalarreta.com\/wp-content\/uploads\/2020\/10\/ruben-galarreta-glitter-logo-fashion-for-men-front-min.jpg","width":704,"height":1000,"caption":"Mascarilla en color negro para hombre con estampado del logotipo Galarreta en blanco"},{"@type":"BreadcrumbList","@id":"https:\/\/www.rubengalarreta.com\/es\/product\/sales-es-outlet\/mascara-facial-negra\/#breadcrumb","itemListElement":[{"@type":"ListItem","position":1,"name":"Home","item":"https:\/\/www.rubengalarreta.com\/es\/"},{"@type":"ListItem","position":2,"name":"Tienda Online","item":"https:\/\/www.rubengalarreta.com\/es\/tienda-2\/"},{"@type":"ListItem","position":3,"name":"MASCARILLA NEGRA &#8211; doble capa"}]},{"@type":"WebSite","@id":"https:\/\/www.rubengalarreta.com\/es\/#website","url":"https:\/\/www.rubengalarreta.com\/es\/","name":"Ruben Galarreta","description":"Hot Couture | Online Store","publisher":{"@id":"https:\/\/www.rubengalarreta.com\/es\/#organization"},"potentialAction":[{"@type":"SearchAction","target":{"@type":"EntryPoint","urlTemplate":"https:\/\/www.rubengalarreta.com\/es\/?s={search_term_string}"},"query-input":{"@type":"PropertyValueSpecification","valueRequired":true,"valueName":"search_term_string"}}],"inLanguage":"es"},{"@type":"Organization","@id":"https:\/\/www.rubengalarreta.com\/es\/#organization","name":"Ruben Galarreta","url":"https:\/\/www.rubengalarreta.com\/es\/","logo":{"@type":"ImageObject","inLanguage":"es","@id":"https:\/\/www.rubengalarreta.com\/es\/#\/schema\/logo\/image\/","url":"https:\/\/www.rubengalarreta.com\/wp-content\/uploads\/2019\/10\/rubengalarreta-menswear.jpg","contentUrl":"https:\/\/www.rubengalarreta.com\/wp-content\/uploads\/2019\/10\/rubengalarreta-menswear.jpg","width":1141,"height":146,"caption":"Ruben Galarreta"},"image":{"@id":"https:\/\/www.rubengalarreta.com\/es\/#\/schema\/logo\/image\/"}}]}},"_links":{"self":[{"href":"https:\/\/www.rubengalarreta.com\/es\/wp-json\/wp\/v2\/product\/50506","targetHints":{"allow":["GET"]}}],"collection":[{"href":"https:\/\/www.rubengalarreta.com\/es\/wp-json\/wp\/v2\/product"}],"about":[{"href":"https:\/\/www.rubengalarreta.com\/es\/wp-json\/wp\/v2\/types\/product"}],"replies":[{"embeddable":true,"href":"https:\/\/www.rubengalarreta.com\/es\/wp-json\/wp\/v2\/comments?post=50506"}],"wp:featuredmedia":[{"embeddable":true,"href":"https:\/\/www.rubengalarreta.com\/es\/wp-json\/wp\/v2\/media\/58896"}],"wp:attachment":[{"href":"https:\/\/www.rubengalarreta.com\/es\/wp-json\/wp\/v2\/media?parent=50506"}],"wp:term":[{"taxonomy":"product_brand","embeddable":true,"href":"https:\/\/www.rubengalarreta.com\/es\/wp-json\/wp\/v2\/product_brand?post=50506"},{"taxonomy":"product_cat","embeddable":true,"href":"https:\/\/www.rubengalarreta.com\/es\/wp-json\/wp\/v2\/product_cat?post=50506"},{"taxonomy":"product_tag","embeddable":true,"href":"https:\/\/www.rubengalarreta.com\/es\/wp-json\/wp\/v2\/product_tag?post=50506"}],"curies":[{"name":"wp","href":"https:\/\/api.w.org\/{rel}","templated":true}]}}