{"id":50180,"date":"2020-04-09T18:32:25","date_gmt":"2020-04-09T16:32:26","guid":{"rendered":"https:\/\/www.rubengalarreta.com\/?post_type=product&#038;p=50180"},"modified":"2020-07-23T14:22:49","modified_gmt":"2020-07-23T12:22:49","slug":"bolso-gimnasio-negro-piel-vegana","status":"publish","type":"product","link":"https:\/\/www.rubengalarreta.com\/es\/product\/man-es\/accesorios-hombre-galarreta\/bolso-gimnasio-negro-piel-vegana\/","title":{"rendered":"BOLSO GIMNASIO NEGRO PIEL VEGANA"},"content":{"rendered":"<table style=\"width: 100%; border-collapse: collapse; border-style: none;\">\n<tbody>\n<tr style=\"height: 62px;\">\n<td style=\"width: 50%; vertical-align: top; height: 62px;\"><strong><span style=\"color: #000000;\"><span style=\"font-family: trebuchet ms, geneva, sans-serif;\">DETALLES DE PRODUCTO:<\/span><\/span><\/strong><br \/>\n<span style=\"color: #999999; font-family: trebuchet ms, geneva, sans-serif;\">-Bolso de de piel vegana\u00a0<\/span><br \/>\n<span style=\"color: #999999; font-family: trebuchet ms, geneva, sans-serif;\">-Cremallera de metal con tirador bordado <\/span><br \/>\n<span style=\"color: #999999; font-family: trebuchet ms, geneva, sans-serif;\">-Bolsillo frontal con cremallera de metal y tirador de metacrilato <\/span><br \/>\n<span style=\"color: #999999; font-family: trebuchet ms, geneva, sans-serif;\">-Placa de metal grabada a laser con tachuelas<\/span><\/td>\n<td style=\"width: 50%; vertical-align: top; height: 62px;\"><strong><span style=\"color: #000000;\"><span style=\"font-family: trebuchet ms, geneva, sans-serif;\">MEDIDAS:<\/span><\/span><\/strong><span style=\"color: #000000;\"><span style=\"font-family: trebuchet ms, geneva, sans-serif;\"><br \/>\n<\/span><\/span><span style=\"color: #999999;\"><span style=\"font-family: trebuchet ms, geneva, sans-serif;\">&#8211; \u00a049 cm x 25 cm x 25 cm (est\u00e1ndard)<\/span><\/span><\/td>\n<\/tr>\n<tr style=\"height: 91px;\">\n<td style=\"width: 50%; vertical-align: top; height: 91px;\"><span style=\"font-family: 'trebuchet ms', geneva, sans-serif;\"><strong><span style=\"color: #000000;\">CUIDADOS<\/span><\/strong><span style=\"color: #000000;\">:<\/span><\/span><br \/>\n<span style=\"font-family: 'trebuchet ms', geneva, sans-serif; color: #999999;\">-Limpiar con un pa\u00f1o h\u00famedo.\u00a0<\/span><\/td>\n<td style=\"width: 50%; vertical-align: top; height: 91px;\"><span style=\"color: #ff0000; font-family: 'trebuchet ms', geneva, sans-serif; font-size: 100%;\"><strong>NOTAS:<\/strong> est\u00e1 grafiteado a mano en Madrid, por lo que los diferentes borrones y las diferentes manchas y sobras son lo que lo hacen \u00fanico.<\/span><\/td>\n<\/tr>\n<\/tbody>\n<\/table>\n<p><span style=\"font-family: helvetica, arial, sans-serif; font-size: 100%;\"><b>DISE\u00d1ADA Y GRAFITEADA A MANO EN MADRID<\/b><\/span><\/p>\n<p><span style=\"font-family: helvetica, arial, sans-serif; font-size: 100%;\">Esta Mochila de Gimnasio fabricada en Polipiel Vegana est\u00e1 dise\u00f1ada por Rub\u00e9n Galarreta, es \u00fanica y diferente ya que est\u00e1 grafiteada a mano en Madrid, por lo que los diferentes borrones y las diferentes manchas son lo que la hacen \u00fanica. Se caracteriza por ofrecer un estilo totalmente streetwear ya que da un estilo casual perfecto para el d\u00eda a d\u00eda mezclado con el toque Galarreta. Se puede comprar de manera online por nuestra p\u00e1gina web o en nuestras tiendas f\u00edsicas.<\/span><\/p>\n<p><span style=\"font-family: helvetica, arial, sans-serif; font-size: 100%;\">Esta Mochila de Gimnasio de Polipiel Negra es un complemento que est\u00e1 completamente dise\u00f1ado, customizado y serigrafiado en Madrid con materiales de la mejor calidad y un dise\u00f1o \u00fanico y exclusivo. Consta de la propia mochila fabricada en polipiel vegana de color negro, un tirador central con el texto \u00abPull Me Harder\u00bb y en las partes laterales el nombre de la firma y su logotipo, este detalle esta hecho a mano y eso mismo es lo que lo hace exclusivo y \u00fanico, es decir las imperfecciones de fabricaci\u00f3n son lo que hacen a esta mochila tan \u00fanica. Adem\u00e1s tiene una cinta ajustable con el nombre de la firma, esta tira es la que caracteriza a la firma ya que se usa para cantidad de arneses.<\/span><\/p>\n<p><span style=\"font-family: helvetica, arial, sans-serif; font-size: 100%;\">Adem\u00e1s, la serigraf\u00eda de la mochila en la que consta el logotipo y nombre de la firma, no se hace en f\u00e1brica, se hace a mano por lo que cada mochila tiene un dise\u00f1o diferente y exclusivo. Lo que caracteriza a esta mochila es la artesan\u00eda de la que est\u00e1 hecha ya que todos los procesos de serigrafiado y customizado son hechos a mano en Madrid. <\/span><\/p>\n<p><span style=\"font-family: helvetica, arial, sans-serif; font-size: 100%;\">Por \u00faltimo, podemos decir que esta mochila es una pieza \u00fanica y no habr\u00e1 dos iguales ya que el proceso de serigrafiado esta hecho a mano con plantillas y esos peque\u00f1os detalles son los que las hacen diferentes y \u00fanicas. Adem\u00e1s, esta mochila est\u00e1 fabricada en polipiel vegana para no da\u00f1ar el ecosistema con su fabricaci\u00f3n.<\/span><\/p>\n<p><span style=\"font-family: helvetica, arial, sans-serif; font-size: 100%;\">PUNTOS A RESALTAR:<\/span><\/p>\n<p><span style=\"font-family: helvetica, arial, sans-serif; font-size: 100%;\">&#8211; Mochila de Gimnasio de Polipiel Vegana.<\/span><\/p>\n<p><span style=\"font-family: helvetica, arial, sans-serif; font-size: 100%;\">&#8211; Serigrafiada a mano de manera exclusiva en Madrid.<\/span><\/p>\n<p><span style=\"font-family: helvetica, arial, sans-serif; font-size: 100%;\">&#8211; Customizada con un tirador y una cinta caracter\u00edstica de la firma.<\/span><\/p>\n<p><span style=\"font-family: helvetica, arial, sans-serif; font-size: 100%;\">&#8211; Prenda exclusiva y \u00fanica, no habr\u00e1 dos iguales.<\/span><\/p>\n<p><span style=\"font-size: 100%; font-family: helvetica, arial, sans-serif;\">Esta mochila pertenece a una colecci\u00f3n de <a href=\"https:\/\/www.rubengalarreta.com\/es\/producto-categoria\/special-items-es\/\">\u00abSpecial Items\u00bb<\/a> la cual consta de dos mochilas m\u00e1s y tres llaveros.<\/span><\/p>\n","protected":false},"excerpt":{"rendered":"<p><strong>BOLSO GIMNASIO NEGRO PIEL VEGANA<\/strong><\/p>\n<p>Esto Bolso de Gimnasio es uno de nuestro complementos que est\u00e1 totalmente dise\u00f1ado, customizado y serigrafiado en Madrid. Con los mejores materiales y la mejor calidad.<\/p>\n","protected":false},"featured_media":51138,"comment_status":"closed","ping_status":"closed","template":"","meta":{"_monsterinsights_skip_tracking":false,"_monsterinsights_sitenote_active":false,"_monsterinsights_sitenote_note":"","_monsterinsights_sitenote_category":0},"product_brand":[],"product_cat":[5069,1921],"product_tag":[2334],"class_list":{"0":"post-50180","1":"product","2":"type-product","3":"status-publish","4":"has-post-thumbnail","6":"product_cat-accesorios-hombre-galarreta","7":"product_cat-man-es","8":"product_tag-bolsos-accesorios","10":"first","11":"instock","12":"sale","13":"taxable","14":"shipping-taxable","15":"purchasable","16":"product-type-simple"},"yoast_head":"<!-- This site is optimized with the Yoast SEO plugin v27.4 - https:\/\/yoast.com\/product\/yoast-seo-wordpress\/ -->\n<title>Bolso de Gimnasio de Piel Vegana dise\u00f1ado por Rub\u00e9n Galarreta.<\/title>\n<meta name=\"description\" content=\"Bolso de Gimnasio fabricado en Piel Vegana, este bolso es ideal para llevar todos tus items a la hora de practicar deporte.\" \/>\n<meta name=\"robots\" content=\"index, follow, max-snippet:-1, max-image-preview:large, max-video-preview:-1\" \/>\n<link rel=\"canonical\" href=\"https:\/\/www.rubengalarreta.com\/es\/product\/man-es\/accesorios-hombre-galarreta\/bolso-gimnasio-negro-piel-vegana\/\" \/>\n<meta property=\"og:locale\" content=\"es_ES\" \/>\n<meta property=\"og:type\" content=\"article\" \/>\n<meta property=\"og:title\" content=\"Bolso de Gimnasio de Piel Vegana dise\u00f1ado por Rub\u00e9n Galarreta.\" \/>\n<meta property=\"og:description\" content=\"Bolso de Gimnasio fabricado en Piel Vegana, este bolso es ideal para llevar todos tus items a la hora de practicar deporte.\" \/>\n<meta property=\"og:url\" content=\"https:\/\/www.rubengalarreta.com\/es\/product\/man-es\/accesorios-hombre-galarreta\/bolso-gimnasio-negro-piel-vegana\/\" \/>\n<meta property=\"og:site_name\" content=\"Ruben Galarreta\" \/>\n<meta property=\"article:modified_time\" content=\"2020-07-23T12:22:49+00:00\" \/>\n<meta property=\"og:image\" content=\"https:\/\/www.rubengalarreta.com\/wp-content\/uploads\/2020\/04\/ruben-galarreta-aero-holdall-black-fashion-men-icon-bag-front-min-1.jpg\" \/>\n\t<meta property=\"og:image:width\" content=\"1352\" \/>\n\t<meta property=\"og:image:height\" content=\"1920\" \/>\n\t<meta property=\"og:image:type\" content=\"image\/jpeg\" \/>\n<meta name=\"twitter:card\" content=\"summary_large_image\" \/>\n<meta name=\"twitter:label1\" content=\"Tiempo de lectura\" \/>\n\t<meta name=\"twitter:data1\" content=\"2 minutos\" \/>\n<script type=\"application\/ld+json\" class=\"yoast-schema-graph\">{\"@context\":\"https:\\\/\\\/schema.org\",\"@graph\":[{\"@type\":\"WebPage\",\"@id\":\"https:\\\/\\\/www.rubengalarreta.com\\\/es\\\/product\\\/man-es\\\/accesorios-hombre-galarreta\\\/bolso-gimnasio-negro-piel-vegana\\\/\",\"url\":\"https:\\\/\\\/www.rubengalarreta.com\\\/es\\\/product\\\/man-es\\\/accesorios-hombre-galarreta\\\/bolso-gimnasio-negro-piel-vegana\\\/\",\"name\":\"Bolso de Gimnasio de Piel Vegana dise\u00f1ado por Rub\u00e9n Galarreta.\",\"isPartOf\":{\"@id\":\"https:\\\/\\\/www.rubengalarreta.com\\\/es\\\/#website\"},\"primaryImageOfPage\":{\"@id\":\"https:\\\/\\\/www.rubengalarreta.com\\\/es\\\/product\\\/man-es\\\/accesorios-hombre-galarreta\\\/bolso-gimnasio-negro-piel-vegana\\\/#primaryimage\"},\"image\":{\"@id\":\"https:\\\/\\\/www.rubengalarreta.com\\\/es\\\/product\\\/man-es\\\/accesorios-hombre-galarreta\\\/bolso-gimnasio-negro-piel-vegana\\\/#primaryimage\"},\"thumbnailUrl\":\"https:\\\/\\\/www.rubengalarreta.com\\\/wp-content\\\/uploads\\\/2020\\\/04\\\/ruben-galarreta-aero-holdall-black-fashion-men-icon-bag-front-min-1.jpg\",\"datePublished\":\"2020-04-09T16:32:26+00:00\",\"dateModified\":\"2020-07-23T12:22:49+00:00\",\"description\":\"Bolso de Gimnasio fabricado en Piel Vegana, este bolso es ideal para llevar todos tus items a la hora de practicar deporte.\",\"breadcrumb\":{\"@id\":\"https:\\\/\\\/www.rubengalarreta.com\\\/es\\\/product\\\/man-es\\\/accesorios-hombre-galarreta\\\/bolso-gimnasio-negro-piel-vegana\\\/#breadcrumb\"},\"inLanguage\":\"es\",\"potentialAction\":[{\"@type\":\"ReadAction\",\"target\":[\"https:\\\/\\\/www.rubengalarreta.com\\\/es\\\/product\\\/man-es\\\/accesorios-hombre-galarreta\\\/bolso-gimnasio-negro-piel-vegana\\\/\"]}]},{\"@type\":\"ImageObject\",\"inLanguage\":\"es\",\"@id\":\"https:\\\/\\\/www.rubengalarreta.com\\\/es\\\/product\\\/man-es\\\/accesorios-hombre-galarreta\\\/bolso-gimnasio-negro-piel-vegana\\\/#primaryimage\",\"url\":\"https:\\\/\\\/www.rubengalarreta.com\\\/wp-content\\\/uploads\\\/2020\\\/04\\\/ruben-galarreta-aero-holdall-black-fashion-men-icon-bag-front-min-1.jpg\",\"contentUrl\":\"https:\\\/\\\/www.rubengalarreta.com\\\/wp-content\\\/uploads\\\/2020\\\/04\\\/ruben-galarreta-aero-holdall-black-fashion-men-icon-bag-front-min-1.jpg\",\"width\":1352,\"height\":1920,\"caption\":\"Bolso de Gimnasio\"},{\"@type\":\"BreadcrumbList\",\"@id\":\"https:\\\/\\\/www.rubengalarreta.com\\\/es\\\/product\\\/man-es\\\/accesorios-hombre-galarreta\\\/bolso-gimnasio-negro-piel-vegana\\\/#breadcrumb\",\"itemListElement\":[{\"@type\":\"ListItem\",\"position\":1,\"name\":\"Home\",\"item\":\"https:\\\/\\\/www.rubengalarreta.com\\\/es\\\/\"},{\"@type\":\"ListItem\",\"position\":2,\"name\":\"Tienda Online\",\"item\":\"https:\\\/\\\/www.rubengalarreta.com\\\/es\\\/tienda-2\\\/\"},{\"@type\":\"ListItem\",\"position\":3,\"name\":\"BOLSO GIMNASIO NEGRO PIEL VEGANA\"}]},{\"@type\":\"WebSite\",\"@id\":\"https:\\\/\\\/www.rubengalarreta.com\\\/es\\\/#website\",\"url\":\"https:\\\/\\\/www.rubengalarreta.com\\\/es\\\/\",\"name\":\"Ruben Galarreta\",\"description\":\"Hot Couture | Online Store\",\"publisher\":{\"@id\":\"https:\\\/\\\/www.rubengalarreta.com\\\/es\\\/#organization\"},\"potentialAction\":[{\"@type\":\"SearchAction\",\"target\":{\"@type\":\"EntryPoint\",\"urlTemplate\":\"https:\\\/\\\/www.rubengalarreta.com\\\/es\\\/?s={search_term_string}\"},\"query-input\":{\"@type\":\"PropertyValueSpecification\",\"valueRequired\":true,\"valueName\":\"search_term_string\"}}],\"inLanguage\":\"es\"},{\"@type\":\"Organization\",\"@id\":\"https:\\\/\\\/www.rubengalarreta.com\\\/es\\\/#organization\",\"name\":\"Ruben Galarreta\",\"url\":\"https:\\\/\\\/www.rubengalarreta.com\\\/es\\\/\",\"logo\":{\"@type\":\"ImageObject\",\"inLanguage\":\"es\",\"@id\":\"https:\\\/\\\/www.rubengalarreta.com\\\/es\\\/#\\\/schema\\\/logo\\\/image\\\/\",\"url\":\"https:\\\/\\\/www.rubengalarreta.com\\\/wp-content\\\/uploads\\\/2019\\\/10\\\/rubengalarreta-menswear.jpg\",\"contentUrl\":\"https:\\\/\\\/www.rubengalarreta.com\\\/wp-content\\\/uploads\\\/2019\\\/10\\\/rubengalarreta-menswear.jpg\",\"width\":1141,\"height\":146,\"caption\":\"Ruben Galarreta\"},\"image\":{\"@id\":\"https:\\\/\\\/www.rubengalarreta.com\\\/es\\\/#\\\/schema\\\/logo\\\/image\\\/\"}}]}<\/script>\n<!-- \/ Yoast SEO plugin. -->","yoast_head_json":{"title":"Bolso de Gimnasio de Piel Vegana dise\u00f1ado por Rub\u00e9n Galarreta.","description":"Bolso de Gimnasio fabricado en Piel Vegana, este bolso es ideal para llevar todos tus items a la hora de practicar deporte.","robots":{"index":"index","follow":"follow","max-snippet":"max-snippet:-1","max-image-preview":"max-image-preview:large","max-video-preview":"max-video-preview:-1"},"canonical":"https:\/\/www.rubengalarreta.com\/es\/product\/man-es\/accesorios-hombre-galarreta\/bolso-gimnasio-negro-piel-vegana\/","og_locale":"es_ES","og_type":"article","og_title":"Bolso de Gimnasio de Piel Vegana dise\u00f1ado por Rub\u00e9n Galarreta.","og_description":"Bolso de Gimnasio fabricado en Piel Vegana, este bolso es ideal para llevar todos tus items a la hora de practicar deporte.","og_url":"https:\/\/www.rubengalarreta.com\/es\/product\/man-es\/accesorios-hombre-galarreta\/bolso-gimnasio-negro-piel-vegana\/","og_site_name":"Ruben Galarreta","article_modified_time":"2020-07-23T12:22:49+00:00","og_image":[{"width":1352,"height":1920,"url":"https:\/\/www.rubengalarreta.com\/wp-content\/uploads\/2020\/04\/ruben-galarreta-aero-holdall-black-fashion-men-icon-bag-front-min-1.jpg","type":"image\/jpeg"}],"twitter_card":"summary_large_image","twitter_misc":{"Tiempo de lectura":"2 minutos"},"schema":{"@context":"https:\/\/schema.org","@graph":[{"@type":"WebPage","@id":"https:\/\/www.rubengalarreta.com\/es\/product\/man-es\/accesorios-hombre-galarreta\/bolso-gimnasio-negro-piel-vegana\/","url":"https:\/\/www.rubengalarreta.com\/es\/product\/man-es\/accesorios-hombre-galarreta\/bolso-gimnasio-negro-piel-vegana\/","name":"Bolso de Gimnasio de Piel Vegana dise\u00f1ado por Rub\u00e9n Galarreta.","isPartOf":{"@id":"https:\/\/www.rubengalarreta.com\/es\/#website"},"primaryImageOfPage":{"@id":"https:\/\/www.rubengalarreta.com\/es\/product\/man-es\/accesorios-hombre-galarreta\/bolso-gimnasio-negro-piel-vegana\/#primaryimage"},"image":{"@id":"https:\/\/www.rubengalarreta.com\/es\/product\/man-es\/accesorios-hombre-galarreta\/bolso-gimnasio-negro-piel-vegana\/#primaryimage"},"thumbnailUrl":"https:\/\/www.rubengalarreta.com\/wp-content\/uploads\/2020\/04\/ruben-galarreta-aero-holdall-black-fashion-men-icon-bag-front-min-1.jpg","datePublished":"2020-04-09T16:32:26+00:00","dateModified":"2020-07-23T12:22:49+00:00","description":"Bolso de Gimnasio fabricado en Piel Vegana, este bolso es ideal para llevar todos tus items a la hora de practicar deporte.","breadcrumb":{"@id":"https:\/\/www.rubengalarreta.com\/es\/product\/man-es\/accesorios-hombre-galarreta\/bolso-gimnasio-negro-piel-vegana\/#breadcrumb"},"inLanguage":"es","potentialAction":[{"@type":"ReadAction","target":["https:\/\/www.rubengalarreta.com\/es\/product\/man-es\/accesorios-hombre-galarreta\/bolso-gimnasio-negro-piel-vegana\/"]}]},{"@type":"ImageObject","inLanguage":"es","@id":"https:\/\/www.rubengalarreta.com\/es\/product\/man-es\/accesorios-hombre-galarreta\/bolso-gimnasio-negro-piel-vegana\/#primaryimage","url":"https:\/\/www.rubengalarreta.com\/wp-content\/uploads\/2020\/04\/ruben-galarreta-aero-holdall-black-fashion-men-icon-bag-front-min-1.jpg","contentUrl":"https:\/\/www.rubengalarreta.com\/wp-content\/uploads\/2020\/04\/ruben-galarreta-aero-holdall-black-fashion-men-icon-bag-front-min-1.jpg","width":1352,"height":1920,"caption":"Bolso de Gimnasio"},{"@type":"BreadcrumbList","@id":"https:\/\/www.rubengalarreta.com\/es\/product\/man-es\/accesorios-hombre-galarreta\/bolso-gimnasio-negro-piel-vegana\/#breadcrumb","itemListElement":[{"@type":"ListItem","position":1,"name":"Home","item":"https:\/\/www.rubengalarreta.com\/es\/"},{"@type":"ListItem","position":2,"name":"Tienda Online","item":"https:\/\/www.rubengalarreta.com\/es\/tienda-2\/"},{"@type":"ListItem","position":3,"name":"BOLSO GIMNASIO NEGRO PIEL VEGANA"}]},{"@type":"WebSite","@id":"https:\/\/www.rubengalarreta.com\/es\/#website","url":"https:\/\/www.rubengalarreta.com\/es\/","name":"Ruben Galarreta","description":"Hot Couture | Online Store","publisher":{"@id":"https:\/\/www.rubengalarreta.com\/es\/#organization"},"potentialAction":[{"@type":"SearchAction","target":{"@type":"EntryPoint","urlTemplate":"https:\/\/www.rubengalarreta.com\/es\/?s={search_term_string}"},"query-input":{"@type":"PropertyValueSpecification","valueRequired":true,"valueName":"search_term_string"}}],"inLanguage":"es"},{"@type":"Organization","@id":"https:\/\/www.rubengalarreta.com\/es\/#organization","name":"Ruben Galarreta","url":"https:\/\/www.rubengalarreta.com\/es\/","logo":{"@type":"ImageObject","inLanguage":"es","@id":"https:\/\/www.rubengalarreta.com\/es\/#\/schema\/logo\/image\/","url":"https:\/\/www.rubengalarreta.com\/wp-content\/uploads\/2019\/10\/rubengalarreta-menswear.jpg","contentUrl":"https:\/\/www.rubengalarreta.com\/wp-content\/uploads\/2019\/10\/rubengalarreta-menswear.jpg","width":1141,"height":146,"caption":"Ruben Galarreta"},"image":{"@id":"https:\/\/www.rubengalarreta.com\/es\/#\/schema\/logo\/image\/"}}]}},"_links":{"self":[{"href":"https:\/\/www.rubengalarreta.com\/es\/wp-json\/wp\/v2\/product\/50180","targetHints":{"allow":["GET"]}}],"collection":[{"href":"https:\/\/www.rubengalarreta.com\/es\/wp-json\/wp\/v2\/product"}],"about":[{"href":"https:\/\/www.rubengalarreta.com\/es\/wp-json\/wp\/v2\/types\/product"}],"replies":[{"embeddable":true,"href":"https:\/\/www.rubengalarreta.com\/es\/wp-json\/wp\/v2\/comments?post=50180"}],"wp:featuredmedia":[{"embeddable":true,"href":"https:\/\/www.rubengalarreta.com\/es\/wp-json\/wp\/v2\/media\/51138"}],"wp:attachment":[{"href":"https:\/\/www.rubengalarreta.com\/es\/wp-json\/wp\/v2\/media?parent=50180"}],"wp:term":[{"taxonomy":"product_brand","embeddable":true,"href":"https:\/\/www.rubengalarreta.com\/es\/wp-json\/wp\/v2\/product_brand?post=50180"},{"taxonomy":"product_cat","embeddable":true,"href":"https:\/\/www.rubengalarreta.com\/es\/wp-json\/wp\/v2\/product_cat?post=50180"},{"taxonomy":"product_tag","embeddable":true,"href":"https:\/\/www.rubengalarreta.com\/es\/wp-json\/wp\/v2\/product_tag?post=50180"}],"curies":[{"name":"wp","href":"https:\/\/api.w.org\/{rel}","templated":true}]}}