{"id":49493,"date":"2020-04-01T11:09:05","date_gmt":"2020-04-01T09:09:06","guid":{"rendered":"https:\/\/www.rubengalarreta.com\/?post_type=product&#038;p=49493"},"modified":"2021-10-15T13:37:13","modified_gmt":"2021-10-15T11:37:13","slug":"inferno-calcetines-copy","status":"publish","type":"product","link":"https:\/\/www.rubengalarreta.com\/es\/product\/man-es\/accesorios-hombre-galarreta\/inferno-calcetines-copy\/","title":{"rendered":"LLAVERO ACTIVO"},"content":{"rendered":"<p><span style=\"text-decoration: underline;\">Llavero Activo<\/span><\/p>\n<p>Los llaveros de Rub\u00e9n Galarreta son el complemento perfecto para tus llaves, bolsos, mochilas y maletas.<\/p>\n<p>Con los mensajes m\u00e1s atrevidos, en este caso Activo, se convertir\u00e1n en el regalo perfecto para tu mejor amigo o amiga.<\/p>\n<p>Sabemos que las posibilidades de que acaben en tu bolsa de la compra o wishlist es muy alta, por eso hemos creado hasta 3 modelos que te van a enamorar.<\/p>\n<p>Adem\u00e1s de los mensajes m\u00e1s atrevidos y originales, el logotipo de la firma no falta en ninguno de ellos.<\/p>\n<p>Estas fabricados y dise\u00f1ados en Espa\u00f1a con materiales de la m\u00e1xima calidad. Estos llaveros de tela est\u00e1n bordados y dise\u00f1ados en colores negro, blanco y rojo. El detalle de metacrilato cortado a l\u00e1ser\u00a0hace que sea a\u00fan m\u00e1s especial y \u00fanico.<\/p>\n<p>Gracias a la argolla de acero inoxidable podr\u00e1s engancharlo de una manera muy sencilla a todos lados.<\/p>\n<p>Este llavero pertenece a nuestra nueva l\u00ednea de <a href=\"https:\/\/www.rubengalarreta.com\/es\/producto-categoria\/special-items-es\/\">\u00abSpecial Items\u00bb<\/a>.<\/p>\n<p>\u00a1Te permitir\u00e1s perder la dignidad, pero no las llaves!<\/p>\n<p>Este llavero tiene otras dos posibilidades como son \u00abLlavero Vers\u00e1til\u00bb, y \u00abLlavero Pasivo\u00bb. Todos estos llaveros est\u00e1n completamente customizados en Espa\u00f1a y son de nuestra nueva l\u00ednea de Special Items. Esta colecci\u00f3n adem\u00e1s de los llaveros tambi\u00e9n incluye un total de dos mochilas, una de gimnasio y otra para el d\u00eda a d\u00eda, y un bolso de mano.<\/p>\n<p>Estos tres complementos est\u00e1n fabricados en piel vegana y serigrafiados y customizados en Madrid. Est\u00e1n hechos de materiales de la mejor calidad y el serigrafiado se hace a mano por lo que cada mochila es \u00fanica y diferente al resto. \u00a0Adem\u00e1s estas mochilas combinan al 100% con los llaveros ya que est\u00e1n hechos en los mismos tonos y colores, asique atr\u00e9vete y llevalo junto.<\/p>\n","protected":false},"excerpt":{"rendered":"<p><strong>LLAVERO ACTIVO<\/strong><\/p>\n<p>Este llavero es uno de los nuevos complementos dise\u00f1ados por Rub\u00e9n Galarreta. Este llavero est\u00e1 totalmente dise\u00f1ado y customizado en Espa\u00f1a.<\/p>\n","protected":false},"featured_media":50116,"comment_status":"closed","ping_status":"closed","template":"","meta":{"_monsterinsights_skip_tracking":false,"_monsterinsights_sitenote_active":false,"_monsterinsights_sitenote_note":"","_monsterinsights_sitenote_category":0},"product_brand":[],"product_cat":[5069,1921],"product_tag":[2334],"class_list":{"0":"post-49493","1":"product","2":"type-product","3":"status-publish","4":"has-post-thumbnail","6":"product_cat-accesorios-hombre-galarreta","7":"product_cat-man-es","8":"product_tag-bolsos-accesorios","10":"first","11":"instock","12":"sale","13":"taxable","14":"shipping-taxable","15":"purchasable","16":"product-type-simple"},"yoast_head":"<!-- This site is optimized with the Yoast SEO plugin v27.5 - https:\/\/yoast.com\/product\/yoast-seo-wordpress\/ -->\n<title>Llavero Activo es uno de los complementos dise\u00f1ado por Rub\u00e9n Galarreta.<\/title>\n<meta name=\"description\" content=\"Llavero Activo es uno de los nuevos complementos dise\u00f1ado y customizado por Rub\u00e9n Galarreta. Dale hasta a las llaves el toque Galarreta.\" \/>\n<meta name=\"robots\" content=\"index, follow, max-snippet:-1, max-image-preview:large, max-video-preview:-1\" \/>\n<link rel=\"canonical\" href=\"https:\/\/www.rubengalarreta.com\/es\/product\/man-es\/accesorios-hombre-galarreta\/inferno-calcetines-copy\/\" \/>\n<meta property=\"og:locale\" content=\"es_ES\" \/>\n<meta property=\"og:type\" content=\"article\" \/>\n<meta property=\"og:title\" content=\"Llavero Activo es uno de los complementos dise\u00f1ado por Rub\u00e9n Galarreta.\" \/>\n<meta property=\"og:description\" content=\"Llavero Activo es uno de los nuevos complementos dise\u00f1ado y customizado por Rub\u00e9n Galarreta. Dale hasta a las llaves el toque Galarreta.\" \/>\n<meta property=\"og:url\" content=\"https:\/\/www.rubengalarreta.com\/es\/product\/man-es\/accesorios-hombre-galarreta\/inferno-calcetines-copy\/\" \/>\n<meta property=\"og:site_name\" content=\"Ruben Galarreta\" \/>\n<meta property=\"article:modified_time\" content=\"2021-10-15T11:37:13+00:00\" \/>\n<meta property=\"og:image\" content=\"https:\/\/www.rubengalarreta.com\/wp-content\/uploads\/2020\/04\/ruben-galarreta-keyholder-top-rr-galarreta-handmade-fashion-men-front-min.jpg\" \/>\n\t<meta property=\"og:image:width\" content=\"1352\" \/>\n\t<meta property=\"og:image:height\" content=\"1920\" \/>\n\t<meta property=\"og:image:type\" content=\"image\/jpeg\" \/>\n<meta name=\"twitter:card\" content=\"summary_large_image\" \/>\n<meta name=\"twitter:label1\" content=\"Tiempo de lectura\" \/>\n\t<meta name=\"twitter:data1\" content=\"2 minutos\" \/>\n<script type=\"application\/ld+json\" class=\"yoast-schema-graph\">{\"@context\":\"https:\\\/\\\/schema.org\",\"@graph\":[{\"@type\":\"WebPage\",\"@id\":\"https:\\\/\\\/www.rubengalarreta.com\\\/es\\\/product\\\/man-es\\\/accesorios-hombre-galarreta\\\/inferno-calcetines-copy\\\/\",\"url\":\"https:\\\/\\\/www.rubengalarreta.com\\\/es\\\/product\\\/man-es\\\/accesorios-hombre-galarreta\\\/inferno-calcetines-copy\\\/\",\"name\":\"Llavero Activo es uno de los complementos dise\u00f1ado por Rub\u00e9n Galarreta.\",\"isPartOf\":{\"@id\":\"https:\\\/\\\/www.rubengalarreta.com\\\/es\\\/#website\"},\"primaryImageOfPage\":{\"@id\":\"https:\\\/\\\/www.rubengalarreta.com\\\/es\\\/product\\\/man-es\\\/accesorios-hombre-galarreta\\\/inferno-calcetines-copy\\\/#primaryimage\"},\"image\":{\"@id\":\"https:\\\/\\\/www.rubengalarreta.com\\\/es\\\/product\\\/man-es\\\/accesorios-hombre-galarreta\\\/inferno-calcetines-copy\\\/#primaryimage\"},\"thumbnailUrl\":\"https:\\\/\\\/www.rubengalarreta.com\\\/wp-content\\\/uploads\\\/2020\\\/04\\\/ruben-galarreta-keyholder-top-rr-galarreta-handmade-fashion-men-front-min.jpg\",\"datePublished\":\"2020-04-01T09:09:06+00:00\",\"dateModified\":\"2021-10-15T11:37:13+00:00\",\"description\":\"Llavero Activo es uno de los nuevos complementos dise\u00f1ado y customizado por Rub\u00e9n Galarreta. Dale hasta a las llaves el toque Galarreta.\",\"breadcrumb\":{\"@id\":\"https:\\\/\\\/www.rubengalarreta.com\\\/es\\\/product\\\/man-es\\\/accesorios-hombre-galarreta\\\/inferno-calcetines-copy\\\/#breadcrumb\"},\"inLanguage\":\"es\",\"potentialAction\":[{\"@type\":\"ReadAction\",\"target\":[\"https:\\\/\\\/www.rubengalarreta.com\\\/es\\\/product\\\/man-es\\\/accesorios-hombre-galarreta\\\/inferno-calcetines-copy\\\/\"]}]},{\"@type\":\"ImageObject\",\"inLanguage\":\"es\",\"@id\":\"https:\\\/\\\/www.rubengalarreta.com\\\/es\\\/product\\\/man-es\\\/accesorios-hombre-galarreta\\\/inferno-calcetines-copy\\\/#primaryimage\",\"url\":\"https:\\\/\\\/www.rubengalarreta.com\\\/wp-content\\\/uploads\\\/2020\\\/04\\\/ruben-galarreta-keyholder-top-rr-galarreta-handmade-fashion-men-front-min.jpg\",\"contentUrl\":\"https:\\\/\\\/www.rubengalarreta.com\\\/wp-content\\\/uploads\\\/2020\\\/04\\\/ruben-galarreta-keyholder-top-rr-galarreta-handmade-fashion-men-front-min.jpg\",\"width\":1352,\"height\":1920,\"caption\":\"Llavero Activo para Hombre Gay\"},{\"@type\":\"BreadcrumbList\",\"@id\":\"https:\\\/\\\/www.rubengalarreta.com\\\/es\\\/product\\\/man-es\\\/accesorios-hombre-galarreta\\\/inferno-calcetines-copy\\\/#breadcrumb\",\"itemListElement\":[{\"@type\":\"ListItem\",\"position\":1,\"name\":\"Home\",\"item\":\"https:\\\/\\\/www.rubengalarreta.com\\\/es\\\/\"},{\"@type\":\"ListItem\",\"position\":2,\"name\":\"Tienda Online\",\"item\":\"https:\\\/\\\/www.rubengalarreta.com\\\/es\\\/tienda-2\\\/\"},{\"@type\":\"ListItem\",\"position\":3,\"name\":\"LLAVERO ACTIVO\"}]},{\"@type\":\"WebSite\",\"@id\":\"https:\\\/\\\/www.rubengalarreta.com\\\/es\\\/#website\",\"url\":\"https:\\\/\\\/www.rubengalarreta.com\\\/es\\\/\",\"name\":\"Ruben Galarreta\",\"description\":\"Hot Couture | Online Store\",\"publisher\":{\"@id\":\"https:\\\/\\\/www.rubengalarreta.com\\\/es\\\/#organization\"},\"potentialAction\":[{\"@type\":\"SearchAction\",\"target\":{\"@type\":\"EntryPoint\",\"urlTemplate\":\"https:\\\/\\\/www.rubengalarreta.com\\\/es\\\/?s={search_term_string}\"},\"query-input\":{\"@type\":\"PropertyValueSpecification\",\"valueRequired\":true,\"valueName\":\"search_term_string\"}}],\"inLanguage\":\"es\"},{\"@type\":\"Organization\",\"@id\":\"https:\\\/\\\/www.rubengalarreta.com\\\/es\\\/#organization\",\"name\":\"Ruben Galarreta\",\"url\":\"https:\\\/\\\/www.rubengalarreta.com\\\/es\\\/\",\"logo\":{\"@type\":\"ImageObject\",\"inLanguage\":\"es\",\"@id\":\"https:\\\/\\\/www.rubengalarreta.com\\\/es\\\/#\\\/schema\\\/logo\\\/image\\\/\",\"url\":\"https:\\\/\\\/www.rubengalarreta.com\\\/wp-content\\\/uploads\\\/2019\\\/10\\\/rubengalarreta-menswear.jpg\",\"contentUrl\":\"https:\\\/\\\/www.rubengalarreta.com\\\/wp-content\\\/uploads\\\/2019\\\/10\\\/rubengalarreta-menswear.jpg\",\"width\":1141,\"height\":146,\"caption\":\"Ruben Galarreta\"},\"image\":{\"@id\":\"https:\\\/\\\/www.rubengalarreta.com\\\/es\\\/#\\\/schema\\\/logo\\\/image\\\/\"}}]}<\/script>\n<!-- \/ Yoast SEO plugin. -->","yoast_head_json":{"title":"Llavero Activo es uno de los complementos dise\u00f1ado por Rub\u00e9n Galarreta.","description":"Llavero Activo es uno de los nuevos complementos dise\u00f1ado y customizado por Rub\u00e9n Galarreta. Dale hasta a las llaves el toque Galarreta.","robots":{"index":"index","follow":"follow","max-snippet":"max-snippet:-1","max-image-preview":"max-image-preview:large","max-video-preview":"max-video-preview:-1"},"canonical":"https:\/\/www.rubengalarreta.com\/es\/product\/man-es\/accesorios-hombre-galarreta\/inferno-calcetines-copy\/","og_locale":"es_ES","og_type":"article","og_title":"Llavero Activo es uno de los complementos dise\u00f1ado por Rub\u00e9n Galarreta.","og_description":"Llavero Activo es uno de los nuevos complementos dise\u00f1ado y customizado por Rub\u00e9n Galarreta. Dale hasta a las llaves el toque Galarreta.","og_url":"https:\/\/www.rubengalarreta.com\/es\/product\/man-es\/accesorios-hombre-galarreta\/inferno-calcetines-copy\/","og_site_name":"Ruben Galarreta","article_modified_time":"2021-10-15T11:37:13+00:00","og_image":[{"width":1352,"height":1920,"url":"https:\/\/www.rubengalarreta.com\/wp-content\/uploads\/2020\/04\/ruben-galarreta-keyholder-top-rr-galarreta-handmade-fashion-men-front-min.jpg","type":"image\/jpeg"}],"twitter_card":"summary_large_image","twitter_misc":{"Tiempo de lectura":"2 minutos"},"schema":{"@context":"https:\/\/schema.org","@graph":[{"@type":"WebPage","@id":"https:\/\/www.rubengalarreta.com\/es\/product\/man-es\/accesorios-hombre-galarreta\/inferno-calcetines-copy\/","url":"https:\/\/www.rubengalarreta.com\/es\/product\/man-es\/accesorios-hombre-galarreta\/inferno-calcetines-copy\/","name":"Llavero Activo es uno de los complementos dise\u00f1ado por Rub\u00e9n Galarreta.","isPartOf":{"@id":"https:\/\/www.rubengalarreta.com\/es\/#website"},"primaryImageOfPage":{"@id":"https:\/\/www.rubengalarreta.com\/es\/product\/man-es\/accesorios-hombre-galarreta\/inferno-calcetines-copy\/#primaryimage"},"image":{"@id":"https:\/\/www.rubengalarreta.com\/es\/product\/man-es\/accesorios-hombre-galarreta\/inferno-calcetines-copy\/#primaryimage"},"thumbnailUrl":"https:\/\/www.rubengalarreta.com\/wp-content\/uploads\/2020\/04\/ruben-galarreta-keyholder-top-rr-galarreta-handmade-fashion-men-front-min.jpg","datePublished":"2020-04-01T09:09:06+00:00","dateModified":"2021-10-15T11:37:13+00:00","description":"Llavero Activo es uno de los nuevos complementos dise\u00f1ado y customizado por Rub\u00e9n Galarreta. Dale hasta a las llaves el toque Galarreta.","breadcrumb":{"@id":"https:\/\/www.rubengalarreta.com\/es\/product\/man-es\/accesorios-hombre-galarreta\/inferno-calcetines-copy\/#breadcrumb"},"inLanguage":"es","potentialAction":[{"@type":"ReadAction","target":["https:\/\/www.rubengalarreta.com\/es\/product\/man-es\/accesorios-hombre-galarreta\/inferno-calcetines-copy\/"]}]},{"@type":"ImageObject","inLanguage":"es","@id":"https:\/\/www.rubengalarreta.com\/es\/product\/man-es\/accesorios-hombre-galarreta\/inferno-calcetines-copy\/#primaryimage","url":"https:\/\/www.rubengalarreta.com\/wp-content\/uploads\/2020\/04\/ruben-galarreta-keyholder-top-rr-galarreta-handmade-fashion-men-front-min.jpg","contentUrl":"https:\/\/www.rubengalarreta.com\/wp-content\/uploads\/2020\/04\/ruben-galarreta-keyholder-top-rr-galarreta-handmade-fashion-men-front-min.jpg","width":1352,"height":1920,"caption":"Llavero Activo para Hombre Gay"},{"@type":"BreadcrumbList","@id":"https:\/\/www.rubengalarreta.com\/es\/product\/man-es\/accesorios-hombre-galarreta\/inferno-calcetines-copy\/#breadcrumb","itemListElement":[{"@type":"ListItem","position":1,"name":"Home","item":"https:\/\/www.rubengalarreta.com\/es\/"},{"@type":"ListItem","position":2,"name":"Tienda Online","item":"https:\/\/www.rubengalarreta.com\/es\/tienda-2\/"},{"@type":"ListItem","position":3,"name":"LLAVERO ACTIVO"}]},{"@type":"WebSite","@id":"https:\/\/www.rubengalarreta.com\/es\/#website","url":"https:\/\/www.rubengalarreta.com\/es\/","name":"Ruben Galarreta","description":"Hot Couture | Online Store","publisher":{"@id":"https:\/\/www.rubengalarreta.com\/es\/#organization"},"potentialAction":[{"@type":"SearchAction","target":{"@type":"EntryPoint","urlTemplate":"https:\/\/www.rubengalarreta.com\/es\/?s={search_term_string}"},"query-input":{"@type":"PropertyValueSpecification","valueRequired":true,"valueName":"search_term_string"}}],"inLanguage":"es"},{"@type":"Organization","@id":"https:\/\/www.rubengalarreta.com\/es\/#organization","name":"Ruben Galarreta","url":"https:\/\/www.rubengalarreta.com\/es\/","logo":{"@type":"ImageObject","inLanguage":"es","@id":"https:\/\/www.rubengalarreta.com\/es\/#\/schema\/logo\/image\/","url":"https:\/\/www.rubengalarreta.com\/wp-content\/uploads\/2019\/10\/rubengalarreta-menswear.jpg","contentUrl":"https:\/\/www.rubengalarreta.com\/wp-content\/uploads\/2019\/10\/rubengalarreta-menswear.jpg","width":1141,"height":146,"caption":"Ruben Galarreta"},"image":{"@id":"https:\/\/www.rubengalarreta.com\/es\/#\/schema\/logo\/image\/"}}]}},"_links":{"self":[{"href":"https:\/\/www.rubengalarreta.com\/es\/wp-json\/wp\/v2\/product\/49493","targetHints":{"allow":["GET"]}}],"collection":[{"href":"https:\/\/www.rubengalarreta.com\/es\/wp-json\/wp\/v2\/product"}],"about":[{"href":"https:\/\/www.rubengalarreta.com\/es\/wp-json\/wp\/v2\/types\/product"}],"replies":[{"embeddable":true,"href":"https:\/\/www.rubengalarreta.com\/es\/wp-json\/wp\/v2\/comments?post=49493"}],"wp:featuredmedia":[{"embeddable":true,"href":"https:\/\/www.rubengalarreta.com\/es\/wp-json\/wp\/v2\/media\/50116"}],"wp:attachment":[{"href":"https:\/\/www.rubengalarreta.com\/es\/wp-json\/wp\/v2\/media?parent=49493"}],"wp:term":[{"taxonomy":"product_brand","embeddable":true,"href":"https:\/\/www.rubengalarreta.com\/es\/wp-json\/wp\/v2\/product_brand?post=49493"},{"taxonomy":"product_cat","embeddable":true,"href":"https:\/\/www.rubengalarreta.com\/es\/wp-json\/wp\/v2\/product_cat?post=49493"},{"taxonomy":"product_tag","embeddable":true,"href":"https:\/\/www.rubengalarreta.com\/es\/wp-json\/wp\/v2\/product_tag?post=49493"}],"curies":[{"name":"wp","href":"https:\/\/api.w.org\/{rel}","templated":true}]}}