{"id":48712,"date":"2020-03-18T10:55:25","date_gmt":"2020-03-18T09:55:25","guid":{"rendered":"https:\/\/www.rubengalarreta.com\/?post_type=product&#038;p=48712"},"modified":"2024-08-12T23:45:16","modified_gmt":"2024-08-12T21:45:16","slug":"remiel-arnes-de-pierna","status":"publish","type":"product","link":"https:\/\/www.rubengalarreta.com\/es\/product\/man-es\/accessories-m-es\/remiel-arnes-de-pierna\/","title":{"rendered":"REMIEL ARN\u00c9S DE PIERNA"},"content":{"rendered":"<h2><strong>REMIEL ARN\u00c9S DE PIERNA<\/strong><\/h2>\n<table style=\"width: 100%; border-collapse: collapse; border-style: none;\">\n<tbody>\n<tr style=\"height: 62px;\">\n<td style=\"width: 50%; vertical-align: top; height: 62px; border-style: hidden;\"><strong><span style=\"color: #000000;\"><span style=\"font-family: trebuchet ms, geneva, sans-serif;\">DETALLES DE PRODUCTO:<\/span><\/span><\/strong><br \/>\n<span style=\"font-family: 'trebuchet ms', geneva, sans-serif; color: #999999;\">-El\u00e1sticos ajustables con logo de Rub\u00e9n Galarreta<\/span><br \/>\n<span style=\"font-family: 'trebuchet ms', geneva, sans-serif; color: #999999;\">-Cadenas en color negro y anillas rojas a lo largo de la pierna.<\/span><\/td>\n<td style=\"width: 50%; vertical-align: top; height: 62px; border-style: hidden;\"><strong><span style=\"color: #000000;\"><span style=\"font-family: trebuchet ms, geneva, sans-serif;\">TALLA:<\/span><\/span><\/strong><span style=\"color: #000000;\"><span style=\"font-family: trebuchet ms, geneva, sans-serif;\"><br \/>\n<\/span><\/span><span style=\"color: #999999;\"><span style=\"font-family: trebuchet ms, geneva, sans-serif;\">&#8211; Universal (para todas las tallas)<\/span><\/span><\/td>\n<\/tr>\n<tr style=\"height: 91px;\">\n<td style=\"width: 50%; vertical-align: top; height: 91px; border-style: hidden;\"><strong><span style=\"color: #000000;\"><span style=\"font-family: trebuchet ms, geneva, sans-serif;\">CUIDADOS<\/span><\/span><\/strong><span style=\"color: #000000;\"><span style=\"font-family: trebuchet ms, geneva, sans-serif;\">:<\/span><\/span><br \/>\n<span style=\"font-family: 'trebuchet ms', geneva, sans-serif; color: #999999;\">-Lavar a mano o con un pa\u00f1o h\u00famedo. Seguir instrucciones de cuidado en la etiqueta.<\/span><\/td>\n<td style=\"width: 50%; vertical-align: top; height: 91px; border-style: hidden;\"><strong><span style=\"color: #000000;\"><span style=\"font-family: trebuchet ms, geneva, sans-serif;\">MEDIDAS<\/span><\/span><\/strong><strong><span style=\"color: #000000;\"><span style=\"font-family: trebuchet ms, geneva, sans-serif;\">\u00a0MODELO:<br \/>\n<\/span><\/span><\/strong><span style=\"color: #999999;\"><span style=\"font-family: trebuchet ms, geneva, sans-serif;\">-Altura del modelo: 180 cm \/ 5&#8242;.9\u00bb<\/span><\/span><br \/>\n<span style=\"color: #999999;\"><span style=\"font-family: trebuchet ms, geneva, sans-serif;\">-El modelo usa: Talla universal<\/span><\/span><\/td>\n<\/tr>\n<\/tbody>\n<\/table>\n<h4><b>DESCRICPI\u00d3N<\/b><\/h4>\n<p>Remiel Arn\u00e9s de Pierna para hombre es una de las nuevas prendas de la l\u00ednea Inferno. Este arn\u00e9s de estilo fetish combina la sencillez y elegancia del color negro con la sensualidad que proporcionan las aberturas del arn\u00e9s. Se puede comprar de manera online en nuestra p\u00e1gina web o en nuestras tiendas.<\/p>\n<p>Este arn\u00e9s\u00a0para hombre esta compuesto por una tela t\u00e9cnica, contiene en la parte frontal una cinta con el nombre de la firma.<\/p>\n<p>Este Remiel Arn\u00e9s de Pierna para hombre destaca por su versatilidad y sensualidad, perfecta tanto para llevarla en las fiestas m\u00e1s destacadas como para llevarla con un estilo casual.<\/p>\n<h4><strong>NOTA DE ESTILO<\/strong><\/h4>\n<ul>\n<li>Para salir de fiesta: este arn\u00e9s para hombre ofrece un estilo muy fetish y provocativo. Esta arn\u00e9s de pierna de la l\u00ednea Inferno puedes combinarlo con los distintos arneses de pecho de la l\u00ednea. Este arn\u00e9s proporciona un estilo muy atrevido para que seas el centro de atenci\u00f3n en todas las fiestas, adem\u00e1s destaca por su combinaci\u00f3n de cadenas negras y aros rojos. Y como ya sabemos nuestra l\u00ednea Inferno nunca abandona los colores rojo y negro.<\/li>\n<li>Para el d\u00eda a d\u00eda: este arn\u00e9s lo puedes combinar con cualquiera de nuestras camisetas de nuestra secci\u00f3n <a href=\"https:\/\/www.rubengalarreta.com\/es\/producto-categoria\/man-es\/casual-issue\/\">CASUAL<\/a>. Para completar el look puedes combinarlo con nuestro tu jean m\u00e1s roto para dejar entrever los detalles de este arn\u00e9s de pierna.<\/li>\n<\/ul>\n<p>&nbsp;<\/p>\n","protected":false},"excerpt":{"rendered":"<h1><strong>REMIEL ARN\u00c9S DE PIERNA<\/strong><\/h1>\n<p style=\"text-align: left;\">Este arn\u00e9s de pierna de estilo fetish se caracteriza por proporcionar a tus looks un toque Galarreta para ser el centro de atenci\u00f3n.<\/p>\n","protected":false},"featured_media":48693,"comment_status":"closed","ping_status":"closed","template":"","meta":{"_monsterinsights_skip_tracking":false,"_monsterinsights_sitenote_active":false,"_monsterinsights_sitenote_note":"","_monsterinsights_sitenote_category":0},"product_brand":[],"product_cat":[1950,1921],"product_tag":[2167],"class_list":{"0":"post-48712","1":"product","2":"type-product","3":"status-publish","4":"has-post-thumbnail","6":"product_cat-accessories-m-es","7":"product_cat-man-es","8":"product_tag-arneses","10":"first","11":"outofstock","12":"taxable","13":"shipping-taxable","14":"purchasable","15":"product-type-simple"},"yoast_head":"<!-- This site is optimized with the Yoast SEO plugin v27.3 - https:\/\/yoast.com\/product\/yoast-seo-wordpress\/ -->\n<title>REMIEL ARN\u00c9S DE PIERNA dise\u00f1ado por Ruben Galarreta<\/title>\n<meta name=\"description\" content=\"REMIEL ARN\u00c9S DE PIERNA es el nuevo accesorio de la coleccion Inferno dise\u00f1ada por Rub\u00e9n Galarreta. Moda para hombre dise\u00f1ada en Espa\u00f1a-\" \/>\n<meta name=\"robots\" content=\"index, follow, max-snippet:-1, max-image-preview:large, max-video-preview:-1\" \/>\n<link rel=\"canonical\" href=\"https:\/\/www.rubengalarreta.com\/es\/product\/man-es\/accessories-m-es\/remiel-arnes-de-pierna\/\" \/>\n<meta property=\"og:locale\" content=\"es_ES\" \/>\n<meta property=\"og:type\" content=\"article\" \/>\n<meta property=\"og:title\" content=\"REMIEL ARN\u00c9S DE PIERNA dise\u00f1ado por Ruben Galarreta\" \/>\n<meta property=\"og:description\" content=\"REMIEL ARN\u00c9S DE PIERNA es el nuevo accesorio de la coleccion Inferno dise\u00f1ada por Rub\u00e9n Galarreta. Moda para hombre dise\u00f1ada en Espa\u00f1a-\" \/>\n<meta property=\"og:url\" content=\"https:\/\/www.rubengalarreta.com\/es\/product\/man-es\/accessories-m-es\/remiel-arnes-de-pierna\/\" \/>\n<meta property=\"og:site_name\" content=\"Ruben Galarreta\" \/>\n<meta property=\"article:modified_time\" content=\"2024-08-12T21:45:16+00:00\" \/>\n<meta property=\"og:image\" content=\"https:\/\/www.rubengalarreta.com\/wp-content\/uploads\/2020\/03\/ruben-galarreta-mens-wear-harness-leg-chain-inferno-edtion-front.jpg\" \/>\n\t<meta property=\"og:image:width\" content=\"704\" \/>\n\t<meta property=\"og:image:height\" content=\"1000\" \/>\n\t<meta property=\"og:image:type\" content=\"image\/jpeg\" \/>\n<meta name=\"twitter:card\" content=\"summary_large_image\" \/>\n<meta name=\"twitter:label1\" content=\"Tiempo de lectura\" \/>\n\t<meta name=\"twitter:data1\" content=\"2 minutos\" \/>\n<script type=\"application\/ld+json\" class=\"yoast-schema-graph\">{\"@context\":\"https:\\\/\\\/schema.org\",\"@graph\":[{\"@type\":\"WebPage\",\"@id\":\"https:\\\/\\\/www.rubengalarreta.com\\\/es\\\/product\\\/man-es\\\/accessories-m-es\\\/remiel-arnes-de-pierna\\\/\",\"url\":\"https:\\\/\\\/www.rubengalarreta.com\\\/es\\\/product\\\/man-es\\\/accessories-m-es\\\/remiel-arnes-de-pierna\\\/\",\"name\":\"REMIEL ARN\u00c9S DE PIERNA dise\u00f1ado por Ruben Galarreta\",\"isPartOf\":{\"@id\":\"https:\\\/\\\/www.rubengalarreta.com\\\/es\\\/#website\"},\"primaryImageOfPage\":{\"@id\":\"https:\\\/\\\/www.rubengalarreta.com\\\/es\\\/product\\\/man-es\\\/accessories-m-es\\\/remiel-arnes-de-pierna\\\/#primaryimage\"},\"image\":{\"@id\":\"https:\\\/\\\/www.rubengalarreta.com\\\/es\\\/product\\\/man-es\\\/accessories-m-es\\\/remiel-arnes-de-pierna\\\/#primaryimage\"},\"thumbnailUrl\":\"https:\\\/\\\/www.rubengalarreta.com\\\/wp-content\\\/uploads\\\/2020\\\/03\\\/ruben-galarreta-mens-wear-harness-leg-chain-inferno-edtion-front.jpg\",\"datePublished\":\"2020-03-18T09:55:25+00:00\",\"dateModified\":\"2024-08-12T21:45:16+00:00\",\"description\":\"REMIEL ARN\u00c9S DE PIERNA es el nuevo accesorio de la coleccion Inferno dise\u00f1ada por Rub\u00e9n Galarreta. Moda para hombre dise\u00f1ada en Espa\u00f1a-\",\"breadcrumb\":{\"@id\":\"https:\\\/\\\/www.rubengalarreta.com\\\/es\\\/product\\\/man-es\\\/accessories-m-es\\\/remiel-arnes-de-pierna\\\/#breadcrumb\"},\"inLanguage\":\"es\",\"potentialAction\":[{\"@type\":\"ReadAction\",\"target\":[\"https:\\\/\\\/www.rubengalarreta.com\\\/es\\\/product\\\/man-es\\\/accessories-m-es\\\/remiel-arnes-de-pierna\\\/\"]}]},{\"@type\":\"ImageObject\",\"inLanguage\":\"es\",\"@id\":\"https:\\\/\\\/www.rubengalarreta.com\\\/es\\\/product\\\/man-es\\\/accessories-m-es\\\/remiel-arnes-de-pierna\\\/#primaryimage\",\"url\":\"https:\\\/\\\/www.rubengalarreta.com\\\/wp-content\\\/uploads\\\/2020\\\/03\\\/ruben-galarreta-mens-wear-harness-leg-chain-inferno-edtion-front.jpg\",\"contentUrl\":\"https:\\\/\\\/www.rubengalarreta.com\\\/wp-content\\\/uploads\\\/2020\\\/03\\\/ruben-galarreta-mens-wear-harness-leg-chain-inferno-edtion-front.jpg\",\"width\":704,\"height\":1000},{\"@type\":\"BreadcrumbList\",\"@id\":\"https:\\\/\\\/www.rubengalarreta.com\\\/es\\\/product\\\/man-es\\\/accessories-m-es\\\/remiel-arnes-de-pierna\\\/#breadcrumb\",\"itemListElement\":[{\"@type\":\"ListItem\",\"position\":1,\"name\":\"Home\",\"item\":\"https:\\\/\\\/www.rubengalarreta.com\\\/es\\\/\"},{\"@type\":\"ListItem\",\"position\":2,\"name\":\"Tienda Online\",\"item\":\"https:\\\/\\\/www.rubengalarreta.com\\\/es\\\/tienda-2\\\/\"},{\"@type\":\"ListItem\",\"position\":3,\"name\":\"REMIEL ARN\u00c9S DE PIERNA\"}]},{\"@type\":\"WebSite\",\"@id\":\"https:\\\/\\\/www.rubengalarreta.com\\\/es\\\/#website\",\"url\":\"https:\\\/\\\/www.rubengalarreta.com\\\/es\\\/\",\"name\":\"Ruben Galarreta\",\"description\":\"Hot Couture | Online Store\",\"publisher\":{\"@id\":\"https:\\\/\\\/www.rubengalarreta.com\\\/es\\\/#organization\"},\"potentialAction\":[{\"@type\":\"SearchAction\",\"target\":{\"@type\":\"EntryPoint\",\"urlTemplate\":\"https:\\\/\\\/www.rubengalarreta.com\\\/es\\\/?s={search_term_string}\"},\"query-input\":{\"@type\":\"PropertyValueSpecification\",\"valueRequired\":true,\"valueName\":\"search_term_string\"}}],\"inLanguage\":\"es\"},{\"@type\":\"Organization\",\"@id\":\"https:\\\/\\\/www.rubengalarreta.com\\\/es\\\/#organization\",\"name\":\"Ruben Galarreta\",\"url\":\"https:\\\/\\\/www.rubengalarreta.com\\\/es\\\/\",\"logo\":{\"@type\":\"ImageObject\",\"inLanguage\":\"es\",\"@id\":\"https:\\\/\\\/www.rubengalarreta.com\\\/es\\\/#\\\/schema\\\/logo\\\/image\\\/\",\"url\":\"https:\\\/\\\/www.rubengalarreta.com\\\/wp-content\\\/uploads\\\/2019\\\/10\\\/rubengalarreta-menswear.jpg\",\"contentUrl\":\"https:\\\/\\\/www.rubengalarreta.com\\\/wp-content\\\/uploads\\\/2019\\\/10\\\/rubengalarreta-menswear.jpg\",\"width\":1141,\"height\":146,\"caption\":\"Ruben Galarreta\"},\"image\":{\"@id\":\"https:\\\/\\\/www.rubengalarreta.com\\\/es\\\/#\\\/schema\\\/logo\\\/image\\\/\"}}]}<\/script>\n<!-- \/ Yoast SEO plugin. -->","yoast_head_json":{"title":"REMIEL ARN\u00c9S DE PIERNA dise\u00f1ado por Ruben Galarreta","description":"REMIEL ARN\u00c9S DE PIERNA es el nuevo accesorio de la coleccion Inferno dise\u00f1ada por Rub\u00e9n Galarreta. Moda para hombre dise\u00f1ada en Espa\u00f1a-","robots":{"index":"index","follow":"follow","max-snippet":"max-snippet:-1","max-image-preview":"max-image-preview:large","max-video-preview":"max-video-preview:-1"},"canonical":"https:\/\/www.rubengalarreta.com\/es\/product\/man-es\/accessories-m-es\/remiel-arnes-de-pierna\/","og_locale":"es_ES","og_type":"article","og_title":"REMIEL ARN\u00c9S DE PIERNA dise\u00f1ado por Ruben Galarreta","og_description":"REMIEL ARN\u00c9S DE PIERNA es el nuevo accesorio de la coleccion Inferno dise\u00f1ada por Rub\u00e9n Galarreta. Moda para hombre dise\u00f1ada en Espa\u00f1a-","og_url":"https:\/\/www.rubengalarreta.com\/es\/product\/man-es\/accessories-m-es\/remiel-arnes-de-pierna\/","og_site_name":"Ruben Galarreta","article_modified_time":"2024-08-12T21:45:16+00:00","og_image":[{"width":704,"height":1000,"url":"https:\/\/www.rubengalarreta.com\/wp-content\/uploads\/2020\/03\/ruben-galarreta-mens-wear-harness-leg-chain-inferno-edtion-front.jpg","type":"image\/jpeg"}],"twitter_card":"summary_large_image","twitter_misc":{"Tiempo de lectura":"2 minutos"},"schema":{"@context":"https:\/\/schema.org","@graph":[{"@type":"WebPage","@id":"https:\/\/www.rubengalarreta.com\/es\/product\/man-es\/accessories-m-es\/remiel-arnes-de-pierna\/","url":"https:\/\/www.rubengalarreta.com\/es\/product\/man-es\/accessories-m-es\/remiel-arnes-de-pierna\/","name":"REMIEL ARN\u00c9S DE PIERNA dise\u00f1ado por Ruben Galarreta","isPartOf":{"@id":"https:\/\/www.rubengalarreta.com\/es\/#website"},"primaryImageOfPage":{"@id":"https:\/\/www.rubengalarreta.com\/es\/product\/man-es\/accessories-m-es\/remiel-arnes-de-pierna\/#primaryimage"},"image":{"@id":"https:\/\/www.rubengalarreta.com\/es\/product\/man-es\/accessories-m-es\/remiel-arnes-de-pierna\/#primaryimage"},"thumbnailUrl":"https:\/\/www.rubengalarreta.com\/wp-content\/uploads\/2020\/03\/ruben-galarreta-mens-wear-harness-leg-chain-inferno-edtion-front.jpg","datePublished":"2020-03-18T09:55:25+00:00","dateModified":"2024-08-12T21:45:16+00:00","description":"REMIEL ARN\u00c9S DE PIERNA es el nuevo accesorio de la coleccion Inferno dise\u00f1ada por Rub\u00e9n Galarreta. Moda para hombre dise\u00f1ada en Espa\u00f1a-","breadcrumb":{"@id":"https:\/\/www.rubengalarreta.com\/es\/product\/man-es\/accessories-m-es\/remiel-arnes-de-pierna\/#breadcrumb"},"inLanguage":"es","potentialAction":[{"@type":"ReadAction","target":["https:\/\/www.rubengalarreta.com\/es\/product\/man-es\/accessories-m-es\/remiel-arnes-de-pierna\/"]}]},{"@type":"ImageObject","inLanguage":"es","@id":"https:\/\/www.rubengalarreta.com\/es\/product\/man-es\/accessories-m-es\/remiel-arnes-de-pierna\/#primaryimage","url":"https:\/\/www.rubengalarreta.com\/wp-content\/uploads\/2020\/03\/ruben-galarreta-mens-wear-harness-leg-chain-inferno-edtion-front.jpg","contentUrl":"https:\/\/www.rubengalarreta.com\/wp-content\/uploads\/2020\/03\/ruben-galarreta-mens-wear-harness-leg-chain-inferno-edtion-front.jpg","width":704,"height":1000},{"@type":"BreadcrumbList","@id":"https:\/\/www.rubengalarreta.com\/es\/product\/man-es\/accessories-m-es\/remiel-arnes-de-pierna\/#breadcrumb","itemListElement":[{"@type":"ListItem","position":1,"name":"Home","item":"https:\/\/www.rubengalarreta.com\/es\/"},{"@type":"ListItem","position":2,"name":"Tienda Online","item":"https:\/\/www.rubengalarreta.com\/es\/tienda-2\/"},{"@type":"ListItem","position":3,"name":"REMIEL ARN\u00c9S DE PIERNA"}]},{"@type":"WebSite","@id":"https:\/\/www.rubengalarreta.com\/es\/#website","url":"https:\/\/www.rubengalarreta.com\/es\/","name":"Ruben Galarreta","description":"Hot Couture | Online Store","publisher":{"@id":"https:\/\/www.rubengalarreta.com\/es\/#organization"},"potentialAction":[{"@type":"SearchAction","target":{"@type":"EntryPoint","urlTemplate":"https:\/\/www.rubengalarreta.com\/es\/?s={search_term_string}"},"query-input":{"@type":"PropertyValueSpecification","valueRequired":true,"valueName":"search_term_string"}}],"inLanguage":"es"},{"@type":"Organization","@id":"https:\/\/www.rubengalarreta.com\/es\/#organization","name":"Ruben Galarreta","url":"https:\/\/www.rubengalarreta.com\/es\/","logo":{"@type":"ImageObject","inLanguage":"es","@id":"https:\/\/www.rubengalarreta.com\/es\/#\/schema\/logo\/image\/","url":"https:\/\/www.rubengalarreta.com\/wp-content\/uploads\/2019\/10\/rubengalarreta-menswear.jpg","contentUrl":"https:\/\/www.rubengalarreta.com\/wp-content\/uploads\/2019\/10\/rubengalarreta-menswear.jpg","width":1141,"height":146,"caption":"Ruben Galarreta"},"image":{"@id":"https:\/\/www.rubengalarreta.com\/es\/#\/schema\/logo\/image\/"}}]}},"_links":{"self":[{"href":"https:\/\/www.rubengalarreta.com\/es\/wp-json\/wp\/v2\/product\/48712","targetHints":{"allow":["GET"]}}],"collection":[{"href":"https:\/\/www.rubengalarreta.com\/es\/wp-json\/wp\/v2\/product"}],"about":[{"href":"https:\/\/www.rubengalarreta.com\/es\/wp-json\/wp\/v2\/types\/product"}],"replies":[{"embeddable":true,"href":"https:\/\/www.rubengalarreta.com\/es\/wp-json\/wp\/v2\/comments?post=48712"}],"wp:featuredmedia":[{"embeddable":true,"href":"https:\/\/www.rubengalarreta.com\/es\/wp-json\/wp\/v2\/media\/48693"}],"wp:attachment":[{"href":"https:\/\/www.rubengalarreta.com\/es\/wp-json\/wp\/v2\/media?parent=48712"}],"wp:term":[{"taxonomy":"product_brand","embeddable":true,"href":"https:\/\/www.rubengalarreta.com\/es\/wp-json\/wp\/v2\/product_brand?post=48712"},{"taxonomy":"product_cat","embeddable":true,"href":"https:\/\/www.rubengalarreta.com\/es\/wp-json\/wp\/v2\/product_cat?post=48712"},{"taxonomy":"product_tag","embeddable":true,"href":"https:\/\/www.rubengalarreta.com\/es\/wp-json\/wp\/v2\/product_tag?post=48712"}],"curies":[{"name":"wp","href":"https:\/\/api.w.org\/{rel}","templated":true}]}}