{"id":46830,"date":"2020-03-02T11:03:18","date_gmt":"2020-03-02T10:03:18","guid":{"rendered":"https:\/\/www.rubengalarreta.com\/?post_type=product&#038;p=46830"},"modified":"2024-08-12T23:45:24","modified_gmt":"2024-08-12T21:45:24","slug":"julius-arnes-negro-de-pierna","status":"publish","type":"product","link":"https:\/\/www.rubengalarreta.com\/es\/product\/man-es\/accessories-m-es\/julius-arnes-negro-de-pierna\/","title":{"rendered":"JULIUS ARN\u00c9S NEGRO DE PIERNA"},"content":{"rendered":"<h2><strong>JULIUS ARN\u00c9S NEGRO DE PIERNA<\/strong><\/h2>\n<table style=\"width: 100%; border-collapse: collapse; border-style: none; height: 153px;\">\n<tbody>\n<tr style=\"height: 62px;\">\n<td style=\"width: 50.5128%; vertical-align: top; height: 62px; border-style: hidden;\"><strong><span style=\"color: #000000;\"><span style=\"font-family: trebuchet ms, geneva, sans-serif;\">DETALLES DE PRODUCTO:<\/span><\/span><\/strong><br \/>\n<span style=\"font-family: 'trebuchet ms', geneva, sans-serif; color: #999999;\">-Cierre negro<br \/>\n-Etiqueta lateral<br \/>\n-El\u00e1stico y con ajustador de tama\u00f1o<\/span><\/td>\n<td style=\"width: 49.4872%; vertical-align: top; height: 62px; border-style: hidden;\"><strong><span style=\"color: #000000;\"><span style=\"font-family: trebuchet ms, geneva, sans-serif;\">TALLA<\/span><\/span><\/strong><span style=\"color: #000000;\"><span style=\"font-family: trebuchet ms, geneva, sans-serif;\"><br \/>\n<\/span><\/span><span style=\"color: #999999;\"><span style=\"font-family: trebuchet ms, geneva, sans-serif;\">&#8211; Talla Universal (desde Small a Large) + cintura ajustable<\/span><\/span><\/td>\n<\/tr>\n<tr style=\"height: 91px;\">\n<td style=\"width: 50.5128%; vertical-align: top; height: 91px; border-style: hidden;\"><strong><span style=\"color: #000000;\"><span style=\"font-family: trebuchet ms, geneva, sans-serif;\">CUIDADOS<\/span><\/span><\/strong><span style=\"color: #000000;\"><span style=\"font-family: trebuchet ms, geneva, sans-serif;\">:<\/span><\/span><br \/>\n<span style=\"font-family: 'trebuchet ms', geneva, sans-serif; color: #999999;\">-F\u00e1cil planchado y lavado a m\u00e1quina seg\u00fan las instrucciones de cuidado en la etiqueta<\/span><\/td>\n<td style=\"width: 49.4872%; vertical-align: top; height: 91px; border-style: hidden;\"><strong><span style=\"color: #000000;\"><span style=\"font-family: trebuchet ms, geneva, sans-serif;\">MEDIDAS<\/span><\/span><\/strong><strong><span style=\"color: #000000;\"><span style=\"font-family: trebuchet ms, geneva, sans-serif;\">\u00a0MODELO:<br \/>\n<\/span><\/span><\/strong><span style=\"color: #999999;\"><span style=\"font-family: trebuchet ms, geneva, sans-serif;\">-Altura del modelo: 180 cm \/ 5&#8242;.90\u00bb<\/span><\/span><br \/>\n<span style=\"color: #999999;\"><span style=\"font-family: trebuchet ms, geneva, sans-serif;\">-El modelo usa: Talla Universal<\/span><\/span><\/td>\n<\/tr>\n<\/tbody>\n<\/table>\n<h4><strong>Descripci\u00f3n:<\/strong><\/h4>\n<p>Julius Arn\u00e9s Negro de Pierna para hombre es una de las nuevas prendas de nuestros Accesorios. Este Julius Arn\u00e9s de Pierna se caracteriza por proporcionar a tus looks un estilo totalmente fetish. Se puede comprar de manera online por nuestra p\u00e1gina web o en nuestras tiendas f\u00edsicas.<\/p>\n<p>Este Arn\u00e9s de Pierna para hombre destaca por su versatilidad y sensualidad, perfecto para llevarlo\u00a0en numerosos eventos como pueden ser las mejores fiestas LGTB o hasta para salir a tomar algo, o ir al gimnasio, ya que ofrece una gran versatilidad y un estilo fetish.<\/p>\n<p>Este arn\u00e9s para hombre est\u00e1 compuesto por una tela t\u00e9cnica, contiene en la parte delantera un cierre de clip y un regulador. Adem\u00e1s tambi\u00e9n contiene una etiqueta con el nombre de la firma, y dos anillas que permiten que el arn\u00e9s se ajuste totalmente al cuerpo.<\/p>\n<h4><strong>Recomendaciones de Estilo:<\/strong><\/h4>\n<p>Para salir de fiesta: este arn\u00e9s para pierna ofrece numerosas combinaciones, aunque para salir de fiesta lo mejor es combinarlo con alguno de nuestros joggers m\u00e1s sexys como por ejemplo: <a href=\"https:\/\/www.rubengalarreta.com\/es\/product\/man-es\/noir-es\/pantalon-jogger-noir\/\">\u00abPantal\u00f3n Jogger Noir\u00bb<\/a>, <a href=\"https:\/\/www.rubengalarreta.com\/es\/product\/man-es\/genderless-es\/black-sheer-joggers\/\">\u00abPantal\u00f3n Joggers Negro Transparente\u00bb<\/a>, <a href=\"https:\/\/www.rubengalarreta.com\/es\/product\/man-es\/essentials-es\/mesh-trackpants\/\">\u00abMesh Trackpants\u00bb<\/a> o <a href=\"https:\/\/www.rubengalarreta.com\/es\/product\/man-es\/essentials-es\/transparent-trackpants\/\">\u00abTransparent Trackpants\u00bb<\/a>. Para completar el look lo puedes combinar con alguna de nuestras camisetas m\u00e1s sexys como por ejemplo: <a href=\"https:\/\/www.rubengalarreta.com\/es\/product\/man-es\/noir-es\/noir-t-shirt\/\">\u00abCamiseta Noir\u00bb<\/a>, <a href=\"https:\/\/www.rubengalarreta.com\/es\/product\/man-es\/genderless-es\/black-sheer-crop-top\/\">\u00abCrop Top Negro Transparente\u00bb<\/a>, o incluso <a href=\"https:\/\/www.rubengalarreta.com\/es\/product\/man-es\/genderless-es\/black-neoprene-mesh-utility-waistcoat\/\">\u00abChaleco Negro Utility\u00bb<\/a>. Incluso si quieres ser el foco de atenci\u00f3n lo puedes combinar con nuestro <a href=\"https:\/\/www.rubengalarreta.com\/es\/product\/man-es\/essentials-es\/black-mesh-overall\/\">\u00abBlack Mesh Overall\u00bb<\/a>.<\/p>\n<p>Para el d\u00eda a d\u00eda: este arn\u00e9s de pierna es perfecto para combinarlo con cualquiera de nuestros joggers m\u00e1s sexys como <a href=\"https:\/\/www.rubengalarreta.com\/es\/product\/man-es\/noir-es\/pantalon-jogger-noir\/\">\u00abPantal\u00f3n Jogger Noir\u00bb<\/a>, <a href=\"https:\/\/www.rubengalarreta.com\/es\/product\/man-es\/genderless-es\/black-sheer-joggers\/\">\u00abPantal\u00f3n Joggers Negro Transparente\u00bb<\/a>,<a href=\"https:\/\/www.rubengalarreta.com\/es\/product\/man-es\/essentials-es\/mesh-trackpants\/\"> \u00abMesh Trackpants\u00bb<\/a> o <a href=\"https:\/\/www.rubengalarreta.com\/es\/product\/man-es\/essentials-es\/transparent-trackpants\/\">\u00abTransparent Trackpants\u00bb<\/a>. Y para completar el look lo puedes combinar con cualquiera de nuestras camisetas como <a href=\"https:\/\/www.rubengalarreta.com\/es\/product\/man-es\/inferno-es\/camiseta-inferno\/\">\u00abCamiseta Inferno\u00bb<\/a>, <a href=\"https:\/\/www.rubengalarreta.com\/es\/product\/man-es\/inferno-es\/camiseta-sin-mangas-inferno\/\">\u00abCamiseta Sin Mangas Inferno\u00bb<\/a>, o <a href=\"https:\/\/www.rubengalarreta.com\/es\/product\/man-es\/hazard-es\/camiseta-hazard\/\">\u00abCamiseta Hazard\u00bb<\/a>.<\/p>\n","protected":false},"excerpt":{"rendered":"<h1><strong>JULIUS ARN\u00c9S NEGRO DE PIERNA<\/strong><\/h1>\n<p>Julius Arn\u00e9s Negro De Pierna es uno de nuestros nuevos accesorios dise\u00f1ado por Rub\u00e9n Galarreta, este accesorio proporciona a tus looks el toque de sensualidad que necesitan.<\/p>\n","protected":false},"featured_media":54409,"comment_status":"closed","ping_status":"closed","template":"","meta":{"_monsterinsights_skip_tracking":false,"_monsterinsights_sitenote_active":false,"_monsterinsights_sitenote_note":"","_monsterinsights_sitenote_category":0},"product_brand":[],"product_cat":[1950,1921],"product_tag":[2167],"class_list":{"0":"post-46830","1":"product","2":"type-product","3":"status-publish","4":"has-post-thumbnail","6":"product_cat-accessories-m-es","7":"product_cat-man-es","8":"product_tag-arneses","10":"first","11":"instock","12":"sale","13":"taxable","14":"shipping-taxable","15":"purchasable","16":"product-type-simple"},"yoast_head":"<!-- This site is optimized with the Yoast SEO plugin v27.5 - https:\/\/yoast.com\/product\/yoast-seo-wordpress\/ -->\n<title>JULIUS ARN\u00c9S NEGRO DE PIERNA - Ruben Galarreta<\/title>\n<meta name=\"description\" content=\"Julius Arn\u00e9s Negro De Pierna en color negro es una de nuestras nuevas prendas, ofrece a tus looks el toque de sensualidad que necesitan.\" \/>\n<meta name=\"robots\" content=\"index, follow, max-snippet:-1, max-image-preview:large, max-video-preview:-1\" \/>\n<link rel=\"canonical\" href=\"https:\/\/www.rubengalarreta.com\/es\/product\/man-es\/accessories-m-es\/julius-arnes-negro-de-pierna\/\" \/>\n<meta property=\"og:locale\" content=\"es_ES\" \/>\n<meta property=\"og:type\" content=\"article\" \/>\n<meta property=\"og:title\" content=\"JULIUS ARN\u00c9S NEGRO DE PIERNA - Ruben Galarreta\" \/>\n<meta property=\"og:description\" content=\"Julius Arn\u00e9s Negro De Pierna en color negro es una de nuestras nuevas prendas, ofrece a tus looks el toque de sensualidad que necesitan.\" \/>\n<meta property=\"og:url\" content=\"https:\/\/www.rubengalarreta.com\/es\/product\/man-es\/accessories-m-es\/julius-arnes-negro-de-pierna\/\" \/>\n<meta property=\"og:site_name\" content=\"Ruben Galarreta\" \/>\n<meta property=\"article:modified_time\" content=\"2024-08-12T21:45:24+00:00\" \/>\n<meta property=\"og:image\" content=\"https:\/\/www.rubengalarreta.com\/wp-content\/uploads\/2020\/04\/ruben-galarreta-underwear-fashion-men-black-leg-1side-harness-side-min.jpg\" \/>\n\t<meta property=\"og:image:width\" content=\"704\" \/>\n\t<meta property=\"og:image:height\" content=\"1000\" \/>\n\t<meta property=\"og:image:type\" content=\"image\/jpeg\" \/>\n<meta name=\"twitter:card\" content=\"summary_large_image\" \/>\n<meta name=\"twitter:label1\" content=\"Tiempo de lectura\" \/>\n\t<meta name=\"twitter:data1\" content=\"2 minutos\" \/>\n<script type=\"application\/ld+json\" class=\"yoast-schema-graph\">{\"@context\":\"https:\\\/\\\/schema.org\",\"@graph\":[{\"@type\":\"WebPage\",\"@id\":\"https:\\\/\\\/www.rubengalarreta.com\\\/es\\\/product\\\/man-es\\\/accessories-m-es\\\/julius-arnes-negro-de-pierna\\\/\",\"url\":\"https:\\\/\\\/www.rubengalarreta.com\\\/es\\\/product\\\/man-es\\\/accessories-m-es\\\/julius-arnes-negro-de-pierna\\\/\",\"name\":\"JULIUS ARN\u00c9S NEGRO DE PIERNA - Ruben Galarreta\",\"isPartOf\":{\"@id\":\"https:\\\/\\\/www.rubengalarreta.com\\\/es\\\/#website\"},\"primaryImageOfPage\":{\"@id\":\"https:\\\/\\\/www.rubengalarreta.com\\\/es\\\/product\\\/man-es\\\/accessories-m-es\\\/julius-arnes-negro-de-pierna\\\/#primaryimage\"},\"image\":{\"@id\":\"https:\\\/\\\/www.rubengalarreta.com\\\/es\\\/product\\\/man-es\\\/accessories-m-es\\\/julius-arnes-negro-de-pierna\\\/#primaryimage\"},\"thumbnailUrl\":\"https:\\\/\\\/www.rubengalarreta.com\\\/wp-content\\\/uploads\\\/2020\\\/04\\\/ruben-galarreta-underwear-fashion-men-black-leg-1side-harness-side-min.jpg\",\"datePublished\":\"2020-03-02T10:03:18+00:00\",\"dateModified\":\"2024-08-12T21:45:24+00:00\",\"description\":\"Julius Arn\u00e9s Negro De Pierna en color negro es una de nuestras nuevas prendas, ofrece a tus looks el toque de sensualidad que necesitan.\",\"breadcrumb\":{\"@id\":\"https:\\\/\\\/www.rubengalarreta.com\\\/es\\\/product\\\/man-es\\\/accessories-m-es\\\/julius-arnes-negro-de-pierna\\\/#breadcrumb\"},\"inLanguage\":\"es\",\"potentialAction\":[{\"@type\":\"ReadAction\",\"target\":[\"https:\\\/\\\/www.rubengalarreta.com\\\/es\\\/product\\\/man-es\\\/accessories-m-es\\\/julius-arnes-negro-de-pierna\\\/\"]}]},{\"@type\":\"ImageObject\",\"inLanguage\":\"es\",\"@id\":\"https:\\\/\\\/www.rubengalarreta.com\\\/es\\\/product\\\/man-es\\\/accessories-m-es\\\/julius-arnes-negro-de-pierna\\\/#primaryimage\",\"url\":\"https:\\\/\\\/www.rubengalarreta.com\\\/wp-content\\\/uploads\\\/2020\\\/04\\\/ruben-galarreta-underwear-fashion-men-black-leg-1side-harness-side-min.jpg\",\"contentUrl\":\"https:\\\/\\\/www.rubengalarreta.com\\\/wp-content\\\/uploads\\\/2020\\\/04\\\/ruben-galarreta-underwear-fashion-men-black-leg-1side-harness-side-min.jpg\",\"width\":704,\"height\":1000},{\"@type\":\"BreadcrumbList\",\"@id\":\"https:\\\/\\\/www.rubengalarreta.com\\\/es\\\/product\\\/man-es\\\/accessories-m-es\\\/julius-arnes-negro-de-pierna\\\/#breadcrumb\",\"itemListElement\":[{\"@type\":\"ListItem\",\"position\":1,\"name\":\"Home\",\"item\":\"https:\\\/\\\/www.rubengalarreta.com\\\/es\\\/\"},{\"@type\":\"ListItem\",\"position\":2,\"name\":\"Tienda Online\",\"item\":\"https:\\\/\\\/www.rubengalarreta.com\\\/es\\\/tienda-2\\\/\"},{\"@type\":\"ListItem\",\"position\":3,\"name\":\"JULIUS ARN\u00c9S NEGRO DE PIERNA\"}]},{\"@type\":\"WebSite\",\"@id\":\"https:\\\/\\\/www.rubengalarreta.com\\\/es\\\/#website\",\"url\":\"https:\\\/\\\/www.rubengalarreta.com\\\/es\\\/\",\"name\":\"Ruben Galarreta\",\"description\":\"Hot Couture | Online Store\",\"publisher\":{\"@id\":\"https:\\\/\\\/www.rubengalarreta.com\\\/es\\\/#organization\"},\"potentialAction\":[{\"@type\":\"SearchAction\",\"target\":{\"@type\":\"EntryPoint\",\"urlTemplate\":\"https:\\\/\\\/www.rubengalarreta.com\\\/es\\\/?s={search_term_string}\"},\"query-input\":{\"@type\":\"PropertyValueSpecification\",\"valueRequired\":true,\"valueName\":\"search_term_string\"}}],\"inLanguage\":\"es\"},{\"@type\":\"Organization\",\"@id\":\"https:\\\/\\\/www.rubengalarreta.com\\\/es\\\/#organization\",\"name\":\"Ruben Galarreta\",\"url\":\"https:\\\/\\\/www.rubengalarreta.com\\\/es\\\/\",\"logo\":{\"@type\":\"ImageObject\",\"inLanguage\":\"es\",\"@id\":\"https:\\\/\\\/www.rubengalarreta.com\\\/es\\\/#\\\/schema\\\/logo\\\/image\\\/\",\"url\":\"https:\\\/\\\/www.rubengalarreta.com\\\/wp-content\\\/uploads\\\/2019\\\/10\\\/rubengalarreta-menswear.jpg\",\"contentUrl\":\"https:\\\/\\\/www.rubengalarreta.com\\\/wp-content\\\/uploads\\\/2019\\\/10\\\/rubengalarreta-menswear.jpg\",\"width\":1141,\"height\":146,\"caption\":\"Ruben Galarreta\"},\"image\":{\"@id\":\"https:\\\/\\\/www.rubengalarreta.com\\\/es\\\/#\\\/schema\\\/logo\\\/image\\\/\"}}]}<\/script>\n<!-- \/ Yoast SEO plugin. -->","yoast_head_json":{"title":"JULIUS ARN\u00c9S NEGRO DE PIERNA - Ruben Galarreta","description":"Julius Arn\u00e9s Negro De Pierna en color negro es una de nuestras nuevas prendas, ofrece a tus looks el toque de sensualidad que necesitan.","robots":{"index":"index","follow":"follow","max-snippet":"max-snippet:-1","max-image-preview":"max-image-preview:large","max-video-preview":"max-video-preview:-1"},"canonical":"https:\/\/www.rubengalarreta.com\/es\/product\/man-es\/accessories-m-es\/julius-arnes-negro-de-pierna\/","og_locale":"es_ES","og_type":"article","og_title":"JULIUS ARN\u00c9S NEGRO DE PIERNA - Ruben Galarreta","og_description":"Julius Arn\u00e9s Negro De Pierna en color negro es una de nuestras nuevas prendas, ofrece a tus looks el toque de sensualidad que necesitan.","og_url":"https:\/\/www.rubengalarreta.com\/es\/product\/man-es\/accessories-m-es\/julius-arnes-negro-de-pierna\/","og_site_name":"Ruben Galarreta","article_modified_time":"2024-08-12T21:45:24+00:00","og_image":[{"width":704,"height":1000,"url":"https:\/\/www.rubengalarreta.com\/wp-content\/uploads\/2020\/04\/ruben-galarreta-underwear-fashion-men-black-leg-1side-harness-side-min.jpg","type":"image\/jpeg"}],"twitter_card":"summary_large_image","twitter_misc":{"Tiempo de lectura":"2 minutos"},"schema":{"@context":"https:\/\/schema.org","@graph":[{"@type":"WebPage","@id":"https:\/\/www.rubengalarreta.com\/es\/product\/man-es\/accessories-m-es\/julius-arnes-negro-de-pierna\/","url":"https:\/\/www.rubengalarreta.com\/es\/product\/man-es\/accessories-m-es\/julius-arnes-negro-de-pierna\/","name":"JULIUS ARN\u00c9S NEGRO DE PIERNA - Ruben Galarreta","isPartOf":{"@id":"https:\/\/www.rubengalarreta.com\/es\/#website"},"primaryImageOfPage":{"@id":"https:\/\/www.rubengalarreta.com\/es\/product\/man-es\/accessories-m-es\/julius-arnes-negro-de-pierna\/#primaryimage"},"image":{"@id":"https:\/\/www.rubengalarreta.com\/es\/product\/man-es\/accessories-m-es\/julius-arnes-negro-de-pierna\/#primaryimage"},"thumbnailUrl":"https:\/\/www.rubengalarreta.com\/wp-content\/uploads\/2020\/04\/ruben-galarreta-underwear-fashion-men-black-leg-1side-harness-side-min.jpg","datePublished":"2020-03-02T10:03:18+00:00","dateModified":"2024-08-12T21:45:24+00:00","description":"Julius Arn\u00e9s Negro De Pierna en color negro es una de nuestras nuevas prendas, ofrece a tus looks el toque de sensualidad que necesitan.","breadcrumb":{"@id":"https:\/\/www.rubengalarreta.com\/es\/product\/man-es\/accessories-m-es\/julius-arnes-negro-de-pierna\/#breadcrumb"},"inLanguage":"es","potentialAction":[{"@type":"ReadAction","target":["https:\/\/www.rubengalarreta.com\/es\/product\/man-es\/accessories-m-es\/julius-arnes-negro-de-pierna\/"]}]},{"@type":"ImageObject","inLanguage":"es","@id":"https:\/\/www.rubengalarreta.com\/es\/product\/man-es\/accessories-m-es\/julius-arnes-negro-de-pierna\/#primaryimage","url":"https:\/\/www.rubengalarreta.com\/wp-content\/uploads\/2020\/04\/ruben-galarreta-underwear-fashion-men-black-leg-1side-harness-side-min.jpg","contentUrl":"https:\/\/www.rubengalarreta.com\/wp-content\/uploads\/2020\/04\/ruben-galarreta-underwear-fashion-men-black-leg-1side-harness-side-min.jpg","width":704,"height":1000},{"@type":"BreadcrumbList","@id":"https:\/\/www.rubengalarreta.com\/es\/product\/man-es\/accessories-m-es\/julius-arnes-negro-de-pierna\/#breadcrumb","itemListElement":[{"@type":"ListItem","position":1,"name":"Home","item":"https:\/\/www.rubengalarreta.com\/es\/"},{"@type":"ListItem","position":2,"name":"Tienda Online","item":"https:\/\/www.rubengalarreta.com\/es\/tienda-2\/"},{"@type":"ListItem","position":3,"name":"JULIUS ARN\u00c9S NEGRO DE PIERNA"}]},{"@type":"WebSite","@id":"https:\/\/www.rubengalarreta.com\/es\/#website","url":"https:\/\/www.rubengalarreta.com\/es\/","name":"Ruben Galarreta","description":"Hot Couture | Online Store","publisher":{"@id":"https:\/\/www.rubengalarreta.com\/es\/#organization"},"potentialAction":[{"@type":"SearchAction","target":{"@type":"EntryPoint","urlTemplate":"https:\/\/www.rubengalarreta.com\/es\/?s={search_term_string}"},"query-input":{"@type":"PropertyValueSpecification","valueRequired":true,"valueName":"search_term_string"}}],"inLanguage":"es"},{"@type":"Organization","@id":"https:\/\/www.rubengalarreta.com\/es\/#organization","name":"Ruben Galarreta","url":"https:\/\/www.rubengalarreta.com\/es\/","logo":{"@type":"ImageObject","inLanguage":"es","@id":"https:\/\/www.rubengalarreta.com\/es\/#\/schema\/logo\/image\/","url":"https:\/\/www.rubengalarreta.com\/wp-content\/uploads\/2019\/10\/rubengalarreta-menswear.jpg","contentUrl":"https:\/\/www.rubengalarreta.com\/wp-content\/uploads\/2019\/10\/rubengalarreta-menswear.jpg","width":1141,"height":146,"caption":"Ruben Galarreta"},"image":{"@id":"https:\/\/www.rubengalarreta.com\/es\/#\/schema\/logo\/image\/"}}]}},"_links":{"self":[{"href":"https:\/\/www.rubengalarreta.com\/es\/wp-json\/wp\/v2\/product\/46830","targetHints":{"allow":["GET"]}}],"collection":[{"href":"https:\/\/www.rubengalarreta.com\/es\/wp-json\/wp\/v2\/product"}],"about":[{"href":"https:\/\/www.rubengalarreta.com\/es\/wp-json\/wp\/v2\/types\/product"}],"replies":[{"embeddable":true,"href":"https:\/\/www.rubengalarreta.com\/es\/wp-json\/wp\/v2\/comments?post=46830"}],"wp:featuredmedia":[{"embeddable":true,"href":"https:\/\/www.rubengalarreta.com\/es\/wp-json\/wp\/v2\/media\/54409"}],"wp:attachment":[{"href":"https:\/\/www.rubengalarreta.com\/es\/wp-json\/wp\/v2\/media?parent=46830"}],"wp:term":[{"taxonomy":"product_brand","embeddable":true,"href":"https:\/\/www.rubengalarreta.com\/es\/wp-json\/wp\/v2\/product_brand?post=46830"},{"taxonomy":"product_cat","embeddable":true,"href":"https:\/\/www.rubengalarreta.com\/es\/wp-json\/wp\/v2\/product_cat?post=46830"},{"taxonomy":"product_tag","embeddable":true,"href":"https:\/\/www.rubengalarreta.com\/es\/wp-json\/wp\/v2\/product_tag?post=46830"}],"curies":[{"name":"wp","href":"https:\/\/api.w.org\/{rel}","templated":true}]}}