{"id":46811,"date":"2020-03-02T10:51:27","date_gmt":"2020-03-02T09:51:27","guid":{"rendered":"https:\/\/www.rubengalarreta.com\/?post_type=product&#038;p=46811"},"modified":"2021-07-07T11:22:05","modified_gmt":"2021-07-07T09:22:05","slug":"leonidas-arnes-negro","status":"publish","type":"product","link":"https:\/\/www.rubengalarreta.com\/es\/product\/man-es\/accessories-m-es\/leonidas-arnes-negro\/","title":{"rendered":"LEONIDAS ARN\u00c9S NEGRO"},"content":{"rendered":"<h2><strong>LEONIDAS ARN\u00c9S NEGRO<\/strong><\/h2>\n<table style=\"width: 100%; border-collapse: collapse; border-style: none; height: 124px;\">\n<tbody>\n<tr style=\"height: 62px;\">\n<td style=\"width: 50%; vertical-align: top; border-style: hidden; height: 62px;\"><strong><span style=\"color: #000000;\"><span style=\"font-family: trebuchet ms, geneva, sans-serif;\">DETALLE DE PRODUCTO:<\/span><\/span><\/strong><br \/>\n<span style=\"color: #999999;\"><span style=\"font-family: trebuchet ms, geneva, sans-serif;\">-El\u00e1stico negro<\/span><\/span><br \/>\n<span style=\"color: #999999;\"><span style=\"font-family: trebuchet ms, geneva, sans-serif;\">-Arn\u00e9s regulable con dos aros en el pecho<\/span><\/span><\/td>\n<td style=\"width: 50%; vertical-align: top; border-style: hidden; height: 62px;\"><strong><span style=\"color: #000000;\"><span style=\"font-family: trebuchet ms, geneva, sans-serif;\">TALLA :<\/span><\/span><\/strong><span style=\"color: #000000;\"><span style=\"font-family: trebuchet ms, geneva, sans-serif;\"><br \/>\n<\/span><\/span><span style=\"color: #999999;\"><span style=\"font-family: trebuchet ms, geneva, sans-serif;\">-Talla Universal (desde Small a Large)<\/span><\/span><\/td>\n<\/tr>\n<tr style=\"height: 62px;\">\n<td style=\"width: 50%; vertical-align: top; border-style: hidden; height: 62px;\"><strong><span style=\"color: #000000;\"><span style=\"font-family: trebuchet ms, geneva, sans-serif;\">CUIDADOS<\/span><\/span><\/strong><span style=\"color: #000000;\"><span style=\"font-family: trebuchet ms, geneva, sans-serif;\">:<\/span><\/span><br \/>\n<span style=\"color: #999999;\"><span style=\"font-family: trebuchet ms, geneva, sans-serif;\">&#8211; F\u00e1cil planchado.Lavado a m\u00e1quina de acuerdo con las instrucciones de la etiqueta.<\/span><\/span><\/td>\n<td style=\"width: 50%; vertical-align: top; border-style: hidden; height: 62px;\"><strong><span style=\"color: #000000;\"><span style=\"font-family: trebuchet ms, geneva, sans-serif;\">MEDIDAS MODELO:<br \/>\n<\/span><\/span><\/strong><span style=\"color: #999999;\"><span style=\"font-family: trebuchet ms, geneva, sans-serif;\">-Altura modelo: 180 cm \/ 5&#8242;.90\u00bb\u00a0\u00a0<\/span><\/span><br \/>\n<span style=\"color: #999999;\"><span style=\"font-family: trebuchet ms, geneva, sans-serif;\">&#8211; El modelo lleva: Talla Universal<\/span><\/span><\/td>\n<\/tr>\n<\/tbody>\n<\/table>\n<h4><strong>Descripci\u00f3n:\u00a0<\/strong><\/h4>\n<p>Leonidas Arn\u00e9s Negro para hombre es una de las nuevas prendas de nuestra l\u00ednea de Accesorios. Este arn\u00e9s de estilo fetish se caracteriza por una adaptabilidad perfecta al cuerpo, adem\u00e1s las anillas proporcionan la perfecta adaptabilidad de las tiras al cuerpo. Se puede comprar de manera online por nuestra p\u00e1gina web o en nuestras tiendas f\u00edsicas.<\/p>\n<p>Este Leonidas Arn\u00e9s para hombre destaca por su versatilidad y sensualidad, perfecto\u00a0para llevarlo en numerosos eventos como pueden ser las mejores fiestas o hasta para salir a tomar algo, ya que ofrece una gran versatilidad y un estilo fetish.<\/p>\n<p>Este Leonidas Arn\u00e9s para hombre est\u00e1 compuesto por una tela t\u00e9cnica que ofrece una perfecta ajustabilidad al cuerpo masculino, contiene en la parte frontal una etiqueta con el nombre de la firma. Adem\u00e1s contiene dos anillas frontales que permiten un perfecto ajuste entre las tiras.<\/p>\n<h4><strong>Recomendaciones de Estilo:<\/strong><\/h4>\n<ul>\n<li>Para salir de fiesta: este arn\u00e9s de pecho negro para hombres ofrece numerosas combinaciones, aunque para salir de fiesta lo mejor es combinarlo con alguno de nuestros leggins de pierna como por ejemplo: <a href=\"https:\/\/www.rubengalarreta.com\/es\/product\/man-es\/accessories-m-es\/inferno-legging-harness\/\">\u00abInferno Legging\u00bb<\/a>, o nuestro <a href=\"https:\/\/www.rubengalarreta.com\/es\/product\/man-es\/accessories-m-es\/legging-harness\/\">\u00abLegging Harness\u00bb<\/a>. Para completar el outfit puedes combinarlo con cualquiera de nuestros pantalones, aqu\u00ed te dejamos dos, el <a href=\"https:\/\/www.rubengalarreta.com\/es\/product\/man-es\/noir-es\/pantalon-jogger-noir\/\">\u00abPantal\u00f3n Jogger Noir\u00bb<\/a>, o <a href=\"https:\/\/www.rubengalarreta.com\/es\/product\/man-es\/essentials-es\/transparent-trackpants\/\">\u00abTransparent Track Pants\u00bb<\/a>.<\/li>\n<li>Para el d\u00eda a d\u00eda: este arn\u00e9s de pecho lo puedes combinar con nuestra <a href=\"https:\/\/www.rubengalarreta.com\/es\/product\/man-es\/noir-es\/sweatshirt\/\">\u00abSudadera Noir\u00bb<\/a>, o <a href=\"https:\/\/www.rubengalarreta.com\/es\/product\/man-es\/noir-es\/noir-crop-top\/\">\u00abCrop Top Noir\u00bb<\/a>. Para completar el outfit puedes ponerte uno de tus jeans negros favoritos. Este look te proporcionar\u00e1 el toque de sensualidad que tus looks necesitan para el d\u00eda a d\u00eda.<\/li>\n<\/ul>\n","protected":false},"excerpt":{"rendered":"<h1><strong>LEONIDAS ARN\u00c9S NEGRO\u00a0<\/strong><\/h1>\n<p>Este arn\u00e9s Leonidas Black Ring Harness para hombre est\u00e1 hecho de tejido el\u00e1stico negro, dise\u00f1ado por RUBEN GALARRETA en Espa\u00f1a con su esencia \u00fanica. La combinaci\u00f3n perfecta de sensualidad y estilo.<\/p>\n","protected":false},"featured_media":54419,"comment_status":"closed","ping_status":"closed","template":"","meta":{"_monsterinsights_skip_tracking":false,"_monsterinsights_sitenote_active":false,"_monsterinsights_sitenote_note":"","_monsterinsights_sitenote_category":0},"product_brand":[],"product_cat":[1950,1921],"product_tag":[2167],"class_list":{"0":"post-46811","1":"product","2":"type-product","3":"status-publish","4":"has-post-thumbnail","6":"product_cat-accessories-m-es","7":"product_cat-man-es","8":"product_tag-arneses","10":"first","11":"instock","12":"sale","13":"taxable","14":"shipping-taxable","15":"purchasable","16":"product-type-simple"},"yoast_head":"<!-- This site is optimized with the Yoast SEO plugin v27.5 - https:\/\/yoast.com\/product\/yoast-seo-wordpress\/ -->\n<title>LEONIDAS ARN\u00c9S NEGRO - Ruben Galarreta Tienda Online<\/title>\n<meta name=\"description\" content=\"Leonidas Arn\u00e9s Negro es uno de nuestros nuevos arneses de pecho negro. Ofrece a tus looks el toque de sensualidad que necesitan.\" \/>\n<meta name=\"robots\" content=\"index, follow, max-snippet:-1, max-image-preview:large, max-video-preview:-1\" \/>\n<link rel=\"canonical\" href=\"https:\/\/www.rubengalarreta.com\/es\/product\/man-es\/accessories-m-es\/leonidas-arnes-negro\/\" \/>\n<meta property=\"og:locale\" content=\"es_ES\" \/>\n<meta property=\"og:type\" content=\"article\" \/>\n<meta property=\"og:title\" content=\"LEONIDAS ARN\u00c9S NEGRO - Ruben Galarreta Tienda Online\" \/>\n<meta property=\"og:description\" content=\"Leonidas Arn\u00e9s Negro es uno de nuestros nuevos arneses de pecho negro. Ofrece a tus looks el toque de sensualidad que necesitan.\" \/>\n<meta property=\"og:url\" content=\"https:\/\/www.rubengalarreta.com\/es\/product\/man-es\/accessories-m-es\/leonidas-arnes-negro\/\" \/>\n<meta property=\"og:site_name\" content=\"Ruben Galarreta\" \/>\n<meta property=\"article:modified_time\" content=\"2021-07-07T09:22:05+00:00\" \/>\n<meta property=\"og:image\" content=\"https:\/\/www.rubengalarreta.com\/wp-content\/uploads\/2020\/04\/ruben-galarreta-underwear-fashion-men-black-harness-front2-min.jpg\" \/>\n\t<meta property=\"og:image:width\" content=\"704\" \/>\n\t<meta property=\"og:image:height\" content=\"1000\" \/>\n\t<meta property=\"og:image:type\" content=\"image\/jpeg\" \/>\n<meta name=\"twitter:card\" content=\"summary_large_image\" \/>\n<meta name=\"twitter:label1\" content=\"Tiempo de lectura\" \/>\n\t<meta name=\"twitter:data1\" content=\"2 minutos\" \/>\n<script type=\"application\/ld+json\" class=\"yoast-schema-graph\">{\"@context\":\"https:\\\/\\\/schema.org\",\"@graph\":[{\"@type\":\"WebPage\",\"@id\":\"https:\\\/\\\/www.rubengalarreta.com\\\/es\\\/product\\\/man-es\\\/accessories-m-es\\\/leonidas-arnes-negro\\\/\",\"url\":\"https:\\\/\\\/www.rubengalarreta.com\\\/es\\\/product\\\/man-es\\\/accessories-m-es\\\/leonidas-arnes-negro\\\/\",\"name\":\"LEONIDAS ARN\u00c9S NEGRO - Ruben Galarreta Tienda Online\",\"isPartOf\":{\"@id\":\"https:\\\/\\\/www.rubengalarreta.com\\\/es\\\/#website\"},\"primaryImageOfPage\":{\"@id\":\"https:\\\/\\\/www.rubengalarreta.com\\\/es\\\/product\\\/man-es\\\/accessories-m-es\\\/leonidas-arnes-negro\\\/#primaryimage\"},\"image\":{\"@id\":\"https:\\\/\\\/www.rubengalarreta.com\\\/es\\\/product\\\/man-es\\\/accessories-m-es\\\/leonidas-arnes-negro\\\/#primaryimage\"},\"thumbnailUrl\":\"https:\\\/\\\/www.rubengalarreta.com\\\/wp-content\\\/uploads\\\/2020\\\/04\\\/ruben-galarreta-underwear-fashion-men-black-harness-front2-min.jpg\",\"datePublished\":\"2020-03-02T09:51:27+00:00\",\"dateModified\":\"2021-07-07T09:22:05+00:00\",\"description\":\"Leonidas Arn\u00e9s Negro es uno de nuestros nuevos arneses de pecho negro. Ofrece a tus looks el toque de sensualidad que necesitan.\",\"breadcrumb\":{\"@id\":\"https:\\\/\\\/www.rubengalarreta.com\\\/es\\\/product\\\/man-es\\\/accessories-m-es\\\/leonidas-arnes-negro\\\/#breadcrumb\"},\"inLanguage\":\"es\",\"potentialAction\":[{\"@type\":\"ReadAction\",\"target\":[\"https:\\\/\\\/www.rubengalarreta.com\\\/es\\\/product\\\/man-es\\\/accessories-m-es\\\/leonidas-arnes-negro\\\/\"]}]},{\"@type\":\"ImageObject\",\"inLanguage\":\"es\",\"@id\":\"https:\\\/\\\/www.rubengalarreta.com\\\/es\\\/product\\\/man-es\\\/accessories-m-es\\\/leonidas-arnes-negro\\\/#primaryimage\",\"url\":\"https:\\\/\\\/www.rubengalarreta.com\\\/wp-content\\\/uploads\\\/2020\\\/04\\\/ruben-galarreta-underwear-fashion-men-black-harness-front2-min.jpg\",\"contentUrl\":\"https:\\\/\\\/www.rubengalarreta.com\\\/wp-content\\\/uploads\\\/2020\\\/04\\\/ruben-galarreta-underwear-fashion-men-black-harness-front2-min.jpg\",\"width\":704,\"height\":1000},{\"@type\":\"BreadcrumbList\",\"@id\":\"https:\\\/\\\/www.rubengalarreta.com\\\/es\\\/product\\\/man-es\\\/accessories-m-es\\\/leonidas-arnes-negro\\\/#breadcrumb\",\"itemListElement\":[{\"@type\":\"ListItem\",\"position\":1,\"name\":\"Home\",\"item\":\"https:\\\/\\\/www.rubengalarreta.com\\\/es\\\/\"},{\"@type\":\"ListItem\",\"position\":2,\"name\":\"Tienda Online\",\"item\":\"https:\\\/\\\/www.rubengalarreta.com\\\/es\\\/tienda-2\\\/\"},{\"@type\":\"ListItem\",\"position\":3,\"name\":\"LEONIDAS ARN\u00c9S NEGRO\"}]},{\"@type\":\"WebSite\",\"@id\":\"https:\\\/\\\/www.rubengalarreta.com\\\/es\\\/#website\",\"url\":\"https:\\\/\\\/www.rubengalarreta.com\\\/es\\\/\",\"name\":\"Ruben Galarreta\",\"description\":\"Hot Couture | Online Store\",\"publisher\":{\"@id\":\"https:\\\/\\\/www.rubengalarreta.com\\\/es\\\/#organization\"},\"potentialAction\":[{\"@type\":\"SearchAction\",\"target\":{\"@type\":\"EntryPoint\",\"urlTemplate\":\"https:\\\/\\\/www.rubengalarreta.com\\\/es\\\/?s={search_term_string}\"},\"query-input\":{\"@type\":\"PropertyValueSpecification\",\"valueRequired\":true,\"valueName\":\"search_term_string\"}}],\"inLanguage\":\"es\"},{\"@type\":\"Organization\",\"@id\":\"https:\\\/\\\/www.rubengalarreta.com\\\/es\\\/#organization\",\"name\":\"Ruben Galarreta\",\"url\":\"https:\\\/\\\/www.rubengalarreta.com\\\/es\\\/\",\"logo\":{\"@type\":\"ImageObject\",\"inLanguage\":\"es\",\"@id\":\"https:\\\/\\\/www.rubengalarreta.com\\\/es\\\/#\\\/schema\\\/logo\\\/image\\\/\",\"url\":\"https:\\\/\\\/www.rubengalarreta.com\\\/wp-content\\\/uploads\\\/2019\\\/10\\\/rubengalarreta-menswear.jpg\",\"contentUrl\":\"https:\\\/\\\/www.rubengalarreta.com\\\/wp-content\\\/uploads\\\/2019\\\/10\\\/rubengalarreta-menswear.jpg\",\"width\":1141,\"height\":146,\"caption\":\"Ruben Galarreta\"},\"image\":{\"@id\":\"https:\\\/\\\/www.rubengalarreta.com\\\/es\\\/#\\\/schema\\\/logo\\\/image\\\/\"}}]}<\/script>\n<!-- \/ Yoast SEO plugin. -->","yoast_head_json":{"title":"LEONIDAS ARN\u00c9S NEGRO - Ruben Galarreta Tienda Online","description":"Leonidas Arn\u00e9s Negro es uno de nuestros nuevos arneses de pecho negro. Ofrece a tus looks el toque de sensualidad que necesitan.","robots":{"index":"index","follow":"follow","max-snippet":"max-snippet:-1","max-image-preview":"max-image-preview:large","max-video-preview":"max-video-preview:-1"},"canonical":"https:\/\/www.rubengalarreta.com\/es\/product\/man-es\/accessories-m-es\/leonidas-arnes-negro\/","og_locale":"es_ES","og_type":"article","og_title":"LEONIDAS ARN\u00c9S NEGRO - Ruben Galarreta Tienda Online","og_description":"Leonidas Arn\u00e9s Negro es uno de nuestros nuevos arneses de pecho negro. Ofrece a tus looks el toque de sensualidad que necesitan.","og_url":"https:\/\/www.rubengalarreta.com\/es\/product\/man-es\/accessories-m-es\/leonidas-arnes-negro\/","og_site_name":"Ruben Galarreta","article_modified_time":"2021-07-07T09:22:05+00:00","og_image":[{"width":704,"height":1000,"url":"https:\/\/www.rubengalarreta.com\/wp-content\/uploads\/2020\/04\/ruben-galarreta-underwear-fashion-men-black-harness-front2-min.jpg","type":"image\/jpeg"}],"twitter_card":"summary_large_image","twitter_misc":{"Tiempo de lectura":"2 minutos"},"schema":{"@context":"https:\/\/schema.org","@graph":[{"@type":"WebPage","@id":"https:\/\/www.rubengalarreta.com\/es\/product\/man-es\/accessories-m-es\/leonidas-arnes-negro\/","url":"https:\/\/www.rubengalarreta.com\/es\/product\/man-es\/accessories-m-es\/leonidas-arnes-negro\/","name":"LEONIDAS ARN\u00c9S NEGRO - Ruben Galarreta Tienda Online","isPartOf":{"@id":"https:\/\/www.rubengalarreta.com\/es\/#website"},"primaryImageOfPage":{"@id":"https:\/\/www.rubengalarreta.com\/es\/product\/man-es\/accessories-m-es\/leonidas-arnes-negro\/#primaryimage"},"image":{"@id":"https:\/\/www.rubengalarreta.com\/es\/product\/man-es\/accessories-m-es\/leonidas-arnes-negro\/#primaryimage"},"thumbnailUrl":"https:\/\/www.rubengalarreta.com\/wp-content\/uploads\/2020\/04\/ruben-galarreta-underwear-fashion-men-black-harness-front2-min.jpg","datePublished":"2020-03-02T09:51:27+00:00","dateModified":"2021-07-07T09:22:05+00:00","description":"Leonidas Arn\u00e9s Negro es uno de nuestros nuevos arneses de pecho negro. Ofrece a tus looks el toque de sensualidad que necesitan.","breadcrumb":{"@id":"https:\/\/www.rubengalarreta.com\/es\/product\/man-es\/accessories-m-es\/leonidas-arnes-negro\/#breadcrumb"},"inLanguage":"es","potentialAction":[{"@type":"ReadAction","target":["https:\/\/www.rubengalarreta.com\/es\/product\/man-es\/accessories-m-es\/leonidas-arnes-negro\/"]}]},{"@type":"ImageObject","inLanguage":"es","@id":"https:\/\/www.rubengalarreta.com\/es\/product\/man-es\/accessories-m-es\/leonidas-arnes-negro\/#primaryimage","url":"https:\/\/www.rubengalarreta.com\/wp-content\/uploads\/2020\/04\/ruben-galarreta-underwear-fashion-men-black-harness-front2-min.jpg","contentUrl":"https:\/\/www.rubengalarreta.com\/wp-content\/uploads\/2020\/04\/ruben-galarreta-underwear-fashion-men-black-harness-front2-min.jpg","width":704,"height":1000},{"@type":"BreadcrumbList","@id":"https:\/\/www.rubengalarreta.com\/es\/product\/man-es\/accessories-m-es\/leonidas-arnes-negro\/#breadcrumb","itemListElement":[{"@type":"ListItem","position":1,"name":"Home","item":"https:\/\/www.rubengalarreta.com\/es\/"},{"@type":"ListItem","position":2,"name":"Tienda Online","item":"https:\/\/www.rubengalarreta.com\/es\/tienda-2\/"},{"@type":"ListItem","position":3,"name":"LEONIDAS ARN\u00c9S NEGRO"}]},{"@type":"WebSite","@id":"https:\/\/www.rubengalarreta.com\/es\/#website","url":"https:\/\/www.rubengalarreta.com\/es\/","name":"Ruben Galarreta","description":"Hot Couture | Online Store","publisher":{"@id":"https:\/\/www.rubengalarreta.com\/es\/#organization"},"potentialAction":[{"@type":"SearchAction","target":{"@type":"EntryPoint","urlTemplate":"https:\/\/www.rubengalarreta.com\/es\/?s={search_term_string}"},"query-input":{"@type":"PropertyValueSpecification","valueRequired":true,"valueName":"search_term_string"}}],"inLanguage":"es"},{"@type":"Organization","@id":"https:\/\/www.rubengalarreta.com\/es\/#organization","name":"Ruben Galarreta","url":"https:\/\/www.rubengalarreta.com\/es\/","logo":{"@type":"ImageObject","inLanguage":"es","@id":"https:\/\/www.rubengalarreta.com\/es\/#\/schema\/logo\/image\/","url":"https:\/\/www.rubengalarreta.com\/wp-content\/uploads\/2019\/10\/rubengalarreta-menswear.jpg","contentUrl":"https:\/\/www.rubengalarreta.com\/wp-content\/uploads\/2019\/10\/rubengalarreta-menswear.jpg","width":1141,"height":146,"caption":"Ruben Galarreta"},"image":{"@id":"https:\/\/www.rubengalarreta.com\/es\/#\/schema\/logo\/image\/"}}]}},"_links":{"self":[{"href":"https:\/\/www.rubengalarreta.com\/es\/wp-json\/wp\/v2\/product\/46811","targetHints":{"allow":["GET"]}}],"collection":[{"href":"https:\/\/www.rubengalarreta.com\/es\/wp-json\/wp\/v2\/product"}],"about":[{"href":"https:\/\/www.rubengalarreta.com\/es\/wp-json\/wp\/v2\/types\/product"}],"replies":[{"embeddable":true,"href":"https:\/\/www.rubengalarreta.com\/es\/wp-json\/wp\/v2\/comments?post=46811"}],"wp:featuredmedia":[{"embeddable":true,"href":"https:\/\/www.rubengalarreta.com\/es\/wp-json\/wp\/v2\/media\/54419"}],"wp:attachment":[{"href":"https:\/\/www.rubengalarreta.com\/es\/wp-json\/wp\/v2\/media?parent=46811"}],"wp:term":[{"taxonomy":"product_brand","embeddable":true,"href":"https:\/\/www.rubengalarreta.com\/es\/wp-json\/wp\/v2\/product_brand?post=46811"},{"taxonomy":"product_cat","embeddable":true,"href":"https:\/\/www.rubengalarreta.com\/es\/wp-json\/wp\/v2\/product_cat?post=46811"},{"taxonomy":"product_tag","embeddable":true,"href":"https:\/\/www.rubengalarreta.com\/es\/wp-json\/wp\/v2\/product_tag?post=46811"}],"curies":[{"name":"wp","href":"https:\/\/api.w.org\/{rel}","templated":true}]}}