{"id":40739,"date":"2020-01-29T12:30:53","date_gmt":"2020-01-29T11:30:53","guid":{"rendered":"https:\/\/www.rubengalarreta.com\/?post_type=product&#038;p=40739"},"modified":"2024-08-09T13:33:14","modified_gmt":"2024-08-09T11:33:14","slug":"donatello-one-side-harness","status":"publish","type":"product","link":"https:\/\/www.rubengalarreta.com\/es\/product\/man-es\/accessories-m-es\/donatello-one-side-harness\/","title":{"rendered":"DONATELLO ARN\u00c9S DE PIERNA"},"content":{"rendered":"<h2><strong>DONATELLO ARN\u00c9S DE PIERNA<\/strong><\/h2>\n<table style=\"width: 100%; border-collapse: collapse; border-style: none; height: 153px;\">\n<tbody>\n<tr style=\"height: 62px;\">\n<td style=\"width: 50.5128%; vertical-align: top; height: 62px; border-style: hidden;\"><strong><span style=\"color: #000000;\"><span style=\"font-family: trebuchet ms, geneva, sans-serif;\">DETALLES DE PRODUCTO:<\/span><\/span><\/strong><br \/>\n<span style=\"font-family: 'trebuchet ms', geneva, sans-serif; color: #999999;\">-Cierre negro<br \/>\n-Etiqueta lateral<br \/>\n-Elastico y con ajustador de tama\u00f1o<\/span><\/td>\n<td style=\"width: 49.4872%; vertical-align: top; height: 62px; border-style: hidden;\"><strong><span style=\"color: #000000;\"><span style=\"font-family: trebuchet ms, geneva, sans-serif;\">TALLA<\/span><\/span><\/strong><span style=\"color: #000000;\"><span style=\"font-family: trebuchet ms, geneva, sans-serif;\"><br \/>\n<\/span><\/span><span style=\"color: #999999;\"><span style=\"font-family: trebuchet ms, geneva, sans-serif;\">&#8211; Talla Universal (desde Small a Large) + cintura ajustable<\/span><\/span><\/td>\n<\/tr>\n<tr style=\"height: 91px;\">\n<td style=\"width: 50.5128%; vertical-align: top; height: 91px; border-style: hidden;\"><strong><span style=\"color: #000000;\"><span style=\"font-family: trebuchet ms, geneva, sans-serif;\">CUIDADOS<\/span><\/span><\/strong><span style=\"color: #000000;\"><span style=\"font-family: trebuchet ms, geneva, sans-serif;\">:<\/span><\/span><br \/>\n<span style=\"font-family: 'trebuchet ms', geneva, sans-serif; color: #999999;\">-F\u00e1cil planchado y lavado a m\u00e1quina seg\u00fan las instrucciones de cuidado en la etiqueta<\/span><\/td>\n<td style=\"width: 49.4872%; vertical-align: top; height: 91px; border-style: hidden;\"><strong><span style=\"color: #000000;\"><span style=\"font-family: trebuchet ms, geneva, sans-serif;\">MEDIDAS<\/span><\/span><\/strong><strong><span style=\"color: #000000;\"><span style=\"font-family: trebuchet ms, geneva, sans-serif;\">\u00a0MODELO:<br \/>\n<\/span><\/span><\/strong><span style=\"color: #999999;\"><span style=\"font-family: trebuchet ms, geneva, sans-serif;\">-Altura del modelo: 180 cm \/ 5&#8242;.90\u00bb<\/span><\/span><br \/>\n<span style=\"color: #999999;\"><span style=\"font-family: trebuchet ms, geneva, sans-serif;\">-El modelo usa: Talla Universal<\/span><\/span><\/td>\n<\/tr>\n<\/tbody>\n<\/table>\n<p><strong>DESCRIPCI\u00d3N<\/strong><\/p>\n<p>Arn\u00e9s de una sola pierna \u00abDonatello\u00bb para hombre es una prenda de la l\u00ednea Inferno. Este arn\u00e9s de una pierna de estilo <em>fetish\u00a0<\/em>destaca por su sencillez y sensualidad. Es de color negro y lleva escrito el nombre de la firma bordado. Adem\u00e1s lleva una etiqueta frontal con el logo de la firma.<\/p>\n<p>Este arn\u00e9s de pierna para hombre destaca por su sensualidad y su cierre que permite ajustarse a todo tipo de cuerpos. Las anillas de color rojo hacen referencia al color de la l\u00ednea Inferno. Es perfecto para llevarlo en tus mejores fiestas LGTB, o hasta para el d\u00eda a d\u00eda, ya que ofrece una gran versatilidad y un estilo deportivo.<\/p>\n<p>Este arn\u00e9s de pierna para hombre est\u00e1 compuesto por una tela t\u00e9cnica que destaca por su elasticidad y adaptabilidad, contiene en la parte frontal una etiqueta distintiva de la firma y un cierre negro con dos anillas rojas.<\/p>\n<p><strong>NOTA DE ESTILO<\/strong><\/p>\n<ul>\n<li>Para salir de fiesta: esta prenda es perfecta para salir de fiesta ya que ofrece numerosas combinaciones. Es ideal para tus fiestas ya que te ofrece un toque sensual. Puedes combinarlo con\u00a0nuestros calcetines de la secci\u00f3n <a href=\"https:\/\/www.rubengalarreta.com\/product-category\/man\/accessories\/\">ACCESORIOS<\/a>.\u00a0Adem\u00e1s esta colecci\u00f3n ofrece una gran versatilidad ya que la mayor\u00eda de las prendas superiores encajan con esta prenda.<\/li>\n<li>Para el d\u00eda a d\u00eda: este arn\u00e9s para hombre es ideal para combinarlo con uno de tus jeans m\u00e1s rotos y desgastados. Las aberturas de tus jeans dejar\u00e1n entrever el arn\u00e9s y eso ser\u00e1 el toque de sensualidad perfecto. Adem\u00e1s para completar el outfit te recomendamos ponerte cualquiera de nuestras prendas de la secci\u00f3n <a href=\"https:\/\/www.rubengalarreta.com\/es\/producto-categoria\/man-es\/casual-issue\/\">CASUAL<\/a>.<\/li>\n<\/ul>\n","protected":false},"excerpt":{"rendered":"<h1><strong>DONATELLO ARN\u00c9S DE PIERNA<\/strong><\/h1>\n<p>Este arn\u00e9s de pierna pertenece a la colecci\u00f3n Inferno, y esta dise\u00f1ado por Rub\u00e9n Galarreta. Esta fabricado con tela t\u00e9cnica que se ajusta y adapta perfectamente al cuerpo, adem\u00e1s contiene unas etiquetas distintivas con el nombre de la firma.<\/p>\n","protected":false},"featured_media":40718,"comment_status":"closed","ping_status":"closed","template":"","meta":{"_monsterinsights_skip_tracking":false,"_monsterinsights_sitenote_active":false,"_monsterinsights_sitenote_note":"","_monsterinsights_sitenote_category":0},"product_brand":[],"product_cat":[1950,1921],"product_tag":[2167],"class_list":{"0":"post-40739","1":"product","2":"type-product","3":"status-publish","4":"has-post-thumbnail","6":"product_cat-accessories-m-es","7":"product_cat-man-es","8":"product_tag-arneses","10":"first","11":"instock","12":"sale","13":"taxable","14":"shipping-taxable","15":"purchasable","16":"product-type-simple"},"yoast_head":"<!-- This site is optimized with the Yoast SEO plugin v27.5 - https:\/\/yoast.com\/product\/yoast-seo-wordpress\/ -->\n<title>DONATELLO ARN\u00c9S DE PIERNA - Ruben Galarreta<\/title>\n<meta name=\"description\" content=\"Arn\u00e9s de una pierna &quot;Donatello&quot; de la colecci\u00f3n Inferno dise\u00f1ado por Rub\u00e9n Galarreta. Perfecto para tus fiestas m\u00e1s &quot;fetish&quot;.\" \/>\n<meta name=\"robots\" content=\"index, follow, max-snippet:-1, max-image-preview:large, max-video-preview:-1\" \/>\n<link rel=\"canonical\" href=\"https:\/\/www.rubengalarreta.com\/es\/product\/man-es\/accessories-m-es\/donatello-one-side-harness\/\" \/>\n<meta property=\"og:locale\" content=\"es_ES\" \/>\n<meta property=\"og:type\" content=\"article\" \/>\n<meta property=\"og:title\" content=\"DONATELLO ARN\u00c9S DE PIERNA - Ruben Galarreta\" \/>\n<meta property=\"og:description\" content=\"Arn\u00e9s de una pierna &quot;Donatello&quot; de la colecci\u00f3n Inferno dise\u00f1ado por Rub\u00e9n Galarreta. Perfecto para tus fiestas m\u00e1s &quot;fetish&quot;.\" \/>\n<meta property=\"og:url\" content=\"https:\/\/www.rubengalarreta.com\/es\/product\/man-es\/accessories-m-es\/donatello-one-side-harness\/\" \/>\n<meta property=\"og:site_name\" content=\"Ruben Galarreta\" \/>\n<meta property=\"article:modified_time\" content=\"2024-08-09T11:33:14+00:00\" \/>\n<meta property=\"og:image\" content=\"https:\/\/www.rubengalarreta.com\/wp-content\/uploads\/2020\/01\/ruben-galarreta-inferno-edition-collection-harness-front.jpg\" \/>\n\t<meta property=\"og:image:width\" content=\"704\" \/>\n\t<meta property=\"og:image:height\" content=\"1000\" \/>\n\t<meta property=\"og:image:type\" content=\"image\/jpeg\" \/>\n<meta name=\"twitter:card\" content=\"summary_large_image\" \/>\n<meta name=\"twitter:label1\" content=\"Tiempo de lectura\" \/>\n\t<meta name=\"twitter:data1\" content=\"2 minutos\" \/>\n<script type=\"application\/ld+json\" class=\"yoast-schema-graph\">{\"@context\":\"https:\\\/\\\/schema.org\",\"@graph\":[{\"@type\":\"WebPage\",\"@id\":\"https:\\\/\\\/www.rubengalarreta.com\\\/es\\\/product\\\/man-es\\\/accessories-m-es\\\/donatello-one-side-harness\\\/\",\"url\":\"https:\\\/\\\/www.rubengalarreta.com\\\/es\\\/product\\\/man-es\\\/accessories-m-es\\\/donatello-one-side-harness\\\/\",\"name\":\"DONATELLO ARN\u00c9S DE PIERNA - Ruben Galarreta\",\"isPartOf\":{\"@id\":\"https:\\\/\\\/www.rubengalarreta.com\\\/es\\\/#website\"},\"primaryImageOfPage\":{\"@id\":\"https:\\\/\\\/www.rubengalarreta.com\\\/es\\\/product\\\/man-es\\\/accessories-m-es\\\/donatello-one-side-harness\\\/#primaryimage\"},\"image\":{\"@id\":\"https:\\\/\\\/www.rubengalarreta.com\\\/es\\\/product\\\/man-es\\\/accessories-m-es\\\/donatello-one-side-harness\\\/#primaryimage\"},\"thumbnailUrl\":\"https:\\\/\\\/www.rubengalarreta.com\\\/wp-content\\\/uploads\\\/2020\\\/01\\\/ruben-galarreta-inferno-edition-collection-harness-front.jpg\",\"datePublished\":\"2020-01-29T11:30:53+00:00\",\"dateModified\":\"2024-08-09T11:33:14+00:00\",\"description\":\"Arn\u00e9s de una pierna \\\"Donatello\\\" de la colecci\u00f3n Inferno dise\u00f1ado por Rub\u00e9n Galarreta. Perfecto para tus fiestas m\u00e1s \\\"fetish\\\".\",\"breadcrumb\":{\"@id\":\"https:\\\/\\\/www.rubengalarreta.com\\\/es\\\/product\\\/man-es\\\/accessories-m-es\\\/donatello-one-side-harness\\\/#breadcrumb\"},\"inLanguage\":\"es\",\"potentialAction\":[{\"@type\":\"ReadAction\",\"target\":[\"https:\\\/\\\/www.rubengalarreta.com\\\/es\\\/product\\\/man-es\\\/accessories-m-es\\\/donatello-one-side-harness\\\/\"]}]},{\"@type\":\"ImageObject\",\"inLanguage\":\"es\",\"@id\":\"https:\\\/\\\/www.rubengalarreta.com\\\/es\\\/product\\\/man-es\\\/accessories-m-es\\\/donatello-one-side-harness\\\/#primaryimage\",\"url\":\"https:\\\/\\\/www.rubengalarreta.com\\\/wp-content\\\/uploads\\\/2020\\\/01\\\/ruben-galarreta-inferno-edition-collection-harness-front.jpg\",\"contentUrl\":\"https:\\\/\\\/www.rubengalarreta.com\\\/wp-content\\\/uploads\\\/2020\\\/01\\\/ruben-galarreta-inferno-edition-collection-harness-front.jpg\",\"width\":704,\"height\":1000,\"caption\":\"Arn\u00e9s de una pierna para hombre gay de Rub\u00e9n Galarreta\"},{\"@type\":\"BreadcrumbList\",\"@id\":\"https:\\\/\\\/www.rubengalarreta.com\\\/es\\\/product\\\/man-es\\\/accessories-m-es\\\/donatello-one-side-harness\\\/#breadcrumb\",\"itemListElement\":[{\"@type\":\"ListItem\",\"position\":1,\"name\":\"Home\",\"item\":\"https:\\\/\\\/www.rubengalarreta.com\\\/es\\\/\"},{\"@type\":\"ListItem\",\"position\":2,\"name\":\"Tienda Online\",\"item\":\"https:\\\/\\\/www.rubengalarreta.com\\\/es\\\/tienda-2\\\/\"},{\"@type\":\"ListItem\",\"position\":3,\"name\":\"DONATELLO ARN\u00c9S DE PIERNA\"}]},{\"@type\":\"WebSite\",\"@id\":\"https:\\\/\\\/www.rubengalarreta.com\\\/es\\\/#website\",\"url\":\"https:\\\/\\\/www.rubengalarreta.com\\\/es\\\/\",\"name\":\"Ruben Galarreta\",\"description\":\"Hot Couture | Online Store\",\"publisher\":{\"@id\":\"https:\\\/\\\/www.rubengalarreta.com\\\/es\\\/#organization\"},\"potentialAction\":[{\"@type\":\"SearchAction\",\"target\":{\"@type\":\"EntryPoint\",\"urlTemplate\":\"https:\\\/\\\/www.rubengalarreta.com\\\/es\\\/?s={search_term_string}\"},\"query-input\":{\"@type\":\"PropertyValueSpecification\",\"valueRequired\":true,\"valueName\":\"search_term_string\"}}],\"inLanguage\":\"es\"},{\"@type\":\"Organization\",\"@id\":\"https:\\\/\\\/www.rubengalarreta.com\\\/es\\\/#organization\",\"name\":\"Ruben Galarreta\",\"url\":\"https:\\\/\\\/www.rubengalarreta.com\\\/es\\\/\",\"logo\":{\"@type\":\"ImageObject\",\"inLanguage\":\"es\",\"@id\":\"https:\\\/\\\/www.rubengalarreta.com\\\/es\\\/#\\\/schema\\\/logo\\\/image\\\/\",\"url\":\"https:\\\/\\\/www.rubengalarreta.com\\\/wp-content\\\/uploads\\\/2019\\\/10\\\/rubengalarreta-menswear.jpg\",\"contentUrl\":\"https:\\\/\\\/www.rubengalarreta.com\\\/wp-content\\\/uploads\\\/2019\\\/10\\\/rubengalarreta-menswear.jpg\",\"width\":1141,\"height\":146,\"caption\":\"Ruben Galarreta\"},\"image\":{\"@id\":\"https:\\\/\\\/www.rubengalarreta.com\\\/es\\\/#\\\/schema\\\/logo\\\/image\\\/\"}}]}<\/script>\n<!-- \/ Yoast SEO plugin. -->","yoast_head_json":{"title":"DONATELLO ARN\u00c9S DE PIERNA - Ruben Galarreta","description":"Arn\u00e9s de una pierna \"Donatello\" de la colecci\u00f3n Inferno dise\u00f1ado por Rub\u00e9n Galarreta. Perfecto para tus fiestas m\u00e1s \"fetish\".","robots":{"index":"index","follow":"follow","max-snippet":"max-snippet:-1","max-image-preview":"max-image-preview:large","max-video-preview":"max-video-preview:-1"},"canonical":"https:\/\/www.rubengalarreta.com\/es\/product\/man-es\/accessories-m-es\/donatello-one-side-harness\/","og_locale":"es_ES","og_type":"article","og_title":"DONATELLO ARN\u00c9S DE PIERNA - Ruben Galarreta","og_description":"Arn\u00e9s de una pierna \"Donatello\" de la colecci\u00f3n Inferno dise\u00f1ado por Rub\u00e9n Galarreta. Perfecto para tus fiestas m\u00e1s \"fetish\".","og_url":"https:\/\/www.rubengalarreta.com\/es\/product\/man-es\/accessories-m-es\/donatello-one-side-harness\/","og_site_name":"Ruben Galarreta","article_modified_time":"2024-08-09T11:33:14+00:00","og_image":[{"width":704,"height":1000,"url":"https:\/\/www.rubengalarreta.com\/wp-content\/uploads\/2020\/01\/ruben-galarreta-inferno-edition-collection-harness-front.jpg","type":"image\/jpeg"}],"twitter_card":"summary_large_image","twitter_misc":{"Tiempo de lectura":"2 minutos"},"schema":{"@context":"https:\/\/schema.org","@graph":[{"@type":"WebPage","@id":"https:\/\/www.rubengalarreta.com\/es\/product\/man-es\/accessories-m-es\/donatello-one-side-harness\/","url":"https:\/\/www.rubengalarreta.com\/es\/product\/man-es\/accessories-m-es\/donatello-one-side-harness\/","name":"DONATELLO ARN\u00c9S DE PIERNA - Ruben Galarreta","isPartOf":{"@id":"https:\/\/www.rubengalarreta.com\/es\/#website"},"primaryImageOfPage":{"@id":"https:\/\/www.rubengalarreta.com\/es\/product\/man-es\/accessories-m-es\/donatello-one-side-harness\/#primaryimage"},"image":{"@id":"https:\/\/www.rubengalarreta.com\/es\/product\/man-es\/accessories-m-es\/donatello-one-side-harness\/#primaryimage"},"thumbnailUrl":"https:\/\/www.rubengalarreta.com\/wp-content\/uploads\/2020\/01\/ruben-galarreta-inferno-edition-collection-harness-front.jpg","datePublished":"2020-01-29T11:30:53+00:00","dateModified":"2024-08-09T11:33:14+00:00","description":"Arn\u00e9s de una pierna \"Donatello\" de la colecci\u00f3n Inferno dise\u00f1ado por Rub\u00e9n Galarreta. Perfecto para tus fiestas m\u00e1s \"fetish\".","breadcrumb":{"@id":"https:\/\/www.rubengalarreta.com\/es\/product\/man-es\/accessories-m-es\/donatello-one-side-harness\/#breadcrumb"},"inLanguage":"es","potentialAction":[{"@type":"ReadAction","target":["https:\/\/www.rubengalarreta.com\/es\/product\/man-es\/accessories-m-es\/donatello-one-side-harness\/"]}]},{"@type":"ImageObject","inLanguage":"es","@id":"https:\/\/www.rubengalarreta.com\/es\/product\/man-es\/accessories-m-es\/donatello-one-side-harness\/#primaryimage","url":"https:\/\/www.rubengalarreta.com\/wp-content\/uploads\/2020\/01\/ruben-galarreta-inferno-edition-collection-harness-front.jpg","contentUrl":"https:\/\/www.rubengalarreta.com\/wp-content\/uploads\/2020\/01\/ruben-galarreta-inferno-edition-collection-harness-front.jpg","width":704,"height":1000,"caption":"Arn\u00e9s de una pierna para hombre gay de Rub\u00e9n Galarreta"},{"@type":"BreadcrumbList","@id":"https:\/\/www.rubengalarreta.com\/es\/product\/man-es\/accessories-m-es\/donatello-one-side-harness\/#breadcrumb","itemListElement":[{"@type":"ListItem","position":1,"name":"Home","item":"https:\/\/www.rubengalarreta.com\/es\/"},{"@type":"ListItem","position":2,"name":"Tienda Online","item":"https:\/\/www.rubengalarreta.com\/es\/tienda-2\/"},{"@type":"ListItem","position":3,"name":"DONATELLO ARN\u00c9S DE PIERNA"}]},{"@type":"WebSite","@id":"https:\/\/www.rubengalarreta.com\/es\/#website","url":"https:\/\/www.rubengalarreta.com\/es\/","name":"Ruben Galarreta","description":"Hot Couture | Online Store","publisher":{"@id":"https:\/\/www.rubengalarreta.com\/es\/#organization"},"potentialAction":[{"@type":"SearchAction","target":{"@type":"EntryPoint","urlTemplate":"https:\/\/www.rubengalarreta.com\/es\/?s={search_term_string}"},"query-input":{"@type":"PropertyValueSpecification","valueRequired":true,"valueName":"search_term_string"}}],"inLanguage":"es"},{"@type":"Organization","@id":"https:\/\/www.rubengalarreta.com\/es\/#organization","name":"Ruben Galarreta","url":"https:\/\/www.rubengalarreta.com\/es\/","logo":{"@type":"ImageObject","inLanguage":"es","@id":"https:\/\/www.rubengalarreta.com\/es\/#\/schema\/logo\/image\/","url":"https:\/\/www.rubengalarreta.com\/wp-content\/uploads\/2019\/10\/rubengalarreta-menswear.jpg","contentUrl":"https:\/\/www.rubengalarreta.com\/wp-content\/uploads\/2019\/10\/rubengalarreta-menswear.jpg","width":1141,"height":146,"caption":"Ruben Galarreta"},"image":{"@id":"https:\/\/www.rubengalarreta.com\/es\/#\/schema\/logo\/image\/"}}]}},"_links":{"self":[{"href":"https:\/\/www.rubengalarreta.com\/es\/wp-json\/wp\/v2\/product\/40739","targetHints":{"allow":["GET"]}}],"collection":[{"href":"https:\/\/www.rubengalarreta.com\/es\/wp-json\/wp\/v2\/product"}],"about":[{"href":"https:\/\/www.rubengalarreta.com\/es\/wp-json\/wp\/v2\/types\/product"}],"replies":[{"embeddable":true,"href":"https:\/\/www.rubengalarreta.com\/es\/wp-json\/wp\/v2\/comments?post=40739"}],"wp:featuredmedia":[{"embeddable":true,"href":"https:\/\/www.rubengalarreta.com\/es\/wp-json\/wp\/v2\/media\/40718"}],"wp:attachment":[{"href":"https:\/\/www.rubengalarreta.com\/es\/wp-json\/wp\/v2\/media?parent=40739"}],"wp:term":[{"taxonomy":"product_brand","embeddable":true,"href":"https:\/\/www.rubengalarreta.com\/es\/wp-json\/wp\/v2\/product_brand?post=40739"},{"taxonomy":"product_cat","embeddable":true,"href":"https:\/\/www.rubengalarreta.com\/es\/wp-json\/wp\/v2\/product_cat?post=40739"},{"taxonomy":"product_tag","embeddable":true,"href":"https:\/\/www.rubengalarreta.com\/es\/wp-json\/wp\/v2\/product_tag?post=40739"}],"curies":[{"name":"wp","href":"https:\/\/api.w.org\/{rel}","templated":true}]}}