{"id":40705,"date":"2020-01-29T12:20:10","date_gmt":"2020-01-29T11:20:11","guid":{"rendered":"https:\/\/www.rubengalarreta.com\/?post_type=product&#038;p=40705"},"modified":"2021-11-09T18:09:55","modified_gmt":"2021-11-09T17:09:55","slug":"michele-top-negro-y-blanco","status":"publish","type":"product","link":"https:\/\/www.rubengalarreta.com\/es\/product\/man-es\/accessories-m-es\/michele-top-negro-y-blanco\/","title":{"rendered":"MICHELE TOP NEGRO Y BLANCO"},"content":{"rendered":"<h2><strong>MICHELE TOP NEGRO Y BLANCO<\/strong><\/h2>\n<table style=\"height: 270px; width: 738px; border-collapse: collapse; border-style: hidden;\">\n<tbody>\n<tr valign=\"TOP\">\n<td style=\"width: 49.8998%; border-style: hidden;\" width=\"293\" height=\"19\"><span style=\"color: #000000;\"><span style=\"font-family: trebuchet ms, serif;\"><b>DETALLES DE PRODUCTO:<br \/>\n<\/b><\/span><\/span><span style=\"color: #999999;\"><span style=\"font-family: trebuchet ms, serif;\">-Espalda ajustable con <\/span><\/span><span style=\"color: #999999;\"><span style=\"font-family: trebuchet ms, serif;\">tela punto Milano el\u00e1stica<\/span><\/span><br \/>\n<span style=\"color: #999999;\"><span style=\"font-family: trebuchet ms, serif;\">-Frente: rejilla de neopreno negra <\/span><\/span><span style=\"color: #999999;\"><span style=\"font-family: trebuchet ms, serif;\">\u00a0<\/span><\/span><br \/>\n<span style=\"color: #999999;\"><span style=\"font-family: trebuchet ms, serif;\">-Detalle ribete blanco y cierre negro.<\/span><\/span><\/td>\n<td style=\"width: 50.1002%; border-style: hidden;\" width=\"293\"><span style=\"color: #000000;\"><span style=\"font-family: trebuchet ms, serif;\"><b>MEDIDAS MODELO:<br \/>\n<\/b><\/span><\/span><span style=\"color: #999999;\"><span style=\"font-family: trebuchet ms, serif;\">&#8211;<span style=\"font-family: trebuchet ms, geneva, sans-serif;\">Altura del modelo: 185 cm \/ 6&#8242;.08\u00bb<\/span><br \/>\n<span style=\"font-family: trebuchet ms, geneva, sans-serif;\">-El modelo usa: Talla Medium<\/span><\/span><\/span><\/td>\n<\/tr>\n<tr valign=\"TOP\">\n<td style=\"width: 49.8998%; border-style: hidden;\" width=\"293\" height=\"19\"><span style=\"color: #000000;\"><span style=\"font-family: trebuchet ms, serif;\"><b>CUIDADOS:<br \/>\n<\/b><\/span><\/span><span style=\"color: #999999;\"><span style=\"font-family: trebuchet ms, serif;\">-Lavado a m\u00e1quina y planchado seg\u00fan las instrucciones en etiqueta de cuidado<\/span><\/span><\/td>\n<td style=\"width: 50.1002%; border-style: hidden;\" width=\"293\"><span style=\"color: #000000;\"><span style=\"font-family: trebuchet ms, serif;\"><b>TALLA:<br \/>\n<\/b><\/span><\/span><span style=\"color: #999999;\"><span style=\"font-family: trebuchet ms, serif;\">-Skinny fit<\/span><\/span><\/td>\n<\/tr>\n<\/tbody>\n<\/table>\n<h4><strong>DESCRIPCI\u00d3N<\/strong><\/h4>\n<p>Michele Top Negro y Blanco\u00a0para hombre dise\u00f1ado por Rub\u00e9n Galarreta destaca por su versatilidad y sensualidad, perfecto para llevarlo en numerosas ocasiones como pueden ser las mejores fiestas LGTB o hasta para salir a tomar algo o para el d\u00eda a d\u00eda. Este top ofrece una adaptabilidad y una versatilidad caracter\u00edstica de la tela t\u00e9cnica que ofrece una mayor adaptaci\u00f3n al cuerpo.<\/p>\n<p>Este Top Negro y Blanco para hombre esta compuesto por una tela de micro rejilla, contiene en la parte trasera una etiqueta con el logotipo de la firma y en la parte frontal un cierre <em>cleck\u00a0<\/em>de color negro. En la parte trasera contiene una etiqueta distintiva con el logotipo y el nombre de la firma bordado en la tela de micro rejilla.<\/p>\n<h4><strong>NOTA DE ESTILO<\/strong><\/h4>\n<ul>\n<li>Para salir de fiesta: para salir de fiesta este top puede convertirse en tu mejor aliado. Puedes combinarlo con un skinny jean y un camiseta transparente para darle un toque m\u00e1s divertido. Si los pantalones tienen rotos mejor, porque combinados con los nuevos <a href=\"https:\/\/www.rubengalarreta.com\/es\/product\/man-es\/accessories-m-es\/inferno-legging-harness\/\">LEGGING INFERNO<\/a>, se convertir\u00e1n en tu outfit perfecto para ir a las mejores fiestas de ambiente.<\/li>\n<li>Para tu d\u00eda a d\u00eda: Raffaelo top blanco y rojo te permitir\u00e1 poder darle ese toque diferente y atrevido a tu estilo diario. Siempre puedes combinarlo con camisetas b\u00e1sicas en colores neutros que resalten el top. Si quieres atreverte m\u00e1s, no olvides combinarlo con una camisa entre abierta.<\/li>\n<\/ul>\n","protected":false},"excerpt":{"rendered":"<h1><strong>MICHELE TOP NEGRO Y BLANCO<\/strong><\/h1>\n<p>Top Negro y Blanco de la colecci\u00f3n Inferno dise\u00f1ado por Rub\u00e9n Galarreta. Este top ofrece m\u00faltiples combinaciones tanto para salir de fiesta como para el d\u00eda a d\u00eda.<\/p>\n","protected":false},"featured_media":40730,"comment_status":"closed","ping_status":"closed","template":"","meta":{"_monsterinsights_skip_tracking":false,"_monsterinsights_sitenote_active":false,"_monsterinsights_sitenote_note":"","_monsterinsights_sitenote_category":0},"product_brand":[],"product_cat":[1950,1921],"product_tag":[2167],"class_list":{"0":"post-40705","1":"product","2":"type-product","3":"status-publish","4":"has-post-thumbnail","6":"product_cat-accessories-m-es","7":"product_cat-man-es","8":"product_tag-arneses","10":"first","11":"instock","12":"sale","13":"featured","14":"taxable","15":"shipping-taxable","16":"purchasable","17":"product-type-variable","18":"has-default-attributes"},"yoast_head":"<!-- This site is optimized with the Yoast SEO plugin v27.5 - https:\/\/yoast.com\/product\/yoast-seo-wordpress\/ -->\n<title>MICHELE TOP NEGRO Y BLANCO - Ruben Galarreta<\/title>\n<meta name=\"description\" content=\"Michele Top Negro y Blanco de la colecci\u00f3n Inferno dise\u00f1ado por Rub\u00e9n Galarreta. Este top es perfecto para combinarlos con tus mejores looks.\" \/>\n<meta name=\"robots\" content=\"index, follow, max-snippet:-1, max-image-preview:large, max-video-preview:-1\" \/>\n<link rel=\"canonical\" href=\"https:\/\/www.rubengalarreta.com\/es\/product\/man-es\/accessories-m-es\/michele-top-negro-y-blanco\/\" \/>\n<meta property=\"og:locale\" content=\"es_ES\" \/>\n<meta property=\"og:type\" content=\"article\" \/>\n<meta property=\"og:title\" content=\"MICHELE TOP NEGRO Y BLANCO - Ruben Galarreta\" \/>\n<meta property=\"og:description\" content=\"Michele Top Negro y Blanco de la colecci\u00f3n Inferno dise\u00f1ado por Rub\u00e9n Galarreta. Este top es perfecto para combinarlos con tus mejores looks.\" \/>\n<meta property=\"og:url\" content=\"https:\/\/www.rubengalarreta.com\/es\/product\/man-es\/accessories-m-es\/michele-top-negro-y-blanco\/\" \/>\n<meta property=\"og:site_name\" content=\"Ruben Galarreta\" \/>\n<meta property=\"article:modified_time\" content=\"2021-11-09T17:09:55+00:00\" \/>\n<meta property=\"og:image\" content=\"https:\/\/www.rubengalarreta.com\/wp-content\/uploads\/2020\/01\/white-new-edition-re-inferno-chest-harness-cabala-black-model-front.jpg\" \/>\n\t<meta property=\"og:image:width\" content=\"704\" \/>\n\t<meta property=\"og:image:height\" content=\"1000\" \/>\n\t<meta property=\"og:image:type\" content=\"image\/jpeg\" \/>\n<meta name=\"twitter:card\" content=\"summary_large_image\" \/>\n<meta name=\"twitter:label1\" content=\"Tiempo de lectura\" \/>\n\t<meta name=\"twitter:data1\" content=\"2 minutos\" \/>\n<script type=\"application\/ld+json\" class=\"yoast-schema-graph\">{\"@context\":\"https:\\\/\\\/schema.org\",\"@graph\":[{\"@type\":\"WebPage\",\"@id\":\"https:\\\/\\\/www.rubengalarreta.com\\\/es\\\/product\\\/man-es\\\/accessories-m-es\\\/michele-top-negro-y-blanco\\\/\",\"url\":\"https:\\\/\\\/www.rubengalarreta.com\\\/es\\\/product\\\/man-es\\\/accessories-m-es\\\/michele-top-negro-y-blanco\\\/\",\"name\":\"MICHELE TOP NEGRO Y BLANCO - Ruben Galarreta\",\"isPartOf\":{\"@id\":\"https:\\\/\\\/www.rubengalarreta.com\\\/es\\\/#website\"},\"primaryImageOfPage\":{\"@id\":\"https:\\\/\\\/www.rubengalarreta.com\\\/es\\\/product\\\/man-es\\\/accessories-m-es\\\/michele-top-negro-y-blanco\\\/#primaryimage\"},\"image\":{\"@id\":\"https:\\\/\\\/www.rubengalarreta.com\\\/es\\\/product\\\/man-es\\\/accessories-m-es\\\/michele-top-negro-y-blanco\\\/#primaryimage\"},\"thumbnailUrl\":\"https:\\\/\\\/www.rubengalarreta.com\\\/wp-content\\\/uploads\\\/2020\\\/01\\\/white-new-edition-re-inferno-chest-harness-cabala-black-model-front.jpg\",\"datePublished\":\"2020-01-29T11:20:11+00:00\",\"dateModified\":\"2021-11-09T17:09:55+00:00\",\"description\":\"Michele Top Negro y Blanco de la colecci\u00f3n Inferno dise\u00f1ado por Rub\u00e9n Galarreta. Este top es perfecto para combinarlos con tus mejores looks.\",\"breadcrumb\":{\"@id\":\"https:\\\/\\\/www.rubengalarreta.com\\\/es\\\/product\\\/man-es\\\/accessories-m-es\\\/michele-top-negro-y-blanco\\\/#breadcrumb\"},\"inLanguage\":\"es\",\"potentialAction\":[{\"@type\":\"ReadAction\",\"target\":[\"https:\\\/\\\/www.rubengalarreta.com\\\/es\\\/product\\\/man-es\\\/accessories-m-es\\\/michele-top-negro-y-blanco\\\/\"]}]},{\"@type\":\"ImageObject\",\"inLanguage\":\"es\",\"@id\":\"https:\\\/\\\/www.rubengalarreta.com\\\/es\\\/product\\\/man-es\\\/accessories-m-es\\\/michele-top-negro-y-blanco\\\/#primaryimage\",\"url\":\"https:\\\/\\\/www.rubengalarreta.com\\\/wp-content\\\/uploads\\\/2020\\\/01\\\/white-new-edition-re-inferno-chest-harness-cabala-black-model-front.jpg\",\"contentUrl\":\"https:\\\/\\\/www.rubengalarreta.com\\\/wp-content\\\/uploads\\\/2020\\\/01\\\/white-new-edition-re-inferno-chest-harness-cabala-black-model-front.jpg\",\"width\":704,\"height\":1000,\"caption\":\"Arn\u00e9s Blanco y Negro para hombres gay dise\u00f1ado por Rub\u00e9n Galarreta.\"},{\"@type\":\"BreadcrumbList\",\"@id\":\"https:\\\/\\\/www.rubengalarreta.com\\\/es\\\/product\\\/man-es\\\/accessories-m-es\\\/michele-top-negro-y-blanco\\\/#breadcrumb\",\"itemListElement\":[{\"@type\":\"ListItem\",\"position\":1,\"name\":\"Home\",\"item\":\"https:\\\/\\\/www.rubengalarreta.com\\\/es\\\/\"},{\"@type\":\"ListItem\",\"position\":2,\"name\":\"Tienda Online\",\"item\":\"https:\\\/\\\/www.rubengalarreta.com\\\/es\\\/tienda-2\\\/\"},{\"@type\":\"ListItem\",\"position\":3,\"name\":\"MICHELE TOP NEGRO Y BLANCO\"}]},{\"@type\":\"WebSite\",\"@id\":\"https:\\\/\\\/www.rubengalarreta.com\\\/es\\\/#website\",\"url\":\"https:\\\/\\\/www.rubengalarreta.com\\\/es\\\/\",\"name\":\"Ruben Galarreta\",\"description\":\"Hot Couture | Online Store\",\"publisher\":{\"@id\":\"https:\\\/\\\/www.rubengalarreta.com\\\/es\\\/#organization\"},\"potentialAction\":[{\"@type\":\"SearchAction\",\"target\":{\"@type\":\"EntryPoint\",\"urlTemplate\":\"https:\\\/\\\/www.rubengalarreta.com\\\/es\\\/?s={search_term_string}\"},\"query-input\":{\"@type\":\"PropertyValueSpecification\",\"valueRequired\":true,\"valueName\":\"search_term_string\"}}],\"inLanguage\":\"es\"},{\"@type\":\"Organization\",\"@id\":\"https:\\\/\\\/www.rubengalarreta.com\\\/es\\\/#organization\",\"name\":\"Ruben Galarreta\",\"url\":\"https:\\\/\\\/www.rubengalarreta.com\\\/es\\\/\",\"logo\":{\"@type\":\"ImageObject\",\"inLanguage\":\"es\",\"@id\":\"https:\\\/\\\/www.rubengalarreta.com\\\/es\\\/#\\\/schema\\\/logo\\\/image\\\/\",\"url\":\"https:\\\/\\\/www.rubengalarreta.com\\\/wp-content\\\/uploads\\\/2019\\\/10\\\/rubengalarreta-menswear.jpg\",\"contentUrl\":\"https:\\\/\\\/www.rubengalarreta.com\\\/wp-content\\\/uploads\\\/2019\\\/10\\\/rubengalarreta-menswear.jpg\",\"width\":1141,\"height\":146,\"caption\":\"Ruben Galarreta\"},\"image\":{\"@id\":\"https:\\\/\\\/www.rubengalarreta.com\\\/es\\\/#\\\/schema\\\/logo\\\/image\\\/\"}}]}<\/script>\n<!-- \/ Yoast SEO plugin. -->","yoast_head_json":{"title":"MICHELE TOP NEGRO Y BLANCO - Ruben Galarreta","description":"Michele Top Negro y Blanco de la colecci\u00f3n Inferno dise\u00f1ado por Rub\u00e9n Galarreta. Este top es perfecto para combinarlos con tus mejores looks.","robots":{"index":"index","follow":"follow","max-snippet":"max-snippet:-1","max-image-preview":"max-image-preview:large","max-video-preview":"max-video-preview:-1"},"canonical":"https:\/\/www.rubengalarreta.com\/es\/product\/man-es\/accessories-m-es\/michele-top-negro-y-blanco\/","og_locale":"es_ES","og_type":"article","og_title":"MICHELE TOP NEGRO Y BLANCO - Ruben Galarreta","og_description":"Michele Top Negro y Blanco de la colecci\u00f3n Inferno dise\u00f1ado por Rub\u00e9n Galarreta. Este top es perfecto para combinarlos con tus mejores looks.","og_url":"https:\/\/www.rubengalarreta.com\/es\/product\/man-es\/accessories-m-es\/michele-top-negro-y-blanco\/","og_site_name":"Ruben Galarreta","article_modified_time":"2021-11-09T17:09:55+00:00","og_image":[{"width":704,"height":1000,"url":"https:\/\/www.rubengalarreta.com\/wp-content\/uploads\/2020\/01\/white-new-edition-re-inferno-chest-harness-cabala-black-model-front.jpg","type":"image\/jpeg"}],"twitter_card":"summary_large_image","twitter_misc":{"Tiempo de lectura":"2 minutos"},"schema":{"@context":"https:\/\/schema.org","@graph":[{"@type":"WebPage","@id":"https:\/\/www.rubengalarreta.com\/es\/product\/man-es\/accessories-m-es\/michele-top-negro-y-blanco\/","url":"https:\/\/www.rubengalarreta.com\/es\/product\/man-es\/accessories-m-es\/michele-top-negro-y-blanco\/","name":"MICHELE TOP NEGRO Y BLANCO - Ruben Galarreta","isPartOf":{"@id":"https:\/\/www.rubengalarreta.com\/es\/#website"},"primaryImageOfPage":{"@id":"https:\/\/www.rubengalarreta.com\/es\/product\/man-es\/accessories-m-es\/michele-top-negro-y-blanco\/#primaryimage"},"image":{"@id":"https:\/\/www.rubengalarreta.com\/es\/product\/man-es\/accessories-m-es\/michele-top-negro-y-blanco\/#primaryimage"},"thumbnailUrl":"https:\/\/www.rubengalarreta.com\/wp-content\/uploads\/2020\/01\/white-new-edition-re-inferno-chest-harness-cabala-black-model-front.jpg","datePublished":"2020-01-29T11:20:11+00:00","dateModified":"2021-11-09T17:09:55+00:00","description":"Michele Top Negro y Blanco de la colecci\u00f3n Inferno dise\u00f1ado por Rub\u00e9n Galarreta. Este top es perfecto para combinarlos con tus mejores looks.","breadcrumb":{"@id":"https:\/\/www.rubengalarreta.com\/es\/product\/man-es\/accessories-m-es\/michele-top-negro-y-blanco\/#breadcrumb"},"inLanguage":"es","potentialAction":[{"@type":"ReadAction","target":["https:\/\/www.rubengalarreta.com\/es\/product\/man-es\/accessories-m-es\/michele-top-negro-y-blanco\/"]}]},{"@type":"ImageObject","inLanguage":"es","@id":"https:\/\/www.rubengalarreta.com\/es\/product\/man-es\/accessories-m-es\/michele-top-negro-y-blanco\/#primaryimage","url":"https:\/\/www.rubengalarreta.com\/wp-content\/uploads\/2020\/01\/white-new-edition-re-inferno-chest-harness-cabala-black-model-front.jpg","contentUrl":"https:\/\/www.rubengalarreta.com\/wp-content\/uploads\/2020\/01\/white-new-edition-re-inferno-chest-harness-cabala-black-model-front.jpg","width":704,"height":1000,"caption":"Arn\u00e9s Blanco y Negro para hombres gay dise\u00f1ado por Rub\u00e9n Galarreta."},{"@type":"BreadcrumbList","@id":"https:\/\/www.rubengalarreta.com\/es\/product\/man-es\/accessories-m-es\/michele-top-negro-y-blanco\/#breadcrumb","itemListElement":[{"@type":"ListItem","position":1,"name":"Home","item":"https:\/\/www.rubengalarreta.com\/es\/"},{"@type":"ListItem","position":2,"name":"Tienda Online","item":"https:\/\/www.rubengalarreta.com\/es\/tienda-2\/"},{"@type":"ListItem","position":3,"name":"MICHELE TOP NEGRO Y BLANCO"}]},{"@type":"WebSite","@id":"https:\/\/www.rubengalarreta.com\/es\/#website","url":"https:\/\/www.rubengalarreta.com\/es\/","name":"Ruben Galarreta","description":"Hot Couture | Online Store","publisher":{"@id":"https:\/\/www.rubengalarreta.com\/es\/#organization"},"potentialAction":[{"@type":"SearchAction","target":{"@type":"EntryPoint","urlTemplate":"https:\/\/www.rubengalarreta.com\/es\/?s={search_term_string}"},"query-input":{"@type":"PropertyValueSpecification","valueRequired":true,"valueName":"search_term_string"}}],"inLanguage":"es"},{"@type":"Organization","@id":"https:\/\/www.rubengalarreta.com\/es\/#organization","name":"Ruben Galarreta","url":"https:\/\/www.rubengalarreta.com\/es\/","logo":{"@type":"ImageObject","inLanguage":"es","@id":"https:\/\/www.rubengalarreta.com\/es\/#\/schema\/logo\/image\/","url":"https:\/\/www.rubengalarreta.com\/wp-content\/uploads\/2019\/10\/rubengalarreta-menswear.jpg","contentUrl":"https:\/\/www.rubengalarreta.com\/wp-content\/uploads\/2019\/10\/rubengalarreta-menswear.jpg","width":1141,"height":146,"caption":"Ruben Galarreta"},"image":{"@id":"https:\/\/www.rubengalarreta.com\/es\/#\/schema\/logo\/image\/"}}]}},"_links":{"self":[{"href":"https:\/\/www.rubengalarreta.com\/es\/wp-json\/wp\/v2\/product\/40705","targetHints":{"allow":["GET"]}}],"collection":[{"href":"https:\/\/www.rubengalarreta.com\/es\/wp-json\/wp\/v2\/product"}],"about":[{"href":"https:\/\/www.rubengalarreta.com\/es\/wp-json\/wp\/v2\/types\/product"}],"replies":[{"embeddable":true,"href":"https:\/\/www.rubengalarreta.com\/es\/wp-json\/wp\/v2\/comments?post=40705"}],"wp:featuredmedia":[{"embeddable":true,"href":"https:\/\/www.rubengalarreta.com\/es\/wp-json\/wp\/v2\/media\/40730"}],"wp:attachment":[{"href":"https:\/\/www.rubengalarreta.com\/es\/wp-json\/wp\/v2\/media?parent=40705"}],"wp:term":[{"taxonomy":"product_brand","embeddable":true,"href":"https:\/\/www.rubengalarreta.com\/es\/wp-json\/wp\/v2\/product_brand?post=40705"},{"taxonomy":"product_cat","embeddable":true,"href":"https:\/\/www.rubengalarreta.com\/es\/wp-json\/wp\/v2\/product_cat?post=40705"},{"taxonomy":"product_tag","embeddable":true,"href":"https:\/\/www.rubengalarreta.com\/es\/wp-json\/wp\/v2\/product_tag?post=40705"}],"curies":[{"name":"wp","href":"https:\/\/api.w.org\/{rel}","templated":true}]}}